{"id":26356,"date":"2026-04-24T11:45:21","date_gmt":"2026-04-24T08:45:21","guid":{"rendered":"https:\/\/skaitytaknyga.lt\/?post_type=product&#038;p=26356"},"modified":"2026-04-24T12:39:21","modified_gmt":"2026-04-24T09:39:21","slug":"genomu-amzius-pasakojimai-apie-genetines-medicinos-naujienas","status":"publish","type":"product","link":"https:\/\/skaitytaknyga.lt\/en\/produktas\/genomu-amzius-pasakojimai-apie-genetines-medicinos-naujienas\/","title":{"rendered":"Genom\u0173 am\u017eius: pasakojimai apie genetin\u0117s medicinos naujienas"},"content":{"rendered":"<p>\u017dmogaus genomas sudarytas i\u0161 daugiau kaip trij\u0173 milijard\u0173 nukleotid\u0173. Tik 50 milijon\u0173 i\u0161 j\u0173 formuoja konkre\u010dius genus, koduojan\u010dius m\u016bs\u0173 baltymus. \u0160i genomo dalis vadinama egzomu. B\u016btent jo defektai yra vis\u0173 paveldim\u0173 lig\u0173 pagrindas.<\/p>\n<p>Knygoje aptariamos \u0161eimos problemos, kai joje gimsta paveldima liga sergantis vaikas. Skaitytojus \u0161i knyga tur\u0117t\u0173 sudominti tuo, kad joje suprantamai paai\u0161kinti naujausi\u0173 technologij\u0173, \u012fskaitant in vitro apvaisinim\u0105, prenatalin\u0119 ir preimplantacin\u0119 diagnostikas, taikymo privalumai ir tr\u016bkumai. Kit\u0173 \u0161ali\u0173 patirtis sprend\u017eiant genetini\u0173 lig\u0173 diagnostikos ir gydymo i\u0161laid\u0173, taip pat specialist\u0173 klaid\u0173 kompensavimo problemas svarbi ir Lietuvos gyventojams, ir sveikatos prie\u017ei\u016bros politikos formuotojams. Ypa\u010d daug d\u0117mesio skiriama bioetiniams klausimams, susijusiems su naujausiomis technologijomis ir j\u0173 taikymu lig\u0173 diagnostikai ir gydymui.<\/p>\n<p>Knyga skirta visiems, norintiems pasinerti \u012f \u017emogaus genomo analiz\u0117s peripetijas, suprasti jo tyrimo privalumus bei tr\u016bkumus.<\/p>\n","protected":false},"excerpt":{"rendered":"<p>\u017dmogaus genomas sudarytas i\u0161 daugiau kaip trij\u0173 milijard\u0173 nukleotid\u0173. Tik 50 milijon\u0173 i\u0161 j\u0173 formuoja konkre\u010dius genus, koduojan\u010dius m\u016bs\u0173 baltymus. \u0160i genomo dalis vadinama egzomu. B\u016btent jo defektai yra vis\u0173 paveldim\u0173 lig\u0173 pagrindas. Knygoje aptariamos \u0161eimos problemos, kai joje gimsta paveldima liga sergantis vaikas. Skaitytojus \u0161i knyga tur\u0117t\u0173 sudominti tuo, kad joje suprantamai paai\u0161kinti naujausi\u0173 technologij\u0173, \u012fskaitant in vitro apvaisinim\u0105, prenatalin\u0119 ir preimplantacin\u0119 diagnostikas, taikymo privalumai ir tr\u016bkumai. Kit\u0173 \u0161ali\u0173 patirtis sprend\u017eiant genetini\u0173 lig\u0173 diagnostikos ir gydymo i\u0161laid\u0173, taip pat specialist\u0173 klaid\u0173 kompensavimo problemas svarbi ir Lietuvos gyventojams, ir sveikatos prie\u017ei\u016bros politikos formuotojams. Ypa\u010d daug d\u0117mesio skiriama bioetiniams klausimams, susijusiems su naujausiomis technologijomis ir j\u0173 taikymu lig\u0173 diagnostikai ir gydymui. Knyga skirta visiems, norintiems pasinerti \u012f \u017emogaus genomo analiz\u0117s peripetijas, suprasti jo tyrimo privalumus bei tr\u016bkumus.<\/p>\n","protected":false},"featured_media":26361,"comment_status":"open","ping_status":"closed","template":"","meta":{"_acf_changed":false,"site-sidebar-layout":"default","site-content-layout":"","ast-site-content-layout":"default","site-content-style":"default","site-sidebar-style":"default","ast-global-header-display":"","ast-banner-title-visibility":"","ast-main-header-display":"","ast-hfb-above-header-display":"","ast-hfb-below-header-display":"","ast-hfb-mobile-header-display":"","site-post-title":"","ast-breadcrumbs-content":"","ast-featured-img":"","footer-sml-layout":"","ast-disable-related-posts":"","theme-transparent-header-meta":"","adv-header-id-meta":"","stick-header-meta":"","header-above-stick-meta":"","header-main-stick-meta":"","header-below-stick-meta":"","astra-migrate-meta-layouts":"default","ast-page-background-enabled":"default","ast-page-background-meta":{"desktop":{"background-color":"","background-image":"","background-repeat":"repeat","background-position":"center center","background-size":"auto","background-attachment":"scroll","background-type":"","background-media":"","overlay-type":"","overlay-color":"","overlay-opacity":"","overlay-gradient":""},"tablet":{"background-color":"","background-image":"","background-repeat":"repeat","background-position":"center center","background-size":"auto","background-attachment":"scroll","background-type":"","background-media":"","overlay-type":"","overlay-color":"","overlay-opacity":"","overlay-gradient":""},"mobile":{"background-color":"","background-image":"","background-repeat":"repeat","background-position":"center center","background-size":"auto","background-attachment":"scroll","background-type":"","background-media":"","overlay-type":"","overlay-color":"","overlay-opacity":"","overlay-gradient":""}},"ast-content-background-meta":{"desktop":{"background-color":"var(--ast-global-color-4)","background-image":"","background-repeat":"repeat","background-position":"center center","background-size":"auto","background-attachment":"scroll","background-type":"","background-media":"","overlay-type":"","overlay-color":"","overlay-opacity":"","overlay-gradient":""},"tablet":{"background-color":"var(--ast-global-color-4)","background-image":"","background-repeat":"repeat","background-position":"center center","background-size":"auto","background-attachment":"scroll","background-type":"","background-media":"","overlay-type":"","overlay-color":"","overlay-opacity":"","overlay-gradient":""},"mobile":{"background-color":"var(--ast-global-color-4)","background-image":"","background-repeat":"repeat","background-position":"center center","background-size":"auto","background-attachment":"scroll","background-type":"","background-media":"","overlay-type":"","overlay-color":"","overlay-opacity":"","overlay-gradient":""}}},"product_brand":[],"product_cat":[9854],"product_tag":[],"class_list":{"0":"post-26356","1":"product","2":"type-product","3":"status-publish","4":"has-post-thumbnail","6":"product_cat-medicina","7":"desktop-align-left","8":"tablet-align-left","9":"mobile-align-left","11":"first","12":"instock","13":"shipping-taxable","14":"purchasable","15":"product-type-simple"},"acf":[],"yoast_head":"<!-- This site is optimized with the Yoast SEO plugin v27.4 - https:\/\/yoast.com\/product\/yoast-seo-wordpress\/ -->\n<title>Genom\u0173 am\u017eius: pasakojimai apie genetin\u0117s medicinos naujienas<\/title>\n<meta name=\"description\" content=\"\u017dmogaus genomas sudarytas i\u0161 daugiau kaip trij\u0173 milijard\u0173 nukleotid\u0173. Tik 50 milijon\u0173 i\u0161 j\u0173 formuoja konkre\u010dius genus, koduojan\u010dius m\u016bs\u0173 baltymus. \u0160i\" \/>\n<meta name=\"robots\" content=\"index, follow, max-snippet:-1, max-image-preview:large, max-video-preview:-1\" \/>\n<link rel=\"canonical\" href=\"https:\/\/skaitytaknyga.lt\/en\/produktas\/genomu-amzius-pasakojimai-apie-genetines-medicinos-naujienas\/\" \/>\n<meta property=\"og:locale\" content=\"en_GB\" \/>\n<meta property=\"og:locale:alternate\" content=\"lt_LT\" \/>\n<meta property=\"og:type\" content=\"article\" \/>\n<meta property=\"og:title\" content=\"Genom\u0173 am\u017eius: pasakojimai apie genetin\u0117s medicinos naujienas\" \/>\n<meta property=\"og:description\" content=\"\u017dmogaus genomas sudarytas i\u0161 daugiau kaip trij\u0173 milijard\u0173 nukleotid\u0173. Tik 50 milijon\u0173 i\u0161 j\u0173 formuoja konkre\u010dius genus, koduojan\u010dius m\u016bs\u0173 baltymus. \u0160i\" \/>\n<meta property=\"og:url\" content=\"https:\/\/skaitytaknyga.lt\/en\/produktas\/genomu-amzius-pasakojimai-apie-genetines-medicinos-naujienas\/\" \/>\n<meta property=\"og:site_name\" content=\"Skaitytaknyga\" \/>\n<meta property=\"article:publisher\" content=\"https:\/\/www.facebook.com\/skaitytaknyga\/\" \/>\n<meta property=\"article:modified_time\" content=\"2026-04-24T09:39:21+00:00\" \/>\n<meta property=\"og:image\" content=\"https:\/\/skaitytaknyga.lt\/wp-content\/uploads\/2026\/04\/Genomu-amzius-pasakojimai-apie-genetines-medicinos-naujienas.webp\" \/>\n\t<meta property=\"og:image:width\" content=\"371\" \/>\n\t<meta property=\"og:image:height\" content=\"581\" \/>\n\t<meta property=\"og:image:type\" content=\"image\/webp\" \/>\n<meta name=\"twitter:card\" content=\"summary_large_image\" \/>\n<meta name=\"twitter:label1\" content=\"Estimated reading time\" \/>\n\t<meta name=\"twitter:data1\" content=\"1 minute\" \/>\n<script type=\"application\/ld+json\" class=\"yoast-schema-graph\">{\"@context\":\"https:\\\/\\\/schema.org\",\"@graph\":[{\"@type\":\"WebPage\",\"@id\":\"https:\\\/\\\/skaitytaknyga.lt\\\/produktas\\\/genomu-amzius-pasakojimai-apie-genetines-medicinos-naujienas\\\/\",\"url\":\"https:\\\/\\\/skaitytaknyga.lt\\\/produktas\\\/genomu-amzius-pasakojimai-apie-genetines-medicinos-naujienas\\\/\",\"name\":\"Genom\u0173 am\u017eius: pasakojimai apie genetin\u0117s medicinos naujienas\",\"isPartOf\":{\"@id\":\"https:\\\/\\\/skaitytaknyga.lt\\\/#website\"},\"primaryImageOfPage\":{\"@id\":\"https:\\\/\\\/skaitytaknyga.lt\\\/produktas\\\/genomu-amzius-pasakojimai-apie-genetines-medicinos-naujienas\\\/#primaryimage\"},\"image\":{\"@id\":\"https:\\\/\\\/skaitytaknyga.lt\\\/produktas\\\/genomu-amzius-pasakojimai-apie-genetines-medicinos-naujienas\\\/#primaryimage\"},\"thumbnailUrl\":\"https:\\\/\\\/skaitytaknyga.lt\\\/wp-content\\\/uploads\\\/2026\\\/04\\\/Genomu-amzius-pasakojimai-apie-genetines-medicinos-naujienas.webp\",\"datePublished\":\"2026-04-24T08:45:21+00:00\",\"dateModified\":\"2026-04-24T09:39:21+00:00\",\"description\":\"\u017dmogaus genomas sudarytas i\u0161 daugiau kaip trij\u0173 milijard\u0173 nukleotid\u0173. Tik 50 milijon\u0173 i\u0161 j\u0173 formuoja konkre\u010dius genus, koduojan\u010dius m\u016bs\u0173 baltymus. \u0160i\",\"breadcrumb\":{\"@id\":\"https:\\\/\\\/skaitytaknyga.lt\\\/produktas\\\/genomu-amzius-pasakojimai-apie-genetines-medicinos-naujienas\\\/#breadcrumb\"},\"inLanguage\":\"en-GB\",\"potentialAction\":[{\"@type\":\"ReadAction\",\"target\":[\"https:\\\/\\\/skaitytaknyga.lt\\\/produktas\\\/genomu-amzius-pasakojimai-apie-genetines-medicinos-naujienas\\\/\"]}]},{\"@type\":\"ImageObject\",\"inLanguage\":\"en-GB\",\"@id\":\"https:\\\/\\\/skaitytaknyga.lt\\\/produktas\\\/genomu-amzius-pasakojimai-apie-genetines-medicinos-naujienas\\\/#primaryimage\",\"url\":\"https:\\\/\\\/skaitytaknyga.lt\\\/wp-content\\\/uploads\\\/2026\\\/04\\\/Genomu-amzius-pasakojimai-apie-genetines-medicinos-naujienas.webp\",\"contentUrl\":\"https:\\\/\\\/skaitytaknyga.lt\\\/wp-content\\\/uploads\\\/2026\\\/04\\\/Genomu-amzius-pasakojimai-apie-genetines-medicinos-naujienas.webp\",\"width\":371,\"height\":581,\"caption\":\"Genom\u0173 am\u017eius pasakojimai apie genetin\u0117s medicinos naujienas\"},{\"@type\":\"BreadcrumbList\",\"@id\":\"https:\\\/\\\/skaitytaknyga.lt\\\/produktas\\\/genomu-amzius-pasakojimai-apie-genetines-medicinos-naujienas\\\/#breadcrumb\",\"itemListElement\":[{\"@type\":\"ListItem\",\"position\":1,\"name\":\"Home\",\"item\":\"https:\\\/\\\/skaitytaknyga.lt\\\/\"},{\"@type\":\"ListItem\",\"position\":2,\"name\":\"Parduotuv\u0117\",\"item\":\"https:\\\/\\\/skaitytaknyga.lt\\\/knygu-parduotuve\\\/\"},{\"@type\":\"ListItem\",\"position\":3,\"name\":\"Genom\u0173 am\u017eius: pasakojimai apie genetin\u0117s medicinos naujienas\"}]},{\"@type\":\"WebSite\",\"@id\":\"https:\\\/\\\/skaitytaknyga.lt\\\/#website\",\"url\":\"https:\\\/\\\/skaitytaknyga.lt\\\/\",\"name\":\"skaitytaknyga.lt\",\"description\":\"Skaitytaknyga.lt \u2013 tai ma\u017eas \u0161eimos verslas, kuris prasid\u0117jo nuo meil\u0117s knygoms ir siekio i\u0161gelb\u0117ti knygas nuo likimo prie konteinerio. Kas vienam nereikalingas daiktas \u2013 kitam lobis, o mes esame tarpininkai, kurie padeda abiems tapti laimingesniems ???? \u017dinome kaip nelengva i\u0161gyventi ma\u017eiems verslams, tad nuo \u0161iol, \u010dia rasite ir kit\u0173, ma\u017e\u0173 \u0161eim\u0173 versl\u0173, rank\u0173 darbo, dovan\u0173 sau ir artimiesiems.\",\"publisher\":{\"@id\":\"https:\\\/\\\/skaitytaknyga.lt\\\/#organization\"},\"potentialAction\":[{\"@type\":\"SearchAction\",\"target\":{\"@type\":\"EntryPoint\",\"urlTemplate\":\"https:\\\/\\\/skaitytaknyga.lt\\\/?s={search_term_string}\"},\"query-input\":{\"@type\":\"PropertyValueSpecification\",\"valueRequired\":true,\"valueName\":\"search_term_string\"}}],\"inLanguage\":\"en-GB\"},{\"@type\":\"Organization\",\"@id\":\"https:\\\/\\\/skaitytaknyga.lt\\\/#organization\",\"name\":\"skaitytaknyga.lt\",\"url\":\"https:\\\/\\\/skaitytaknyga.lt\\\/\",\"logo\":{\"@type\":\"ImageObject\",\"inLanguage\":\"en-GB\",\"@id\":\"https:\\\/\\\/skaitytaknyga.lt\\\/#\\\/schema\\\/logo\\\/image\\\/\",\"url\":\"https:\\\/\\\/skaitytaknyga.lt\\\/wp-content\\\/uploads\\\/2024\\\/05\\\/cropped-cropped-cropped-02_00843_jt3bggkj1j3HLc7SyY6rEUpg.jpeg\",\"contentUrl\":\"https:\\\/\\\/skaitytaknyga.lt\\\/wp-content\\\/uploads\\\/2024\\\/05\\\/cropped-cropped-cropped-02_00843_jt3bggkj1j3HLc7SyY6rEUpg.jpeg\",\"width\":1600,\"height\":1600,\"caption\":\"skaitytaknyga.lt\"},\"image\":{\"@id\":\"https:\\\/\\\/skaitytaknyga.lt\\\/#\\\/schema\\\/logo\\\/image\\\/\"},\"sameAs\":[\"https:\\\/\\\/www.facebook.com\\\/skaitytaknyga\\\/\"]}]}<\/script>\n<!-- \/ Yoast SEO plugin. -->","yoast_head_json":{"title":"Genom\u0173 am\u017eius: pasakojimai apie genetin\u0117s medicinos naujienas","description":"\u017dmogaus genomas sudarytas i\u0161 daugiau kaip trij\u0173 milijard\u0173 nukleotid\u0173. Tik 50 milijon\u0173 i\u0161 j\u0173 formuoja konkre\u010dius genus, koduojan\u010dius m\u016bs\u0173 baltymus. \u0160i","robots":{"index":"index","follow":"follow","max-snippet":"max-snippet:-1","max-image-preview":"max-image-preview:large","max-video-preview":"max-video-preview:-1"},"canonical":"https:\/\/skaitytaknyga.lt\/en\/produktas\/genomu-amzius-pasakojimai-apie-genetines-medicinos-naujienas\/","og_locale":"en_GB","og_type":"article","og_title":"[:lt]Genom\u0173 am\u017eius: pasakojimai apie genetin\u0117s medicinos naujienas[:] - Skaitytaknyga","og_description":"\u017dmogaus genomas sudarytas i\u0161 daugiau kaip trij\u0173 milijard\u0173 nukleotid\u0173. Tik 50 milijon\u0173 i\u0161 j\u0173 formuoja konkre\u010dius genus, koduojan\u010dius m\u016bs\u0173 baltymus. \u0160i","og_url":"https:\/\/skaitytaknyga.lt\/en\/produktas\/genomu-amzius-pasakojimai-apie-genetines-medicinos-naujienas\/","og_site_name":"Skaitytaknyga","article_publisher":"https:\/\/www.facebook.com\/skaitytaknyga\/","article_modified_time":"2026-04-24T09:39:21+00:00","og_image":[{"width":371,"height":581,"url":"https:\/\/skaitytaknyga.lt\/wp-content\/uploads\/2026\/04\/Genomu-amzius-pasakojimai-apie-genetines-medicinos-naujienas.webp","type":"image\/webp"}],"twitter_card":"summary_large_image","twitter_misc":{"Estimated reading time":"1 minute"},"schema":{"@context":"https:\/\/schema.org","@graph":[{"@type":"WebPage","@id":"https:\/\/skaitytaknyga.lt\/produktas\/genomu-amzius-pasakojimai-apie-genetines-medicinos-naujienas\/","url":"https:\/\/skaitytaknyga.lt\/produktas\/genomu-amzius-pasakojimai-apie-genetines-medicinos-naujienas\/","name":"Genom\u0173 am\u017eius: pasakojimai apie genetin\u0117s medicinos naujienas","isPartOf":{"@id":"https:\/\/skaitytaknyga.lt\/#website"},"primaryImageOfPage":{"@id":"https:\/\/skaitytaknyga.lt\/produktas\/genomu-amzius-pasakojimai-apie-genetines-medicinos-naujienas\/#primaryimage"},"image":{"@id":"https:\/\/skaitytaknyga.lt\/produktas\/genomu-amzius-pasakojimai-apie-genetines-medicinos-naujienas\/#primaryimage"},"thumbnailUrl":"https:\/\/skaitytaknyga.lt\/wp-content\/uploads\/2026\/04\/Genomu-amzius-pasakojimai-apie-genetines-medicinos-naujienas.webp","datePublished":"2026-04-24T08:45:21+00:00","dateModified":"2026-04-24T09:39:21+00:00","description":"\u017dmogaus genomas sudarytas i\u0161 daugiau kaip trij\u0173 milijard\u0173 nukleotid\u0173. Tik 50 milijon\u0173 i\u0161 j\u0173 formuoja konkre\u010dius genus, koduojan\u010dius m\u016bs\u0173 baltymus. \u0160i","breadcrumb":{"@id":"https:\/\/skaitytaknyga.lt\/produktas\/genomu-amzius-pasakojimai-apie-genetines-medicinos-naujienas\/#breadcrumb"},"inLanguage":"en-GB","potentialAction":[{"@type":"ReadAction","target":["https:\/\/skaitytaknyga.lt\/produktas\/genomu-amzius-pasakojimai-apie-genetines-medicinos-naujienas\/"]}]},{"@type":"ImageObject","inLanguage":"en-GB","@id":"https:\/\/skaitytaknyga.lt\/produktas\/genomu-amzius-pasakojimai-apie-genetines-medicinos-naujienas\/#primaryimage","url":"https:\/\/skaitytaknyga.lt\/wp-content\/uploads\/2026\/04\/Genomu-amzius-pasakojimai-apie-genetines-medicinos-naujienas.webp","contentUrl":"https:\/\/skaitytaknyga.lt\/wp-content\/uploads\/2026\/04\/Genomu-amzius-pasakojimai-apie-genetines-medicinos-naujienas.webp","width":371,"height":581,"caption":"Genom\u0173 am\u017eius pasakojimai apie genetin\u0117s medicinos naujienas"},{"@type":"BreadcrumbList","@id":"https:\/\/skaitytaknyga.lt\/produktas\/genomu-amzius-pasakojimai-apie-genetines-medicinos-naujienas\/#breadcrumb","itemListElement":[{"@type":"ListItem","position":1,"name":"Home","item":"https:\/\/skaitytaknyga.lt\/"},{"@type":"ListItem","position":2,"name":"Parduotuv\u0117","item":"https:\/\/skaitytaknyga.lt\/knygu-parduotuve\/"},{"@type":"ListItem","position":3,"name":"Genom\u0173 am\u017eius: pasakojimai apie genetin\u0117s medicinos naujienas"}]},{"@type":"WebSite","@id":"https:\/\/skaitytaknyga.lt\/#website","url":"https:\/\/skaitytaknyga.lt\/","name":"skaitytaknyga.lt","description":"Skaitytaknyga.lt \u2013 tai ma\u017eas \u0161eimos verslas, kuris prasid\u0117jo nuo meil\u0117s knygoms ir siekio i\u0161gelb\u0117ti knygas nuo likimo prie konteinerio. Kas vienam nereikalingas daiktas \u2013 kitam lobis, o mes esame tarpininkai, kurie padeda abiems tapti laimingesniems ???? \u017dinome kaip nelengva i\u0161gyventi ma\u017eiems verslams, tad nuo \u0161iol, \u010dia rasite ir kit\u0173, ma\u017e\u0173 \u0161eim\u0173 versl\u0173, rank\u0173 darbo, dovan\u0173 sau ir artimiesiems.","publisher":{"@id":"https:\/\/skaitytaknyga.lt\/#organization"},"potentialAction":[{"@type":"SearchAction","target":{"@type":"EntryPoint","urlTemplate":"https:\/\/skaitytaknyga.lt\/?s={search_term_string}"},"query-input":{"@type":"PropertyValueSpecification","valueRequired":true,"valueName":"search_term_string"}}],"inLanguage":"en-GB"},{"@type":"Organization","@id":"https:\/\/skaitytaknyga.lt\/#organization","name":"skaitytaknyga.lt","url":"https:\/\/skaitytaknyga.lt\/","logo":{"@type":"ImageObject","inLanguage":"en-GB","@id":"https:\/\/skaitytaknyga.lt\/#\/schema\/logo\/image\/","url":"https:\/\/skaitytaknyga.lt\/wp-content\/uploads\/2024\/05\/cropped-cropped-cropped-02_00843_jt3bggkj1j3HLc7SyY6rEUpg.jpeg","contentUrl":"https:\/\/skaitytaknyga.lt\/wp-content\/uploads\/2024\/05\/cropped-cropped-cropped-02_00843_jt3bggkj1j3HLc7SyY6rEUpg.jpeg","width":1600,"height":1600,"caption":"skaitytaknyga.lt"},"image":{"@id":"https:\/\/skaitytaknyga.lt\/#\/schema\/logo\/image\/"},"sameAs":["https:\/\/www.facebook.com\/skaitytaknyga\/"]}]}},"_links":{"self":[{"href":"https:\/\/skaitytaknyga.lt\/en\/wp-json\/wp\/v2\/product\/26356","targetHints":{"allow":["GET"]}}],"collection":[{"href":"https:\/\/skaitytaknyga.lt\/en\/wp-json\/wp\/v2\/product"}],"about":[{"href":"https:\/\/skaitytaknyga.lt\/en\/wp-json\/wp\/v2\/types\/product"}],"replies":[{"embeddable":true,"href":"https:\/\/skaitytaknyga.lt\/en\/wp-json\/wp\/v2\/comments?post=26356"}],"wp:featuredmedia":[{"embeddable":true,"href":"https:\/\/skaitytaknyga.lt\/en\/wp-json\/wp\/v2\/media\/26361"}],"wp:attachment":[{"href":"https:\/\/skaitytaknyga.lt\/en\/wp-json\/wp\/v2\/media?parent=26356"}],"wp:term":[{"taxonomy":"product_brand","embeddable":true,"href":"https:\/\/skaitytaknyga.lt\/en\/wp-json\/wp\/v2\/product_brand?post=26356"},{"taxonomy":"product_cat","embeddable":true,"href":"https:\/\/skaitytaknyga.lt\/en\/wp-json\/wp\/v2\/product_cat?post=26356"},{"taxonomy":"product_tag","embeddable":true,"href":"https:\/\/skaitytaknyga.lt\/en\/wp-json\/wp\/v2\/product_tag?post=26356"}],"curies":[{"name":"wp","href":"https:\/\/api.w.org\/{rel}","templated":true}]}}