{"id":26355,"date":"2026-04-24T11:45:21","date_gmt":"2026-04-24T08:45:21","guid":{"rendered":"https:\/\/skaitytaknyga.lt\/?post_type=product&#038;p=26355"},"modified":"2026-04-24T11:46:25","modified_gmt":"2026-04-24T08:46:25","slug":"visatos-grozis-meginimas-suvokti-pasaulio-prigimti","status":"publish","type":"product","link":"https:\/\/skaitytaknyga.lt\/en\/produktas\/visatos-grozis-meginimas-suvokti-pasaulio-prigimti\/","title":{"rendered":"Visatos gro\u017eis: m\u0117ginimas suvokti pasaulio prigimt\u012f"},"content":{"rendered":"<p>Nobelio fizikos premijos laureatas Frank&#8217;as Wilczek&#8217;as ypa\u010d subtiliai ir savitai aptaria pasaulio pa\u017einimo istorij\u0105 ir mokslo raid\u0105: autorius \u012f jas \u017evelgia per prizm\u0119 \u201eidealu \u2013 realu\u201c, atskleisdamas skaitytojui am\u017ein\u0105 mokslinink\u0173 siek\u012f nuo seniausi\u0173 laik\u0173 iki netolimos dabarties \u2013 atskleisti pasaulio tobulyb\u0119, t. y. \u012frodyti, kad jis gra\u017eus. Autorius ie\u0161ko atsakymo \u012f klausim\u0105, ar pasaul\u012f galima laikyti meno k\u016briniu, ir jeigu taip, tai ar tas k\u016brinys vyk\u0119s.<\/p>\n<p>Knyga apr\u0117pia \u012fvairi\u0173 mokslo \u0161ak\u0173 pasiekimus. Nors analizuojami fundamental\u016bs s\u0105ry\u0161iai ir naujausi atradimai, \u017evelgiant per gro\u017eio prizm\u0119 viskas atrodo papras\u010diau, suprantamiau. Knygos patrauklum\u0105 ir informatyvum\u0105 lemia lengvas pasakojimo stilius ir \u012fdom\u016bs sugretinimai.<\/p>\n","protected":false},"excerpt":{"rendered":"<p>Nobelio fizikos premijos laureatas Frank&#8217;as Wilczek&#8217;as ypa\u010d subtiliai ir savitai aptaria pasaulio pa\u017einimo istorij\u0105 ir mokslo raid\u0105: autorius \u012f jas \u017evelgia per prizm\u0119 \u201eidealu \u2013 realu\u201c, atskleisdamas skaitytojui am\u017ein\u0105 mokslinink\u0173 siek\u012f nuo seniausi\u0173 laik\u0173 iki netolimos dabarties \u2013 atskleisti pasaulio tobulyb\u0119, t. y. \u012frodyti, kad jis gra\u017eus. Autorius ie\u0161ko atsakymo \u012f klausim\u0105, ar pasaul\u012f galima laikyti meno k\u016briniu, ir jeigu taip, tai ar tas k\u016brinys vyk\u0119s. Knyga apr\u0117pia \u012fvairi\u0173 mokslo \u0161ak\u0173 pasiekimus. Nors analizuojami fundamental\u016bs s\u0105ry\u0161iai ir naujausi atradimai, \u017evelgiant per gro\u017eio prizm\u0119 viskas atrodo papras\u010diau, suprantamiau. Knygos patrauklum\u0105 ir informatyvum\u0105 lemia lengvas pasakojimo stilius ir \u012fdom\u016bs sugretinimai.<\/p>\n","protected":false},"featured_media":26360,"comment_status":"open","ping_status":"closed","template":"","meta":{"_acf_changed":false,"site-sidebar-layout":"default","site-content-layout":"","ast-site-content-layout":"default","site-content-style":"default","site-sidebar-style":"default","ast-global-header-display":"","ast-banner-title-visibility":"","ast-main-header-display":"","ast-hfb-above-header-display":"","ast-hfb-below-header-display":"","ast-hfb-mobile-header-display":"","site-post-title":"","ast-breadcrumbs-content":"","ast-featured-img":"","footer-sml-layout":"","ast-disable-related-posts":"","theme-transparent-header-meta":"","adv-header-id-meta":"","stick-header-meta":"","header-above-stick-meta":"","header-main-stick-meta":"","header-below-stick-meta":"","astra-migrate-meta-layouts":"default","ast-page-background-enabled":"default","ast-page-background-meta":{"desktop":{"background-color":"","background-image":"","background-repeat":"repeat","background-position":"center center","background-size":"auto","background-attachment":"scroll","background-type":"","background-media":"","overlay-type":"","overlay-color":"","overlay-opacity":"","overlay-gradient":""},"tablet":{"background-color":"","background-image":"","background-repeat":"repeat","background-position":"center center","background-size":"auto","background-attachment":"scroll","background-type":"","background-media":"","overlay-type":"","overlay-color":"","overlay-opacity":"","overlay-gradient":""},"mobile":{"background-color":"","background-image":"","background-repeat":"repeat","background-position":"center center","background-size":"auto","background-attachment":"scroll","background-type":"","background-media":"","overlay-type":"","overlay-color":"","overlay-opacity":"","overlay-gradient":""}},"ast-content-background-meta":{"desktop":{"background-color":"var(--ast-global-color-4)","background-image":"","background-repeat":"repeat","background-position":"center center","background-size":"auto","background-attachment":"scroll","background-type":"","background-media":"","overlay-type":"","overlay-color":"","overlay-opacity":"","overlay-gradient":""},"tablet":{"background-color":"var(--ast-global-color-4)","background-image":"","background-repeat":"repeat","background-position":"center center","background-size":"auto","background-attachment":"scroll","background-type":"","background-media":"","overlay-type":"","overlay-color":"","overlay-opacity":"","overlay-gradient":""},"mobile":{"background-color":"var(--ast-global-color-4)","background-image":"","background-repeat":"repeat","background-position":"center center","background-size":"auto","background-attachment":"scroll","background-type":"","background-media":"","overlay-type":"","overlay-color":"","overlay-opacity":"","overlay-gradient":""}}},"product_brand":[],"product_cat":[269],"product_tag":[],"class_list":{"0":"post-26355","1":"product","2":"type-product","3":"status-publish","4":"has-post-thumbnail","6":"product_cat-gamtos-mokslai","7":"desktop-align-left","8":"tablet-align-left","9":"mobile-align-left","11":"first","12":"instock","13":"shipping-taxable","14":"purchasable","15":"product-type-simple"},"acf":[],"yoast_head":"<!-- This site is optimized with the Yoast SEO plugin v27.4 - https:\/\/yoast.com\/product\/yoast-seo-wordpress\/ -->\n<title>Visatos gro\u017eis: m\u0117ginimas suvokti pasaulio prigimt\u012f<\/title>\n<meta name=\"description\" content=\"Nobelio fizikos premijos laureatas Frank&#039;as Wilczek&#039;as ypa\u010d subtiliai ir savitai aptaria pasaulio pa\u017einimo istorij\u0105 ir mokslo raid\u0105: autorius \u012f jas\" \/>\n<meta name=\"robots\" content=\"index, follow, max-snippet:-1, max-image-preview:large, max-video-preview:-1\" \/>\n<link rel=\"canonical\" href=\"https:\/\/skaitytaknyga.lt\/en\/produktas\/visatos-grozis-meginimas-suvokti-pasaulio-prigimti\/\" \/>\n<meta property=\"og:locale\" content=\"en_GB\" \/>\n<meta property=\"og:locale:alternate\" content=\"lt_LT\" \/>\n<meta property=\"og:type\" content=\"article\" \/>\n<meta property=\"og:title\" content=\"Visatos gro\u017eis: m\u0117ginimas suvokti pasaulio prigimt\u012f\" \/>\n<meta property=\"og:description\" content=\"Nobelio fizikos premijos laureatas Frank&#039;as Wilczek&#039;as ypa\u010d subtiliai ir savitai aptaria pasaulio pa\u017einimo istorij\u0105 ir mokslo raid\u0105: autorius \u012f jas\" \/>\n<meta property=\"og:url\" content=\"https:\/\/skaitytaknyga.lt\/en\/produktas\/visatos-grozis-meginimas-suvokti-pasaulio-prigimti\/\" \/>\n<meta property=\"og:site_name\" content=\"Skaitytaknyga\" \/>\n<meta property=\"article:publisher\" content=\"https:\/\/www.facebook.com\/skaitytaknyga\/\" \/>\n<meta property=\"article:modified_time\" content=\"2026-04-24T08:46:25+00:00\" \/>\n<meta property=\"og:image\" content=\"https:\/\/skaitytaknyga.lt\/wp-content\/uploads\/2026\/04\/Visatos-grozis-meginimas-suvokti-pasaulio-prigimti.webp\" \/>\n\t<meta property=\"og:image:width\" content=\"385\" \/>\n\t<meta property=\"og:image:height\" content=\"600\" \/>\n\t<meta property=\"og:image:type\" content=\"image\/webp\" \/>\n<meta name=\"twitter:card\" content=\"summary_large_image\" \/>\n<meta name=\"twitter:label1\" content=\"Estimated reading time\" \/>\n\t<meta name=\"twitter:data1\" content=\"1 minute\" \/>\n<script type=\"application\/ld+json\" class=\"yoast-schema-graph\">{\"@context\":\"https:\\\/\\\/schema.org\",\"@graph\":[{\"@type\":\"WebPage\",\"@id\":\"https:\\\/\\\/skaitytaknyga.lt\\\/produktas\\\/visatos-grozis-meginimas-suvokti-pasaulio-prigimti\\\/\",\"url\":\"https:\\\/\\\/skaitytaknyga.lt\\\/produktas\\\/visatos-grozis-meginimas-suvokti-pasaulio-prigimti\\\/\",\"name\":\"Visatos gro\u017eis: m\u0117ginimas suvokti pasaulio prigimt\u012f\",\"isPartOf\":{\"@id\":\"https:\\\/\\\/skaitytaknyga.lt\\\/#website\"},\"primaryImageOfPage\":{\"@id\":\"https:\\\/\\\/skaitytaknyga.lt\\\/produktas\\\/visatos-grozis-meginimas-suvokti-pasaulio-prigimti\\\/#primaryimage\"},\"image\":{\"@id\":\"https:\\\/\\\/skaitytaknyga.lt\\\/produktas\\\/visatos-grozis-meginimas-suvokti-pasaulio-prigimti\\\/#primaryimage\"},\"thumbnailUrl\":\"https:\\\/\\\/skaitytaknyga.lt\\\/wp-content\\\/uploads\\\/2026\\\/04\\\/Visatos-grozis-meginimas-suvokti-pasaulio-prigimti.webp\",\"datePublished\":\"2026-04-24T08:45:21+00:00\",\"dateModified\":\"2026-04-24T08:46:25+00:00\",\"description\":\"Nobelio fizikos premijos laureatas Frank'as Wilczek'as ypa\u010d subtiliai ir savitai aptaria pasaulio pa\u017einimo istorij\u0105 ir mokslo raid\u0105: autorius \u012f jas\",\"breadcrumb\":{\"@id\":\"https:\\\/\\\/skaitytaknyga.lt\\\/produktas\\\/visatos-grozis-meginimas-suvokti-pasaulio-prigimti\\\/#breadcrumb\"},\"inLanguage\":\"en-GB\",\"potentialAction\":[{\"@type\":\"ReadAction\",\"target\":[\"https:\\\/\\\/skaitytaknyga.lt\\\/produktas\\\/visatos-grozis-meginimas-suvokti-pasaulio-prigimti\\\/\"]}]},{\"@type\":\"ImageObject\",\"inLanguage\":\"en-GB\",\"@id\":\"https:\\\/\\\/skaitytaknyga.lt\\\/produktas\\\/visatos-grozis-meginimas-suvokti-pasaulio-prigimti\\\/#primaryimage\",\"url\":\"https:\\\/\\\/skaitytaknyga.lt\\\/wp-content\\\/uploads\\\/2026\\\/04\\\/Visatos-grozis-meginimas-suvokti-pasaulio-prigimti.webp\",\"contentUrl\":\"https:\\\/\\\/skaitytaknyga.lt\\\/wp-content\\\/uploads\\\/2026\\\/04\\\/Visatos-grozis-meginimas-suvokti-pasaulio-prigimti.webp\",\"width\":385,\"height\":600,\"caption\":\"Visatos gro\u017eis m\u0117ginimas suvokti pasaulio prigimt\u012f\"},{\"@type\":\"BreadcrumbList\",\"@id\":\"https:\\\/\\\/skaitytaknyga.lt\\\/produktas\\\/visatos-grozis-meginimas-suvokti-pasaulio-prigimti\\\/#breadcrumb\",\"itemListElement\":[{\"@type\":\"ListItem\",\"position\":1,\"name\":\"Home\",\"item\":\"https:\\\/\\\/skaitytaknyga.lt\\\/\"},{\"@type\":\"ListItem\",\"position\":2,\"name\":\"Parduotuv\u0117\",\"item\":\"https:\\\/\\\/skaitytaknyga.lt\\\/knygu-parduotuve\\\/\"},{\"@type\":\"ListItem\",\"position\":3,\"name\":\"Visatos gro\u017eis: m\u0117ginimas suvokti pasaulio prigimt\u012f\"}]},{\"@type\":\"WebSite\",\"@id\":\"https:\\\/\\\/skaitytaknyga.lt\\\/#website\",\"url\":\"https:\\\/\\\/skaitytaknyga.lt\\\/\",\"name\":\"skaitytaknyga.lt\",\"description\":\"Skaitytaknyga.lt \u2013 tai ma\u017eas \u0161eimos verslas, kuris prasid\u0117jo nuo meil\u0117s knygoms ir siekio i\u0161gelb\u0117ti knygas nuo likimo prie konteinerio. Kas vienam nereikalingas daiktas \u2013 kitam lobis, o mes esame tarpininkai, kurie padeda abiems tapti laimingesniems ???? \u017dinome kaip nelengva i\u0161gyventi ma\u017eiems verslams, tad nuo \u0161iol, \u010dia rasite ir kit\u0173, ma\u017e\u0173 \u0161eim\u0173 versl\u0173, rank\u0173 darbo, dovan\u0173 sau ir artimiesiems.\",\"publisher\":{\"@id\":\"https:\\\/\\\/skaitytaknyga.lt\\\/#organization\"},\"potentialAction\":[{\"@type\":\"SearchAction\",\"target\":{\"@type\":\"EntryPoint\",\"urlTemplate\":\"https:\\\/\\\/skaitytaknyga.lt\\\/?s={search_term_string}\"},\"query-input\":{\"@type\":\"PropertyValueSpecification\",\"valueRequired\":true,\"valueName\":\"search_term_string\"}}],\"inLanguage\":\"en-GB\"},{\"@type\":\"Organization\",\"@id\":\"https:\\\/\\\/skaitytaknyga.lt\\\/#organization\",\"name\":\"skaitytaknyga.lt\",\"url\":\"https:\\\/\\\/skaitytaknyga.lt\\\/\",\"logo\":{\"@type\":\"ImageObject\",\"inLanguage\":\"en-GB\",\"@id\":\"https:\\\/\\\/skaitytaknyga.lt\\\/#\\\/schema\\\/logo\\\/image\\\/\",\"url\":\"https:\\\/\\\/skaitytaknyga.lt\\\/wp-content\\\/uploads\\\/2024\\\/05\\\/cropped-cropped-cropped-02_00843_jt3bggkj1j3HLc7SyY6rEUpg.jpeg\",\"contentUrl\":\"https:\\\/\\\/skaitytaknyga.lt\\\/wp-content\\\/uploads\\\/2024\\\/05\\\/cropped-cropped-cropped-02_00843_jt3bggkj1j3HLc7SyY6rEUpg.jpeg\",\"width\":1600,\"height\":1600,\"caption\":\"skaitytaknyga.lt\"},\"image\":{\"@id\":\"https:\\\/\\\/skaitytaknyga.lt\\\/#\\\/schema\\\/logo\\\/image\\\/\"},\"sameAs\":[\"https:\\\/\\\/www.facebook.com\\\/skaitytaknyga\\\/\"]}]}<\/script>\n<!-- \/ Yoast SEO plugin. -->","yoast_head_json":{"title":"Visatos gro\u017eis: m\u0117ginimas suvokti pasaulio prigimt\u012f","description":"Nobelio fizikos premijos laureatas Frank'as Wilczek'as ypa\u010d subtiliai ir savitai aptaria pasaulio pa\u017einimo istorij\u0105 ir mokslo raid\u0105: autorius \u012f jas","robots":{"index":"index","follow":"follow","max-snippet":"max-snippet:-1","max-image-preview":"max-image-preview:large","max-video-preview":"max-video-preview:-1"},"canonical":"https:\/\/skaitytaknyga.lt\/en\/produktas\/visatos-grozis-meginimas-suvokti-pasaulio-prigimti\/","og_locale":"en_GB","og_type":"article","og_title":"[:lt]Visatos gro\u017eis: m\u0117ginimas suvokti pasaulio prigimt\u012f[:] - Skaitytaknyga","og_description":"Nobelio fizikos premijos laureatas Frank'as Wilczek'as ypa\u010d subtiliai ir savitai aptaria pasaulio pa\u017einimo istorij\u0105 ir mokslo raid\u0105: autorius \u012f jas","og_url":"https:\/\/skaitytaknyga.lt\/en\/produktas\/visatos-grozis-meginimas-suvokti-pasaulio-prigimti\/","og_site_name":"Skaitytaknyga","article_publisher":"https:\/\/www.facebook.com\/skaitytaknyga\/","article_modified_time":"2026-04-24T08:46:25+00:00","og_image":[{"width":385,"height":600,"url":"https:\/\/skaitytaknyga.lt\/wp-content\/uploads\/2026\/04\/Visatos-grozis-meginimas-suvokti-pasaulio-prigimti.webp","type":"image\/webp"}],"twitter_card":"summary_large_image","twitter_misc":{"Estimated reading time":"1 minute"},"schema":{"@context":"https:\/\/schema.org","@graph":[{"@type":"WebPage","@id":"https:\/\/skaitytaknyga.lt\/produktas\/visatos-grozis-meginimas-suvokti-pasaulio-prigimti\/","url":"https:\/\/skaitytaknyga.lt\/produktas\/visatos-grozis-meginimas-suvokti-pasaulio-prigimti\/","name":"Visatos gro\u017eis: m\u0117ginimas suvokti pasaulio prigimt\u012f","isPartOf":{"@id":"https:\/\/skaitytaknyga.lt\/#website"},"primaryImageOfPage":{"@id":"https:\/\/skaitytaknyga.lt\/produktas\/visatos-grozis-meginimas-suvokti-pasaulio-prigimti\/#primaryimage"},"image":{"@id":"https:\/\/skaitytaknyga.lt\/produktas\/visatos-grozis-meginimas-suvokti-pasaulio-prigimti\/#primaryimage"},"thumbnailUrl":"https:\/\/skaitytaknyga.lt\/wp-content\/uploads\/2026\/04\/Visatos-grozis-meginimas-suvokti-pasaulio-prigimti.webp","datePublished":"2026-04-24T08:45:21+00:00","dateModified":"2026-04-24T08:46:25+00:00","description":"Nobelio fizikos premijos laureatas Frank'as Wilczek'as ypa\u010d subtiliai ir savitai aptaria pasaulio pa\u017einimo istorij\u0105 ir mokslo raid\u0105: autorius \u012f jas","breadcrumb":{"@id":"https:\/\/skaitytaknyga.lt\/produktas\/visatos-grozis-meginimas-suvokti-pasaulio-prigimti\/#breadcrumb"},"inLanguage":"en-GB","potentialAction":[{"@type":"ReadAction","target":["https:\/\/skaitytaknyga.lt\/produktas\/visatos-grozis-meginimas-suvokti-pasaulio-prigimti\/"]}]},{"@type":"ImageObject","inLanguage":"en-GB","@id":"https:\/\/skaitytaknyga.lt\/produktas\/visatos-grozis-meginimas-suvokti-pasaulio-prigimti\/#primaryimage","url":"https:\/\/skaitytaknyga.lt\/wp-content\/uploads\/2026\/04\/Visatos-grozis-meginimas-suvokti-pasaulio-prigimti.webp","contentUrl":"https:\/\/skaitytaknyga.lt\/wp-content\/uploads\/2026\/04\/Visatos-grozis-meginimas-suvokti-pasaulio-prigimti.webp","width":385,"height":600,"caption":"Visatos gro\u017eis m\u0117ginimas suvokti pasaulio prigimt\u012f"},{"@type":"BreadcrumbList","@id":"https:\/\/skaitytaknyga.lt\/produktas\/visatos-grozis-meginimas-suvokti-pasaulio-prigimti\/#breadcrumb","itemListElement":[{"@type":"ListItem","position":1,"name":"Home","item":"https:\/\/skaitytaknyga.lt\/"},{"@type":"ListItem","position":2,"name":"Parduotuv\u0117","item":"https:\/\/skaitytaknyga.lt\/knygu-parduotuve\/"},{"@type":"ListItem","position":3,"name":"Visatos gro\u017eis: m\u0117ginimas suvokti pasaulio prigimt\u012f"}]},{"@type":"WebSite","@id":"https:\/\/skaitytaknyga.lt\/#website","url":"https:\/\/skaitytaknyga.lt\/","name":"skaitytaknyga.lt","description":"Skaitytaknyga.lt \u2013 tai ma\u017eas \u0161eimos verslas, kuris prasid\u0117jo nuo meil\u0117s knygoms ir siekio i\u0161gelb\u0117ti knygas nuo likimo prie konteinerio. Kas vienam nereikalingas daiktas \u2013 kitam lobis, o mes esame tarpininkai, kurie padeda abiems tapti laimingesniems ???? \u017dinome kaip nelengva i\u0161gyventi ma\u017eiems verslams, tad nuo \u0161iol, \u010dia rasite ir kit\u0173, ma\u017e\u0173 \u0161eim\u0173 versl\u0173, rank\u0173 darbo, dovan\u0173 sau ir artimiesiems.","publisher":{"@id":"https:\/\/skaitytaknyga.lt\/#organization"},"potentialAction":[{"@type":"SearchAction","target":{"@type":"EntryPoint","urlTemplate":"https:\/\/skaitytaknyga.lt\/?s={search_term_string}"},"query-input":{"@type":"PropertyValueSpecification","valueRequired":true,"valueName":"search_term_string"}}],"inLanguage":"en-GB"},{"@type":"Organization","@id":"https:\/\/skaitytaknyga.lt\/#organization","name":"skaitytaknyga.lt","url":"https:\/\/skaitytaknyga.lt\/","logo":{"@type":"ImageObject","inLanguage":"en-GB","@id":"https:\/\/skaitytaknyga.lt\/#\/schema\/logo\/image\/","url":"https:\/\/skaitytaknyga.lt\/wp-content\/uploads\/2024\/05\/cropped-cropped-cropped-02_00843_jt3bggkj1j3HLc7SyY6rEUpg.jpeg","contentUrl":"https:\/\/skaitytaknyga.lt\/wp-content\/uploads\/2024\/05\/cropped-cropped-cropped-02_00843_jt3bggkj1j3HLc7SyY6rEUpg.jpeg","width":1600,"height":1600,"caption":"skaitytaknyga.lt"},"image":{"@id":"https:\/\/skaitytaknyga.lt\/#\/schema\/logo\/image\/"},"sameAs":["https:\/\/www.facebook.com\/skaitytaknyga\/"]}]}},"_links":{"self":[{"href":"https:\/\/skaitytaknyga.lt\/en\/wp-json\/wp\/v2\/product\/26355","targetHints":{"allow":["GET"]}}],"collection":[{"href":"https:\/\/skaitytaknyga.lt\/en\/wp-json\/wp\/v2\/product"}],"about":[{"href":"https:\/\/skaitytaknyga.lt\/en\/wp-json\/wp\/v2\/types\/product"}],"replies":[{"embeddable":true,"href":"https:\/\/skaitytaknyga.lt\/en\/wp-json\/wp\/v2\/comments?post=26355"}],"wp:featuredmedia":[{"embeddable":true,"href":"https:\/\/skaitytaknyga.lt\/en\/wp-json\/wp\/v2\/media\/26360"}],"wp:attachment":[{"href":"https:\/\/skaitytaknyga.lt\/en\/wp-json\/wp\/v2\/media?parent=26355"}],"wp:term":[{"taxonomy":"product_brand","embeddable":true,"href":"https:\/\/skaitytaknyga.lt\/en\/wp-json\/wp\/v2\/product_brand?post=26355"},{"taxonomy":"product_cat","embeddable":true,"href":"https:\/\/skaitytaknyga.lt\/en\/wp-json\/wp\/v2\/product_cat?post=26355"},{"taxonomy":"product_tag","embeddable":true,"href":"https:\/\/skaitytaknyga.lt\/en\/wp-json\/wp\/v2\/product_tag?post=26355"}],"curies":[{"name":"wp","href":"https:\/\/api.w.org\/{rel}","templated":true}]}}