{"id":2634,"date":"2024-04-17T13:16:18","date_gmt":"2024-04-17T13:16:18","guid":{"rendered":"https:\/\/skaitytaknyga.lt\/?post_type=product&#038;p=2634"},"modified":"2024-05-03T07:15:42","modified_gmt":"2024-05-03T07:15:42","slug":"norman-mailer-nuogieji-ir-mirusieji","status":"publish","type":"product","link":"https:\/\/skaitytaknyga.lt\/en\/produktas\/norman-mailer-nuogieji-ir-mirusieji\/","title":{"rendered":"Norman Mailer \u201eNuogieji ir mirusieji\u201c"},"content":{"rendered":"<p>Jie nuogi, nes n\u0117ra kur pasisl\u0117pti nuo prie\u0161o akies. Jie mir\u0119, nes ant kuln\u0173 nuolat lipa mirtis. Ir mir\u0161ta jie \u2013 drauge su savo idealais, viltimis ir baim\u0117mis.<\/p>\n<p>Sala Ramiajame vandenyne. Amerikie\u010di\u0173 p\u0117stinink\u0173 divizija turi i\u0161stumti japon\u0173 paj\u0117gas. Tvyrant art\u0117jan\u010di\u0173 m\u016b\u0161i\u0173 \u012ftampai d\u017eiungli\u0173 sekinami kareiviai stengiasi neprarasti \u017emogi\u0161kumo. Ta\u010diau karas \u2013 tik nuo\u017emi ma\u0161ina. Kariams lemta kovoti ne vien su prie\u0161u. Jiems tai ir asmenin\u0117, ir ideologin\u0117 kova. Brolyb\u0117s jausm\u0105 kei\u010dia vieni\u0161umas. Heroizmo \u010dia n\u0117ra. Vienintelis noras \u2013 gr\u012f\u017eti namo gyviems \u2013 skaud\u017eiai pana\u0161us \u012f gyvuli\u0161k\u0105 i\u0161likimo instinkt\u0105.<\/p>\n<p>I\u0161 patirties Antrajame pasauliniame kare gimusi knyga \u201eNuogieji ir mirusieji&#8221; laikoma geriausiu amerikie\u010di\u0173 romanu apie kar\u0105. Ji \u012ftraukta \u012f 1998 m. \u201eModern Library&#8221; paskelbt\u0105 svarbiausi\u0173 XX a. roman\u0173 angl\u0173 kalba \u0161imtuk\u0105.<\/p>\n<p>Gr\u012f\u017e\u0119s i\u0161 karo Normanas Maileris \u0117m\u0117si ra\u0161yti ir, b\u016bdamas vos 25-eri\u0173, tapo populiariu ra\u0161ytoju. Stengdamasis nugal\u0117ti auk\u0161\u010dio baim\u0119, gyveno vir\u0161utiniame dangorai\u017eio auk\u0161te. Jis buvo vienas pirm\u0173j\u0173 intelektual\u0173, nuolat pasirodydavusi\u0173 televizijoje, siek\u0117 tapti Niujorko meru.<\/p>\n","protected":false},"excerpt":{"rendered":"<p>Jie nuogi, nes n\u0117ra kur pasisl\u0117pti nuo prie\u0161o akies. Jie mir\u0119, nes ant kuln\u0173 nuolat lipa mirtis. Ir mir\u0161ta jie \u2013 drauge su savo idealais, viltimis ir baim\u0117mis. Sala Ramiajame vandenyne. Amerikie\u010di\u0173 p\u0117stinink\u0173 divizija turi i\u0161stumti japon\u0173 paj\u0117gas. Tvyrant art\u0117jan\u010di\u0173 m\u016b\u0161i\u0173 \u012ftampai d\u017eiungli\u0173 sekinami kareiviai stengiasi neprarasti \u017emogi\u0161kumo. Ta\u010diau karas \u2013 tik nuo\u017emi ma\u0161ina. Kariams lemta kovoti ne vien su prie\u0161u. Jiems tai ir asmenin\u0117, ir ideologin\u0117 kova. Brolyb\u0117s jausm\u0105 kei\u010dia vieni\u0161umas. Heroizmo \u010dia n\u0117ra. Vienintelis noras \u2013 gr\u012f\u017eti namo gyviems \u2013 skaud\u017eiai pana\u0161us \u012f gyvuli\u0161k\u0105 i\u0161likimo instinkt\u0105. I\u0161 patirties Antrajame pasauliniame kare gimusi knyga \u201eNuogieji ir mirusieji&#8221; laikoma geriausiu amerikie\u010di\u0173 romanu apie kar\u0105. Ji \u012ftraukta \u012f 1998 m. \u201eModern Library&#8221; paskelbt\u0105 svarbiausi\u0173 XX a. roman\u0173 angl\u0173 kalba \u0161imtuk\u0105. Gr\u012f\u017e\u0119s i\u0161 karo Normanas Maileris \u0117m\u0117si ra\u0161yti ir, b\u016bdamas vos 25-eri\u0173, tapo populiariu ra\u0161ytoju. Stengdamasis nugal\u0117ti auk\u0161\u010dio baim\u0119, gyveno vir\u0161utiniame dangorai\u017eio auk\u0161te. Jis buvo vienas pirm\u0173j\u0173 intelektual\u0173, nuolat pasirodydavusi\u0173 televizijoje, siek\u0117 tapti Niujorko meru.<\/p>\n","protected":false},"featured_media":2665,"comment_status":"closed","ping_status":"closed","template":"","meta":{"_acf_changed":false,"site-sidebar-layout":"default","site-content-layout":"","ast-site-content-layout":"default","site-content-style":"default","site-sidebar-style":"default","ast-global-header-display":"","ast-banner-title-visibility":"","ast-main-header-display":"","ast-hfb-above-header-display":"","ast-hfb-below-header-display":"","ast-hfb-mobile-header-display":"","site-post-title":"","ast-breadcrumbs-content":"","ast-featured-img":"","footer-sml-layout":"","ast-disable-related-posts":"","theme-transparent-header-meta":"","adv-header-id-meta":"","stick-header-meta":"","header-above-stick-meta":"","header-main-stick-meta":"","header-below-stick-meta":"","astra-migrate-meta-layouts":"default","ast-page-background-enabled":"default","ast-page-background-meta":{"desktop":{"background-color":"","background-image":"","background-repeat":"repeat","background-position":"center center","background-size":"auto","background-attachment":"scroll","background-type":"","background-media":"","overlay-type":"","overlay-color":"","overlay-opacity":"","overlay-gradient":""},"tablet":{"background-color":"","background-image":"","background-repeat":"repeat","background-position":"center center","background-size":"auto","background-attachment":"scroll","background-type":"","background-media":"","overlay-type":"","overlay-color":"","overlay-opacity":"","overlay-gradient":""},"mobile":{"background-color":"","background-image":"","background-repeat":"repeat","background-position":"center center","background-size":"auto","background-attachment":"scroll","background-type":"","background-media":"","overlay-type":"","overlay-color":"","overlay-opacity":"","overlay-gradient":""}},"ast-content-background-meta":{"desktop":{"background-color":"var(--ast-global-color-4)","background-image":"","background-repeat":"repeat","background-position":"center center","background-size":"auto","background-attachment":"scroll","background-type":"","background-media":"","overlay-type":"","overlay-color":"","overlay-opacity":"","overlay-gradient":""},"tablet":{"background-color":"var(--ast-global-color-4)","background-image":"","background-repeat":"repeat","background-position":"center center","background-size":"auto","background-attachment":"scroll","background-type":"","background-media":"","overlay-type":"","overlay-color":"","overlay-opacity":"","overlay-gradient":""},"mobile":{"background-color":"var(--ast-global-color-4)","background-image":"","background-repeat":"repeat","background-position":"center center","background-size":"auto","background-attachment":"scroll","background-type":"","background-media":"","overlay-type":"","overlay-color":"","overlay-opacity":"","overlay-gradient":""}}},"product_brand":[],"product_cat":[31],"product_tag":[],"class_list":{"0":"post-2634","1":"product","2":"type-product","3":"status-publish","4":"has-post-thumbnail","6":"product_cat-grozine-literatura","7":"desktop-align-left","8":"tablet-align-left","9":"mobile-align-left","11":"first","12":"instock","13":"shipping-taxable","14":"purchasable","15":"product-type-simple"},"acf":[],"yoast_head":"<!-- This site is optimized with the Yoast SEO plugin v27.0 - https:\/\/yoast.com\/product\/yoast-seo-wordpress\/ -->\n<title>Norman Mailer \u201eNuogieji ir mirusieji\u201c - Skaitytaknyga<\/title>\n<meta name=\"description\" content=\"Jie nuogi, nes n\u0117ra kur pasisl\u0117pti nuo prie\u0161o akies. Jie mir\u0119, nes ant kuln\u0173 nuolat lipa mirtis. Ir mir\u0161ta jie \u2013 drauge su savo idealais, viltimis ir\" \/>\n<meta name=\"robots\" content=\"index, follow, max-snippet:-1, max-image-preview:large, max-video-preview:-1\" \/>\n<link rel=\"canonical\" href=\"https:\/\/skaitytaknyga.lt\/en\/produktas\/norman-mailer-nuogieji-ir-mirusieji\/\" \/>\n<meta property=\"og:locale\" content=\"en_GB\" \/>\n<meta property=\"og:locale:alternate\" content=\"lt_LT\" \/>\n<meta property=\"og:type\" content=\"article\" \/>\n<meta property=\"og:title\" content=\"Norman Mailer \u201eNuogieji ir mirusieji\u201c - Skaitytaknyga\" \/>\n<meta property=\"og:description\" content=\"Jie nuogi, nes n\u0117ra kur pasisl\u0117pti nuo prie\u0161o akies. Jie mir\u0119, nes ant kuln\u0173 nuolat lipa mirtis. Ir mir\u0161ta jie \u2013 drauge su savo idealais, viltimis ir\" \/>\n<meta property=\"og:url\" content=\"https:\/\/skaitytaknyga.lt\/en\/produktas\/norman-mailer-nuogieji-ir-mirusieji\/\" \/>\n<meta property=\"og:site_name\" content=\"Skaitytaknyga\" \/>\n<meta property=\"article:publisher\" content=\"https:\/\/www.facebook.com\/skaitytaknyga\/\" \/>\n<meta property=\"article:modified_time\" content=\"2024-05-03T07:15:42+00:00\" \/>\n<meta property=\"og:image\" content=\"https:\/\/skaitytaknyga.lt\/wp-content\/uploads\/2024\/04\/1513764887_img400.jpg\" \/>\n\t<meta property=\"og:image:width\" content=\"282\" \/>\n\t<meta property=\"og:image:height\" content=\"430\" \/>\n\t<meta property=\"og:image:type\" content=\"image\/jpeg\" \/>\n<meta name=\"twitter:card\" content=\"summary_large_image\" \/>\n<meta name=\"twitter:label1\" content=\"Estimated reading time\" \/>\n\t<meta name=\"twitter:data1\" content=\"1 minute\" \/>\n<script type=\"application\/ld+json\" class=\"yoast-schema-graph\">{\"@context\":\"https:\/\/schema.org\",\"@graph\":[{\"@type\":\"WebPage\",\"@id\":\"https:\/\/skaitytaknyga.lt\/produktas\/norman-mailer-nuogieji-ir-mirusieji\/\",\"url\":\"https:\/\/skaitytaknyga.lt\/produktas\/norman-mailer-nuogieji-ir-mirusieji\/\",\"name\":\"Norman Mailer \u201eNuogieji ir mirusieji\u201c - Skaitytaknyga\",\"isPartOf\":{\"@id\":\"https:\/\/skaitytaknyga.lt\/#website\"},\"primaryImageOfPage\":{\"@id\":\"https:\/\/skaitytaknyga.lt\/produktas\/norman-mailer-nuogieji-ir-mirusieji\/#primaryimage\"},\"image\":{\"@id\":\"https:\/\/skaitytaknyga.lt\/produktas\/norman-mailer-nuogieji-ir-mirusieji\/#primaryimage\"},\"thumbnailUrl\":\"https:\/\/skaitytaknyga.lt\/wp-content\/uploads\/2024\/04\/1513764887_img400.jpg\",\"datePublished\":\"2024-04-17T13:16:18+00:00\",\"dateModified\":\"2024-05-03T07:15:42+00:00\",\"description\":\"Jie nuogi, nes n\u0117ra kur pasisl\u0117pti nuo prie\u0161o akies. Jie mir\u0119, nes ant kuln\u0173 nuolat lipa mirtis. Ir mir\u0161ta jie \u2013 drauge su savo idealais, viltimis ir\",\"breadcrumb\":{\"@id\":\"https:\/\/skaitytaknyga.lt\/produktas\/norman-mailer-nuogieji-ir-mirusieji\/#breadcrumb\"},\"inLanguage\":\"en-GB\",\"potentialAction\":[{\"@type\":\"ReadAction\",\"target\":[\"https:\/\/skaitytaknyga.lt\/produktas\/norman-mailer-nuogieji-ir-mirusieji\/\"]}]},{\"@type\":\"ImageObject\",\"inLanguage\":\"en-GB\",\"@id\":\"https:\/\/skaitytaknyga.lt\/produktas\/norman-mailer-nuogieji-ir-mirusieji\/#primaryimage\",\"url\":\"https:\/\/skaitytaknyga.lt\/wp-content\/uploads\/2024\/04\/1513764887_img400.jpg\",\"contentUrl\":\"https:\/\/skaitytaknyga.lt\/wp-content\/uploads\/2024\/04\/1513764887_img400.jpg\",\"width\":282,\"height\":430,\"caption\":\"1513764887 img400\"},{\"@type\":\"BreadcrumbList\",\"@id\":\"https:\/\/skaitytaknyga.lt\/produktas\/norman-mailer-nuogieji-ir-mirusieji\/#breadcrumb\",\"itemListElement\":[{\"@type\":\"ListItem\",\"position\":1,\"name\":\"Home\",\"item\":\"https:\/\/skaitytaknyga.lt\/\"},{\"@type\":\"ListItem\",\"position\":2,\"name\":\"Parduotuv\u0117\",\"item\":\"https:\/\/skaitytaknyga.lt\/knygu-parduotuve\/\"},{\"@type\":\"ListItem\",\"position\":3,\"name\":\"Norman Mailer \u201eNuogieji ir mirusieji\u201c\"}]},{\"@type\":\"WebSite\",\"@id\":\"https:\/\/skaitytaknyga.lt\/#website\",\"url\":\"https:\/\/skaitytaknyga.lt\/\",\"name\":\"skaitytaknyga.lt\",\"description\":\"Skaitytaknyga.lt \u2013 tai ma\u017eas \u0161eimos verslas, kuris prasid\u0117jo nuo meil\u0117s knygoms ir siekio i\u0161gelb\u0117ti knygas nuo likimo prie konteinerio. Kas vienam nereikalingas daiktas \u2013 kitam lobis, o mes esame tarpininkai, kurie padeda abiems tapti laimingesniems ???? \u017dinome kaip nelengva i\u0161gyventi ma\u017eiems verslams, tad nuo \u0161iol, \u010dia rasite ir kit\u0173, ma\u017e\u0173 \u0161eim\u0173 versl\u0173, rank\u0173 darbo, dovan\u0173 sau ir artimiesiems.\",\"publisher\":{\"@id\":\"https:\/\/skaitytaknyga.lt\/#organization\"},\"potentialAction\":[{\"@type\":\"SearchAction\",\"target\":{\"@type\":\"EntryPoint\",\"urlTemplate\":\"https:\/\/skaitytaknyga.lt\/?s={search_term_string}\"},\"query-input\":{\"@type\":\"PropertyValueSpecification\",\"valueRequired\":true,\"valueName\":\"search_term_string\"}}],\"inLanguage\":\"en-GB\"},{\"@type\":\"Organization\",\"@id\":\"https:\/\/skaitytaknyga.lt\/#organization\",\"name\":\"skaitytaknyga.lt\",\"url\":\"https:\/\/skaitytaknyga.lt\/\",\"logo\":{\"@type\":\"ImageObject\",\"inLanguage\":\"en-GB\",\"@id\":\"https:\/\/skaitytaknyga.lt\/#\/schema\/logo\/image\/\",\"url\":\"https:\/\/skaitytaknyga.lt\/wp-content\/uploads\/2024\/05\/cropped-cropped-cropped-02_00843_jt3bggkj1j3HLc7SyY6rEUpg.jpeg\",\"contentUrl\":\"https:\/\/skaitytaknyga.lt\/wp-content\/uploads\/2024\/05\/cropped-cropped-cropped-02_00843_jt3bggkj1j3HLc7SyY6rEUpg.jpeg\",\"width\":1600,\"height\":1600,\"caption\":\"skaitytaknyga.lt\"},\"image\":{\"@id\":\"https:\/\/skaitytaknyga.lt\/#\/schema\/logo\/image\/\"},\"sameAs\":[\"https:\/\/www.facebook.com\/skaitytaknyga\/\"]}]}<\/script>\n<!-- \/ Yoast SEO plugin. -->","yoast_head_json":{"title":"Norman Mailer \u201eNuogieji ir mirusieji\u201c - Skaitytaknyga","description":"Jie nuogi, nes n\u0117ra kur pasisl\u0117pti nuo prie\u0161o akies. Jie mir\u0119, nes ant kuln\u0173 nuolat lipa mirtis. Ir mir\u0161ta jie \u2013 drauge su savo idealais, viltimis ir","robots":{"index":"index","follow":"follow","max-snippet":"max-snippet:-1","max-image-preview":"max-image-preview:large","max-video-preview":"max-video-preview:-1"},"canonical":"https:\/\/skaitytaknyga.lt\/en\/produktas\/norman-mailer-nuogieji-ir-mirusieji\/","og_locale":"en_GB","og_type":"article","og_title":"Norman Mailer \u201eNuogieji ir mirusieji\u201c - Skaitytaknyga","og_description":"Jie nuogi, nes n\u0117ra kur pasisl\u0117pti nuo prie\u0161o akies. Jie mir\u0119, nes ant kuln\u0173 nuolat lipa mirtis. Ir mir\u0161ta jie \u2013 drauge su savo idealais, viltimis ir","og_url":"https:\/\/skaitytaknyga.lt\/en\/produktas\/norman-mailer-nuogieji-ir-mirusieji\/","og_site_name":"Skaitytaknyga","article_publisher":"https:\/\/www.facebook.com\/skaitytaknyga\/","article_modified_time":"2024-05-03T07:15:42+00:00","og_image":[{"width":282,"height":430,"url":"https:\/\/skaitytaknyga.lt\/wp-content\/uploads\/2024\/04\/1513764887_img400.jpg","type":"image\/jpeg"}],"twitter_card":"summary_large_image","twitter_misc":{"Estimated reading time":"1 minute"},"schema":{"@context":"https:\/\/schema.org","@graph":[{"@type":"WebPage","@id":"https:\/\/skaitytaknyga.lt\/produktas\/norman-mailer-nuogieji-ir-mirusieji\/","url":"https:\/\/skaitytaknyga.lt\/produktas\/norman-mailer-nuogieji-ir-mirusieji\/","name":"Norman Mailer \u201eNuogieji ir mirusieji\u201c - Skaitytaknyga","isPartOf":{"@id":"https:\/\/skaitytaknyga.lt\/#website"},"primaryImageOfPage":{"@id":"https:\/\/skaitytaknyga.lt\/produktas\/norman-mailer-nuogieji-ir-mirusieji\/#primaryimage"},"image":{"@id":"https:\/\/skaitytaknyga.lt\/produktas\/norman-mailer-nuogieji-ir-mirusieji\/#primaryimage"},"thumbnailUrl":"https:\/\/skaitytaknyga.lt\/wp-content\/uploads\/2024\/04\/1513764887_img400.jpg","datePublished":"2024-04-17T13:16:18+00:00","dateModified":"2024-05-03T07:15:42+00:00","description":"Jie nuogi, nes n\u0117ra kur pasisl\u0117pti nuo prie\u0161o akies. Jie mir\u0119, nes ant kuln\u0173 nuolat lipa mirtis. Ir mir\u0161ta jie \u2013 drauge su savo idealais, viltimis ir","breadcrumb":{"@id":"https:\/\/skaitytaknyga.lt\/produktas\/norman-mailer-nuogieji-ir-mirusieji\/#breadcrumb"},"inLanguage":"en-GB","potentialAction":[{"@type":"ReadAction","target":["https:\/\/skaitytaknyga.lt\/produktas\/norman-mailer-nuogieji-ir-mirusieji\/"]}]},{"@type":"ImageObject","inLanguage":"en-GB","@id":"https:\/\/skaitytaknyga.lt\/produktas\/norman-mailer-nuogieji-ir-mirusieji\/#primaryimage","url":"https:\/\/skaitytaknyga.lt\/wp-content\/uploads\/2024\/04\/1513764887_img400.jpg","contentUrl":"https:\/\/skaitytaknyga.lt\/wp-content\/uploads\/2024\/04\/1513764887_img400.jpg","width":282,"height":430,"caption":"1513764887 img400"},{"@type":"BreadcrumbList","@id":"https:\/\/skaitytaknyga.lt\/produktas\/norman-mailer-nuogieji-ir-mirusieji\/#breadcrumb","itemListElement":[{"@type":"ListItem","position":1,"name":"Home","item":"https:\/\/skaitytaknyga.lt\/"},{"@type":"ListItem","position":2,"name":"Parduotuv\u0117","item":"https:\/\/skaitytaknyga.lt\/knygu-parduotuve\/"},{"@type":"ListItem","position":3,"name":"Norman Mailer \u201eNuogieji ir mirusieji\u201c"}]},{"@type":"WebSite","@id":"https:\/\/skaitytaknyga.lt\/#website","url":"https:\/\/skaitytaknyga.lt\/","name":"skaitytaknyga.lt","description":"Skaitytaknyga.lt \u2013 tai ma\u017eas \u0161eimos verslas, kuris prasid\u0117jo nuo meil\u0117s knygoms ir siekio i\u0161gelb\u0117ti knygas nuo likimo prie konteinerio. Kas vienam nereikalingas daiktas \u2013 kitam lobis, o mes esame tarpininkai, kurie padeda abiems tapti laimingesniems ???? \u017dinome kaip nelengva i\u0161gyventi ma\u017eiems verslams, tad nuo \u0161iol, \u010dia rasite ir kit\u0173, ma\u017e\u0173 \u0161eim\u0173 versl\u0173, rank\u0173 darbo, dovan\u0173 sau ir artimiesiems.","publisher":{"@id":"https:\/\/skaitytaknyga.lt\/#organization"},"potentialAction":[{"@type":"SearchAction","target":{"@type":"EntryPoint","urlTemplate":"https:\/\/skaitytaknyga.lt\/?s={search_term_string}"},"query-input":{"@type":"PropertyValueSpecification","valueRequired":true,"valueName":"search_term_string"}}],"inLanguage":"en-GB"},{"@type":"Organization","@id":"https:\/\/skaitytaknyga.lt\/#organization","name":"skaitytaknyga.lt","url":"https:\/\/skaitytaknyga.lt\/","logo":{"@type":"ImageObject","inLanguage":"en-GB","@id":"https:\/\/skaitytaknyga.lt\/#\/schema\/logo\/image\/","url":"https:\/\/skaitytaknyga.lt\/wp-content\/uploads\/2024\/05\/cropped-cropped-cropped-02_00843_jt3bggkj1j3HLc7SyY6rEUpg.jpeg","contentUrl":"https:\/\/skaitytaknyga.lt\/wp-content\/uploads\/2024\/05\/cropped-cropped-cropped-02_00843_jt3bggkj1j3HLc7SyY6rEUpg.jpeg","width":1600,"height":1600,"caption":"skaitytaknyga.lt"},"image":{"@id":"https:\/\/skaitytaknyga.lt\/#\/schema\/logo\/image\/"},"sameAs":["https:\/\/www.facebook.com\/skaitytaknyga\/"]}]}},"_links":{"self":[{"href":"https:\/\/skaitytaknyga.lt\/en\/wp-json\/wp\/v2\/product\/2634","targetHints":{"allow":["GET"]}}],"collection":[{"href":"https:\/\/skaitytaknyga.lt\/en\/wp-json\/wp\/v2\/product"}],"about":[{"href":"https:\/\/skaitytaknyga.lt\/en\/wp-json\/wp\/v2\/types\/product"}],"replies":[{"embeddable":true,"href":"https:\/\/skaitytaknyga.lt\/en\/wp-json\/wp\/v2\/comments?post=2634"}],"wp:featuredmedia":[{"embeddable":true,"href":"https:\/\/skaitytaknyga.lt\/en\/wp-json\/wp\/v2\/media\/2665"}],"wp:attachment":[{"href":"https:\/\/skaitytaknyga.lt\/en\/wp-json\/wp\/v2\/media?parent=2634"}],"wp:term":[{"taxonomy":"product_brand","embeddable":true,"href":"https:\/\/skaitytaknyga.lt\/en\/wp-json\/wp\/v2\/product_brand?post=2634"},{"taxonomy":"product_cat","embeddable":true,"href":"https:\/\/skaitytaknyga.lt\/en\/wp-json\/wp\/v2\/product_cat?post=2634"},{"taxonomy":"product_tag","embeddable":true,"href":"https:\/\/skaitytaknyga.lt\/en\/wp-json\/wp\/v2\/product_tag?post=2634"}],"curies":[{"name":"wp","href":"https:\/\/api.w.org\/{rel}","templated":true}]}}