{"id":2610,"date":"2024-04-17T13:15:54","date_gmt":"2024-04-17T13:15:54","guid":{"rendered":"https:\/\/skaitytaknyga.lt\/?post_type=product&#038;p=2610"},"modified":"2025-05-13T15:24:11","modified_gmt":"2025-05-13T12:24:11","slug":"frank-david-cardelle-kaip-iveikti-liudesi-budai-nuotaikai-pagerinti","status":"publish","type":"product","link":"https:\/\/skaitytaknyga.lt\/en\/produktas\/frank-david-cardelle-kaip-iveikti-liudesi-budai-nuotaikai-pagerinti\/","title":{"rendered":"Kaip \u012fveikti li\u016bdes\u012f. B\u016bdai nuotaikai pagerinti"},"content":{"rendered":"<p>Frank David Cardelle \u2013 gerai \u017einomas visame pasaulyje psichologijos moksl\u0173 daktaras, keliautojas ir ra\u0161ytojas. Profesorius F. D. Cardelle konsultuoja Jungtini\u0173 Taut\u0173 darbuotojus, dalyvauja formuojant \u012fvairi\u0173 vyriausybini\u0173 organizacij\u0173 komandas, padeda verslininkams ir vadovams rasti tinkamiausius sprendimus, rengia mokymus ir seminarus \u012fvairiose pasaulio \u0161alyse.<\/p>\n<p>Autorius teigia, kad \u201ePasaulio Siela \u2013 gyva, ritmi\u0161kai pulsuojanti, besiskleid\u017eianti \u017dini\u0173 vienov\u0117, valdanti Planetos siel\u0105. Ji apima vis\u0105 k\u016brinij\u0105: \u017emones, gyv\u016bnus, augalus, mineralus, vandenynus, atskirus individus ir bendruomenes. Ji juos \u017eadina ir moko jungtis, kad vyraut\u0173 darna.&#8221;<\/p>\n<p>Knygos nuostatos padeda ne tik geriau pa\u017einti save, bet ir suvokti, kad \u201evisa yra viena&#8221;. Kokia bus rytdiena \u2013 priklauso nuo m\u016bs\u0173 min\u010di\u0173, veiksm\u0173 ir atsakomyb\u0117s. Autorius si\u016blo atvirai \u017evelgti \u012f gyvenim\u0105, tapti tikrais savo gyvenimo vadovais ir k\u016br\u0117jais.<\/p>\n","protected":false},"excerpt":{"rendered":"<p>Frank David Cardelle \u2013 gerai \u017einomas visame pasaulyje psichologijos moksl\u0173 daktaras, keliautojas ir ra\u0161ytojas. Profesorius F. D. Cardelle konsultuoja Jungtini\u0173 Taut\u0173 darbuotojus, dalyvauja formuojant \u012fvairi\u0173 vyriausybini\u0173 organizacij\u0173 komandas, padeda verslininkams ir vadovams rasti tinkamiausius sprendimus, rengia mokymus ir seminarus \u012fvairiose pasaulio \u0161alyse. Autorius teigia, kad \u201ePasaulio Siela \u2013 gyva, ritmi\u0161kai pulsuojanti, besiskleid\u017eianti \u017dini\u0173 vienov\u0117, valdanti Planetos siel\u0105. Ji apima vis\u0105 k\u016brinij\u0105: \u017emones, gyv\u016bnus, augalus, mineralus, vandenynus, atskirus individus ir bendruomenes. Ji juos \u017eadina ir moko jungtis, kad vyraut\u0173 darna.&#8221; Knygos nuostatos padeda ne tik geriau pa\u017einti save, bet ir suvokti, kad \u201evisa yra viena&#8221;. Kokia bus rytdiena \u2013 priklauso nuo m\u016bs\u0173 min\u010di\u0173, veiksm\u0173 ir atsakomyb\u0117s. Autorius si\u016blo atvirai \u017evelgti \u012f gyvenim\u0105, tapti tikrais savo gyvenimo vadovais ir k\u016br\u0117jais.<\/p>\n","protected":false},"featured_media":2662,"comment_status":"closed","ping_status":"closed","template":"","meta":{"_acf_changed":false,"site-sidebar-layout":"default","site-content-layout":"","ast-site-content-layout":"default","site-content-style":"default","site-sidebar-style":"default","ast-global-header-display":"","ast-banner-title-visibility":"","ast-main-header-display":"","ast-hfb-above-header-display":"","ast-hfb-below-header-display":"","ast-hfb-mobile-header-display":"","site-post-title":"","ast-breadcrumbs-content":"","ast-featured-img":"","footer-sml-layout":"","ast-disable-related-posts":"","theme-transparent-header-meta":"","adv-header-id-meta":"","stick-header-meta":"","header-above-stick-meta":"","header-main-stick-meta":"","header-below-stick-meta":"","astra-migrate-meta-layouts":"default","ast-page-background-enabled":"default","ast-page-background-meta":{"desktop":{"background-color":"","background-image":"","background-repeat":"repeat","background-position":"center center","background-size":"auto","background-attachment":"scroll","background-type":"","background-media":"","overlay-type":"","overlay-color":"","overlay-opacity":"","overlay-gradient":""},"tablet":{"background-color":"","background-image":"","background-repeat":"repeat","background-position":"center center","background-size":"auto","background-attachment":"scroll","background-type":"","background-media":"","overlay-type":"","overlay-color":"","overlay-opacity":"","overlay-gradient":""},"mobile":{"background-color":"","background-image":"","background-repeat":"repeat","background-position":"center center","background-size":"auto","background-attachment":"scroll","background-type":"","background-media":"","overlay-type":"","overlay-color":"","overlay-opacity":"","overlay-gradient":""}},"ast-content-background-meta":{"desktop":{"background-color":"var(--ast-global-color-4)","background-image":"","background-repeat":"repeat","background-position":"center center","background-size":"auto","background-attachment":"scroll","background-type":"","background-media":"","overlay-type":"","overlay-color":"","overlay-opacity":"","overlay-gradient":""},"tablet":{"background-color":"var(--ast-global-color-4)","background-image":"","background-repeat":"repeat","background-position":"center center","background-size":"auto","background-attachment":"scroll","background-type":"","background-media":"","overlay-type":"","overlay-color":"","overlay-opacity":"","overlay-gradient":""},"mobile":{"background-color":"var(--ast-global-color-4)","background-image":"","background-repeat":"repeat","background-position":"center center","background-size":"auto","background-attachment":"scroll","background-type":"","background-media":"","overlay-type":"","overlay-color":"","overlay-opacity":"","overlay-gradient":""}}},"product_brand":[],"product_cat":[30],"product_tag":[1669,2408,2409,1392],"class_list":{"0":"post-2610","1":"product","2":"type-product","3":"status-publish","4":"has-post-thumbnail","6":"product_cat-psichologija-ir-saviugda","7":"product_tag-emocine-sveikata","8":"product_tag-kaip-iveikti-liudesi","9":"product_tag-nuotaikos-gerinimas","10":"product_tag-psichologija","11":"desktop-align-left","12":"tablet-align-left","13":"mobile-align-left","15":"first","16":"instock","17":"shipping-taxable","18":"purchasable","19":"product-type-simple"},"acf":[],"yoast_head":"<!-- This site is optimized with the Yoast SEO plugin v27.0 - https:\/\/yoast.com\/product\/yoast-seo-wordpress\/ -->\n<title>Kaip \u012fveikti li\u016bdes\u012f. B\u016bdai nuotaikai pagerinti<\/title>\n<meta name=\"description\" content=\"Frank David Cardelle \u2013 gerai \u017einomas visame pasaulyje psichologijos moksl\u0173 daktaras, keliautojas ir ra\u0161ytojas. Profesorius F. D. Cardelle konsultuoja\" \/>\n<meta name=\"robots\" content=\"index, follow, max-snippet:-1, max-image-preview:large, max-video-preview:-1\" \/>\n<link rel=\"canonical\" href=\"https:\/\/skaitytaknyga.lt\/en\/produktas\/frank-david-cardelle-kaip-iveikti-liudesi-budai-nuotaikai-pagerinti\/\" \/>\n<meta property=\"og:locale\" content=\"en_GB\" \/>\n<meta property=\"og:locale:alternate\" content=\"lt_LT\" \/>\n<meta property=\"og:type\" content=\"article\" \/>\n<meta property=\"og:title\" content=\"Kaip \u012fveikti li\u016bdes\u012f. B\u016bdai nuotaikai pagerinti\" \/>\n<meta property=\"og:description\" content=\"Frank David Cardelle \u2013 gerai \u017einomas visame pasaulyje psichologijos moksl\u0173 daktaras, keliautojas ir ra\u0161ytojas. Profesorius F. D. Cardelle konsultuoja\" \/>\n<meta property=\"og:url\" content=\"https:\/\/skaitytaknyga.lt\/en\/produktas\/frank-david-cardelle-kaip-iveikti-liudesi-budai-nuotaikai-pagerinti\/\" \/>\n<meta property=\"og:site_name\" content=\"Skaitytaknyga\" \/>\n<meta property=\"article:publisher\" content=\"https:\/\/www.facebook.com\/skaitytaknyga\/\" \/>\n<meta property=\"article:modified_time\" content=\"2025-05-13T12:24:11+00:00\" \/>\n<meta property=\"og:image\" content=\"https:\/\/skaitytaknyga.lt\/wp-content\/uploads\/2024\/04\/1462874677_cdbpasaulio-siela-virselisz1.jpg\" \/>\n\t<meta property=\"og:image:width\" content=\"262\" \/>\n\t<meta property=\"og:image:height\" content=\"430\" \/>\n\t<meta property=\"og:image:type\" content=\"image\/jpeg\" \/>\n<meta name=\"twitter:card\" content=\"summary_large_image\" \/>\n<meta name=\"twitter:label1\" content=\"Estimated reading time\" \/>\n\t<meta name=\"twitter:data1\" content=\"1 minute\" \/>\n<script type=\"application\/ld+json\" class=\"yoast-schema-graph\">{\"@context\":\"https:\/\/schema.org\",\"@graph\":[{\"@type\":\"WebPage\",\"@id\":\"https:\/\/skaitytaknyga.lt\/produktas\/frank-david-cardelle-kaip-iveikti-liudesi-budai-nuotaikai-pagerinti\/\",\"url\":\"https:\/\/skaitytaknyga.lt\/produktas\/frank-david-cardelle-kaip-iveikti-liudesi-budai-nuotaikai-pagerinti\/\",\"name\":\"Kaip \u012fveikti li\u016bdes\u012f. B\u016bdai nuotaikai pagerinti\",\"isPartOf\":{\"@id\":\"https:\/\/skaitytaknyga.lt\/#website\"},\"primaryImageOfPage\":{\"@id\":\"https:\/\/skaitytaknyga.lt\/produktas\/frank-david-cardelle-kaip-iveikti-liudesi-budai-nuotaikai-pagerinti\/#primaryimage\"},\"image\":{\"@id\":\"https:\/\/skaitytaknyga.lt\/produktas\/frank-david-cardelle-kaip-iveikti-liudesi-budai-nuotaikai-pagerinti\/#primaryimage\"},\"thumbnailUrl\":\"https:\/\/skaitytaknyga.lt\/wp-content\/uploads\/2024\/04\/1462874677_cdbpasaulio-siela-virselisz1.jpg\",\"datePublished\":\"2024-04-17T13:15:54+00:00\",\"dateModified\":\"2025-05-13T12:24:11+00:00\",\"description\":\"Frank David Cardelle \u2013 gerai \u017einomas visame pasaulyje psichologijos moksl\u0173 daktaras, keliautojas ir ra\u0161ytojas. Profesorius F. D. Cardelle konsultuoja\",\"breadcrumb\":{\"@id\":\"https:\/\/skaitytaknyga.lt\/produktas\/frank-david-cardelle-kaip-iveikti-liudesi-budai-nuotaikai-pagerinti\/#breadcrumb\"},\"inLanguage\":\"en-GB\",\"potentialAction\":[{\"@type\":\"ReadAction\",\"target\":[\"https:\/\/skaitytaknyga.lt\/produktas\/frank-david-cardelle-kaip-iveikti-liudesi-budai-nuotaikai-pagerinti\/\"]}]},{\"@type\":\"ImageObject\",\"inLanguage\":\"en-GB\",\"@id\":\"https:\/\/skaitytaknyga.lt\/produktas\/frank-david-cardelle-kaip-iveikti-liudesi-budai-nuotaikai-pagerinti\/#primaryimage\",\"url\":\"https:\/\/skaitytaknyga.lt\/wp-content\/uploads\/2024\/04\/1462874677_cdbpasaulio-siela-virselisz1.jpg\",\"contentUrl\":\"https:\/\/skaitytaknyga.lt\/wp-content\/uploads\/2024\/04\/1462874677_cdbpasaulio-siela-virselisz1.jpg\",\"width\":262,\"height\":430,\"caption\":\"1462874677 cdbpasaulio siela virselisz1\"},{\"@type\":\"BreadcrumbList\",\"@id\":\"https:\/\/skaitytaknyga.lt\/produktas\/frank-david-cardelle-kaip-iveikti-liudesi-budai-nuotaikai-pagerinti\/#breadcrumb\",\"itemListElement\":[{\"@type\":\"ListItem\",\"position\":1,\"name\":\"Home\",\"item\":\"https:\/\/skaitytaknyga.lt\/\"},{\"@type\":\"ListItem\",\"position\":2,\"name\":\"Parduotuv\u0117\",\"item\":\"https:\/\/skaitytaknyga.lt\/knygu-parduotuve\/\"},{\"@type\":\"ListItem\",\"position\":3,\"name\":\"Kaip \u012fveikti li\u016bdes\u012f. B\u016bdai nuotaikai pagerinti\"}]},{\"@type\":\"WebSite\",\"@id\":\"https:\/\/skaitytaknyga.lt\/#website\",\"url\":\"https:\/\/skaitytaknyga.lt\/\",\"name\":\"skaitytaknyga.lt\",\"description\":\"Skaitytaknyga.lt \u2013 tai ma\u017eas \u0161eimos verslas, kuris prasid\u0117jo nuo meil\u0117s knygoms ir siekio i\u0161gelb\u0117ti knygas nuo likimo prie konteinerio. Kas vienam nereikalingas daiktas \u2013 kitam lobis, o mes esame tarpininkai, kurie padeda abiems tapti laimingesniems ???? \u017dinome kaip nelengva i\u0161gyventi ma\u017eiems verslams, tad nuo \u0161iol, \u010dia rasite ir kit\u0173, ma\u017e\u0173 \u0161eim\u0173 versl\u0173, rank\u0173 darbo, dovan\u0173 sau ir artimiesiems.\",\"publisher\":{\"@id\":\"https:\/\/skaitytaknyga.lt\/#organization\"},\"potentialAction\":[{\"@type\":\"SearchAction\",\"target\":{\"@type\":\"EntryPoint\",\"urlTemplate\":\"https:\/\/skaitytaknyga.lt\/?s={search_term_string}\"},\"query-input\":{\"@type\":\"PropertyValueSpecification\",\"valueRequired\":true,\"valueName\":\"search_term_string\"}}],\"inLanguage\":\"en-GB\"},{\"@type\":\"Organization\",\"@id\":\"https:\/\/skaitytaknyga.lt\/#organization\",\"name\":\"skaitytaknyga.lt\",\"url\":\"https:\/\/skaitytaknyga.lt\/\",\"logo\":{\"@type\":\"ImageObject\",\"inLanguage\":\"en-GB\",\"@id\":\"https:\/\/skaitytaknyga.lt\/#\/schema\/logo\/image\/\",\"url\":\"https:\/\/skaitytaknyga.lt\/wp-content\/uploads\/2024\/05\/cropped-cropped-cropped-02_00843_jt3bggkj1j3HLc7SyY6rEUpg.jpeg\",\"contentUrl\":\"https:\/\/skaitytaknyga.lt\/wp-content\/uploads\/2024\/05\/cropped-cropped-cropped-02_00843_jt3bggkj1j3HLc7SyY6rEUpg.jpeg\",\"width\":1600,\"height\":1600,\"caption\":\"skaitytaknyga.lt\"},\"image\":{\"@id\":\"https:\/\/skaitytaknyga.lt\/#\/schema\/logo\/image\/\"},\"sameAs\":[\"https:\/\/www.facebook.com\/skaitytaknyga\/\"]}]}<\/script>\n<!-- \/ Yoast SEO plugin. -->","yoast_head_json":{"title":"Kaip \u012fveikti li\u016bdes\u012f. B\u016bdai nuotaikai pagerinti","description":"Frank David Cardelle \u2013 gerai \u017einomas visame pasaulyje psichologijos moksl\u0173 daktaras, keliautojas ir ra\u0161ytojas. Profesorius F. D. Cardelle konsultuoja","robots":{"index":"index","follow":"follow","max-snippet":"max-snippet:-1","max-image-preview":"max-image-preview:large","max-video-preview":"max-video-preview:-1"},"canonical":"https:\/\/skaitytaknyga.lt\/en\/produktas\/frank-david-cardelle-kaip-iveikti-liudesi-budai-nuotaikai-pagerinti\/","og_locale":"en_GB","og_type":"article","og_title":"[:lt]Kaip \u012fveikti li\u016bdes\u012f. B\u016bdai nuotaikai pagerinti[:] - Skaitytaknyga","og_description":"Frank David Cardelle \u2013 gerai \u017einomas visame pasaulyje psichologijos moksl\u0173 daktaras, keliautojas ir ra\u0161ytojas. Profesorius F. D. Cardelle konsultuoja","og_url":"https:\/\/skaitytaknyga.lt\/en\/produktas\/frank-david-cardelle-kaip-iveikti-liudesi-budai-nuotaikai-pagerinti\/","og_site_name":"Skaitytaknyga","article_publisher":"https:\/\/www.facebook.com\/skaitytaknyga\/","article_modified_time":"2025-05-13T12:24:11+00:00","og_image":[{"width":262,"height":430,"url":"https:\/\/skaitytaknyga.lt\/wp-content\/uploads\/2024\/04\/1462874677_cdbpasaulio-siela-virselisz1.jpg","type":"image\/jpeg"}],"twitter_card":"summary_large_image","twitter_misc":{"Estimated reading time":"1 minute"},"schema":{"@context":"https:\/\/schema.org","@graph":[{"@type":"WebPage","@id":"https:\/\/skaitytaknyga.lt\/produktas\/frank-david-cardelle-kaip-iveikti-liudesi-budai-nuotaikai-pagerinti\/","url":"https:\/\/skaitytaknyga.lt\/produktas\/frank-david-cardelle-kaip-iveikti-liudesi-budai-nuotaikai-pagerinti\/","name":"Kaip \u012fveikti li\u016bdes\u012f. B\u016bdai nuotaikai pagerinti","isPartOf":{"@id":"https:\/\/skaitytaknyga.lt\/#website"},"primaryImageOfPage":{"@id":"https:\/\/skaitytaknyga.lt\/produktas\/frank-david-cardelle-kaip-iveikti-liudesi-budai-nuotaikai-pagerinti\/#primaryimage"},"image":{"@id":"https:\/\/skaitytaknyga.lt\/produktas\/frank-david-cardelle-kaip-iveikti-liudesi-budai-nuotaikai-pagerinti\/#primaryimage"},"thumbnailUrl":"https:\/\/skaitytaknyga.lt\/wp-content\/uploads\/2024\/04\/1462874677_cdbpasaulio-siela-virselisz1.jpg","datePublished":"2024-04-17T13:15:54+00:00","dateModified":"2025-05-13T12:24:11+00:00","description":"Frank David Cardelle \u2013 gerai \u017einomas visame pasaulyje psichologijos moksl\u0173 daktaras, keliautojas ir ra\u0161ytojas. Profesorius F. D. Cardelle konsultuoja","breadcrumb":{"@id":"https:\/\/skaitytaknyga.lt\/produktas\/frank-david-cardelle-kaip-iveikti-liudesi-budai-nuotaikai-pagerinti\/#breadcrumb"},"inLanguage":"en-GB","potentialAction":[{"@type":"ReadAction","target":["https:\/\/skaitytaknyga.lt\/produktas\/frank-david-cardelle-kaip-iveikti-liudesi-budai-nuotaikai-pagerinti\/"]}]},{"@type":"ImageObject","inLanguage":"en-GB","@id":"https:\/\/skaitytaknyga.lt\/produktas\/frank-david-cardelle-kaip-iveikti-liudesi-budai-nuotaikai-pagerinti\/#primaryimage","url":"https:\/\/skaitytaknyga.lt\/wp-content\/uploads\/2024\/04\/1462874677_cdbpasaulio-siela-virselisz1.jpg","contentUrl":"https:\/\/skaitytaknyga.lt\/wp-content\/uploads\/2024\/04\/1462874677_cdbpasaulio-siela-virselisz1.jpg","width":262,"height":430,"caption":"1462874677 cdbpasaulio siela virselisz1"},{"@type":"BreadcrumbList","@id":"https:\/\/skaitytaknyga.lt\/produktas\/frank-david-cardelle-kaip-iveikti-liudesi-budai-nuotaikai-pagerinti\/#breadcrumb","itemListElement":[{"@type":"ListItem","position":1,"name":"Home","item":"https:\/\/skaitytaknyga.lt\/"},{"@type":"ListItem","position":2,"name":"Parduotuv\u0117","item":"https:\/\/skaitytaknyga.lt\/knygu-parduotuve\/"},{"@type":"ListItem","position":3,"name":"Kaip \u012fveikti li\u016bdes\u012f. B\u016bdai nuotaikai pagerinti"}]},{"@type":"WebSite","@id":"https:\/\/skaitytaknyga.lt\/#website","url":"https:\/\/skaitytaknyga.lt\/","name":"skaitytaknyga.lt","description":"Skaitytaknyga.lt \u2013 tai ma\u017eas \u0161eimos verslas, kuris prasid\u0117jo nuo meil\u0117s knygoms ir siekio i\u0161gelb\u0117ti knygas nuo likimo prie konteinerio. Kas vienam nereikalingas daiktas \u2013 kitam lobis, o mes esame tarpininkai, kurie padeda abiems tapti laimingesniems ???? \u017dinome kaip nelengva i\u0161gyventi ma\u017eiems verslams, tad nuo \u0161iol, \u010dia rasite ir kit\u0173, ma\u017e\u0173 \u0161eim\u0173 versl\u0173, rank\u0173 darbo, dovan\u0173 sau ir artimiesiems.","publisher":{"@id":"https:\/\/skaitytaknyga.lt\/#organization"},"potentialAction":[{"@type":"SearchAction","target":{"@type":"EntryPoint","urlTemplate":"https:\/\/skaitytaknyga.lt\/?s={search_term_string}"},"query-input":{"@type":"PropertyValueSpecification","valueRequired":true,"valueName":"search_term_string"}}],"inLanguage":"en-GB"},{"@type":"Organization","@id":"https:\/\/skaitytaknyga.lt\/#organization","name":"skaitytaknyga.lt","url":"https:\/\/skaitytaknyga.lt\/","logo":{"@type":"ImageObject","inLanguage":"en-GB","@id":"https:\/\/skaitytaknyga.lt\/#\/schema\/logo\/image\/","url":"https:\/\/skaitytaknyga.lt\/wp-content\/uploads\/2024\/05\/cropped-cropped-cropped-02_00843_jt3bggkj1j3HLc7SyY6rEUpg.jpeg","contentUrl":"https:\/\/skaitytaknyga.lt\/wp-content\/uploads\/2024\/05\/cropped-cropped-cropped-02_00843_jt3bggkj1j3HLc7SyY6rEUpg.jpeg","width":1600,"height":1600,"caption":"skaitytaknyga.lt"},"image":{"@id":"https:\/\/skaitytaknyga.lt\/#\/schema\/logo\/image\/"},"sameAs":["https:\/\/www.facebook.com\/skaitytaknyga\/"]}]}},"_links":{"self":[{"href":"https:\/\/skaitytaknyga.lt\/en\/wp-json\/wp\/v2\/product\/2610","targetHints":{"allow":["GET"]}}],"collection":[{"href":"https:\/\/skaitytaknyga.lt\/en\/wp-json\/wp\/v2\/product"}],"about":[{"href":"https:\/\/skaitytaknyga.lt\/en\/wp-json\/wp\/v2\/types\/product"}],"replies":[{"embeddable":true,"href":"https:\/\/skaitytaknyga.lt\/en\/wp-json\/wp\/v2\/comments?post=2610"}],"wp:featuredmedia":[{"embeddable":true,"href":"https:\/\/skaitytaknyga.lt\/en\/wp-json\/wp\/v2\/media\/2662"}],"wp:attachment":[{"href":"https:\/\/skaitytaknyga.lt\/en\/wp-json\/wp\/v2\/media?parent=2610"}],"wp:term":[{"taxonomy":"product_brand","embeddable":true,"href":"https:\/\/skaitytaknyga.lt\/en\/wp-json\/wp\/v2\/product_brand?post=2610"},{"taxonomy":"product_cat","embeddable":true,"href":"https:\/\/skaitytaknyga.lt\/en\/wp-json\/wp\/v2\/product_cat?post=2610"},{"taxonomy":"product_tag","embeddable":true,"href":"https:\/\/skaitytaknyga.lt\/en\/wp-json\/wp\/v2\/product_tag?post=2610"}],"curies":[{"name":"wp","href":"https:\/\/api.w.org\/{rel}","templated":true}]}}