{"id":2607,"date":"2024-04-17T13:15:54","date_gmt":"2024-04-17T13:15:54","guid":{"rendered":"https:\/\/skaitytaknyga.lt\/?post_type=product&#038;p=2607"},"modified":"2025-09-16T15:11:05","modified_gmt":"2025-09-16T12:11:05","slug":"l-lavaste-skersgatvis-dviems","status":"publish","type":"product","link":"https:\/\/skaitytaknyga.lt\/en\/produktas\/l-lavaste-skersgatvis-dviems\/","title":{"rendered":"L. Lavast\u0117 \u201eSkersgatvis dviems\u201c"},"content":{"rendered":"<p>Ra\u0161yti apie moter\u012f \u2013 tai plaukioti trapia valtele po banguojant\u012f aistr\u0173 vandenyn\u0105.<\/p>\n<p>Nuryti s\u016brius jo purslus, panirti \u012f traukian\u010dias ir bauginan\u010dias jo gelmes, u\u017eplaukti ant klasting\u0173 seklum\u0173, rasti negyvenam\u0105 sal\u0105 ir i\u0161kelti joje pergal\u0117s ar pralaim\u0117jimo v\u0117liav\u0105.<\/p>\n<p>Ra\u0161yti apie vyr\u0105 \u2013 pavojingas ir alinantis \u0161achtininko darbas.<\/p>\n<p>Apgraibomis, tamsoje, dulk\u0117se, milimetr\u0105 po milimetro dau\u017eant kirtikliu kiet\u0105 uolien\u0105, kad pagaliau atskilt\u0173 \u017e\u0117rin\u010dio akmens kruopel\u0117. Arba per galv\u0105 kauk\u0161tel\u0117t\u0173 i\u0161judintas sunkus luitas.<\/p>\n<p>Vyras ir moteris. Moteris \u2013 ir vyras.<\/p>\n<p>Laim\u0117, jei j\u0173 pasauliai susikerta.<\/p>\n<p>Blogiau, jei jie nutolsta greitkeliais ar atsitrenkia \u012f akligatvio \u017eenkl\u0105.<\/p>\n<p>Savo talento gerb\u0117jams \u201eLietuvos ryto\u201c \u017eurnalist\u0117 Laima Lavaste, \u0161maik\u0161\u010dios knygos \u201eLinksma knyga apie suomius ir Suomij\u0105\u201c (2005) autor\u0117, pristato antr\u0105j\u0105 knyg\u0105.<\/p>\n<p>Ironi\u0161k\u0105 ir graud\u017ei\u0105, linksm\u0105 ir sukre\u010dian\u010di\u0105, skausming\u0105 ir atvir\u0105.<br \/>\nKnyg\u0105, kurioje vyras ir moteris \u2013 jaudinamai nuogi.<\/p>\n","protected":false},"excerpt":{"rendered":"<p>Ra\u0161yti apie moter\u012f \u2013 tai plaukioti trapia valtele po banguojant\u012f aistr\u0173 vandenyn\u0105. Nuryti s\u016brius jo purslus, panirti \u012f traukian\u010dias ir bauginan\u010dias jo gelmes, u\u017eplaukti ant klasting\u0173 seklum\u0173, rasti negyvenam\u0105 sal\u0105 ir i\u0161kelti joje pergal\u0117s ar pralaim\u0117jimo v\u0117liav\u0105. Ra\u0161yti apie vyr\u0105 \u2013 pavojingas ir alinantis \u0161achtininko darbas. Apgraibomis, tamsoje, dulk\u0117se, milimetr\u0105 po milimetro dau\u017eant kirtikliu kiet\u0105 uolien\u0105, kad pagaliau atskilt\u0173 \u017e\u0117rin\u010dio akmens kruopel\u0117. Arba per galv\u0105 kauk\u0161tel\u0117t\u0173 i\u0161judintas sunkus luitas. Vyras ir moteris. Moteris \u2013 ir vyras. Laim\u0117, jei j\u0173 pasauliai susikerta. Blogiau, jei jie nutolsta greitkeliais ar atsitrenkia \u012f akligatvio \u017eenkl\u0105. Savo talento gerb\u0117jams \u201eLietuvos ryto\u201c \u017eurnalist\u0117 Laima Lavaste, \u0161maik\u0161\u010dios knygos \u201eLinksma knyga apie suomius ir Suomij\u0105\u201c (2005) autor\u0117, pristato antr\u0105j\u0105 knyg\u0105. Ironi\u0161k\u0105 ir graud\u017ei\u0105, linksm\u0105 ir sukre\u010dian\u010di\u0105, skausming\u0105 ir atvir\u0105. Knyg\u0105, kurioje vyras ir moteris \u2013 jaudinamai nuogi.<\/p>\n","protected":false},"featured_media":2659,"comment_status":"closed","ping_status":"closed","template":"","meta":{"_acf_changed":false,"site-sidebar-layout":"default","site-content-layout":"","ast-site-content-layout":"default","site-content-style":"default","site-sidebar-style":"default","ast-global-header-display":"","ast-banner-title-visibility":"","ast-main-header-display":"","ast-hfb-above-header-display":"","ast-hfb-below-header-display":"","ast-hfb-mobile-header-display":"","site-post-title":"","ast-breadcrumbs-content":"","ast-featured-img":"","footer-sml-layout":"","ast-disable-related-posts":"","theme-transparent-header-meta":"","adv-header-id-meta":"","stick-header-meta":"","header-above-stick-meta":"","header-main-stick-meta":"","header-below-stick-meta":"","astra-migrate-meta-layouts":"default","ast-page-background-enabled":"default","ast-page-background-meta":{"desktop":{"background-color":"","background-image":"","background-repeat":"repeat","background-position":"center center","background-size":"auto","background-attachment":"scroll","background-type":"","background-media":"","overlay-type":"","overlay-color":"","overlay-opacity":"","overlay-gradient":""},"tablet":{"background-color":"","background-image":"","background-repeat":"repeat","background-position":"center center","background-size":"auto","background-attachment":"scroll","background-type":"","background-media":"","overlay-type":"","overlay-color":"","overlay-opacity":"","overlay-gradient":""},"mobile":{"background-color":"","background-image":"","background-repeat":"repeat","background-position":"center center","background-size":"auto","background-attachment":"scroll","background-type":"","background-media":"","overlay-type":"","overlay-color":"","overlay-opacity":"","overlay-gradient":""}},"ast-content-background-meta":{"desktop":{"background-color":"var(--ast-global-color-4)","background-image":"","background-repeat":"repeat","background-position":"center center","background-size":"auto","background-attachment":"scroll","background-type":"","background-media":"","overlay-type":"","overlay-color":"","overlay-opacity":"","overlay-gradient":""},"tablet":{"background-color":"var(--ast-global-color-4)","background-image":"","background-repeat":"repeat","background-position":"center center","background-size":"auto","background-attachment":"scroll","background-type":"","background-media":"","overlay-type":"","overlay-color":"","overlay-opacity":"","overlay-gradient":""},"mobile":{"background-color":"var(--ast-global-color-4)","background-image":"","background-repeat":"repeat","background-position":"center center","background-size":"auto","background-attachment":"scroll","background-type":"","background-media":"","overlay-type":"","overlay-color":"","overlay-opacity":"","overlay-gradient":""}}},"product_brand":[],"product_cat":[30],"product_tag":[],"class_list":{"0":"post-2607","1":"product","2":"type-product","3":"status-publish","4":"has-post-thumbnail","6":"product_cat-psichologija-ir-saviugda","7":"desktop-align-left","8":"tablet-align-left","9":"mobile-align-left","11":"first","12":"instock","13":"shipping-taxable","14":"purchasable","15":"product-type-simple"},"acf":[],"yoast_head":"<!-- This site is optimized with the Yoast SEO plugin v27.0 - https:\/\/yoast.com\/product\/yoast-seo-wordpress\/ -->\n<title>L. Lavast\u0117 \u201eSkersgatvis dviems\u201c<\/title>\n<meta name=\"description\" content=\"Ra\u0161yti apie moter\u012f \u2013 tai plaukioti trapia valtele po banguojant\u012f aistr\u0173 vandenyn\u0105. Nuryti s\u016brius jo purslus, panirti \u012f traukian\u010dias ir bauginan\u010dias jo\" \/>\n<meta name=\"robots\" content=\"index, follow, max-snippet:-1, max-image-preview:large, max-video-preview:-1\" \/>\n<link rel=\"canonical\" href=\"https:\/\/skaitytaknyga.lt\/en\/produktas\/l-lavaste-skersgatvis-dviems\/\" \/>\n<meta property=\"og:locale\" content=\"en_GB\" \/>\n<meta property=\"og:locale:alternate\" content=\"lt_LT\" \/>\n<meta property=\"og:type\" content=\"article\" \/>\n<meta property=\"og:title\" content=\"L. Lavast\u0117 \u201eSkersgatvis dviems\u201c\" \/>\n<meta property=\"og:description\" content=\"Ra\u0161yti apie moter\u012f \u2013 tai plaukioti trapia valtele po banguojant\u012f aistr\u0173 vandenyn\u0105. Nuryti s\u016brius jo purslus, panirti \u012f traukian\u010dias ir bauginan\u010dias jo\" \/>\n<meta property=\"og:url\" content=\"https:\/\/skaitytaknyga.lt\/en\/produktas\/l-lavaste-skersgatvis-dviems\/\" \/>\n<meta property=\"og:site_name\" content=\"Skaitytaknyga\" \/>\n<meta property=\"article:publisher\" content=\"https:\/\/www.facebook.com\/skaitytaknyga\/\" \/>\n<meta property=\"article:modified_time\" content=\"2025-09-16T12:11:05+00:00\" \/>\n<meta property=\"og:image\" content=\"https:\/\/skaitytaknyga.lt\/wp-content\/uploads\/2024\/04\/1462878792_img0023.jpg\" \/>\n\t<meta property=\"og:image:width\" content=\"304\" \/>\n\t<meta property=\"og:image:height\" content=\"430\" \/>\n\t<meta property=\"og:image:type\" content=\"image\/jpeg\" \/>\n<meta name=\"twitter:card\" content=\"summary_large_image\" \/>\n<meta name=\"twitter:label1\" content=\"Estimated reading time\" \/>\n\t<meta name=\"twitter:data1\" content=\"1 minute\" \/>\n<script type=\"application\/ld+json\" class=\"yoast-schema-graph\">{\"@context\":\"https:\/\/schema.org\",\"@graph\":[{\"@type\":\"WebPage\",\"@id\":\"https:\/\/skaitytaknyga.lt\/produktas\/l-lavaste-skersgatvis-dviems\/\",\"url\":\"https:\/\/skaitytaknyga.lt\/produktas\/l-lavaste-skersgatvis-dviems\/\",\"name\":\"L. Lavast\u0117 \u201eSkersgatvis dviems\u201c\",\"isPartOf\":{\"@id\":\"https:\/\/skaitytaknyga.lt\/#website\"},\"primaryImageOfPage\":{\"@id\":\"https:\/\/skaitytaknyga.lt\/produktas\/l-lavaste-skersgatvis-dviems\/#primaryimage\"},\"image\":{\"@id\":\"https:\/\/skaitytaknyga.lt\/produktas\/l-lavaste-skersgatvis-dviems\/#primaryimage\"},\"thumbnailUrl\":\"https:\/\/skaitytaknyga.lt\/wp-content\/uploads\/2024\/04\/1462878792_img0023.jpg\",\"datePublished\":\"2024-04-17T13:15:54+00:00\",\"dateModified\":\"2025-09-16T12:11:05+00:00\",\"description\":\"Ra\u0161yti apie moter\u012f \u2013 tai plaukioti trapia valtele po banguojant\u012f aistr\u0173 vandenyn\u0105. Nuryti s\u016brius jo purslus, panirti \u012f traukian\u010dias ir bauginan\u010dias jo\",\"breadcrumb\":{\"@id\":\"https:\/\/skaitytaknyga.lt\/produktas\/l-lavaste-skersgatvis-dviems\/#breadcrumb\"},\"inLanguage\":\"en-GB\",\"potentialAction\":[{\"@type\":\"ReadAction\",\"target\":[\"https:\/\/skaitytaknyga.lt\/produktas\/l-lavaste-skersgatvis-dviems\/\"]}]},{\"@type\":\"ImageObject\",\"inLanguage\":\"en-GB\",\"@id\":\"https:\/\/skaitytaknyga.lt\/produktas\/l-lavaste-skersgatvis-dviems\/#primaryimage\",\"url\":\"https:\/\/skaitytaknyga.lt\/wp-content\/uploads\/2024\/04\/1462878792_img0023.jpg\",\"contentUrl\":\"https:\/\/skaitytaknyga.lt\/wp-content\/uploads\/2024\/04\/1462878792_img0023.jpg\",\"width\":304,\"height\":430,\"caption\":\"1462878792 img0023\"},{\"@type\":\"BreadcrumbList\",\"@id\":\"https:\/\/skaitytaknyga.lt\/produktas\/l-lavaste-skersgatvis-dviems\/#breadcrumb\",\"itemListElement\":[{\"@type\":\"ListItem\",\"position\":1,\"name\":\"Home\",\"item\":\"https:\/\/skaitytaknyga.lt\/\"},{\"@type\":\"ListItem\",\"position\":2,\"name\":\"Parduotuv\u0117\",\"item\":\"https:\/\/skaitytaknyga.lt\/knygu-parduotuve\/\"},{\"@type\":\"ListItem\",\"position\":3,\"name\":\"L. Lavast\u0117 \u201eSkersgatvis dviems\u201c\"}]},{\"@type\":\"WebSite\",\"@id\":\"https:\/\/skaitytaknyga.lt\/#website\",\"url\":\"https:\/\/skaitytaknyga.lt\/\",\"name\":\"skaitytaknyga.lt\",\"description\":\"Skaitytaknyga.lt \u2013 tai ma\u017eas \u0161eimos verslas, kuris prasid\u0117jo nuo meil\u0117s knygoms ir siekio i\u0161gelb\u0117ti knygas nuo likimo prie konteinerio. Kas vienam nereikalingas daiktas \u2013 kitam lobis, o mes esame tarpininkai, kurie padeda abiems tapti laimingesniems ???? \u017dinome kaip nelengva i\u0161gyventi ma\u017eiems verslams, tad nuo \u0161iol, \u010dia rasite ir kit\u0173, ma\u017e\u0173 \u0161eim\u0173 versl\u0173, rank\u0173 darbo, dovan\u0173 sau ir artimiesiems.\",\"publisher\":{\"@id\":\"https:\/\/skaitytaknyga.lt\/#organization\"},\"potentialAction\":[{\"@type\":\"SearchAction\",\"target\":{\"@type\":\"EntryPoint\",\"urlTemplate\":\"https:\/\/skaitytaknyga.lt\/?s={search_term_string}\"},\"query-input\":{\"@type\":\"PropertyValueSpecification\",\"valueRequired\":true,\"valueName\":\"search_term_string\"}}],\"inLanguage\":\"en-GB\"},{\"@type\":\"Organization\",\"@id\":\"https:\/\/skaitytaknyga.lt\/#organization\",\"name\":\"skaitytaknyga.lt\",\"url\":\"https:\/\/skaitytaknyga.lt\/\",\"logo\":{\"@type\":\"ImageObject\",\"inLanguage\":\"en-GB\",\"@id\":\"https:\/\/skaitytaknyga.lt\/#\/schema\/logo\/image\/\",\"url\":\"https:\/\/skaitytaknyga.lt\/wp-content\/uploads\/2024\/05\/cropped-cropped-cropped-02_00843_jt3bggkj1j3HLc7SyY6rEUpg.jpeg\",\"contentUrl\":\"https:\/\/skaitytaknyga.lt\/wp-content\/uploads\/2024\/05\/cropped-cropped-cropped-02_00843_jt3bggkj1j3HLc7SyY6rEUpg.jpeg\",\"width\":1600,\"height\":1600,\"caption\":\"skaitytaknyga.lt\"},\"image\":{\"@id\":\"https:\/\/skaitytaknyga.lt\/#\/schema\/logo\/image\/\"},\"sameAs\":[\"https:\/\/www.facebook.com\/skaitytaknyga\/\"]}]}<\/script>\n<!-- \/ Yoast SEO plugin. -->","yoast_head_json":{"title":"L. Lavast\u0117 \u201eSkersgatvis dviems\u201c","description":"Ra\u0161yti apie moter\u012f \u2013 tai plaukioti trapia valtele po banguojant\u012f aistr\u0173 vandenyn\u0105. Nuryti s\u016brius jo purslus, panirti \u012f traukian\u010dias ir bauginan\u010dias jo","robots":{"index":"index","follow":"follow","max-snippet":"max-snippet:-1","max-image-preview":"max-image-preview:large","max-video-preview":"max-video-preview:-1"},"canonical":"https:\/\/skaitytaknyga.lt\/en\/produktas\/l-lavaste-skersgatvis-dviems\/","og_locale":"en_GB","og_type":"article","og_title":"[:lt]L. Lavast\u0117 \u201eSkersgatvis dviems\u201c[:] - Skaitytaknyga","og_description":"Ra\u0161yti apie moter\u012f \u2013 tai plaukioti trapia valtele po banguojant\u012f aistr\u0173 vandenyn\u0105. Nuryti s\u016brius jo purslus, panirti \u012f traukian\u010dias ir bauginan\u010dias jo","og_url":"https:\/\/skaitytaknyga.lt\/en\/produktas\/l-lavaste-skersgatvis-dviems\/","og_site_name":"Skaitytaknyga","article_publisher":"https:\/\/www.facebook.com\/skaitytaknyga\/","article_modified_time":"2025-09-16T12:11:05+00:00","og_image":[{"width":304,"height":430,"url":"https:\/\/skaitytaknyga.lt\/wp-content\/uploads\/2024\/04\/1462878792_img0023.jpg","type":"image\/jpeg"}],"twitter_card":"summary_large_image","twitter_misc":{"Estimated reading time":"1 minute"},"schema":{"@context":"https:\/\/schema.org","@graph":[{"@type":"WebPage","@id":"https:\/\/skaitytaknyga.lt\/produktas\/l-lavaste-skersgatvis-dviems\/","url":"https:\/\/skaitytaknyga.lt\/produktas\/l-lavaste-skersgatvis-dviems\/","name":"L. Lavast\u0117 \u201eSkersgatvis dviems\u201c","isPartOf":{"@id":"https:\/\/skaitytaknyga.lt\/#website"},"primaryImageOfPage":{"@id":"https:\/\/skaitytaknyga.lt\/produktas\/l-lavaste-skersgatvis-dviems\/#primaryimage"},"image":{"@id":"https:\/\/skaitytaknyga.lt\/produktas\/l-lavaste-skersgatvis-dviems\/#primaryimage"},"thumbnailUrl":"https:\/\/skaitytaknyga.lt\/wp-content\/uploads\/2024\/04\/1462878792_img0023.jpg","datePublished":"2024-04-17T13:15:54+00:00","dateModified":"2025-09-16T12:11:05+00:00","description":"Ra\u0161yti apie moter\u012f \u2013 tai plaukioti trapia valtele po banguojant\u012f aistr\u0173 vandenyn\u0105. Nuryti s\u016brius jo purslus, panirti \u012f traukian\u010dias ir bauginan\u010dias jo","breadcrumb":{"@id":"https:\/\/skaitytaknyga.lt\/produktas\/l-lavaste-skersgatvis-dviems\/#breadcrumb"},"inLanguage":"en-GB","potentialAction":[{"@type":"ReadAction","target":["https:\/\/skaitytaknyga.lt\/produktas\/l-lavaste-skersgatvis-dviems\/"]}]},{"@type":"ImageObject","inLanguage":"en-GB","@id":"https:\/\/skaitytaknyga.lt\/produktas\/l-lavaste-skersgatvis-dviems\/#primaryimage","url":"https:\/\/skaitytaknyga.lt\/wp-content\/uploads\/2024\/04\/1462878792_img0023.jpg","contentUrl":"https:\/\/skaitytaknyga.lt\/wp-content\/uploads\/2024\/04\/1462878792_img0023.jpg","width":304,"height":430,"caption":"1462878792 img0023"},{"@type":"BreadcrumbList","@id":"https:\/\/skaitytaknyga.lt\/produktas\/l-lavaste-skersgatvis-dviems\/#breadcrumb","itemListElement":[{"@type":"ListItem","position":1,"name":"Home","item":"https:\/\/skaitytaknyga.lt\/"},{"@type":"ListItem","position":2,"name":"Parduotuv\u0117","item":"https:\/\/skaitytaknyga.lt\/knygu-parduotuve\/"},{"@type":"ListItem","position":3,"name":"L. Lavast\u0117 \u201eSkersgatvis dviems\u201c"}]},{"@type":"WebSite","@id":"https:\/\/skaitytaknyga.lt\/#website","url":"https:\/\/skaitytaknyga.lt\/","name":"skaitytaknyga.lt","description":"Skaitytaknyga.lt \u2013 tai ma\u017eas \u0161eimos verslas, kuris prasid\u0117jo nuo meil\u0117s knygoms ir siekio i\u0161gelb\u0117ti knygas nuo likimo prie konteinerio. Kas vienam nereikalingas daiktas \u2013 kitam lobis, o mes esame tarpininkai, kurie padeda abiems tapti laimingesniems ???? \u017dinome kaip nelengva i\u0161gyventi ma\u017eiems verslams, tad nuo \u0161iol, \u010dia rasite ir kit\u0173, ma\u017e\u0173 \u0161eim\u0173 versl\u0173, rank\u0173 darbo, dovan\u0173 sau ir artimiesiems.","publisher":{"@id":"https:\/\/skaitytaknyga.lt\/#organization"},"potentialAction":[{"@type":"SearchAction","target":{"@type":"EntryPoint","urlTemplate":"https:\/\/skaitytaknyga.lt\/?s={search_term_string}"},"query-input":{"@type":"PropertyValueSpecification","valueRequired":true,"valueName":"search_term_string"}}],"inLanguage":"en-GB"},{"@type":"Organization","@id":"https:\/\/skaitytaknyga.lt\/#organization","name":"skaitytaknyga.lt","url":"https:\/\/skaitytaknyga.lt\/","logo":{"@type":"ImageObject","inLanguage":"en-GB","@id":"https:\/\/skaitytaknyga.lt\/#\/schema\/logo\/image\/","url":"https:\/\/skaitytaknyga.lt\/wp-content\/uploads\/2024\/05\/cropped-cropped-cropped-02_00843_jt3bggkj1j3HLc7SyY6rEUpg.jpeg","contentUrl":"https:\/\/skaitytaknyga.lt\/wp-content\/uploads\/2024\/05\/cropped-cropped-cropped-02_00843_jt3bggkj1j3HLc7SyY6rEUpg.jpeg","width":1600,"height":1600,"caption":"skaitytaknyga.lt"},"image":{"@id":"https:\/\/skaitytaknyga.lt\/#\/schema\/logo\/image\/"},"sameAs":["https:\/\/www.facebook.com\/skaitytaknyga\/"]}]}},"_links":{"self":[{"href":"https:\/\/skaitytaknyga.lt\/en\/wp-json\/wp\/v2\/product\/2607","targetHints":{"allow":["GET"]}}],"collection":[{"href":"https:\/\/skaitytaknyga.lt\/en\/wp-json\/wp\/v2\/product"}],"about":[{"href":"https:\/\/skaitytaknyga.lt\/en\/wp-json\/wp\/v2\/types\/product"}],"replies":[{"embeddable":true,"href":"https:\/\/skaitytaknyga.lt\/en\/wp-json\/wp\/v2\/comments?post=2607"}],"wp:featuredmedia":[{"embeddable":true,"href":"https:\/\/skaitytaknyga.lt\/en\/wp-json\/wp\/v2\/media\/2659"}],"wp:attachment":[{"href":"https:\/\/skaitytaknyga.lt\/en\/wp-json\/wp\/v2\/media?parent=2607"}],"wp:term":[{"taxonomy":"product_brand","embeddable":true,"href":"https:\/\/skaitytaknyga.lt\/en\/wp-json\/wp\/v2\/product_brand?post=2607"},{"taxonomy":"product_cat","embeddable":true,"href":"https:\/\/skaitytaknyga.lt\/en\/wp-json\/wp\/v2\/product_cat?post=2607"},{"taxonomy":"product_tag","embeddable":true,"href":"https:\/\/skaitytaknyga.lt\/en\/wp-json\/wp\/v2\/product_tag?post=2607"}],"curies":[{"name":"wp","href":"https:\/\/api.w.org\/{rel}","templated":true}]}}