{"id":2606,"date":"2024-04-17T16:15:54","date_gmt":"2024-04-17T13:15:54","guid":{"rendered":"https:\/\/skaitytaknyga.lt\/?post_type=product&#038;p=2606"},"modified":"2025-09-16T11:37:51","modified_gmt":"2025-09-16T08:37:51","slug":"__trashed-262","status":"publish","type":"product","link":"https:\/\/skaitytaknyga.lt\/en\/produktas\/__trashed-262\/","title":{"rendered":"A.A. Pabar\u010di\u016bt\u0117, R. \u017did\u017ei\u016bnas \u201eAm\u017einas medaus m\u0117nuo\u201c"},"content":{"rendered":"<p>Palaima, pasitenkinimas, asmeninis augimas, meil\u0117s ir ekstaz\u0117s menas &#8211; visa tai gali patirti santykiuose su mylimuoju. \u0160i knyga pad\u0117s porai ai\u0161kiai suvokti svarbiausias vyro ir moters fizinio, emocinio ir dvasinio pasitenkinimo prie\u017eastis santykiuose. \u017dinios apie vyro ir moters tikruosius poreikius bei talentus, reali autori\u0173 patirtis, ypatingos praktikos, akis atveriantys santyki\u0173 d\u0117sniai ir patarimai pad\u0117s nauj\u0105, svar\u0173 laiptel\u012f kuriant laim\u0119 poroje.<\/p>\n<p>\u201eM\u016bs\u0173 misija \u2013 pasidalinti tauriausiais dvasiniais atradimais, kuriuos gali patirti pora santykiuose. Vyras ir moteris gali sukurti meil\u0119, kuri niekada nesibaigia, seksualin\u012f gyvenim\u0105, kuriame patiriamas absoliutus fizinis, emocinis ir dvasinis pasitenkinimas, siel\u0173 draugyst\u0119, kuri gimdo am\u017ein\u0105 d\u0117kingum\u0105 ir pagarb\u0105 vienas kitam. Santykiai gali tapti \u012fstabiausia sav\u0119s ir kito pa\u017einimo kelione gyvenime!&#8221;,\u2013 sako Andr\u0117 Amiya ir Rimvydas.<\/p>\n<p>Autorius: Andr\u0117 Amiya Pabar\u010di\u016bt\u0117, Rimvydas \u017did\u017ei\u016bnas<br \/>\nLeid\u0117jas: Alma littera<br \/>\nMetai: 2016<br \/>\nPuslapiai: 260<br \/>\nISBN: 9786090125076<br \/>\nVersijos kodas: PT.<br \/>\nFormatas: 14,3 x 21 x 2,3 cm, mink\u0161ti vir\u0161eliai<br \/>\nKalba: Lietuvi\u0173<\/p>\n","protected":false},"excerpt":{"rendered":"<p>Palaima, pasitenkinimas, asmeninis augimas, meil\u0117s ir ekstaz\u0117s menas &#8211; visa tai gali patirti santykiuose su mylimuoju. \u0160i knyga pad\u0117s porai ai\u0161kiai suvokti svarbiausias vyro ir moters fizinio, emocinio ir dvasinio pasitenkinimo prie\u017eastis santykiuose. \u017dinios apie vyro ir moters tikruosius poreikius bei talentus, reali autori\u0173 patirtis, ypatingos praktikos, akis atveriantys santyki\u0173 d\u0117sniai ir patarimai pad\u0117s nauj\u0105, svar\u0173 laiptel\u012f kuriant laim\u0119 poroje. \u201eM\u016bs\u0173 misija \u2013 pasidalinti tauriausiais dvasiniais atradimais, kuriuos gali patirti pora santykiuose. Vyras ir moteris gali sukurti meil\u0119, kuri niekada nesibaigia, seksualin\u012f gyvenim\u0105, kuriame patiriamas absoliutus fizinis, emocinis ir dvasinis pasitenkinimas, siel\u0173 draugyst\u0119, kuri gimdo am\u017ein\u0105 d\u0117kingum\u0105 ir pagarb\u0105 vienas kitam. Santykiai gali tapti \u012fstabiausia sav\u0119s ir kito pa\u017einimo kelione gyvenime!&#8221;,\u2013 sako Andr\u0117 Amiya ir Rimvydas. Autorius: Andr\u0117 Amiya Pabar\u010di\u016bt\u0117, Rimvydas \u017did\u017ei\u016bnas Leid\u0117jas: Alma littera Metai: 2016 Puslapiai: 260 ISBN: 9786090125076 Versijos kodas: PT. Formatas: 14,3 x 21 x 2,3 cm, mink\u0161ti vir\u0161eliai Kalba: Lietuvi\u0173<\/p>\n","protected":false},"featured_media":2658,"comment_status":"closed","ping_status":"closed","template":"","meta":{"_acf_changed":false,"site-sidebar-layout":"default","site-content-layout":"","ast-site-content-layout":"default","site-content-style":"default","site-sidebar-style":"default","ast-global-header-display":"","ast-banner-title-visibility":"","ast-main-header-display":"","ast-hfb-above-header-display":"","ast-hfb-below-header-display":"","ast-hfb-mobile-header-display":"","site-post-title":"","ast-breadcrumbs-content":"","ast-featured-img":"","footer-sml-layout":"","ast-disable-related-posts":"","theme-transparent-header-meta":"default","adv-header-id-meta":"","stick-header-meta":"","header-above-stick-meta":"","header-main-stick-meta":"","header-below-stick-meta":"","astra-migrate-meta-layouts":"set","ast-page-background-enabled":"default","ast-page-background-meta":{"desktop":{"background-color":"","background-image":"","background-repeat":"repeat","background-position":"center center","background-size":"auto","background-attachment":"scroll","background-type":"","background-media":"","overlay-type":"","overlay-color":"","overlay-opacity":"","overlay-gradient":""},"tablet":{"background-color":"","background-image":"","background-repeat":"repeat","background-position":"center center","background-size":"auto","background-attachment":"scroll","background-type":"","background-media":"","overlay-type":"","overlay-color":"","overlay-opacity":"","overlay-gradient":""},"mobile":{"background-color":"","background-image":"","background-repeat":"repeat","background-position":"center center","background-size":"auto","background-attachment":"scroll","background-type":"","background-media":"","overlay-type":"","overlay-color":"","overlay-opacity":"","overlay-gradient":""}},"ast-content-background-meta":{"desktop":{"background-color":"var(--ast-global-color-4)","background-image":"","background-repeat":"repeat","background-position":"center center","background-size":"auto","background-attachment":"scroll","background-type":"","background-media":"","overlay-type":"","overlay-color":"","overlay-opacity":"","overlay-gradient":""},"tablet":{"background-color":"var(--ast-global-color-4)","background-image":"","background-repeat":"repeat","background-position":"center center","background-size":"auto","background-attachment":"scroll","background-type":"","background-media":"","overlay-type":"","overlay-color":"","overlay-opacity":"","overlay-gradient":""},"mobile":{"background-color":"var(--ast-global-color-4)","background-image":"","background-repeat":"repeat","background-position":"center center","background-size":"auto","background-attachment":"scroll","background-type":"","background-media":"","overlay-type":"","overlay-color":"","overlay-opacity":"","overlay-gradient":""}}},"product_brand":[],"product_cat":[30],"product_tag":[],"class_list":{"0":"post-2606","1":"product","2":"type-product","3":"status-publish","4":"has-post-thumbnail","6":"product_cat-psichologija-ir-saviugda","7":"desktop-align-left","8":"tablet-align-left","9":"mobile-align-left","11":"first","12":"outofstock","13":"shipping-taxable","14":"purchasable","15":"product-type-simple"},"acf":[],"yoast_head":"<!-- This site is optimized with the Yoast SEO plugin v27.0 - https:\/\/yoast.com\/product\/yoast-seo-wordpress\/ -->\n<title>A.A. Pabar\u010di\u016bt\u0117, R. \u017did\u017ei\u016bnas \u201eAm\u017einas medaus m\u0117nuo\u201c<\/title>\n<meta name=\"description\" content=\"Palaima, pasitenkinimas, asmeninis augimas, meil\u0117s ir ekstaz\u0117s menas - visa tai gali patirti santykiuose su mylimuoju. \u0160i knyga pad\u0117s porai ai\u0161kiai\" \/>\n<meta name=\"robots\" content=\"index, follow, max-snippet:-1, max-image-preview:large, max-video-preview:-1\" \/>\n<link rel=\"canonical\" href=\"https:\/\/skaitytaknyga.lt\/en\/produktas\/__trashed-262\/\" \/>\n<meta property=\"og:locale\" content=\"en_GB\" \/>\n<meta property=\"og:locale:alternate\" content=\"lt_LT\" \/>\n<meta property=\"og:type\" content=\"article\" \/>\n<meta property=\"og:title\" content=\"A.A. Pabar\u010di\u016bt\u0117, R. \u017did\u017ei\u016bnas \u201eAm\u017einas medaus m\u0117nuo\u201c\" \/>\n<meta property=\"og:description\" content=\"Palaima, pasitenkinimas, asmeninis augimas, meil\u0117s ir ekstaz\u0117s menas - visa tai gali patirti santykiuose su mylimuoju. \u0160i knyga pad\u0117s porai ai\u0161kiai\" \/>\n<meta property=\"og:url\" content=\"https:\/\/skaitytaknyga.lt\/en\/produktas\/__trashed-262\/\" \/>\n<meta property=\"og:site_name\" content=\"Skaitytaknyga\" \/>\n<meta property=\"article:publisher\" content=\"https:\/\/www.facebook.com\/skaitytaknyga\/\" \/>\n<meta property=\"article:modified_time\" content=\"2025-09-16T08:37:51+00:00\" \/>\n<meta property=\"og:image\" content=\"https:\/\/skaitytaknyga.lt\/wp-content\/uploads\/2024\/04\/1476340328_Amzinas-Medaus-Menuo_virselis.jpg\" \/>\n\t<meta property=\"og:image:width\" content=\"279\" \/>\n\t<meta property=\"og:image:height\" content=\"430\" \/>\n\t<meta property=\"og:image:type\" content=\"image\/jpeg\" \/>\n<meta name=\"twitter:card\" content=\"summary_large_image\" \/>\n<meta name=\"twitter:label1\" content=\"Estimated reading time\" \/>\n\t<meta name=\"twitter:data1\" content=\"1 minute\" \/>\n<script type=\"application\/ld+json\" class=\"yoast-schema-graph\">{\"@context\":\"https:\/\/schema.org\",\"@graph\":[{\"@type\":\"WebPage\",\"@id\":\"https:\/\/skaitytaknyga.lt\/produktas\/__trashed-262\/\",\"url\":\"https:\/\/skaitytaknyga.lt\/produktas\/__trashed-262\/\",\"name\":\"A.A. Pabar\u010di\u016bt\u0117, R. \u017did\u017ei\u016bnas \u201eAm\u017einas medaus m\u0117nuo\u201c\",\"isPartOf\":{\"@id\":\"https:\/\/skaitytaknyga.lt\/#website\"},\"primaryImageOfPage\":{\"@id\":\"https:\/\/skaitytaknyga.lt\/produktas\/__trashed-262\/#primaryimage\"},\"image\":{\"@id\":\"https:\/\/skaitytaknyga.lt\/produktas\/__trashed-262\/#primaryimage\"},\"thumbnailUrl\":\"https:\/\/skaitytaknyga.lt\/wp-content\/uploads\/2024\/04\/1476340328_Amzinas-Medaus-Menuo_virselis.jpg\",\"datePublished\":\"2024-04-17T13:15:54+00:00\",\"dateModified\":\"2025-09-16T08:37:51+00:00\",\"description\":\"Palaima, pasitenkinimas, asmeninis augimas, meil\u0117s ir ekstaz\u0117s menas - visa tai gali patirti santykiuose su mylimuoju. \u0160i knyga pad\u0117s porai ai\u0161kiai\",\"breadcrumb\":{\"@id\":\"https:\/\/skaitytaknyga.lt\/produktas\/__trashed-262\/#breadcrumb\"},\"inLanguage\":\"en-GB\",\"potentialAction\":[{\"@type\":\"ReadAction\",\"target\":[\"https:\/\/skaitytaknyga.lt\/produktas\/__trashed-262\/\"]}]},{\"@type\":\"ImageObject\",\"inLanguage\":\"en-GB\",\"@id\":\"https:\/\/skaitytaknyga.lt\/produktas\/__trashed-262\/#primaryimage\",\"url\":\"https:\/\/skaitytaknyga.lt\/wp-content\/uploads\/2024\/04\/1476340328_Amzinas-Medaus-Menuo_virselis.jpg\",\"contentUrl\":\"https:\/\/skaitytaknyga.lt\/wp-content\/uploads\/2024\/04\/1476340328_Amzinas-Medaus-Menuo_virselis.jpg\",\"width\":279,\"height\":430,\"caption\":\"A.A. Pabar\u010di\u016bt\u0117, R. \u017did\u017ei\u016bnas \u201eAm\u017einas medaus m\u0117nuo\u201c\"},{\"@type\":\"BreadcrumbList\",\"@id\":\"https:\/\/skaitytaknyga.lt\/produktas\/__trashed-262\/#breadcrumb\",\"itemListElement\":[{\"@type\":\"ListItem\",\"position\":1,\"name\":\"Home\",\"item\":\"https:\/\/skaitytaknyga.lt\/\"},{\"@type\":\"ListItem\",\"position\":2,\"name\":\"Parduotuv\u0117\",\"item\":\"https:\/\/skaitytaknyga.lt\/knygu-parduotuve\/\"},{\"@type\":\"ListItem\",\"position\":3,\"name\":\"A.A. Pabar\u010di\u016bt\u0117, R. \u017did\u017ei\u016bnas \u201eAm\u017einas medaus m\u0117nuo\u201c\"}]},{\"@type\":\"WebSite\",\"@id\":\"https:\/\/skaitytaknyga.lt\/#website\",\"url\":\"https:\/\/skaitytaknyga.lt\/\",\"name\":\"skaitytaknyga.lt\",\"description\":\"Skaitytaknyga.lt \u2013 tai ma\u017eas \u0161eimos verslas, kuris prasid\u0117jo nuo meil\u0117s knygoms ir siekio i\u0161gelb\u0117ti knygas nuo likimo prie konteinerio. Kas vienam nereikalingas daiktas \u2013 kitam lobis, o mes esame tarpininkai, kurie padeda abiems tapti laimingesniems ???? \u017dinome kaip nelengva i\u0161gyventi ma\u017eiems verslams, tad nuo \u0161iol, \u010dia rasite ir kit\u0173, ma\u017e\u0173 \u0161eim\u0173 versl\u0173, rank\u0173 darbo, dovan\u0173 sau ir artimiesiems.\",\"publisher\":{\"@id\":\"https:\/\/skaitytaknyga.lt\/#organization\"},\"potentialAction\":[{\"@type\":\"SearchAction\",\"target\":{\"@type\":\"EntryPoint\",\"urlTemplate\":\"https:\/\/skaitytaknyga.lt\/?s={search_term_string}\"},\"query-input\":{\"@type\":\"PropertyValueSpecification\",\"valueRequired\":true,\"valueName\":\"search_term_string\"}}],\"inLanguage\":\"en-GB\"},{\"@type\":\"Organization\",\"@id\":\"https:\/\/skaitytaknyga.lt\/#organization\",\"name\":\"skaitytaknyga.lt\",\"url\":\"https:\/\/skaitytaknyga.lt\/\",\"logo\":{\"@type\":\"ImageObject\",\"inLanguage\":\"en-GB\",\"@id\":\"https:\/\/skaitytaknyga.lt\/#\/schema\/logo\/image\/\",\"url\":\"https:\/\/skaitytaknyga.lt\/wp-content\/uploads\/2024\/05\/cropped-cropped-cropped-02_00843_jt3bggkj1j3HLc7SyY6rEUpg.jpeg\",\"contentUrl\":\"https:\/\/skaitytaknyga.lt\/wp-content\/uploads\/2024\/05\/cropped-cropped-cropped-02_00843_jt3bggkj1j3HLc7SyY6rEUpg.jpeg\",\"width\":1600,\"height\":1600,\"caption\":\"skaitytaknyga.lt\"},\"image\":{\"@id\":\"https:\/\/skaitytaknyga.lt\/#\/schema\/logo\/image\/\"},\"sameAs\":[\"https:\/\/www.facebook.com\/skaitytaknyga\/\"]}]}<\/script>\n<!-- \/ Yoast SEO plugin. -->","yoast_head_json":{"title":"A.A. Pabar\u010di\u016bt\u0117, R. \u017did\u017ei\u016bnas \u201eAm\u017einas medaus m\u0117nuo\u201c","description":"Palaima, pasitenkinimas, asmeninis augimas, meil\u0117s ir ekstaz\u0117s menas - visa tai gali patirti santykiuose su mylimuoju. \u0160i knyga pad\u0117s porai ai\u0161kiai","robots":{"index":"index","follow":"follow","max-snippet":"max-snippet:-1","max-image-preview":"max-image-preview:large","max-video-preview":"max-video-preview:-1"},"canonical":"https:\/\/skaitytaknyga.lt\/en\/produktas\/__trashed-262\/","og_locale":"en_GB","og_type":"article","og_title":"[:lt]A.A. Pabar\u010di\u016bt\u0117, R. \u017did\u017ei\u016bnas \u201eAm\u017einas medaus m\u0117nuo\u201c[:] - Skaitytaknyga","og_description":"Palaima, pasitenkinimas, asmeninis augimas, meil\u0117s ir ekstaz\u0117s menas - visa tai gali patirti santykiuose su mylimuoju. \u0160i knyga pad\u0117s porai ai\u0161kiai","og_url":"https:\/\/skaitytaknyga.lt\/en\/produktas\/__trashed-262\/","og_site_name":"Skaitytaknyga","article_publisher":"https:\/\/www.facebook.com\/skaitytaknyga\/","article_modified_time":"2025-09-16T08:37:51+00:00","og_image":[{"width":279,"height":430,"url":"https:\/\/skaitytaknyga.lt\/wp-content\/uploads\/2024\/04\/1476340328_Amzinas-Medaus-Menuo_virselis.jpg","type":"image\/jpeg"}],"twitter_card":"summary_large_image","twitter_misc":{"Estimated reading time":"1 minute"},"schema":{"@context":"https:\/\/schema.org","@graph":[{"@type":"WebPage","@id":"https:\/\/skaitytaknyga.lt\/produktas\/__trashed-262\/","url":"https:\/\/skaitytaknyga.lt\/produktas\/__trashed-262\/","name":"A.A. Pabar\u010di\u016bt\u0117, R. \u017did\u017ei\u016bnas \u201eAm\u017einas medaus m\u0117nuo\u201c","isPartOf":{"@id":"https:\/\/skaitytaknyga.lt\/#website"},"primaryImageOfPage":{"@id":"https:\/\/skaitytaknyga.lt\/produktas\/__trashed-262\/#primaryimage"},"image":{"@id":"https:\/\/skaitytaknyga.lt\/produktas\/__trashed-262\/#primaryimage"},"thumbnailUrl":"https:\/\/skaitytaknyga.lt\/wp-content\/uploads\/2024\/04\/1476340328_Amzinas-Medaus-Menuo_virselis.jpg","datePublished":"2024-04-17T13:15:54+00:00","dateModified":"2025-09-16T08:37:51+00:00","description":"Palaima, pasitenkinimas, asmeninis augimas, meil\u0117s ir ekstaz\u0117s menas - visa tai gali patirti santykiuose su mylimuoju. \u0160i knyga pad\u0117s porai ai\u0161kiai","breadcrumb":{"@id":"https:\/\/skaitytaknyga.lt\/produktas\/__trashed-262\/#breadcrumb"},"inLanguage":"en-GB","potentialAction":[{"@type":"ReadAction","target":["https:\/\/skaitytaknyga.lt\/produktas\/__trashed-262\/"]}]},{"@type":"ImageObject","inLanguage":"en-GB","@id":"https:\/\/skaitytaknyga.lt\/produktas\/__trashed-262\/#primaryimage","url":"https:\/\/skaitytaknyga.lt\/wp-content\/uploads\/2024\/04\/1476340328_Amzinas-Medaus-Menuo_virselis.jpg","contentUrl":"https:\/\/skaitytaknyga.lt\/wp-content\/uploads\/2024\/04\/1476340328_Amzinas-Medaus-Menuo_virselis.jpg","width":279,"height":430,"caption":"A.A. Pabar\u010di\u016bt\u0117, R. \u017did\u017ei\u016bnas \u201eAm\u017einas medaus m\u0117nuo\u201c"},{"@type":"BreadcrumbList","@id":"https:\/\/skaitytaknyga.lt\/produktas\/__trashed-262\/#breadcrumb","itemListElement":[{"@type":"ListItem","position":1,"name":"Home","item":"https:\/\/skaitytaknyga.lt\/"},{"@type":"ListItem","position":2,"name":"Parduotuv\u0117","item":"https:\/\/skaitytaknyga.lt\/knygu-parduotuve\/"},{"@type":"ListItem","position":3,"name":"A.A. Pabar\u010di\u016bt\u0117, R. \u017did\u017ei\u016bnas \u201eAm\u017einas medaus m\u0117nuo\u201c"}]},{"@type":"WebSite","@id":"https:\/\/skaitytaknyga.lt\/#website","url":"https:\/\/skaitytaknyga.lt\/","name":"skaitytaknyga.lt","description":"Skaitytaknyga.lt \u2013 tai ma\u017eas \u0161eimos verslas, kuris prasid\u0117jo nuo meil\u0117s knygoms ir siekio i\u0161gelb\u0117ti knygas nuo likimo prie konteinerio. Kas vienam nereikalingas daiktas \u2013 kitam lobis, o mes esame tarpininkai, kurie padeda abiems tapti laimingesniems ???? \u017dinome kaip nelengva i\u0161gyventi ma\u017eiems verslams, tad nuo \u0161iol, \u010dia rasite ir kit\u0173, ma\u017e\u0173 \u0161eim\u0173 versl\u0173, rank\u0173 darbo, dovan\u0173 sau ir artimiesiems.","publisher":{"@id":"https:\/\/skaitytaknyga.lt\/#organization"},"potentialAction":[{"@type":"SearchAction","target":{"@type":"EntryPoint","urlTemplate":"https:\/\/skaitytaknyga.lt\/?s={search_term_string}"},"query-input":{"@type":"PropertyValueSpecification","valueRequired":true,"valueName":"search_term_string"}}],"inLanguage":"en-GB"},{"@type":"Organization","@id":"https:\/\/skaitytaknyga.lt\/#organization","name":"skaitytaknyga.lt","url":"https:\/\/skaitytaknyga.lt\/","logo":{"@type":"ImageObject","inLanguage":"en-GB","@id":"https:\/\/skaitytaknyga.lt\/#\/schema\/logo\/image\/","url":"https:\/\/skaitytaknyga.lt\/wp-content\/uploads\/2024\/05\/cropped-cropped-cropped-02_00843_jt3bggkj1j3HLc7SyY6rEUpg.jpeg","contentUrl":"https:\/\/skaitytaknyga.lt\/wp-content\/uploads\/2024\/05\/cropped-cropped-cropped-02_00843_jt3bggkj1j3HLc7SyY6rEUpg.jpeg","width":1600,"height":1600,"caption":"skaitytaknyga.lt"},"image":{"@id":"https:\/\/skaitytaknyga.lt\/#\/schema\/logo\/image\/"},"sameAs":["https:\/\/www.facebook.com\/skaitytaknyga\/"]}]}},"_links":{"self":[{"href":"https:\/\/skaitytaknyga.lt\/en\/wp-json\/wp\/v2\/product\/2606","targetHints":{"allow":["GET"]}}],"collection":[{"href":"https:\/\/skaitytaknyga.lt\/en\/wp-json\/wp\/v2\/product"}],"about":[{"href":"https:\/\/skaitytaknyga.lt\/en\/wp-json\/wp\/v2\/types\/product"}],"replies":[{"embeddable":true,"href":"https:\/\/skaitytaknyga.lt\/en\/wp-json\/wp\/v2\/comments?post=2606"}],"wp:featuredmedia":[{"embeddable":true,"href":"https:\/\/skaitytaknyga.lt\/en\/wp-json\/wp\/v2\/media\/2658"}],"wp:attachment":[{"href":"https:\/\/skaitytaknyga.lt\/en\/wp-json\/wp\/v2\/media?parent=2606"}],"wp:term":[{"taxonomy":"product_brand","embeddable":true,"href":"https:\/\/skaitytaknyga.lt\/en\/wp-json\/wp\/v2\/product_brand?post=2606"},{"taxonomy":"product_cat","embeddable":true,"href":"https:\/\/skaitytaknyga.lt\/en\/wp-json\/wp\/v2\/product_cat?post=2606"},{"taxonomy":"product_tag","embeddable":true,"href":"https:\/\/skaitytaknyga.lt\/en\/wp-json\/wp\/v2\/product_tag?post=2606"}],"curies":[{"name":"wp","href":"https:\/\/api.w.org\/{rel}","templated":true}]}}