{"id":2605,"date":"2024-04-17T13:15:54","date_gmt":"2024-04-17T13:15:54","guid":{"rendered":"https:\/\/skaitytaknyga.lt\/?post_type=product&#038;p=2605"},"modified":"2024-08-09T17:36:22","modified_gmt":"2024-08-09T14:36:22","slug":"chao-hsiu-chen-ryziai-nefrito-puodeliuose-dvasingoji-kinija","status":"publish","type":"product","link":"https:\/\/skaitytaknyga.lt\/en\/produktas\/chao-hsiu-chen-ryziai-nefrito-puodeliuose-dvasingoji-kinija\/","title":{"rendered":"Chao-Hsiu Chen \u201eRy\u017eiai nefrito puodeliuose: Dvasingoji Kinija\u201c"},"content":{"rendered":"<p><strong>\u010cao Hsiu \u010cen<\/strong>\u00a0u\u017eaugo Taivane, kur mok\u0117si senosios budizmo, konfucianizmo ir taoizmo i\u0161minties. I\u0161 savo t\u0117vo, garsaus architekto, ji gavo \u017eini\u0173 apie feng\u0161ui esm\u0119 ir poveik\u012f, i\u0161 motinos paveld\u0117jo gabumus muzikai ir menui. Taip pat autor\u0117 studijavo muzik\u0105 Vienoje ir Zalcburge. Savo prane\u0161imais ir knygomis ( 36 veikalai i\u0161versti \u012f 17 kalb\u0173) ji tapo viena \u017eymiausi\u0173 kin\u0173 i\u0161minties mokymo imperatore Vakaruose. Kompozitor\u0117, feng\u0161ui konsultant\u0117, tapytoja ir kaligraf\u0117 gyvena Veinberge \u012f pietus nuo Romos.<\/p>\n<p>Knygoje pasakojama apie Kinijos dvasingum\u0105 taip, kad skaitytojas suprast\u0173, kokie lobiai gl\u016bdi savitoje jos kult\u016broje.<\/p>\n<ul class=\"about-product d-none d-xl-block mt-4\">\n<li><strong>Autorius:<\/strong>\u00a0Chao-Hsiu Chen<\/li>\n<li><strong>Leid\u0117jas:<\/strong>\u00a0Gimtasis \u017eodis<\/li>\n<li><strong>Metai:<\/strong>\u00a02009<\/li>\n<li><strong>Puslapiai:<\/strong>\u00a0256<\/li>\n<li><strong>ISBN:<\/strong>\u00a09789955162735<\/li>\n<li><strong>Versijos kodas:<\/strong>\u00a0PT.<\/li>\n<li><strong>Formatas:<\/strong>\u00a012 x 21 cm, kieti vir\u0161eliai<\/li>\n<li><strong>Kalba:<\/strong>\u00a0Lietuvi\u0173<\/li>\n<li><strong>Vert\u0117jas:<\/strong>\u00a0Juozas Macevi\u010dius<\/li>\n<\/ul>\n","protected":false},"excerpt":{"rendered":"<p>\u010cao Hsiu \u010cen\u00a0u\u017eaugo Taivane, kur mok\u0117si senosios budizmo, konfucianizmo ir taoizmo i\u0161minties. I\u0161 savo t\u0117vo, garsaus architekto, ji gavo \u017eini\u0173 apie feng\u0161ui esm\u0119 ir poveik\u012f, i\u0161 motinos paveld\u0117jo gabumus muzikai ir menui. Taip pat autor\u0117 studijavo muzik\u0105 Vienoje ir Zalcburge. Savo prane\u0161imais ir knygomis ( 36 veikalai i\u0161versti \u012f 17 kalb\u0173) ji tapo viena \u017eymiausi\u0173 kin\u0173 i\u0161minties mokymo imperatore Vakaruose. Kompozitor\u0117, feng\u0161ui konsultant\u0117, tapytoja ir kaligraf\u0117 gyvena Veinberge \u012f pietus nuo Romos. Knygoje pasakojama apie Kinijos dvasingum\u0105 taip, kad skaitytojas suprast\u0173, kokie lobiai gl\u016bdi savitoje jos kult\u016broje. Autorius:\u00a0Chao-Hsiu Chen Leid\u0117jas:\u00a0Gimtasis \u017eodis Metai:\u00a02009 Puslapiai:\u00a0256 ISBN:\u00a09789955162735 Versijos kodas:\u00a0PT. Formatas:\u00a012 x 21 cm, kieti vir\u0161eliai Kalba:\u00a0Lietuvi\u0173 Vert\u0117jas:\u00a0Juozas Macevi\u010dius<\/p>\n","protected":false},"featured_media":2657,"comment_status":"closed","ping_status":"closed","template":"","meta":{"_acf_changed":false,"site-sidebar-layout":"default","site-content-layout":"","ast-site-content-layout":"default","site-content-style":"default","site-sidebar-style":"default","ast-global-header-display":"","ast-banner-title-visibility":"","ast-main-header-display":"","ast-hfb-above-header-display":"","ast-hfb-below-header-display":"","ast-hfb-mobile-header-display":"","site-post-title":"","ast-breadcrumbs-content":"","ast-featured-img":"","footer-sml-layout":"","ast-disable-related-posts":"","theme-transparent-header-meta":"default","adv-header-id-meta":"","stick-header-meta":"","header-above-stick-meta":"","header-main-stick-meta":"","header-below-stick-meta":"","astra-migrate-meta-layouts":"set","ast-page-background-enabled":"default","ast-page-background-meta":{"desktop":{"background-color":"","background-image":"","background-repeat":"repeat","background-position":"center center","background-size":"auto","background-attachment":"scroll","background-type":"","background-media":"","overlay-type":"","overlay-color":"","overlay-opacity":"","overlay-gradient":""},"tablet":{"background-color":"","background-image":"","background-repeat":"repeat","background-position":"center center","background-size":"auto","background-attachment":"scroll","background-type":"","background-media":"","overlay-type":"","overlay-color":"","overlay-opacity":"","overlay-gradient":""},"mobile":{"background-color":"","background-image":"","background-repeat":"repeat","background-position":"center center","background-size":"auto","background-attachment":"scroll","background-type":"","background-media":"","overlay-type":"","overlay-color":"","overlay-opacity":"","overlay-gradient":""}},"ast-content-background-meta":{"desktop":{"background-color":"var(--ast-global-color-4)","background-image":"","background-repeat":"repeat","background-position":"center center","background-size":"auto","background-attachment":"scroll","background-type":"","background-media":"","overlay-type":"","overlay-color":"","overlay-opacity":"","overlay-gradient":""},"tablet":{"background-color":"var(--ast-global-color-4)","background-image":"","background-repeat":"repeat","background-position":"center center","background-size":"auto","background-attachment":"scroll","background-type":"","background-media":"","overlay-type":"","overlay-color":"","overlay-opacity":"","overlay-gradient":""},"mobile":{"background-color":"var(--ast-global-color-4)","background-image":"","background-repeat":"repeat","background-position":"center center","background-size":"auto","background-attachment":"scroll","background-type":"","background-media":"","overlay-type":"","overlay-color":"","overlay-opacity":"","overlay-gradient":""}}},"product_brand":[],"product_cat":[30],"product_tag":[],"class_list":{"0":"post-2605","1":"product","2":"type-product","3":"status-publish","4":"has-post-thumbnail","6":"product_cat-psichologija-ir-saviugda","7":"desktop-align-left","8":"tablet-align-left","9":"mobile-align-left","11":"first","12":"instock","13":"shipping-taxable","14":"purchasable","15":"product-type-simple"},"acf":[],"yoast_head":"<!-- This site is optimized with the Yoast SEO plugin v27.0 - https:\/\/yoast.com\/product\/yoast-seo-wordpress\/ -->\n<title>Chao-Hsiu Chen \u201eRy\u017eiai nefrito puodeliuose: Dvasingoji Kinija\u201c<\/title>\n<meta name=\"description\" content=\"Knygoje pasakojama apie Kinijos dvasingum\u0105 taip, kad skaitytojas suprast\u0173, kokie lobiai gl\u016bdi savitoje jos kult\u016broje.\" \/>\n<meta name=\"robots\" content=\"index, follow, max-snippet:-1, max-image-preview:large, max-video-preview:-1\" \/>\n<link rel=\"canonical\" href=\"https:\/\/skaitytaknyga.lt\/en\/produktas\/chao-hsiu-chen-ryziai-nefrito-puodeliuose-dvasingoji-kinija\/\" \/>\n<meta property=\"og:locale\" content=\"en_GB\" \/>\n<meta property=\"og:locale:alternate\" content=\"lt_LT\" \/>\n<meta property=\"og:type\" content=\"article\" \/>\n<meta property=\"og:title\" content=\"Chao-Hsiu Chen \u201eRy\u017eiai nefrito puodeliuose: Dvasingoji Kinija\u201c\" \/>\n<meta property=\"og:description\" content=\"Knygoje pasakojama apie Kinijos dvasingum\u0105 taip, kad skaitytojas suprast\u0173, kokie lobiai gl\u016bdi savitoje jos kult\u016broje.\" \/>\n<meta property=\"og:url\" content=\"https:\/\/skaitytaknyga.lt\/en\/produktas\/chao-hsiu-chen-ryziai-nefrito-puodeliuose-dvasingoji-kinija\/\" \/>\n<meta property=\"og:site_name\" content=\"Skaitytaknyga\" \/>\n<meta property=\"article:publisher\" content=\"https:\/\/www.facebook.com\/skaitytaknyga\/\" \/>\n<meta property=\"article:modified_time\" content=\"2024-08-09T14:36:22+00:00\" \/>\n<meta property=\"og:image\" content=\"https:\/\/skaitytaknyga.lt\/wp-content\/uploads\/2024\/04\/1462875619_chao.jpg\" \/>\n\t<meta property=\"og:image:width\" content=\"235\" \/>\n\t<meta property=\"og:image:height\" content=\"430\" \/>\n\t<meta property=\"og:image:type\" content=\"image\/jpeg\" \/>\n<meta name=\"twitter:card\" content=\"summary_large_image\" \/>\n<meta name=\"twitter:label1\" content=\"Estimated reading time\" \/>\n\t<meta name=\"twitter:data1\" content=\"1 minute\" \/>\n<script type=\"application\/ld+json\" class=\"yoast-schema-graph\">{\"@context\":\"https:\/\/schema.org\",\"@graph\":[{\"@type\":\"WebPage\",\"@id\":\"https:\/\/skaitytaknyga.lt\/produktas\/chao-hsiu-chen-ryziai-nefrito-puodeliuose-dvasingoji-kinija\/\",\"url\":\"https:\/\/skaitytaknyga.lt\/produktas\/chao-hsiu-chen-ryziai-nefrito-puodeliuose-dvasingoji-kinija\/\",\"name\":\"Chao-Hsiu Chen \u201eRy\u017eiai nefrito puodeliuose: Dvasingoji Kinija\u201c\",\"isPartOf\":{\"@id\":\"https:\/\/skaitytaknyga.lt\/#website\"},\"primaryImageOfPage\":{\"@id\":\"https:\/\/skaitytaknyga.lt\/produktas\/chao-hsiu-chen-ryziai-nefrito-puodeliuose-dvasingoji-kinija\/#primaryimage\"},\"image\":{\"@id\":\"https:\/\/skaitytaknyga.lt\/produktas\/chao-hsiu-chen-ryziai-nefrito-puodeliuose-dvasingoji-kinija\/#primaryimage\"},\"thumbnailUrl\":\"https:\/\/skaitytaknyga.lt\/wp-content\/uploads\/2024\/04\/1462875619_chao.jpg\",\"datePublished\":\"2024-04-17T13:15:54+00:00\",\"dateModified\":\"2024-08-09T14:36:22+00:00\",\"description\":\"Knygoje pasakojama apie Kinijos dvasingum\u0105 taip, kad skaitytojas suprast\u0173, kokie lobiai gl\u016bdi savitoje jos kult\u016broje.\",\"breadcrumb\":{\"@id\":\"https:\/\/skaitytaknyga.lt\/produktas\/chao-hsiu-chen-ryziai-nefrito-puodeliuose-dvasingoji-kinija\/#breadcrumb\"},\"inLanguage\":\"en-GB\",\"potentialAction\":[{\"@type\":\"ReadAction\",\"target\":[\"https:\/\/skaitytaknyga.lt\/produktas\/chao-hsiu-chen-ryziai-nefrito-puodeliuose-dvasingoji-kinija\/\"]}]},{\"@type\":\"ImageObject\",\"inLanguage\":\"en-GB\",\"@id\":\"https:\/\/skaitytaknyga.lt\/produktas\/chao-hsiu-chen-ryziai-nefrito-puodeliuose-dvasingoji-kinija\/#primaryimage\",\"url\":\"https:\/\/skaitytaknyga.lt\/wp-content\/uploads\/2024\/04\/1462875619_chao.jpg\",\"contentUrl\":\"https:\/\/skaitytaknyga.lt\/wp-content\/uploads\/2024\/04\/1462875619_chao.jpg\",\"width\":235,\"height\":430,\"caption\":\"1462875619 chao\"},{\"@type\":\"BreadcrumbList\",\"@id\":\"https:\/\/skaitytaknyga.lt\/produktas\/chao-hsiu-chen-ryziai-nefrito-puodeliuose-dvasingoji-kinija\/#breadcrumb\",\"itemListElement\":[{\"@type\":\"ListItem\",\"position\":1,\"name\":\"Home\",\"item\":\"https:\/\/skaitytaknyga.lt\/\"},{\"@type\":\"ListItem\",\"position\":2,\"name\":\"Parduotuv\u0117\",\"item\":\"https:\/\/skaitytaknyga.lt\/knygu-parduotuve\/\"},{\"@type\":\"ListItem\",\"position\":3,\"name\":\"Chao-Hsiu Chen \u201eRy\u017eiai nefrito puodeliuose: Dvasingoji Kinija\u201c\"}]},{\"@type\":\"WebSite\",\"@id\":\"https:\/\/skaitytaknyga.lt\/#website\",\"url\":\"https:\/\/skaitytaknyga.lt\/\",\"name\":\"skaitytaknyga.lt\",\"description\":\"Skaitytaknyga.lt \u2013 tai ma\u017eas \u0161eimos verslas, kuris prasid\u0117jo nuo meil\u0117s knygoms ir siekio i\u0161gelb\u0117ti knygas nuo likimo prie konteinerio. Kas vienam nereikalingas daiktas \u2013 kitam lobis, o mes esame tarpininkai, kurie padeda abiems tapti laimingesniems ???? \u017dinome kaip nelengva i\u0161gyventi ma\u017eiems verslams, tad nuo \u0161iol, \u010dia rasite ir kit\u0173, ma\u017e\u0173 \u0161eim\u0173 versl\u0173, rank\u0173 darbo, dovan\u0173 sau ir artimiesiems.\",\"publisher\":{\"@id\":\"https:\/\/skaitytaknyga.lt\/#organization\"},\"potentialAction\":[{\"@type\":\"SearchAction\",\"target\":{\"@type\":\"EntryPoint\",\"urlTemplate\":\"https:\/\/skaitytaknyga.lt\/?s={search_term_string}\"},\"query-input\":{\"@type\":\"PropertyValueSpecification\",\"valueRequired\":true,\"valueName\":\"search_term_string\"}}],\"inLanguage\":\"en-GB\"},{\"@type\":\"Organization\",\"@id\":\"https:\/\/skaitytaknyga.lt\/#organization\",\"name\":\"skaitytaknyga.lt\",\"url\":\"https:\/\/skaitytaknyga.lt\/\",\"logo\":{\"@type\":\"ImageObject\",\"inLanguage\":\"en-GB\",\"@id\":\"https:\/\/skaitytaknyga.lt\/#\/schema\/logo\/image\/\",\"url\":\"https:\/\/skaitytaknyga.lt\/wp-content\/uploads\/2024\/05\/cropped-cropped-cropped-02_00843_jt3bggkj1j3HLc7SyY6rEUpg.jpeg\",\"contentUrl\":\"https:\/\/skaitytaknyga.lt\/wp-content\/uploads\/2024\/05\/cropped-cropped-cropped-02_00843_jt3bggkj1j3HLc7SyY6rEUpg.jpeg\",\"width\":1600,\"height\":1600,\"caption\":\"skaitytaknyga.lt\"},\"image\":{\"@id\":\"https:\/\/skaitytaknyga.lt\/#\/schema\/logo\/image\/\"},\"sameAs\":[\"https:\/\/www.facebook.com\/skaitytaknyga\/\"]}]}<\/script>\n<!-- \/ Yoast SEO plugin. -->","yoast_head_json":{"title":"Chao-Hsiu Chen \u201eRy\u017eiai nefrito puodeliuose: Dvasingoji Kinija\u201c","description":"Knygoje pasakojama apie Kinijos dvasingum\u0105 taip, kad skaitytojas suprast\u0173, kokie lobiai gl\u016bdi savitoje jos kult\u016broje.","robots":{"index":"index","follow":"follow","max-snippet":"max-snippet:-1","max-image-preview":"max-image-preview:large","max-video-preview":"max-video-preview:-1"},"canonical":"https:\/\/skaitytaknyga.lt\/en\/produktas\/chao-hsiu-chen-ryziai-nefrito-puodeliuose-dvasingoji-kinija\/","og_locale":"en_GB","og_type":"article","og_title":"[:lt]Chao-Hsiu Chen \u201eRy\u017eiai nefrito puodeliuose: Dvasingoji Kinija\u201c[:] - Skaitytaknyga","og_description":"[:lt]Knygoje pasakojama apie Kinijos dvasingum\u0105 taip, kad skaitytojas suprast\u0173, kokie lobiai gl\u016bdi savitoje jos kult\u016broje.[:]","og_url":"https:\/\/skaitytaknyga.lt\/en\/produktas\/chao-hsiu-chen-ryziai-nefrito-puodeliuose-dvasingoji-kinija\/","og_site_name":"Skaitytaknyga","article_publisher":"https:\/\/www.facebook.com\/skaitytaknyga\/","article_modified_time":"2024-08-09T14:36:22+00:00","og_image":[{"width":235,"height":430,"url":"https:\/\/skaitytaknyga.lt\/wp-content\/uploads\/2024\/04\/1462875619_chao.jpg","type":"image\/jpeg"}],"twitter_card":"summary_large_image","twitter_misc":{"Estimated reading time":"1 minute"},"schema":{"@context":"https:\/\/schema.org","@graph":[{"@type":"WebPage","@id":"https:\/\/skaitytaknyga.lt\/produktas\/chao-hsiu-chen-ryziai-nefrito-puodeliuose-dvasingoji-kinija\/","url":"https:\/\/skaitytaknyga.lt\/produktas\/chao-hsiu-chen-ryziai-nefrito-puodeliuose-dvasingoji-kinija\/","name":"Chao-Hsiu Chen \u201eRy\u017eiai nefrito puodeliuose: Dvasingoji Kinija\u201c","isPartOf":{"@id":"https:\/\/skaitytaknyga.lt\/#website"},"primaryImageOfPage":{"@id":"https:\/\/skaitytaknyga.lt\/produktas\/chao-hsiu-chen-ryziai-nefrito-puodeliuose-dvasingoji-kinija\/#primaryimage"},"image":{"@id":"https:\/\/skaitytaknyga.lt\/produktas\/chao-hsiu-chen-ryziai-nefrito-puodeliuose-dvasingoji-kinija\/#primaryimage"},"thumbnailUrl":"https:\/\/skaitytaknyga.lt\/wp-content\/uploads\/2024\/04\/1462875619_chao.jpg","datePublished":"2024-04-17T13:15:54+00:00","dateModified":"2024-08-09T14:36:22+00:00","description":"Knygoje pasakojama apie Kinijos dvasingum\u0105 taip, kad skaitytojas suprast\u0173, kokie lobiai gl\u016bdi savitoje jos kult\u016broje.","breadcrumb":{"@id":"https:\/\/skaitytaknyga.lt\/produktas\/chao-hsiu-chen-ryziai-nefrito-puodeliuose-dvasingoji-kinija\/#breadcrumb"},"inLanguage":"en-GB","potentialAction":[{"@type":"ReadAction","target":["https:\/\/skaitytaknyga.lt\/produktas\/chao-hsiu-chen-ryziai-nefrito-puodeliuose-dvasingoji-kinija\/"]}]},{"@type":"ImageObject","inLanguage":"en-GB","@id":"https:\/\/skaitytaknyga.lt\/produktas\/chao-hsiu-chen-ryziai-nefrito-puodeliuose-dvasingoji-kinija\/#primaryimage","url":"https:\/\/skaitytaknyga.lt\/wp-content\/uploads\/2024\/04\/1462875619_chao.jpg","contentUrl":"https:\/\/skaitytaknyga.lt\/wp-content\/uploads\/2024\/04\/1462875619_chao.jpg","width":235,"height":430,"caption":"1462875619 chao"},{"@type":"BreadcrumbList","@id":"https:\/\/skaitytaknyga.lt\/produktas\/chao-hsiu-chen-ryziai-nefrito-puodeliuose-dvasingoji-kinija\/#breadcrumb","itemListElement":[{"@type":"ListItem","position":1,"name":"Home","item":"https:\/\/skaitytaknyga.lt\/"},{"@type":"ListItem","position":2,"name":"Parduotuv\u0117","item":"https:\/\/skaitytaknyga.lt\/knygu-parduotuve\/"},{"@type":"ListItem","position":3,"name":"Chao-Hsiu Chen \u201eRy\u017eiai nefrito puodeliuose: Dvasingoji Kinija\u201c"}]},{"@type":"WebSite","@id":"https:\/\/skaitytaknyga.lt\/#website","url":"https:\/\/skaitytaknyga.lt\/","name":"skaitytaknyga.lt","description":"Skaitytaknyga.lt \u2013 tai ma\u017eas \u0161eimos verslas, kuris prasid\u0117jo nuo meil\u0117s knygoms ir siekio i\u0161gelb\u0117ti knygas nuo likimo prie konteinerio. Kas vienam nereikalingas daiktas \u2013 kitam lobis, o mes esame tarpininkai, kurie padeda abiems tapti laimingesniems ???? \u017dinome kaip nelengva i\u0161gyventi ma\u017eiems verslams, tad nuo \u0161iol, \u010dia rasite ir kit\u0173, ma\u017e\u0173 \u0161eim\u0173 versl\u0173, rank\u0173 darbo, dovan\u0173 sau ir artimiesiems.","publisher":{"@id":"https:\/\/skaitytaknyga.lt\/#organization"},"potentialAction":[{"@type":"SearchAction","target":{"@type":"EntryPoint","urlTemplate":"https:\/\/skaitytaknyga.lt\/?s={search_term_string}"},"query-input":{"@type":"PropertyValueSpecification","valueRequired":true,"valueName":"search_term_string"}}],"inLanguage":"en-GB"},{"@type":"Organization","@id":"https:\/\/skaitytaknyga.lt\/#organization","name":"skaitytaknyga.lt","url":"https:\/\/skaitytaknyga.lt\/","logo":{"@type":"ImageObject","inLanguage":"en-GB","@id":"https:\/\/skaitytaknyga.lt\/#\/schema\/logo\/image\/","url":"https:\/\/skaitytaknyga.lt\/wp-content\/uploads\/2024\/05\/cropped-cropped-cropped-02_00843_jt3bggkj1j3HLc7SyY6rEUpg.jpeg","contentUrl":"https:\/\/skaitytaknyga.lt\/wp-content\/uploads\/2024\/05\/cropped-cropped-cropped-02_00843_jt3bggkj1j3HLc7SyY6rEUpg.jpeg","width":1600,"height":1600,"caption":"skaitytaknyga.lt"},"image":{"@id":"https:\/\/skaitytaknyga.lt\/#\/schema\/logo\/image\/"},"sameAs":["https:\/\/www.facebook.com\/skaitytaknyga\/"]}]}},"_links":{"self":[{"href":"https:\/\/skaitytaknyga.lt\/en\/wp-json\/wp\/v2\/product\/2605","targetHints":{"allow":["GET"]}}],"collection":[{"href":"https:\/\/skaitytaknyga.lt\/en\/wp-json\/wp\/v2\/product"}],"about":[{"href":"https:\/\/skaitytaknyga.lt\/en\/wp-json\/wp\/v2\/types\/product"}],"replies":[{"embeddable":true,"href":"https:\/\/skaitytaknyga.lt\/en\/wp-json\/wp\/v2\/comments?post=2605"}],"wp:featuredmedia":[{"embeddable":true,"href":"https:\/\/skaitytaknyga.lt\/en\/wp-json\/wp\/v2\/media\/2657"}],"wp:attachment":[{"href":"https:\/\/skaitytaknyga.lt\/en\/wp-json\/wp\/v2\/media?parent=2605"}],"wp:term":[{"taxonomy":"product_brand","embeddable":true,"href":"https:\/\/skaitytaknyga.lt\/en\/wp-json\/wp\/v2\/product_brand?post=2605"},{"taxonomy":"product_cat","embeddable":true,"href":"https:\/\/skaitytaknyga.lt\/en\/wp-json\/wp\/v2\/product_cat?post=2605"},{"taxonomy":"product_tag","embeddable":true,"href":"https:\/\/skaitytaknyga.lt\/en\/wp-json\/wp\/v2\/product_tag?post=2605"}],"curies":[{"name":"wp","href":"https:\/\/api.w.org\/{rel}","templated":true}]}}