{"id":2604,"date":"2024-04-17T13:15:54","date_gmt":"2024-04-17T13:15:54","guid":{"rendered":"https:\/\/skaitytaknyga.lt\/?post_type=product&#038;p=2604"},"modified":"2025-06-15T20:23:29","modified_gmt":"2025-06-15T17:23:29","slug":"f-saldmann-geriausias-vaistas-jus-pats","status":"publish","type":"product","link":"https:\/\/skaitytaknyga.lt\/en\/produktas\/f-saldmann-geriausias-vaistas-jus-pats\/","title":{"rendered":"Geriausias vaistas \u2013 j\u016bs pats!"},"content":{"rendered":"<p>Pranc\u016bz\u0173 kardiologas, mitybos ekspertas, visame pasaulyje pripa\u017eintas prevencin\u0117s medicinos specialistas daktaras\u00a0Fr\u00e9d\u00e9ricas Saldmannas\u00a0(Frederikas Saldmanas; g. 1953 m. Pary\u017eiuje), 11-os mil\u017eini\u0161ko populiarumo sulaukusi\u0173 knyg\u0173 autorius, si\u016blo lengvai prieinamus b\u016bdus, kaip panaudoti savo sveikatos kapital\u0105.<\/p>\n<p>Autorius klausia: ar ne per da\u017enai ir be ypatingos prie\u017easties aliname save vaistais, nepaisydami \u0161alutinio poveikio? Juk m\u016bs\u0173 organizmas, nors da\u017enai to ne\u017einome arba nepaisome, turi ne\u012ftik\u0117tin\u0173 gali\u0173.<\/p>\n<p>F. Saldmannas\u00a0nesileid\u017eia \u012f teorinius i\u0161ved\u017eiojimus, o paprastai ir s\u0105mojingai, pasitelk\u0119s i\u0161samias \u017einias (jo literat\u016bros sara\u0161e \u2013 daugiau kaip 200 rekomenduojam\u0173 knyg\u0173 ir straipsni\u0173), de\u0161imtyje temini\u0173 skyri\u0173 i\u0161d\u0117sto pagrindines sveikatos taisykles, dalijasi savo atradimais, pasteb\u0117jimais ir pateikia gausyb\u0119 konkre\u010di\u0173 pavyzd\u017ei\u0173.<\/p>\n<p>Autorius anaiptol nenusiteik\u0119s prie\u0161 savo kolegas medikus ar vaistininkus, nors kai kuriems i\u0161 j\u0173 vien knygos pavadinimas tur\u0117t\u0173 nepatikti. Ta\u010diau F. Saldmannas nelink\u0119s gin\u010dytis. Jo vieninteliai prie\u0161ai \u2013 keletas pla\u010diai paplitusi\u0173 klaiding\u0173 \u012fsitikinim\u0173, o daugiausia \u2013 \u017ealingi \u012fpro\u010diai. Jo ginklai \u2013 savistaba ir prevencija. Tikslas \u2013 sureguliuoti visas sveikatai \u012ftak\u0105 daran\u010dias sritis \u2013 mityb\u0105, svor\u012f, alergijas, mieg\u0105, seksualum\u0105, sen\u0117jim\u0105 ir t. t.<\/p>\n<p>Keli daktaro F. Saldmanno patarimai:<\/p>\n<p>30 minu\u010di\u0173 kasdien\u0117s mank\u0161tos 40 proc. suma\u017eina pavoj\u0173 susirgti v\u0117\u017eiu, Alzheimerio, \u0161irdies ir kraujagysli\u0173 ligomis.<br \/>\nJuoduoju \u0161imtaprocentiniu \u0161okoladu greitai nuslopinsite alkio jausm\u0105, nevilt\u012f ir skausm\u0105.<br \/>\nPeriodi\u0161kai pabadav\u0119 suaktyvinsite biologin\u0119 atmint\u012f, atsikratysite ne tik antsvorio, bet ir reumato, alergij\u0173, astmos.<br \/>\nNem\u0117ginkite atsimiegoti savaitgal\u012f \u2013 tik destabilizuosite savo organizm\u0105.<br \/>\nI\u0161mok\u0119 taisyklingos laikysenos, atsikratysite daugelio vir\u0161kinimo problem\u0173.<br \/>\nLaikykit\u0117s svarbiausi\u0173 higienos taisykli\u0173: plaukite rankas, u\u017edarykite tualeto dangt\u012f prie\u0161 nuleisdami vanden\u012f, reguliariai keiskite pagalv\u0119, dukart per m\u0117nes\u012f i\u0161valykite \u0161aldytuv\u0105.<br \/>\n\u010ciaud\u0117kite \u012f sveikat\u0105.<br \/>\nSusitik\u0119 pa\u017e\u012fstam\u0105 \u017emog\u0173 \u2013 apsikabinkite: tai labai sveika.<br \/>\n\u0160ypsena sukelkite teigiamas bangas; gera nuotaika u\u017ekre\u010diama.<\/p>\n","protected":false},"excerpt":{"rendered":"<p>Pranc\u016bz\u0173 kardiologas, mitybos ekspertas, visame pasaulyje pripa\u017eintas prevencin\u0117s medicinos specialistas daktaras\u00a0Fr\u00e9d\u00e9ricas Saldmannas\u00a0(Frederikas Saldmanas; g. 1953 m. Pary\u017eiuje), 11-os mil\u017eini\u0161ko populiarumo sulaukusi\u0173 knyg\u0173 autorius, si\u016blo lengvai prieinamus b\u016bdus, kaip panaudoti savo sveikatos kapital\u0105. Autorius klausia: ar ne per da\u017enai ir be ypatingos prie\u017easties aliname save vaistais, nepaisydami \u0161alutinio poveikio? Juk m\u016bs\u0173 organizmas, nors da\u017enai to ne\u017einome arba nepaisome, turi ne\u012ftik\u0117tin\u0173 gali\u0173. F. Saldmannas\u00a0nesileid\u017eia \u012f teorinius i\u0161ved\u017eiojimus, o paprastai ir s\u0105mojingai, pasitelk\u0119s i\u0161samias \u017einias (jo literat\u016bros sara\u0161e \u2013 daugiau kaip 200 rekomenduojam\u0173 knyg\u0173 ir straipsni\u0173), de\u0161imtyje temini\u0173 skyri\u0173 i\u0161d\u0117sto pagrindines sveikatos taisykles, dalijasi savo atradimais, pasteb\u0117jimais ir pateikia gausyb\u0119 konkre\u010di\u0173 pavyzd\u017ei\u0173. Autorius anaiptol nenusiteik\u0119s prie\u0161 savo kolegas medikus ar vaistininkus, nors kai kuriems i\u0161 j\u0173 vien knygos pavadinimas tur\u0117t\u0173 nepatikti. Ta\u010diau F. Saldmannas nelink\u0119s gin\u010dytis. Jo vieninteliai prie\u0161ai \u2013 keletas pla\u010diai paplitusi\u0173 klaiding\u0173 \u012fsitikinim\u0173, o daugiausia \u2013 \u017ealingi \u012fpro\u010diai. Jo ginklai \u2013 savistaba ir prevencija. Tikslas \u2013 sureguliuoti visas sveikatai \u012ftak\u0105 daran\u010dias sritis \u2013 mityb\u0105, svor\u012f, alergijas, mieg\u0105, seksualum\u0105, sen\u0117jim\u0105 ir t. t. Keli daktaro F. Saldmanno patarimai: 30 minu\u010di\u0173 kasdien\u0117s mank\u0161tos 40 proc. suma\u017eina pavoj\u0173 susirgti v\u0117\u017eiu, Alzheimerio, \u0161irdies ir kraujagysli\u0173 ligomis. Juoduoju \u0161imtaprocentiniu \u0161okoladu greitai nuslopinsite alkio jausm\u0105, nevilt\u012f ir skausm\u0105. Periodi\u0161kai pabadav\u0119 suaktyvinsite biologin\u0119 atmint\u012f, atsikratysite ne tik antsvorio, bet ir reumato, alergij\u0173, astmos. Nem\u0117ginkite atsimiegoti savaitgal\u012f \u2013 tik destabilizuosite savo organizm\u0105. I\u0161mok\u0119 taisyklingos laikysenos, atsikratysite daugelio vir\u0161kinimo problem\u0173. Laikykit\u0117s svarbiausi\u0173 higienos taisykli\u0173: plaukite rankas, u\u017edarykite tualeto dangt\u012f prie\u0161 nuleisdami vanden\u012f, reguliariai keiskite pagalv\u0119, dukart per m\u0117nes\u012f i\u0161valykite \u0161aldytuv\u0105. \u010ciaud\u0117kite \u012f sveikat\u0105. Susitik\u0119 pa\u017e\u012fstam\u0105 \u017emog\u0173 \u2013 apsikabinkite: tai labai sveika. \u0160ypsena sukelkite teigiamas bangas; gera nuotaika u\u017ekre\u010diama.<\/p>\n","protected":false},"featured_media":2656,"comment_status":"closed","ping_status":"closed","template":"","meta":{"_acf_changed":false,"site-sidebar-layout":"default","site-content-layout":"","ast-site-content-layout":"default","site-content-style":"default","site-sidebar-style":"default","ast-global-header-display":"","ast-banner-title-visibility":"","ast-main-header-display":"","ast-hfb-above-header-display":"","ast-hfb-below-header-display":"","ast-hfb-mobile-header-display":"","site-post-title":"","ast-breadcrumbs-content":"","ast-featured-img":"","footer-sml-layout":"","ast-disable-related-posts":"","theme-transparent-header-meta":"","adv-header-id-meta":"","stick-header-meta":"","header-above-stick-meta":"","header-main-stick-meta":"","header-below-stick-meta":"","astra-migrate-meta-layouts":"default","ast-page-background-enabled":"default","ast-page-background-meta":{"desktop":{"background-color":"","background-image":"","background-repeat":"repeat","background-position":"center center","background-size":"auto","background-attachment":"scroll","background-type":"","background-media":"","overlay-type":"","overlay-color":"","overlay-opacity":"","overlay-gradient":""},"tablet":{"background-color":"","background-image":"","background-repeat":"repeat","background-position":"center center","background-size":"auto","background-attachment":"scroll","background-type":"","background-media":"","overlay-type":"","overlay-color":"","overlay-opacity":"","overlay-gradient":""},"mobile":{"background-color":"","background-image":"","background-repeat":"repeat","background-position":"center center","background-size":"auto","background-attachment":"scroll","background-type":"","background-media":"","overlay-type":"","overlay-color":"","overlay-opacity":"","overlay-gradient":""}},"ast-content-background-meta":{"desktop":{"background-color":"var(--ast-global-color-4)","background-image":"","background-repeat":"repeat","background-position":"center center","background-size":"auto","background-attachment":"scroll","background-type":"","background-media":"","overlay-type":"","overlay-color":"","overlay-opacity":"","overlay-gradient":""},"tablet":{"background-color":"var(--ast-global-color-4)","background-image":"","background-repeat":"repeat","background-position":"center center","background-size":"auto","background-attachment":"scroll","background-type":"","background-media":"","overlay-type":"","overlay-color":"","overlay-opacity":"","overlay-gradient":""},"mobile":{"background-color":"var(--ast-global-color-4)","background-image":"","background-repeat":"repeat","background-position":"center center","background-size":"auto","background-attachment":"scroll","background-type":"","background-media":"","overlay-type":"","overlay-color":"","overlay-opacity":"","overlay-gradient":""}}},"product_brand":[],"product_cat":[30],"product_tag":[],"class_list":{"0":"post-2604","1":"product","2":"type-product","3":"status-publish","4":"has-post-thumbnail","6":"product_cat-psichologija-ir-saviugda","7":"desktop-align-left","8":"tablet-align-left","9":"mobile-align-left","11":"first","12":"outofstock","13":"shipping-taxable","14":"purchasable","15":"product-type-simple"},"acf":[],"yoast_head":"<!-- This site is optimized with the Yoast SEO plugin v27.0 - https:\/\/yoast.com\/product\/yoast-seo-wordpress\/ -->\n<title>Geriausias vaistas \u2013 j\u016bs pats!<\/title>\n<meta name=\"description\" content=\"Pranc\u016bz\u0173 kardiologas, mitybos ekspertas, visame pasaulyje pripa\u017eintas prevencin\u0117s medicinos specialistas daktaras\u00a0Fr\u00e9d\u00e9ricas Saldmannas\u00a0(Frederikas\" \/>\n<meta name=\"robots\" content=\"index, follow, max-snippet:-1, max-image-preview:large, max-video-preview:-1\" \/>\n<link rel=\"canonical\" href=\"https:\/\/skaitytaknyga.lt\/en\/produktas\/f-saldmann-geriausias-vaistas-jus-pats\/\" \/>\n<meta property=\"og:locale\" content=\"en_GB\" \/>\n<meta property=\"og:locale:alternate\" content=\"lt_LT\" \/>\n<meta property=\"og:type\" content=\"article\" \/>\n<meta property=\"og:title\" content=\"Geriausias vaistas \u2013 j\u016bs pats!\" \/>\n<meta property=\"og:description\" content=\"Pranc\u016bz\u0173 kardiologas, mitybos ekspertas, visame pasaulyje pripa\u017eintas prevencin\u0117s medicinos specialistas daktaras\u00a0Fr\u00e9d\u00e9ricas Saldmannas\u00a0(Frederikas\" \/>\n<meta property=\"og:url\" content=\"https:\/\/skaitytaknyga.lt\/en\/produktas\/f-saldmann-geriausias-vaistas-jus-pats\/\" \/>\n<meta property=\"og:site_name\" content=\"Skaitytaknyga\" \/>\n<meta property=\"article:publisher\" content=\"https:\/\/www.facebook.com\/skaitytaknyga\/\" \/>\n<meta property=\"article:modified_time\" content=\"2025-06-15T17:23:29+00:00\" \/>\n<meta property=\"og:image\" content=\"https:\/\/skaitytaknyga.lt\/wp-content\/uploads\/2024\/04\/1462885670_geriausiasvaistasjuspats.jpg\" \/>\n\t<meta property=\"og:image:width\" content=\"290\" \/>\n\t<meta property=\"og:image:height\" content=\"430\" \/>\n\t<meta property=\"og:image:type\" content=\"image\/jpeg\" \/>\n<meta name=\"twitter:card\" content=\"summary_large_image\" \/>\n<meta name=\"twitter:label1\" content=\"Estimated reading time\" \/>\n\t<meta name=\"twitter:data1\" content=\"2 minutes\" \/>\n<script type=\"application\/ld+json\" class=\"yoast-schema-graph\">{\"@context\":\"https:\/\/schema.org\",\"@graph\":[{\"@type\":\"WebPage\",\"@id\":\"https:\/\/skaitytaknyga.lt\/produktas\/f-saldmann-geriausias-vaistas-jus-pats\/\",\"url\":\"https:\/\/skaitytaknyga.lt\/produktas\/f-saldmann-geriausias-vaistas-jus-pats\/\",\"name\":\"Geriausias vaistas \u2013 j\u016bs pats!\",\"isPartOf\":{\"@id\":\"https:\/\/skaitytaknyga.lt\/#website\"},\"primaryImageOfPage\":{\"@id\":\"https:\/\/skaitytaknyga.lt\/produktas\/f-saldmann-geriausias-vaistas-jus-pats\/#primaryimage\"},\"image\":{\"@id\":\"https:\/\/skaitytaknyga.lt\/produktas\/f-saldmann-geriausias-vaistas-jus-pats\/#primaryimage\"},\"thumbnailUrl\":\"https:\/\/skaitytaknyga.lt\/wp-content\/uploads\/2024\/04\/1462885670_geriausiasvaistasjuspats.jpg\",\"datePublished\":\"2024-04-17T13:15:54+00:00\",\"dateModified\":\"2025-06-15T17:23:29+00:00\",\"description\":\"Pranc\u016bz\u0173 kardiologas, mitybos ekspertas, visame pasaulyje pripa\u017eintas prevencin\u0117s medicinos specialistas daktaras\u00a0Fr\u00e9d\u00e9ricas Saldmannas\u00a0(Frederikas\",\"breadcrumb\":{\"@id\":\"https:\/\/skaitytaknyga.lt\/produktas\/f-saldmann-geriausias-vaistas-jus-pats\/#breadcrumb\"},\"inLanguage\":\"en-GB\",\"potentialAction\":[{\"@type\":\"ReadAction\",\"target\":[\"https:\/\/skaitytaknyga.lt\/produktas\/f-saldmann-geriausias-vaistas-jus-pats\/\"]}]},{\"@type\":\"ImageObject\",\"inLanguage\":\"en-GB\",\"@id\":\"https:\/\/skaitytaknyga.lt\/produktas\/f-saldmann-geriausias-vaistas-jus-pats\/#primaryimage\",\"url\":\"https:\/\/skaitytaknyga.lt\/wp-content\/uploads\/2024\/04\/1462885670_geriausiasvaistasjuspats.jpg\",\"contentUrl\":\"https:\/\/skaitytaknyga.lt\/wp-content\/uploads\/2024\/04\/1462885670_geriausiasvaistasjuspats.jpg\",\"width\":290,\"height\":430,\"caption\":\"1462885670 geriausiasvaistasjuspats\"},{\"@type\":\"BreadcrumbList\",\"@id\":\"https:\/\/skaitytaknyga.lt\/produktas\/f-saldmann-geriausias-vaistas-jus-pats\/#breadcrumb\",\"itemListElement\":[{\"@type\":\"ListItem\",\"position\":1,\"name\":\"Home\",\"item\":\"https:\/\/skaitytaknyga.lt\/\"},{\"@type\":\"ListItem\",\"position\":2,\"name\":\"Parduotuv\u0117\",\"item\":\"https:\/\/skaitytaknyga.lt\/knygu-parduotuve\/\"},{\"@type\":\"ListItem\",\"position\":3,\"name\":\"Geriausias vaistas \u2013 j\u016bs pats!\"}]},{\"@type\":\"WebSite\",\"@id\":\"https:\/\/skaitytaknyga.lt\/#website\",\"url\":\"https:\/\/skaitytaknyga.lt\/\",\"name\":\"skaitytaknyga.lt\",\"description\":\"Skaitytaknyga.lt \u2013 tai ma\u017eas \u0161eimos verslas, kuris prasid\u0117jo nuo meil\u0117s knygoms ir siekio i\u0161gelb\u0117ti knygas nuo likimo prie konteinerio. Kas vienam nereikalingas daiktas \u2013 kitam lobis, o mes esame tarpininkai, kurie padeda abiems tapti laimingesniems ???? \u017dinome kaip nelengva i\u0161gyventi ma\u017eiems verslams, tad nuo \u0161iol, \u010dia rasite ir kit\u0173, ma\u017e\u0173 \u0161eim\u0173 versl\u0173, rank\u0173 darbo, dovan\u0173 sau ir artimiesiems.\",\"publisher\":{\"@id\":\"https:\/\/skaitytaknyga.lt\/#organization\"},\"potentialAction\":[{\"@type\":\"SearchAction\",\"target\":{\"@type\":\"EntryPoint\",\"urlTemplate\":\"https:\/\/skaitytaknyga.lt\/?s={search_term_string}\"},\"query-input\":{\"@type\":\"PropertyValueSpecification\",\"valueRequired\":true,\"valueName\":\"search_term_string\"}}],\"inLanguage\":\"en-GB\"},{\"@type\":\"Organization\",\"@id\":\"https:\/\/skaitytaknyga.lt\/#organization\",\"name\":\"skaitytaknyga.lt\",\"url\":\"https:\/\/skaitytaknyga.lt\/\",\"logo\":{\"@type\":\"ImageObject\",\"inLanguage\":\"en-GB\",\"@id\":\"https:\/\/skaitytaknyga.lt\/#\/schema\/logo\/image\/\",\"url\":\"https:\/\/skaitytaknyga.lt\/wp-content\/uploads\/2024\/05\/cropped-cropped-cropped-02_00843_jt3bggkj1j3HLc7SyY6rEUpg.jpeg\",\"contentUrl\":\"https:\/\/skaitytaknyga.lt\/wp-content\/uploads\/2024\/05\/cropped-cropped-cropped-02_00843_jt3bggkj1j3HLc7SyY6rEUpg.jpeg\",\"width\":1600,\"height\":1600,\"caption\":\"skaitytaknyga.lt\"},\"image\":{\"@id\":\"https:\/\/skaitytaknyga.lt\/#\/schema\/logo\/image\/\"},\"sameAs\":[\"https:\/\/www.facebook.com\/skaitytaknyga\/\"]}]}<\/script>\n<!-- \/ Yoast SEO plugin. -->","yoast_head_json":{"title":"Geriausias vaistas \u2013 j\u016bs pats!","description":"Pranc\u016bz\u0173 kardiologas, mitybos ekspertas, visame pasaulyje pripa\u017eintas prevencin\u0117s medicinos specialistas daktaras\u00a0Fr\u00e9d\u00e9ricas Saldmannas\u00a0(Frederikas","robots":{"index":"index","follow":"follow","max-snippet":"max-snippet:-1","max-image-preview":"max-image-preview:large","max-video-preview":"max-video-preview:-1"},"canonical":"https:\/\/skaitytaknyga.lt\/en\/produktas\/f-saldmann-geriausias-vaistas-jus-pats\/","og_locale":"en_GB","og_type":"article","og_title":"[:lt]Geriausias vaistas \u2013 j\u016bs pats![:] - Skaitytaknyga","og_description":"Pranc\u016bz\u0173 kardiologas, mitybos ekspertas, visame pasaulyje pripa\u017eintas prevencin\u0117s medicinos specialistas daktaras\u00a0Fr\u00e9d\u00e9ricas Saldmannas\u00a0(Frederikas","og_url":"https:\/\/skaitytaknyga.lt\/en\/produktas\/f-saldmann-geriausias-vaistas-jus-pats\/","og_site_name":"Skaitytaknyga","article_publisher":"https:\/\/www.facebook.com\/skaitytaknyga\/","article_modified_time":"2025-06-15T17:23:29+00:00","og_image":[{"width":290,"height":430,"url":"https:\/\/skaitytaknyga.lt\/wp-content\/uploads\/2024\/04\/1462885670_geriausiasvaistasjuspats.jpg","type":"image\/jpeg"}],"twitter_card":"summary_large_image","twitter_misc":{"Estimated reading time":"2 minutes"},"schema":{"@context":"https:\/\/schema.org","@graph":[{"@type":"WebPage","@id":"https:\/\/skaitytaknyga.lt\/produktas\/f-saldmann-geriausias-vaistas-jus-pats\/","url":"https:\/\/skaitytaknyga.lt\/produktas\/f-saldmann-geriausias-vaistas-jus-pats\/","name":"Geriausias vaistas \u2013 j\u016bs pats!","isPartOf":{"@id":"https:\/\/skaitytaknyga.lt\/#website"},"primaryImageOfPage":{"@id":"https:\/\/skaitytaknyga.lt\/produktas\/f-saldmann-geriausias-vaistas-jus-pats\/#primaryimage"},"image":{"@id":"https:\/\/skaitytaknyga.lt\/produktas\/f-saldmann-geriausias-vaistas-jus-pats\/#primaryimage"},"thumbnailUrl":"https:\/\/skaitytaknyga.lt\/wp-content\/uploads\/2024\/04\/1462885670_geriausiasvaistasjuspats.jpg","datePublished":"2024-04-17T13:15:54+00:00","dateModified":"2025-06-15T17:23:29+00:00","description":"Pranc\u016bz\u0173 kardiologas, mitybos ekspertas, visame pasaulyje pripa\u017eintas prevencin\u0117s medicinos specialistas daktaras\u00a0Fr\u00e9d\u00e9ricas Saldmannas\u00a0(Frederikas","breadcrumb":{"@id":"https:\/\/skaitytaknyga.lt\/produktas\/f-saldmann-geriausias-vaistas-jus-pats\/#breadcrumb"},"inLanguage":"en-GB","potentialAction":[{"@type":"ReadAction","target":["https:\/\/skaitytaknyga.lt\/produktas\/f-saldmann-geriausias-vaistas-jus-pats\/"]}]},{"@type":"ImageObject","inLanguage":"en-GB","@id":"https:\/\/skaitytaknyga.lt\/produktas\/f-saldmann-geriausias-vaistas-jus-pats\/#primaryimage","url":"https:\/\/skaitytaknyga.lt\/wp-content\/uploads\/2024\/04\/1462885670_geriausiasvaistasjuspats.jpg","contentUrl":"https:\/\/skaitytaknyga.lt\/wp-content\/uploads\/2024\/04\/1462885670_geriausiasvaistasjuspats.jpg","width":290,"height":430,"caption":"1462885670 geriausiasvaistasjuspats"},{"@type":"BreadcrumbList","@id":"https:\/\/skaitytaknyga.lt\/produktas\/f-saldmann-geriausias-vaistas-jus-pats\/#breadcrumb","itemListElement":[{"@type":"ListItem","position":1,"name":"Home","item":"https:\/\/skaitytaknyga.lt\/"},{"@type":"ListItem","position":2,"name":"Parduotuv\u0117","item":"https:\/\/skaitytaknyga.lt\/knygu-parduotuve\/"},{"@type":"ListItem","position":3,"name":"Geriausias vaistas \u2013 j\u016bs pats!"}]},{"@type":"WebSite","@id":"https:\/\/skaitytaknyga.lt\/#website","url":"https:\/\/skaitytaknyga.lt\/","name":"skaitytaknyga.lt","description":"Skaitytaknyga.lt \u2013 tai ma\u017eas \u0161eimos verslas, kuris prasid\u0117jo nuo meil\u0117s knygoms ir siekio i\u0161gelb\u0117ti knygas nuo likimo prie konteinerio. Kas vienam nereikalingas daiktas \u2013 kitam lobis, o mes esame tarpininkai, kurie padeda abiems tapti laimingesniems ???? \u017dinome kaip nelengva i\u0161gyventi ma\u017eiems verslams, tad nuo \u0161iol, \u010dia rasite ir kit\u0173, ma\u017e\u0173 \u0161eim\u0173 versl\u0173, rank\u0173 darbo, dovan\u0173 sau ir artimiesiems.","publisher":{"@id":"https:\/\/skaitytaknyga.lt\/#organization"},"potentialAction":[{"@type":"SearchAction","target":{"@type":"EntryPoint","urlTemplate":"https:\/\/skaitytaknyga.lt\/?s={search_term_string}"},"query-input":{"@type":"PropertyValueSpecification","valueRequired":true,"valueName":"search_term_string"}}],"inLanguage":"en-GB"},{"@type":"Organization","@id":"https:\/\/skaitytaknyga.lt\/#organization","name":"skaitytaknyga.lt","url":"https:\/\/skaitytaknyga.lt\/","logo":{"@type":"ImageObject","inLanguage":"en-GB","@id":"https:\/\/skaitytaknyga.lt\/#\/schema\/logo\/image\/","url":"https:\/\/skaitytaknyga.lt\/wp-content\/uploads\/2024\/05\/cropped-cropped-cropped-02_00843_jt3bggkj1j3HLc7SyY6rEUpg.jpeg","contentUrl":"https:\/\/skaitytaknyga.lt\/wp-content\/uploads\/2024\/05\/cropped-cropped-cropped-02_00843_jt3bggkj1j3HLc7SyY6rEUpg.jpeg","width":1600,"height":1600,"caption":"skaitytaknyga.lt"},"image":{"@id":"https:\/\/skaitytaknyga.lt\/#\/schema\/logo\/image\/"},"sameAs":["https:\/\/www.facebook.com\/skaitytaknyga\/"]}]}},"_links":{"self":[{"href":"https:\/\/skaitytaknyga.lt\/en\/wp-json\/wp\/v2\/product\/2604","targetHints":{"allow":["GET"]}}],"collection":[{"href":"https:\/\/skaitytaknyga.lt\/en\/wp-json\/wp\/v2\/product"}],"about":[{"href":"https:\/\/skaitytaknyga.lt\/en\/wp-json\/wp\/v2\/types\/product"}],"replies":[{"embeddable":true,"href":"https:\/\/skaitytaknyga.lt\/en\/wp-json\/wp\/v2\/comments?post=2604"}],"wp:featuredmedia":[{"embeddable":true,"href":"https:\/\/skaitytaknyga.lt\/en\/wp-json\/wp\/v2\/media\/2656"}],"wp:attachment":[{"href":"https:\/\/skaitytaknyga.lt\/en\/wp-json\/wp\/v2\/media?parent=2604"}],"wp:term":[{"taxonomy":"product_brand","embeddable":true,"href":"https:\/\/skaitytaknyga.lt\/en\/wp-json\/wp\/v2\/product_brand?post=2604"},{"taxonomy":"product_cat","embeddable":true,"href":"https:\/\/skaitytaknyga.lt\/en\/wp-json\/wp\/v2\/product_cat?post=2604"},{"taxonomy":"product_tag","embeddable":true,"href":"https:\/\/skaitytaknyga.lt\/en\/wp-json\/wp\/v2\/product_tag?post=2604"}],"curies":[{"name":"wp","href":"https:\/\/api.w.org\/{rel}","templated":true}]}}