{"id":2603,"date":"2024-04-17T13:15:54","date_gmt":"2024-04-17T13:15:54","guid":{"rendered":"https:\/\/skaitytaknyga.lt\/?post_type=product&#038;p=2603"},"modified":"2025-05-14T10:40:21","modified_gmt":"2025-05-14T07:40:21","slug":"rhonda-byrne-kaip-paslaptis-pakeite-mano-gyvenima-tikri-zmones-tikro","status":"publish","type":"product","link":"https:\/\/skaitytaknyga.lt\/en\/produktas\/rhonda-byrne-kaip-paslaptis-pakeite-mano-gyvenima-tikri-zmones-tikro\/","title":{"rendered":"Kaip \u201ePaslaptis\u201c pakeit\u0117 mano gyvenim\u0105: tikri \u017emon\u0117s, tikro"},"content":{"rendered":"<p>Pasaulinis fenomenas, pakeit\u0119s milijonus gyvenim\u0173<\/p>\n<p>Rhondos Byrne \u201ePaslaptis\u201c pastar\u0105j\u012f de\u0161imtmet\u012f buvo i\u0161skirtin\u0117, did\u017eiulio susidom\u0117jimo sulaukusi knyga, kuri tur\u0117jo ypating\u0105 poveik\u012f milijonams skaitytoj\u0173 visame pasaulyje. O dabar Rhonda Byrne pirm\u0105 kart\u0105 pristato labiausiai \u012fkvepian\u010dias ir veiksmingiausias, Paslapties gali\u0105 liudijan\u010dias tikro gyvenimo istorijas, kuriomis de\u0161imtmet\u012f dalijosi \u017emon\u0117s, tokie, kaip ir j\u016bs. Knyga Kaip Paslaptis pakeit\u0117 mano gyvenim\u0105 yra apie tai, kaip kiekvienas \u017emogus, taikydamas Paslapties mokym\u0105, gali pakeisti savo sveikat\u0105, santykius, meil\u0119, \u0161eim\u0105, finansus ir karjer\u0105. Taikydami \u0161\u012f galingiausi\u0105 Visatos d\u0117sn\u012f, geresn\u012f gyvenim\u0105 galite susikurti ir j\u016bs.<\/p>\n<p>Kai prie\u0161 de\u0161imtmet\u012f buvo i\u0161leista did\u017eiulio populiarumo sulaukusi Rhondos Byrne knyga Paslaptis, daugyb\u0117 skaitytoj\u0173 pasidalijo savo istorijomis, kaip j\u0173 gyvenimas stebuklingai pasikeit\u0117 \u012f gera. Jautriausios ir labiausiai \u012fkvepian\u010dios i\u0161 j\u0173 sud\u0117tos \u012f knyg\u0105 Kaip Paslaptis pakeit\u0117 mano gyvenim\u0105. Kiekviena istorija yra autenti\u0161ka, realaus gyvenimo pavyzd\u017eiais iliustruojanti keli\u0105, vedant\u012f \u012f s\u0117km\u0119 visose srityse: sveikatos, tarpusavio santyki\u0173, meil\u0117s, \u0161eimos, pinig\u0173 ir karjeros. \u017dmon\u0117s \u0161ioje knygoje liudija, kad tok\u012f svajoni\u0173 gyvenim\u0105 gali susikurti kiekvienas i\u0161 m\u016bs\u0173.<\/p>\n<p>Rhonda Byrne 2006 metais suk\u016br\u0117 Paslapt\u012f \u2013 vis\u0105 pasaul\u012f priblo\u0161kus\u012f dokumentin\u012f film\u0105, kuris pakeit\u0117 milijon\u0173 gyvenim\u0105 ir prad\u0117jo pasaulin\u012f jud\u0117jim\u0105. V\u0117liau tais pa\u010diais metais Rhonda i\u0161leido knyg\u0105 Paslaptis. Ji buvo i\u0161versta \u012f daugiau negu 50 kalb\u0173 ir yra viena ilgiausiai populiariausi\u0173j\u0173 s\u0105ra\u0161uose i\u0161silaikiusi\u0173 \u0161io am\u017eiaus knyg\u0173. Rhonda Byrne yra para\u0161iusi dar tris bestselerius: Galia (2010), Magija (2012) ir Herojus (2013).<\/p>\n<ul class=\"about-product d-none d-xl-block mt-4\">\n<li><strong>Originalus pavadinimas:<\/strong>\u00a0How The Secret Changed My Life<\/li>\n<li><strong>Autorius:<\/strong>\u00a0Rhonda Byrne<\/li>\n<li><strong>Leid\u0117jas:<\/strong>\u00a0Alma littera<\/li>\n<li><strong>Metai:<\/strong>\u00a02017<\/li>\n<li><strong>Puslapiai:<\/strong>\u00a0272<\/li>\n<li class=\"toggleable type-new-formats \"><strong>ISBN:<\/strong>\u00a09786090127957<\/li>\n<li><strong>Versijos kodas:<\/strong>\u00a0PT.<\/li>\n<li class=\"toggleable type-new-formats \"><strong>Formatas:<\/strong>\u00a014 x 17,8 x 2,1 cm, kieti vir\u0161eliai<\/li>\n<li><strong>Kalba:<\/strong>\u00a0Lietuvi\u0173<\/li>\n<li><strong>Vert\u0117jas:<\/strong>\u00a0\u017divil\u0117 Andri\u016bnien\u0117<\/li>\n<\/ul>\n","protected":false},"excerpt":{"rendered":"<p>Pasaulinis fenomenas, pakeit\u0119s milijonus gyvenim\u0173 Rhondos Byrne \u201ePaslaptis\u201c pastar\u0105j\u012f de\u0161imtmet\u012f buvo i\u0161skirtin\u0117, did\u017eiulio susidom\u0117jimo sulaukusi knyga, kuri tur\u0117jo ypating\u0105 poveik\u012f milijonams skaitytoj\u0173 visame pasaulyje. O dabar Rhonda Byrne pirm\u0105 kart\u0105 pristato labiausiai \u012fkvepian\u010dias ir veiksmingiausias, Paslapties gali\u0105 liudijan\u010dias tikro gyvenimo istorijas, kuriomis de\u0161imtmet\u012f dalijosi \u017emon\u0117s, tokie, kaip ir j\u016bs. Knyga Kaip Paslaptis pakeit\u0117 mano gyvenim\u0105 yra apie tai, kaip kiekvienas \u017emogus, taikydamas Paslapties mokym\u0105, gali pakeisti savo sveikat\u0105, santykius, meil\u0119, \u0161eim\u0105, finansus ir karjer\u0105. Taikydami \u0161\u012f galingiausi\u0105 Visatos d\u0117sn\u012f, geresn\u012f gyvenim\u0105 galite susikurti ir j\u016bs. Kai prie\u0161 de\u0161imtmet\u012f buvo i\u0161leista did\u017eiulio populiarumo sulaukusi Rhondos Byrne knyga Paslaptis, daugyb\u0117 skaitytoj\u0173 pasidalijo savo istorijomis, kaip j\u0173 gyvenimas stebuklingai pasikeit\u0117 \u012f gera. Jautriausios ir labiausiai \u012fkvepian\u010dios i\u0161 j\u0173 sud\u0117tos \u012f knyg\u0105 Kaip Paslaptis pakeit\u0117 mano gyvenim\u0105. Kiekviena istorija yra autenti\u0161ka, realaus gyvenimo pavyzd\u017eiais iliustruojanti keli\u0105, vedant\u012f \u012f s\u0117km\u0119 visose srityse: sveikatos, tarpusavio santyki\u0173, meil\u0117s, \u0161eimos, pinig\u0173 ir karjeros. \u017dmon\u0117s \u0161ioje knygoje liudija, kad tok\u012f svajoni\u0173 gyvenim\u0105 gali susikurti kiekvienas i\u0161 m\u016bs\u0173. Rhonda Byrne 2006 metais suk\u016br\u0117 Paslapt\u012f \u2013 vis\u0105 pasaul\u012f priblo\u0161kus\u012f dokumentin\u012f film\u0105, kuris pakeit\u0117 milijon\u0173 gyvenim\u0105 ir prad\u0117jo pasaulin\u012f jud\u0117jim\u0105. V\u0117liau tais pa\u010diais metais Rhonda i\u0161leido knyg\u0105 Paslaptis. Ji buvo i\u0161versta \u012f daugiau negu 50 kalb\u0173 ir yra viena ilgiausiai populiariausi\u0173j\u0173 s\u0105ra\u0161uose i\u0161silaikiusi\u0173 \u0161io am\u017eiaus knyg\u0173. Rhonda Byrne yra para\u0161iusi dar tris bestselerius: Galia (2010), Magija (2012) ir Herojus (2013). Originalus pavadinimas:\u00a0How The Secret Changed My Life Autorius:\u00a0Rhonda Byrne Leid\u0117jas:\u00a0Alma littera Metai:\u00a02017 Puslapiai:\u00a0272 ISBN:\u00a09786090127957 Versijos kodas:\u00a0PT. Formatas:\u00a014 x 17,8 x 2,1 cm, kieti vir\u0161eliai Kalba:\u00a0Lietuvi\u0173 Vert\u0117jas:\u00a0\u017divil\u0117 Andri\u016bnien\u0117<\/p>\n","protected":false},"featured_media":2655,"comment_status":"closed","ping_status":"closed","template":"","meta":{"_acf_changed":false,"site-sidebar-layout":"default","site-content-layout":"","ast-site-content-layout":"default","site-content-style":"default","site-sidebar-style":"default","ast-global-header-display":"","ast-banner-title-visibility":"","ast-main-header-display":"","ast-hfb-above-header-display":"","ast-hfb-below-header-display":"","ast-hfb-mobile-header-display":"","site-post-title":"","ast-breadcrumbs-content":"","ast-featured-img":"","footer-sml-layout":"","ast-disable-related-posts":"","theme-transparent-header-meta":"default","adv-header-id-meta":"","stick-header-meta":"","header-above-stick-meta":"","header-main-stick-meta":"","header-below-stick-meta":"","astra-migrate-meta-layouts":"set","ast-page-background-enabled":"default","ast-page-background-meta":{"desktop":{"background-color":"","background-image":"","background-repeat":"repeat","background-position":"center center","background-size":"auto","background-attachment":"scroll","background-type":"","background-media":"","overlay-type":"","overlay-color":"","overlay-opacity":"","overlay-gradient":""},"tablet":{"background-color":"","background-image":"","background-repeat":"repeat","background-position":"center center","background-size":"auto","background-attachment":"scroll","background-type":"","background-media":"","overlay-type":"","overlay-color":"","overlay-opacity":"","overlay-gradient":""},"mobile":{"background-color":"","background-image":"","background-repeat":"repeat","background-position":"center center","background-size":"auto","background-attachment":"scroll","background-type":"","background-media":"","overlay-type":"","overlay-color":"","overlay-opacity":"","overlay-gradient":""}},"ast-content-background-meta":{"desktop":{"background-color":"var(--ast-global-color-4)","background-image":"","background-repeat":"repeat","background-position":"center center","background-size":"auto","background-attachment":"scroll","background-type":"","background-media":"","overlay-type":"","overlay-color":"","overlay-opacity":"","overlay-gradient":""},"tablet":{"background-color":"var(--ast-global-color-4)","background-image":"","background-repeat":"repeat","background-position":"center center","background-size":"auto","background-attachment":"scroll","background-type":"","background-media":"","overlay-type":"","overlay-color":"","overlay-opacity":"","overlay-gradient":""},"mobile":{"background-color":"var(--ast-global-color-4)","background-image":"","background-repeat":"repeat","background-position":"center center","background-size":"auto","background-attachment":"scroll","background-type":"","background-media":"","overlay-type":"","overlay-color":"","overlay-opacity":"","overlay-gradient":""}}},"product_brand":[],"product_cat":[30],"product_tag":[],"class_list":{"0":"post-2603","1":"product","2":"type-product","3":"status-publish","4":"has-post-thumbnail","6":"product_cat-psichologija-ir-saviugda","7":"desktop-align-left","8":"tablet-align-left","9":"mobile-align-left","11":"first","12":"instock","13":"sale","14":"shipping-taxable","15":"purchasable","16":"product-type-simple"},"acf":[],"yoast_head":"<!-- This site is optimized with the Yoast SEO plugin v27.0 - https:\/\/yoast.com\/product\/yoast-seo-wordpress\/ -->\n<title>Kaip \u201ePaslaptis\u201c pakeit\u0117 mano gyvenim\u0105: tikri \u017emon\u0117s, tikro<\/title>\n<meta name=\"description\" content=\"Pasaulinis fenomenas, pakeit\u0119s milijonus gyvenim\u0173 Rhondos Byrne \u201ePaslaptis\u201c pastar\u0105j\u012f de\u0161imtmet\u012f buvo i\u0161skirtin\u0117, did\u017eiulio susidom\u0117jimo sulaukusi knyga,\" \/>\n<meta name=\"robots\" content=\"index, follow, max-snippet:-1, max-image-preview:large, max-video-preview:-1\" \/>\n<link rel=\"canonical\" href=\"https:\/\/skaitytaknyga.lt\/en\/produktas\/rhonda-byrne-kaip-paslaptis-pakeite-mano-gyvenima-tikri-zmones-tikro\/\" \/>\n<meta property=\"og:locale\" content=\"en_GB\" \/>\n<meta property=\"og:locale:alternate\" content=\"lt_LT\" \/>\n<meta property=\"og:type\" content=\"article\" \/>\n<meta property=\"og:title\" content=\"Kaip \u201ePaslaptis\u201c pakeit\u0117 mano gyvenim\u0105: tikri \u017emon\u0117s, tikro\" \/>\n<meta property=\"og:description\" content=\"Pasaulinis fenomenas, pakeit\u0119s milijonus gyvenim\u0173 Rhondos Byrne \u201ePaslaptis\u201c pastar\u0105j\u012f de\u0161imtmet\u012f buvo i\u0161skirtin\u0117, did\u017eiulio susidom\u0117jimo sulaukusi knyga,\" \/>\n<meta property=\"og:url\" content=\"https:\/\/skaitytaknyga.lt\/en\/produktas\/rhonda-byrne-kaip-paslaptis-pakeite-mano-gyvenima-tikri-zmones-tikro\/\" \/>\n<meta property=\"og:site_name\" content=\"Skaitytaknyga\" \/>\n<meta property=\"article:publisher\" content=\"https:\/\/www.facebook.com\/skaitytaknyga\/\" \/>\n<meta property=\"article:modified_time\" content=\"2025-05-14T07:40:21+00:00\" \/>\n<meta property=\"og:image\" content=\"https:\/\/skaitytaknyga.lt\/wp-content\/uploads\/2024\/04\/1495434233_cdb_Kaip-Paslaptis-pakeite-mano-gyvenima_p1.png\" \/>\n\t<meta property=\"og:image:width\" content=\"285\" \/>\n\t<meta property=\"og:image:height\" content=\"368\" \/>\n\t<meta property=\"og:image:type\" content=\"image\/png\" \/>\n<meta name=\"twitter:card\" content=\"summary_large_image\" \/>\n<meta name=\"twitter:label1\" content=\"Estimated reading time\" \/>\n\t<meta name=\"twitter:data1\" content=\"2 minutes\" \/>\n<script type=\"application\/ld+json\" class=\"yoast-schema-graph\">{\"@context\":\"https:\/\/schema.org\",\"@graph\":[{\"@type\":\"WebPage\",\"@id\":\"https:\/\/skaitytaknyga.lt\/produktas\/rhonda-byrne-kaip-paslaptis-pakeite-mano-gyvenima-tikri-zmones-tikro\/\",\"url\":\"https:\/\/skaitytaknyga.lt\/produktas\/rhonda-byrne-kaip-paslaptis-pakeite-mano-gyvenima-tikri-zmones-tikro\/\",\"name\":\"Kaip \u201ePaslaptis\u201c pakeit\u0117 mano gyvenim\u0105: tikri \u017emon\u0117s, tikro\",\"isPartOf\":{\"@id\":\"https:\/\/skaitytaknyga.lt\/#website\"},\"primaryImageOfPage\":{\"@id\":\"https:\/\/skaitytaknyga.lt\/produktas\/rhonda-byrne-kaip-paslaptis-pakeite-mano-gyvenima-tikri-zmones-tikro\/#primaryimage\"},\"image\":{\"@id\":\"https:\/\/skaitytaknyga.lt\/produktas\/rhonda-byrne-kaip-paslaptis-pakeite-mano-gyvenima-tikri-zmones-tikro\/#primaryimage\"},\"thumbnailUrl\":\"https:\/\/skaitytaknyga.lt\/wp-content\/uploads\/2024\/04\/1495434233_cdb_Kaip-Paslaptis-pakeite-mano-gyvenima_p1.png\",\"datePublished\":\"2024-04-17T13:15:54+00:00\",\"dateModified\":\"2025-05-14T07:40:21+00:00\",\"description\":\"Pasaulinis fenomenas, pakeit\u0119s milijonus gyvenim\u0173 Rhondos Byrne \u201ePaslaptis\u201c pastar\u0105j\u012f de\u0161imtmet\u012f buvo i\u0161skirtin\u0117, did\u017eiulio susidom\u0117jimo sulaukusi knyga,\",\"breadcrumb\":{\"@id\":\"https:\/\/skaitytaknyga.lt\/produktas\/rhonda-byrne-kaip-paslaptis-pakeite-mano-gyvenima-tikri-zmones-tikro\/#breadcrumb\"},\"inLanguage\":\"en-GB\",\"potentialAction\":[{\"@type\":\"ReadAction\",\"target\":[\"https:\/\/skaitytaknyga.lt\/produktas\/rhonda-byrne-kaip-paslaptis-pakeite-mano-gyvenima-tikri-zmones-tikro\/\"]}]},{\"@type\":\"ImageObject\",\"inLanguage\":\"en-GB\",\"@id\":\"https:\/\/skaitytaknyga.lt\/produktas\/rhonda-byrne-kaip-paslaptis-pakeite-mano-gyvenima-tikri-zmones-tikro\/#primaryimage\",\"url\":\"https:\/\/skaitytaknyga.lt\/wp-content\/uploads\/2024\/04\/1495434233_cdb_Kaip-Paslaptis-pakeite-mano-gyvenima_p1.png\",\"contentUrl\":\"https:\/\/skaitytaknyga.lt\/wp-content\/uploads\/2024\/04\/1495434233_cdb_Kaip-Paslaptis-pakeite-mano-gyvenima_p1.png\",\"width\":285,\"height\":368,\"caption\":\"1495434233 cdb Kaip Paslaptis pakeite mano gyvenima p1\"},{\"@type\":\"BreadcrumbList\",\"@id\":\"https:\/\/skaitytaknyga.lt\/produktas\/rhonda-byrne-kaip-paslaptis-pakeite-mano-gyvenima-tikri-zmones-tikro\/#breadcrumb\",\"itemListElement\":[{\"@type\":\"ListItem\",\"position\":1,\"name\":\"Home\",\"item\":\"https:\/\/skaitytaknyga.lt\/\"},{\"@type\":\"ListItem\",\"position\":2,\"name\":\"Parduotuv\u0117\",\"item\":\"https:\/\/skaitytaknyga.lt\/knygu-parduotuve\/\"},{\"@type\":\"ListItem\",\"position\":3,\"name\":\"Kaip \u201ePaslaptis\u201c pakeit\u0117 mano gyvenim\u0105: tikri \u017emon\u0117s, tikro\"}]},{\"@type\":\"WebSite\",\"@id\":\"https:\/\/skaitytaknyga.lt\/#website\",\"url\":\"https:\/\/skaitytaknyga.lt\/\",\"name\":\"skaitytaknyga.lt\",\"description\":\"Skaitytaknyga.lt \u2013 tai ma\u017eas \u0161eimos verslas, kuris prasid\u0117jo nuo meil\u0117s knygoms ir siekio i\u0161gelb\u0117ti knygas nuo likimo prie konteinerio. Kas vienam nereikalingas daiktas \u2013 kitam lobis, o mes esame tarpininkai, kurie padeda abiems tapti laimingesniems ???? \u017dinome kaip nelengva i\u0161gyventi ma\u017eiems verslams, tad nuo \u0161iol, \u010dia rasite ir kit\u0173, ma\u017e\u0173 \u0161eim\u0173 versl\u0173, rank\u0173 darbo, dovan\u0173 sau ir artimiesiems.\",\"publisher\":{\"@id\":\"https:\/\/skaitytaknyga.lt\/#organization\"},\"potentialAction\":[{\"@type\":\"SearchAction\",\"target\":{\"@type\":\"EntryPoint\",\"urlTemplate\":\"https:\/\/skaitytaknyga.lt\/?s={search_term_string}\"},\"query-input\":{\"@type\":\"PropertyValueSpecification\",\"valueRequired\":true,\"valueName\":\"search_term_string\"}}],\"inLanguage\":\"en-GB\"},{\"@type\":\"Organization\",\"@id\":\"https:\/\/skaitytaknyga.lt\/#organization\",\"name\":\"skaitytaknyga.lt\",\"url\":\"https:\/\/skaitytaknyga.lt\/\",\"logo\":{\"@type\":\"ImageObject\",\"inLanguage\":\"en-GB\",\"@id\":\"https:\/\/skaitytaknyga.lt\/#\/schema\/logo\/image\/\",\"url\":\"https:\/\/skaitytaknyga.lt\/wp-content\/uploads\/2024\/05\/cropped-cropped-cropped-02_00843_jt3bggkj1j3HLc7SyY6rEUpg.jpeg\",\"contentUrl\":\"https:\/\/skaitytaknyga.lt\/wp-content\/uploads\/2024\/05\/cropped-cropped-cropped-02_00843_jt3bggkj1j3HLc7SyY6rEUpg.jpeg\",\"width\":1600,\"height\":1600,\"caption\":\"skaitytaknyga.lt\"},\"image\":{\"@id\":\"https:\/\/skaitytaknyga.lt\/#\/schema\/logo\/image\/\"},\"sameAs\":[\"https:\/\/www.facebook.com\/skaitytaknyga\/\"]}]}<\/script>\n<!-- \/ Yoast SEO plugin. -->","yoast_head_json":{"title":"Kaip \u201ePaslaptis\u201c pakeit\u0117 mano gyvenim\u0105: tikri \u017emon\u0117s, tikro","description":"Pasaulinis fenomenas, pakeit\u0119s milijonus gyvenim\u0173 Rhondos Byrne \u201ePaslaptis\u201c pastar\u0105j\u012f de\u0161imtmet\u012f buvo i\u0161skirtin\u0117, did\u017eiulio susidom\u0117jimo sulaukusi knyga,","robots":{"index":"index","follow":"follow","max-snippet":"max-snippet:-1","max-image-preview":"max-image-preview:large","max-video-preview":"max-video-preview:-1"},"canonical":"https:\/\/skaitytaknyga.lt\/en\/produktas\/rhonda-byrne-kaip-paslaptis-pakeite-mano-gyvenima-tikri-zmones-tikro\/","og_locale":"en_GB","og_type":"article","og_title":"[:lt]Kaip \u201ePaslaptis\u201c pakeit\u0117 mano gyvenim\u0105: tikri \u017emon\u0117s, tikro[:] - Skaitytaknyga","og_description":"Pasaulinis fenomenas, pakeit\u0119s milijonus gyvenim\u0173 Rhondos Byrne \u201ePaslaptis\u201c pastar\u0105j\u012f de\u0161imtmet\u012f buvo i\u0161skirtin\u0117, did\u017eiulio susidom\u0117jimo sulaukusi knyga,","og_url":"https:\/\/skaitytaknyga.lt\/en\/produktas\/rhonda-byrne-kaip-paslaptis-pakeite-mano-gyvenima-tikri-zmones-tikro\/","og_site_name":"Skaitytaknyga","article_publisher":"https:\/\/www.facebook.com\/skaitytaknyga\/","article_modified_time":"2025-05-14T07:40:21+00:00","og_image":[{"width":285,"height":368,"url":"https:\/\/skaitytaknyga.lt\/wp-content\/uploads\/2024\/04\/1495434233_cdb_Kaip-Paslaptis-pakeite-mano-gyvenima_p1.png","type":"image\/png"}],"twitter_card":"summary_large_image","twitter_misc":{"Estimated reading time":"2 minutes"},"schema":{"@context":"https:\/\/schema.org","@graph":[{"@type":"WebPage","@id":"https:\/\/skaitytaknyga.lt\/produktas\/rhonda-byrne-kaip-paslaptis-pakeite-mano-gyvenima-tikri-zmones-tikro\/","url":"https:\/\/skaitytaknyga.lt\/produktas\/rhonda-byrne-kaip-paslaptis-pakeite-mano-gyvenima-tikri-zmones-tikro\/","name":"Kaip \u201ePaslaptis\u201c pakeit\u0117 mano gyvenim\u0105: tikri \u017emon\u0117s, tikro","isPartOf":{"@id":"https:\/\/skaitytaknyga.lt\/#website"},"primaryImageOfPage":{"@id":"https:\/\/skaitytaknyga.lt\/produktas\/rhonda-byrne-kaip-paslaptis-pakeite-mano-gyvenima-tikri-zmones-tikro\/#primaryimage"},"image":{"@id":"https:\/\/skaitytaknyga.lt\/produktas\/rhonda-byrne-kaip-paslaptis-pakeite-mano-gyvenima-tikri-zmones-tikro\/#primaryimage"},"thumbnailUrl":"https:\/\/skaitytaknyga.lt\/wp-content\/uploads\/2024\/04\/1495434233_cdb_Kaip-Paslaptis-pakeite-mano-gyvenima_p1.png","datePublished":"2024-04-17T13:15:54+00:00","dateModified":"2025-05-14T07:40:21+00:00","description":"Pasaulinis fenomenas, pakeit\u0119s milijonus gyvenim\u0173 Rhondos Byrne \u201ePaslaptis\u201c pastar\u0105j\u012f de\u0161imtmet\u012f buvo i\u0161skirtin\u0117, did\u017eiulio susidom\u0117jimo sulaukusi knyga,","breadcrumb":{"@id":"https:\/\/skaitytaknyga.lt\/produktas\/rhonda-byrne-kaip-paslaptis-pakeite-mano-gyvenima-tikri-zmones-tikro\/#breadcrumb"},"inLanguage":"en-GB","potentialAction":[{"@type":"ReadAction","target":["https:\/\/skaitytaknyga.lt\/produktas\/rhonda-byrne-kaip-paslaptis-pakeite-mano-gyvenima-tikri-zmones-tikro\/"]}]},{"@type":"ImageObject","inLanguage":"en-GB","@id":"https:\/\/skaitytaknyga.lt\/produktas\/rhonda-byrne-kaip-paslaptis-pakeite-mano-gyvenima-tikri-zmones-tikro\/#primaryimage","url":"https:\/\/skaitytaknyga.lt\/wp-content\/uploads\/2024\/04\/1495434233_cdb_Kaip-Paslaptis-pakeite-mano-gyvenima_p1.png","contentUrl":"https:\/\/skaitytaknyga.lt\/wp-content\/uploads\/2024\/04\/1495434233_cdb_Kaip-Paslaptis-pakeite-mano-gyvenima_p1.png","width":285,"height":368,"caption":"1495434233 cdb Kaip Paslaptis pakeite mano gyvenima p1"},{"@type":"BreadcrumbList","@id":"https:\/\/skaitytaknyga.lt\/produktas\/rhonda-byrne-kaip-paslaptis-pakeite-mano-gyvenima-tikri-zmones-tikro\/#breadcrumb","itemListElement":[{"@type":"ListItem","position":1,"name":"Home","item":"https:\/\/skaitytaknyga.lt\/"},{"@type":"ListItem","position":2,"name":"Parduotuv\u0117","item":"https:\/\/skaitytaknyga.lt\/knygu-parduotuve\/"},{"@type":"ListItem","position":3,"name":"Kaip \u201ePaslaptis\u201c pakeit\u0117 mano gyvenim\u0105: tikri \u017emon\u0117s, tikro"}]},{"@type":"WebSite","@id":"https:\/\/skaitytaknyga.lt\/#website","url":"https:\/\/skaitytaknyga.lt\/","name":"skaitytaknyga.lt","description":"Skaitytaknyga.lt \u2013 tai ma\u017eas \u0161eimos verslas, kuris prasid\u0117jo nuo meil\u0117s knygoms ir siekio i\u0161gelb\u0117ti knygas nuo likimo prie konteinerio. Kas vienam nereikalingas daiktas \u2013 kitam lobis, o mes esame tarpininkai, kurie padeda abiems tapti laimingesniems ???? \u017dinome kaip nelengva i\u0161gyventi ma\u017eiems verslams, tad nuo \u0161iol, \u010dia rasite ir kit\u0173, ma\u017e\u0173 \u0161eim\u0173 versl\u0173, rank\u0173 darbo, dovan\u0173 sau ir artimiesiems.","publisher":{"@id":"https:\/\/skaitytaknyga.lt\/#organization"},"potentialAction":[{"@type":"SearchAction","target":{"@type":"EntryPoint","urlTemplate":"https:\/\/skaitytaknyga.lt\/?s={search_term_string}"},"query-input":{"@type":"PropertyValueSpecification","valueRequired":true,"valueName":"search_term_string"}}],"inLanguage":"en-GB"},{"@type":"Organization","@id":"https:\/\/skaitytaknyga.lt\/#organization","name":"skaitytaknyga.lt","url":"https:\/\/skaitytaknyga.lt\/","logo":{"@type":"ImageObject","inLanguage":"en-GB","@id":"https:\/\/skaitytaknyga.lt\/#\/schema\/logo\/image\/","url":"https:\/\/skaitytaknyga.lt\/wp-content\/uploads\/2024\/05\/cropped-cropped-cropped-02_00843_jt3bggkj1j3HLc7SyY6rEUpg.jpeg","contentUrl":"https:\/\/skaitytaknyga.lt\/wp-content\/uploads\/2024\/05\/cropped-cropped-cropped-02_00843_jt3bggkj1j3HLc7SyY6rEUpg.jpeg","width":1600,"height":1600,"caption":"skaitytaknyga.lt"},"image":{"@id":"https:\/\/skaitytaknyga.lt\/#\/schema\/logo\/image\/"},"sameAs":["https:\/\/www.facebook.com\/skaitytaknyga\/"]}]}},"_links":{"self":[{"href":"https:\/\/skaitytaknyga.lt\/en\/wp-json\/wp\/v2\/product\/2603","targetHints":{"allow":["GET"]}}],"collection":[{"href":"https:\/\/skaitytaknyga.lt\/en\/wp-json\/wp\/v2\/product"}],"about":[{"href":"https:\/\/skaitytaknyga.lt\/en\/wp-json\/wp\/v2\/types\/product"}],"replies":[{"embeddable":true,"href":"https:\/\/skaitytaknyga.lt\/en\/wp-json\/wp\/v2\/comments?post=2603"}],"wp:featuredmedia":[{"embeddable":true,"href":"https:\/\/skaitytaknyga.lt\/en\/wp-json\/wp\/v2\/media\/2655"}],"wp:attachment":[{"href":"https:\/\/skaitytaknyga.lt\/en\/wp-json\/wp\/v2\/media?parent=2603"}],"wp:term":[{"taxonomy":"product_brand","embeddable":true,"href":"https:\/\/skaitytaknyga.lt\/en\/wp-json\/wp\/v2\/product_brand?post=2603"},{"taxonomy":"product_cat","embeddable":true,"href":"https:\/\/skaitytaknyga.lt\/en\/wp-json\/wp\/v2\/product_cat?post=2603"},{"taxonomy":"product_tag","embeddable":true,"href":"https:\/\/skaitytaknyga.lt\/en\/wp-json\/wp\/v2\/product_tag?post=2603"}],"curies":[{"name":"wp","href":"https:\/\/api.w.org\/{rel}","templated":true}]}}