{"id":2601,"date":"2024-04-17T13:15:54","date_gmt":"2024-04-17T13:15:54","guid":{"rendered":"https:\/\/skaitytaknyga.lt\/?post_type=product&#038;p=2601"},"modified":"2024-05-03T07:15:35","modified_gmt":"2024-05-03T07:15:35","slug":"j-gray-apgaulinga-viltis-globalaus-kapitalizmo-iliuzija","status":"publish","type":"product","link":"https:\/\/skaitytaknyga.lt\/en\/produktas\/j-gray-apgaulinga-viltis-globalaus-kapitalizmo-iliuzija\/","title":{"rendered":"J. Gray \u201eApgaulinga viltis. Globalaus kapitalizmo iliuzija\u201c"},"content":{"rendered":"<p>YRA KELETAS D\u0116MI\u0172, MATOM\u0172 U\u017dVERTUS KNYG\u0104. VIDUJE KNYGA \u0160VARI.<\/p>\n<p>John Gray \u2013 presti\u017ein\u0117s Londono ekonomikos mokyklos profesorius, polemi\u0161k\u0173 knyg\u0173 autorius; jo studija \u201eApgaulinga viltis\u201c i\u0161versta \u012f daugel\u012f kalb\u0173.<br \/>\nEuropin\u0117s minties profesorius analizuoja socialini\u0173 ir ekonomini\u0173 santyki\u0173 s\u0105veik\u0105 ir poveik\u012f visuomen\u0117s vystymuisi laisvosios rinkos bei globalizacijos s\u0105lygomis, atskleid\u017eia laisvosios rinkos i\u0161takas. Atskiri knygos skyriai skirti JAV, Azijos kapitalizm\u0173 specifikai bei Rusijos anarchiniam kapitalizmui. Studija para\u0161yta su dideliu praktiniu ir teoriniu i\u0161manymu, provokuoja kriti\u0161k\u0105 po\u017ei\u016br\u012f \u012f egzistuojan\u010dius modelius, kelia susir\u016bpinim\u0105 ateities stabilumu, skatina ie\u0161koti nauj\u0173 ekonomikos pl\u0117tros galimybi\u0173. Naujojoje leidinio pratarm\u0117je ra\u0161oma: \u201e2001 m. rugs\u0117jo 11-osios \u012fvykiai patvirtina pagrindin\u0119 \u201eApgaulingos vilties\u201c tez\u0119: globalizacija veikia kaip j\u0117ga, kuri ir pakerta globali\u0105 laisv\u0105j\u0105 rink\u0105\u201c; \u201eTarp pasaulyje spar\u010diai did\u0117jan\u010dios \u017emoni\u0173 populiacijos ir ma\u017e\u0117jan\u010di\u0173 gamtini\u0173 i\u0161tekli\u0173 esantis ir vis did\u0117jantis disbalansas yra daugelio dabarties ir ateities kar\u0173 bei konflikt\u0173 prie\u017eastis\u201c.<br \/>\n\u201eApgaulinga viltis\u201c \u2013 tai galinga gil\u0117jan\u010dio globalaus kapitalizmo nestabilumo analiz\u0117. J\u0105 tur\u0117t\u0173 perskaityti kiekvienas, kuriam r\u016bpi pasaulio ekonomikos ir \u017emonijos ateitis&#8221;. George Soros<\/p>\n","protected":false},"excerpt":{"rendered":"<p>YRA KELETAS D\u0116MI\u0172, MATOM\u0172 U\u017dVERTUS KNYG\u0104. VIDUJE KNYGA \u0160VARI. John Gray \u2013 presti\u017ein\u0117s Londono ekonomikos mokyklos profesorius, polemi\u0161k\u0173 knyg\u0173 autorius; jo studija \u201eApgaulinga viltis\u201c i\u0161versta \u012f daugel\u012f kalb\u0173. Europin\u0117s minties profesorius analizuoja socialini\u0173 ir ekonomini\u0173 santyki\u0173 s\u0105veik\u0105 ir poveik\u012f visuomen\u0117s vystymuisi laisvosios rinkos bei globalizacijos s\u0105lygomis, atskleid\u017eia laisvosios rinkos i\u0161takas. Atskiri knygos skyriai skirti JAV, Azijos kapitalizm\u0173 specifikai bei Rusijos anarchiniam kapitalizmui. Studija para\u0161yta su dideliu praktiniu ir teoriniu i\u0161manymu, provokuoja kriti\u0161k\u0105 po\u017ei\u016br\u012f \u012f egzistuojan\u010dius modelius, kelia susir\u016bpinim\u0105 ateities stabilumu, skatina ie\u0161koti nauj\u0173 ekonomikos pl\u0117tros galimybi\u0173. Naujojoje leidinio pratarm\u0117je ra\u0161oma: \u201e2001 m. rugs\u0117jo 11-osios \u012fvykiai patvirtina pagrindin\u0119 \u201eApgaulingos vilties\u201c tez\u0119: globalizacija veikia kaip j\u0117ga, kuri ir pakerta globali\u0105 laisv\u0105j\u0105 rink\u0105\u201c; \u201eTarp pasaulyje spar\u010diai did\u0117jan\u010dios \u017emoni\u0173 populiacijos ir ma\u017e\u0117jan\u010di\u0173 gamtini\u0173 i\u0161tekli\u0173 esantis ir vis did\u0117jantis disbalansas yra daugelio dabarties ir ateities kar\u0173 bei konflikt\u0173 prie\u017eastis\u201c. \u201eApgaulinga viltis\u201c \u2013 tai galinga gil\u0117jan\u010dio globalaus kapitalizmo nestabilumo analiz\u0117. J\u0105 tur\u0117t\u0173 perskaityti kiekvienas, kuriam r\u016bpi pasaulio ekonomikos ir \u017emonijos ateitis&#8221;. George Soros<\/p>\n","protected":false},"featured_media":2631,"comment_status":"closed","ping_status":"closed","template":"","meta":{"_acf_changed":false,"site-sidebar-layout":"default","site-content-layout":"","ast-site-content-layout":"default","site-content-style":"default","site-sidebar-style":"default","ast-global-header-display":"","ast-banner-title-visibility":"","ast-main-header-display":"","ast-hfb-above-header-display":"","ast-hfb-below-header-display":"","ast-hfb-mobile-header-display":"","site-post-title":"","ast-breadcrumbs-content":"","ast-featured-img":"","footer-sml-layout":"","ast-disable-related-posts":"","theme-transparent-header-meta":"","adv-header-id-meta":"","stick-header-meta":"","header-above-stick-meta":"","header-main-stick-meta":"","header-below-stick-meta":"","astra-migrate-meta-layouts":"default","ast-page-background-enabled":"default","ast-page-background-meta":{"desktop":{"background-color":"","background-image":"","background-repeat":"repeat","background-position":"center center","background-size":"auto","background-attachment":"scroll","background-type":"","background-media":"","overlay-type":"","overlay-color":"","overlay-opacity":"","overlay-gradient":""},"tablet":{"background-color":"","background-image":"","background-repeat":"repeat","background-position":"center center","background-size":"auto","background-attachment":"scroll","background-type":"","background-media":"","overlay-type":"","overlay-color":"","overlay-opacity":"","overlay-gradient":""},"mobile":{"background-color":"","background-image":"","background-repeat":"repeat","background-position":"center center","background-size":"auto","background-attachment":"scroll","background-type":"","background-media":"","overlay-type":"","overlay-color":"","overlay-opacity":"","overlay-gradient":""}},"ast-content-background-meta":{"desktop":{"background-color":"var(--ast-global-color-4)","background-image":"","background-repeat":"repeat","background-position":"center center","background-size":"auto","background-attachment":"scroll","background-type":"","background-media":"","overlay-type":"","overlay-color":"","overlay-opacity":"","overlay-gradient":""},"tablet":{"background-color":"var(--ast-global-color-4)","background-image":"","background-repeat":"repeat","background-position":"center center","background-size":"auto","background-attachment":"scroll","background-type":"","background-media":"","overlay-type":"","overlay-color":"","overlay-opacity":"","overlay-gradient":""},"mobile":{"background-color":"var(--ast-global-color-4)","background-image":"","background-repeat":"repeat","background-position":"center center","background-size":"auto","background-attachment":"scroll","background-type":"","background-media":"","overlay-type":"","overlay-color":"","overlay-opacity":"","overlay-gradient":""}}},"product_brand":[],"product_cat":[26],"product_tag":[],"class_list":{"0":"post-2601","1":"product","2":"type-product","3":"status-publish","4":"has-post-thumbnail","6":"product_cat-verslas-vadyba-ir-finansai","7":"desktop-align-left","8":"tablet-align-left","9":"mobile-align-left","11":"first","12":"outofstock","13":"shipping-taxable","14":"purchasable","15":"product-type-simple"},"acf":[],"yoast_head":"<!-- This site is optimized with the Yoast SEO plugin v27.0 - https:\/\/yoast.com\/product\/yoast-seo-wordpress\/ -->\n<title>J. Gray \u201eApgaulinga viltis. Globalaus kapitalizmo iliuzija\u201c - Skaitytaknyga<\/title>\n<meta name=\"description\" content=\"YRA KELETAS D\u0116MI\u0172, MATOM\u0172 U\u017dVERTUS KNYG\u0104. VIDUJE KNYGA \u0160VARI. John Gray \u2013 presti\u017ein\u0117s Londono ekonomikos mokyklos profesorius, polemi\u0161k\u0173 knyg\u0173 autorius;\" \/>\n<meta name=\"robots\" content=\"index, follow, max-snippet:-1, max-image-preview:large, max-video-preview:-1\" \/>\n<link rel=\"canonical\" href=\"https:\/\/skaitytaknyga.lt\/en\/produktas\/j-gray-apgaulinga-viltis-globalaus-kapitalizmo-iliuzija\/\" \/>\n<meta property=\"og:locale\" content=\"en_GB\" \/>\n<meta property=\"og:locale:alternate\" content=\"lt_LT\" \/>\n<meta property=\"og:type\" content=\"article\" \/>\n<meta property=\"og:title\" content=\"J. Gray \u201eApgaulinga viltis. Globalaus kapitalizmo iliuzija\u201c - Skaitytaknyga\" \/>\n<meta property=\"og:description\" content=\"YRA KELETAS D\u0116MI\u0172, MATOM\u0172 U\u017dVERTUS KNYG\u0104. VIDUJE KNYGA \u0160VARI. John Gray \u2013 presti\u017ein\u0117s Londono ekonomikos mokyklos profesorius, polemi\u0161k\u0173 knyg\u0173 autorius;\" \/>\n<meta property=\"og:url\" content=\"https:\/\/skaitytaknyga.lt\/en\/produktas\/j-gray-apgaulinga-viltis-globalaus-kapitalizmo-iliuzija\/\" \/>\n<meta property=\"og:site_name\" content=\"Skaitytaknyga\" \/>\n<meta property=\"article:publisher\" content=\"https:\/\/www.facebook.com\/skaitytaknyga\/\" \/>\n<meta property=\"article:modified_time\" content=\"2024-05-03T07:15:35+00:00\" \/>\n<meta property=\"og:image\" content=\"https:\/\/skaitytaknyga.lt\/wp-content\/uploads\/2024\/04\/20200822_152113_edited.jpg\" \/>\n\t<meta property=\"og:image:width\" content=\"1162\" \/>\n\t<meta property=\"og:image:height\" content=\"1702\" \/>\n\t<meta property=\"og:image:type\" content=\"image\/jpeg\" \/>\n<meta name=\"twitter:card\" content=\"summary_large_image\" \/>\n<meta name=\"twitter:label1\" content=\"Estimated reading time\" \/>\n\t<meta name=\"twitter:data1\" content=\"1 minute\" \/>\n<script type=\"application\/ld+json\" class=\"yoast-schema-graph\">{\"@context\":\"https:\/\/schema.org\",\"@graph\":[{\"@type\":\"WebPage\",\"@id\":\"https:\/\/skaitytaknyga.lt\/produktas\/j-gray-apgaulinga-viltis-globalaus-kapitalizmo-iliuzija\/\",\"url\":\"https:\/\/skaitytaknyga.lt\/produktas\/j-gray-apgaulinga-viltis-globalaus-kapitalizmo-iliuzija\/\",\"name\":\"J. Gray \u201eApgaulinga viltis. Globalaus kapitalizmo iliuzija\u201c - Skaitytaknyga\",\"isPartOf\":{\"@id\":\"https:\/\/skaitytaknyga.lt\/#website\"},\"primaryImageOfPage\":{\"@id\":\"https:\/\/skaitytaknyga.lt\/produktas\/j-gray-apgaulinga-viltis-globalaus-kapitalizmo-iliuzija\/#primaryimage\"},\"image\":{\"@id\":\"https:\/\/skaitytaknyga.lt\/produktas\/j-gray-apgaulinga-viltis-globalaus-kapitalizmo-iliuzija\/#primaryimage\"},\"thumbnailUrl\":\"https:\/\/skaitytaknyga.lt\/wp-content\/uploads\/2024\/04\/20200822_152113_edited.jpg\",\"datePublished\":\"2024-04-17T13:15:54+00:00\",\"dateModified\":\"2024-05-03T07:15:35+00:00\",\"description\":\"YRA KELETAS D\u0116MI\u0172, MATOM\u0172 U\u017dVERTUS KNYG\u0104. VIDUJE KNYGA \u0160VARI. John Gray \u2013 presti\u017ein\u0117s Londono ekonomikos mokyklos profesorius, polemi\u0161k\u0173 knyg\u0173 autorius;\",\"breadcrumb\":{\"@id\":\"https:\/\/skaitytaknyga.lt\/produktas\/j-gray-apgaulinga-viltis-globalaus-kapitalizmo-iliuzija\/#breadcrumb\"},\"inLanguage\":\"en-GB\",\"potentialAction\":[{\"@type\":\"ReadAction\",\"target\":[\"https:\/\/skaitytaknyga.lt\/produktas\/j-gray-apgaulinga-viltis-globalaus-kapitalizmo-iliuzija\/\"]}]},{\"@type\":\"ImageObject\",\"inLanguage\":\"en-GB\",\"@id\":\"https:\/\/skaitytaknyga.lt\/produktas\/j-gray-apgaulinga-viltis-globalaus-kapitalizmo-iliuzija\/#primaryimage\",\"url\":\"https:\/\/skaitytaknyga.lt\/wp-content\/uploads\/2024\/04\/20200822_152113_edited.jpg\",\"contentUrl\":\"https:\/\/skaitytaknyga.lt\/wp-content\/uploads\/2024\/04\/20200822_152113_edited.jpg\",\"width\":1162,\"height\":1702,\"caption\":\"20200822 152113 edited\"},{\"@type\":\"BreadcrumbList\",\"@id\":\"https:\/\/skaitytaknyga.lt\/produktas\/j-gray-apgaulinga-viltis-globalaus-kapitalizmo-iliuzija\/#breadcrumb\",\"itemListElement\":[{\"@type\":\"ListItem\",\"position\":1,\"name\":\"Home\",\"item\":\"https:\/\/skaitytaknyga.lt\/\"},{\"@type\":\"ListItem\",\"position\":2,\"name\":\"Parduotuv\u0117\",\"item\":\"https:\/\/skaitytaknyga.lt\/knygu-parduotuve\/\"},{\"@type\":\"ListItem\",\"position\":3,\"name\":\"J. Gray \u201eApgaulinga viltis. Globalaus kapitalizmo iliuzija\u201c\"}]},{\"@type\":\"WebSite\",\"@id\":\"https:\/\/skaitytaknyga.lt\/#website\",\"url\":\"https:\/\/skaitytaknyga.lt\/\",\"name\":\"skaitytaknyga.lt\",\"description\":\"Skaitytaknyga.lt \u2013 tai ma\u017eas \u0161eimos verslas, kuris prasid\u0117jo nuo meil\u0117s knygoms ir siekio i\u0161gelb\u0117ti knygas nuo likimo prie konteinerio. Kas vienam nereikalingas daiktas \u2013 kitam lobis, o mes esame tarpininkai, kurie padeda abiems tapti laimingesniems ???? \u017dinome kaip nelengva i\u0161gyventi ma\u017eiems verslams, tad nuo \u0161iol, \u010dia rasite ir kit\u0173, ma\u017e\u0173 \u0161eim\u0173 versl\u0173, rank\u0173 darbo, dovan\u0173 sau ir artimiesiems.\",\"publisher\":{\"@id\":\"https:\/\/skaitytaknyga.lt\/#organization\"},\"potentialAction\":[{\"@type\":\"SearchAction\",\"target\":{\"@type\":\"EntryPoint\",\"urlTemplate\":\"https:\/\/skaitytaknyga.lt\/?s={search_term_string}\"},\"query-input\":{\"@type\":\"PropertyValueSpecification\",\"valueRequired\":true,\"valueName\":\"search_term_string\"}}],\"inLanguage\":\"en-GB\"},{\"@type\":\"Organization\",\"@id\":\"https:\/\/skaitytaknyga.lt\/#organization\",\"name\":\"skaitytaknyga.lt\",\"url\":\"https:\/\/skaitytaknyga.lt\/\",\"logo\":{\"@type\":\"ImageObject\",\"inLanguage\":\"en-GB\",\"@id\":\"https:\/\/skaitytaknyga.lt\/#\/schema\/logo\/image\/\",\"url\":\"https:\/\/skaitytaknyga.lt\/wp-content\/uploads\/2024\/05\/cropped-cropped-cropped-02_00843_jt3bggkj1j3HLc7SyY6rEUpg.jpeg\",\"contentUrl\":\"https:\/\/skaitytaknyga.lt\/wp-content\/uploads\/2024\/05\/cropped-cropped-cropped-02_00843_jt3bggkj1j3HLc7SyY6rEUpg.jpeg\",\"width\":1600,\"height\":1600,\"caption\":\"skaitytaknyga.lt\"},\"image\":{\"@id\":\"https:\/\/skaitytaknyga.lt\/#\/schema\/logo\/image\/\"},\"sameAs\":[\"https:\/\/www.facebook.com\/skaitytaknyga\/\"]}]}<\/script>\n<!-- \/ Yoast SEO plugin. -->","yoast_head_json":{"title":"J. Gray \u201eApgaulinga viltis. Globalaus kapitalizmo iliuzija\u201c - Skaitytaknyga","description":"YRA KELETAS D\u0116MI\u0172, MATOM\u0172 U\u017dVERTUS KNYG\u0104. VIDUJE KNYGA \u0160VARI. John Gray \u2013 presti\u017ein\u0117s Londono ekonomikos mokyklos profesorius, polemi\u0161k\u0173 knyg\u0173 autorius;","robots":{"index":"index","follow":"follow","max-snippet":"max-snippet:-1","max-image-preview":"max-image-preview:large","max-video-preview":"max-video-preview:-1"},"canonical":"https:\/\/skaitytaknyga.lt\/en\/produktas\/j-gray-apgaulinga-viltis-globalaus-kapitalizmo-iliuzija\/","og_locale":"en_GB","og_type":"article","og_title":"J. Gray \u201eApgaulinga viltis. Globalaus kapitalizmo iliuzija\u201c - Skaitytaknyga","og_description":"YRA KELETAS D\u0116MI\u0172, MATOM\u0172 U\u017dVERTUS KNYG\u0104. VIDUJE KNYGA \u0160VARI. John Gray \u2013 presti\u017ein\u0117s Londono ekonomikos mokyklos profesorius, polemi\u0161k\u0173 knyg\u0173 autorius;","og_url":"https:\/\/skaitytaknyga.lt\/en\/produktas\/j-gray-apgaulinga-viltis-globalaus-kapitalizmo-iliuzija\/","og_site_name":"Skaitytaknyga","article_publisher":"https:\/\/www.facebook.com\/skaitytaknyga\/","article_modified_time":"2024-05-03T07:15:35+00:00","og_image":[{"width":1162,"height":1702,"url":"https:\/\/skaitytaknyga.lt\/wp-content\/uploads\/2024\/04\/20200822_152113_edited.jpg","type":"image\/jpeg"}],"twitter_card":"summary_large_image","twitter_misc":{"Estimated reading time":"1 minute"},"schema":{"@context":"https:\/\/schema.org","@graph":[{"@type":"WebPage","@id":"https:\/\/skaitytaknyga.lt\/produktas\/j-gray-apgaulinga-viltis-globalaus-kapitalizmo-iliuzija\/","url":"https:\/\/skaitytaknyga.lt\/produktas\/j-gray-apgaulinga-viltis-globalaus-kapitalizmo-iliuzija\/","name":"J. Gray \u201eApgaulinga viltis. Globalaus kapitalizmo iliuzija\u201c - Skaitytaknyga","isPartOf":{"@id":"https:\/\/skaitytaknyga.lt\/#website"},"primaryImageOfPage":{"@id":"https:\/\/skaitytaknyga.lt\/produktas\/j-gray-apgaulinga-viltis-globalaus-kapitalizmo-iliuzija\/#primaryimage"},"image":{"@id":"https:\/\/skaitytaknyga.lt\/produktas\/j-gray-apgaulinga-viltis-globalaus-kapitalizmo-iliuzija\/#primaryimage"},"thumbnailUrl":"https:\/\/skaitytaknyga.lt\/wp-content\/uploads\/2024\/04\/20200822_152113_edited.jpg","datePublished":"2024-04-17T13:15:54+00:00","dateModified":"2024-05-03T07:15:35+00:00","description":"YRA KELETAS D\u0116MI\u0172, MATOM\u0172 U\u017dVERTUS KNYG\u0104. VIDUJE KNYGA \u0160VARI. John Gray \u2013 presti\u017ein\u0117s Londono ekonomikos mokyklos profesorius, polemi\u0161k\u0173 knyg\u0173 autorius;","breadcrumb":{"@id":"https:\/\/skaitytaknyga.lt\/produktas\/j-gray-apgaulinga-viltis-globalaus-kapitalizmo-iliuzija\/#breadcrumb"},"inLanguage":"en-GB","potentialAction":[{"@type":"ReadAction","target":["https:\/\/skaitytaknyga.lt\/produktas\/j-gray-apgaulinga-viltis-globalaus-kapitalizmo-iliuzija\/"]}]},{"@type":"ImageObject","inLanguage":"en-GB","@id":"https:\/\/skaitytaknyga.lt\/produktas\/j-gray-apgaulinga-viltis-globalaus-kapitalizmo-iliuzija\/#primaryimage","url":"https:\/\/skaitytaknyga.lt\/wp-content\/uploads\/2024\/04\/20200822_152113_edited.jpg","contentUrl":"https:\/\/skaitytaknyga.lt\/wp-content\/uploads\/2024\/04\/20200822_152113_edited.jpg","width":1162,"height":1702,"caption":"20200822 152113 edited"},{"@type":"BreadcrumbList","@id":"https:\/\/skaitytaknyga.lt\/produktas\/j-gray-apgaulinga-viltis-globalaus-kapitalizmo-iliuzija\/#breadcrumb","itemListElement":[{"@type":"ListItem","position":1,"name":"Home","item":"https:\/\/skaitytaknyga.lt\/"},{"@type":"ListItem","position":2,"name":"Parduotuv\u0117","item":"https:\/\/skaitytaknyga.lt\/knygu-parduotuve\/"},{"@type":"ListItem","position":3,"name":"J. Gray \u201eApgaulinga viltis. Globalaus kapitalizmo iliuzija\u201c"}]},{"@type":"WebSite","@id":"https:\/\/skaitytaknyga.lt\/#website","url":"https:\/\/skaitytaknyga.lt\/","name":"skaitytaknyga.lt","description":"Skaitytaknyga.lt \u2013 tai ma\u017eas \u0161eimos verslas, kuris prasid\u0117jo nuo meil\u0117s knygoms ir siekio i\u0161gelb\u0117ti knygas nuo likimo prie konteinerio. Kas vienam nereikalingas daiktas \u2013 kitam lobis, o mes esame tarpininkai, kurie padeda abiems tapti laimingesniems ???? \u017dinome kaip nelengva i\u0161gyventi ma\u017eiems verslams, tad nuo \u0161iol, \u010dia rasite ir kit\u0173, ma\u017e\u0173 \u0161eim\u0173 versl\u0173, rank\u0173 darbo, dovan\u0173 sau ir artimiesiems.","publisher":{"@id":"https:\/\/skaitytaknyga.lt\/#organization"},"potentialAction":[{"@type":"SearchAction","target":{"@type":"EntryPoint","urlTemplate":"https:\/\/skaitytaknyga.lt\/?s={search_term_string}"},"query-input":{"@type":"PropertyValueSpecification","valueRequired":true,"valueName":"search_term_string"}}],"inLanguage":"en-GB"},{"@type":"Organization","@id":"https:\/\/skaitytaknyga.lt\/#organization","name":"skaitytaknyga.lt","url":"https:\/\/skaitytaknyga.lt\/","logo":{"@type":"ImageObject","inLanguage":"en-GB","@id":"https:\/\/skaitytaknyga.lt\/#\/schema\/logo\/image\/","url":"https:\/\/skaitytaknyga.lt\/wp-content\/uploads\/2024\/05\/cropped-cropped-cropped-02_00843_jt3bggkj1j3HLc7SyY6rEUpg.jpeg","contentUrl":"https:\/\/skaitytaknyga.lt\/wp-content\/uploads\/2024\/05\/cropped-cropped-cropped-02_00843_jt3bggkj1j3HLc7SyY6rEUpg.jpeg","width":1600,"height":1600,"caption":"skaitytaknyga.lt"},"image":{"@id":"https:\/\/skaitytaknyga.lt\/#\/schema\/logo\/image\/"},"sameAs":["https:\/\/www.facebook.com\/skaitytaknyga\/"]}]}},"_links":{"self":[{"href":"https:\/\/skaitytaknyga.lt\/en\/wp-json\/wp\/v2\/product\/2601","targetHints":{"allow":["GET"]}}],"collection":[{"href":"https:\/\/skaitytaknyga.lt\/en\/wp-json\/wp\/v2\/product"}],"about":[{"href":"https:\/\/skaitytaknyga.lt\/en\/wp-json\/wp\/v2\/types\/product"}],"replies":[{"embeddable":true,"href":"https:\/\/skaitytaknyga.lt\/en\/wp-json\/wp\/v2\/comments?post=2601"}],"wp:featuredmedia":[{"embeddable":true,"href":"https:\/\/skaitytaknyga.lt\/en\/wp-json\/wp\/v2\/media\/2631"}],"wp:attachment":[{"href":"https:\/\/skaitytaknyga.lt\/en\/wp-json\/wp\/v2\/media?parent=2601"}],"wp:term":[{"taxonomy":"product_brand","embeddable":true,"href":"https:\/\/skaitytaknyga.lt\/en\/wp-json\/wp\/v2\/product_brand?post=2601"},{"taxonomy":"product_cat","embeddable":true,"href":"https:\/\/skaitytaknyga.lt\/en\/wp-json\/wp\/v2\/product_cat?post=2601"},{"taxonomy":"product_tag","embeddable":true,"href":"https:\/\/skaitytaknyga.lt\/en\/wp-json\/wp\/v2\/product_tag?post=2601"}],"curies":[{"name":"wp","href":"https:\/\/api.w.org\/{rel}","templated":true}]}}