{"id":2599,"date":"2024-04-17T13:15:54","date_gmt":"2024-04-17T13:15:54","guid":{"rendered":"https:\/\/skaitytaknyga.lt\/?post_type=product&#038;p=2599"},"modified":"2026-03-11T20:17:24","modified_gmt":"2026-03-11T18:17:24","slug":"gini-graham-scott-visa-tiesa-apie-mela-pagelte-lapai","status":"publish","type":"product","link":"https:\/\/skaitytaknyga.lt\/en\/produktas\/gini-graham-scott-visa-tiesa-apie-mela-pagelte-lapai\/","title":{"rendered":"Visa tiesa apie mel\u0105"},"content":{"rendered":"<p>Vargu ar kas\u00a0\u012fsivaizduoja,\u00a0koks greitai plintantis rei\u0161kinys yra melas ir apgaudin\u0117jimas. \u0160ioje\u00a0jau klasikine tapusioje knygoje pla\u010diai ap\u017evelgiamas melo fenomenas. Kod\u0117l\u00a0\u017emon\u0117s\u00a0meluoja, kas lemia tok\u012f elges\u012f ir kur slypi\u00a0jo\u00a0prie\u017eastys?\u00a0Ar melas visada vienodas, ar j\u012f galima\u00a0pateisinti? Knygoje pateikiama daugyb\u0117 tikr\u0173, gyvenimi\u0161k\u0173 istorij\u0173 ir pavyzd\u017ei\u0173. Pasitelkdama realius nutikimus, autor\u0117 patraukliai ir suprantamai ai\u0161kina melo anatomij\u0105.<\/p>\n<p>Autor\u0117 nagrin\u0117ja su tiesos vengimu susijusias situacijas: nuo informacijos sl\u0117pimo norint geriau pasirodyti darbo pokalbyje iki melo romantiniuose santykiuose. Knygoje apra\u0161omos melagys\u010di\u0173 ir melo atskleidimo strategijos. Atsak\u0119 \u012f pateikt\u0105 klausimyn\u0105 su\u017einosite savo melo indeks\u0105 \u2013 \u012fvertinsite, ar da\u017enai meluojate.<\/p>\n","protected":false},"excerpt":{"rendered":"<p>Vargu ar kas\u00a0\u012fsivaizduoja,\u00a0koks greitai plintantis rei\u0161kinys yra melas ir apgaudin\u0117jimas. \u0160ioje\u00a0jau klasikine tapusioje knygoje pla\u010diai ap\u017evelgiamas melo fenomenas. Kod\u0117l\u00a0\u017emon\u0117s\u00a0meluoja, kas lemia tok\u012f elges\u012f ir kur slypi\u00a0jo\u00a0prie\u017eastys?\u00a0Ar melas visada vienodas, ar j\u012f galima\u00a0pateisinti? Knygoje pateikiama daugyb\u0117 tikr\u0173, gyvenimi\u0161k\u0173 istorij\u0173 ir pavyzd\u017ei\u0173. Pasitelkdama realius nutikimus, autor\u0117 patraukliai ir suprantamai ai\u0161kina melo anatomij\u0105. Autor\u0117 nagrin\u0117ja su tiesos vengimu susijusias situacijas: nuo informacijos sl\u0117pimo norint geriau pasirodyti darbo pokalbyje iki melo romantiniuose santykiuose. Knygoje apra\u0161omos melagys\u010di\u0173 ir melo atskleidimo strategijos. Atsak\u0119 \u012f pateikt\u0105 klausimyn\u0105 su\u017einosite savo melo indeks\u0105 \u2013 \u012fvertinsite, ar da\u017enai meluojate.<\/p>\n","protected":false},"featured_media":2629,"comment_status":"closed","ping_status":"closed","template":"","meta":{"_acf_changed":false,"site-sidebar-layout":"default","site-content-layout":"","ast-site-content-layout":"default","site-content-style":"default","site-sidebar-style":"default","ast-global-header-display":"","ast-banner-title-visibility":"","ast-main-header-display":"","ast-hfb-above-header-display":"","ast-hfb-below-header-display":"","ast-hfb-mobile-header-display":"","site-post-title":"","ast-breadcrumbs-content":"","ast-featured-img":"","footer-sml-layout":"","ast-disable-related-posts":"","theme-transparent-header-meta":"","adv-header-id-meta":"","stick-header-meta":"","header-above-stick-meta":"","header-main-stick-meta":"","header-below-stick-meta":"","astra-migrate-meta-layouts":"default","ast-page-background-enabled":"default","ast-page-background-meta":{"desktop":{"background-color":"","background-image":"","background-repeat":"repeat","background-position":"center center","background-size":"auto","background-attachment":"scroll","background-type":"","background-media":"","overlay-type":"","overlay-color":"","overlay-opacity":"","overlay-gradient":""},"tablet":{"background-color":"","background-image":"","background-repeat":"repeat","background-position":"center center","background-size":"auto","background-attachment":"scroll","background-type":"","background-media":"","overlay-type":"","overlay-color":"","overlay-opacity":"","overlay-gradient":""},"mobile":{"background-color":"","background-image":"","background-repeat":"repeat","background-position":"center center","background-size":"auto","background-attachment":"scroll","background-type":"","background-media":"","overlay-type":"","overlay-color":"","overlay-opacity":"","overlay-gradient":""}},"ast-content-background-meta":{"desktop":{"background-color":"var(--ast-global-color-4)","background-image":"","background-repeat":"repeat","background-position":"center center","background-size":"auto","background-attachment":"scroll","background-type":"","background-media":"","overlay-type":"","overlay-color":"","overlay-opacity":"","overlay-gradient":""},"tablet":{"background-color":"var(--ast-global-color-4)","background-image":"","background-repeat":"repeat","background-position":"center center","background-size":"auto","background-attachment":"scroll","background-type":"","background-media":"","overlay-type":"","overlay-color":"","overlay-opacity":"","overlay-gradient":""},"mobile":{"background-color":"var(--ast-global-color-4)","background-image":"","background-repeat":"repeat","background-position":"center center","background-size":"auto","background-attachment":"scroll","background-type":"","background-media":"","overlay-type":"","overlay-color":"","overlay-opacity":"","overlay-gradient":""}}},"product_brand":[],"product_cat":[30],"product_tag":[9796],"class_list":{"0":"post-2599","1":"product","2":"type-product","3":"status-publish","4":"has-post-thumbnail","6":"product_cat-psichologija-ir-saviugda","7":"product_tag-visa-tiesa-apie-mela","8":"desktop-align-left","9":"tablet-align-left","10":"mobile-align-left","12":"first","13":"instock","14":"shipping-taxable","15":"purchasable","16":"product-type-simple"},"acf":[],"yoast_head":"<!-- This site is optimized with the Yoast SEO plugin v27.0 - https:\/\/yoast.com\/product\/yoast-seo-wordpress\/ -->\n<title>Visa tiesa apie mel\u0105<\/title>\n<meta name=\"description\" content=\"Vargu ar kas\u00a0\u012fsivaizduoja,\u00a0koks greitai plintantis rei\u0161kinys yra melas ir apgaudin\u0117jimas. \u0160ioje\u00a0jau klasikine tapusioje knygoje pla\u010diai ap\u017evelgiamas melo\" \/>\n<meta name=\"robots\" content=\"index, follow, max-snippet:-1, max-image-preview:large, max-video-preview:-1\" \/>\n<link rel=\"canonical\" href=\"https:\/\/skaitytaknyga.lt\/en\/produktas\/gini-graham-scott-visa-tiesa-apie-mela-pagelte-lapai\/\" \/>\n<meta property=\"og:locale\" content=\"en_GB\" \/>\n<meta property=\"og:locale:alternate\" content=\"lt_LT\" \/>\n<meta property=\"og:type\" content=\"article\" \/>\n<meta property=\"og:title\" content=\"Visa tiesa apie mel\u0105\" \/>\n<meta property=\"og:description\" content=\"Vargu ar kas\u00a0\u012fsivaizduoja,\u00a0koks greitai plintantis rei\u0161kinys yra melas ir apgaudin\u0117jimas. \u0160ioje\u00a0jau klasikine tapusioje knygoje pla\u010diai ap\u017evelgiamas melo\" \/>\n<meta property=\"og:url\" content=\"https:\/\/skaitytaknyga.lt\/en\/produktas\/gini-graham-scott-visa-tiesa-apie-mela-pagelte-lapai\/\" \/>\n<meta property=\"og:site_name\" content=\"Skaitytaknyga\" \/>\n<meta property=\"article:publisher\" content=\"https:\/\/www.facebook.com\/skaitytaknyga\/\" \/>\n<meta property=\"article:modified_time\" content=\"2026-03-11T18:17:24+00:00\" \/>\n<meta property=\"og:image\" content=\"https:\/\/skaitytaknyga.lt\/wp-content\/uploads\/2024\/04\/000000000002144954-59de7f0100b0c-asset-knyguklubas-cdb_visa_tiesa_apie_mela_nugarele_2d_p1.jpg\" \/>\n\t<meta property=\"og:image:width\" content=\"285\" \/>\n\t<meta property=\"og:image:height\" content=\"426\" \/>\n\t<meta property=\"og:image:type\" content=\"image\/jpeg\" \/>\n<meta name=\"twitter:card\" content=\"summary_large_image\" \/>\n<meta name=\"twitter:label1\" content=\"Estimated reading time\" \/>\n\t<meta name=\"twitter:data1\" content=\"1 minute\" \/>\n<script type=\"application\/ld+json\" class=\"yoast-schema-graph\">{\"@context\":\"https:\/\/schema.org\",\"@graph\":[{\"@type\":\"WebPage\",\"@id\":\"https:\/\/skaitytaknyga.lt\/produktas\/gini-graham-scott-visa-tiesa-apie-mela-pagelte-lapai\/\",\"url\":\"https:\/\/skaitytaknyga.lt\/produktas\/gini-graham-scott-visa-tiesa-apie-mela-pagelte-lapai\/\",\"name\":\"Visa tiesa apie mel\u0105\",\"isPartOf\":{\"@id\":\"https:\/\/skaitytaknyga.lt\/#website\"},\"primaryImageOfPage\":{\"@id\":\"https:\/\/skaitytaknyga.lt\/produktas\/gini-graham-scott-visa-tiesa-apie-mela-pagelte-lapai\/#primaryimage\"},\"image\":{\"@id\":\"https:\/\/skaitytaknyga.lt\/produktas\/gini-graham-scott-visa-tiesa-apie-mela-pagelte-lapai\/#primaryimage\"},\"thumbnailUrl\":\"https:\/\/skaitytaknyga.lt\/wp-content\/uploads\/2024\/04\/000000000002144954-59de7f0100b0c-asset-knyguklubas-cdb_visa_tiesa_apie_mela_nugarele_2d_p1.jpg\",\"datePublished\":\"2024-04-17T13:15:54+00:00\",\"dateModified\":\"2026-03-11T18:17:24+00:00\",\"description\":\"Vargu ar kas\u00a0\u012fsivaizduoja,\u00a0koks greitai plintantis rei\u0161kinys yra melas ir apgaudin\u0117jimas. \u0160ioje\u00a0jau klasikine tapusioje knygoje pla\u010diai ap\u017evelgiamas melo\",\"breadcrumb\":{\"@id\":\"https:\/\/skaitytaknyga.lt\/produktas\/gini-graham-scott-visa-tiesa-apie-mela-pagelte-lapai\/#breadcrumb\"},\"inLanguage\":\"en-GB\",\"potentialAction\":[{\"@type\":\"ReadAction\",\"target\":[\"https:\/\/skaitytaknyga.lt\/produktas\/gini-graham-scott-visa-tiesa-apie-mela-pagelte-lapai\/\"]}]},{\"@type\":\"ImageObject\",\"inLanguage\":\"en-GB\",\"@id\":\"https:\/\/skaitytaknyga.lt\/produktas\/gini-graham-scott-visa-tiesa-apie-mela-pagelte-lapai\/#primaryimage\",\"url\":\"https:\/\/skaitytaknyga.lt\/wp-content\/uploads\/2024\/04\/000000000002144954-59de7f0100b0c-asset-knyguklubas-cdb_visa_tiesa_apie_mela_nugarele_2d_p1.jpg\",\"contentUrl\":\"https:\/\/skaitytaknyga.lt\/wp-content\/uploads\/2024\/04\/000000000002144954-59de7f0100b0c-asset-knyguklubas-cdb_visa_tiesa_apie_mela_nugarele_2d_p1.jpg\",\"width\":285,\"height\":426,\"caption\":\"Visa tiesa apie mel\u0105\"},{\"@type\":\"BreadcrumbList\",\"@id\":\"https:\/\/skaitytaknyga.lt\/produktas\/gini-graham-scott-visa-tiesa-apie-mela-pagelte-lapai\/#breadcrumb\",\"itemListElement\":[{\"@type\":\"ListItem\",\"position\":1,\"name\":\"Home\",\"item\":\"https:\/\/skaitytaknyga.lt\/\"},{\"@type\":\"ListItem\",\"position\":2,\"name\":\"Parduotuv\u0117\",\"item\":\"https:\/\/skaitytaknyga.lt\/knygu-parduotuve\/\"},{\"@type\":\"ListItem\",\"position\":3,\"name\":\"Visa tiesa apie mel\u0105\"}]},{\"@type\":\"WebSite\",\"@id\":\"https:\/\/skaitytaknyga.lt\/#website\",\"url\":\"https:\/\/skaitytaknyga.lt\/\",\"name\":\"skaitytaknyga.lt\",\"description\":\"Skaitytaknyga.lt \u2013 tai ma\u017eas \u0161eimos verslas, kuris prasid\u0117jo nuo meil\u0117s knygoms ir siekio i\u0161gelb\u0117ti knygas nuo likimo prie konteinerio. Kas vienam nereikalingas daiktas \u2013 kitam lobis, o mes esame tarpininkai, kurie padeda abiems tapti laimingesniems ???? \u017dinome kaip nelengva i\u0161gyventi ma\u017eiems verslams, tad nuo \u0161iol, \u010dia rasite ir kit\u0173, ma\u017e\u0173 \u0161eim\u0173 versl\u0173, rank\u0173 darbo, dovan\u0173 sau ir artimiesiems.\",\"publisher\":{\"@id\":\"https:\/\/skaitytaknyga.lt\/#organization\"},\"potentialAction\":[{\"@type\":\"SearchAction\",\"target\":{\"@type\":\"EntryPoint\",\"urlTemplate\":\"https:\/\/skaitytaknyga.lt\/?s={search_term_string}\"},\"query-input\":{\"@type\":\"PropertyValueSpecification\",\"valueRequired\":true,\"valueName\":\"search_term_string\"}}],\"inLanguage\":\"en-GB\"},{\"@type\":\"Organization\",\"@id\":\"https:\/\/skaitytaknyga.lt\/#organization\",\"name\":\"skaitytaknyga.lt\",\"url\":\"https:\/\/skaitytaknyga.lt\/\",\"logo\":{\"@type\":\"ImageObject\",\"inLanguage\":\"en-GB\",\"@id\":\"https:\/\/skaitytaknyga.lt\/#\/schema\/logo\/image\/\",\"url\":\"https:\/\/skaitytaknyga.lt\/wp-content\/uploads\/2024\/05\/cropped-cropped-cropped-02_00843_jt3bggkj1j3HLc7SyY6rEUpg.jpeg\",\"contentUrl\":\"https:\/\/skaitytaknyga.lt\/wp-content\/uploads\/2024\/05\/cropped-cropped-cropped-02_00843_jt3bggkj1j3HLc7SyY6rEUpg.jpeg\",\"width\":1600,\"height\":1600,\"caption\":\"skaitytaknyga.lt\"},\"image\":{\"@id\":\"https:\/\/skaitytaknyga.lt\/#\/schema\/logo\/image\/\"},\"sameAs\":[\"https:\/\/www.facebook.com\/skaitytaknyga\/\"]}]}<\/script>\n<!-- \/ Yoast SEO plugin. -->","yoast_head_json":{"title":"Visa tiesa apie mel\u0105","description":"Vargu ar kas\u00a0\u012fsivaizduoja,\u00a0koks greitai plintantis rei\u0161kinys yra melas ir apgaudin\u0117jimas. \u0160ioje\u00a0jau klasikine tapusioje knygoje pla\u010diai ap\u017evelgiamas melo","robots":{"index":"index","follow":"follow","max-snippet":"max-snippet:-1","max-image-preview":"max-image-preview:large","max-video-preview":"max-video-preview:-1"},"canonical":"https:\/\/skaitytaknyga.lt\/en\/produktas\/gini-graham-scott-visa-tiesa-apie-mela-pagelte-lapai\/","og_locale":"en_GB","og_type":"article","og_title":"[:lt]Visa tiesa apie mel\u0105[:] - Skaitytaknyga","og_description":"Vargu ar kas\u00a0\u012fsivaizduoja,\u00a0koks greitai plintantis rei\u0161kinys yra melas ir apgaudin\u0117jimas. \u0160ioje\u00a0jau klasikine tapusioje knygoje pla\u010diai ap\u017evelgiamas melo","og_url":"https:\/\/skaitytaknyga.lt\/en\/produktas\/gini-graham-scott-visa-tiesa-apie-mela-pagelte-lapai\/","og_site_name":"Skaitytaknyga","article_publisher":"https:\/\/www.facebook.com\/skaitytaknyga\/","article_modified_time":"2026-03-11T18:17:24+00:00","og_image":[{"width":285,"height":426,"url":"https:\/\/skaitytaknyga.lt\/wp-content\/uploads\/2024\/04\/000000000002144954-59de7f0100b0c-asset-knyguklubas-cdb_visa_tiesa_apie_mela_nugarele_2d_p1.jpg","type":"image\/jpeg"}],"twitter_card":"summary_large_image","twitter_misc":{"Estimated reading time":"1 minute"},"schema":{"@context":"https:\/\/schema.org","@graph":[{"@type":"WebPage","@id":"https:\/\/skaitytaknyga.lt\/produktas\/gini-graham-scott-visa-tiesa-apie-mela-pagelte-lapai\/","url":"https:\/\/skaitytaknyga.lt\/produktas\/gini-graham-scott-visa-tiesa-apie-mela-pagelte-lapai\/","name":"Visa tiesa apie mel\u0105","isPartOf":{"@id":"https:\/\/skaitytaknyga.lt\/#website"},"primaryImageOfPage":{"@id":"https:\/\/skaitytaknyga.lt\/produktas\/gini-graham-scott-visa-tiesa-apie-mela-pagelte-lapai\/#primaryimage"},"image":{"@id":"https:\/\/skaitytaknyga.lt\/produktas\/gini-graham-scott-visa-tiesa-apie-mela-pagelte-lapai\/#primaryimage"},"thumbnailUrl":"https:\/\/skaitytaknyga.lt\/wp-content\/uploads\/2024\/04\/000000000002144954-59de7f0100b0c-asset-knyguklubas-cdb_visa_tiesa_apie_mela_nugarele_2d_p1.jpg","datePublished":"2024-04-17T13:15:54+00:00","dateModified":"2026-03-11T18:17:24+00:00","description":"Vargu ar kas\u00a0\u012fsivaizduoja,\u00a0koks greitai plintantis rei\u0161kinys yra melas ir apgaudin\u0117jimas. \u0160ioje\u00a0jau klasikine tapusioje knygoje pla\u010diai ap\u017evelgiamas melo","breadcrumb":{"@id":"https:\/\/skaitytaknyga.lt\/produktas\/gini-graham-scott-visa-tiesa-apie-mela-pagelte-lapai\/#breadcrumb"},"inLanguage":"en-GB","potentialAction":[{"@type":"ReadAction","target":["https:\/\/skaitytaknyga.lt\/produktas\/gini-graham-scott-visa-tiesa-apie-mela-pagelte-lapai\/"]}]},{"@type":"ImageObject","inLanguage":"en-GB","@id":"https:\/\/skaitytaknyga.lt\/produktas\/gini-graham-scott-visa-tiesa-apie-mela-pagelte-lapai\/#primaryimage","url":"https:\/\/skaitytaknyga.lt\/wp-content\/uploads\/2024\/04\/000000000002144954-59de7f0100b0c-asset-knyguklubas-cdb_visa_tiesa_apie_mela_nugarele_2d_p1.jpg","contentUrl":"https:\/\/skaitytaknyga.lt\/wp-content\/uploads\/2024\/04\/000000000002144954-59de7f0100b0c-asset-knyguklubas-cdb_visa_tiesa_apie_mela_nugarele_2d_p1.jpg","width":285,"height":426,"caption":"Visa tiesa apie mel\u0105"},{"@type":"BreadcrumbList","@id":"https:\/\/skaitytaknyga.lt\/produktas\/gini-graham-scott-visa-tiesa-apie-mela-pagelte-lapai\/#breadcrumb","itemListElement":[{"@type":"ListItem","position":1,"name":"Home","item":"https:\/\/skaitytaknyga.lt\/"},{"@type":"ListItem","position":2,"name":"Parduotuv\u0117","item":"https:\/\/skaitytaknyga.lt\/knygu-parduotuve\/"},{"@type":"ListItem","position":3,"name":"Visa tiesa apie mel\u0105"}]},{"@type":"WebSite","@id":"https:\/\/skaitytaknyga.lt\/#website","url":"https:\/\/skaitytaknyga.lt\/","name":"skaitytaknyga.lt","description":"Skaitytaknyga.lt \u2013 tai ma\u017eas \u0161eimos verslas, kuris prasid\u0117jo nuo meil\u0117s knygoms ir siekio i\u0161gelb\u0117ti knygas nuo likimo prie konteinerio. Kas vienam nereikalingas daiktas \u2013 kitam lobis, o mes esame tarpininkai, kurie padeda abiems tapti laimingesniems ???? \u017dinome kaip nelengva i\u0161gyventi ma\u017eiems verslams, tad nuo \u0161iol, \u010dia rasite ir kit\u0173, ma\u017e\u0173 \u0161eim\u0173 versl\u0173, rank\u0173 darbo, dovan\u0173 sau ir artimiesiems.","publisher":{"@id":"https:\/\/skaitytaknyga.lt\/#organization"},"potentialAction":[{"@type":"SearchAction","target":{"@type":"EntryPoint","urlTemplate":"https:\/\/skaitytaknyga.lt\/?s={search_term_string}"},"query-input":{"@type":"PropertyValueSpecification","valueRequired":true,"valueName":"search_term_string"}}],"inLanguage":"en-GB"},{"@type":"Organization","@id":"https:\/\/skaitytaknyga.lt\/#organization","name":"skaitytaknyga.lt","url":"https:\/\/skaitytaknyga.lt\/","logo":{"@type":"ImageObject","inLanguage":"en-GB","@id":"https:\/\/skaitytaknyga.lt\/#\/schema\/logo\/image\/","url":"https:\/\/skaitytaknyga.lt\/wp-content\/uploads\/2024\/05\/cropped-cropped-cropped-02_00843_jt3bggkj1j3HLc7SyY6rEUpg.jpeg","contentUrl":"https:\/\/skaitytaknyga.lt\/wp-content\/uploads\/2024\/05\/cropped-cropped-cropped-02_00843_jt3bggkj1j3HLc7SyY6rEUpg.jpeg","width":1600,"height":1600,"caption":"skaitytaknyga.lt"},"image":{"@id":"https:\/\/skaitytaknyga.lt\/#\/schema\/logo\/image\/"},"sameAs":["https:\/\/www.facebook.com\/skaitytaknyga\/"]}]}},"_links":{"self":[{"href":"https:\/\/skaitytaknyga.lt\/en\/wp-json\/wp\/v2\/product\/2599","targetHints":{"allow":["GET"]}}],"collection":[{"href":"https:\/\/skaitytaknyga.lt\/en\/wp-json\/wp\/v2\/product"}],"about":[{"href":"https:\/\/skaitytaknyga.lt\/en\/wp-json\/wp\/v2\/types\/product"}],"replies":[{"embeddable":true,"href":"https:\/\/skaitytaknyga.lt\/en\/wp-json\/wp\/v2\/comments?post=2599"}],"wp:featuredmedia":[{"embeddable":true,"href":"https:\/\/skaitytaknyga.lt\/en\/wp-json\/wp\/v2\/media\/2629"}],"wp:attachment":[{"href":"https:\/\/skaitytaknyga.lt\/en\/wp-json\/wp\/v2\/media?parent=2599"}],"wp:term":[{"taxonomy":"product_brand","embeddable":true,"href":"https:\/\/skaitytaknyga.lt\/en\/wp-json\/wp\/v2\/product_brand?post=2599"},{"taxonomy":"product_cat","embeddable":true,"href":"https:\/\/skaitytaknyga.lt\/en\/wp-json\/wp\/v2\/product_cat?post=2599"},{"taxonomy":"product_tag","embeddable":true,"href":"https:\/\/skaitytaknyga.lt\/en\/wp-json\/wp\/v2\/product_tag?post=2599"}],"curies":[{"name":"wp","href":"https:\/\/api.w.org\/{rel}","templated":true}]}}