{"id":2597,"date":"2024-04-17T13:15:54","date_gmt":"2024-04-17T13:15:54","guid":{"rendered":"https:\/\/skaitytaknyga.lt\/?post_type=product&#038;p=2597"},"modified":"2025-07-02T21:45:30","modified_gmt":"2025-07-02T18:45:30","slug":"e-heatcote-james-bendravimas-po-mirties","status":"publish","type":"product","link":"https:\/\/skaitytaknyga.lt\/en\/produktas\/e-heatcote-james-bendravimas-po-mirties\/","title":{"rendered":"E. Heatcote-James \u201eBendravimas po mirties\u201c"},"content":{"rendered":"<p>\u201eKai penkt\u0105 valand\u0105 ryto mir\u0117 mano brangi \u017emona, dvi po to sekusias naktis gul\u0117damas lovoje kambar\u012f jau\u010diau prisipild\u017eius visa apiman\u010dio g\u0117li\u0173 aromato, nors j\u0173 namuose niekur nebuvo&#8230;\u201c<\/p>\n<p>Bendravimas po mirties (BPM) \u2013 tai autenti\u0161kos istorijos i\u0161 pirm\u0173 l\u016bp\u0173; istorijos t\u0173, kurie i\u0161dr\u012fso papasakoti apie tai, k\u0105 \u012fvairiomis formomis patiria daugelis m\u016bs\u0173 \u2013 kontakt\u0105 su artimaisiais, i\u0161\u0117jusiais anapus. \u0160is kontaktas ypatingas tuo, kad patiriamas be joki\u0173 tarpini\u0173 priemoni\u0173, toki\u0173 kaip ai\u0161kiaregyst\u0117, mediumas ar intervencijos.<\/p>\n<p>BPM rei\u0161kiniai padeda suvokti dvasinio pasaulio platybes, m\u016bs\u0173 protui leisdami pamatyti pla\u010diau apr\u0117pian\u010di\u0105 tikrov\u0119 \u2013 realyb\u0119, gl\u016bdin\u010di\u0105 iki gimimo bei per\u017eengian\u010di\u0105 k\u016bni\u0161kos mirties ribas. Be to, tai yra ir praktinis vadovas, kuris gali b\u016bti skaitomas bei interpretuojamas tiek paprastu, tiek giluminiu suvokimo lygmeniu. Jis numal\u0161ins kiekvieno skaitytojo tro\u0161kim\u0105 pa\u017einti, kad ir kuriame dvasin\u0117s kelion\u0117s etape jis b\u016bt\u0173.<\/p>\n","protected":false},"excerpt":{"rendered":"<p>\u201eKai penkt\u0105 valand\u0105 ryto mir\u0117 mano brangi \u017emona, dvi po to sekusias naktis gul\u0117damas lovoje kambar\u012f jau\u010diau prisipild\u017eius visa apiman\u010dio g\u0117li\u0173 aromato, nors j\u0173 namuose niekur nebuvo&#8230;\u201c Bendravimas po mirties (BPM) \u2013 tai autenti\u0161kos istorijos i\u0161 pirm\u0173 l\u016bp\u0173; istorijos t\u0173, kurie i\u0161dr\u012fso papasakoti apie tai, k\u0105 \u012fvairiomis formomis patiria daugelis m\u016bs\u0173 \u2013 kontakt\u0105 su artimaisiais, i\u0161\u0117jusiais anapus. \u0160is kontaktas ypatingas tuo, kad patiriamas be joki\u0173 tarpini\u0173 priemoni\u0173, toki\u0173 kaip ai\u0161kiaregyst\u0117, mediumas ar intervencijos. BPM rei\u0161kiniai padeda suvokti dvasinio pasaulio platybes, m\u016bs\u0173 protui leisdami pamatyti pla\u010diau apr\u0117pian\u010di\u0105 tikrov\u0119 \u2013 realyb\u0119, gl\u016bdin\u010di\u0105 iki gimimo bei per\u017eengian\u010di\u0105 k\u016bni\u0161kos mirties ribas. Be to, tai yra ir praktinis vadovas, kuris gali b\u016bti skaitomas bei interpretuojamas tiek paprastu, tiek giluminiu suvokimo lygmeniu. Jis numal\u0161ins kiekvieno skaitytojo tro\u0161kim\u0105 pa\u017einti, kad ir kuriame dvasin\u0117s kelion\u0117s etape jis b\u016bt\u0173.<\/p>\n","protected":false},"featured_media":2627,"comment_status":"closed","ping_status":"closed","template":"","meta":{"_acf_changed":false,"site-sidebar-layout":"default","site-content-layout":"","ast-site-content-layout":"default","site-content-style":"default","site-sidebar-style":"default","ast-global-header-display":"","ast-banner-title-visibility":"","ast-main-header-display":"","ast-hfb-above-header-display":"","ast-hfb-below-header-display":"","ast-hfb-mobile-header-display":"","site-post-title":"","ast-breadcrumbs-content":"","ast-featured-img":"","footer-sml-layout":"","ast-disable-related-posts":"","theme-transparent-header-meta":"","adv-header-id-meta":"","stick-header-meta":"","header-above-stick-meta":"","header-main-stick-meta":"","header-below-stick-meta":"","astra-migrate-meta-layouts":"default","ast-page-background-enabled":"default","ast-page-background-meta":{"desktop":{"background-color":"","background-image":"","background-repeat":"repeat","background-position":"center center","background-size":"auto","background-attachment":"scroll","background-type":"","background-media":"","overlay-type":"","overlay-color":"","overlay-opacity":"","overlay-gradient":""},"tablet":{"background-color":"","background-image":"","background-repeat":"repeat","background-position":"center center","background-size":"auto","background-attachment":"scroll","background-type":"","background-media":"","overlay-type":"","overlay-color":"","overlay-opacity":"","overlay-gradient":""},"mobile":{"background-color":"","background-image":"","background-repeat":"repeat","background-position":"center center","background-size":"auto","background-attachment":"scroll","background-type":"","background-media":"","overlay-type":"","overlay-color":"","overlay-opacity":"","overlay-gradient":""}},"ast-content-background-meta":{"desktop":{"background-color":"var(--ast-global-color-4)","background-image":"","background-repeat":"repeat","background-position":"center center","background-size":"auto","background-attachment":"scroll","background-type":"","background-media":"","overlay-type":"","overlay-color":"","overlay-opacity":"","overlay-gradient":""},"tablet":{"background-color":"var(--ast-global-color-4)","background-image":"","background-repeat":"repeat","background-position":"center center","background-size":"auto","background-attachment":"scroll","background-type":"","background-media":"","overlay-type":"","overlay-color":"","overlay-opacity":"","overlay-gradient":""},"mobile":{"background-color":"var(--ast-global-color-4)","background-image":"","background-repeat":"repeat","background-position":"center center","background-size":"auto","background-attachment":"scroll","background-type":"","background-media":"","overlay-type":"","overlay-color":"","overlay-opacity":"","overlay-gradient":""}}},"product_brand":[],"product_cat":[30],"product_tag":[],"class_list":{"0":"post-2597","1":"product","2":"type-product","3":"status-publish","4":"has-post-thumbnail","6":"product_cat-psichologija-ir-saviugda","7":"desktop-align-left","8":"tablet-align-left","9":"mobile-align-left","11":"first","12":"instock","13":"sale","14":"shipping-taxable","15":"purchasable","16":"product-type-simple"},"acf":[],"yoast_head":"<!-- This site is optimized with the Yoast SEO plugin v27.0 - https:\/\/yoast.com\/product\/yoast-seo-wordpress\/ -->\n<title>E. Heatcote-James \u201eBendravimas po mirties\u201c - Skaitytaknyga<\/title>\n<meta name=\"description\" content=\"\u201eKai penkt\u0105 valand\u0105 ryto mir\u0117 mano brangi \u017emona, dvi po to sekusias naktis gul\u0117damas lovoje kambar\u012f jau\u010diau prisipild\u017eius visa apiman\u010dio g\u0117li\u0173 aromato,\" \/>\n<meta name=\"robots\" content=\"index, follow, max-snippet:-1, max-image-preview:large, max-video-preview:-1\" \/>\n<link rel=\"canonical\" href=\"https:\/\/skaitytaknyga.lt\/en\/produktas\/e-heatcote-james-bendravimas-po-mirties\/\" \/>\n<meta property=\"og:locale\" content=\"en_GB\" \/>\n<meta property=\"og:locale:alternate\" content=\"lt_LT\" \/>\n<meta property=\"og:type\" content=\"article\" \/>\n<meta property=\"og:title\" content=\"E. Heatcote-James \u201eBendravimas po mirties\u201c - Skaitytaknyga\" \/>\n<meta property=\"og:description\" content=\"\u201eKai penkt\u0105 valand\u0105 ryto mir\u0117 mano brangi \u017emona, dvi po to sekusias naktis gul\u0117damas lovoje kambar\u012f jau\u010diau prisipild\u017eius visa apiman\u010dio g\u0117li\u0173 aromato,\" \/>\n<meta property=\"og:url\" content=\"https:\/\/skaitytaknyga.lt\/en\/produktas\/e-heatcote-james-bendravimas-po-mirties\/\" \/>\n<meta property=\"og:site_name\" content=\"Skaitytaknyga\" \/>\n<meta property=\"article:publisher\" content=\"https:\/\/www.facebook.com\/skaitytaknyga\/\" \/>\n<meta property=\"article:modified_time\" content=\"2025-07-02T18:45:30+00:00\" \/>\n<meta property=\"og:image\" content=\"https:\/\/skaitytaknyga.lt\/wp-content\/uploads\/2024\/04\/1462873924_benravimaspomirtiesvirselis2d.jpg\" \/>\n\t<meta property=\"og:image:width\" content=\"288\" \/>\n\t<meta property=\"og:image:height\" content=\"430\" \/>\n\t<meta property=\"og:image:type\" content=\"image\/jpeg\" \/>\n<meta name=\"twitter:card\" content=\"summary_large_image\" \/>\n<meta name=\"twitter:label1\" content=\"Estimated reading time\" \/>\n\t<meta name=\"twitter:data1\" content=\"1 minute\" \/>\n<script type=\"application\/ld+json\" class=\"yoast-schema-graph\">{\"@context\":\"https:\/\/schema.org\",\"@graph\":[{\"@type\":\"WebPage\",\"@id\":\"https:\/\/skaitytaknyga.lt\/produktas\/e-heatcote-james-bendravimas-po-mirties\/\",\"url\":\"https:\/\/skaitytaknyga.lt\/produktas\/e-heatcote-james-bendravimas-po-mirties\/\",\"name\":\"E. Heatcote-James \u201eBendravimas po mirties\u201c - Skaitytaknyga\",\"isPartOf\":{\"@id\":\"https:\/\/skaitytaknyga.lt\/#website\"},\"primaryImageOfPage\":{\"@id\":\"https:\/\/skaitytaknyga.lt\/produktas\/e-heatcote-james-bendravimas-po-mirties\/#primaryimage\"},\"image\":{\"@id\":\"https:\/\/skaitytaknyga.lt\/produktas\/e-heatcote-james-bendravimas-po-mirties\/#primaryimage\"},\"thumbnailUrl\":\"https:\/\/skaitytaknyga.lt\/wp-content\/uploads\/2024\/04\/1462873924_benravimaspomirtiesvirselis2d.jpg\",\"datePublished\":\"2024-04-17T13:15:54+00:00\",\"dateModified\":\"2025-07-02T18:45:30+00:00\",\"description\":\"\u201eKai penkt\u0105 valand\u0105 ryto mir\u0117 mano brangi \u017emona, dvi po to sekusias naktis gul\u0117damas lovoje kambar\u012f jau\u010diau prisipild\u017eius visa apiman\u010dio g\u0117li\u0173 aromato,\",\"breadcrumb\":{\"@id\":\"https:\/\/skaitytaknyga.lt\/produktas\/e-heatcote-james-bendravimas-po-mirties\/#breadcrumb\"},\"inLanguage\":\"en-GB\",\"potentialAction\":[{\"@type\":\"ReadAction\",\"target\":[\"https:\/\/skaitytaknyga.lt\/produktas\/e-heatcote-james-bendravimas-po-mirties\/\"]}]},{\"@type\":\"ImageObject\",\"inLanguage\":\"en-GB\",\"@id\":\"https:\/\/skaitytaknyga.lt\/produktas\/e-heatcote-james-bendravimas-po-mirties\/#primaryimage\",\"url\":\"https:\/\/skaitytaknyga.lt\/wp-content\/uploads\/2024\/04\/1462873924_benravimaspomirtiesvirselis2d.jpg\",\"contentUrl\":\"https:\/\/skaitytaknyga.lt\/wp-content\/uploads\/2024\/04\/1462873924_benravimaspomirtiesvirselis2d.jpg\",\"width\":288,\"height\":430,\"caption\":\"1462873924 benravimaspomirtiesvirselis2d\"},{\"@type\":\"BreadcrumbList\",\"@id\":\"https:\/\/skaitytaknyga.lt\/produktas\/e-heatcote-james-bendravimas-po-mirties\/#breadcrumb\",\"itemListElement\":[{\"@type\":\"ListItem\",\"position\":1,\"name\":\"Home\",\"item\":\"https:\/\/skaitytaknyga.lt\/\"},{\"@type\":\"ListItem\",\"position\":2,\"name\":\"Parduotuv\u0117\",\"item\":\"https:\/\/skaitytaknyga.lt\/knygu-parduotuve\/\"},{\"@type\":\"ListItem\",\"position\":3,\"name\":\"E. Heatcote-James \u201eBendravimas po mirties\u201c\"}]},{\"@type\":\"WebSite\",\"@id\":\"https:\/\/skaitytaknyga.lt\/#website\",\"url\":\"https:\/\/skaitytaknyga.lt\/\",\"name\":\"skaitytaknyga.lt\",\"description\":\"Skaitytaknyga.lt \u2013 tai ma\u017eas \u0161eimos verslas, kuris prasid\u0117jo nuo meil\u0117s knygoms ir siekio i\u0161gelb\u0117ti knygas nuo likimo prie konteinerio. Kas vienam nereikalingas daiktas \u2013 kitam lobis, o mes esame tarpininkai, kurie padeda abiems tapti laimingesniems ???? \u017dinome kaip nelengva i\u0161gyventi ma\u017eiems verslams, tad nuo \u0161iol, \u010dia rasite ir kit\u0173, ma\u017e\u0173 \u0161eim\u0173 versl\u0173, rank\u0173 darbo, dovan\u0173 sau ir artimiesiems.\",\"publisher\":{\"@id\":\"https:\/\/skaitytaknyga.lt\/#organization\"},\"potentialAction\":[{\"@type\":\"SearchAction\",\"target\":{\"@type\":\"EntryPoint\",\"urlTemplate\":\"https:\/\/skaitytaknyga.lt\/?s={search_term_string}\"},\"query-input\":{\"@type\":\"PropertyValueSpecification\",\"valueRequired\":true,\"valueName\":\"search_term_string\"}}],\"inLanguage\":\"en-GB\"},{\"@type\":\"Organization\",\"@id\":\"https:\/\/skaitytaknyga.lt\/#organization\",\"name\":\"skaitytaknyga.lt\",\"url\":\"https:\/\/skaitytaknyga.lt\/\",\"logo\":{\"@type\":\"ImageObject\",\"inLanguage\":\"en-GB\",\"@id\":\"https:\/\/skaitytaknyga.lt\/#\/schema\/logo\/image\/\",\"url\":\"https:\/\/skaitytaknyga.lt\/wp-content\/uploads\/2024\/05\/cropped-cropped-cropped-02_00843_jt3bggkj1j3HLc7SyY6rEUpg.jpeg\",\"contentUrl\":\"https:\/\/skaitytaknyga.lt\/wp-content\/uploads\/2024\/05\/cropped-cropped-cropped-02_00843_jt3bggkj1j3HLc7SyY6rEUpg.jpeg\",\"width\":1600,\"height\":1600,\"caption\":\"skaitytaknyga.lt\"},\"image\":{\"@id\":\"https:\/\/skaitytaknyga.lt\/#\/schema\/logo\/image\/\"},\"sameAs\":[\"https:\/\/www.facebook.com\/skaitytaknyga\/\"]}]}<\/script>\n<!-- \/ Yoast SEO plugin. -->","yoast_head_json":{"title":"E. Heatcote-James \u201eBendravimas po mirties\u201c - Skaitytaknyga","description":"\u201eKai penkt\u0105 valand\u0105 ryto mir\u0117 mano brangi \u017emona, dvi po to sekusias naktis gul\u0117damas lovoje kambar\u012f jau\u010diau prisipild\u017eius visa apiman\u010dio g\u0117li\u0173 aromato,","robots":{"index":"index","follow":"follow","max-snippet":"max-snippet:-1","max-image-preview":"max-image-preview:large","max-video-preview":"max-video-preview:-1"},"canonical":"https:\/\/skaitytaknyga.lt\/en\/produktas\/e-heatcote-james-bendravimas-po-mirties\/","og_locale":"en_GB","og_type":"article","og_title":"E. Heatcote-James \u201eBendravimas po mirties\u201c - Skaitytaknyga","og_description":"\u201eKai penkt\u0105 valand\u0105 ryto mir\u0117 mano brangi \u017emona, dvi po to sekusias naktis gul\u0117damas lovoje kambar\u012f jau\u010diau prisipild\u017eius visa apiman\u010dio g\u0117li\u0173 aromato,","og_url":"https:\/\/skaitytaknyga.lt\/en\/produktas\/e-heatcote-james-bendravimas-po-mirties\/","og_site_name":"Skaitytaknyga","article_publisher":"https:\/\/www.facebook.com\/skaitytaknyga\/","article_modified_time":"2025-07-02T18:45:30+00:00","og_image":[{"width":288,"height":430,"url":"https:\/\/skaitytaknyga.lt\/wp-content\/uploads\/2024\/04\/1462873924_benravimaspomirtiesvirselis2d.jpg","type":"image\/jpeg"}],"twitter_card":"summary_large_image","twitter_misc":{"Estimated reading time":"1 minute"},"schema":{"@context":"https:\/\/schema.org","@graph":[{"@type":"WebPage","@id":"https:\/\/skaitytaknyga.lt\/produktas\/e-heatcote-james-bendravimas-po-mirties\/","url":"https:\/\/skaitytaknyga.lt\/produktas\/e-heatcote-james-bendravimas-po-mirties\/","name":"E. Heatcote-James \u201eBendravimas po mirties\u201c - Skaitytaknyga","isPartOf":{"@id":"https:\/\/skaitytaknyga.lt\/#website"},"primaryImageOfPage":{"@id":"https:\/\/skaitytaknyga.lt\/produktas\/e-heatcote-james-bendravimas-po-mirties\/#primaryimage"},"image":{"@id":"https:\/\/skaitytaknyga.lt\/produktas\/e-heatcote-james-bendravimas-po-mirties\/#primaryimage"},"thumbnailUrl":"https:\/\/skaitytaknyga.lt\/wp-content\/uploads\/2024\/04\/1462873924_benravimaspomirtiesvirselis2d.jpg","datePublished":"2024-04-17T13:15:54+00:00","dateModified":"2025-07-02T18:45:30+00:00","description":"\u201eKai penkt\u0105 valand\u0105 ryto mir\u0117 mano brangi \u017emona, dvi po to sekusias naktis gul\u0117damas lovoje kambar\u012f jau\u010diau prisipild\u017eius visa apiman\u010dio g\u0117li\u0173 aromato,","breadcrumb":{"@id":"https:\/\/skaitytaknyga.lt\/produktas\/e-heatcote-james-bendravimas-po-mirties\/#breadcrumb"},"inLanguage":"en-GB","potentialAction":[{"@type":"ReadAction","target":["https:\/\/skaitytaknyga.lt\/produktas\/e-heatcote-james-bendravimas-po-mirties\/"]}]},{"@type":"ImageObject","inLanguage":"en-GB","@id":"https:\/\/skaitytaknyga.lt\/produktas\/e-heatcote-james-bendravimas-po-mirties\/#primaryimage","url":"https:\/\/skaitytaknyga.lt\/wp-content\/uploads\/2024\/04\/1462873924_benravimaspomirtiesvirselis2d.jpg","contentUrl":"https:\/\/skaitytaknyga.lt\/wp-content\/uploads\/2024\/04\/1462873924_benravimaspomirtiesvirselis2d.jpg","width":288,"height":430,"caption":"1462873924 benravimaspomirtiesvirselis2d"},{"@type":"BreadcrumbList","@id":"https:\/\/skaitytaknyga.lt\/produktas\/e-heatcote-james-bendravimas-po-mirties\/#breadcrumb","itemListElement":[{"@type":"ListItem","position":1,"name":"Home","item":"https:\/\/skaitytaknyga.lt\/"},{"@type":"ListItem","position":2,"name":"Parduotuv\u0117","item":"https:\/\/skaitytaknyga.lt\/knygu-parduotuve\/"},{"@type":"ListItem","position":3,"name":"E. Heatcote-James \u201eBendravimas po mirties\u201c"}]},{"@type":"WebSite","@id":"https:\/\/skaitytaknyga.lt\/#website","url":"https:\/\/skaitytaknyga.lt\/","name":"skaitytaknyga.lt","description":"Skaitytaknyga.lt \u2013 tai ma\u017eas \u0161eimos verslas, kuris prasid\u0117jo nuo meil\u0117s knygoms ir siekio i\u0161gelb\u0117ti knygas nuo likimo prie konteinerio. Kas vienam nereikalingas daiktas \u2013 kitam lobis, o mes esame tarpininkai, kurie padeda abiems tapti laimingesniems ???? \u017dinome kaip nelengva i\u0161gyventi ma\u017eiems verslams, tad nuo \u0161iol, \u010dia rasite ir kit\u0173, ma\u017e\u0173 \u0161eim\u0173 versl\u0173, rank\u0173 darbo, dovan\u0173 sau ir artimiesiems.","publisher":{"@id":"https:\/\/skaitytaknyga.lt\/#organization"},"potentialAction":[{"@type":"SearchAction","target":{"@type":"EntryPoint","urlTemplate":"https:\/\/skaitytaknyga.lt\/?s={search_term_string}"},"query-input":{"@type":"PropertyValueSpecification","valueRequired":true,"valueName":"search_term_string"}}],"inLanguage":"en-GB"},{"@type":"Organization","@id":"https:\/\/skaitytaknyga.lt\/#organization","name":"skaitytaknyga.lt","url":"https:\/\/skaitytaknyga.lt\/","logo":{"@type":"ImageObject","inLanguage":"en-GB","@id":"https:\/\/skaitytaknyga.lt\/#\/schema\/logo\/image\/","url":"https:\/\/skaitytaknyga.lt\/wp-content\/uploads\/2024\/05\/cropped-cropped-cropped-02_00843_jt3bggkj1j3HLc7SyY6rEUpg.jpeg","contentUrl":"https:\/\/skaitytaknyga.lt\/wp-content\/uploads\/2024\/05\/cropped-cropped-cropped-02_00843_jt3bggkj1j3HLc7SyY6rEUpg.jpeg","width":1600,"height":1600,"caption":"skaitytaknyga.lt"},"image":{"@id":"https:\/\/skaitytaknyga.lt\/#\/schema\/logo\/image\/"},"sameAs":["https:\/\/www.facebook.com\/skaitytaknyga\/"]}]}},"_links":{"self":[{"href":"https:\/\/skaitytaknyga.lt\/en\/wp-json\/wp\/v2\/product\/2597","targetHints":{"allow":["GET"]}}],"collection":[{"href":"https:\/\/skaitytaknyga.lt\/en\/wp-json\/wp\/v2\/product"}],"about":[{"href":"https:\/\/skaitytaknyga.lt\/en\/wp-json\/wp\/v2\/types\/product"}],"replies":[{"embeddable":true,"href":"https:\/\/skaitytaknyga.lt\/en\/wp-json\/wp\/v2\/comments?post=2597"}],"wp:featuredmedia":[{"embeddable":true,"href":"https:\/\/skaitytaknyga.lt\/en\/wp-json\/wp\/v2\/media\/2627"}],"wp:attachment":[{"href":"https:\/\/skaitytaknyga.lt\/en\/wp-json\/wp\/v2\/media?parent=2597"}],"wp:term":[{"taxonomy":"product_brand","embeddable":true,"href":"https:\/\/skaitytaknyga.lt\/en\/wp-json\/wp\/v2\/product_brand?post=2597"},{"taxonomy":"product_cat","embeddable":true,"href":"https:\/\/skaitytaknyga.lt\/en\/wp-json\/wp\/v2\/product_cat?post=2597"},{"taxonomy":"product_tag","embeddable":true,"href":"https:\/\/skaitytaknyga.lt\/en\/wp-json\/wp\/v2\/product_tag?post=2597"}],"curies":[{"name":"wp","href":"https:\/\/api.w.org\/{rel}","templated":true}]}}