{"id":2592,"date":"2024-04-17T13:15:53","date_gmt":"2024-04-17T13:15:53","guid":{"rendered":"https:\/\/skaitytaknyga.lt\/?post_type=product&#038;p=2592"},"modified":"2025-05-14T09:57:13","modified_gmt":"2025-05-14T06:57:13","slug":"eva-maria-zurhorst-mylek-save-ir-nesvarbu-kad-netekai-darbo","status":"publish","type":"product","link":"https:\/\/skaitytaknyga.lt\/en\/produktas\/eva-maria-zurhorst-mylek-save-ir-nesvarbu-kad-netekai-darbo\/","title":{"rendered":"Myl\u0117k save, ir nesvarbu, kad netekai darbo"},"content":{"rendered":"<p>\u0160i knyga &#8211; \u017emon\u0117ms, bijantiems netekti savo pragyvenimo \u0161altinio; \u017emon\u0117ms, svajojantiems i\u0161tr\u016bkti i\u0161 pilkos kasdienyb\u0117s; \u017emon\u0117ms, i\u0161sekusiems nuo persidirbimo ir kar\u0161tligi\u0161kai besilaikantiems darbo kaip gelb\u0117jimosi \u0161iaudo. \u017dmon\u0117ms, ie\u0161kantiems dr\u0105sos ir \u012fkv\u0117pimo, kad pakeist\u0173 savo gyvenim\u0105.<\/p>\n<p>&#8211; Kaip elgtis, jei i\u0161 po koj\u0173 staiga i\u0161slysta saugum\u0105 teik\u0119s finansinis pagrindas?<\/p>\n<p>&#8211; Kaip i\u0161naudoti kriz\u0119 savo potencialui sustiprinti ir savyje gl\u016bdin\u010dioms galioms atrasti?<\/p>\n<p>&#8211; K\u0105 bendra tarpusavyje turi s\u0117kminga karjera, mylimas darbas ir d\u017eiuginantis santykis su vyru ar \u017emona?<\/p>\n<p>Eva-Maria Zurhorst ir Wolframas Zurhorstas atsako \u012f \u0161iuos klausimus, remdamiesi savo pa\u010di\u0173 patirtimi. Wolframas Zurhorstas, s\u0117kmingai dirbantis ir savo profesijai atsidav\u0119s vadybininkas, buvo visi\u0161kai netik\u0117tai atleistas i\u0161 darbo. Ta\u010diau tai kaip tik tapo did\u017eiausia jo s\u0117kme, raktu \u012f naujas patirtis ir post\u016bmiu abiems autoriams para\u0161yti \u0161i\u0105 knyg\u0105 drauge.<\/p>\n<p>Ar \u017einojote, kad s\u0117km\u0117 darbe ir pilnatv\u0117 \u0161eimoje &#8211; neatsiejamai susij\u0119 dalykai? Tod\u0117l, nor\u0117dami pataisyti pad\u0117t\u012f \u0161eimoje, privalote pakeisti po\u017ei\u016br\u012f \u012f tai, k\u0105 dirbate. Skamba ne\u012ftik\u0117tinai? Atrodo, kad darbas ir asmeninis gyvenimas neturi nieko bendra? Ne. Ir \u0161i knyga jums tai \u012frodys.<\/p>\n<p>Ar \u017einojote, kad ekonomin\u0117 kriz\u0117 &#8211; geriausia galimyb\u0117 su\u017einoti, ko i\u0161 ties\u0173 trok\u0161ta m\u016bs\u0173 siela? Kaip i\u0161naudoti kriz\u0117s teikiamas galimybes ir i\u0161vystyti savo k\u016brybines galias? Kas baisiau &#8211; darbas ar bedarbyst\u0117 ir ar nereik\u0117t\u0173 pad\u0117koti u\u017e atleidim\u0105 i\u0161 darbo?<\/p>\n<p>J\u016bs galite tur\u0117ti tok\u012f darb\u0105, apie kok\u012f visada svajojote. Galite \u017eengti per gyvenim\u0105, paklusdami savo intuicijai ir vedami savo pa\u0161aukimo. Kaip tai \u012fmanoma?<\/p>\n<p>Taip, kaip tai pavyko Evai-Mariai Zurhorst ir Wolframui Zurhorstui bei kitiems \u017emon\u0117ms, kuri\u0173 istorijas taip pat rasite \u0161ioje knygoje. &#8220;Myl\u0117k save ir nesvarbu, kad netekai darbo&#8221; s\u0117km\u0117s paslaptis &#8211; suvokimas, kad viskas \u012fmanoma. Ir kad raktas \u012f s\u0117km\u0119 slypti tavo sieloje.<\/p>\n","protected":false},"excerpt":{"rendered":"<p>\u0160i knyga &#8211; \u017emon\u0117ms, bijantiems netekti savo pragyvenimo \u0161altinio; \u017emon\u0117ms, svajojantiems i\u0161tr\u016bkti i\u0161 pilkos kasdienyb\u0117s; \u017emon\u0117ms, i\u0161sekusiems nuo persidirbimo ir kar\u0161tligi\u0161kai besilaikantiems darbo kaip gelb\u0117jimosi \u0161iaudo. \u017dmon\u0117ms, ie\u0161kantiems dr\u0105sos ir \u012fkv\u0117pimo, kad pakeist\u0173 savo gyvenim\u0105. &#8211; Kaip elgtis, jei i\u0161 po koj\u0173 staiga i\u0161slysta saugum\u0105 teik\u0119s finansinis pagrindas? &#8211; Kaip i\u0161naudoti kriz\u0119 savo potencialui sustiprinti ir savyje gl\u016bdin\u010dioms galioms atrasti? &#8211; K\u0105 bendra tarpusavyje turi s\u0117kminga karjera, mylimas darbas ir d\u017eiuginantis santykis su vyru ar \u017emona? Eva-Maria Zurhorst ir Wolframas Zurhorstas atsako \u012f \u0161iuos klausimus, remdamiesi savo pa\u010di\u0173 patirtimi. Wolframas Zurhorstas, s\u0117kmingai dirbantis ir savo profesijai atsidav\u0119s vadybininkas, buvo visi\u0161kai netik\u0117tai atleistas i\u0161 darbo. Ta\u010diau tai kaip tik tapo did\u017eiausia jo s\u0117kme, raktu \u012f naujas patirtis ir post\u016bmiu abiems autoriams para\u0161yti \u0161i\u0105 knyg\u0105 drauge. Ar \u017einojote, kad s\u0117km\u0117 darbe ir pilnatv\u0117 \u0161eimoje &#8211; neatsiejamai susij\u0119 dalykai? Tod\u0117l, nor\u0117dami pataisyti pad\u0117t\u012f \u0161eimoje, privalote pakeisti po\u017ei\u016br\u012f \u012f tai, k\u0105 dirbate. Skamba ne\u012ftik\u0117tinai? Atrodo, kad darbas ir asmeninis gyvenimas neturi nieko bendra? Ne. Ir \u0161i knyga jums tai \u012frodys. Ar \u017einojote, kad ekonomin\u0117 kriz\u0117 &#8211; geriausia galimyb\u0117 su\u017einoti, ko i\u0161 ties\u0173 trok\u0161ta m\u016bs\u0173 siela? Kaip i\u0161naudoti kriz\u0117s teikiamas galimybes ir i\u0161vystyti savo k\u016brybines galias? Kas baisiau &#8211; darbas ar bedarbyst\u0117 ir ar nereik\u0117t\u0173 pad\u0117koti u\u017e atleidim\u0105 i\u0161 darbo? J\u016bs galite tur\u0117ti tok\u012f darb\u0105, apie kok\u012f visada svajojote. Galite \u017eengti per gyvenim\u0105, paklusdami savo intuicijai ir vedami savo pa\u0161aukimo. Kaip tai \u012fmanoma? Taip, kaip tai pavyko Evai-Mariai Zurhorst ir Wolframui Zurhorstui bei kitiems \u017emon\u0117ms, kuri\u0173 istorijas taip pat rasite \u0161ioje knygoje. &#8220;Myl\u0117k save ir nesvarbu, kad netekai darbo&#8221; s\u0117km\u0117s paslaptis &#8211; suvokimas, kad viskas \u012fmanoma. Ir kad raktas \u012f s\u0117km\u0119 slypti tavo sieloje.<\/p>\n","protected":false},"featured_media":2621,"comment_status":"closed","ping_status":"closed","template":"","meta":{"_acf_changed":false,"site-sidebar-layout":"default","site-content-layout":"","ast-site-content-layout":"default","site-content-style":"default","site-sidebar-style":"default","ast-global-header-display":"","ast-banner-title-visibility":"","ast-main-header-display":"","ast-hfb-above-header-display":"","ast-hfb-below-header-display":"","ast-hfb-mobile-header-display":"","site-post-title":"","ast-breadcrumbs-content":"","ast-featured-img":"","footer-sml-layout":"","ast-disable-related-posts":"","theme-transparent-header-meta":"","adv-header-id-meta":"","stick-header-meta":"","header-above-stick-meta":"","header-main-stick-meta":"","header-below-stick-meta":"","astra-migrate-meta-layouts":"default","ast-page-background-enabled":"default","ast-page-background-meta":{"desktop":{"background-color":"","background-image":"","background-repeat":"repeat","background-position":"center center","background-size":"auto","background-attachment":"scroll","background-type":"","background-media":"","overlay-type":"","overlay-color":"","overlay-opacity":"","overlay-gradient":""},"tablet":{"background-color":"","background-image":"","background-repeat":"repeat","background-position":"center center","background-size":"auto","background-attachment":"scroll","background-type":"","background-media":"","overlay-type":"","overlay-color":"","overlay-opacity":"","overlay-gradient":""},"mobile":{"background-color":"","background-image":"","background-repeat":"repeat","background-position":"center center","background-size":"auto","background-attachment":"scroll","background-type":"","background-media":"","overlay-type":"","overlay-color":"","overlay-opacity":"","overlay-gradient":""}},"ast-content-background-meta":{"desktop":{"background-color":"var(--ast-global-color-4)","background-image":"","background-repeat":"repeat","background-position":"center center","background-size":"auto","background-attachment":"scroll","background-type":"","background-media":"","overlay-type":"","overlay-color":"","overlay-opacity":"","overlay-gradient":""},"tablet":{"background-color":"var(--ast-global-color-4)","background-image":"","background-repeat":"repeat","background-position":"center center","background-size":"auto","background-attachment":"scroll","background-type":"","background-media":"","overlay-type":"","overlay-color":"","overlay-opacity":"","overlay-gradient":""},"mobile":{"background-color":"var(--ast-global-color-4)","background-image":"","background-repeat":"repeat","background-position":"center center","background-size":"auto","background-attachment":"scroll","background-type":"","background-media":"","overlay-type":"","overlay-color":"","overlay-opacity":"","overlay-gradient":""}}},"product_brand":[],"product_cat":[30],"product_tag":[],"class_list":{"0":"post-2592","1":"product","2":"type-product","3":"status-publish","4":"has-post-thumbnail","6":"product_cat-psichologija-ir-saviugda","7":"desktop-align-left","8":"tablet-align-left","9":"mobile-align-left","11":"first","12":"outofstock","13":"shipping-taxable","14":"purchasable","15":"product-type-simple"},"acf":[],"yoast_head":"<!-- This site is optimized with the Yoast SEO plugin v27.0 - https:\/\/yoast.com\/product\/yoast-seo-wordpress\/ -->\n<title>Myl\u0117k save, ir nesvarbu, kad netekai darbo<\/title>\n<meta name=\"description\" content=\"\u0160i knyga - \u017emon\u0117ms, bijantiems netekti savo pragyvenimo \u0161altinio; \u017emon\u0117ms, svajojantiems i\u0161tr\u016bkti i\u0161 pilkos kasdienyb\u0117s; \u017emon\u0117ms, i\u0161sekusiems nuo\" \/>\n<meta name=\"robots\" content=\"index, follow, max-snippet:-1, max-image-preview:large, max-video-preview:-1\" \/>\n<link rel=\"canonical\" href=\"https:\/\/skaitytaknyga.lt\/en\/produktas\/eva-maria-zurhorst-mylek-save-ir-nesvarbu-kad-netekai-darbo\/\" \/>\n<meta property=\"og:locale\" content=\"en_GB\" \/>\n<meta property=\"og:locale:alternate\" content=\"lt_LT\" \/>\n<meta property=\"og:type\" content=\"article\" \/>\n<meta property=\"og:title\" content=\"Myl\u0117k save, ir nesvarbu, kad netekai darbo\" \/>\n<meta property=\"og:description\" content=\"\u0160i knyga - \u017emon\u0117ms, bijantiems netekti savo pragyvenimo \u0161altinio; \u017emon\u0117ms, svajojantiems i\u0161tr\u016bkti i\u0161 pilkos kasdienyb\u0117s; \u017emon\u0117ms, i\u0161sekusiems nuo\" \/>\n<meta property=\"og:url\" content=\"https:\/\/skaitytaknyga.lt\/en\/produktas\/eva-maria-zurhorst-mylek-save-ir-nesvarbu-kad-netekai-darbo\/\" \/>\n<meta property=\"og:site_name\" content=\"Skaitytaknyga\" \/>\n<meta property=\"article:publisher\" content=\"https:\/\/www.facebook.com\/skaitytaknyga\/\" \/>\n<meta property=\"article:modified_time\" content=\"2025-05-14T06:57:13+00:00\" \/>\n<meta property=\"og:image\" content=\"https:\/\/skaitytaknyga.lt\/wp-content\/uploads\/2024\/04\/1462873117_mylek.jpg\" \/>\n\t<meta property=\"og:image:width\" content=\"302\" \/>\n\t<meta property=\"og:image:height\" content=\"430\" \/>\n\t<meta property=\"og:image:type\" content=\"image\/jpeg\" \/>\n<meta name=\"twitter:card\" content=\"summary_large_image\" \/>\n<meta name=\"twitter:label1\" content=\"Estimated reading time\" \/>\n\t<meta name=\"twitter:data1\" content=\"2 minutes\" \/>\n<script type=\"application\/ld+json\" class=\"yoast-schema-graph\">{\"@context\":\"https:\/\/schema.org\",\"@graph\":[{\"@type\":\"WebPage\",\"@id\":\"https:\/\/skaitytaknyga.lt\/produktas\/eva-maria-zurhorst-mylek-save-ir-nesvarbu-kad-netekai-darbo\/\",\"url\":\"https:\/\/skaitytaknyga.lt\/produktas\/eva-maria-zurhorst-mylek-save-ir-nesvarbu-kad-netekai-darbo\/\",\"name\":\"Myl\u0117k save, ir nesvarbu, kad netekai darbo\",\"isPartOf\":{\"@id\":\"https:\/\/skaitytaknyga.lt\/#website\"},\"primaryImageOfPage\":{\"@id\":\"https:\/\/skaitytaknyga.lt\/produktas\/eva-maria-zurhorst-mylek-save-ir-nesvarbu-kad-netekai-darbo\/#primaryimage\"},\"image\":{\"@id\":\"https:\/\/skaitytaknyga.lt\/produktas\/eva-maria-zurhorst-mylek-save-ir-nesvarbu-kad-netekai-darbo\/#primaryimage\"},\"thumbnailUrl\":\"https:\/\/skaitytaknyga.lt\/wp-content\/uploads\/2024\/04\/1462873117_mylek.jpg\",\"datePublished\":\"2024-04-17T13:15:53+00:00\",\"dateModified\":\"2025-05-14T06:57:13+00:00\",\"description\":\"\u0160i knyga - \u017emon\u0117ms, bijantiems netekti savo pragyvenimo \u0161altinio; \u017emon\u0117ms, svajojantiems i\u0161tr\u016bkti i\u0161 pilkos kasdienyb\u0117s; \u017emon\u0117ms, i\u0161sekusiems nuo\",\"breadcrumb\":{\"@id\":\"https:\/\/skaitytaknyga.lt\/produktas\/eva-maria-zurhorst-mylek-save-ir-nesvarbu-kad-netekai-darbo\/#breadcrumb\"},\"inLanguage\":\"en-GB\",\"potentialAction\":[{\"@type\":\"ReadAction\",\"target\":[\"https:\/\/skaitytaknyga.lt\/produktas\/eva-maria-zurhorst-mylek-save-ir-nesvarbu-kad-netekai-darbo\/\"]}]},{\"@type\":\"ImageObject\",\"inLanguage\":\"en-GB\",\"@id\":\"https:\/\/skaitytaknyga.lt\/produktas\/eva-maria-zurhorst-mylek-save-ir-nesvarbu-kad-netekai-darbo\/#primaryimage\",\"url\":\"https:\/\/skaitytaknyga.lt\/wp-content\/uploads\/2024\/04\/1462873117_mylek.jpg\",\"contentUrl\":\"https:\/\/skaitytaknyga.lt\/wp-content\/uploads\/2024\/04\/1462873117_mylek.jpg\",\"width\":302,\"height\":430,\"caption\":\"1462873117 mylek\"},{\"@type\":\"BreadcrumbList\",\"@id\":\"https:\/\/skaitytaknyga.lt\/produktas\/eva-maria-zurhorst-mylek-save-ir-nesvarbu-kad-netekai-darbo\/#breadcrumb\",\"itemListElement\":[{\"@type\":\"ListItem\",\"position\":1,\"name\":\"Home\",\"item\":\"https:\/\/skaitytaknyga.lt\/\"},{\"@type\":\"ListItem\",\"position\":2,\"name\":\"Parduotuv\u0117\",\"item\":\"https:\/\/skaitytaknyga.lt\/knygu-parduotuve\/\"},{\"@type\":\"ListItem\",\"position\":3,\"name\":\"Myl\u0117k save, ir nesvarbu, kad netekai darbo\"}]},{\"@type\":\"WebSite\",\"@id\":\"https:\/\/skaitytaknyga.lt\/#website\",\"url\":\"https:\/\/skaitytaknyga.lt\/\",\"name\":\"skaitytaknyga.lt\",\"description\":\"Skaitytaknyga.lt \u2013 tai ma\u017eas \u0161eimos verslas, kuris prasid\u0117jo nuo meil\u0117s knygoms ir siekio i\u0161gelb\u0117ti knygas nuo likimo prie konteinerio. Kas vienam nereikalingas daiktas \u2013 kitam lobis, o mes esame tarpininkai, kurie padeda abiems tapti laimingesniems ???? \u017dinome kaip nelengva i\u0161gyventi ma\u017eiems verslams, tad nuo \u0161iol, \u010dia rasite ir kit\u0173, ma\u017e\u0173 \u0161eim\u0173 versl\u0173, rank\u0173 darbo, dovan\u0173 sau ir artimiesiems.\",\"publisher\":{\"@id\":\"https:\/\/skaitytaknyga.lt\/#organization\"},\"potentialAction\":[{\"@type\":\"SearchAction\",\"target\":{\"@type\":\"EntryPoint\",\"urlTemplate\":\"https:\/\/skaitytaknyga.lt\/?s={search_term_string}\"},\"query-input\":{\"@type\":\"PropertyValueSpecification\",\"valueRequired\":true,\"valueName\":\"search_term_string\"}}],\"inLanguage\":\"en-GB\"},{\"@type\":\"Organization\",\"@id\":\"https:\/\/skaitytaknyga.lt\/#organization\",\"name\":\"skaitytaknyga.lt\",\"url\":\"https:\/\/skaitytaknyga.lt\/\",\"logo\":{\"@type\":\"ImageObject\",\"inLanguage\":\"en-GB\",\"@id\":\"https:\/\/skaitytaknyga.lt\/#\/schema\/logo\/image\/\",\"url\":\"https:\/\/skaitytaknyga.lt\/wp-content\/uploads\/2024\/05\/cropped-cropped-cropped-02_00843_jt3bggkj1j3HLc7SyY6rEUpg.jpeg\",\"contentUrl\":\"https:\/\/skaitytaknyga.lt\/wp-content\/uploads\/2024\/05\/cropped-cropped-cropped-02_00843_jt3bggkj1j3HLc7SyY6rEUpg.jpeg\",\"width\":1600,\"height\":1600,\"caption\":\"skaitytaknyga.lt\"},\"image\":{\"@id\":\"https:\/\/skaitytaknyga.lt\/#\/schema\/logo\/image\/\"},\"sameAs\":[\"https:\/\/www.facebook.com\/skaitytaknyga\/\"]}]}<\/script>\n<!-- \/ Yoast SEO plugin. -->","yoast_head_json":{"title":"Myl\u0117k save, ir nesvarbu, kad netekai darbo","description":"\u0160i knyga - \u017emon\u0117ms, bijantiems netekti savo pragyvenimo \u0161altinio; \u017emon\u0117ms, svajojantiems i\u0161tr\u016bkti i\u0161 pilkos kasdienyb\u0117s; \u017emon\u0117ms, i\u0161sekusiems nuo","robots":{"index":"index","follow":"follow","max-snippet":"max-snippet:-1","max-image-preview":"max-image-preview:large","max-video-preview":"max-video-preview:-1"},"canonical":"https:\/\/skaitytaknyga.lt\/en\/produktas\/eva-maria-zurhorst-mylek-save-ir-nesvarbu-kad-netekai-darbo\/","og_locale":"en_GB","og_type":"article","og_title":"[:lt]Myl\u0117k save, ir nesvarbu, kad netekai darbo[:] - Skaitytaknyga","og_description":"\u0160i knyga - \u017emon\u0117ms, bijantiems netekti savo pragyvenimo \u0161altinio; \u017emon\u0117ms, svajojantiems i\u0161tr\u016bkti i\u0161 pilkos kasdienyb\u0117s; \u017emon\u0117ms, i\u0161sekusiems nuo","og_url":"https:\/\/skaitytaknyga.lt\/en\/produktas\/eva-maria-zurhorst-mylek-save-ir-nesvarbu-kad-netekai-darbo\/","og_site_name":"Skaitytaknyga","article_publisher":"https:\/\/www.facebook.com\/skaitytaknyga\/","article_modified_time":"2025-05-14T06:57:13+00:00","og_image":[{"width":302,"height":430,"url":"https:\/\/skaitytaknyga.lt\/wp-content\/uploads\/2024\/04\/1462873117_mylek.jpg","type":"image\/jpeg"}],"twitter_card":"summary_large_image","twitter_misc":{"Estimated reading time":"2 minutes"},"schema":{"@context":"https:\/\/schema.org","@graph":[{"@type":"WebPage","@id":"https:\/\/skaitytaknyga.lt\/produktas\/eva-maria-zurhorst-mylek-save-ir-nesvarbu-kad-netekai-darbo\/","url":"https:\/\/skaitytaknyga.lt\/produktas\/eva-maria-zurhorst-mylek-save-ir-nesvarbu-kad-netekai-darbo\/","name":"Myl\u0117k save, ir nesvarbu, kad netekai darbo","isPartOf":{"@id":"https:\/\/skaitytaknyga.lt\/#website"},"primaryImageOfPage":{"@id":"https:\/\/skaitytaknyga.lt\/produktas\/eva-maria-zurhorst-mylek-save-ir-nesvarbu-kad-netekai-darbo\/#primaryimage"},"image":{"@id":"https:\/\/skaitytaknyga.lt\/produktas\/eva-maria-zurhorst-mylek-save-ir-nesvarbu-kad-netekai-darbo\/#primaryimage"},"thumbnailUrl":"https:\/\/skaitytaknyga.lt\/wp-content\/uploads\/2024\/04\/1462873117_mylek.jpg","datePublished":"2024-04-17T13:15:53+00:00","dateModified":"2025-05-14T06:57:13+00:00","description":"\u0160i knyga - \u017emon\u0117ms, bijantiems netekti savo pragyvenimo \u0161altinio; \u017emon\u0117ms, svajojantiems i\u0161tr\u016bkti i\u0161 pilkos kasdienyb\u0117s; \u017emon\u0117ms, i\u0161sekusiems nuo","breadcrumb":{"@id":"https:\/\/skaitytaknyga.lt\/produktas\/eva-maria-zurhorst-mylek-save-ir-nesvarbu-kad-netekai-darbo\/#breadcrumb"},"inLanguage":"en-GB","potentialAction":[{"@type":"ReadAction","target":["https:\/\/skaitytaknyga.lt\/produktas\/eva-maria-zurhorst-mylek-save-ir-nesvarbu-kad-netekai-darbo\/"]}]},{"@type":"ImageObject","inLanguage":"en-GB","@id":"https:\/\/skaitytaknyga.lt\/produktas\/eva-maria-zurhorst-mylek-save-ir-nesvarbu-kad-netekai-darbo\/#primaryimage","url":"https:\/\/skaitytaknyga.lt\/wp-content\/uploads\/2024\/04\/1462873117_mylek.jpg","contentUrl":"https:\/\/skaitytaknyga.lt\/wp-content\/uploads\/2024\/04\/1462873117_mylek.jpg","width":302,"height":430,"caption":"1462873117 mylek"},{"@type":"BreadcrumbList","@id":"https:\/\/skaitytaknyga.lt\/produktas\/eva-maria-zurhorst-mylek-save-ir-nesvarbu-kad-netekai-darbo\/#breadcrumb","itemListElement":[{"@type":"ListItem","position":1,"name":"Home","item":"https:\/\/skaitytaknyga.lt\/"},{"@type":"ListItem","position":2,"name":"Parduotuv\u0117","item":"https:\/\/skaitytaknyga.lt\/knygu-parduotuve\/"},{"@type":"ListItem","position":3,"name":"Myl\u0117k save, ir nesvarbu, kad netekai darbo"}]},{"@type":"WebSite","@id":"https:\/\/skaitytaknyga.lt\/#website","url":"https:\/\/skaitytaknyga.lt\/","name":"skaitytaknyga.lt","description":"Skaitytaknyga.lt \u2013 tai ma\u017eas \u0161eimos verslas, kuris prasid\u0117jo nuo meil\u0117s knygoms ir siekio i\u0161gelb\u0117ti knygas nuo likimo prie konteinerio. Kas vienam nereikalingas daiktas \u2013 kitam lobis, o mes esame tarpininkai, kurie padeda abiems tapti laimingesniems ???? \u017dinome kaip nelengva i\u0161gyventi ma\u017eiems verslams, tad nuo \u0161iol, \u010dia rasite ir kit\u0173, ma\u017e\u0173 \u0161eim\u0173 versl\u0173, rank\u0173 darbo, dovan\u0173 sau ir artimiesiems.","publisher":{"@id":"https:\/\/skaitytaknyga.lt\/#organization"},"potentialAction":[{"@type":"SearchAction","target":{"@type":"EntryPoint","urlTemplate":"https:\/\/skaitytaknyga.lt\/?s={search_term_string}"},"query-input":{"@type":"PropertyValueSpecification","valueRequired":true,"valueName":"search_term_string"}}],"inLanguage":"en-GB"},{"@type":"Organization","@id":"https:\/\/skaitytaknyga.lt\/#organization","name":"skaitytaknyga.lt","url":"https:\/\/skaitytaknyga.lt\/","logo":{"@type":"ImageObject","inLanguage":"en-GB","@id":"https:\/\/skaitytaknyga.lt\/#\/schema\/logo\/image\/","url":"https:\/\/skaitytaknyga.lt\/wp-content\/uploads\/2024\/05\/cropped-cropped-cropped-02_00843_jt3bggkj1j3HLc7SyY6rEUpg.jpeg","contentUrl":"https:\/\/skaitytaknyga.lt\/wp-content\/uploads\/2024\/05\/cropped-cropped-cropped-02_00843_jt3bggkj1j3HLc7SyY6rEUpg.jpeg","width":1600,"height":1600,"caption":"skaitytaknyga.lt"},"image":{"@id":"https:\/\/skaitytaknyga.lt\/#\/schema\/logo\/image\/"},"sameAs":["https:\/\/www.facebook.com\/skaitytaknyga\/"]}]}},"_links":{"self":[{"href":"https:\/\/skaitytaknyga.lt\/en\/wp-json\/wp\/v2\/product\/2592","targetHints":{"allow":["GET"]}}],"collection":[{"href":"https:\/\/skaitytaknyga.lt\/en\/wp-json\/wp\/v2\/product"}],"about":[{"href":"https:\/\/skaitytaknyga.lt\/en\/wp-json\/wp\/v2\/types\/product"}],"replies":[{"embeddable":true,"href":"https:\/\/skaitytaknyga.lt\/en\/wp-json\/wp\/v2\/comments?post=2592"}],"wp:featuredmedia":[{"embeddable":true,"href":"https:\/\/skaitytaknyga.lt\/en\/wp-json\/wp\/v2\/media\/2621"}],"wp:attachment":[{"href":"https:\/\/skaitytaknyga.lt\/en\/wp-json\/wp\/v2\/media?parent=2592"}],"wp:term":[{"taxonomy":"product_brand","embeddable":true,"href":"https:\/\/skaitytaknyga.lt\/en\/wp-json\/wp\/v2\/product_brand?post=2592"},{"taxonomy":"product_cat","embeddable":true,"href":"https:\/\/skaitytaknyga.lt\/en\/wp-json\/wp\/v2\/product_cat?post=2592"},{"taxonomy":"product_tag","embeddable":true,"href":"https:\/\/skaitytaknyga.lt\/en\/wp-json\/wp\/v2\/product_tag?post=2592"}],"curies":[{"name":"wp","href":"https:\/\/api.w.org\/{rel}","templated":true}]}}