{"id":2590,"date":"2024-04-17T16:15:53","date_gmt":"2024-04-17T13:15:53","guid":{"rendered":"https:\/\/skaitytaknyga.lt\/?post_type=product&#038;p=2590"},"modified":"2025-10-14T21:20:01","modified_gmt":"2025-10-14T18:20:01","slug":"e-nightingale-keisciausia-paslaptis","status":"publish","type":"product","link":"https:\/\/skaitytaknyga.lt\/en\/produktas\/e-nightingale-keisciausia-paslaptis\/","title":{"rendered":"E. Nightingale \u201eKeis\u010diausia paslaptis\u201c"},"content":{"rendered":"<p>\u201eKeis\u010diausia paslaptis\u201c \u2013 did\u017eiausia populiarum\u0105 pelniusi Earto Naitingeilo knyga. \u0160ios knygos tira\u017eas \u2013 daugiau kaip milijonas egzempliori\u0173, knyga paskatino daugyb\u0119 \u017emoni\u0173 susim\u0105styti ar jie gyvena tok\u012f gyvenim\u0105, kokio i\u0161 tikr\u0173j\u0173 nor\u0117t\u0173.<\/p>\n<p>Eartas Naitingeilas nebuvo vien s\u0117km\u0117s teoretikas \u2013 visk\u0105, apie k\u0105 kalba, jis patyr\u0117 pats. U\u017eaug\u0119s sunkiais Did\u017eiosios depresijos metais, jis pasakojo: \u201ePaauglyst\u0117je a\u0161 ne\u017einojau, k\u0105 reik\u0161kia m\u0117gautis s\u0117kme, bet \u017einojau, kad yra skurdas.\u201c<\/p>\n<p>Knyga \u201eKeis\u010diausia paslaptis\u201c yra apie tro\u0161kim\u0173 \u012fgyvendinimo men\u0105. Joje atskleid\u017eiamas mechanizmas, naudojamas regimajam pasauliui kurti. Knyga ma\u017ea, bet ne ma\u017eareik\u0161m\u0117. Joje slypi lobis \u2013 ai\u0161kus, tiesus kelias \u012f svajoni\u0173 pasaul\u012f.<\/p>\n<ul class=\"about-product mb-3\">\n<li><strong style=\"font-weight: 700\">Originalus pavadinimas:<\/strong><span class=\"Apple-converted-space\">&nbsp;<\/span>The Strangest Secret<\/li>\n<li><strong style=\"font-weight: 700\">Autorius:<\/strong><span class=\"Apple-converted-space\">&nbsp;<\/span>Earl Nightingale<\/li>\n<li><strong style=\"font-weight: 700\">Leid\u0117jas:<\/strong><span class=\"Apple-converted-space\">&nbsp;<\/span>Luceo<\/li>\n<li><strong style=\"font-weight: 700\">Metai:<\/strong><span class=\"Apple-converted-space\">&nbsp;<\/span>2023<\/li>\n<li><strong style=\"font-weight: 700\">Puslapiai:<\/strong><span class=\"Apple-converted-space\">&nbsp;<\/span>112<\/li>\n<li class=\"toggleable type-new-formats \"><strong style=\"font-weight: 700\">ISBN:<\/strong><span class=\"Apple-converted-space\">&nbsp;<\/span><span>9786098112627<\/span><\/li>\n<li><strong style=\"font-weight: 700\">Versijos kodas:<\/strong><span class=\"Apple-converted-space\">&nbsp;<\/span>12<\/li>\n<li class=\"toggleable type-new-formats \"><strong style=\"font-weight: 700\">Formatas:<\/strong><span class=\"Apple-converted-space\">&nbsp;<\/span>15 x 22 x 1 cm, mink\u0161ti vir\u0161eliai<\/li>\n<li><strong style=\"font-weight: 700\">Kalba:<\/strong><span class=\"Apple-converted-space\">&nbsp;<\/span><span>Lietuvi\u0173<\/span><\/li>\n<li><strong style=\"font-weight: 700\">Vert\u0117jas:<\/strong><span class=\"Apple-converted-space\">&nbsp;<\/span>Andrius Rondomanskis<\/li>\n<\/ul>\n","protected":false},"excerpt":{"rendered":"<p>\u201eKeis\u010diausia paslaptis\u201c \u2013 did\u017eiausia populiarum\u0105 pelniusi Earto Naitingeilo knyga. \u0160ios knygos tira\u017eas \u2013 daugiau kaip milijonas egzempliori\u0173, knyga paskatino daugyb\u0119 \u017emoni\u0173 susim\u0105styti ar jie gyvena tok\u012f gyvenim\u0105, kokio i\u0161 tikr\u0173j\u0173 nor\u0117t\u0173. Eartas Naitingeilas nebuvo vien s\u0117km\u0117s teoretikas \u2013 visk\u0105, apie k\u0105 kalba, jis patyr\u0117 pats. U\u017eaug\u0119s sunkiais Did\u017eiosios depresijos metais, jis pasakojo: \u201ePaauglyst\u0117je a\u0161 ne\u017einojau, k\u0105 reik\u0161kia m\u0117gautis s\u0117kme, bet \u017einojau, kad yra skurdas.\u201c Knyga \u201eKeis\u010diausia paslaptis\u201c yra apie tro\u0161kim\u0173 \u012fgyvendinimo men\u0105. Joje atskleid\u017eiamas mechanizmas, naudojamas regimajam pasauliui kurti. Knyga ma\u017ea, bet ne ma\u017eareik\u0161m\u0117. Joje slypi lobis \u2013 ai\u0161kus, tiesus kelias \u012f svajoni\u0173 pasaul\u012f. Originalus pavadinimas:&nbsp;The Strangest Secret Autorius:&nbsp;Earl Nightingale Leid\u0117jas:&nbsp;Luceo Metai:&nbsp;2023 Puslapiai:&nbsp;112 ISBN:&nbsp;9786098112627 Versijos kodas:&nbsp;12 Formatas:&nbsp;15 x 22 x 1 cm, mink\u0161ti vir\u0161eliai Kalba:&nbsp;Lietuvi\u0173 Vert\u0117jas:&nbsp;Andrius Rondomanskis<\/p>\n","protected":false},"featured_media":2619,"comment_status":"closed","ping_status":"closed","template":"","meta":{"_acf_changed":false,"site-sidebar-layout":"default","site-content-layout":"","ast-site-content-layout":"default","site-content-style":"default","site-sidebar-style":"default","ast-global-header-display":"","ast-banner-title-visibility":"","ast-main-header-display":"","ast-hfb-above-header-display":"","ast-hfb-below-header-display":"","ast-hfb-mobile-header-display":"","site-post-title":"","ast-breadcrumbs-content":"","ast-featured-img":"","footer-sml-layout":"","ast-disable-related-posts":"","theme-transparent-header-meta":"","adv-header-id-meta":"","stick-header-meta":"","header-above-stick-meta":"","header-main-stick-meta":"","header-below-stick-meta":"","astra-migrate-meta-layouts":"default","ast-page-background-enabled":"default","ast-page-background-meta":{"desktop":{"background-color":"","background-image":"","background-repeat":"repeat","background-position":"center center","background-size":"auto","background-attachment":"scroll","background-type":"","background-media":"","overlay-type":"","overlay-color":"","overlay-opacity":"","overlay-gradient":""},"tablet":{"background-color":"","background-image":"","background-repeat":"repeat","background-position":"center center","background-size":"auto","background-attachment":"scroll","background-type":"","background-media":"","overlay-type":"","overlay-color":"","overlay-opacity":"","overlay-gradient":""},"mobile":{"background-color":"","background-image":"","background-repeat":"repeat","background-position":"center center","background-size":"auto","background-attachment":"scroll","background-type":"","background-media":"","overlay-type":"","overlay-color":"","overlay-opacity":"","overlay-gradient":""}},"ast-content-background-meta":{"desktop":{"background-color":"var(--ast-global-color-4)","background-image":"","background-repeat":"repeat","background-position":"center center","background-size":"auto","background-attachment":"scroll","background-type":"","background-media":"","overlay-type":"","overlay-color":"","overlay-opacity":"","overlay-gradient":""},"tablet":{"background-color":"var(--ast-global-color-4)","background-image":"","background-repeat":"repeat","background-position":"center center","background-size":"auto","background-attachment":"scroll","background-type":"","background-media":"","overlay-type":"","overlay-color":"","overlay-opacity":"","overlay-gradient":""},"mobile":{"background-color":"var(--ast-global-color-4)","background-image":"","background-repeat":"repeat","background-position":"center center","background-size":"auto","background-attachment":"scroll","background-type":"","background-media":"","overlay-type":"","overlay-color":"","overlay-opacity":"","overlay-gradient":""}}},"product_brand":[],"product_cat":[30],"product_tag":[],"class_list":{"0":"post-2590","1":"product","2":"type-product","3":"status-publish","4":"has-post-thumbnail","6":"product_cat-psichologija-ir-saviugda","7":"desktop-align-left","8":"tablet-align-left","9":"mobile-align-left","11":"first","12":"instock","13":"shipping-taxable","14":"purchasable","15":"product-type-simple"},"acf":[],"yoast_head":"<!-- This site is optimized with the Yoast SEO plugin v27.0 - https:\/\/yoast.com\/product\/yoast-seo-wordpress\/ -->\n<title>E. Nightingale \u201eKeis\u010diausia paslaptis\u201c<\/title>\n<meta name=\"description\" content=\"\u201eKeis\u010diausia paslaptis\u201c \u2013 did\u017eiausia populiarum\u0105 pelniusi Earto Naitingeilo knyga. \u0160ios knygos tira\u017eas \u2013 daugiau kaip milijonas egzempliori\u0173, knyga\" \/>\n<meta name=\"robots\" content=\"index, follow, max-snippet:-1, max-image-preview:large, max-video-preview:-1\" \/>\n<link rel=\"canonical\" href=\"https:\/\/skaitytaknyga.lt\/en\/produktas\/e-nightingale-keisciausia-paslaptis\/\" \/>\n<meta property=\"og:locale\" content=\"en_GB\" \/>\n<meta property=\"og:locale:alternate\" content=\"lt_LT\" \/>\n<meta property=\"og:type\" content=\"article\" \/>\n<meta property=\"og:title\" content=\"E. Nightingale \u201eKeis\u010diausia paslaptis\u201c\" \/>\n<meta property=\"og:description\" content=\"\u201eKeis\u010diausia paslaptis\u201c \u2013 did\u017eiausia populiarum\u0105 pelniusi Earto Naitingeilo knyga. \u0160ios knygos tira\u017eas \u2013 daugiau kaip milijonas egzempliori\u0173, knyga\" \/>\n<meta property=\"og:url\" content=\"https:\/\/skaitytaknyga.lt\/en\/produktas\/e-nightingale-keisciausia-paslaptis\/\" \/>\n<meta property=\"og:site_name\" content=\"Skaitytaknyga\" \/>\n<meta property=\"article:publisher\" content=\"https:\/\/www.facebook.com\/skaitytaknyga\/\" \/>\n<meta property=\"article:modified_time\" content=\"2025-10-14T18:20:01+00:00\" \/>\n<meta property=\"og:image\" content=\"https:\/\/skaitytaknyga.lt\/wp-content\/uploads\/2024\/04\/1587046491_Nightingale_keisciausia_paslaptis.jpg\" \/>\n\t<meta property=\"og:image:width\" content=\"296\" \/>\n\t<meta property=\"og:image:height\" content=\"430\" \/>\n\t<meta property=\"og:image:type\" content=\"image\/jpeg\" \/>\n<meta name=\"twitter:card\" content=\"summary_large_image\" \/>\n<meta name=\"twitter:label1\" content=\"Estimated reading time\" \/>\n\t<meta name=\"twitter:data1\" content=\"1 minute\" \/>\n<script type=\"application\/ld+json\" class=\"yoast-schema-graph\">{\"@context\":\"https:\/\/schema.org\",\"@graph\":[{\"@type\":\"WebPage\",\"@id\":\"https:\/\/skaitytaknyga.lt\/produktas\/e-nightingale-keisciausia-paslaptis\/\",\"url\":\"https:\/\/skaitytaknyga.lt\/produktas\/e-nightingale-keisciausia-paslaptis\/\",\"name\":\"E. Nightingale \u201eKeis\u010diausia paslaptis\u201c\",\"isPartOf\":{\"@id\":\"https:\/\/skaitytaknyga.lt\/#website\"},\"primaryImageOfPage\":{\"@id\":\"https:\/\/skaitytaknyga.lt\/produktas\/e-nightingale-keisciausia-paslaptis\/#primaryimage\"},\"image\":{\"@id\":\"https:\/\/skaitytaknyga.lt\/produktas\/e-nightingale-keisciausia-paslaptis\/#primaryimage\"},\"thumbnailUrl\":\"https:\/\/skaitytaknyga.lt\/wp-content\/uploads\/2024\/04\/Nightingale-keisciausia-paslaptis.jpg\",\"datePublished\":\"2024-04-17T13:15:53+00:00\",\"dateModified\":\"2025-10-14T18:20:01+00:00\",\"description\":\"\u201eKeis\u010diausia paslaptis\u201c \u2013 did\u017eiausia populiarum\u0105 pelniusi Earto Naitingeilo knyga. \u0160ios knygos tira\u017eas \u2013 daugiau kaip milijonas egzempliori\u0173, knyga\",\"breadcrumb\":{\"@id\":\"https:\/\/skaitytaknyga.lt\/produktas\/e-nightingale-keisciausia-paslaptis\/#breadcrumb\"},\"inLanguage\":\"en-GB\",\"potentialAction\":[{\"@type\":\"ReadAction\",\"target\":[\"https:\/\/skaitytaknyga.lt\/produktas\/e-nightingale-keisciausia-paslaptis\/\"]}]},{\"@type\":\"ImageObject\",\"inLanguage\":\"en-GB\",\"@id\":\"https:\/\/skaitytaknyga.lt\/produktas\/e-nightingale-keisciausia-paslaptis\/#primaryimage\",\"url\":\"https:\/\/skaitytaknyga.lt\/wp-content\/uploads\/2024\/04\/Nightingale-keisciausia-paslaptis.jpg\",\"contentUrl\":\"https:\/\/skaitytaknyga.lt\/wp-content\/uploads\/2024\/04\/Nightingale-keisciausia-paslaptis.jpg\",\"width\":296,\"height\":430,\"caption\":\"Nightingale keisciausia paslaptis\"},{\"@type\":\"BreadcrumbList\",\"@id\":\"https:\/\/skaitytaknyga.lt\/produktas\/e-nightingale-keisciausia-paslaptis\/#breadcrumb\",\"itemListElement\":[{\"@type\":\"ListItem\",\"position\":1,\"name\":\"Home\",\"item\":\"https:\/\/skaitytaknyga.lt\/\"},{\"@type\":\"ListItem\",\"position\":2,\"name\":\"Parduotuv\u0117\",\"item\":\"https:\/\/skaitytaknyga.lt\/knygu-parduotuve\/\"},{\"@type\":\"ListItem\",\"position\":3,\"name\":\"E. Nightingale \u201eKeis\u010diausia paslaptis\u201c\"}]},{\"@type\":\"WebSite\",\"@id\":\"https:\/\/skaitytaknyga.lt\/#website\",\"url\":\"https:\/\/skaitytaknyga.lt\/\",\"name\":\"skaitytaknyga.lt\",\"description\":\"Skaitytaknyga.lt \u2013 tai ma\u017eas \u0161eimos verslas, kuris prasid\u0117jo nuo meil\u0117s knygoms ir siekio i\u0161gelb\u0117ti knygas nuo likimo prie konteinerio. Kas vienam nereikalingas daiktas \u2013 kitam lobis, o mes esame tarpininkai, kurie padeda abiems tapti laimingesniems ???? \u017dinome kaip nelengva i\u0161gyventi ma\u017eiems verslams, tad nuo \u0161iol, \u010dia rasite ir kit\u0173, ma\u017e\u0173 \u0161eim\u0173 versl\u0173, rank\u0173 darbo, dovan\u0173 sau ir artimiesiems.\",\"publisher\":{\"@id\":\"https:\/\/skaitytaknyga.lt\/#organization\"},\"potentialAction\":[{\"@type\":\"SearchAction\",\"target\":{\"@type\":\"EntryPoint\",\"urlTemplate\":\"https:\/\/skaitytaknyga.lt\/?s={search_term_string}\"},\"query-input\":{\"@type\":\"PropertyValueSpecification\",\"valueRequired\":true,\"valueName\":\"search_term_string\"}}],\"inLanguage\":\"en-GB\"},{\"@type\":\"Organization\",\"@id\":\"https:\/\/skaitytaknyga.lt\/#organization\",\"name\":\"skaitytaknyga.lt\",\"url\":\"https:\/\/skaitytaknyga.lt\/\",\"logo\":{\"@type\":\"ImageObject\",\"inLanguage\":\"en-GB\",\"@id\":\"https:\/\/skaitytaknyga.lt\/#\/schema\/logo\/image\/\",\"url\":\"https:\/\/skaitytaknyga.lt\/wp-content\/uploads\/2024\/05\/cropped-cropped-cropped-02_00843_jt3bggkj1j3HLc7SyY6rEUpg.jpeg\",\"contentUrl\":\"https:\/\/skaitytaknyga.lt\/wp-content\/uploads\/2024\/05\/cropped-cropped-cropped-02_00843_jt3bggkj1j3HLc7SyY6rEUpg.jpeg\",\"width\":1600,\"height\":1600,\"caption\":\"skaitytaknyga.lt\"},\"image\":{\"@id\":\"https:\/\/skaitytaknyga.lt\/#\/schema\/logo\/image\/\"},\"sameAs\":[\"https:\/\/www.facebook.com\/skaitytaknyga\/\"]}]}<\/script>\n<!-- \/ Yoast SEO plugin. -->","yoast_head_json":{"title":"E. Nightingale \u201eKeis\u010diausia paslaptis\u201c","description":"\u201eKeis\u010diausia paslaptis\u201c \u2013 did\u017eiausia populiarum\u0105 pelniusi Earto Naitingeilo knyga. \u0160ios knygos tira\u017eas \u2013 daugiau kaip milijonas egzempliori\u0173, knyga","robots":{"index":"index","follow":"follow","max-snippet":"max-snippet:-1","max-image-preview":"max-image-preview:large","max-video-preview":"max-video-preview:-1"},"canonical":"https:\/\/skaitytaknyga.lt\/en\/produktas\/e-nightingale-keisciausia-paslaptis\/","og_locale":"en_GB","og_type":"article","og_title":"[:lt]E. Nightingale \u201eKeis\u010diausia paslaptis\u201c[:] - Skaitytaknyga","og_description":"\u201eKeis\u010diausia paslaptis\u201c \u2013 did\u017eiausia populiarum\u0105 pelniusi Earto Naitingeilo knyga. \u0160ios knygos tira\u017eas \u2013 daugiau kaip milijonas egzempliori\u0173, knyga","og_url":"https:\/\/skaitytaknyga.lt\/en\/produktas\/e-nightingale-keisciausia-paslaptis\/","og_site_name":"Skaitytaknyga","article_publisher":"https:\/\/www.facebook.com\/skaitytaknyga\/","article_modified_time":"2025-10-14T18:20:01+00:00","og_image":[{"width":296,"height":430,"url":"https:\/\/skaitytaknyga.lt\/wp-content\/uploads\/2024\/04\/1587046491_Nightingale_keisciausia_paslaptis.jpg","type":"image\/jpeg"}],"twitter_card":"summary_large_image","twitter_misc":{"Estimated reading time":"1 minute"},"schema":{"@context":"https:\/\/schema.org","@graph":[{"@type":"WebPage","@id":"https:\/\/skaitytaknyga.lt\/produktas\/e-nightingale-keisciausia-paslaptis\/","url":"https:\/\/skaitytaknyga.lt\/produktas\/e-nightingale-keisciausia-paslaptis\/","name":"E. Nightingale \u201eKeis\u010diausia paslaptis\u201c","isPartOf":{"@id":"https:\/\/skaitytaknyga.lt\/#website"},"primaryImageOfPage":{"@id":"https:\/\/skaitytaknyga.lt\/produktas\/e-nightingale-keisciausia-paslaptis\/#primaryimage"},"image":{"@id":"https:\/\/skaitytaknyga.lt\/produktas\/e-nightingale-keisciausia-paslaptis\/#primaryimage"},"thumbnailUrl":"https:\/\/skaitytaknyga.lt\/wp-content\/uploads\/2024\/04\/Nightingale-keisciausia-paslaptis.jpg","datePublished":"2024-04-17T13:15:53+00:00","dateModified":"2025-10-14T18:20:01+00:00","description":"\u201eKeis\u010diausia paslaptis\u201c \u2013 did\u017eiausia populiarum\u0105 pelniusi Earto Naitingeilo knyga. \u0160ios knygos tira\u017eas \u2013 daugiau kaip milijonas egzempliori\u0173, knyga","breadcrumb":{"@id":"https:\/\/skaitytaknyga.lt\/produktas\/e-nightingale-keisciausia-paslaptis\/#breadcrumb"},"inLanguage":"en-GB","potentialAction":[{"@type":"ReadAction","target":["https:\/\/skaitytaknyga.lt\/produktas\/e-nightingale-keisciausia-paslaptis\/"]}]},{"@type":"ImageObject","inLanguage":"en-GB","@id":"https:\/\/skaitytaknyga.lt\/produktas\/e-nightingale-keisciausia-paslaptis\/#primaryimage","url":"https:\/\/skaitytaknyga.lt\/wp-content\/uploads\/2024\/04\/Nightingale-keisciausia-paslaptis.jpg","contentUrl":"https:\/\/skaitytaknyga.lt\/wp-content\/uploads\/2024\/04\/Nightingale-keisciausia-paslaptis.jpg","width":296,"height":430,"caption":"Nightingale keisciausia paslaptis"},{"@type":"BreadcrumbList","@id":"https:\/\/skaitytaknyga.lt\/produktas\/e-nightingale-keisciausia-paslaptis\/#breadcrumb","itemListElement":[{"@type":"ListItem","position":1,"name":"Home","item":"https:\/\/skaitytaknyga.lt\/"},{"@type":"ListItem","position":2,"name":"Parduotuv\u0117","item":"https:\/\/skaitytaknyga.lt\/knygu-parduotuve\/"},{"@type":"ListItem","position":3,"name":"E. Nightingale \u201eKeis\u010diausia paslaptis\u201c"}]},{"@type":"WebSite","@id":"https:\/\/skaitytaknyga.lt\/#website","url":"https:\/\/skaitytaknyga.lt\/","name":"skaitytaknyga.lt","description":"Skaitytaknyga.lt \u2013 tai ma\u017eas \u0161eimos verslas, kuris prasid\u0117jo nuo meil\u0117s knygoms ir siekio i\u0161gelb\u0117ti knygas nuo likimo prie konteinerio. Kas vienam nereikalingas daiktas \u2013 kitam lobis, o mes esame tarpininkai, kurie padeda abiems tapti laimingesniems ???? \u017dinome kaip nelengva i\u0161gyventi ma\u017eiems verslams, tad nuo \u0161iol, \u010dia rasite ir kit\u0173, ma\u017e\u0173 \u0161eim\u0173 versl\u0173, rank\u0173 darbo, dovan\u0173 sau ir artimiesiems.","publisher":{"@id":"https:\/\/skaitytaknyga.lt\/#organization"},"potentialAction":[{"@type":"SearchAction","target":{"@type":"EntryPoint","urlTemplate":"https:\/\/skaitytaknyga.lt\/?s={search_term_string}"},"query-input":{"@type":"PropertyValueSpecification","valueRequired":true,"valueName":"search_term_string"}}],"inLanguage":"en-GB"},{"@type":"Organization","@id":"https:\/\/skaitytaknyga.lt\/#organization","name":"skaitytaknyga.lt","url":"https:\/\/skaitytaknyga.lt\/","logo":{"@type":"ImageObject","inLanguage":"en-GB","@id":"https:\/\/skaitytaknyga.lt\/#\/schema\/logo\/image\/","url":"https:\/\/skaitytaknyga.lt\/wp-content\/uploads\/2024\/05\/cropped-cropped-cropped-02_00843_jt3bggkj1j3HLc7SyY6rEUpg.jpeg","contentUrl":"https:\/\/skaitytaknyga.lt\/wp-content\/uploads\/2024\/05\/cropped-cropped-cropped-02_00843_jt3bggkj1j3HLc7SyY6rEUpg.jpeg","width":1600,"height":1600,"caption":"skaitytaknyga.lt"},"image":{"@id":"https:\/\/skaitytaknyga.lt\/#\/schema\/logo\/image\/"},"sameAs":["https:\/\/www.facebook.com\/skaitytaknyga\/"]}]}},"_links":{"self":[{"href":"https:\/\/skaitytaknyga.lt\/en\/wp-json\/wp\/v2\/product\/2590","targetHints":{"allow":["GET"]}}],"collection":[{"href":"https:\/\/skaitytaknyga.lt\/en\/wp-json\/wp\/v2\/product"}],"about":[{"href":"https:\/\/skaitytaknyga.lt\/en\/wp-json\/wp\/v2\/types\/product"}],"replies":[{"embeddable":true,"href":"https:\/\/skaitytaknyga.lt\/en\/wp-json\/wp\/v2\/comments?post=2590"}],"wp:featuredmedia":[{"embeddable":true,"href":"https:\/\/skaitytaknyga.lt\/en\/wp-json\/wp\/v2\/media\/2619"}],"wp:attachment":[{"href":"https:\/\/skaitytaknyga.lt\/en\/wp-json\/wp\/v2\/media?parent=2590"}],"wp:term":[{"taxonomy":"product_brand","embeddable":true,"href":"https:\/\/skaitytaknyga.lt\/en\/wp-json\/wp\/v2\/product_brand?post=2590"},{"taxonomy":"product_cat","embeddable":true,"href":"https:\/\/skaitytaknyga.lt\/en\/wp-json\/wp\/v2\/product_cat?post=2590"},{"taxonomy":"product_tag","embeddable":true,"href":"https:\/\/skaitytaknyga.lt\/en\/wp-json\/wp\/v2\/product_tag?post=2590"}],"curies":[{"name":"wp","href":"https:\/\/api.w.org\/{rel}","templated":true}]}}