{"id":25691,"date":"2026-04-10T21:06:37","date_gmt":"2026-04-10T18:06:37","guid":{"rendered":"https:\/\/skaitytaknyga.lt\/?post_type=product&#038;p=25691"},"modified":"2026-04-23T11:57:59","modified_gmt":"2026-04-23T08:57:59","slug":"4-valandos-kunui","status":"publish","type":"product","link":"https:\/\/skaitytaknyga.lt\/en\/produktas\/4-valandos-kunui\/","title":{"rendered":"4 valandos k\u016bnui"},"content":{"rendered":"<p>JEI NENORITE PASIEKTI GREIT\u0172 REZULTAT\u0172, NESKAITYKITE \u0160IOS KNYGOS<\/p>\n<p>Jei norite tikr\u0173 permain\u0173, vadovaukit\u0117s \u201e4 valand\u0173 k\u016bnui\u201c patarimais. Jie leis Jums pasiekti savo fizin\u012f ir genetin\u012f potencial\u0105, PER M\u0116NES\u012e TAM TESKIRIANT TIK KETURIAS VALANDAS. \u0160ioje gairi\u0173 knygoje Timothy Ferrissas Jums atskleis, kaip ne\u017eym\u016bs poky\u010diai atne\u0161a maksimal\u0173 rezultat\u0105.<\/p>\n<p>PASITELK\u0118 \u0160\u012e LAIPSNI\u0160K\u0172 POKY\u010cI\u0172 VADOV\u0104, J\u016aS I\u0160MOKSITE:<\/p>\n<p>&#8211; Kaip greitai atsikratyti k\u016bno riebal\u0173 (prarasti net 2 proc. riebal\u0173 per dvi savaites);<\/p>\n<p>&#8211; Kaip greitai u\u017esiauginti raumenis (\u012fgauti net 15 kg raumen\u0173 per 28 dienas);<\/p>\n<p>&#8211; Kaip greitai \u012fgyti fizin\u0117s j\u0117gos (nub\u0117gti 50 km ar i\u0161kelti daugiau nei 68 kg svarmen\u0173);<\/p>\n<p>&#8211; Kaip greitai pasiekti ideali\u0105 savijaut\u0105 (pagerinti seksualin\u012f gyvenim\u0105 ar miegoti vos kelet\u0105 valand\u0173 per par\u0105, bet jaustis visi\u0161kai \u017evaliai);<\/p>\n<p>Remdamasis daugiau nei de\u0161imtmet\u012f trukusiais tyrimais, kolektyvine \u0161imt\u0173 elitini\u0173 atlet\u0173 ir medicinos gydytoj\u0173 i\u0161mintimi, taip pat ir t\u016bkstan\u010dius valand\u0173 trukusiais asmeniniais eksperimentais Timotis Ferisas atsako \u012f svarbiausi\u0105 \u0161ios knygos klausim\u0105:<\/p>\n<p>KAIP PAKEISTI SAVO K\u016aN\u0104, PAGERINTI SAVIJAUT\u0104 IR PASIEKTI EKSTREMALI\u0172 POKY\u010cI\u0172 PER LABAI TRUMP\u0104 LAIK\u0104!<\/p>\n","protected":false},"excerpt":{"rendered":"<p>JEI NENORITE PASIEKTI GREIT\u0172 REZULTAT\u0172, NESKAITYKITE \u0160IOS KNYGOS Jei norite tikr\u0173 permain\u0173, vadovaukit\u0117s \u201e4 valand\u0173 k\u016bnui\u201c patarimais. Jie leis Jums pasiekti savo fizin\u012f ir genetin\u012f potencial\u0105, PER M\u0116NES\u012e TAM TESKIRIANT TIK KETURIAS VALANDAS. \u0160ioje gairi\u0173 knygoje Timothy Ferrissas Jums atskleis, kaip ne\u017eym\u016bs poky\u010diai atne\u0161a maksimal\u0173 rezultat\u0105. PASITELK\u0118 \u0160\u012e LAIPSNI\u0160K\u0172 POKY\u010cI\u0172 VADOV\u0104, J\u016aS I\u0160MOKSITE: &#8211; Kaip greitai atsikratyti k\u016bno riebal\u0173 (prarasti net 2 proc. riebal\u0173 per dvi savaites); &#8211; Kaip greitai u\u017esiauginti raumenis (\u012fgauti net 15 kg raumen\u0173 per 28 dienas); &#8211; Kaip greitai \u012fgyti fizin\u0117s j\u0117gos (nub\u0117gti 50 km ar i\u0161kelti daugiau nei 68 kg svarmen\u0173); &#8211; Kaip greitai pasiekti ideali\u0105 savijaut\u0105 (pagerinti seksualin\u012f gyvenim\u0105 ar miegoti vos kelet\u0105 valand\u0173 per par\u0105, bet jaustis visi\u0161kai \u017evaliai); Remdamasis daugiau nei de\u0161imtmet\u012f trukusiais tyrimais, kolektyvine \u0161imt\u0173 elitini\u0173 atlet\u0173 ir medicinos gydytoj\u0173 i\u0161mintimi, taip pat ir t\u016bkstan\u010dius valand\u0173 trukusiais asmeniniais eksperimentais Timotis Ferisas atsako \u012f svarbiausi\u0105 \u0161ios knygos klausim\u0105: KAIP PAKEISTI SAVO K\u016aN\u0104, PAGERINTI SAVIJAUT\u0104 IR PASIEKTI EKSTREMALI\u0172 POKY\u010cI\u0172 PER LABAI TRUMP\u0104 LAIK\u0104!<\/p>\n","protected":false},"featured_media":26350,"comment_status":"open","ping_status":"closed","template":"","meta":{"_acf_changed":false,"site-sidebar-layout":"default","site-content-layout":"","ast-site-content-layout":"default","site-content-style":"default","site-sidebar-style":"default","ast-global-header-display":"","ast-banner-title-visibility":"","ast-main-header-display":"","ast-hfb-above-header-display":"","ast-hfb-below-header-display":"","ast-hfb-mobile-header-display":"","site-post-title":"","ast-breadcrumbs-content":"","ast-featured-img":"","footer-sml-layout":"","ast-disable-related-posts":"","theme-transparent-header-meta":"default","adv-header-id-meta":"","stick-header-meta":"","header-above-stick-meta":"","header-main-stick-meta":"","header-below-stick-meta":"","astra-migrate-meta-layouts":"set","ast-page-background-enabled":"default","ast-page-background-meta":{"desktop":{"background-color":"","background-image":"","background-repeat":"repeat","background-position":"center center","background-size":"auto","background-attachment":"scroll","background-type":"","background-media":"","overlay-type":"","overlay-color":"","overlay-opacity":"","overlay-gradient":""},"tablet":{"background-color":"","background-image":"","background-repeat":"repeat","background-position":"center center","background-size":"auto","background-attachment":"scroll","background-type":"","background-media":"","overlay-type":"","overlay-color":"","overlay-opacity":"","overlay-gradient":""},"mobile":{"background-color":"","background-image":"","background-repeat":"repeat","background-position":"center center","background-size":"auto","background-attachment":"scroll","background-type":"","background-media":"","overlay-type":"","overlay-color":"","overlay-opacity":"","overlay-gradient":""}},"ast-content-background-meta":{"desktop":{"background-color":"var(--ast-global-color-4)","background-image":"","background-repeat":"repeat","background-position":"center center","background-size":"auto","background-attachment":"scroll","background-type":"","background-media":"","overlay-type":"","overlay-color":"","overlay-opacity":"","overlay-gradient":""},"tablet":{"background-color":"var(--ast-global-color-4)","background-image":"","background-repeat":"repeat","background-position":"center center","background-size":"auto","background-attachment":"scroll","background-type":"","background-media":"","overlay-type":"","overlay-color":"","overlay-opacity":"","overlay-gradient":""},"mobile":{"background-color":"var(--ast-global-color-4)","background-image":"","background-repeat":"repeat","background-position":"center center","background-size":"auto","background-attachment":"scroll","background-type":"","background-media":"","overlay-type":"","overlay-color":"","overlay-opacity":"","overlay-gradient":""}}},"product_brand":[],"product_cat":[30,15],"product_tag":[],"class_list":{"0":"post-25691","1":"product","2":"type-product","3":"status-publish","4":"has-post-thumbnail","6":"product_cat-psichologija-ir-saviugda","7":"product_cat-uncategorized","8":"desktop-align-left","9":"tablet-align-left","10":"mobile-align-left","12":"first","13":"instock","14":"shipping-taxable","15":"purchasable","16":"product-type-simple"},"acf":[],"yoast_head":"<!-- This site is optimized with the Yoast SEO plugin v27.4 - https:\/\/yoast.com\/product\/yoast-seo-wordpress\/ -->\n<title>4 valandos k\u016bnui<\/title>\n<meta name=\"description\" content=\"JEI NENORITE PASIEKTI GREIT\u0172 REZULTAT\u0172, NESKAITYKITE \u0160IOS KNYGOS Jei norite tikr\u0173 permain\u0173, vadovaukit\u0117s \u201e4 valand\u0173 k\u016bnui\u201c patarimais. Jie leis Jums\" \/>\n<meta name=\"robots\" content=\"index, follow, max-snippet:-1, max-image-preview:large, max-video-preview:-1\" \/>\n<link rel=\"canonical\" href=\"https:\/\/skaitytaknyga.lt\/en\/produktas\/4-valandos-kunui\/\" \/>\n<meta property=\"og:locale\" content=\"en_GB\" \/>\n<meta property=\"og:locale:alternate\" content=\"lt_LT\" \/>\n<meta property=\"og:type\" content=\"article\" \/>\n<meta property=\"og:title\" content=\"4 valandos k\u016bnui\" \/>\n<meta property=\"og:description\" content=\"JEI NENORITE PASIEKTI GREIT\u0172 REZULTAT\u0172, NESKAITYKITE \u0160IOS KNYGOS Jei norite tikr\u0173 permain\u0173, vadovaukit\u0117s \u201e4 valand\u0173 k\u016bnui\u201c patarimais. Jie leis Jums\" \/>\n<meta property=\"og:url\" content=\"https:\/\/skaitytaknyga.lt\/en\/produktas\/4-valandos-kunui\/\" \/>\n<meta property=\"og:site_name\" content=\"Skaitytaknyga\" \/>\n<meta property=\"article:publisher\" content=\"https:\/\/www.facebook.com\/skaitytaknyga\/\" \/>\n<meta property=\"article:modified_time\" content=\"2026-04-23T08:57:59+00:00\" \/>\n<meta property=\"og:image\" content=\"https:\/\/skaitytaknyga.lt\/wp-content\/uploads\/2024\/07\/skaitytaknyga.png\" \/>\n\t<meta property=\"og:image:width\" content=\"747\" \/>\n\t<meta property=\"og:image:height\" content=\"496\" \/>\n\t<meta property=\"og:image:type\" content=\"image\/png\" \/>\n<meta name=\"twitter:card\" content=\"summary_large_image\" \/>\n<meta name=\"twitter:label1\" content=\"Estimated reading time\" \/>\n\t<meta name=\"twitter:data1\" content=\"2 minutes\" \/>\n<script type=\"application\/ld+json\" class=\"yoast-schema-graph\">{\"@context\":\"https:\\\/\\\/schema.org\",\"@graph\":[{\"@type\":\"WebPage\",\"@id\":\"https:\\\/\\\/skaitytaknyga.lt\\\/produktas\\\/4-valandos-kunui\\\/\",\"url\":\"https:\\\/\\\/skaitytaknyga.lt\\\/produktas\\\/4-valandos-kunui\\\/\",\"name\":\"4 valandos k\u016bnui\",\"isPartOf\":{\"@id\":\"https:\\\/\\\/skaitytaknyga.lt\\\/#website\"},\"primaryImageOfPage\":{\"@id\":\"https:\\\/\\\/skaitytaknyga.lt\\\/produktas\\\/4-valandos-kunui\\\/#primaryimage\"},\"image\":{\"@id\":\"https:\\\/\\\/skaitytaknyga.lt\\\/produktas\\\/4-valandos-kunui\\\/#primaryimage\"},\"thumbnailUrl\":\"https:\\\/\\\/skaitytaknyga.lt\\\/wp-content\\\/uploads\\\/2026\\\/04\\\/4-valandos-kunui.webp\",\"datePublished\":\"2026-04-10T18:06:37+00:00\",\"dateModified\":\"2026-04-23T08:57:59+00:00\",\"description\":\"JEI NENORITE PASIEKTI GREIT\u0172 REZULTAT\u0172, NESKAITYKITE \u0160IOS KNYGOS Jei norite tikr\u0173 permain\u0173, vadovaukit\u0117s \u201e4 valand\u0173 k\u016bnui\u201c patarimais. Jie leis Jums\",\"breadcrumb\":{\"@id\":\"https:\\\/\\\/skaitytaknyga.lt\\\/produktas\\\/4-valandos-kunui\\\/#breadcrumb\"},\"inLanguage\":\"en-GB\",\"potentialAction\":[{\"@type\":\"ReadAction\",\"target\":[\"https:\\\/\\\/skaitytaknyga.lt\\\/produktas\\\/4-valandos-kunui\\\/\"]}]},{\"@type\":\"ImageObject\",\"inLanguage\":\"en-GB\",\"@id\":\"https:\\\/\\\/skaitytaknyga.lt\\\/produktas\\\/4-valandos-kunui\\\/#primaryimage\",\"url\":\"https:\\\/\\\/skaitytaknyga.lt\\\/wp-content\\\/uploads\\\/2026\\\/04\\\/4-valandos-kunui.webp\",\"contentUrl\":\"https:\\\/\\\/skaitytaknyga.lt\\\/wp-content\\\/uploads\\\/2026\\\/04\\\/4-valandos-kunui.webp\",\"width\":539,\"height\":801,\"caption\":\"4 valandos k\u016bnui\"},{\"@type\":\"BreadcrumbList\",\"@id\":\"https:\\\/\\\/skaitytaknyga.lt\\\/produktas\\\/4-valandos-kunui\\\/#breadcrumb\",\"itemListElement\":[{\"@type\":\"ListItem\",\"position\":1,\"name\":\"Home\",\"item\":\"https:\\\/\\\/skaitytaknyga.lt\\\/\"},{\"@type\":\"ListItem\",\"position\":2,\"name\":\"Parduotuv\u0117\",\"item\":\"https:\\\/\\\/skaitytaknyga.lt\\\/knygu-parduotuve\\\/\"},{\"@type\":\"ListItem\",\"position\":3,\"name\":\"4 valandos k\u016bnui\"}]},{\"@type\":\"WebSite\",\"@id\":\"https:\\\/\\\/skaitytaknyga.lt\\\/#website\",\"url\":\"https:\\\/\\\/skaitytaknyga.lt\\\/\",\"name\":\"skaitytaknyga.lt\",\"description\":\"Skaitytaknyga.lt \u2013 tai ma\u017eas \u0161eimos verslas, kuris prasid\u0117jo nuo meil\u0117s knygoms ir siekio i\u0161gelb\u0117ti knygas nuo likimo prie konteinerio. Kas vienam nereikalingas daiktas \u2013 kitam lobis, o mes esame tarpininkai, kurie padeda abiems tapti laimingesniems ???? \u017dinome kaip nelengva i\u0161gyventi ma\u017eiems verslams, tad nuo \u0161iol, \u010dia rasite ir kit\u0173, ma\u017e\u0173 \u0161eim\u0173 versl\u0173, rank\u0173 darbo, dovan\u0173 sau ir artimiesiems.\",\"publisher\":{\"@id\":\"https:\\\/\\\/skaitytaknyga.lt\\\/#organization\"},\"potentialAction\":[{\"@type\":\"SearchAction\",\"target\":{\"@type\":\"EntryPoint\",\"urlTemplate\":\"https:\\\/\\\/skaitytaknyga.lt\\\/?s={search_term_string}\"},\"query-input\":{\"@type\":\"PropertyValueSpecification\",\"valueRequired\":true,\"valueName\":\"search_term_string\"}}],\"inLanguage\":\"en-GB\"},{\"@type\":\"Organization\",\"@id\":\"https:\\\/\\\/skaitytaknyga.lt\\\/#organization\",\"name\":\"skaitytaknyga.lt\",\"url\":\"https:\\\/\\\/skaitytaknyga.lt\\\/\",\"logo\":{\"@type\":\"ImageObject\",\"inLanguage\":\"en-GB\",\"@id\":\"https:\\\/\\\/skaitytaknyga.lt\\\/#\\\/schema\\\/logo\\\/image\\\/\",\"url\":\"https:\\\/\\\/skaitytaknyga.lt\\\/wp-content\\\/uploads\\\/2024\\\/05\\\/cropped-cropped-cropped-02_00843_jt3bggkj1j3HLc7SyY6rEUpg.jpeg\",\"contentUrl\":\"https:\\\/\\\/skaitytaknyga.lt\\\/wp-content\\\/uploads\\\/2024\\\/05\\\/cropped-cropped-cropped-02_00843_jt3bggkj1j3HLc7SyY6rEUpg.jpeg\",\"width\":1600,\"height\":1600,\"caption\":\"skaitytaknyga.lt\"},\"image\":{\"@id\":\"https:\\\/\\\/skaitytaknyga.lt\\\/#\\\/schema\\\/logo\\\/image\\\/\"},\"sameAs\":[\"https:\\\/\\\/www.facebook.com\\\/skaitytaknyga\\\/\"]}]}<\/script>\n<!-- \/ Yoast SEO plugin. -->","yoast_head_json":{"title":"4 valandos k\u016bnui","description":"JEI NENORITE PASIEKTI GREIT\u0172 REZULTAT\u0172, NESKAITYKITE \u0160IOS KNYGOS Jei norite tikr\u0173 permain\u0173, vadovaukit\u0117s \u201e4 valand\u0173 k\u016bnui\u201c patarimais. Jie leis Jums","robots":{"index":"index","follow":"follow","max-snippet":"max-snippet:-1","max-image-preview":"max-image-preview:large","max-video-preview":"max-video-preview:-1"},"canonical":"https:\/\/skaitytaknyga.lt\/en\/produktas\/4-valandos-kunui\/","og_locale":"en_GB","og_type":"article","og_title":"[:lt]4 valandos k\u016bnui[:] - Skaitytaknyga","og_description":"JEI NENORITE PASIEKTI GREIT\u0172 REZULTAT\u0172, NESKAITYKITE \u0160IOS KNYGOS Jei norite tikr\u0173 permain\u0173, vadovaukit\u0117s \u201e4 valand\u0173 k\u016bnui\u201c patarimais. Jie leis Jums","og_url":"https:\/\/skaitytaknyga.lt\/en\/produktas\/4-valandos-kunui\/","og_site_name":"Skaitytaknyga","article_publisher":"https:\/\/www.facebook.com\/skaitytaknyga\/","article_modified_time":"2026-04-23T08:57:59+00:00","og_image":[{"width":747,"height":496,"url":"https:\/\/skaitytaknyga.lt\/wp-content\/uploads\/2024\/07\/skaitytaknyga.png","type":"image\/png"}],"twitter_card":"summary_large_image","twitter_misc":{"Estimated reading time":"2 minutes"},"schema":{"@context":"https:\/\/schema.org","@graph":[{"@type":"WebPage","@id":"https:\/\/skaitytaknyga.lt\/produktas\/4-valandos-kunui\/","url":"https:\/\/skaitytaknyga.lt\/produktas\/4-valandos-kunui\/","name":"4 valandos k\u016bnui","isPartOf":{"@id":"https:\/\/skaitytaknyga.lt\/#website"},"primaryImageOfPage":{"@id":"https:\/\/skaitytaknyga.lt\/produktas\/4-valandos-kunui\/#primaryimage"},"image":{"@id":"https:\/\/skaitytaknyga.lt\/produktas\/4-valandos-kunui\/#primaryimage"},"thumbnailUrl":"https:\/\/skaitytaknyga.lt\/wp-content\/uploads\/2026\/04\/4-valandos-kunui.webp","datePublished":"2026-04-10T18:06:37+00:00","dateModified":"2026-04-23T08:57:59+00:00","description":"JEI NENORITE PASIEKTI GREIT\u0172 REZULTAT\u0172, NESKAITYKITE \u0160IOS KNYGOS Jei norite tikr\u0173 permain\u0173, vadovaukit\u0117s \u201e4 valand\u0173 k\u016bnui\u201c patarimais. Jie leis Jums","breadcrumb":{"@id":"https:\/\/skaitytaknyga.lt\/produktas\/4-valandos-kunui\/#breadcrumb"},"inLanguage":"en-GB","potentialAction":[{"@type":"ReadAction","target":["https:\/\/skaitytaknyga.lt\/produktas\/4-valandos-kunui\/"]}]},{"@type":"ImageObject","inLanguage":"en-GB","@id":"https:\/\/skaitytaknyga.lt\/produktas\/4-valandos-kunui\/#primaryimage","url":"https:\/\/skaitytaknyga.lt\/wp-content\/uploads\/2026\/04\/4-valandos-kunui.webp","contentUrl":"https:\/\/skaitytaknyga.lt\/wp-content\/uploads\/2026\/04\/4-valandos-kunui.webp","width":539,"height":801,"caption":"4 valandos k\u016bnui"},{"@type":"BreadcrumbList","@id":"https:\/\/skaitytaknyga.lt\/produktas\/4-valandos-kunui\/#breadcrumb","itemListElement":[{"@type":"ListItem","position":1,"name":"Home","item":"https:\/\/skaitytaknyga.lt\/"},{"@type":"ListItem","position":2,"name":"Parduotuv\u0117","item":"https:\/\/skaitytaknyga.lt\/knygu-parduotuve\/"},{"@type":"ListItem","position":3,"name":"4 valandos k\u016bnui"}]},{"@type":"WebSite","@id":"https:\/\/skaitytaknyga.lt\/#website","url":"https:\/\/skaitytaknyga.lt\/","name":"skaitytaknyga.lt","description":"Skaitytaknyga.lt \u2013 tai ma\u017eas \u0161eimos verslas, kuris prasid\u0117jo nuo meil\u0117s knygoms ir siekio i\u0161gelb\u0117ti knygas nuo likimo prie konteinerio. Kas vienam nereikalingas daiktas \u2013 kitam lobis, o mes esame tarpininkai, kurie padeda abiems tapti laimingesniems ???? \u017dinome kaip nelengva i\u0161gyventi ma\u017eiems verslams, tad nuo \u0161iol, \u010dia rasite ir kit\u0173, ma\u017e\u0173 \u0161eim\u0173 versl\u0173, rank\u0173 darbo, dovan\u0173 sau ir artimiesiems.","publisher":{"@id":"https:\/\/skaitytaknyga.lt\/#organization"},"potentialAction":[{"@type":"SearchAction","target":{"@type":"EntryPoint","urlTemplate":"https:\/\/skaitytaknyga.lt\/?s={search_term_string}"},"query-input":{"@type":"PropertyValueSpecification","valueRequired":true,"valueName":"search_term_string"}}],"inLanguage":"en-GB"},{"@type":"Organization","@id":"https:\/\/skaitytaknyga.lt\/#organization","name":"skaitytaknyga.lt","url":"https:\/\/skaitytaknyga.lt\/","logo":{"@type":"ImageObject","inLanguage":"en-GB","@id":"https:\/\/skaitytaknyga.lt\/#\/schema\/logo\/image\/","url":"https:\/\/skaitytaknyga.lt\/wp-content\/uploads\/2024\/05\/cropped-cropped-cropped-02_00843_jt3bggkj1j3HLc7SyY6rEUpg.jpeg","contentUrl":"https:\/\/skaitytaknyga.lt\/wp-content\/uploads\/2024\/05\/cropped-cropped-cropped-02_00843_jt3bggkj1j3HLc7SyY6rEUpg.jpeg","width":1600,"height":1600,"caption":"skaitytaknyga.lt"},"image":{"@id":"https:\/\/skaitytaknyga.lt\/#\/schema\/logo\/image\/"},"sameAs":["https:\/\/www.facebook.com\/skaitytaknyga\/"]}]}},"_links":{"self":[{"href":"https:\/\/skaitytaknyga.lt\/en\/wp-json\/wp\/v2\/product\/25691","targetHints":{"allow":["GET"]}}],"collection":[{"href":"https:\/\/skaitytaknyga.lt\/en\/wp-json\/wp\/v2\/product"}],"about":[{"href":"https:\/\/skaitytaknyga.lt\/en\/wp-json\/wp\/v2\/types\/product"}],"replies":[{"embeddable":true,"href":"https:\/\/skaitytaknyga.lt\/en\/wp-json\/wp\/v2\/comments?post=25691"}],"wp:featuredmedia":[{"embeddable":true,"href":"https:\/\/skaitytaknyga.lt\/en\/wp-json\/wp\/v2\/media\/26350"}],"wp:attachment":[{"href":"https:\/\/skaitytaknyga.lt\/en\/wp-json\/wp\/v2\/media?parent=25691"}],"wp:term":[{"taxonomy":"product_brand","embeddable":true,"href":"https:\/\/skaitytaknyga.lt\/en\/wp-json\/wp\/v2\/product_brand?post=25691"},{"taxonomy":"product_cat","embeddable":true,"href":"https:\/\/skaitytaknyga.lt\/en\/wp-json\/wp\/v2\/product_cat?post=25691"},{"taxonomy":"product_tag","embeddable":true,"href":"https:\/\/skaitytaknyga.lt\/en\/wp-json\/wp\/v2\/product_tag?post=25691"}],"curies":[{"name":"wp","href":"https:\/\/api.w.org\/{rel}","templated":true}]}}