{"id":25689,"date":"2026-04-10T21:06:36","date_gmt":"2026-04-10T18:06:36","guid":{"rendered":"https:\/\/skaitytaknyga.lt\/?post_type=product&#038;p=25689"},"modified":"2026-04-10T21:10:19","modified_gmt":"2026-04-10T18:10:19","slug":"skandalingas-svajoniu-sarasas-buduaro-paslaptys-1-knyga","status":"publish","type":"product","link":"https:\/\/skaitytaknyga.lt\/en\/produktas\/skandalingas-svajoniu-sarasas-buduaro-paslaptys-1-knyga\/","title":{"rendered":"Skandalingas svajoni\u0173 s\u0105ra\u0161as. Buduaro paslaptys. 1 knyga"},"content":{"rendered":"<p>Ledi ner\u016bko cigar\u0173. Nejodin\u0117ja ap\u017eargomis. Nesifechtuoja ir nesikauna dvikovose. Ledi ne\u0161audo pistoletu ir, ginkdie, nekortuoja d\u017eentelmen\u0173 klube.<\/p>\n<p>Ledi Kalpurnija Hartvel visada skrupulingai pais\u0117 taisykli\u0173. Galiausiai liko netek\u0117jusi \u2013 ir gan smarkiai nusivylusi gyvenimu. Vien\u0105 vakar\u0105 ji apsisprend\u017eia: sulau\u017eys visas taisykles ir pasim\u0117gaus taip ilgai geistais malonumais.<\/p>\n<p>Bet tam, kad \u012fgyvendint\u0173 savo u\u017emojus \u2013 pa\u0161okt\u0173 kiekvien\u0105 pokylio \u0161ok\u012f, pasibu\u010diuot\u0173 m\u0117nesienoje \u2013 Kelei reikia paslaugaus partnerio. Patyrusio taisykli\u0173 lau\u017eytojo. Pana\u0161aus \u012f Gabriel\u012f Sent D\u017eon\u0105, Rolstono markiz\u0105 \u2013 stulbinamai \u017eav\u0173 plev\u0117s\u0105, kurio beg\u0117di\u0161kai reputacijai prilygsta tik jo nuod\u0117minga \u0161ypsena.<\/p>\n<p>Kel\u0117 turi b\u016bti itin apdairi, antraip sulau\u017eys pa\u010di\u0105 svarbiausi\u0105 taisykl\u0119: malonum\u0173 ie\u0161kotojams \u0161iuk\u0161tu nevalia kar\u0161tai, bevilti\u0161kai \u012fsimyl\u0117ti.<\/p>\n<p>Velnioni\u0161kai smagus debiutinis S. Maclean romanas. Subtilaus s\u0105mojo prisodrintas, juslingumu persunktas, patraukli\u0173 veik\u0117j\u0173 nuotykiais d\u017eiuginantis pasakojimas \u2013 vienas malonumas skaityti!<\/p>\n","protected":false},"excerpt":{"rendered":"<p>Ledi ner\u016bko cigar\u0173. Nejodin\u0117ja ap\u017eargomis. Nesifechtuoja ir nesikauna dvikovose. Ledi ne\u0161audo pistoletu ir, ginkdie, nekortuoja d\u017eentelmen\u0173 klube. Ledi Kalpurnija Hartvel visada skrupulingai pais\u0117 taisykli\u0173. Galiausiai liko netek\u0117jusi \u2013 ir gan smarkiai nusivylusi gyvenimu. Vien\u0105 vakar\u0105 ji apsisprend\u017eia: sulau\u017eys visas taisykles ir pasim\u0117gaus taip ilgai geistais malonumais. Bet tam, kad \u012fgyvendint\u0173 savo u\u017emojus \u2013 pa\u0161okt\u0173 kiekvien\u0105 pokylio \u0161ok\u012f, pasibu\u010diuot\u0173 m\u0117nesienoje \u2013 Kelei reikia paslaugaus partnerio. Patyrusio taisykli\u0173 lau\u017eytojo. Pana\u0161aus \u012f Gabriel\u012f Sent D\u017eon\u0105, Rolstono markiz\u0105 \u2013 stulbinamai \u017eav\u0173 plev\u0117s\u0105, kurio beg\u0117di\u0161kai reputacijai prilygsta tik jo nuod\u0117minga \u0161ypsena. Kel\u0117 turi b\u016bti itin apdairi, antraip sulau\u017eys pa\u010di\u0105 svarbiausi\u0105 taisykl\u0119: malonum\u0173 ie\u0161kotojams \u0161iuk\u0161tu nevalia kar\u0161tai, bevilti\u0161kai \u012fsimyl\u0117ti. Velnioni\u0161kai smagus debiutinis S. Maclean romanas. Subtilaus s\u0105mojo prisodrintas, juslingumu persunktas, patraukli\u0173 veik\u0117j\u0173 nuotykiais d\u017eiuginantis pasakojimas \u2013 vienas malonumas skaityti!<\/p>\n","protected":false},"featured_media":25693,"comment_status":"open","ping_status":"closed","template":"","meta":{"_acf_changed":false,"site-sidebar-layout":"default","site-content-layout":"","ast-site-content-layout":"default","site-content-style":"default","site-sidebar-style":"default","ast-global-header-display":"","ast-banner-title-visibility":"","ast-main-header-display":"","ast-hfb-above-header-display":"","ast-hfb-below-header-display":"","ast-hfb-mobile-header-display":"","site-post-title":"","ast-breadcrumbs-content":"","ast-featured-img":"","footer-sml-layout":"","ast-disable-related-posts":"","theme-transparent-header-meta":"","adv-header-id-meta":"","stick-header-meta":"","header-above-stick-meta":"","header-main-stick-meta":"","header-below-stick-meta":"","astra-migrate-meta-layouts":"default","ast-page-background-enabled":"default","ast-page-background-meta":{"desktop":{"background-color":"","background-image":"","background-repeat":"repeat","background-position":"center center","background-size":"auto","background-attachment":"scroll","background-type":"","background-media":"","overlay-type":"","overlay-color":"","overlay-opacity":"","overlay-gradient":""},"tablet":{"background-color":"","background-image":"","background-repeat":"repeat","background-position":"center center","background-size":"auto","background-attachment":"scroll","background-type":"","background-media":"","overlay-type":"","overlay-color":"","overlay-opacity":"","overlay-gradient":""},"mobile":{"background-color":"","background-image":"","background-repeat":"repeat","background-position":"center center","background-size":"auto","background-attachment":"scroll","background-type":"","background-media":"","overlay-type":"","overlay-color":"","overlay-opacity":"","overlay-gradient":""}},"ast-content-background-meta":{"desktop":{"background-color":"var(--ast-global-color-4)","background-image":"","background-repeat":"repeat","background-position":"center center","background-size":"auto","background-attachment":"scroll","background-type":"","background-media":"","overlay-type":"","overlay-color":"","overlay-opacity":"","overlay-gradient":""},"tablet":{"background-color":"var(--ast-global-color-4)","background-image":"","background-repeat":"repeat","background-position":"center center","background-size":"auto","background-attachment":"scroll","background-type":"","background-media":"","overlay-type":"","overlay-color":"","overlay-opacity":"","overlay-gradient":""},"mobile":{"background-color":"var(--ast-global-color-4)","background-image":"","background-repeat":"repeat","background-position":"center center","background-size":"auto","background-attachment":"scroll","background-type":"","background-media":"","overlay-type":"","overlay-color":"","overlay-opacity":"","overlay-gradient":""}}},"product_brand":[],"product_cat":[9618,9579],"product_tag":[],"class_list":{"0":"post-25689","1":"product","2":"type-product","3":"status-publish","4":"has-post-thumbnail","6":"product_cat-istoriniai-romanai","7":"product_cat-meiles-romanai","8":"desktop-align-left","9":"tablet-align-left","10":"mobile-align-left","12":"first","13":"instock","14":"shipping-taxable","15":"purchasable","16":"product-type-simple"},"acf":[],"yoast_head":"<!-- This site is optimized with the Yoast SEO plugin v27.0 - https:\/\/yoast.com\/product\/yoast-seo-wordpress\/ -->\n<title>Skandalingas svajoni\u0173 s\u0105ra\u0161as. Buduaro paslaptys. 1 knyga<\/title>\n<meta name=\"description\" content=\"Ledi ner\u016bko cigar\u0173. Nejodin\u0117ja ap\u017eargomis. Nesifechtuoja ir nesikauna dvikovose. Ledi ne\u0161audo pistoletu ir, ginkdie, nekortuoja d\u017eentelmen\u0173 klube. Ledi\" \/>\n<meta name=\"robots\" content=\"index, follow, max-snippet:-1, max-image-preview:large, max-video-preview:-1\" \/>\n<link rel=\"canonical\" href=\"https:\/\/skaitytaknyga.lt\/en\/produktas\/skandalingas-svajoniu-sarasas-buduaro-paslaptys-1-knyga\/\" \/>\n<meta property=\"og:locale\" content=\"en_GB\" \/>\n<meta property=\"og:locale:alternate\" content=\"lt_LT\" \/>\n<meta property=\"og:type\" content=\"article\" \/>\n<meta property=\"og:title\" content=\"Skandalingas svajoni\u0173 s\u0105ra\u0161as. Buduaro paslaptys. 1 knyga\" \/>\n<meta property=\"og:description\" content=\"Ledi ner\u016bko cigar\u0173. Nejodin\u0117ja ap\u017eargomis. Nesifechtuoja ir nesikauna dvikovose. Ledi ne\u0161audo pistoletu ir, ginkdie, nekortuoja d\u017eentelmen\u0173 klube. Ledi\" \/>\n<meta property=\"og:url\" content=\"https:\/\/skaitytaknyga.lt\/en\/produktas\/skandalingas-svajoniu-sarasas-buduaro-paslaptys-1-knyga\/\" \/>\n<meta property=\"og:site_name\" content=\"Skaitytaknyga\" \/>\n<meta property=\"article:publisher\" content=\"https:\/\/www.facebook.com\/skaitytaknyga\/\" \/>\n<meta property=\"article:modified_time\" content=\"2026-04-10T18:10:19+00:00\" \/>\n<meta property=\"og:image\" content=\"https:\/\/skaitytaknyga.lt\/wp-content\/uploads\/2024\/07\/skaitytaknyga.png\" \/>\n\t<meta property=\"og:image:width\" content=\"747\" \/>\n\t<meta property=\"og:image:height\" content=\"496\" \/>\n\t<meta property=\"og:image:type\" content=\"image\/png\" \/>\n<meta name=\"twitter:card\" content=\"summary_large_image\" \/>\n<meta name=\"twitter:label1\" content=\"Estimated reading time\" \/>\n\t<meta name=\"twitter:data1\" content=\"1 minute\" \/>\n<script type=\"application\/ld+json\" class=\"yoast-schema-graph\">{\"@context\":\"https:\/\/schema.org\",\"@graph\":[{\"@type\":\"WebPage\",\"@id\":\"https:\/\/skaitytaknyga.lt\/produktas\/skandalingas-svajoniu-sarasas-buduaro-paslaptys-1-knyga\/\",\"url\":\"https:\/\/skaitytaknyga.lt\/produktas\/skandalingas-svajoniu-sarasas-buduaro-paslaptys-1-knyga\/\",\"name\":\"Skandalingas svajoni\u0173 s\u0105ra\u0161as. Buduaro paslaptys. 1 knyga\",\"isPartOf\":{\"@id\":\"https:\/\/skaitytaknyga.lt\/#website\"},\"primaryImageOfPage\":{\"@id\":\"https:\/\/skaitytaknyga.lt\/produktas\/skandalingas-svajoniu-sarasas-buduaro-paslaptys-1-knyga\/#primaryimage\"},\"image\":{\"@id\":\"https:\/\/skaitytaknyga.lt\/produktas\/skandalingas-svajoniu-sarasas-buduaro-paslaptys-1-knyga\/#primaryimage\"},\"thumbnailUrl\":\"https:\/\/skaitytaknyga.lt\/wp-content\/uploads\/2026\/04\/Skandalingas-svajoniu-sarasas.-Buduaro-paslaptys.-1-knyga-e1775844535123.webp\",\"datePublished\":\"2026-04-10T18:06:36+00:00\",\"dateModified\":\"2026-04-10T18:10:19+00:00\",\"description\":\"Ledi ner\u016bko cigar\u0173. Nejodin\u0117ja ap\u017eargomis. Nesifechtuoja ir nesikauna dvikovose. Ledi ne\u0161audo pistoletu ir, ginkdie, nekortuoja d\u017eentelmen\u0173 klube. Ledi\",\"breadcrumb\":{\"@id\":\"https:\/\/skaitytaknyga.lt\/produktas\/skandalingas-svajoniu-sarasas-buduaro-paslaptys-1-knyga\/#breadcrumb\"},\"inLanguage\":\"en-GB\",\"potentialAction\":[{\"@type\":\"ReadAction\",\"target\":[\"https:\/\/skaitytaknyga.lt\/produktas\/skandalingas-svajoniu-sarasas-buduaro-paslaptys-1-knyga\/\"]}]},{\"@type\":\"ImageObject\",\"inLanguage\":\"en-GB\",\"@id\":\"https:\/\/skaitytaknyga.lt\/produktas\/skandalingas-svajoniu-sarasas-buduaro-paslaptys-1-knyga\/#primaryimage\",\"url\":\"https:\/\/skaitytaknyga.lt\/wp-content\/uploads\/2026\/04\/Skandalingas-svajoniu-sarasas.-Buduaro-paslaptys.-1-knyga-e1775844535123.webp\",\"contentUrl\":\"https:\/\/skaitytaknyga.lt\/wp-content\/uploads\/2026\/04\/Skandalingas-svajoniu-sarasas.-Buduaro-paslaptys.-1-knyga-e1775844535123.webp\",\"width\":265,\"height\":413,\"caption\":\"Skandalingas svajoni\u0173 s\u0105ra\u0161as. Buduaro paslaptys. 1 knyga\"},{\"@type\":\"BreadcrumbList\",\"@id\":\"https:\/\/skaitytaknyga.lt\/produktas\/skandalingas-svajoniu-sarasas-buduaro-paslaptys-1-knyga\/#breadcrumb\",\"itemListElement\":[{\"@type\":\"ListItem\",\"position\":1,\"name\":\"Home\",\"item\":\"https:\/\/skaitytaknyga.lt\/\"},{\"@type\":\"ListItem\",\"position\":2,\"name\":\"Parduotuv\u0117\",\"item\":\"https:\/\/skaitytaknyga.lt\/knygu-parduotuve\/\"},{\"@type\":\"ListItem\",\"position\":3,\"name\":\"Skandalingas svajoni\u0173 s\u0105ra\u0161as. Buduaro paslaptys. 1 knyga\"}]},{\"@type\":\"WebSite\",\"@id\":\"https:\/\/skaitytaknyga.lt\/#website\",\"url\":\"https:\/\/skaitytaknyga.lt\/\",\"name\":\"skaitytaknyga.lt\",\"description\":\"Skaitytaknyga.lt \u2013 tai ma\u017eas \u0161eimos verslas, kuris prasid\u0117jo nuo meil\u0117s knygoms ir siekio i\u0161gelb\u0117ti knygas nuo likimo prie konteinerio. Kas vienam nereikalingas daiktas \u2013 kitam lobis, o mes esame tarpininkai, kurie padeda abiems tapti laimingesniems ???? \u017dinome kaip nelengva i\u0161gyventi ma\u017eiems verslams, tad nuo \u0161iol, \u010dia rasite ir kit\u0173, ma\u017e\u0173 \u0161eim\u0173 versl\u0173, rank\u0173 darbo, dovan\u0173 sau ir artimiesiems.\",\"publisher\":{\"@id\":\"https:\/\/skaitytaknyga.lt\/#organization\"},\"potentialAction\":[{\"@type\":\"SearchAction\",\"target\":{\"@type\":\"EntryPoint\",\"urlTemplate\":\"https:\/\/skaitytaknyga.lt\/?s={search_term_string}\"},\"query-input\":{\"@type\":\"PropertyValueSpecification\",\"valueRequired\":true,\"valueName\":\"search_term_string\"}}],\"inLanguage\":\"en-GB\"},{\"@type\":\"Organization\",\"@id\":\"https:\/\/skaitytaknyga.lt\/#organization\",\"name\":\"skaitytaknyga.lt\",\"url\":\"https:\/\/skaitytaknyga.lt\/\",\"logo\":{\"@type\":\"ImageObject\",\"inLanguage\":\"en-GB\",\"@id\":\"https:\/\/skaitytaknyga.lt\/#\/schema\/logo\/image\/\",\"url\":\"https:\/\/skaitytaknyga.lt\/wp-content\/uploads\/2024\/05\/cropped-cropped-cropped-02_00843_jt3bggkj1j3HLc7SyY6rEUpg.jpeg\",\"contentUrl\":\"https:\/\/skaitytaknyga.lt\/wp-content\/uploads\/2024\/05\/cropped-cropped-cropped-02_00843_jt3bggkj1j3HLc7SyY6rEUpg.jpeg\",\"width\":1600,\"height\":1600,\"caption\":\"skaitytaknyga.lt\"},\"image\":{\"@id\":\"https:\/\/skaitytaknyga.lt\/#\/schema\/logo\/image\/\"},\"sameAs\":[\"https:\/\/www.facebook.com\/skaitytaknyga\/\"]}]}<\/script>\n<!-- \/ Yoast SEO plugin. -->","yoast_head_json":{"title":"Skandalingas svajoni\u0173 s\u0105ra\u0161as. Buduaro paslaptys. 1 knyga","description":"Ledi ner\u016bko cigar\u0173. Nejodin\u0117ja ap\u017eargomis. Nesifechtuoja ir nesikauna dvikovose. Ledi ne\u0161audo pistoletu ir, ginkdie, nekortuoja d\u017eentelmen\u0173 klube. Ledi","robots":{"index":"index","follow":"follow","max-snippet":"max-snippet:-1","max-image-preview":"max-image-preview:large","max-video-preview":"max-video-preview:-1"},"canonical":"https:\/\/skaitytaknyga.lt\/en\/produktas\/skandalingas-svajoniu-sarasas-buduaro-paslaptys-1-knyga\/","og_locale":"en_GB","og_type":"article","og_title":"[:lt]Skandalingas svajoni\u0173 s\u0105ra\u0161as. Buduaro paslaptys. 1 knyga[:] - Skaitytaknyga","og_description":"Ledi ner\u016bko cigar\u0173. Nejodin\u0117ja ap\u017eargomis. Nesifechtuoja ir nesikauna dvikovose. Ledi ne\u0161audo pistoletu ir, ginkdie, nekortuoja d\u017eentelmen\u0173 klube. Ledi","og_url":"https:\/\/skaitytaknyga.lt\/en\/produktas\/skandalingas-svajoniu-sarasas-buduaro-paslaptys-1-knyga\/","og_site_name":"Skaitytaknyga","article_publisher":"https:\/\/www.facebook.com\/skaitytaknyga\/","article_modified_time":"2026-04-10T18:10:19+00:00","og_image":[{"width":747,"height":496,"url":"https:\/\/skaitytaknyga.lt\/wp-content\/uploads\/2024\/07\/skaitytaknyga.png","type":"image\/png"}],"twitter_card":"summary_large_image","twitter_misc":{"Estimated reading time":"1 minute"},"schema":{"@context":"https:\/\/schema.org","@graph":[{"@type":"WebPage","@id":"https:\/\/skaitytaknyga.lt\/produktas\/skandalingas-svajoniu-sarasas-buduaro-paslaptys-1-knyga\/","url":"https:\/\/skaitytaknyga.lt\/produktas\/skandalingas-svajoniu-sarasas-buduaro-paslaptys-1-knyga\/","name":"Skandalingas svajoni\u0173 s\u0105ra\u0161as. Buduaro paslaptys. 1 knyga","isPartOf":{"@id":"https:\/\/skaitytaknyga.lt\/#website"},"primaryImageOfPage":{"@id":"https:\/\/skaitytaknyga.lt\/produktas\/skandalingas-svajoniu-sarasas-buduaro-paslaptys-1-knyga\/#primaryimage"},"image":{"@id":"https:\/\/skaitytaknyga.lt\/produktas\/skandalingas-svajoniu-sarasas-buduaro-paslaptys-1-knyga\/#primaryimage"},"thumbnailUrl":"https:\/\/skaitytaknyga.lt\/wp-content\/uploads\/2026\/04\/Skandalingas-svajoniu-sarasas.-Buduaro-paslaptys.-1-knyga-e1775844535123.webp","datePublished":"2026-04-10T18:06:36+00:00","dateModified":"2026-04-10T18:10:19+00:00","description":"Ledi ner\u016bko cigar\u0173. Nejodin\u0117ja ap\u017eargomis. Nesifechtuoja ir nesikauna dvikovose. Ledi ne\u0161audo pistoletu ir, ginkdie, nekortuoja d\u017eentelmen\u0173 klube. Ledi","breadcrumb":{"@id":"https:\/\/skaitytaknyga.lt\/produktas\/skandalingas-svajoniu-sarasas-buduaro-paslaptys-1-knyga\/#breadcrumb"},"inLanguage":"en-GB","potentialAction":[{"@type":"ReadAction","target":["https:\/\/skaitytaknyga.lt\/produktas\/skandalingas-svajoniu-sarasas-buduaro-paslaptys-1-knyga\/"]}]},{"@type":"ImageObject","inLanguage":"en-GB","@id":"https:\/\/skaitytaknyga.lt\/produktas\/skandalingas-svajoniu-sarasas-buduaro-paslaptys-1-knyga\/#primaryimage","url":"https:\/\/skaitytaknyga.lt\/wp-content\/uploads\/2026\/04\/Skandalingas-svajoniu-sarasas.-Buduaro-paslaptys.-1-knyga-e1775844535123.webp","contentUrl":"https:\/\/skaitytaknyga.lt\/wp-content\/uploads\/2026\/04\/Skandalingas-svajoniu-sarasas.-Buduaro-paslaptys.-1-knyga-e1775844535123.webp","width":265,"height":413,"caption":"Skandalingas svajoni\u0173 s\u0105ra\u0161as. Buduaro paslaptys. 1 knyga"},{"@type":"BreadcrumbList","@id":"https:\/\/skaitytaknyga.lt\/produktas\/skandalingas-svajoniu-sarasas-buduaro-paslaptys-1-knyga\/#breadcrumb","itemListElement":[{"@type":"ListItem","position":1,"name":"Home","item":"https:\/\/skaitytaknyga.lt\/"},{"@type":"ListItem","position":2,"name":"Parduotuv\u0117","item":"https:\/\/skaitytaknyga.lt\/knygu-parduotuve\/"},{"@type":"ListItem","position":3,"name":"Skandalingas svajoni\u0173 s\u0105ra\u0161as. Buduaro paslaptys. 1 knyga"}]},{"@type":"WebSite","@id":"https:\/\/skaitytaknyga.lt\/#website","url":"https:\/\/skaitytaknyga.lt\/","name":"skaitytaknyga.lt","description":"Skaitytaknyga.lt \u2013 tai ma\u017eas \u0161eimos verslas, kuris prasid\u0117jo nuo meil\u0117s knygoms ir siekio i\u0161gelb\u0117ti knygas nuo likimo prie konteinerio. Kas vienam nereikalingas daiktas \u2013 kitam lobis, o mes esame tarpininkai, kurie padeda abiems tapti laimingesniems ???? \u017dinome kaip nelengva i\u0161gyventi ma\u017eiems verslams, tad nuo \u0161iol, \u010dia rasite ir kit\u0173, ma\u017e\u0173 \u0161eim\u0173 versl\u0173, rank\u0173 darbo, dovan\u0173 sau ir artimiesiems.","publisher":{"@id":"https:\/\/skaitytaknyga.lt\/#organization"},"potentialAction":[{"@type":"SearchAction","target":{"@type":"EntryPoint","urlTemplate":"https:\/\/skaitytaknyga.lt\/?s={search_term_string}"},"query-input":{"@type":"PropertyValueSpecification","valueRequired":true,"valueName":"search_term_string"}}],"inLanguage":"en-GB"},{"@type":"Organization","@id":"https:\/\/skaitytaknyga.lt\/#organization","name":"skaitytaknyga.lt","url":"https:\/\/skaitytaknyga.lt\/","logo":{"@type":"ImageObject","inLanguage":"en-GB","@id":"https:\/\/skaitytaknyga.lt\/#\/schema\/logo\/image\/","url":"https:\/\/skaitytaknyga.lt\/wp-content\/uploads\/2024\/05\/cropped-cropped-cropped-02_00843_jt3bggkj1j3HLc7SyY6rEUpg.jpeg","contentUrl":"https:\/\/skaitytaknyga.lt\/wp-content\/uploads\/2024\/05\/cropped-cropped-cropped-02_00843_jt3bggkj1j3HLc7SyY6rEUpg.jpeg","width":1600,"height":1600,"caption":"skaitytaknyga.lt"},"image":{"@id":"https:\/\/skaitytaknyga.lt\/#\/schema\/logo\/image\/"},"sameAs":["https:\/\/www.facebook.com\/skaitytaknyga\/"]}]}},"_links":{"self":[{"href":"https:\/\/skaitytaknyga.lt\/en\/wp-json\/wp\/v2\/product\/25689","targetHints":{"allow":["GET"]}}],"collection":[{"href":"https:\/\/skaitytaknyga.lt\/en\/wp-json\/wp\/v2\/product"}],"about":[{"href":"https:\/\/skaitytaknyga.lt\/en\/wp-json\/wp\/v2\/types\/product"}],"replies":[{"embeddable":true,"href":"https:\/\/skaitytaknyga.lt\/en\/wp-json\/wp\/v2\/comments?post=25689"}],"wp:featuredmedia":[{"embeddable":true,"href":"https:\/\/skaitytaknyga.lt\/en\/wp-json\/wp\/v2\/media\/25693"}],"wp:attachment":[{"href":"https:\/\/skaitytaknyga.lt\/en\/wp-json\/wp\/v2\/media?parent=25689"}],"wp:term":[{"taxonomy":"product_brand","embeddable":true,"href":"https:\/\/skaitytaknyga.lt\/en\/wp-json\/wp\/v2\/product_brand?post=25689"},{"taxonomy":"product_cat","embeddable":true,"href":"https:\/\/skaitytaknyga.lt\/en\/wp-json\/wp\/v2\/product_cat?post=25689"},{"taxonomy":"product_tag","embeddable":true,"href":"https:\/\/skaitytaknyga.lt\/en\/wp-json\/wp\/v2\/product_tag?post=25689"}],"curies":[{"name":"wp","href":"https:\/\/api.w.org\/{rel}","templated":true}]}}