{"id":25688,"date":"2026-04-10T21:06:36","date_gmt":"2026-04-10T18:06:36","guid":{"rendered":"https:\/\/skaitytaknyga.lt\/?post_type=product&#038;p=25688"},"modified":"2026-04-10T21:10:04","modified_gmt":"2026-04-10T18:10:04","slug":"skandalingas-issukis-buduaro-paslaptys-3-knyga","status":"publish","type":"product","link":"https:\/\/skaitytaknyga.lt\/en\/produktas\/skandalingas-issukis-buduaro-paslaptys-3-knyga\/","title":{"rendered":"Skandalingas i\u0161\u0161\u016bkis. Buduaro paslaptys. 3 knyga"},"content":{"rendered":"<p>Ne\u017einia, kur gali nuvesti skandalas&#8230;<\/p>\n<p>Ji gyvena aistringai.<\/p>\n<p>Dr\u0105si, impulsyvi, b\u0117das it magnetas traukianti D\u017eulijana Fjori n\u0117 per nago juodym\u0105 nepana\u0161i \u012f maniering\u0105 damut\u0119. Ji n\u0117 nemano pakl\u016bsti visuomen\u0117s taisykl\u0117ms: kalba, k\u0105 galvoja, nepaiso auk\u0161tuomen\u0117s nuomon\u0117s, o prireikus taikliai sm\u016bgiuoja kum\u0161\u010diu. Skandalinga prigimtis paver\u010dia D\u017eulijan\u0105 did\u017eiausi\u0173 miesto lie\u017euvautoj\u0173 apkalb\u0173 objektu&#8230; ir mergina, kurios hercogas Leitonas vengia kaip ugnies.<\/p>\n<p>Jo reputacija nepriekai\u0161tinga.<\/p>\n<p>Tobulai sustyguotame Saimono Pirsono gyvenime vietos skandalams n\u0117ra. Hercogas Pasip\u016bt\u0117lis i\u0161 paskutini\u0173j\u0173 stengiasi nusl\u0117pti savo paslaptis ir i\u0161saugoti nepriekai\u0161ting\u0105 reputacij\u0105. Vien\u0105 vakar\u0105 savo karietoje aptik\u0119s D\u017eulijan\u0105, kuri kelia gr\u0117sm\u0119 viskam, kas jam brangu, prisiekia pamokyti nutr\u016bktgalv\u0119 gra\u017euol\u0119 padorumo.<\/p>\n<p>Ta\u010diau D\u017eulijana Fjori turi kitoki\u0173 plan\u0173. Ji pasi\u0161auna per dvi savaites \u012frodyti, kad net ir \u0161alta\u0161irdis hercogas ne\u012fstengia atsispirti aistrai.<\/p>\n","protected":false},"excerpt":{"rendered":"<p>Ne\u017einia, kur gali nuvesti skandalas&#8230; Ji gyvena aistringai. Dr\u0105si, impulsyvi, b\u0117das it magnetas traukianti D\u017eulijana Fjori n\u0117 per nago juodym\u0105 nepana\u0161i \u012f maniering\u0105 damut\u0119. Ji n\u0117 nemano pakl\u016bsti visuomen\u0117s taisykl\u0117ms: kalba, k\u0105 galvoja, nepaiso auk\u0161tuomen\u0117s nuomon\u0117s, o prireikus taikliai sm\u016bgiuoja kum\u0161\u010diu. Skandalinga prigimtis paver\u010dia D\u017eulijan\u0105 did\u017eiausi\u0173 miesto lie\u017euvautoj\u0173 apkalb\u0173 objektu&#8230; ir mergina, kurios hercogas Leitonas vengia kaip ugnies. Jo reputacija nepriekai\u0161tinga. Tobulai sustyguotame Saimono Pirsono gyvenime vietos skandalams n\u0117ra. Hercogas Pasip\u016bt\u0117lis i\u0161 paskutini\u0173j\u0173 stengiasi nusl\u0117pti savo paslaptis ir i\u0161saugoti nepriekai\u0161ting\u0105 reputacij\u0105. Vien\u0105 vakar\u0105 savo karietoje aptik\u0119s D\u017eulijan\u0105, kuri kelia gr\u0117sm\u0119 viskam, kas jam brangu, prisiekia pamokyti nutr\u016bktgalv\u0119 gra\u017euol\u0119 padorumo. Ta\u010diau D\u017eulijana Fjori turi kitoki\u0173 plan\u0173. Ji pasi\u0161auna per dvi savaites \u012frodyti, kad net ir \u0161alta\u0161irdis hercogas ne\u012fstengia atsispirti aistrai.<\/p>\n","protected":false},"featured_media":25692,"comment_status":"open","ping_status":"closed","template":"","meta":{"_acf_changed":false,"site-sidebar-layout":"default","site-content-layout":"","ast-site-content-layout":"default","site-content-style":"default","site-sidebar-style":"default","ast-global-header-display":"","ast-banner-title-visibility":"","ast-main-header-display":"","ast-hfb-above-header-display":"","ast-hfb-below-header-display":"","ast-hfb-mobile-header-display":"","site-post-title":"","ast-breadcrumbs-content":"","ast-featured-img":"","footer-sml-layout":"","ast-disable-related-posts":"","theme-transparent-header-meta":"","adv-header-id-meta":"","stick-header-meta":"","header-above-stick-meta":"","header-main-stick-meta":"","header-below-stick-meta":"","astra-migrate-meta-layouts":"default","ast-page-background-enabled":"default","ast-page-background-meta":{"desktop":{"background-color":"","background-image":"","background-repeat":"repeat","background-position":"center center","background-size":"auto","background-attachment":"scroll","background-type":"","background-media":"","overlay-type":"","overlay-color":"","overlay-opacity":"","overlay-gradient":""},"tablet":{"background-color":"","background-image":"","background-repeat":"repeat","background-position":"center center","background-size":"auto","background-attachment":"scroll","background-type":"","background-media":"","overlay-type":"","overlay-color":"","overlay-opacity":"","overlay-gradient":""},"mobile":{"background-color":"","background-image":"","background-repeat":"repeat","background-position":"center center","background-size":"auto","background-attachment":"scroll","background-type":"","background-media":"","overlay-type":"","overlay-color":"","overlay-opacity":"","overlay-gradient":""}},"ast-content-background-meta":{"desktop":{"background-color":"var(--ast-global-color-4)","background-image":"","background-repeat":"repeat","background-position":"center center","background-size":"auto","background-attachment":"scroll","background-type":"","background-media":"","overlay-type":"","overlay-color":"","overlay-opacity":"","overlay-gradient":""},"tablet":{"background-color":"var(--ast-global-color-4)","background-image":"","background-repeat":"repeat","background-position":"center center","background-size":"auto","background-attachment":"scroll","background-type":"","background-media":"","overlay-type":"","overlay-color":"","overlay-opacity":"","overlay-gradient":""},"mobile":{"background-color":"var(--ast-global-color-4)","background-image":"","background-repeat":"repeat","background-position":"center center","background-size":"auto","background-attachment":"scroll","background-type":"","background-media":"","overlay-type":"","overlay-color":"","overlay-opacity":"","overlay-gradient":""}}},"product_brand":[],"product_cat":[9618,9579],"product_tag":[],"class_list":{"0":"post-25688","1":"product","2":"type-product","3":"status-publish","4":"has-post-thumbnail","6":"product_cat-istoriniai-romanai","7":"product_cat-meiles-romanai","8":"desktop-align-left","9":"tablet-align-left","10":"mobile-align-left","12":"first","13":"instock","14":"shipping-taxable","15":"purchasable","16":"product-type-simple"},"acf":[],"yoast_head":"<!-- This site is optimized with the Yoast SEO plugin v27.0 - https:\/\/yoast.com\/product\/yoast-seo-wordpress\/ -->\n<title>Skandalingas i\u0161\u0161\u016bkis. Buduaro paslaptys. 3 knyga<\/title>\n<meta name=\"description\" content=\"Ne\u017einia, kur gali nuvesti skandalas... Ji gyvena aistringai. Dr\u0105si, impulsyvi, b\u0117das it magnetas traukianti D\u017eulijana Fjori n\u0117 per nago juodym\u0105 nepana\u0161i \u012f\" \/>\n<meta name=\"robots\" content=\"index, follow, max-snippet:-1, max-image-preview:large, max-video-preview:-1\" \/>\n<link rel=\"canonical\" href=\"https:\/\/skaitytaknyga.lt\/en\/produktas\/skandalingas-issukis-buduaro-paslaptys-3-knyga\/\" \/>\n<meta property=\"og:locale\" content=\"en_GB\" \/>\n<meta property=\"og:locale:alternate\" content=\"lt_LT\" \/>\n<meta property=\"og:type\" content=\"article\" \/>\n<meta property=\"og:title\" content=\"Skandalingas i\u0161\u0161\u016bkis. Buduaro paslaptys. 3 knyga\" \/>\n<meta property=\"og:description\" content=\"Ne\u017einia, kur gali nuvesti skandalas... Ji gyvena aistringai. Dr\u0105si, impulsyvi, b\u0117das it magnetas traukianti D\u017eulijana Fjori n\u0117 per nago juodym\u0105 nepana\u0161i \u012f\" \/>\n<meta property=\"og:url\" content=\"https:\/\/skaitytaknyga.lt\/en\/produktas\/skandalingas-issukis-buduaro-paslaptys-3-knyga\/\" \/>\n<meta property=\"og:site_name\" content=\"Skaitytaknyga\" \/>\n<meta property=\"article:publisher\" content=\"https:\/\/www.facebook.com\/skaitytaknyga\/\" \/>\n<meta property=\"article:modified_time\" content=\"2026-04-10T18:10:04+00:00\" \/>\n<meta property=\"og:image\" content=\"https:\/\/skaitytaknyga.lt\/wp-content\/uploads\/2026\/04\/Skandalingas-issukis.-Buduaro-paslaptys.-3-knyga.webp\" \/>\n\t<meta property=\"og:image:width\" content=\"549\" \/>\n\t<meta property=\"og:image:height\" content=\"800\" \/>\n\t<meta property=\"og:image:type\" content=\"image\/webp\" \/>\n<meta name=\"twitter:card\" content=\"summary_large_image\" \/>\n<meta name=\"twitter:label1\" content=\"Estimated reading time\" \/>\n\t<meta name=\"twitter:data1\" content=\"1 minute\" \/>\n<script type=\"application\/ld+json\" class=\"yoast-schema-graph\">{\"@context\":\"https:\/\/schema.org\",\"@graph\":[{\"@type\":\"WebPage\",\"@id\":\"https:\/\/skaitytaknyga.lt\/produktas\/skandalingas-issukis-buduaro-paslaptys-3-knyga\/\",\"url\":\"https:\/\/skaitytaknyga.lt\/produktas\/skandalingas-issukis-buduaro-paslaptys-3-knyga\/\",\"name\":\"Skandalingas i\u0161\u0161\u016bkis. Buduaro paslaptys. 3 knyga\",\"isPartOf\":{\"@id\":\"https:\/\/skaitytaknyga.lt\/#website\"},\"primaryImageOfPage\":{\"@id\":\"https:\/\/skaitytaknyga.lt\/produktas\/skandalingas-issukis-buduaro-paslaptys-3-knyga\/#primaryimage\"},\"image\":{\"@id\":\"https:\/\/skaitytaknyga.lt\/produktas\/skandalingas-issukis-buduaro-paslaptys-3-knyga\/#primaryimage\"},\"thumbnailUrl\":\"https:\/\/skaitytaknyga.lt\/wp-content\/uploads\/2026\/04\/Skandalingas-issukis.-Buduaro-paslaptys.-3-knyga.webp\",\"datePublished\":\"2026-04-10T18:06:36+00:00\",\"dateModified\":\"2026-04-10T18:10:04+00:00\",\"description\":\"Ne\u017einia, kur gali nuvesti skandalas... Ji gyvena aistringai. Dr\u0105si, impulsyvi, b\u0117das it magnetas traukianti D\u017eulijana Fjori n\u0117 per nago juodym\u0105 nepana\u0161i \u012f\",\"breadcrumb\":{\"@id\":\"https:\/\/skaitytaknyga.lt\/produktas\/skandalingas-issukis-buduaro-paslaptys-3-knyga\/#breadcrumb\"},\"inLanguage\":\"en-GB\",\"potentialAction\":[{\"@type\":\"ReadAction\",\"target\":[\"https:\/\/skaitytaknyga.lt\/produktas\/skandalingas-issukis-buduaro-paslaptys-3-knyga\/\"]}]},{\"@type\":\"ImageObject\",\"inLanguage\":\"en-GB\",\"@id\":\"https:\/\/skaitytaknyga.lt\/produktas\/skandalingas-issukis-buduaro-paslaptys-3-knyga\/#primaryimage\",\"url\":\"https:\/\/skaitytaknyga.lt\/wp-content\/uploads\/2026\/04\/Skandalingas-issukis.-Buduaro-paslaptys.-3-knyga.webp\",\"contentUrl\":\"https:\/\/skaitytaknyga.lt\/wp-content\/uploads\/2026\/04\/Skandalingas-issukis.-Buduaro-paslaptys.-3-knyga.webp\",\"width\":549,\"height\":800,\"caption\":\"Skandalingas i\u0161\u0161\u016bkis. Buduaro paslaptys. 3 knyga\"},{\"@type\":\"BreadcrumbList\",\"@id\":\"https:\/\/skaitytaknyga.lt\/produktas\/skandalingas-issukis-buduaro-paslaptys-3-knyga\/#breadcrumb\",\"itemListElement\":[{\"@type\":\"ListItem\",\"position\":1,\"name\":\"Home\",\"item\":\"https:\/\/skaitytaknyga.lt\/\"},{\"@type\":\"ListItem\",\"position\":2,\"name\":\"Parduotuv\u0117\",\"item\":\"https:\/\/skaitytaknyga.lt\/knygu-parduotuve\/\"},{\"@type\":\"ListItem\",\"position\":3,\"name\":\"Skandalingas i\u0161\u0161\u016bkis. Buduaro paslaptys. 3 knyga\"}]},{\"@type\":\"WebSite\",\"@id\":\"https:\/\/skaitytaknyga.lt\/#website\",\"url\":\"https:\/\/skaitytaknyga.lt\/\",\"name\":\"skaitytaknyga.lt\",\"description\":\"Skaitytaknyga.lt \u2013 tai ma\u017eas \u0161eimos verslas, kuris prasid\u0117jo nuo meil\u0117s knygoms ir siekio i\u0161gelb\u0117ti knygas nuo likimo prie konteinerio. Kas vienam nereikalingas daiktas \u2013 kitam lobis, o mes esame tarpininkai, kurie padeda abiems tapti laimingesniems ???? \u017dinome kaip nelengva i\u0161gyventi ma\u017eiems verslams, tad nuo \u0161iol, \u010dia rasite ir kit\u0173, ma\u017e\u0173 \u0161eim\u0173 versl\u0173, rank\u0173 darbo, dovan\u0173 sau ir artimiesiems.\",\"publisher\":{\"@id\":\"https:\/\/skaitytaknyga.lt\/#organization\"},\"potentialAction\":[{\"@type\":\"SearchAction\",\"target\":{\"@type\":\"EntryPoint\",\"urlTemplate\":\"https:\/\/skaitytaknyga.lt\/?s={search_term_string}\"},\"query-input\":{\"@type\":\"PropertyValueSpecification\",\"valueRequired\":true,\"valueName\":\"search_term_string\"}}],\"inLanguage\":\"en-GB\"},{\"@type\":\"Organization\",\"@id\":\"https:\/\/skaitytaknyga.lt\/#organization\",\"name\":\"skaitytaknyga.lt\",\"url\":\"https:\/\/skaitytaknyga.lt\/\",\"logo\":{\"@type\":\"ImageObject\",\"inLanguage\":\"en-GB\",\"@id\":\"https:\/\/skaitytaknyga.lt\/#\/schema\/logo\/image\/\",\"url\":\"https:\/\/skaitytaknyga.lt\/wp-content\/uploads\/2024\/05\/cropped-cropped-cropped-02_00843_jt3bggkj1j3HLc7SyY6rEUpg.jpeg\",\"contentUrl\":\"https:\/\/skaitytaknyga.lt\/wp-content\/uploads\/2024\/05\/cropped-cropped-cropped-02_00843_jt3bggkj1j3HLc7SyY6rEUpg.jpeg\",\"width\":1600,\"height\":1600,\"caption\":\"skaitytaknyga.lt\"},\"image\":{\"@id\":\"https:\/\/skaitytaknyga.lt\/#\/schema\/logo\/image\/\"},\"sameAs\":[\"https:\/\/www.facebook.com\/skaitytaknyga\/\"]}]}<\/script>\n<!-- \/ Yoast SEO plugin. -->","yoast_head_json":{"title":"Skandalingas i\u0161\u0161\u016bkis. Buduaro paslaptys. 3 knyga","description":"Ne\u017einia, kur gali nuvesti skandalas... Ji gyvena aistringai. Dr\u0105si, impulsyvi, b\u0117das it magnetas traukianti D\u017eulijana Fjori n\u0117 per nago juodym\u0105 nepana\u0161i \u012f","robots":{"index":"index","follow":"follow","max-snippet":"max-snippet:-1","max-image-preview":"max-image-preview:large","max-video-preview":"max-video-preview:-1"},"canonical":"https:\/\/skaitytaknyga.lt\/en\/produktas\/skandalingas-issukis-buduaro-paslaptys-3-knyga\/","og_locale":"en_GB","og_type":"article","og_title":"[:lt]Skandalingas i\u0161\u0161\u016bkis. Buduaro paslaptys. 3 knyga[:] - Skaitytaknyga","og_description":"Ne\u017einia, kur gali nuvesti skandalas... Ji gyvena aistringai. Dr\u0105si, impulsyvi, b\u0117das it magnetas traukianti D\u017eulijana Fjori n\u0117 per nago juodym\u0105 nepana\u0161i \u012f","og_url":"https:\/\/skaitytaknyga.lt\/en\/produktas\/skandalingas-issukis-buduaro-paslaptys-3-knyga\/","og_site_name":"Skaitytaknyga","article_publisher":"https:\/\/www.facebook.com\/skaitytaknyga\/","article_modified_time":"2026-04-10T18:10:04+00:00","og_image":[{"width":549,"height":800,"url":"https:\/\/skaitytaknyga.lt\/wp-content\/uploads\/2026\/04\/Skandalingas-issukis.-Buduaro-paslaptys.-3-knyga.webp","type":"image\/webp"}],"twitter_card":"summary_large_image","twitter_misc":{"Estimated reading time":"1 minute"},"schema":{"@context":"https:\/\/schema.org","@graph":[{"@type":"WebPage","@id":"https:\/\/skaitytaknyga.lt\/produktas\/skandalingas-issukis-buduaro-paslaptys-3-knyga\/","url":"https:\/\/skaitytaknyga.lt\/produktas\/skandalingas-issukis-buduaro-paslaptys-3-knyga\/","name":"Skandalingas i\u0161\u0161\u016bkis. Buduaro paslaptys. 3 knyga","isPartOf":{"@id":"https:\/\/skaitytaknyga.lt\/#website"},"primaryImageOfPage":{"@id":"https:\/\/skaitytaknyga.lt\/produktas\/skandalingas-issukis-buduaro-paslaptys-3-knyga\/#primaryimage"},"image":{"@id":"https:\/\/skaitytaknyga.lt\/produktas\/skandalingas-issukis-buduaro-paslaptys-3-knyga\/#primaryimage"},"thumbnailUrl":"https:\/\/skaitytaknyga.lt\/wp-content\/uploads\/2026\/04\/Skandalingas-issukis.-Buduaro-paslaptys.-3-knyga.webp","datePublished":"2026-04-10T18:06:36+00:00","dateModified":"2026-04-10T18:10:04+00:00","description":"Ne\u017einia, kur gali nuvesti skandalas... Ji gyvena aistringai. Dr\u0105si, impulsyvi, b\u0117das it magnetas traukianti D\u017eulijana Fjori n\u0117 per nago juodym\u0105 nepana\u0161i \u012f","breadcrumb":{"@id":"https:\/\/skaitytaknyga.lt\/produktas\/skandalingas-issukis-buduaro-paslaptys-3-knyga\/#breadcrumb"},"inLanguage":"en-GB","potentialAction":[{"@type":"ReadAction","target":["https:\/\/skaitytaknyga.lt\/produktas\/skandalingas-issukis-buduaro-paslaptys-3-knyga\/"]}]},{"@type":"ImageObject","inLanguage":"en-GB","@id":"https:\/\/skaitytaknyga.lt\/produktas\/skandalingas-issukis-buduaro-paslaptys-3-knyga\/#primaryimage","url":"https:\/\/skaitytaknyga.lt\/wp-content\/uploads\/2026\/04\/Skandalingas-issukis.-Buduaro-paslaptys.-3-knyga.webp","contentUrl":"https:\/\/skaitytaknyga.lt\/wp-content\/uploads\/2026\/04\/Skandalingas-issukis.-Buduaro-paslaptys.-3-knyga.webp","width":549,"height":800,"caption":"Skandalingas i\u0161\u0161\u016bkis. Buduaro paslaptys. 3 knyga"},{"@type":"BreadcrumbList","@id":"https:\/\/skaitytaknyga.lt\/produktas\/skandalingas-issukis-buduaro-paslaptys-3-knyga\/#breadcrumb","itemListElement":[{"@type":"ListItem","position":1,"name":"Home","item":"https:\/\/skaitytaknyga.lt\/"},{"@type":"ListItem","position":2,"name":"Parduotuv\u0117","item":"https:\/\/skaitytaknyga.lt\/knygu-parduotuve\/"},{"@type":"ListItem","position":3,"name":"Skandalingas i\u0161\u0161\u016bkis. Buduaro paslaptys. 3 knyga"}]},{"@type":"WebSite","@id":"https:\/\/skaitytaknyga.lt\/#website","url":"https:\/\/skaitytaknyga.lt\/","name":"skaitytaknyga.lt","description":"Skaitytaknyga.lt \u2013 tai ma\u017eas \u0161eimos verslas, kuris prasid\u0117jo nuo meil\u0117s knygoms ir siekio i\u0161gelb\u0117ti knygas nuo likimo prie konteinerio. Kas vienam nereikalingas daiktas \u2013 kitam lobis, o mes esame tarpininkai, kurie padeda abiems tapti laimingesniems ???? \u017dinome kaip nelengva i\u0161gyventi ma\u017eiems verslams, tad nuo \u0161iol, \u010dia rasite ir kit\u0173, ma\u017e\u0173 \u0161eim\u0173 versl\u0173, rank\u0173 darbo, dovan\u0173 sau ir artimiesiems.","publisher":{"@id":"https:\/\/skaitytaknyga.lt\/#organization"},"potentialAction":[{"@type":"SearchAction","target":{"@type":"EntryPoint","urlTemplate":"https:\/\/skaitytaknyga.lt\/?s={search_term_string}"},"query-input":{"@type":"PropertyValueSpecification","valueRequired":true,"valueName":"search_term_string"}}],"inLanguage":"en-GB"},{"@type":"Organization","@id":"https:\/\/skaitytaknyga.lt\/#organization","name":"skaitytaknyga.lt","url":"https:\/\/skaitytaknyga.lt\/","logo":{"@type":"ImageObject","inLanguage":"en-GB","@id":"https:\/\/skaitytaknyga.lt\/#\/schema\/logo\/image\/","url":"https:\/\/skaitytaknyga.lt\/wp-content\/uploads\/2024\/05\/cropped-cropped-cropped-02_00843_jt3bggkj1j3HLc7SyY6rEUpg.jpeg","contentUrl":"https:\/\/skaitytaknyga.lt\/wp-content\/uploads\/2024\/05\/cropped-cropped-cropped-02_00843_jt3bggkj1j3HLc7SyY6rEUpg.jpeg","width":1600,"height":1600,"caption":"skaitytaknyga.lt"},"image":{"@id":"https:\/\/skaitytaknyga.lt\/#\/schema\/logo\/image\/"},"sameAs":["https:\/\/www.facebook.com\/skaitytaknyga\/"]}]}},"_links":{"self":[{"href":"https:\/\/skaitytaknyga.lt\/en\/wp-json\/wp\/v2\/product\/25688","targetHints":{"allow":["GET"]}}],"collection":[{"href":"https:\/\/skaitytaknyga.lt\/en\/wp-json\/wp\/v2\/product"}],"about":[{"href":"https:\/\/skaitytaknyga.lt\/en\/wp-json\/wp\/v2\/types\/product"}],"replies":[{"embeddable":true,"href":"https:\/\/skaitytaknyga.lt\/en\/wp-json\/wp\/v2\/comments?post=25688"}],"wp:featuredmedia":[{"embeddable":true,"href":"https:\/\/skaitytaknyga.lt\/en\/wp-json\/wp\/v2\/media\/25692"}],"wp:attachment":[{"href":"https:\/\/skaitytaknyga.lt\/en\/wp-json\/wp\/v2\/media?parent=25688"}],"wp:term":[{"taxonomy":"product_brand","embeddable":true,"href":"https:\/\/skaitytaknyga.lt\/en\/wp-json\/wp\/v2\/product_brand?post=25688"},{"taxonomy":"product_cat","embeddable":true,"href":"https:\/\/skaitytaknyga.lt\/en\/wp-json\/wp\/v2\/product_cat?post=25688"},{"taxonomy":"product_tag","embeddable":true,"href":"https:\/\/skaitytaknyga.lt\/en\/wp-json\/wp\/v2\/product_tag?post=25688"}],"curies":[{"name":"wp","href":"https:\/\/api.w.org\/{rel}","templated":true}]}}