{"id":25681,"date":"2026-04-10T20:36:12","date_gmt":"2026-04-10T17:36:12","guid":{"rendered":"https:\/\/skaitytaknyga.lt\/?post_type=product&#038;p=25681"},"modified":"2026-04-10T21:10:04","modified_gmt":"2026-04-10T18:10:04","slug":"skandalingos-meiles-pamokos-buduaro-paslaptys-2-knyga","status":"publish","type":"product","link":"https:\/\/skaitytaknyga.lt\/en\/produktas\/skandalingos-meiles-pamokos-buduaro-paslaptys-2-knyga\/","title":{"rendered":"Skandalingos meil\u0117s pamokos. Buduaro paslaptys. 2 knyga"},"content":{"rendered":"<p>Nikolas Sent D\u017eonas, populiaraus Londono moter\u0173 \u017eurnalo pavadintas \u201egeid\u017eiamiausiu jaunikiu&#8221;, nebeatsigina i\u0161tek\u0117ti pasiry\u017eusi\u0173 damu\u010di\u0173 d\u0117mesio. Kai likimas pamet\u0117ja prog\u0105 pab\u0117gti i\u0161 auk\u0161tuomen\u0117s, Nikas nedelsdamas ja pasinaudoja \u2013 ir atsiduria ne\u012ftik\u0117tinai u\u017esispyrusios, pa\u0161\u0117lusiai patrauklios moters kelyje!<\/p>\n<p>Tituluoto \u0161vaist\u016bno dukt\u0117 ledi Izabel\u0117 Taunsend turi pernelyg daug paslap\u010di\u0173 ir per ma\u017eai pinig\u0173. Savo dvare Izabel\u0117 tvarkosi gana sumaniai, bet \u017einia apie t\u0117vo mirt\u012f i\u0161mu\u0161a mergin\u0105 i\u0161 v\u0117\u017ei\u0173 ir priver\u010dia sukti galv\u0105, kaip i\u0161saugoti jaun\u0117liui broliukui priklausant\u012f palikim\u0105. Gali b\u016bti, kad nuod\u0117mingai gra\u017eus svajoni\u0173 jaunikis lordas Nikolas Sent D\u017eonas \u2013 vienintelis jos i\u0161sigelb\u0117jimas.<\/p>\n<p>Ta\u010diau ledi nevalia prarasti budrumo ir \u0161iuk\u0161tu nei\u0161kr\u0117sti ko nors beatodairi\u0161ko&#8230; kaip antai beproti\u0161kai, aistringai \u012fsimyl\u0117ti.<\/p>\n","protected":false},"excerpt":{"rendered":"<p>Nikolas Sent D\u017eonas, populiaraus Londono moter\u0173 \u017eurnalo pavadintas \u201egeid\u017eiamiausiu jaunikiu&#8221;, nebeatsigina i\u0161tek\u0117ti pasiry\u017eusi\u0173 damu\u010di\u0173 d\u0117mesio. Kai likimas pamet\u0117ja prog\u0105 pab\u0117gti i\u0161 auk\u0161tuomen\u0117s, Nikas nedelsdamas ja pasinaudoja \u2013 ir atsiduria ne\u012ftik\u0117tinai u\u017esispyrusios, pa\u0161\u0117lusiai patrauklios moters kelyje! Tituluoto \u0161vaist\u016bno dukt\u0117 ledi Izabel\u0117 Taunsend turi pernelyg daug paslap\u010di\u0173 ir per ma\u017eai pinig\u0173. Savo dvare Izabel\u0117 tvarkosi gana sumaniai, bet \u017einia apie t\u0117vo mirt\u012f i\u0161mu\u0161a mergin\u0105 i\u0161 v\u0117\u017ei\u0173 ir priver\u010dia sukti galv\u0105, kaip i\u0161saugoti jaun\u0117liui broliukui priklausant\u012f palikim\u0105. Gali b\u016bti, kad nuod\u0117mingai gra\u017eus svajoni\u0173 jaunikis lordas Nikolas Sent D\u017eonas \u2013 vienintelis jos i\u0161sigelb\u0117jimas. Ta\u010diau ledi nevalia prarasti budrumo ir \u0161iuk\u0161tu nei\u0161kr\u0117sti ko nors beatodairi\u0161ko&#8230; kaip antai beproti\u0161kai, aistringai \u012fsimyl\u0117ti.<\/p>\n","protected":false},"featured_media":25687,"comment_status":"open","ping_status":"closed","template":"","meta":{"_acf_changed":false,"site-sidebar-layout":"default","site-content-layout":"","ast-site-content-layout":"default","site-content-style":"default","site-sidebar-style":"default","ast-global-header-display":"","ast-banner-title-visibility":"","ast-main-header-display":"","ast-hfb-above-header-display":"","ast-hfb-below-header-display":"","ast-hfb-mobile-header-display":"","site-post-title":"","ast-breadcrumbs-content":"","ast-featured-img":"","footer-sml-layout":"","ast-disable-related-posts":"","theme-transparent-header-meta":"","adv-header-id-meta":"","stick-header-meta":"","header-above-stick-meta":"","header-main-stick-meta":"","header-below-stick-meta":"","astra-migrate-meta-layouts":"default","ast-page-background-enabled":"default","ast-page-background-meta":{"desktop":{"background-color":"","background-image":"","background-repeat":"repeat","background-position":"center center","background-size":"auto","background-attachment":"scroll","background-type":"","background-media":"","overlay-type":"","overlay-color":"","overlay-opacity":"","overlay-gradient":""},"tablet":{"background-color":"","background-image":"","background-repeat":"repeat","background-position":"center center","background-size":"auto","background-attachment":"scroll","background-type":"","background-media":"","overlay-type":"","overlay-color":"","overlay-opacity":"","overlay-gradient":""},"mobile":{"background-color":"","background-image":"","background-repeat":"repeat","background-position":"center center","background-size":"auto","background-attachment":"scroll","background-type":"","background-media":"","overlay-type":"","overlay-color":"","overlay-opacity":"","overlay-gradient":""}},"ast-content-background-meta":{"desktop":{"background-color":"var(--ast-global-color-4)","background-image":"","background-repeat":"repeat","background-position":"center center","background-size":"auto","background-attachment":"scroll","background-type":"","background-media":"","overlay-type":"","overlay-color":"","overlay-opacity":"","overlay-gradient":""},"tablet":{"background-color":"var(--ast-global-color-4)","background-image":"","background-repeat":"repeat","background-position":"center center","background-size":"auto","background-attachment":"scroll","background-type":"","background-media":"","overlay-type":"","overlay-color":"","overlay-opacity":"","overlay-gradient":""},"mobile":{"background-color":"var(--ast-global-color-4)","background-image":"","background-repeat":"repeat","background-position":"center center","background-size":"auto","background-attachment":"scroll","background-type":"","background-media":"","overlay-type":"","overlay-color":"","overlay-opacity":"","overlay-gradient":""}}},"product_brand":[],"product_cat":[9618,9579],"product_tag":[],"class_list":{"0":"post-25681","1":"product","2":"type-product","3":"status-publish","4":"has-post-thumbnail","6":"product_cat-istoriniai-romanai","7":"product_cat-meiles-romanai","8":"desktop-align-left","9":"tablet-align-left","10":"mobile-align-left","12":"first","13":"instock","14":"shipping-taxable","15":"purchasable","16":"product-type-simple"},"acf":[],"yoast_head":"<!-- This site is optimized with the Yoast SEO plugin v27.0 - https:\/\/yoast.com\/product\/yoast-seo-wordpress\/ -->\n<title>Skandalingos meil\u0117s pamokos. Buduaro paslaptys. 2 knyga<\/title>\n<meta name=\"description\" content=\"Nikolas Sent D\u017eonas, populiaraus Londono moter\u0173 \u017eurnalo pavadintas \u201egeid\u017eiamiausiu jaunikiu&quot;, nebeatsigina i\u0161tek\u0117ti pasiry\u017eusi\u0173 damu\u010di\u0173 d\u0117mesio. Kai\" \/>\n<meta name=\"robots\" content=\"index, follow, max-snippet:-1, max-image-preview:large, max-video-preview:-1\" \/>\n<link rel=\"canonical\" href=\"https:\/\/skaitytaknyga.lt\/en\/produktas\/skandalingos-meiles-pamokos-buduaro-paslaptys-2-knyga\/\" \/>\n<meta property=\"og:locale\" content=\"en_GB\" \/>\n<meta property=\"og:locale:alternate\" content=\"lt_LT\" \/>\n<meta property=\"og:type\" content=\"article\" \/>\n<meta property=\"og:title\" content=\"Skandalingos meil\u0117s pamokos. Buduaro paslaptys. 2 knyga\" \/>\n<meta property=\"og:description\" content=\"Nikolas Sent D\u017eonas, populiaraus Londono moter\u0173 \u017eurnalo pavadintas \u201egeid\u017eiamiausiu jaunikiu&quot;, nebeatsigina i\u0161tek\u0117ti pasiry\u017eusi\u0173 damu\u010di\u0173 d\u0117mesio. Kai\" \/>\n<meta property=\"og:url\" content=\"https:\/\/skaitytaknyga.lt\/en\/produktas\/skandalingos-meiles-pamokos-buduaro-paslaptys-2-knyga\/\" \/>\n<meta property=\"og:site_name\" content=\"Skaitytaknyga\" \/>\n<meta property=\"article:publisher\" content=\"https:\/\/www.facebook.com\/skaitytaknyga\/\" \/>\n<meta property=\"article:modified_time\" content=\"2026-04-10T18:10:04+00:00\" \/>\n<meta property=\"og:image\" content=\"https:\/\/skaitytaknyga.lt\/wp-content\/uploads\/2026\/04\/Skandalingos-meiles-pamokos.-Buduaro-paslaptys.-2-knyga.webp\" \/>\n\t<meta property=\"og:image:width\" content=\"566\" \/>\n\t<meta property=\"og:image:height\" content=\"800\" \/>\n\t<meta property=\"og:image:type\" content=\"image\/webp\" \/>\n<meta name=\"twitter:card\" content=\"summary_large_image\" \/>\n<meta name=\"twitter:label1\" content=\"Estimated reading time\" \/>\n\t<meta name=\"twitter:data1\" content=\"1 minute\" \/>\n<script type=\"application\/ld+json\" class=\"yoast-schema-graph\">{\"@context\":\"https:\/\/schema.org\",\"@graph\":[{\"@type\":\"WebPage\",\"@id\":\"https:\/\/skaitytaknyga.lt\/produktas\/skandalingos-meiles-pamokos-buduaro-paslaptys-2-knyga\/\",\"url\":\"https:\/\/skaitytaknyga.lt\/produktas\/skandalingos-meiles-pamokos-buduaro-paslaptys-2-knyga\/\",\"name\":\"Skandalingos meil\u0117s pamokos. Buduaro paslaptys. 2 knyga\",\"isPartOf\":{\"@id\":\"https:\/\/skaitytaknyga.lt\/#website\"},\"primaryImageOfPage\":{\"@id\":\"https:\/\/skaitytaknyga.lt\/produktas\/skandalingos-meiles-pamokos-buduaro-paslaptys-2-knyga\/#primaryimage\"},\"image\":{\"@id\":\"https:\/\/skaitytaknyga.lt\/produktas\/skandalingos-meiles-pamokos-buduaro-paslaptys-2-knyga\/#primaryimage\"},\"thumbnailUrl\":\"https:\/\/skaitytaknyga.lt\/wp-content\/uploads\/2026\/04\/Skandalingos-meiles-pamokos.-Buduaro-paslaptys.-2-knyga.webp\",\"datePublished\":\"2026-04-10T17:36:12+00:00\",\"dateModified\":\"2026-04-10T18:10:04+00:00\",\"description\":\"Nikolas Sent D\u017eonas, populiaraus Londono moter\u0173 \u017eurnalo pavadintas \u201egeid\u017eiamiausiu jaunikiu\\\", nebeatsigina i\u0161tek\u0117ti pasiry\u017eusi\u0173 damu\u010di\u0173 d\u0117mesio. Kai\",\"breadcrumb\":{\"@id\":\"https:\/\/skaitytaknyga.lt\/produktas\/skandalingos-meiles-pamokos-buduaro-paslaptys-2-knyga\/#breadcrumb\"},\"inLanguage\":\"en-GB\",\"potentialAction\":[{\"@type\":\"ReadAction\",\"target\":[\"https:\/\/skaitytaknyga.lt\/produktas\/skandalingos-meiles-pamokos-buduaro-paslaptys-2-knyga\/\"]}]},{\"@type\":\"ImageObject\",\"inLanguage\":\"en-GB\",\"@id\":\"https:\/\/skaitytaknyga.lt\/produktas\/skandalingos-meiles-pamokos-buduaro-paslaptys-2-knyga\/#primaryimage\",\"url\":\"https:\/\/skaitytaknyga.lt\/wp-content\/uploads\/2026\/04\/Skandalingos-meiles-pamokos.-Buduaro-paslaptys.-2-knyga.webp\",\"contentUrl\":\"https:\/\/skaitytaknyga.lt\/wp-content\/uploads\/2026\/04\/Skandalingos-meiles-pamokos.-Buduaro-paslaptys.-2-knyga.webp\",\"width\":566,\"height\":800,\"caption\":\"Skandalingos meil\u0117s pamokos. Buduaro paslaptys. 2 knyga\"},{\"@type\":\"BreadcrumbList\",\"@id\":\"https:\/\/skaitytaknyga.lt\/produktas\/skandalingos-meiles-pamokos-buduaro-paslaptys-2-knyga\/#breadcrumb\",\"itemListElement\":[{\"@type\":\"ListItem\",\"position\":1,\"name\":\"Home\",\"item\":\"https:\/\/skaitytaknyga.lt\/\"},{\"@type\":\"ListItem\",\"position\":2,\"name\":\"Parduotuv\u0117\",\"item\":\"https:\/\/skaitytaknyga.lt\/knygu-parduotuve\/\"},{\"@type\":\"ListItem\",\"position\":3,\"name\":\"Skandalingos meil\u0117s pamokos. Buduaro paslaptys. 2 knyga\"}]},{\"@type\":\"WebSite\",\"@id\":\"https:\/\/skaitytaknyga.lt\/#website\",\"url\":\"https:\/\/skaitytaknyga.lt\/\",\"name\":\"skaitytaknyga.lt\",\"description\":\"Skaitytaknyga.lt \u2013 tai ma\u017eas \u0161eimos verslas, kuris prasid\u0117jo nuo meil\u0117s knygoms ir siekio i\u0161gelb\u0117ti knygas nuo likimo prie konteinerio. Kas vienam nereikalingas daiktas \u2013 kitam lobis, o mes esame tarpininkai, kurie padeda abiems tapti laimingesniems ???? \u017dinome kaip nelengva i\u0161gyventi ma\u017eiems verslams, tad nuo \u0161iol, \u010dia rasite ir kit\u0173, ma\u017e\u0173 \u0161eim\u0173 versl\u0173, rank\u0173 darbo, dovan\u0173 sau ir artimiesiems.\",\"publisher\":{\"@id\":\"https:\/\/skaitytaknyga.lt\/#organization\"},\"potentialAction\":[{\"@type\":\"SearchAction\",\"target\":{\"@type\":\"EntryPoint\",\"urlTemplate\":\"https:\/\/skaitytaknyga.lt\/?s={search_term_string}\"},\"query-input\":{\"@type\":\"PropertyValueSpecification\",\"valueRequired\":true,\"valueName\":\"search_term_string\"}}],\"inLanguage\":\"en-GB\"},{\"@type\":\"Organization\",\"@id\":\"https:\/\/skaitytaknyga.lt\/#organization\",\"name\":\"skaitytaknyga.lt\",\"url\":\"https:\/\/skaitytaknyga.lt\/\",\"logo\":{\"@type\":\"ImageObject\",\"inLanguage\":\"en-GB\",\"@id\":\"https:\/\/skaitytaknyga.lt\/#\/schema\/logo\/image\/\",\"url\":\"https:\/\/skaitytaknyga.lt\/wp-content\/uploads\/2024\/05\/cropped-cropped-cropped-02_00843_jt3bggkj1j3HLc7SyY6rEUpg.jpeg\",\"contentUrl\":\"https:\/\/skaitytaknyga.lt\/wp-content\/uploads\/2024\/05\/cropped-cropped-cropped-02_00843_jt3bggkj1j3HLc7SyY6rEUpg.jpeg\",\"width\":1600,\"height\":1600,\"caption\":\"skaitytaknyga.lt\"},\"image\":{\"@id\":\"https:\/\/skaitytaknyga.lt\/#\/schema\/logo\/image\/\"},\"sameAs\":[\"https:\/\/www.facebook.com\/skaitytaknyga\/\"]}]}<\/script>\n<!-- \/ Yoast SEO plugin. -->","yoast_head_json":{"title":"Skandalingos meil\u0117s pamokos. Buduaro paslaptys. 2 knyga","description":"Nikolas Sent D\u017eonas, populiaraus Londono moter\u0173 \u017eurnalo pavadintas \u201egeid\u017eiamiausiu jaunikiu\", nebeatsigina i\u0161tek\u0117ti pasiry\u017eusi\u0173 damu\u010di\u0173 d\u0117mesio. Kai","robots":{"index":"index","follow":"follow","max-snippet":"max-snippet:-1","max-image-preview":"max-image-preview:large","max-video-preview":"max-video-preview:-1"},"canonical":"https:\/\/skaitytaknyga.lt\/en\/produktas\/skandalingos-meiles-pamokos-buduaro-paslaptys-2-knyga\/","og_locale":"en_GB","og_type":"article","og_title":"[:lt]Skandalingos meil\u0117s pamokos. Buduaro paslaptys. 2 knyga[:] - Skaitytaknyga","og_description":"Nikolas Sent D\u017eonas, populiaraus Londono moter\u0173 \u017eurnalo pavadintas \u201egeid\u017eiamiausiu jaunikiu\", nebeatsigina i\u0161tek\u0117ti pasiry\u017eusi\u0173 damu\u010di\u0173 d\u0117mesio. Kai","og_url":"https:\/\/skaitytaknyga.lt\/en\/produktas\/skandalingos-meiles-pamokos-buduaro-paslaptys-2-knyga\/","og_site_name":"Skaitytaknyga","article_publisher":"https:\/\/www.facebook.com\/skaitytaknyga\/","article_modified_time":"2026-04-10T18:10:04+00:00","og_image":[{"width":566,"height":800,"url":"https:\/\/skaitytaknyga.lt\/wp-content\/uploads\/2026\/04\/Skandalingos-meiles-pamokos.-Buduaro-paslaptys.-2-knyga.webp","type":"image\/webp"}],"twitter_card":"summary_large_image","twitter_misc":{"Estimated reading time":"1 minute"},"schema":{"@context":"https:\/\/schema.org","@graph":[{"@type":"WebPage","@id":"https:\/\/skaitytaknyga.lt\/produktas\/skandalingos-meiles-pamokos-buduaro-paslaptys-2-knyga\/","url":"https:\/\/skaitytaknyga.lt\/produktas\/skandalingos-meiles-pamokos-buduaro-paslaptys-2-knyga\/","name":"Skandalingos meil\u0117s pamokos. Buduaro paslaptys. 2 knyga","isPartOf":{"@id":"https:\/\/skaitytaknyga.lt\/#website"},"primaryImageOfPage":{"@id":"https:\/\/skaitytaknyga.lt\/produktas\/skandalingos-meiles-pamokos-buduaro-paslaptys-2-knyga\/#primaryimage"},"image":{"@id":"https:\/\/skaitytaknyga.lt\/produktas\/skandalingos-meiles-pamokos-buduaro-paslaptys-2-knyga\/#primaryimage"},"thumbnailUrl":"https:\/\/skaitytaknyga.lt\/wp-content\/uploads\/2026\/04\/Skandalingos-meiles-pamokos.-Buduaro-paslaptys.-2-knyga.webp","datePublished":"2026-04-10T17:36:12+00:00","dateModified":"2026-04-10T18:10:04+00:00","description":"Nikolas Sent D\u017eonas, populiaraus Londono moter\u0173 \u017eurnalo pavadintas \u201egeid\u017eiamiausiu jaunikiu\", nebeatsigina i\u0161tek\u0117ti pasiry\u017eusi\u0173 damu\u010di\u0173 d\u0117mesio. Kai","breadcrumb":{"@id":"https:\/\/skaitytaknyga.lt\/produktas\/skandalingos-meiles-pamokos-buduaro-paslaptys-2-knyga\/#breadcrumb"},"inLanguage":"en-GB","potentialAction":[{"@type":"ReadAction","target":["https:\/\/skaitytaknyga.lt\/produktas\/skandalingos-meiles-pamokos-buduaro-paslaptys-2-knyga\/"]}]},{"@type":"ImageObject","inLanguage":"en-GB","@id":"https:\/\/skaitytaknyga.lt\/produktas\/skandalingos-meiles-pamokos-buduaro-paslaptys-2-knyga\/#primaryimage","url":"https:\/\/skaitytaknyga.lt\/wp-content\/uploads\/2026\/04\/Skandalingos-meiles-pamokos.-Buduaro-paslaptys.-2-knyga.webp","contentUrl":"https:\/\/skaitytaknyga.lt\/wp-content\/uploads\/2026\/04\/Skandalingos-meiles-pamokos.-Buduaro-paslaptys.-2-knyga.webp","width":566,"height":800,"caption":"Skandalingos meil\u0117s pamokos. Buduaro paslaptys. 2 knyga"},{"@type":"BreadcrumbList","@id":"https:\/\/skaitytaknyga.lt\/produktas\/skandalingos-meiles-pamokos-buduaro-paslaptys-2-knyga\/#breadcrumb","itemListElement":[{"@type":"ListItem","position":1,"name":"Home","item":"https:\/\/skaitytaknyga.lt\/"},{"@type":"ListItem","position":2,"name":"Parduotuv\u0117","item":"https:\/\/skaitytaknyga.lt\/knygu-parduotuve\/"},{"@type":"ListItem","position":3,"name":"Skandalingos meil\u0117s pamokos. Buduaro paslaptys. 2 knyga"}]},{"@type":"WebSite","@id":"https:\/\/skaitytaknyga.lt\/#website","url":"https:\/\/skaitytaknyga.lt\/","name":"skaitytaknyga.lt","description":"Skaitytaknyga.lt \u2013 tai ma\u017eas \u0161eimos verslas, kuris prasid\u0117jo nuo meil\u0117s knygoms ir siekio i\u0161gelb\u0117ti knygas nuo likimo prie konteinerio. Kas vienam nereikalingas daiktas \u2013 kitam lobis, o mes esame tarpininkai, kurie padeda abiems tapti laimingesniems ???? \u017dinome kaip nelengva i\u0161gyventi ma\u017eiems verslams, tad nuo \u0161iol, \u010dia rasite ir kit\u0173, ma\u017e\u0173 \u0161eim\u0173 versl\u0173, rank\u0173 darbo, dovan\u0173 sau ir artimiesiems.","publisher":{"@id":"https:\/\/skaitytaknyga.lt\/#organization"},"potentialAction":[{"@type":"SearchAction","target":{"@type":"EntryPoint","urlTemplate":"https:\/\/skaitytaknyga.lt\/?s={search_term_string}"},"query-input":{"@type":"PropertyValueSpecification","valueRequired":true,"valueName":"search_term_string"}}],"inLanguage":"en-GB"},{"@type":"Organization","@id":"https:\/\/skaitytaknyga.lt\/#organization","name":"skaitytaknyga.lt","url":"https:\/\/skaitytaknyga.lt\/","logo":{"@type":"ImageObject","inLanguage":"en-GB","@id":"https:\/\/skaitytaknyga.lt\/#\/schema\/logo\/image\/","url":"https:\/\/skaitytaknyga.lt\/wp-content\/uploads\/2024\/05\/cropped-cropped-cropped-02_00843_jt3bggkj1j3HLc7SyY6rEUpg.jpeg","contentUrl":"https:\/\/skaitytaknyga.lt\/wp-content\/uploads\/2024\/05\/cropped-cropped-cropped-02_00843_jt3bggkj1j3HLc7SyY6rEUpg.jpeg","width":1600,"height":1600,"caption":"skaitytaknyga.lt"},"image":{"@id":"https:\/\/skaitytaknyga.lt\/#\/schema\/logo\/image\/"},"sameAs":["https:\/\/www.facebook.com\/skaitytaknyga\/"]}]}},"_links":{"self":[{"href":"https:\/\/skaitytaknyga.lt\/en\/wp-json\/wp\/v2\/product\/25681","targetHints":{"allow":["GET"]}}],"collection":[{"href":"https:\/\/skaitytaknyga.lt\/en\/wp-json\/wp\/v2\/product"}],"about":[{"href":"https:\/\/skaitytaknyga.lt\/en\/wp-json\/wp\/v2\/types\/product"}],"replies":[{"embeddable":true,"href":"https:\/\/skaitytaknyga.lt\/en\/wp-json\/wp\/v2\/comments?post=25681"}],"wp:featuredmedia":[{"embeddable":true,"href":"https:\/\/skaitytaknyga.lt\/en\/wp-json\/wp\/v2\/media\/25687"}],"wp:attachment":[{"href":"https:\/\/skaitytaknyga.lt\/en\/wp-json\/wp\/v2\/media?parent=25681"}],"wp:term":[{"taxonomy":"product_brand","embeddable":true,"href":"https:\/\/skaitytaknyga.lt\/en\/wp-json\/wp\/v2\/product_brand?post=25681"},{"taxonomy":"product_cat","embeddable":true,"href":"https:\/\/skaitytaknyga.lt\/en\/wp-json\/wp\/v2\/product_cat?post=25681"},{"taxonomy":"product_tag","embeddable":true,"href":"https:\/\/skaitytaknyga.lt\/en\/wp-json\/wp\/v2\/product_tag?post=25681"}],"curies":[{"name":"wp","href":"https:\/\/api.w.org\/{rel}","templated":true}]}}