{"id":25679,"date":"2026-04-10T20:36:12","date_gmt":"2026-04-10T17:36:12","guid":{"rendered":"https:\/\/skaitytaknyga.lt\/?post_type=product&#038;p=25679"},"modified":"2026-04-10T21:10:04","modified_gmt":"2026-04-10T18:10:04","slug":"karalienes-likimas-su-defektu","status":"publish","type":"product","link":"https:\/\/skaitytaknyga.lt\/en\/produktas\/karalienes-likimas-su-defektu\/","title":{"rendered":"Karalien\u0117s likimas (yra patams\u0117jim\u0173, d\u0117meli\u0173)"},"content":{"rendered":"<p>\u0160is \u012fsp\u016bdingas romanas pasakoja apie Dezir\u0119 Klari \u2013 moter\u012f, u\u017ekariavusi\u0105 Napoleono Bonaparto \u0161ird\u012f, prad\u0117jusi\u0105 nauj\u0105 dinastij\u0105 ir pakeitusi\u0105 istorijos t\u0117km\u0119. Precizi\u0161kai tiksl\u016bs istoriniai faktai ir ne ma\u017eiau tikri asmeniniai gyvenimai \u0161i\u0105 istorij\u0105 paver\u010dia nepamir\u0161tamu skaitiniu, kuris ne tik sukels nenumaldom\u0105 nor\u0105 pla\u010diau pasidom\u0117ti istoriniais \u012fvykiais ir asmenyb\u0117mis, bet taip pat \u012fkv\u0117ps kliautis savo instinktais ir tik\u0117ti \u0161irdimi. <\/p>\n<p>Pranc\u016bzijoje prasid\u0117jusi revoliucija sugriauna \u012fprast\u0105 Dezir\u0117s Klari gyvenim\u0105. Gelb\u0117dama brol\u012f nuo giljotinos ji netik\u0117tai sutinka jaun\u0105, ambicing\u0105 ir patraukl\u0173 karved\u012f \u2013 Napoleon\u0105 Bonapart\u0105. Kai jos sesuo \u017diuli i\u0161teka u\u017e jo brolio \u017dozefo, Dezir\u0117s ir Napoleono ateitis nei\u0161vengiamai susijungia. Aistring\u0105 ir svaiginan\u010di\u0105 meil\u0117s istorij\u0105 i\u0161gyvena ir jie patys. Slaptos su\u017ead\u0117tuv\u0117s, deja, baigiasi gra\u017eiosios Dezir\u0117s \u0161irdg\u0117la \u2013 Napoleonas \u012fsimyli Pary\u017eiaus auk\u0161tuomen\u0117s \u017evaig\u017ed\u0119 \u017dozefin\u0105 de Boarn\u0117. Dezir\u0117s gyvenime ir v\u0117l sumai\u0161tis. Valdan\u010diosios klas\u0117s vidiniam ratui dabar priklausanti mergina ir toliau palaiko ry\u0161ius su Napoleonu ir jo \u017emona \u2013 b\u016bsima imperatoriene. Bet Dezir\u0117s istorija \u010dia tik prasideda&#8230;<\/p>\n","protected":false},"excerpt":{"rendered":"<p>\u0160is \u012fsp\u016bdingas romanas pasakoja apie Dezir\u0119 Klari \u2013 moter\u012f, u\u017ekariavusi\u0105 Napoleono Bonaparto \u0161ird\u012f, prad\u0117jusi\u0105 nauj\u0105 dinastij\u0105 ir pakeitusi\u0105 istorijos t\u0117km\u0119. Precizi\u0161kai tiksl\u016bs istoriniai faktai ir ne ma\u017eiau tikri asmeniniai gyvenimai \u0161i\u0105 istorij\u0105 paver\u010dia nepamir\u0161tamu skaitiniu, kuris ne tik sukels nenumaldom\u0105 nor\u0105 pla\u010diau pasidom\u0117ti istoriniais \u012fvykiais ir asmenyb\u0117mis, bet taip pat \u012fkv\u0117ps kliautis savo instinktais ir tik\u0117ti \u0161irdimi. Pranc\u016bzijoje prasid\u0117jusi revoliucija sugriauna \u012fprast\u0105 Dezir\u0117s Klari gyvenim\u0105. Gelb\u0117dama brol\u012f nuo giljotinos ji netik\u0117tai sutinka jaun\u0105, ambicing\u0105 ir patraukl\u0173 karved\u012f \u2013 Napoleon\u0105 Bonapart\u0105. Kai jos sesuo \u017diuli i\u0161teka u\u017e jo brolio \u017dozefo, Dezir\u0117s ir Napoleono ateitis nei\u0161vengiamai susijungia. Aistring\u0105 ir svaiginan\u010di\u0105 meil\u0117s istorij\u0105 i\u0161gyvena ir jie patys. Slaptos su\u017ead\u0117tuv\u0117s, deja, baigiasi gra\u017eiosios Dezir\u0117s \u0161irdg\u0117la \u2013 Napoleonas \u012fsimyli Pary\u017eiaus auk\u0161tuomen\u0117s \u017evaig\u017ed\u0119 \u017dozefin\u0105 de Boarn\u0117. Dezir\u0117s gyvenime ir v\u0117l sumai\u0161tis. Valdan\u010diosios klas\u0117s vidiniam ratui dabar priklausanti mergina ir toliau palaiko ry\u0161ius su Napoleonu ir jo \u017emona \u2013 b\u016bsima imperatoriene. Bet Dezir\u0117s istorija \u010dia tik prasideda&#8230;<\/p>\n","protected":false},"featured_media":25685,"comment_status":"open","ping_status":"closed","template":"","meta":{"_acf_changed":false,"site-sidebar-layout":"default","site-content-layout":"","ast-site-content-layout":"default","site-content-style":"default","site-sidebar-style":"default","ast-global-header-display":"","ast-banner-title-visibility":"","ast-main-header-display":"","ast-hfb-above-header-display":"","ast-hfb-below-header-display":"","ast-hfb-mobile-header-display":"","site-post-title":"","ast-breadcrumbs-content":"","ast-featured-img":"","footer-sml-layout":"","ast-disable-related-posts":"","theme-transparent-header-meta":"","adv-header-id-meta":"","stick-header-meta":"","header-above-stick-meta":"","header-main-stick-meta":"","header-below-stick-meta":"","astra-migrate-meta-layouts":"default","ast-page-background-enabled":"default","ast-page-background-meta":{"desktop":{"background-color":"","background-image":"","background-repeat":"repeat","background-position":"center center","background-size":"auto","background-attachment":"scroll","background-type":"","background-media":"","overlay-type":"","overlay-color":"","overlay-opacity":"","overlay-gradient":""},"tablet":{"background-color":"","background-image":"","background-repeat":"repeat","background-position":"center center","background-size":"auto","background-attachment":"scroll","background-type":"","background-media":"","overlay-type":"","overlay-color":"","overlay-opacity":"","overlay-gradient":""},"mobile":{"background-color":"","background-image":"","background-repeat":"repeat","background-position":"center center","background-size":"auto","background-attachment":"scroll","background-type":"","background-media":"","overlay-type":"","overlay-color":"","overlay-opacity":"","overlay-gradient":""}},"ast-content-background-meta":{"desktop":{"background-color":"var(--ast-global-color-4)","background-image":"","background-repeat":"repeat","background-position":"center center","background-size":"auto","background-attachment":"scroll","background-type":"","background-media":"","overlay-type":"","overlay-color":"","overlay-opacity":"","overlay-gradient":""},"tablet":{"background-color":"var(--ast-global-color-4)","background-image":"","background-repeat":"repeat","background-position":"center center","background-size":"auto","background-attachment":"scroll","background-type":"","background-media":"","overlay-type":"","overlay-color":"","overlay-opacity":"","overlay-gradient":""},"mobile":{"background-color":"var(--ast-global-color-4)","background-image":"","background-repeat":"repeat","background-position":"center center","background-size":"auto","background-attachment":"scroll","background-type":"","background-media":"","overlay-type":"","overlay-color":"","overlay-opacity":"","overlay-gradient":""}}},"product_brand":[],"product_cat":[9618],"product_tag":[],"class_list":{"0":"post-25679","1":"product","2":"type-product","3":"status-publish","4":"has-post-thumbnail","6":"product_cat-istoriniai-romanai","7":"desktop-align-left","8":"tablet-align-left","9":"mobile-align-left","11":"first","12":"instock","13":"shipping-taxable","14":"purchasable","15":"product-type-simple"},"acf":[],"yoast_head":"<!-- This site is optimized with the Yoast SEO plugin v27.0 - https:\/\/yoast.com\/product\/yoast-seo-wordpress\/ -->\n<title>Karalien\u0117s likimas (yra patams\u0117jim\u0173, d\u0117meli\u0173)<\/title>\n<meta name=\"description\" content=\"\u0160is \u012fsp\u016bdingas romanas pasakoja apie Dezir\u0119 Klari \u2013 moter\u012f, u\u017ekariavusi\u0105 Napoleono Bonaparto \u0161ird\u012f, prad\u0117jusi\u0105 nauj\u0105 dinastij\u0105 ir pakeitusi\u0105 istorijos\" \/>\n<meta name=\"robots\" content=\"index, follow, max-snippet:-1, max-image-preview:large, max-video-preview:-1\" \/>\n<link rel=\"canonical\" href=\"https:\/\/skaitytaknyga.lt\/en\/produktas\/karalienes-likimas-su-defektu\/\" \/>\n<meta property=\"og:locale\" content=\"en_GB\" \/>\n<meta property=\"og:locale:alternate\" content=\"lt_LT\" \/>\n<meta property=\"og:type\" content=\"article\" \/>\n<meta property=\"og:title\" content=\"Karalien\u0117s likimas (yra patams\u0117jim\u0173, d\u0117meli\u0173)\" \/>\n<meta property=\"og:description\" content=\"\u0160is \u012fsp\u016bdingas romanas pasakoja apie Dezir\u0119 Klari \u2013 moter\u012f, u\u017ekariavusi\u0105 Napoleono Bonaparto \u0161ird\u012f, prad\u0117jusi\u0105 nauj\u0105 dinastij\u0105 ir pakeitusi\u0105 istorijos\" \/>\n<meta property=\"og:url\" content=\"https:\/\/skaitytaknyga.lt\/en\/produktas\/karalienes-likimas-su-defektu\/\" \/>\n<meta property=\"og:site_name\" content=\"Skaitytaknyga\" \/>\n<meta property=\"article:publisher\" content=\"https:\/\/www.facebook.com\/skaitytaknyga\/\" \/>\n<meta property=\"article:modified_time\" content=\"2026-04-10T18:10:04+00:00\" \/>\n<meta property=\"og:image\" content=\"https:\/\/skaitytaknyga.lt\/wp-content\/uploads\/2026\/04\/Karalienes-likimas-e1775843384581.webp\" \/>\n\t<meta property=\"og:image:width\" content=\"323\" \/>\n\t<meta property=\"og:image:height\" content=\"501\" \/>\n\t<meta property=\"og:image:type\" content=\"image\/webp\" \/>\n<meta name=\"twitter:card\" content=\"summary_large_image\" \/>\n<meta name=\"twitter:label1\" content=\"Estimated reading time\" \/>\n\t<meta name=\"twitter:data1\" content=\"1 minute\" \/>\n<script type=\"application\/ld+json\" class=\"yoast-schema-graph\">{\"@context\":\"https:\/\/schema.org\",\"@graph\":[{\"@type\":\"WebPage\",\"@id\":\"https:\/\/skaitytaknyga.lt\/produktas\/karalienes-likimas-su-defektu\/\",\"url\":\"https:\/\/skaitytaknyga.lt\/produktas\/karalienes-likimas-su-defektu\/\",\"name\":\"Karalien\u0117s likimas (yra patams\u0117jim\u0173, d\u0117meli\u0173)\",\"isPartOf\":{\"@id\":\"https:\/\/skaitytaknyga.lt\/#website\"},\"primaryImageOfPage\":{\"@id\":\"https:\/\/skaitytaknyga.lt\/produktas\/karalienes-likimas-su-defektu\/#primaryimage\"},\"image\":{\"@id\":\"https:\/\/skaitytaknyga.lt\/produktas\/karalienes-likimas-su-defektu\/#primaryimage\"},\"thumbnailUrl\":\"https:\/\/skaitytaknyga.lt\/wp-content\/uploads\/2026\/04\/Karalienes-likimas-e1775843384581.webp\",\"datePublished\":\"2026-04-10T17:36:12+00:00\",\"dateModified\":\"2026-04-10T18:10:04+00:00\",\"description\":\"\u0160is \u012fsp\u016bdingas romanas pasakoja apie Dezir\u0119 Klari \u2013 moter\u012f, u\u017ekariavusi\u0105 Napoleono Bonaparto \u0161ird\u012f, prad\u0117jusi\u0105 nauj\u0105 dinastij\u0105 ir pakeitusi\u0105 istorijos\",\"breadcrumb\":{\"@id\":\"https:\/\/skaitytaknyga.lt\/produktas\/karalienes-likimas-su-defektu\/#breadcrumb\"},\"inLanguage\":\"en-GB\",\"potentialAction\":[{\"@type\":\"ReadAction\",\"target\":[\"https:\/\/skaitytaknyga.lt\/produktas\/karalienes-likimas-su-defektu\/\"]}]},{\"@type\":\"ImageObject\",\"inLanguage\":\"en-GB\",\"@id\":\"https:\/\/skaitytaknyga.lt\/produktas\/karalienes-likimas-su-defektu\/#primaryimage\",\"url\":\"https:\/\/skaitytaknyga.lt\/wp-content\/uploads\/2026\/04\/Karalienes-likimas-e1775843384581.webp\",\"contentUrl\":\"https:\/\/skaitytaknyga.lt\/wp-content\/uploads\/2026\/04\/Karalienes-likimas-e1775843384581.webp\",\"width\":323,\"height\":501,\"caption\":\"Karalien\u0117s likimas\"},{\"@type\":\"BreadcrumbList\",\"@id\":\"https:\/\/skaitytaknyga.lt\/produktas\/karalienes-likimas-su-defektu\/#breadcrumb\",\"itemListElement\":[{\"@type\":\"ListItem\",\"position\":1,\"name\":\"Home\",\"item\":\"https:\/\/skaitytaknyga.lt\/\"},{\"@type\":\"ListItem\",\"position\":2,\"name\":\"Parduotuv\u0117\",\"item\":\"https:\/\/skaitytaknyga.lt\/knygu-parduotuve\/\"},{\"@type\":\"ListItem\",\"position\":3,\"name\":\"Karalien\u0117s likimas (yra patams\u0117jim\u0173, d\u0117meli\u0173)\"}]},{\"@type\":\"WebSite\",\"@id\":\"https:\/\/skaitytaknyga.lt\/#website\",\"url\":\"https:\/\/skaitytaknyga.lt\/\",\"name\":\"skaitytaknyga.lt\",\"description\":\"Skaitytaknyga.lt \u2013 tai ma\u017eas \u0161eimos verslas, kuris prasid\u0117jo nuo meil\u0117s knygoms ir siekio i\u0161gelb\u0117ti knygas nuo likimo prie konteinerio. Kas vienam nereikalingas daiktas \u2013 kitam lobis, o mes esame tarpininkai, kurie padeda abiems tapti laimingesniems ???? \u017dinome kaip nelengva i\u0161gyventi ma\u017eiems verslams, tad nuo \u0161iol, \u010dia rasite ir kit\u0173, ma\u017e\u0173 \u0161eim\u0173 versl\u0173, rank\u0173 darbo, dovan\u0173 sau ir artimiesiems.\",\"publisher\":{\"@id\":\"https:\/\/skaitytaknyga.lt\/#organization\"},\"potentialAction\":[{\"@type\":\"SearchAction\",\"target\":{\"@type\":\"EntryPoint\",\"urlTemplate\":\"https:\/\/skaitytaknyga.lt\/?s={search_term_string}\"},\"query-input\":{\"@type\":\"PropertyValueSpecification\",\"valueRequired\":true,\"valueName\":\"search_term_string\"}}],\"inLanguage\":\"en-GB\"},{\"@type\":\"Organization\",\"@id\":\"https:\/\/skaitytaknyga.lt\/#organization\",\"name\":\"skaitytaknyga.lt\",\"url\":\"https:\/\/skaitytaknyga.lt\/\",\"logo\":{\"@type\":\"ImageObject\",\"inLanguage\":\"en-GB\",\"@id\":\"https:\/\/skaitytaknyga.lt\/#\/schema\/logo\/image\/\",\"url\":\"https:\/\/skaitytaknyga.lt\/wp-content\/uploads\/2024\/05\/cropped-cropped-cropped-02_00843_jt3bggkj1j3HLc7SyY6rEUpg.jpeg\",\"contentUrl\":\"https:\/\/skaitytaknyga.lt\/wp-content\/uploads\/2024\/05\/cropped-cropped-cropped-02_00843_jt3bggkj1j3HLc7SyY6rEUpg.jpeg\",\"width\":1600,\"height\":1600,\"caption\":\"skaitytaknyga.lt\"},\"image\":{\"@id\":\"https:\/\/skaitytaknyga.lt\/#\/schema\/logo\/image\/\"},\"sameAs\":[\"https:\/\/www.facebook.com\/skaitytaknyga\/\"]}]}<\/script>\n<!-- \/ Yoast SEO plugin. -->","yoast_head_json":{"title":"Karalien\u0117s likimas (yra patams\u0117jim\u0173, d\u0117meli\u0173)","description":"\u0160is \u012fsp\u016bdingas romanas pasakoja apie Dezir\u0119 Klari \u2013 moter\u012f, u\u017ekariavusi\u0105 Napoleono Bonaparto \u0161ird\u012f, prad\u0117jusi\u0105 nauj\u0105 dinastij\u0105 ir pakeitusi\u0105 istorijos","robots":{"index":"index","follow":"follow","max-snippet":"max-snippet:-1","max-image-preview":"max-image-preview:large","max-video-preview":"max-video-preview:-1"},"canonical":"https:\/\/skaitytaknyga.lt\/en\/produktas\/karalienes-likimas-su-defektu\/","og_locale":"en_GB","og_type":"article","og_title":"[:lt]Karalien\u0117s likimas (yra patams\u0117jim\u0173, d\u0117meli\u0173)[:] - Skaitytaknyga","og_description":"\u0160is \u012fsp\u016bdingas romanas pasakoja apie Dezir\u0119 Klari \u2013 moter\u012f, u\u017ekariavusi\u0105 Napoleono Bonaparto \u0161ird\u012f, prad\u0117jusi\u0105 nauj\u0105 dinastij\u0105 ir pakeitusi\u0105 istorijos","og_url":"https:\/\/skaitytaknyga.lt\/en\/produktas\/karalienes-likimas-su-defektu\/","og_site_name":"Skaitytaknyga","article_publisher":"https:\/\/www.facebook.com\/skaitytaknyga\/","article_modified_time":"2026-04-10T18:10:04+00:00","og_image":[{"width":323,"height":501,"url":"https:\/\/skaitytaknyga.lt\/wp-content\/uploads\/2026\/04\/Karalienes-likimas-e1775843384581.webp","type":"image\/webp"}],"twitter_card":"summary_large_image","twitter_misc":{"Estimated reading time":"1 minute"},"schema":{"@context":"https:\/\/schema.org","@graph":[{"@type":"WebPage","@id":"https:\/\/skaitytaknyga.lt\/produktas\/karalienes-likimas-su-defektu\/","url":"https:\/\/skaitytaknyga.lt\/produktas\/karalienes-likimas-su-defektu\/","name":"Karalien\u0117s likimas (yra patams\u0117jim\u0173, d\u0117meli\u0173)","isPartOf":{"@id":"https:\/\/skaitytaknyga.lt\/#website"},"primaryImageOfPage":{"@id":"https:\/\/skaitytaknyga.lt\/produktas\/karalienes-likimas-su-defektu\/#primaryimage"},"image":{"@id":"https:\/\/skaitytaknyga.lt\/produktas\/karalienes-likimas-su-defektu\/#primaryimage"},"thumbnailUrl":"https:\/\/skaitytaknyga.lt\/wp-content\/uploads\/2026\/04\/Karalienes-likimas-e1775843384581.webp","datePublished":"2026-04-10T17:36:12+00:00","dateModified":"2026-04-10T18:10:04+00:00","description":"\u0160is \u012fsp\u016bdingas romanas pasakoja apie Dezir\u0119 Klari \u2013 moter\u012f, u\u017ekariavusi\u0105 Napoleono Bonaparto \u0161ird\u012f, prad\u0117jusi\u0105 nauj\u0105 dinastij\u0105 ir pakeitusi\u0105 istorijos","breadcrumb":{"@id":"https:\/\/skaitytaknyga.lt\/produktas\/karalienes-likimas-su-defektu\/#breadcrumb"},"inLanguage":"en-GB","potentialAction":[{"@type":"ReadAction","target":["https:\/\/skaitytaknyga.lt\/produktas\/karalienes-likimas-su-defektu\/"]}]},{"@type":"ImageObject","inLanguage":"en-GB","@id":"https:\/\/skaitytaknyga.lt\/produktas\/karalienes-likimas-su-defektu\/#primaryimage","url":"https:\/\/skaitytaknyga.lt\/wp-content\/uploads\/2026\/04\/Karalienes-likimas-e1775843384581.webp","contentUrl":"https:\/\/skaitytaknyga.lt\/wp-content\/uploads\/2026\/04\/Karalienes-likimas-e1775843384581.webp","width":323,"height":501,"caption":"Karalien\u0117s likimas"},{"@type":"BreadcrumbList","@id":"https:\/\/skaitytaknyga.lt\/produktas\/karalienes-likimas-su-defektu\/#breadcrumb","itemListElement":[{"@type":"ListItem","position":1,"name":"Home","item":"https:\/\/skaitytaknyga.lt\/"},{"@type":"ListItem","position":2,"name":"Parduotuv\u0117","item":"https:\/\/skaitytaknyga.lt\/knygu-parduotuve\/"},{"@type":"ListItem","position":3,"name":"Karalien\u0117s likimas (yra patams\u0117jim\u0173, d\u0117meli\u0173)"}]},{"@type":"WebSite","@id":"https:\/\/skaitytaknyga.lt\/#website","url":"https:\/\/skaitytaknyga.lt\/","name":"skaitytaknyga.lt","description":"Skaitytaknyga.lt \u2013 tai ma\u017eas \u0161eimos verslas, kuris prasid\u0117jo nuo meil\u0117s knygoms ir siekio i\u0161gelb\u0117ti knygas nuo likimo prie konteinerio. Kas vienam nereikalingas daiktas \u2013 kitam lobis, o mes esame tarpininkai, kurie padeda abiems tapti laimingesniems ???? \u017dinome kaip nelengva i\u0161gyventi ma\u017eiems verslams, tad nuo \u0161iol, \u010dia rasite ir kit\u0173, ma\u017e\u0173 \u0161eim\u0173 versl\u0173, rank\u0173 darbo, dovan\u0173 sau ir artimiesiems.","publisher":{"@id":"https:\/\/skaitytaknyga.lt\/#organization"},"potentialAction":[{"@type":"SearchAction","target":{"@type":"EntryPoint","urlTemplate":"https:\/\/skaitytaknyga.lt\/?s={search_term_string}"},"query-input":{"@type":"PropertyValueSpecification","valueRequired":true,"valueName":"search_term_string"}}],"inLanguage":"en-GB"},{"@type":"Organization","@id":"https:\/\/skaitytaknyga.lt\/#organization","name":"skaitytaknyga.lt","url":"https:\/\/skaitytaknyga.lt\/","logo":{"@type":"ImageObject","inLanguage":"en-GB","@id":"https:\/\/skaitytaknyga.lt\/#\/schema\/logo\/image\/","url":"https:\/\/skaitytaknyga.lt\/wp-content\/uploads\/2024\/05\/cropped-cropped-cropped-02_00843_jt3bggkj1j3HLc7SyY6rEUpg.jpeg","contentUrl":"https:\/\/skaitytaknyga.lt\/wp-content\/uploads\/2024\/05\/cropped-cropped-cropped-02_00843_jt3bggkj1j3HLc7SyY6rEUpg.jpeg","width":1600,"height":1600,"caption":"skaitytaknyga.lt"},"image":{"@id":"https:\/\/skaitytaknyga.lt\/#\/schema\/logo\/image\/"},"sameAs":["https:\/\/www.facebook.com\/skaitytaknyga\/"]}]}},"_links":{"self":[{"href":"https:\/\/skaitytaknyga.lt\/en\/wp-json\/wp\/v2\/product\/25679","targetHints":{"allow":["GET"]}}],"collection":[{"href":"https:\/\/skaitytaknyga.lt\/en\/wp-json\/wp\/v2\/product"}],"about":[{"href":"https:\/\/skaitytaknyga.lt\/en\/wp-json\/wp\/v2\/types\/product"}],"replies":[{"embeddable":true,"href":"https:\/\/skaitytaknyga.lt\/en\/wp-json\/wp\/v2\/comments?post=25679"}],"wp:featuredmedia":[{"embeddable":true,"href":"https:\/\/skaitytaknyga.lt\/en\/wp-json\/wp\/v2\/media\/25685"}],"wp:attachment":[{"href":"https:\/\/skaitytaknyga.lt\/en\/wp-json\/wp\/v2\/media?parent=25679"}],"wp:term":[{"taxonomy":"product_brand","embeddable":true,"href":"https:\/\/skaitytaknyga.lt\/en\/wp-json\/wp\/v2\/product_brand?post=25679"},{"taxonomy":"product_cat","embeddable":true,"href":"https:\/\/skaitytaknyga.lt\/en\/wp-json\/wp\/v2\/product_cat?post=25679"},{"taxonomy":"product_tag","embeddable":true,"href":"https:\/\/skaitytaknyga.lt\/en\/wp-json\/wp\/v2\/product_tag?post=25679"}],"curies":[{"name":"wp","href":"https:\/\/api.w.org\/{rel}","templated":true}]}}