{"id":25678,"date":"2026-04-10T20:36:12","date_gmt":"2026-04-10T17:36:12","guid":{"rendered":"https:\/\/skaitytaknyga.lt\/?post_type=product&#038;p=25678"},"modified":"2026-04-10T20:45:36","modified_gmt":"2026-04-10T17:45:36","slug":"eve-dreik-viska-pradeda-is-naujo","status":"publish","type":"product","link":"https:\/\/skaitytaknyga.lt\/en\/produktas\/eve-dreik-viska-pradeda-is-naujo\/","title":{"rendered":"Ev\u0117 Dreik visk\u0105 pradeda i\u0161 naujo"},"content":{"rendered":"<p>Trisde\u0161imtmet\u0117 Ev\u0117 Dreik gyvena \u017eaviame ir apsn\u016bdusiame Meino valstijos paj\u016brio miestelyje, bet retai kada i\u0161kelia koj\u0105 i\u0161 savo pernelyg dideli\u0173 tu\u0161\u010di\u0173 nam\u0173, daug skaito ir klausosi keis\u010diausi\u0173 tinklalaid\u017ei\u0173. Jos geriausias draugas Endis mano, kad ji gedi beveik prie\u0161 metus \u017euvusio vyro. Ir Ev\u0117 neprie\u0161tarauja.<\/p>\n<p>Kai Endis jai pasi\u016blo nenaudojam\u0105 namo dal\u012f i\u0161nuomoti savo vaikyst\u0117s draugui, buvusiam beisbolininkui Dinui Teniui, Ev\u0117 sutinka. Kaip ir Ev\u0117s, Dino gyvenimas pasisuko ne ta linkme, jis patyr\u0117 did\u017eiausi\u0105 sportinink\u0173 ko\u0161mar\u0105 \u2013 viena\u0328 ryta\u0328 pabude\u0328s nebesugeb\u0117jo m\u0117tyti kamuoliuko ir iki \u0161iol negali i\u0161siai\u0161kinti, kod\u0117l. Tad abu susitaria: Ev\u0117 neklausin\u0117s apie beisbol\u0105, o Dinas \u2013 apie jos mirus\u012f vyr\u0105. Bet taisykl\u0117s da\u017enai ir sukuriamos tam, kad b\u016bt\u0173 sulau\u017eytos&#8230;<\/p>\n<p>Ev\u0117 ir Dinas pabandys visk\u0105 prad\u0117ti i\u0161 naujo, nes gyvenime, kaip ir beisbole, visada b\u016bna dar vienas \u0161ansas.<\/p>\n","protected":false},"excerpt":{"rendered":"<p>Trisde\u0161imtmet\u0117 Ev\u0117 Dreik gyvena \u017eaviame ir apsn\u016bdusiame Meino valstijos paj\u016brio miestelyje, bet retai kada i\u0161kelia koj\u0105 i\u0161 savo pernelyg dideli\u0173 tu\u0161\u010di\u0173 nam\u0173, daug skaito ir klausosi keis\u010diausi\u0173 tinklalaid\u017ei\u0173. Jos geriausias draugas Endis mano, kad ji gedi beveik prie\u0161 metus \u017euvusio vyro. Ir Ev\u0117 neprie\u0161tarauja. Kai Endis jai pasi\u016blo nenaudojam\u0105 namo dal\u012f i\u0161nuomoti savo vaikyst\u0117s draugui, buvusiam beisbolininkui Dinui Teniui, Ev\u0117 sutinka. Kaip ir Ev\u0117s, Dino gyvenimas pasisuko ne ta linkme, jis patyr\u0117 did\u017eiausi\u0105 sportinink\u0173 ko\u0161mar\u0105 \u2013 viena\u0328 ryta\u0328 pabude\u0328s nebesugeb\u0117jo m\u0117tyti kamuoliuko ir iki \u0161iol negali i\u0161siai\u0161kinti, kod\u0117l. Tad abu susitaria: Ev\u0117 neklausin\u0117s apie beisbol\u0105, o Dinas \u2013 apie jos mirus\u012f vyr\u0105. Bet taisykl\u0117s da\u017enai ir sukuriamos tam, kad b\u016bt\u0173 sulau\u017eytos&#8230; Ev\u0117 ir Dinas pabandys visk\u0105 prad\u0117ti i\u0161 naujo, nes gyvenime, kaip ir beisbole, visada b\u016bna dar vienas \u0161ansas.<\/p>\n","protected":false},"featured_media":25683,"comment_status":"open","ping_status":"closed","template":"","meta":{"_acf_changed":false,"site-sidebar-layout":"default","site-content-layout":"","ast-site-content-layout":"default","site-content-style":"default","site-sidebar-style":"default","ast-global-header-display":"","ast-banner-title-visibility":"","ast-main-header-display":"","ast-hfb-above-header-display":"","ast-hfb-below-header-display":"","ast-hfb-mobile-header-display":"","site-post-title":"","ast-breadcrumbs-content":"","ast-featured-img":"","footer-sml-layout":"","ast-disable-related-posts":"","theme-transparent-header-meta":"","adv-header-id-meta":"","stick-header-meta":"","header-above-stick-meta":"","header-main-stick-meta":"","header-below-stick-meta":"","astra-migrate-meta-layouts":"default","ast-page-background-enabled":"default","ast-page-background-meta":{"desktop":{"background-color":"","background-image":"","background-repeat":"repeat","background-position":"center center","background-size":"auto","background-attachment":"scroll","background-type":"","background-media":"","overlay-type":"","overlay-color":"","overlay-opacity":"","overlay-gradient":""},"tablet":{"background-color":"","background-image":"","background-repeat":"repeat","background-position":"center center","background-size":"auto","background-attachment":"scroll","background-type":"","background-media":"","overlay-type":"","overlay-color":"","overlay-opacity":"","overlay-gradient":""},"mobile":{"background-color":"","background-image":"","background-repeat":"repeat","background-position":"center center","background-size":"auto","background-attachment":"scroll","background-type":"","background-media":"","overlay-type":"","overlay-color":"","overlay-opacity":"","overlay-gradient":""}},"ast-content-background-meta":{"desktop":{"background-color":"var(--ast-global-color-4)","background-image":"","background-repeat":"repeat","background-position":"center center","background-size":"auto","background-attachment":"scroll","background-type":"","background-media":"","overlay-type":"","overlay-color":"","overlay-opacity":"","overlay-gradient":""},"tablet":{"background-color":"var(--ast-global-color-4)","background-image":"","background-repeat":"repeat","background-position":"center center","background-size":"auto","background-attachment":"scroll","background-type":"","background-media":"","overlay-type":"","overlay-color":"","overlay-opacity":"","overlay-gradient":""},"mobile":{"background-color":"var(--ast-global-color-4)","background-image":"","background-repeat":"repeat","background-position":"center center","background-size":"auto","background-attachment":"scroll","background-type":"","background-media":"","overlay-type":"","overlay-color":"","overlay-opacity":"","overlay-gradient":""}}},"product_brand":[],"product_cat":[9734],"product_tag":[],"class_list":{"0":"post-25678","1":"product","2":"type-product","3":"status-publish","4":"has-post-thumbnail","6":"product_cat-romanai","7":"desktop-align-left","8":"tablet-align-left","9":"mobile-align-left","11":"first","12":"instock","13":"shipping-taxable","14":"purchasable","15":"product-type-simple"},"acf":[],"yoast_head":"<!-- This site is optimized with the Yoast SEO plugin v27.0 - https:\/\/yoast.com\/product\/yoast-seo-wordpress\/ -->\n<title>Ev\u0117 Dreik visk\u0105 pradeda i\u0161 naujo<\/title>\n<meta name=\"description\" content=\"Trisde\u0161imtmet\u0117 Ev\u0117 Dreik gyvena \u017eaviame ir apsn\u016bdusiame Meino valstijos paj\u016brio miestelyje, bet retai kada i\u0161kelia koj\u0105 i\u0161 savo pernelyg dideli\u0173 tu\u0161\u010di\u0173\" \/>\n<meta name=\"robots\" content=\"index, follow, max-snippet:-1, max-image-preview:large, max-video-preview:-1\" \/>\n<link rel=\"canonical\" href=\"https:\/\/skaitytaknyga.lt\/en\/produktas\/eve-dreik-viska-pradeda-is-naujo\/\" \/>\n<meta property=\"og:locale\" content=\"en_GB\" \/>\n<meta property=\"og:locale:alternate\" content=\"lt_LT\" \/>\n<meta property=\"og:type\" content=\"article\" \/>\n<meta property=\"og:title\" content=\"Ev\u0117 Dreik visk\u0105 pradeda i\u0161 naujo\" \/>\n<meta property=\"og:description\" content=\"Trisde\u0161imtmet\u0117 Ev\u0117 Dreik gyvena \u017eaviame ir apsn\u016bdusiame Meino valstijos paj\u016brio miestelyje, bet retai kada i\u0161kelia koj\u0105 i\u0161 savo pernelyg dideli\u0173 tu\u0161\u010di\u0173\" \/>\n<meta property=\"og:url\" content=\"https:\/\/skaitytaknyga.lt\/en\/produktas\/eve-dreik-viska-pradeda-is-naujo\/\" \/>\n<meta property=\"og:site_name\" content=\"Skaitytaknyga\" \/>\n<meta property=\"article:publisher\" content=\"https:\/\/www.facebook.com\/skaitytaknyga\/\" \/>\n<meta property=\"article:modified_time\" content=\"2026-04-10T17:45:36+00:00\" \/>\n<meta property=\"og:image\" content=\"https:\/\/skaitytaknyga.lt\/wp-content\/uploads\/2026\/04\/Eve-Dreik-viska-pradeda-is-naujo.webp\" \/>\n\t<meta property=\"og:image:width\" content=\"451\" \/>\n\t<meta property=\"og:image:height\" content=\"652\" \/>\n\t<meta property=\"og:image:type\" content=\"image\/webp\" \/>\n<meta name=\"twitter:card\" content=\"summary_large_image\" \/>\n<meta name=\"twitter:label1\" content=\"Estimated reading time\" \/>\n\t<meta name=\"twitter:data1\" content=\"1 minute\" \/>\n<script type=\"application\/ld+json\" class=\"yoast-schema-graph\">{\"@context\":\"https:\/\/schema.org\",\"@graph\":[{\"@type\":\"WebPage\",\"@id\":\"https:\/\/skaitytaknyga.lt\/produktas\/eve-dreik-viska-pradeda-is-naujo\/\",\"url\":\"https:\/\/skaitytaknyga.lt\/produktas\/eve-dreik-viska-pradeda-is-naujo\/\",\"name\":\"Ev\u0117 Dreik visk\u0105 pradeda i\u0161 naujo\",\"isPartOf\":{\"@id\":\"https:\/\/skaitytaknyga.lt\/#website\"},\"primaryImageOfPage\":{\"@id\":\"https:\/\/skaitytaknyga.lt\/produktas\/eve-dreik-viska-pradeda-is-naujo\/#primaryimage\"},\"image\":{\"@id\":\"https:\/\/skaitytaknyga.lt\/produktas\/eve-dreik-viska-pradeda-is-naujo\/#primaryimage\"},\"thumbnailUrl\":\"https:\/\/skaitytaknyga.lt\/wp-content\/uploads\/2026\/04\/Eve-Dreik-viska-pradeda-is-naujo.webp\",\"datePublished\":\"2026-04-10T17:36:12+00:00\",\"dateModified\":\"2026-04-10T17:45:36+00:00\",\"description\":\"Trisde\u0161imtmet\u0117 Ev\u0117 Dreik gyvena \u017eaviame ir apsn\u016bdusiame Meino valstijos paj\u016brio miestelyje, bet retai kada i\u0161kelia koj\u0105 i\u0161 savo pernelyg dideli\u0173 tu\u0161\u010di\u0173\",\"breadcrumb\":{\"@id\":\"https:\/\/skaitytaknyga.lt\/produktas\/eve-dreik-viska-pradeda-is-naujo\/#breadcrumb\"},\"inLanguage\":\"en-GB\",\"potentialAction\":[{\"@type\":\"ReadAction\",\"target\":[\"https:\/\/skaitytaknyga.lt\/produktas\/eve-dreik-viska-pradeda-is-naujo\/\"]}]},{\"@type\":\"ImageObject\",\"inLanguage\":\"en-GB\",\"@id\":\"https:\/\/skaitytaknyga.lt\/produktas\/eve-dreik-viska-pradeda-is-naujo\/#primaryimage\",\"url\":\"https:\/\/skaitytaknyga.lt\/wp-content\/uploads\/2026\/04\/Eve-Dreik-viska-pradeda-is-naujo.webp\",\"contentUrl\":\"https:\/\/skaitytaknyga.lt\/wp-content\/uploads\/2026\/04\/Eve-Dreik-viska-pradeda-is-naujo.webp\",\"width\":451,\"height\":652,\"caption\":\"Ev\u0117 Dreik visk\u0105 pradeda i\u0161 naujo\"},{\"@type\":\"BreadcrumbList\",\"@id\":\"https:\/\/skaitytaknyga.lt\/produktas\/eve-dreik-viska-pradeda-is-naujo\/#breadcrumb\",\"itemListElement\":[{\"@type\":\"ListItem\",\"position\":1,\"name\":\"Home\",\"item\":\"https:\/\/skaitytaknyga.lt\/\"},{\"@type\":\"ListItem\",\"position\":2,\"name\":\"Parduotuv\u0117\",\"item\":\"https:\/\/skaitytaknyga.lt\/knygu-parduotuve\/\"},{\"@type\":\"ListItem\",\"position\":3,\"name\":\"Ev\u0117 Dreik visk\u0105 pradeda i\u0161 naujo\"}]},{\"@type\":\"WebSite\",\"@id\":\"https:\/\/skaitytaknyga.lt\/#website\",\"url\":\"https:\/\/skaitytaknyga.lt\/\",\"name\":\"skaitytaknyga.lt\",\"description\":\"Skaitytaknyga.lt \u2013 tai ma\u017eas \u0161eimos verslas, kuris prasid\u0117jo nuo meil\u0117s knygoms ir siekio i\u0161gelb\u0117ti knygas nuo likimo prie konteinerio. Kas vienam nereikalingas daiktas \u2013 kitam lobis, o mes esame tarpininkai, kurie padeda abiems tapti laimingesniems ???? \u017dinome kaip nelengva i\u0161gyventi ma\u017eiems verslams, tad nuo \u0161iol, \u010dia rasite ir kit\u0173, ma\u017e\u0173 \u0161eim\u0173 versl\u0173, rank\u0173 darbo, dovan\u0173 sau ir artimiesiems.\",\"publisher\":{\"@id\":\"https:\/\/skaitytaknyga.lt\/#organization\"},\"potentialAction\":[{\"@type\":\"SearchAction\",\"target\":{\"@type\":\"EntryPoint\",\"urlTemplate\":\"https:\/\/skaitytaknyga.lt\/?s={search_term_string}\"},\"query-input\":{\"@type\":\"PropertyValueSpecification\",\"valueRequired\":true,\"valueName\":\"search_term_string\"}}],\"inLanguage\":\"en-GB\"},{\"@type\":\"Organization\",\"@id\":\"https:\/\/skaitytaknyga.lt\/#organization\",\"name\":\"skaitytaknyga.lt\",\"url\":\"https:\/\/skaitytaknyga.lt\/\",\"logo\":{\"@type\":\"ImageObject\",\"inLanguage\":\"en-GB\",\"@id\":\"https:\/\/skaitytaknyga.lt\/#\/schema\/logo\/image\/\",\"url\":\"https:\/\/skaitytaknyga.lt\/wp-content\/uploads\/2024\/05\/cropped-cropped-cropped-02_00843_jt3bggkj1j3HLc7SyY6rEUpg.jpeg\",\"contentUrl\":\"https:\/\/skaitytaknyga.lt\/wp-content\/uploads\/2024\/05\/cropped-cropped-cropped-02_00843_jt3bggkj1j3HLc7SyY6rEUpg.jpeg\",\"width\":1600,\"height\":1600,\"caption\":\"skaitytaknyga.lt\"},\"image\":{\"@id\":\"https:\/\/skaitytaknyga.lt\/#\/schema\/logo\/image\/\"},\"sameAs\":[\"https:\/\/www.facebook.com\/skaitytaknyga\/\"]}]}<\/script>\n<!-- \/ Yoast SEO plugin. -->","yoast_head_json":{"title":"Ev\u0117 Dreik visk\u0105 pradeda i\u0161 naujo","description":"Trisde\u0161imtmet\u0117 Ev\u0117 Dreik gyvena \u017eaviame ir apsn\u016bdusiame Meino valstijos paj\u016brio miestelyje, bet retai kada i\u0161kelia koj\u0105 i\u0161 savo pernelyg dideli\u0173 tu\u0161\u010di\u0173","robots":{"index":"index","follow":"follow","max-snippet":"max-snippet:-1","max-image-preview":"max-image-preview:large","max-video-preview":"max-video-preview:-1"},"canonical":"https:\/\/skaitytaknyga.lt\/en\/produktas\/eve-dreik-viska-pradeda-is-naujo\/","og_locale":"en_GB","og_type":"article","og_title":"[:lt]Ev\u0117 Dreik visk\u0105 pradeda i\u0161 naujo[:] - Skaitytaknyga","og_description":"Trisde\u0161imtmet\u0117 Ev\u0117 Dreik gyvena \u017eaviame ir apsn\u016bdusiame Meino valstijos paj\u016brio miestelyje, bet retai kada i\u0161kelia koj\u0105 i\u0161 savo pernelyg dideli\u0173 tu\u0161\u010di\u0173","og_url":"https:\/\/skaitytaknyga.lt\/en\/produktas\/eve-dreik-viska-pradeda-is-naujo\/","og_site_name":"Skaitytaknyga","article_publisher":"https:\/\/www.facebook.com\/skaitytaknyga\/","article_modified_time":"2026-04-10T17:45:36+00:00","og_image":[{"width":451,"height":652,"url":"https:\/\/skaitytaknyga.lt\/wp-content\/uploads\/2026\/04\/Eve-Dreik-viska-pradeda-is-naujo.webp","type":"image\/webp"}],"twitter_card":"summary_large_image","twitter_misc":{"Estimated reading time":"1 minute"},"schema":{"@context":"https:\/\/schema.org","@graph":[{"@type":"WebPage","@id":"https:\/\/skaitytaknyga.lt\/produktas\/eve-dreik-viska-pradeda-is-naujo\/","url":"https:\/\/skaitytaknyga.lt\/produktas\/eve-dreik-viska-pradeda-is-naujo\/","name":"Ev\u0117 Dreik visk\u0105 pradeda i\u0161 naujo","isPartOf":{"@id":"https:\/\/skaitytaknyga.lt\/#website"},"primaryImageOfPage":{"@id":"https:\/\/skaitytaknyga.lt\/produktas\/eve-dreik-viska-pradeda-is-naujo\/#primaryimage"},"image":{"@id":"https:\/\/skaitytaknyga.lt\/produktas\/eve-dreik-viska-pradeda-is-naujo\/#primaryimage"},"thumbnailUrl":"https:\/\/skaitytaknyga.lt\/wp-content\/uploads\/2026\/04\/Eve-Dreik-viska-pradeda-is-naujo.webp","datePublished":"2026-04-10T17:36:12+00:00","dateModified":"2026-04-10T17:45:36+00:00","description":"Trisde\u0161imtmet\u0117 Ev\u0117 Dreik gyvena \u017eaviame ir apsn\u016bdusiame Meino valstijos paj\u016brio miestelyje, bet retai kada i\u0161kelia koj\u0105 i\u0161 savo pernelyg dideli\u0173 tu\u0161\u010di\u0173","breadcrumb":{"@id":"https:\/\/skaitytaknyga.lt\/produktas\/eve-dreik-viska-pradeda-is-naujo\/#breadcrumb"},"inLanguage":"en-GB","potentialAction":[{"@type":"ReadAction","target":["https:\/\/skaitytaknyga.lt\/produktas\/eve-dreik-viska-pradeda-is-naujo\/"]}]},{"@type":"ImageObject","inLanguage":"en-GB","@id":"https:\/\/skaitytaknyga.lt\/produktas\/eve-dreik-viska-pradeda-is-naujo\/#primaryimage","url":"https:\/\/skaitytaknyga.lt\/wp-content\/uploads\/2026\/04\/Eve-Dreik-viska-pradeda-is-naujo.webp","contentUrl":"https:\/\/skaitytaknyga.lt\/wp-content\/uploads\/2026\/04\/Eve-Dreik-viska-pradeda-is-naujo.webp","width":451,"height":652,"caption":"Ev\u0117 Dreik visk\u0105 pradeda i\u0161 naujo"},{"@type":"BreadcrumbList","@id":"https:\/\/skaitytaknyga.lt\/produktas\/eve-dreik-viska-pradeda-is-naujo\/#breadcrumb","itemListElement":[{"@type":"ListItem","position":1,"name":"Home","item":"https:\/\/skaitytaknyga.lt\/"},{"@type":"ListItem","position":2,"name":"Parduotuv\u0117","item":"https:\/\/skaitytaknyga.lt\/knygu-parduotuve\/"},{"@type":"ListItem","position":3,"name":"Ev\u0117 Dreik visk\u0105 pradeda i\u0161 naujo"}]},{"@type":"WebSite","@id":"https:\/\/skaitytaknyga.lt\/#website","url":"https:\/\/skaitytaknyga.lt\/","name":"skaitytaknyga.lt","description":"Skaitytaknyga.lt \u2013 tai ma\u017eas \u0161eimos verslas, kuris prasid\u0117jo nuo meil\u0117s knygoms ir siekio i\u0161gelb\u0117ti knygas nuo likimo prie konteinerio. Kas vienam nereikalingas daiktas \u2013 kitam lobis, o mes esame tarpininkai, kurie padeda abiems tapti laimingesniems ???? \u017dinome kaip nelengva i\u0161gyventi ma\u017eiems verslams, tad nuo \u0161iol, \u010dia rasite ir kit\u0173, ma\u017e\u0173 \u0161eim\u0173 versl\u0173, rank\u0173 darbo, dovan\u0173 sau ir artimiesiems.","publisher":{"@id":"https:\/\/skaitytaknyga.lt\/#organization"},"potentialAction":[{"@type":"SearchAction","target":{"@type":"EntryPoint","urlTemplate":"https:\/\/skaitytaknyga.lt\/?s={search_term_string}"},"query-input":{"@type":"PropertyValueSpecification","valueRequired":true,"valueName":"search_term_string"}}],"inLanguage":"en-GB"},{"@type":"Organization","@id":"https:\/\/skaitytaknyga.lt\/#organization","name":"skaitytaknyga.lt","url":"https:\/\/skaitytaknyga.lt\/","logo":{"@type":"ImageObject","inLanguage":"en-GB","@id":"https:\/\/skaitytaknyga.lt\/#\/schema\/logo\/image\/","url":"https:\/\/skaitytaknyga.lt\/wp-content\/uploads\/2024\/05\/cropped-cropped-cropped-02_00843_jt3bggkj1j3HLc7SyY6rEUpg.jpeg","contentUrl":"https:\/\/skaitytaknyga.lt\/wp-content\/uploads\/2024\/05\/cropped-cropped-cropped-02_00843_jt3bggkj1j3HLc7SyY6rEUpg.jpeg","width":1600,"height":1600,"caption":"skaitytaknyga.lt"},"image":{"@id":"https:\/\/skaitytaknyga.lt\/#\/schema\/logo\/image\/"},"sameAs":["https:\/\/www.facebook.com\/skaitytaknyga\/"]}]}},"_links":{"self":[{"href":"https:\/\/skaitytaknyga.lt\/en\/wp-json\/wp\/v2\/product\/25678","targetHints":{"allow":["GET"]}}],"collection":[{"href":"https:\/\/skaitytaknyga.lt\/en\/wp-json\/wp\/v2\/product"}],"about":[{"href":"https:\/\/skaitytaknyga.lt\/en\/wp-json\/wp\/v2\/types\/product"}],"replies":[{"embeddable":true,"href":"https:\/\/skaitytaknyga.lt\/en\/wp-json\/wp\/v2\/comments?post=25678"}],"wp:featuredmedia":[{"embeddable":true,"href":"https:\/\/skaitytaknyga.lt\/en\/wp-json\/wp\/v2\/media\/25683"}],"wp:attachment":[{"href":"https:\/\/skaitytaknyga.lt\/en\/wp-json\/wp\/v2\/media?parent=25678"}],"wp:term":[{"taxonomy":"product_brand","embeddable":true,"href":"https:\/\/skaitytaknyga.lt\/en\/wp-json\/wp\/v2\/product_brand?post=25678"},{"taxonomy":"product_cat","embeddable":true,"href":"https:\/\/skaitytaknyga.lt\/en\/wp-json\/wp\/v2\/product_cat?post=25678"},{"taxonomy":"product_tag","embeddable":true,"href":"https:\/\/skaitytaknyga.lt\/en\/wp-json\/wp\/v2\/product_tag?post=25678"}],"curies":[{"name":"wp","href":"https:\/\/api.w.org\/{rel}","templated":true}]}}