{"id":25677,"date":"2026-04-10T20:36:12","date_gmt":"2026-04-10T17:36:12","guid":{"rendered":"https:\/\/skaitytaknyga.lt\/?post_type=product&#038;p=25677"},"modified":"2026-04-10T20:45:36","modified_gmt":"2026-04-10T17:45:36","slug":"kriaukliu-ieskotojai","status":"publish","type":"product","link":"https:\/\/skaitytaknyga.lt\/en\/produktas\/kriaukliu-ieskotojai\/","title":{"rendered":"Kriaukli\u0173 ie\u0161kotojai (ma\u017eas defektas)"},"content":{"rendered":"<p>Legendinio tapytojo dukra Penelop\u0117 Kiling nugyveno turining\u0105 ir \u012fdom\u0173 gyvenim\u0105: bohemi\u0161ka vaikyst\u0117 ir paauglyst\u0117 Londone ir Kornvalyje, nelaiminga santuoka karo metais ir tas vienintelis, kur\u012f myl\u0117jo labiausiai. Likimas juodu i\u0161skyr\u0117, ta\u010diau \u0161irdies skausmas niekur nedingo. Ji u\u017eaugino tris vaikus ir i\u0161moko priimti juos tokius, kokie jie yra: god\u017eius, savanaud\u017eius, meluojan\u010dius, skaudinan\u010dius, vis re\u010diau aplankan\u010dius ir vis ma\u017eiau primenan\u010dius tuos \u017emones, kuriais Penelop\u0117 nor\u0117jo, kad jie tapt\u0173. Nors silpstanti sveikata vis bando paki\u0161ti koj\u0105, Penelop\u0117 per daug energinga ir nepriklausoma, kad tiesiog tapt\u0173 bej\u0117ge sena moterimi.<\/p>\n<p>Kai Penelop\u0117 su\u017eino, kad jos mylimo t\u0117vo paveikslas \u201eKriaukli\u0173 ie\u0161kotojai&#8221; dabar yra vertas anks\u010diau net nesapnuot\u0173 turt\u0173, ji supranta, kad nuo \u0161iol priimami sprendimai gali \u0161eim\u0105 sustiprinti arba i\u0161skirti am\u017eiams.<\/p>\n<p>\u201eKriaukli\u0173 ie\u0161kotojai&#8221; \u2013 nepaprastai \u012ftraukiantis pasakojimas apie meil\u0119 ir gyvenim\u0105. Tai laiko i\u0161\u0161\u016bkius atlaik\u0119s k\u016brinys, suvirpin\u0119s skaitytoj\u0173 \u0161irdis, magi\u0161kas ir neleid\u017eiantis suabejoti Rosamunde Pilcher talentu. Tai pasakojimas apie \u0161eimos gyvenim\u0105: motinas ir dukteris, vyrus ir meilu\u017eius, d\u016b\u017etan\u010dias \u0161irdis ir aistras, kurios \u017emones gali suartinti arba i\u0161skirti. \u0160is nuostabus romanas \u2013 tai vienas t\u0173 pasakojim\u0173, kuriais skaitytojai prad\u017eiuginami taip retai, tobulas skaitinys visiems \u2013 tiek Rosamunde Pilcher talentu neabejojantiems, tiek j\u0105 tik atrandantiems.<\/p>\n<p>Romanas \u201eKriaukli\u0173 ie\u0161kotojai&#8221; 1988-\u0173j\u0173 \u201eNew York Times&#8221; s\u0105ra\u0161e pirmoje vietoje laik\u0117si i\u0161tisas 30 savai\u010di\u0173. \u0160is Rosamunde Pilcher bestseleris net du kartus buvo ekranizuotas, o viena i\u0161 ekranizacij\u0173 nominuota presti\u017einiam \u201eEmmy&#8221; apdovanojimui.<\/p>\n","protected":false},"excerpt":{"rendered":"<p>Legendinio tapytojo dukra Penelop\u0117 Kiling nugyveno turining\u0105 ir \u012fdom\u0173 gyvenim\u0105: bohemi\u0161ka vaikyst\u0117 ir paauglyst\u0117 Londone ir Kornvalyje, nelaiminga santuoka karo metais ir tas vienintelis, kur\u012f myl\u0117jo labiausiai. Likimas juodu i\u0161skyr\u0117, ta\u010diau \u0161irdies skausmas niekur nedingo. Ji u\u017eaugino tris vaikus ir i\u0161moko priimti juos tokius, kokie jie yra: god\u017eius, savanaud\u017eius, meluojan\u010dius, skaudinan\u010dius, vis re\u010diau aplankan\u010dius ir vis ma\u017eiau primenan\u010dius tuos \u017emones, kuriais Penelop\u0117 nor\u0117jo, kad jie tapt\u0173. Nors silpstanti sveikata vis bando paki\u0161ti koj\u0105, Penelop\u0117 per daug energinga ir nepriklausoma, kad tiesiog tapt\u0173 bej\u0117ge sena moterimi. Kai Penelop\u0117 su\u017eino, kad jos mylimo t\u0117vo paveikslas \u201eKriaukli\u0173 ie\u0161kotojai&#8221; dabar yra vertas anks\u010diau net nesapnuot\u0173 turt\u0173, ji supranta, kad nuo \u0161iol priimami sprendimai gali \u0161eim\u0105 sustiprinti arba i\u0161skirti am\u017eiams. \u201eKriaukli\u0173 ie\u0161kotojai&#8221; \u2013 nepaprastai \u012ftraukiantis pasakojimas apie meil\u0119 ir gyvenim\u0105. Tai laiko i\u0161\u0161\u016bkius atlaik\u0119s k\u016brinys, suvirpin\u0119s skaitytoj\u0173 \u0161irdis, magi\u0161kas ir neleid\u017eiantis suabejoti Rosamunde Pilcher talentu. Tai pasakojimas apie \u0161eimos gyvenim\u0105: motinas ir dukteris, vyrus ir meilu\u017eius, d\u016b\u017etan\u010dias \u0161irdis ir aistras, kurios \u017emones gali suartinti arba i\u0161skirti. \u0160is nuostabus romanas \u2013 tai vienas t\u0173 pasakojim\u0173, kuriais skaitytojai prad\u017eiuginami taip retai, tobulas skaitinys visiems \u2013 tiek Rosamunde Pilcher talentu neabejojantiems, tiek j\u0105 tik atrandantiems. Romanas \u201eKriaukli\u0173 ie\u0161kotojai&#8221; 1988-\u0173j\u0173 \u201eNew York Times&#8221; s\u0105ra\u0161e pirmoje vietoje laik\u0117si i\u0161tisas 30 savai\u010di\u0173. \u0160is Rosamunde Pilcher bestseleris net du kartus buvo ekranizuotas, o viena i\u0161 ekranizacij\u0173 nominuota presti\u017einiam \u201eEmmy&#8221; apdovanojimui.<\/p>\n","protected":false},"featured_media":25682,"comment_status":"open","ping_status":"closed","template":"","meta":{"_acf_changed":false,"site-sidebar-layout":"default","site-content-layout":"","ast-site-content-layout":"default","site-content-style":"default","site-sidebar-style":"default","ast-global-header-display":"","ast-banner-title-visibility":"","ast-main-header-display":"","ast-hfb-above-header-display":"","ast-hfb-below-header-display":"","ast-hfb-mobile-header-display":"","site-post-title":"","ast-breadcrumbs-content":"","ast-featured-img":"","footer-sml-layout":"","ast-disable-related-posts":"","theme-transparent-header-meta":"","adv-header-id-meta":"","stick-header-meta":"","header-above-stick-meta":"","header-main-stick-meta":"","header-below-stick-meta":"","astra-migrate-meta-layouts":"default","ast-page-background-enabled":"default","ast-page-background-meta":{"desktop":{"background-color":"","background-image":"","background-repeat":"repeat","background-position":"center center","background-size":"auto","background-attachment":"scroll","background-type":"","background-media":"","overlay-type":"","overlay-color":"","overlay-opacity":"","overlay-gradient":""},"tablet":{"background-color":"","background-image":"","background-repeat":"repeat","background-position":"center center","background-size":"auto","background-attachment":"scroll","background-type":"","background-media":"","overlay-type":"","overlay-color":"","overlay-opacity":"","overlay-gradient":""},"mobile":{"background-color":"","background-image":"","background-repeat":"repeat","background-position":"center center","background-size":"auto","background-attachment":"scroll","background-type":"","background-media":"","overlay-type":"","overlay-color":"","overlay-opacity":"","overlay-gradient":""}},"ast-content-background-meta":{"desktop":{"background-color":"var(--ast-global-color-4)","background-image":"","background-repeat":"repeat","background-position":"center center","background-size":"auto","background-attachment":"scroll","background-type":"","background-media":"","overlay-type":"","overlay-color":"","overlay-opacity":"","overlay-gradient":""},"tablet":{"background-color":"var(--ast-global-color-4)","background-image":"","background-repeat":"repeat","background-position":"center center","background-size":"auto","background-attachment":"scroll","background-type":"","background-media":"","overlay-type":"","overlay-color":"","overlay-opacity":"","overlay-gradient":""},"mobile":{"background-color":"var(--ast-global-color-4)","background-image":"","background-repeat":"repeat","background-position":"center center","background-size":"auto","background-attachment":"scroll","background-type":"","background-media":"","overlay-type":"","overlay-color":"","overlay-opacity":"","overlay-gradient":""}}},"product_brand":[],"product_cat":[9618],"product_tag":[],"class_list":{"0":"post-25677","1":"product","2":"type-product","3":"status-publish","4":"has-post-thumbnail","6":"product_cat-istoriniai-romanai","7":"desktop-align-left","8":"tablet-align-left","9":"mobile-align-left","11":"first","12":"instock","13":"shipping-taxable","14":"purchasable","15":"product-type-simple"},"acf":[],"yoast_head":"<!-- This site is optimized with the Yoast SEO plugin v27.0 - https:\/\/yoast.com\/product\/yoast-seo-wordpress\/ -->\n<title>Kriaukli\u0173 ie\u0161kotojai (ma\u017eas defektas)<\/title>\n<meta name=\"description\" content=\"Legendinio tapytojo dukra Penelop\u0117 Kiling nugyveno turining\u0105 ir \u012fdom\u0173 gyvenim\u0105: bohemi\u0161ka vaikyst\u0117 ir paauglyst\u0117 Londone ir Kornvalyje, nelaiminga\" \/>\n<meta name=\"robots\" content=\"index, follow, max-snippet:-1, max-image-preview:large, max-video-preview:-1\" \/>\n<link rel=\"canonical\" href=\"https:\/\/skaitytaknyga.lt\/en\/produktas\/kriaukliu-ieskotojai\/\" \/>\n<meta property=\"og:locale\" content=\"en_GB\" \/>\n<meta property=\"og:locale:alternate\" content=\"lt_LT\" \/>\n<meta property=\"og:type\" content=\"article\" \/>\n<meta property=\"og:title\" content=\"Kriaukli\u0173 ie\u0161kotojai (ma\u017eas defektas)\" \/>\n<meta property=\"og:description\" content=\"Legendinio tapytojo dukra Penelop\u0117 Kiling nugyveno turining\u0105 ir \u012fdom\u0173 gyvenim\u0105: bohemi\u0161ka vaikyst\u0117 ir paauglyst\u0117 Londone ir Kornvalyje, nelaiminga\" \/>\n<meta property=\"og:url\" content=\"https:\/\/skaitytaknyga.lt\/en\/produktas\/kriaukliu-ieskotojai\/\" \/>\n<meta property=\"og:site_name\" content=\"Skaitytaknyga\" \/>\n<meta property=\"article:publisher\" content=\"https:\/\/www.facebook.com\/skaitytaknyga\/\" \/>\n<meta property=\"article:modified_time\" content=\"2026-04-10T17:45:36+00:00\" \/>\n<meta property=\"og:image\" content=\"https:\/\/skaitytaknyga.lt\/wp-content\/uploads\/2026\/04\/Kriaukliu-ieskotojai-e1775842903857.webp\" \/>\n\t<meta property=\"og:image:width\" content=\"268\" \/>\n\t<meta property=\"og:image:height\" content=\"373\" \/>\n\t<meta property=\"og:image:type\" content=\"image\/webp\" \/>\n<meta name=\"twitter:card\" content=\"summary_large_image\" \/>\n<meta name=\"twitter:label1\" content=\"Estimated reading time\" \/>\n\t<meta name=\"twitter:data1\" content=\"1 minute\" \/>\n<script type=\"application\/ld+json\" class=\"yoast-schema-graph\">{\"@context\":\"https:\/\/schema.org\",\"@graph\":[{\"@type\":\"WebPage\",\"@id\":\"https:\/\/skaitytaknyga.lt\/produktas\/kriaukliu-ieskotojai\/\",\"url\":\"https:\/\/skaitytaknyga.lt\/produktas\/kriaukliu-ieskotojai\/\",\"name\":\"Kriaukli\u0173 ie\u0161kotojai (ma\u017eas defektas)\",\"isPartOf\":{\"@id\":\"https:\/\/skaitytaknyga.lt\/#website\"},\"primaryImageOfPage\":{\"@id\":\"https:\/\/skaitytaknyga.lt\/produktas\/kriaukliu-ieskotojai\/#primaryimage\"},\"image\":{\"@id\":\"https:\/\/skaitytaknyga.lt\/produktas\/kriaukliu-ieskotojai\/#primaryimage\"},\"thumbnailUrl\":\"https:\/\/skaitytaknyga.lt\/wp-content\/uploads\/2026\/04\/Kriaukliu-ieskotojai-e1775842903857.webp\",\"datePublished\":\"2026-04-10T17:36:12+00:00\",\"dateModified\":\"2026-04-10T17:45:36+00:00\",\"description\":\"Legendinio tapytojo dukra Penelop\u0117 Kiling nugyveno turining\u0105 ir \u012fdom\u0173 gyvenim\u0105: bohemi\u0161ka vaikyst\u0117 ir paauglyst\u0117 Londone ir Kornvalyje, nelaiminga\",\"breadcrumb\":{\"@id\":\"https:\/\/skaitytaknyga.lt\/produktas\/kriaukliu-ieskotojai\/#breadcrumb\"},\"inLanguage\":\"en-GB\",\"potentialAction\":[{\"@type\":\"ReadAction\",\"target\":[\"https:\/\/skaitytaknyga.lt\/produktas\/kriaukliu-ieskotojai\/\"]}]},{\"@type\":\"ImageObject\",\"inLanguage\":\"en-GB\",\"@id\":\"https:\/\/skaitytaknyga.lt\/produktas\/kriaukliu-ieskotojai\/#primaryimage\",\"url\":\"https:\/\/skaitytaknyga.lt\/wp-content\/uploads\/2026\/04\/Kriaukliu-ieskotojai-e1775842903857.webp\",\"contentUrl\":\"https:\/\/skaitytaknyga.lt\/wp-content\/uploads\/2026\/04\/Kriaukliu-ieskotojai-e1775842903857.webp\",\"width\":268,\"height\":373,\"caption\":\"Kriaukli\u0173 ie\u0161kotojai\"},{\"@type\":\"BreadcrumbList\",\"@id\":\"https:\/\/skaitytaknyga.lt\/produktas\/kriaukliu-ieskotojai\/#breadcrumb\",\"itemListElement\":[{\"@type\":\"ListItem\",\"position\":1,\"name\":\"Home\",\"item\":\"https:\/\/skaitytaknyga.lt\/\"},{\"@type\":\"ListItem\",\"position\":2,\"name\":\"Parduotuv\u0117\",\"item\":\"https:\/\/skaitytaknyga.lt\/knygu-parduotuve\/\"},{\"@type\":\"ListItem\",\"position\":3,\"name\":\"Kriaukli\u0173 ie\u0161kotojai (ma\u017eas defektas)\"}]},{\"@type\":\"WebSite\",\"@id\":\"https:\/\/skaitytaknyga.lt\/#website\",\"url\":\"https:\/\/skaitytaknyga.lt\/\",\"name\":\"skaitytaknyga.lt\",\"description\":\"Skaitytaknyga.lt \u2013 tai ma\u017eas \u0161eimos verslas, kuris prasid\u0117jo nuo meil\u0117s knygoms ir siekio i\u0161gelb\u0117ti knygas nuo likimo prie konteinerio. Kas vienam nereikalingas daiktas \u2013 kitam lobis, o mes esame tarpininkai, kurie padeda abiems tapti laimingesniems ???? \u017dinome kaip nelengva i\u0161gyventi ma\u017eiems verslams, tad nuo \u0161iol, \u010dia rasite ir kit\u0173, ma\u017e\u0173 \u0161eim\u0173 versl\u0173, rank\u0173 darbo, dovan\u0173 sau ir artimiesiems.\",\"publisher\":{\"@id\":\"https:\/\/skaitytaknyga.lt\/#organization\"},\"potentialAction\":[{\"@type\":\"SearchAction\",\"target\":{\"@type\":\"EntryPoint\",\"urlTemplate\":\"https:\/\/skaitytaknyga.lt\/?s={search_term_string}\"},\"query-input\":{\"@type\":\"PropertyValueSpecification\",\"valueRequired\":true,\"valueName\":\"search_term_string\"}}],\"inLanguage\":\"en-GB\"},{\"@type\":\"Organization\",\"@id\":\"https:\/\/skaitytaknyga.lt\/#organization\",\"name\":\"skaitytaknyga.lt\",\"url\":\"https:\/\/skaitytaknyga.lt\/\",\"logo\":{\"@type\":\"ImageObject\",\"inLanguage\":\"en-GB\",\"@id\":\"https:\/\/skaitytaknyga.lt\/#\/schema\/logo\/image\/\",\"url\":\"https:\/\/skaitytaknyga.lt\/wp-content\/uploads\/2024\/05\/cropped-cropped-cropped-02_00843_jt3bggkj1j3HLc7SyY6rEUpg.jpeg\",\"contentUrl\":\"https:\/\/skaitytaknyga.lt\/wp-content\/uploads\/2024\/05\/cropped-cropped-cropped-02_00843_jt3bggkj1j3HLc7SyY6rEUpg.jpeg\",\"width\":1600,\"height\":1600,\"caption\":\"skaitytaknyga.lt\"},\"image\":{\"@id\":\"https:\/\/skaitytaknyga.lt\/#\/schema\/logo\/image\/\"},\"sameAs\":[\"https:\/\/www.facebook.com\/skaitytaknyga\/\"]}]}<\/script>\n<!-- \/ Yoast SEO plugin. -->","yoast_head_json":{"title":"Kriaukli\u0173 ie\u0161kotojai (ma\u017eas defektas)","description":"Legendinio tapytojo dukra Penelop\u0117 Kiling nugyveno turining\u0105 ir \u012fdom\u0173 gyvenim\u0105: bohemi\u0161ka vaikyst\u0117 ir paauglyst\u0117 Londone ir Kornvalyje, nelaiminga","robots":{"index":"index","follow":"follow","max-snippet":"max-snippet:-1","max-image-preview":"max-image-preview:large","max-video-preview":"max-video-preview:-1"},"canonical":"https:\/\/skaitytaknyga.lt\/en\/produktas\/kriaukliu-ieskotojai\/","og_locale":"en_GB","og_type":"article","og_title":"[:lt]Kriaukli\u0173 ie\u0161kotojai (ma\u017eas defektas)[:] - Skaitytaknyga","og_description":"Legendinio tapytojo dukra Penelop\u0117 Kiling nugyveno turining\u0105 ir \u012fdom\u0173 gyvenim\u0105: bohemi\u0161ka vaikyst\u0117 ir paauglyst\u0117 Londone ir Kornvalyje, nelaiminga","og_url":"https:\/\/skaitytaknyga.lt\/en\/produktas\/kriaukliu-ieskotojai\/","og_site_name":"Skaitytaknyga","article_publisher":"https:\/\/www.facebook.com\/skaitytaknyga\/","article_modified_time":"2026-04-10T17:45:36+00:00","og_image":[{"width":268,"height":373,"url":"https:\/\/skaitytaknyga.lt\/wp-content\/uploads\/2026\/04\/Kriaukliu-ieskotojai-e1775842903857.webp","type":"image\/webp"}],"twitter_card":"summary_large_image","twitter_misc":{"Estimated reading time":"1 minute"},"schema":{"@context":"https:\/\/schema.org","@graph":[{"@type":"WebPage","@id":"https:\/\/skaitytaknyga.lt\/produktas\/kriaukliu-ieskotojai\/","url":"https:\/\/skaitytaknyga.lt\/produktas\/kriaukliu-ieskotojai\/","name":"Kriaukli\u0173 ie\u0161kotojai (ma\u017eas defektas)","isPartOf":{"@id":"https:\/\/skaitytaknyga.lt\/#website"},"primaryImageOfPage":{"@id":"https:\/\/skaitytaknyga.lt\/produktas\/kriaukliu-ieskotojai\/#primaryimage"},"image":{"@id":"https:\/\/skaitytaknyga.lt\/produktas\/kriaukliu-ieskotojai\/#primaryimage"},"thumbnailUrl":"https:\/\/skaitytaknyga.lt\/wp-content\/uploads\/2026\/04\/Kriaukliu-ieskotojai-e1775842903857.webp","datePublished":"2026-04-10T17:36:12+00:00","dateModified":"2026-04-10T17:45:36+00:00","description":"Legendinio tapytojo dukra Penelop\u0117 Kiling nugyveno turining\u0105 ir \u012fdom\u0173 gyvenim\u0105: bohemi\u0161ka vaikyst\u0117 ir paauglyst\u0117 Londone ir Kornvalyje, nelaiminga","breadcrumb":{"@id":"https:\/\/skaitytaknyga.lt\/produktas\/kriaukliu-ieskotojai\/#breadcrumb"},"inLanguage":"en-GB","potentialAction":[{"@type":"ReadAction","target":["https:\/\/skaitytaknyga.lt\/produktas\/kriaukliu-ieskotojai\/"]}]},{"@type":"ImageObject","inLanguage":"en-GB","@id":"https:\/\/skaitytaknyga.lt\/produktas\/kriaukliu-ieskotojai\/#primaryimage","url":"https:\/\/skaitytaknyga.lt\/wp-content\/uploads\/2026\/04\/Kriaukliu-ieskotojai-e1775842903857.webp","contentUrl":"https:\/\/skaitytaknyga.lt\/wp-content\/uploads\/2026\/04\/Kriaukliu-ieskotojai-e1775842903857.webp","width":268,"height":373,"caption":"Kriaukli\u0173 ie\u0161kotojai"},{"@type":"BreadcrumbList","@id":"https:\/\/skaitytaknyga.lt\/produktas\/kriaukliu-ieskotojai\/#breadcrumb","itemListElement":[{"@type":"ListItem","position":1,"name":"Home","item":"https:\/\/skaitytaknyga.lt\/"},{"@type":"ListItem","position":2,"name":"Parduotuv\u0117","item":"https:\/\/skaitytaknyga.lt\/knygu-parduotuve\/"},{"@type":"ListItem","position":3,"name":"Kriaukli\u0173 ie\u0161kotojai (ma\u017eas defektas)"}]},{"@type":"WebSite","@id":"https:\/\/skaitytaknyga.lt\/#website","url":"https:\/\/skaitytaknyga.lt\/","name":"skaitytaknyga.lt","description":"Skaitytaknyga.lt \u2013 tai ma\u017eas \u0161eimos verslas, kuris prasid\u0117jo nuo meil\u0117s knygoms ir siekio i\u0161gelb\u0117ti knygas nuo likimo prie konteinerio. Kas vienam nereikalingas daiktas \u2013 kitam lobis, o mes esame tarpininkai, kurie padeda abiems tapti laimingesniems ???? \u017dinome kaip nelengva i\u0161gyventi ma\u017eiems verslams, tad nuo \u0161iol, \u010dia rasite ir kit\u0173, ma\u017e\u0173 \u0161eim\u0173 versl\u0173, rank\u0173 darbo, dovan\u0173 sau ir artimiesiems.","publisher":{"@id":"https:\/\/skaitytaknyga.lt\/#organization"},"potentialAction":[{"@type":"SearchAction","target":{"@type":"EntryPoint","urlTemplate":"https:\/\/skaitytaknyga.lt\/?s={search_term_string}"},"query-input":{"@type":"PropertyValueSpecification","valueRequired":true,"valueName":"search_term_string"}}],"inLanguage":"en-GB"},{"@type":"Organization","@id":"https:\/\/skaitytaknyga.lt\/#organization","name":"skaitytaknyga.lt","url":"https:\/\/skaitytaknyga.lt\/","logo":{"@type":"ImageObject","inLanguage":"en-GB","@id":"https:\/\/skaitytaknyga.lt\/#\/schema\/logo\/image\/","url":"https:\/\/skaitytaknyga.lt\/wp-content\/uploads\/2024\/05\/cropped-cropped-cropped-02_00843_jt3bggkj1j3HLc7SyY6rEUpg.jpeg","contentUrl":"https:\/\/skaitytaknyga.lt\/wp-content\/uploads\/2024\/05\/cropped-cropped-cropped-02_00843_jt3bggkj1j3HLc7SyY6rEUpg.jpeg","width":1600,"height":1600,"caption":"skaitytaknyga.lt"},"image":{"@id":"https:\/\/skaitytaknyga.lt\/#\/schema\/logo\/image\/"},"sameAs":["https:\/\/www.facebook.com\/skaitytaknyga\/"]}]}},"_links":{"self":[{"href":"https:\/\/skaitytaknyga.lt\/en\/wp-json\/wp\/v2\/product\/25677","targetHints":{"allow":["GET"]}}],"collection":[{"href":"https:\/\/skaitytaknyga.lt\/en\/wp-json\/wp\/v2\/product"}],"about":[{"href":"https:\/\/skaitytaknyga.lt\/en\/wp-json\/wp\/v2\/types\/product"}],"replies":[{"embeddable":true,"href":"https:\/\/skaitytaknyga.lt\/en\/wp-json\/wp\/v2\/comments?post=25677"}],"wp:featuredmedia":[{"embeddable":true,"href":"https:\/\/skaitytaknyga.lt\/en\/wp-json\/wp\/v2\/media\/25682"}],"wp:attachment":[{"href":"https:\/\/skaitytaknyga.lt\/en\/wp-json\/wp\/v2\/media?parent=25677"}],"wp:term":[{"taxonomy":"product_brand","embeddable":true,"href":"https:\/\/skaitytaknyga.lt\/en\/wp-json\/wp\/v2\/product_brand?post=25677"},{"taxonomy":"product_cat","embeddable":true,"href":"https:\/\/skaitytaknyga.lt\/en\/wp-json\/wp\/v2\/product_cat?post=25677"},{"taxonomy":"product_tag","embeddable":true,"href":"https:\/\/skaitytaknyga.lt\/en\/wp-json\/wp\/v2\/product_tag?post=25677"}],"curies":[{"name":"wp","href":"https:\/\/api.w.org\/{rel}","templated":true}]}}