{"id":25672,"date":"2026-04-10T19:07:16","date_gmt":"2026-04-10T16:07:16","guid":{"rendered":"https:\/\/skaitytaknyga.lt\/?post_type=product&#038;p=25672"},"modified":"2026-04-10T20:45:36","modified_gmt":"2026-04-10T17:45:36","slug":"mums-pavyko-vaiki","status":"publish","type":"product","link":"https:\/\/skaitytaknyga.lt\/en\/produktas\/mums-pavyko-vaiki\/","title":{"rendered":"Mums pavyko, vaiki"},"content":{"rendered":"<p>Nuo\u0161ird\u016bs, jaudinantys ir ilgai laukti kino legendos, \u201eOskaro\u201c laureto aktoriaus sero Anthony Hopkinso, daugiau nei \u0161e\u0161iasde\u0161imt met\u0173 stebinusio \u017ei\u016brovus neprilystamais vaidmenimis, memuarai.<\/p>\n<p>Gim\u0119s ma\u017eame Velso plieno liejykl\u0173 miestelyje karo ir depresijos laikais, seras Anthony Hopkinsas u\u017eaugo tarp vyr\u0173, kurie bet kok\u012f emocin\u012f pa\u017eeid\u017eiamum\u0105 dangst\u0117 grubumu ir skandino alkoholyje. Mokykloje sunkiai besimokantis vaikas savo bendraam\u017ei\u0173, t\u0117v\u0173 ir kit\u0173 suaugusi\u0173j\u0173 buvo laikomas nevyk\u0117liu be ateities. Ta\u010diau vien\u0105 lemting\u0105 vakar\u0105 \u0161is val\u0173 berniukas pa\u017ei\u016br\u0117jo 1948 m. ekranizuot\u0105 \u201eHamlet\u0105\u201c \u2013 tai \u012f\u017eieb\u0117 aistr\u0105 vaidybai ir nuved\u0117 j\u012f visiems netik\u0117tu keliu.<\/p>\n<p>D\u0117mes\u012f prikaustan\u010diuose knygos puslapiuose seras Anthony atvirai ir jautriai apra\u0161o savo profesinius laim\u0117jimus ir suteikia mums unikali\u0105 prog\u0105 i\u0161vysti, kaip gim\u0117 jo legendiniai vaidmenys.<\/p>\n<p>Ypa\u010d atvirai seras Anthony nu\u017evelgia savo asmenin\u012f gyvenim\u0105. Priklausomyb\u0117 sugriov\u0117 dvi pirm\u0105sias jo santuokas, sugadino santykius su vienintele dukra ir vos nenuvar\u0117 \u012f kapus. Per plauk\u0105 i\u0161veng\u0119s mirties, jis galiausiai pasirinko blaivyb\u0119 ir \u0161io \u012fsipareigojimo laikosi jau kone pus\u0119 am\u017eiaus.<\/p>\n<p>Ir gniu\u017edomas nuopuoli\u0173 bei \u0161irdg\u0117los kupin\u0173 netek\u010di\u0173, ir pasiek\u0119s ne\u012ftik\u0117tinas auk\u0161tumas, seras Anthony vis\u0105 gyvenim\u0105 su savimi ne\u0161iojasi nedidel\u0119 trime\u010dio Tony nuotrauk\u0117l\u0119. Joje u\u017efiksuota akimirka, kai jam buvo suteiktas antras \u0161ansas siekti laim\u0117s, \u2013 tarsi vis\u0173 ateities klaid\u0173 ir begalini\u0173 jam atsiversian\u010di\u0173 galimybi\u0173 prana\u0161yst\u0117. Kadaise buv\u0119s nerimastingas berniukas, jis nu\u0117jo tok\u012f ilg\u0105 keli\u0105, kad dabar negali susilaikyti ma\u017eajam sau netar\u0119s: \u201eMums pavyko, vaiki\u201c.<\/p>\n","protected":false},"excerpt":{"rendered":"<p>Nuo\u0161ird\u016bs, jaudinantys ir ilgai laukti kino legendos, \u201eOskaro\u201c laureto aktoriaus sero Anthony Hopkinso, daugiau nei \u0161e\u0161iasde\u0161imt met\u0173 stebinusio \u017ei\u016brovus neprilystamais vaidmenimis, memuarai. Gim\u0119s ma\u017eame Velso plieno liejykl\u0173 miestelyje karo ir depresijos laikais, seras Anthony Hopkinsas u\u017eaugo tarp vyr\u0173, kurie bet kok\u012f emocin\u012f pa\u017eeid\u017eiamum\u0105 dangst\u0117 grubumu ir skandino alkoholyje. Mokykloje sunkiai besimokantis vaikas savo bendraam\u017ei\u0173, t\u0117v\u0173 ir kit\u0173 suaugusi\u0173j\u0173 buvo laikomas nevyk\u0117liu be ateities. Ta\u010diau vien\u0105 lemting\u0105 vakar\u0105 \u0161is val\u0173 berniukas pa\u017ei\u016br\u0117jo 1948 m. ekranizuot\u0105 \u201eHamlet\u0105\u201c \u2013 tai \u012f\u017eieb\u0117 aistr\u0105 vaidybai ir nuved\u0117 j\u012f visiems netik\u0117tu keliu. D\u0117mes\u012f prikaustan\u010diuose knygos puslapiuose seras Anthony atvirai ir jautriai apra\u0161o savo profesinius laim\u0117jimus ir suteikia mums unikali\u0105 prog\u0105 i\u0161vysti, kaip gim\u0117 jo legendiniai vaidmenys. Ypa\u010d atvirai seras Anthony nu\u017evelgia savo asmenin\u012f gyvenim\u0105. Priklausomyb\u0117 sugriov\u0117 dvi pirm\u0105sias jo santuokas, sugadino santykius su vienintele dukra ir vos nenuvar\u0117 \u012f kapus. Per plauk\u0105 i\u0161veng\u0119s mirties, jis galiausiai pasirinko blaivyb\u0119 ir \u0161io \u012fsipareigojimo laikosi jau kone pus\u0119 am\u017eiaus. Ir gniu\u017edomas nuopuoli\u0173 bei \u0161irdg\u0117los kupin\u0173 netek\u010di\u0173, ir pasiek\u0119s ne\u012ftik\u0117tinas auk\u0161tumas, seras Anthony vis\u0105 gyvenim\u0105 su savimi ne\u0161iojasi nedidel\u0119 trime\u010dio Tony nuotrauk\u0117l\u0119. Joje u\u017efiksuota akimirka, kai jam buvo suteiktas antras \u0161ansas siekti laim\u0117s, \u2013 tarsi vis\u0173 ateities klaid\u0173 ir begalini\u0173 jam atsiversian\u010di\u0173 galimybi\u0173 prana\u0161yst\u0117. Kadaise buv\u0119s nerimastingas berniukas, jis nu\u0117jo tok\u012f ilg\u0105 keli\u0105, kad dabar negali susilaikyti ma\u017eajam sau netar\u0119s: \u201eMums pavyko, vaiki\u201c.<\/p>\n","protected":false},"featured_media":25676,"comment_status":"open","ping_status":"closed","template":"","meta":{"_acf_changed":false,"site-sidebar-layout":"default","site-content-layout":"","ast-site-content-layout":"default","site-content-style":"default","site-sidebar-style":"default","ast-global-header-display":"","ast-banner-title-visibility":"","ast-main-header-display":"","ast-hfb-above-header-display":"","ast-hfb-below-header-display":"","ast-hfb-mobile-header-display":"","site-post-title":"","ast-breadcrumbs-content":"","ast-featured-img":"","footer-sml-layout":"","ast-disable-related-posts":"","theme-transparent-header-meta":"","adv-header-id-meta":"","stick-header-meta":"","header-above-stick-meta":"","header-main-stick-meta":"","header-below-stick-meta":"","astra-migrate-meta-layouts":"default","ast-page-background-enabled":"default","ast-page-background-meta":{"desktop":{"background-color":"","background-image":"","background-repeat":"repeat","background-position":"center center","background-size":"auto","background-attachment":"scroll","background-type":"","background-media":"","overlay-type":"","overlay-color":"","overlay-opacity":"","overlay-gradient":""},"tablet":{"background-color":"","background-image":"","background-repeat":"repeat","background-position":"center center","background-size":"auto","background-attachment":"scroll","background-type":"","background-media":"","overlay-type":"","overlay-color":"","overlay-opacity":"","overlay-gradient":""},"mobile":{"background-color":"","background-image":"","background-repeat":"repeat","background-position":"center center","background-size":"auto","background-attachment":"scroll","background-type":"","background-media":"","overlay-type":"","overlay-color":"","overlay-opacity":"","overlay-gradient":""}},"ast-content-background-meta":{"desktop":{"background-color":"var(--ast-global-color-4)","background-image":"","background-repeat":"repeat","background-position":"center center","background-size":"auto","background-attachment":"scroll","background-type":"","background-media":"","overlay-type":"","overlay-color":"","overlay-opacity":"","overlay-gradient":""},"tablet":{"background-color":"var(--ast-global-color-4)","background-image":"","background-repeat":"repeat","background-position":"center center","background-size":"auto","background-attachment":"scroll","background-type":"","background-media":"","overlay-type":"","overlay-color":"","overlay-opacity":"","overlay-gradient":""},"mobile":{"background-color":"var(--ast-global-color-4)","background-image":"","background-repeat":"repeat","background-position":"center center","background-size":"auto","background-attachment":"scroll","background-type":"","background-media":"","overlay-type":"","overlay-color":"","overlay-opacity":"","overlay-gradient":""}}},"product_brand":[],"product_cat":[33],"product_tag":[],"class_list":{"0":"post-25672","1":"product","2":"type-product","3":"status-publish","4":"has-post-thumbnail","6":"product_cat-biografijos","7":"desktop-align-left","8":"tablet-align-left","9":"mobile-align-left","11":"first","12":"instock","13":"shipping-taxable","14":"purchasable","15":"product-type-simple"},"acf":[],"yoast_head":"<!-- This site is optimized with the Yoast SEO plugin v27.0 - https:\/\/yoast.com\/product\/yoast-seo-wordpress\/ -->\n<title>Mums pavyko, vaiki<\/title>\n<meta name=\"description\" content=\"Nuo\u0161ird\u016bs, jaudinantys ir ilgai laukti kino legendos, \u201eOskaro\u201c laureto aktoriaus sero Anthony Hopkinso, daugiau nei \u0161e\u0161iasde\u0161imt met\u0173 stebinusio \u017ei\u016brovus\" \/>\n<meta name=\"robots\" content=\"index, follow, max-snippet:-1, max-image-preview:large, max-video-preview:-1\" \/>\n<link rel=\"canonical\" href=\"https:\/\/skaitytaknyga.lt\/en\/produktas\/mums-pavyko-vaiki\/\" \/>\n<meta property=\"og:locale\" content=\"en_GB\" \/>\n<meta property=\"og:locale:alternate\" content=\"lt_LT\" \/>\n<meta property=\"og:type\" content=\"article\" \/>\n<meta property=\"og:title\" content=\"Mums pavyko, vaiki\" \/>\n<meta property=\"og:description\" content=\"Nuo\u0161ird\u016bs, jaudinantys ir ilgai laukti kino legendos, \u201eOskaro\u201c laureto aktoriaus sero Anthony Hopkinso, daugiau nei \u0161e\u0161iasde\u0161imt met\u0173 stebinusio \u017ei\u016brovus\" \/>\n<meta property=\"og:url\" content=\"https:\/\/skaitytaknyga.lt\/en\/produktas\/mums-pavyko-vaiki\/\" \/>\n<meta property=\"og:site_name\" content=\"Skaitytaknyga\" \/>\n<meta property=\"article:publisher\" content=\"https:\/\/www.facebook.com\/skaitytaknyga\/\" \/>\n<meta property=\"article:modified_time\" content=\"2026-04-10T17:45:36+00:00\" \/>\n<meta property=\"og:image\" content=\"https:\/\/skaitytaknyga.lt\/wp-content\/uploads\/2026\/04\/Mums-pavyko-vaiki.-Memuarai.webp\" \/>\n\t<meta property=\"og:image:width\" content=\"534\" \/>\n\t<meta property=\"og:image:height\" content=\"801\" \/>\n\t<meta property=\"og:image:type\" content=\"image\/webp\" \/>\n<meta name=\"twitter:card\" content=\"summary_large_image\" \/>\n<meta name=\"twitter:label1\" content=\"Estimated reading time\" \/>\n\t<meta name=\"twitter:data1\" content=\"1 minute\" \/>\n<script type=\"application\/ld+json\" class=\"yoast-schema-graph\">{\"@context\":\"https:\/\/schema.org\",\"@graph\":[{\"@type\":\"WebPage\",\"@id\":\"https:\/\/skaitytaknyga.lt\/produktas\/mums-pavyko-vaiki\/\",\"url\":\"https:\/\/skaitytaknyga.lt\/produktas\/mums-pavyko-vaiki\/\",\"name\":\"Mums pavyko, vaiki\",\"isPartOf\":{\"@id\":\"https:\/\/skaitytaknyga.lt\/#website\"},\"primaryImageOfPage\":{\"@id\":\"https:\/\/skaitytaknyga.lt\/produktas\/mums-pavyko-vaiki\/#primaryimage\"},\"image\":{\"@id\":\"https:\/\/skaitytaknyga.lt\/produktas\/mums-pavyko-vaiki\/#primaryimage\"},\"thumbnailUrl\":\"https:\/\/skaitytaknyga.lt\/wp-content\/uploads\/2026\/04\/Mums-pavyko-vaiki.-Memuarai.webp\",\"datePublished\":\"2026-04-10T16:07:16+00:00\",\"dateModified\":\"2026-04-10T17:45:36+00:00\",\"description\":\"Nuo\u0161ird\u016bs, jaudinantys ir ilgai laukti kino legendos, \u201eOskaro\u201c laureto aktoriaus sero Anthony Hopkinso, daugiau nei \u0161e\u0161iasde\u0161imt met\u0173 stebinusio \u017ei\u016brovus\",\"breadcrumb\":{\"@id\":\"https:\/\/skaitytaknyga.lt\/produktas\/mums-pavyko-vaiki\/#breadcrumb\"},\"inLanguage\":\"en-GB\",\"potentialAction\":[{\"@type\":\"ReadAction\",\"target\":[\"https:\/\/skaitytaknyga.lt\/produktas\/mums-pavyko-vaiki\/\"]}]},{\"@type\":\"ImageObject\",\"inLanguage\":\"en-GB\",\"@id\":\"https:\/\/skaitytaknyga.lt\/produktas\/mums-pavyko-vaiki\/#primaryimage\",\"url\":\"https:\/\/skaitytaknyga.lt\/wp-content\/uploads\/2026\/04\/Mums-pavyko-vaiki.-Memuarai.webp\",\"contentUrl\":\"https:\/\/skaitytaknyga.lt\/wp-content\/uploads\/2026\/04\/Mums-pavyko-vaiki.-Memuarai.webp\",\"width\":534,\"height\":801,\"caption\":\"Mums pavyko, vaiki. Memuarai\"},{\"@type\":\"BreadcrumbList\",\"@id\":\"https:\/\/skaitytaknyga.lt\/produktas\/mums-pavyko-vaiki\/#breadcrumb\",\"itemListElement\":[{\"@type\":\"ListItem\",\"position\":1,\"name\":\"Home\",\"item\":\"https:\/\/skaitytaknyga.lt\/\"},{\"@type\":\"ListItem\",\"position\":2,\"name\":\"Parduotuv\u0117\",\"item\":\"https:\/\/skaitytaknyga.lt\/knygu-parduotuve\/\"},{\"@type\":\"ListItem\",\"position\":3,\"name\":\"Mums pavyko, vaiki\"}]},{\"@type\":\"WebSite\",\"@id\":\"https:\/\/skaitytaknyga.lt\/#website\",\"url\":\"https:\/\/skaitytaknyga.lt\/\",\"name\":\"skaitytaknyga.lt\",\"description\":\"Skaitytaknyga.lt \u2013 tai ma\u017eas \u0161eimos verslas, kuris prasid\u0117jo nuo meil\u0117s knygoms ir siekio i\u0161gelb\u0117ti knygas nuo likimo prie konteinerio. Kas vienam nereikalingas daiktas \u2013 kitam lobis, o mes esame tarpininkai, kurie padeda abiems tapti laimingesniems ???? \u017dinome kaip nelengva i\u0161gyventi ma\u017eiems verslams, tad nuo \u0161iol, \u010dia rasite ir kit\u0173, ma\u017e\u0173 \u0161eim\u0173 versl\u0173, rank\u0173 darbo, dovan\u0173 sau ir artimiesiems.\",\"publisher\":{\"@id\":\"https:\/\/skaitytaknyga.lt\/#organization\"},\"potentialAction\":[{\"@type\":\"SearchAction\",\"target\":{\"@type\":\"EntryPoint\",\"urlTemplate\":\"https:\/\/skaitytaknyga.lt\/?s={search_term_string}\"},\"query-input\":{\"@type\":\"PropertyValueSpecification\",\"valueRequired\":true,\"valueName\":\"search_term_string\"}}],\"inLanguage\":\"en-GB\"},{\"@type\":\"Organization\",\"@id\":\"https:\/\/skaitytaknyga.lt\/#organization\",\"name\":\"skaitytaknyga.lt\",\"url\":\"https:\/\/skaitytaknyga.lt\/\",\"logo\":{\"@type\":\"ImageObject\",\"inLanguage\":\"en-GB\",\"@id\":\"https:\/\/skaitytaknyga.lt\/#\/schema\/logo\/image\/\",\"url\":\"https:\/\/skaitytaknyga.lt\/wp-content\/uploads\/2024\/05\/cropped-cropped-cropped-02_00843_jt3bggkj1j3HLc7SyY6rEUpg.jpeg\",\"contentUrl\":\"https:\/\/skaitytaknyga.lt\/wp-content\/uploads\/2024\/05\/cropped-cropped-cropped-02_00843_jt3bggkj1j3HLc7SyY6rEUpg.jpeg\",\"width\":1600,\"height\":1600,\"caption\":\"skaitytaknyga.lt\"},\"image\":{\"@id\":\"https:\/\/skaitytaknyga.lt\/#\/schema\/logo\/image\/\"},\"sameAs\":[\"https:\/\/www.facebook.com\/skaitytaknyga\/\"]}]}<\/script>\n<!-- \/ Yoast SEO plugin. -->","yoast_head_json":{"title":"Mums pavyko, vaiki","description":"Nuo\u0161ird\u016bs, jaudinantys ir ilgai laukti kino legendos, \u201eOskaro\u201c laureto aktoriaus sero Anthony Hopkinso, daugiau nei \u0161e\u0161iasde\u0161imt met\u0173 stebinusio \u017ei\u016brovus","robots":{"index":"index","follow":"follow","max-snippet":"max-snippet:-1","max-image-preview":"max-image-preview:large","max-video-preview":"max-video-preview:-1"},"canonical":"https:\/\/skaitytaknyga.lt\/en\/produktas\/mums-pavyko-vaiki\/","og_locale":"en_GB","og_type":"article","og_title":"[:lt]Mums pavyko, vaiki[:] - Skaitytaknyga","og_description":"Nuo\u0161ird\u016bs, jaudinantys ir ilgai laukti kino legendos, \u201eOskaro\u201c laureto aktoriaus sero Anthony Hopkinso, daugiau nei \u0161e\u0161iasde\u0161imt met\u0173 stebinusio \u017ei\u016brovus","og_url":"https:\/\/skaitytaknyga.lt\/en\/produktas\/mums-pavyko-vaiki\/","og_site_name":"Skaitytaknyga","article_publisher":"https:\/\/www.facebook.com\/skaitytaknyga\/","article_modified_time":"2026-04-10T17:45:36+00:00","og_image":[{"width":534,"height":801,"url":"https:\/\/skaitytaknyga.lt\/wp-content\/uploads\/2026\/04\/Mums-pavyko-vaiki.-Memuarai.webp","type":"image\/webp"}],"twitter_card":"summary_large_image","twitter_misc":{"Estimated reading time":"1 minute"},"schema":{"@context":"https:\/\/schema.org","@graph":[{"@type":"WebPage","@id":"https:\/\/skaitytaknyga.lt\/produktas\/mums-pavyko-vaiki\/","url":"https:\/\/skaitytaknyga.lt\/produktas\/mums-pavyko-vaiki\/","name":"Mums pavyko, vaiki","isPartOf":{"@id":"https:\/\/skaitytaknyga.lt\/#website"},"primaryImageOfPage":{"@id":"https:\/\/skaitytaknyga.lt\/produktas\/mums-pavyko-vaiki\/#primaryimage"},"image":{"@id":"https:\/\/skaitytaknyga.lt\/produktas\/mums-pavyko-vaiki\/#primaryimage"},"thumbnailUrl":"https:\/\/skaitytaknyga.lt\/wp-content\/uploads\/2026\/04\/Mums-pavyko-vaiki.-Memuarai.webp","datePublished":"2026-04-10T16:07:16+00:00","dateModified":"2026-04-10T17:45:36+00:00","description":"Nuo\u0161ird\u016bs, jaudinantys ir ilgai laukti kino legendos, \u201eOskaro\u201c laureto aktoriaus sero Anthony Hopkinso, daugiau nei \u0161e\u0161iasde\u0161imt met\u0173 stebinusio \u017ei\u016brovus","breadcrumb":{"@id":"https:\/\/skaitytaknyga.lt\/produktas\/mums-pavyko-vaiki\/#breadcrumb"},"inLanguage":"en-GB","potentialAction":[{"@type":"ReadAction","target":["https:\/\/skaitytaknyga.lt\/produktas\/mums-pavyko-vaiki\/"]}]},{"@type":"ImageObject","inLanguage":"en-GB","@id":"https:\/\/skaitytaknyga.lt\/produktas\/mums-pavyko-vaiki\/#primaryimage","url":"https:\/\/skaitytaknyga.lt\/wp-content\/uploads\/2026\/04\/Mums-pavyko-vaiki.-Memuarai.webp","contentUrl":"https:\/\/skaitytaknyga.lt\/wp-content\/uploads\/2026\/04\/Mums-pavyko-vaiki.-Memuarai.webp","width":534,"height":801,"caption":"Mums pavyko, vaiki. Memuarai"},{"@type":"BreadcrumbList","@id":"https:\/\/skaitytaknyga.lt\/produktas\/mums-pavyko-vaiki\/#breadcrumb","itemListElement":[{"@type":"ListItem","position":1,"name":"Home","item":"https:\/\/skaitytaknyga.lt\/"},{"@type":"ListItem","position":2,"name":"Parduotuv\u0117","item":"https:\/\/skaitytaknyga.lt\/knygu-parduotuve\/"},{"@type":"ListItem","position":3,"name":"Mums pavyko, vaiki"}]},{"@type":"WebSite","@id":"https:\/\/skaitytaknyga.lt\/#website","url":"https:\/\/skaitytaknyga.lt\/","name":"skaitytaknyga.lt","description":"Skaitytaknyga.lt \u2013 tai ma\u017eas \u0161eimos verslas, kuris prasid\u0117jo nuo meil\u0117s knygoms ir siekio i\u0161gelb\u0117ti knygas nuo likimo prie konteinerio. Kas vienam nereikalingas daiktas \u2013 kitam lobis, o mes esame tarpininkai, kurie padeda abiems tapti laimingesniems ???? \u017dinome kaip nelengva i\u0161gyventi ma\u017eiems verslams, tad nuo \u0161iol, \u010dia rasite ir kit\u0173, ma\u017e\u0173 \u0161eim\u0173 versl\u0173, rank\u0173 darbo, dovan\u0173 sau ir artimiesiems.","publisher":{"@id":"https:\/\/skaitytaknyga.lt\/#organization"},"potentialAction":[{"@type":"SearchAction","target":{"@type":"EntryPoint","urlTemplate":"https:\/\/skaitytaknyga.lt\/?s={search_term_string}"},"query-input":{"@type":"PropertyValueSpecification","valueRequired":true,"valueName":"search_term_string"}}],"inLanguage":"en-GB"},{"@type":"Organization","@id":"https:\/\/skaitytaknyga.lt\/#organization","name":"skaitytaknyga.lt","url":"https:\/\/skaitytaknyga.lt\/","logo":{"@type":"ImageObject","inLanguage":"en-GB","@id":"https:\/\/skaitytaknyga.lt\/#\/schema\/logo\/image\/","url":"https:\/\/skaitytaknyga.lt\/wp-content\/uploads\/2024\/05\/cropped-cropped-cropped-02_00843_jt3bggkj1j3HLc7SyY6rEUpg.jpeg","contentUrl":"https:\/\/skaitytaknyga.lt\/wp-content\/uploads\/2024\/05\/cropped-cropped-cropped-02_00843_jt3bggkj1j3HLc7SyY6rEUpg.jpeg","width":1600,"height":1600,"caption":"skaitytaknyga.lt"},"image":{"@id":"https:\/\/skaitytaknyga.lt\/#\/schema\/logo\/image\/"},"sameAs":["https:\/\/www.facebook.com\/skaitytaknyga\/"]}]}},"_links":{"self":[{"href":"https:\/\/skaitytaknyga.lt\/en\/wp-json\/wp\/v2\/product\/25672","targetHints":{"allow":["GET"]}}],"collection":[{"href":"https:\/\/skaitytaknyga.lt\/en\/wp-json\/wp\/v2\/product"}],"about":[{"href":"https:\/\/skaitytaknyga.lt\/en\/wp-json\/wp\/v2\/types\/product"}],"replies":[{"embeddable":true,"href":"https:\/\/skaitytaknyga.lt\/en\/wp-json\/wp\/v2\/comments?post=25672"}],"wp:featuredmedia":[{"embeddable":true,"href":"https:\/\/skaitytaknyga.lt\/en\/wp-json\/wp\/v2\/media\/25676"}],"wp:attachment":[{"href":"https:\/\/skaitytaknyga.lt\/en\/wp-json\/wp\/v2\/media?parent=25672"}],"wp:term":[{"taxonomy":"product_brand","embeddable":true,"href":"https:\/\/skaitytaknyga.lt\/en\/wp-json\/wp\/v2\/product_brand?post=25672"},{"taxonomy":"product_cat","embeddable":true,"href":"https:\/\/skaitytaknyga.lt\/en\/wp-json\/wp\/v2\/product_cat?post=25672"},{"taxonomy":"product_tag","embeddable":true,"href":"https:\/\/skaitytaknyga.lt\/en\/wp-json\/wp\/v2\/product_tag?post=25672"}],"curies":[{"name":"wp","href":"https:\/\/api.w.org\/{rel}","templated":true}]}}