{"id":25671,"date":"2026-04-10T19:07:15","date_gmt":"2026-04-10T16:07:15","guid":{"rendered":"https:\/\/skaitytaknyga.lt\/?post_type=product&#038;p=25671"},"modified":"2026-04-10T20:45:36","modified_gmt":"2026-04-10T17:45:36","slug":"influencer-the-power-to-change-anything","status":"publish","type":"product","link":"https:\/\/skaitytaknyga.lt\/en\/produktas\/influencer-the-power-to-change-anything\/","title":{"rendered":"Influencer: The Power to Change Anything (d\u0117mel\u0117s knygos vir\u0161uje)"},"content":{"rendered":"<p>An influencer motivates others to change. An influencer replaces bad behaviors with powerful new skills. An influencer makes things happen.<\/p>\n<p>This is what it takes to be an influencer.<\/p>\n<p>Whether you&#8217;re a CEO, a parent, or merely a person who wants to make a difference, you probably wish you had more influence with the people in your life. But most of us stop trying to make change happen because we believe it is too difficult, if not impossible. We develop complicated coping strategies when we should be learning the tools and techniques of the world&#8217;s most influential people.<\/p>\n<p>But this is about to change. From the bestselling authors who taught the world how to have Crucial Conversations comes Influencer, a thought-provoking book that combines the remarkable insights of behavioral scientists and business leaders with the astonishing stories of high-powered influencers from all walks of life. You&#8217;ll be taught each and every step of the influence process-including robust strategies for making change inevitable in your personal life, your business, and your world. You&#8217;ll learn how to:<\/p>\n<p>Identify a handful of high-leverage behaviors that lead to rapid and profound change.<br \/>\nApply strategies for changing both thoughts and actions.<br \/>\nMarshall six sources of influence to make change inevitable.<br \/>\nInfluencer takes you on a fascinating journey from San Francisco to Thailand where you&#8217;ll see how seemingly \u201cinsignificant\u201d people are making incredibly significant improvements in solving problems others would think impossible. You&#8217;ll learn how savvy folks make change not only achievable and sustainable, but inevitable. You&#8217;ll discover why some managers have increased productivity repeatedly and significantly-while others have failed miserably.<\/p>\n<p>No matter who you are, or what you do, you&#8217;ll never learn a more valuable or important set of principles and skills. Once you tap into the power of influence, you can reach out and help others work smarter, grow faster, live, look, and feel better, even save lives. The sky is the limit\u2026for an Influencer.<\/p>\n<p>Are you an Influencer ?<\/p>\n","protected":false},"excerpt":{"rendered":"<p>An influencer motivates others to change. An influencer replaces bad behaviors with powerful new skills. An influencer makes things happen. This is what it takes to be an influencer. Whether you&#8217;re a CEO, a parent, or merely a person who wants to make a difference, you probably wish you had more influence with the people in your life. But most of us stop trying to make change happen because we believe it is too difficult, if not impossible. We develop complicated coping strategies when we should be learning the tools and techniques of the world&#8217;s most influential people. But this is about to change. From the bestselling authors who taught the world how to have Crucial Conversations comes Influencer, a thought-provoking book that combines the remarkable insights of behavioral scientists and business leaders with the astonishing stories of high-powered influencers from all walks of life. You&#8217;ll be taught each and every step of the influence process-including robust strategies for making change inevitable in your personal life, your business, and your world. You&#8217;ll learn how to: Identify a handful of high-leverage behaviors that lead to rapid and profound change. Apply strategies for changing both thoughts and actions. Marshall six sources of influence to make change inevitable. Influencer takes you on a fascinating journey from San Francisco to Thailand where you&#8217;ll see how seemingly \u201cinsignificant\u201d people are making incredibly significant improvements in solving problems others would think impossible. You&#8217;ll learn how savvy folks make change not only achievable and sustainable, but inevitable. You&#8217;ll discover why some managers have increased productivity repeatedly and significantly-while others have failed miserably. No matter who you are, or what you do, you&#8217;ll never learn a more valuable or important set of principles and skills. Once you tap into the power of influence, you can reach out and help others work smarter, grow faster, live, look, and feel better, even save lives. The sky is the limit\u2026for an Influencer. Are you an Influencer ?<\/p>\n","protected":false},"featured_media":25675,"comment_status":"open","ping_status":"closed","template":"","meta":{"_acf_changed":false,"site-sidebar-layout":"default","site-content-layout":"","ast-site-content-layout":"default","site-content-style":"default","site-sidebar-style":"default","ast-global-header-display":"","ast-banner-title-visibility":"","ast-main-header-display":"","ast-hfb-above-header-display":"","ast-hfb-below-header-display":"","ast-hfb-mobile-header-display":"","site-post-title":"","ast-breadcrumbs-content":"","ast-featured-img":"","footer-sml-layout":"","ast-disable-related-posts":"","theme-transparent-header-meta":"","adv-header-id-meta":"","stick-header-meta":"","header-above-stick-meta":"","header-main-stick-meta":"","header-below-stick-meta":"","astra-migrate-meta-layouts":"default","ast-page-background-enabled":"default","ast-page-background-meta":{"desktop":{"background-color":"","background-image":"","background-repeat":"repeat","background-position":"center center","background-size":"auto","background-attachment":"scroll","background-type":"","background-media":"","overlay-type":"","overlay-color":"","overlay-opacity":"","overlay-gradient":""},"tablet":{"background-color":"","background-image":"","background-repeat":"repeat","background-position":"center center","background-size":"auto","background-attachment":"scroll","background-type":"","background-media":"","overlay-type":"","overlay-color":"","overlay-opacity":"","overlay-gradient":""},"mobile":{"background-color":"","background-image":"","background-repeat":"repeat","background-position":"center center","background-size":"auto","background-attachment":"scroll","background-type":"","background-media":"","overlay-type":"","overlay-color":"","overlay-opacity":"","overlay-gradient":""}},"ast-content-background-meta":{"desktop":{"background-color":"var(--ast-global-color-4)","background-image":"","background-repeat":"repeat","background-position":"center center","background-size":"auto","background-attachment":"scroll","background-type":"","background-media":"","overlay-type":"","overlay-color":"","overlay-opacity":"","overlay-gradient":""},"tablet":{"background-color":"var(--ast-global-color-4)","background-image":"","background-repeat":"repeat","background-position":"center center","background-size":"auto","background-attachment":"scroll","background-type":"","background-media":"","overlay-type":"","overlay-color":"","overlay-opacity":"","overlay-gradient":""},"mobile":{"background-color":"var(--ast-global-color-4)","background-image":"","background-repeat":"repeat","background-position":"center center","background-size":"auto","background-attachment":"scroll","background-type":"","background-media":"","overlay-type":"","overlay-color":"","overlay-opacity":"","overlay-gradient":""}}},"product_brand":[],"product_cat":[9813,9888,9887],"product_tag":[],"class_list":{"0":"post-25671","1":"product","2":"type-product","3":"status-publish","4":"has-post-thumbnail","6":"product_cat-knygos-anglu-kalba-knygos-kitomis-kalbomis-2","7":"product_cat-vadyba-ir-finansai","8":"product_cat-verslas","9":"desktop-align-left","10":"tablet-align-left","11":"mobile-align-left","13":"first","14":"instock","15":"shipping-taxable","16":"purchasable","17":"product-type-simple"},"acf":[],"yoast_head":"<!-- This site is optimized with the Yoast SEO plugin v27.0 - https:\/\/yoast.com\/product\/yoast-seo-wordpress\/ -->\n<title>Influencer: The Power to Change Anything (d\u0117mel\u0117s knygos vir\u0161uje)<\/title>\n<meta name=\"description\" content=\"An influencer motivates others to change. An influencer replaces bad behaviors with powerful new skills. An influencer makes things happen. This is what\" \/>\n<meta name=\"robots\" content=\"index, follow, max-snippet:-1, max-image-preview:large, max-video-preview:-1\" \/>\n<link rel=\"canonical\" href=\"https:\/\/skaitytaknyga.lt\/en\/produktas\/influencer-the-power-to-change-anything\/\" \/>\n<meta property=\"og:locale\" content=\"en_GB\" \/>\n<meta property=\"og:locale:alternate\" content=\"lt_LT\" \/>\n<meta property=\"og:type\" content=\"article\" \/>\n<meta property=\"og:title\" content=\"Influencer: The Power to Change Anything (d\u0117mel\u0117s knygos vir\u0161uje)\" \/>\n<meta property=\"og:description\" content=\"An influencer motivates others to change. An influencer replaces bad behaviors with powerful new skills. An influencer makes things happen. This is what\" \/>\n<meta property=\"og:url\" content=\"https:\/\/skaitytaknyga.lt\/en\/produktas\/influencer-the-power-to-change-anything\/\" \/>\n<meta property=\"og:site_name\" content=\"Skaitytaknyga\" \/>\n<meta property=\"article:publisher\" content=\"https:\/\/www.facebook.com\/skaitytaknyga\/\" \/>\n<meta property=\"article:modified_time\" content=\"2026-04-10T17:45:36+00:00\" \/>\n<meta property=\"og:image\" content=\"https:\/\/skaitytaknyga.lt\/wp-content\/uploads\/2026\/04\/Influencer-The-Power-to-Change-Anything.jpg\" \/>\n\t<meta property=\"og:image:width\" content=\"1000\" \/>\n\t<meta property=\"og:image:height\" content=\"1000\" \/>\n\t<meta property=\"og:image:type\" content=\"image\/jpeg\" \/>\n<meta name=\"twitter:card\" content=\"summary_large_image\" \/>\n<meta name=\"twitter:label1\" content=\"Estimated reading time\" \/>\n\t<meta name=\"twitter:data1\" content=\"2 minutes\" \/>\n<script type=\"application\/ld+json\" class=\"yoast-schema-graph\">{\"@context\":\"https:\/\/schema.org\",\"@graph\":[{\"@type\":\"WebPage\",\"@id\":\"https:\/\/skaitytaknyga.lt\/produktas\/influencer-the-power-to-change-anything\/\",\"url\":\"https:\/\/skaitytaknyga.lt\/produktas\/influencer-the-power-to-change-anything\/\",\"name\":\"Influencer: The Power to Change Anything (d\u0117mel\u0117s knygos vir\u0161uje)\",\"isPartOf\":{\"@id\":\"https:\/\/skaitytaknyga.lt\/#website\"},\"primaryImageOfPage\":{\"@id\":\"https:\/\/skaitytaknyga.lt\/produktas\/influencer-the-power-to-change-anything\/#primaryimage\"},\"image\":{\"@id\":\"https:\/\/skaitytaknyga.lt\/produktas\/influencer-the-power-to-change-anything\/#primaryimage\"},\"thumbnailUrl\":\"https:\/\/skaitytaknyga.lt\/wp-content\/uploads\/2026\/04\/Influencer-The-Power-to-Change-Anything.jpg\",\"datePublished\":\"2026-04-10T16:07:15+00:00\",\"dateModified\":\"2026-04-10T17:45:36+00:00\",\"description\":\"An influencer motivates others to change. An influencer replaces bad behaviors with powerful new skills. An influencer makes things happen. This is what\",\"breadcrumb\":{\"@id\":\"https:\/\/skaitytaknyga.lt\/produktas\/influencer-the-power-to-change-anything\/#breadcrumb\"},\"inLanguage\":\"en-GB\",\"potentialAction\":[{\"@type\":\"ReadAction\",\"target\":[\"https:\/\/skaitytaknyga.lt\/produktas\/influencer-the-power-to-change-anything\/\"]}]},{\"@type\":\"ImageObject\",\"inLanguage\":\"en-GB\",\"@id\":\"https:\/\/skaitytaknyga.lt\/produktas\/influencer-the-power-to-change-anything\/#primaryimage\",\"url\":\"https:\/\/skaitytaknyga.lt\/wp-content\/uploads\/2026\/04\/Influencer-The-Power-to-Change-Anything.jpg\",\"contentUrl\":\"https:\/\/skaitytaknyga.lt\/wp-content\/uploads\/2026\/04\/Influencer-The-Power-to-Change-Anything.jpg\",\"width\":1000,\"height\":1000,\"caption\":\"Influencer The Power to Change Anything\"},{\"@type\":\"BreadcrumbList\",\"@id\":\"https:\/\/skaitytaknyga.lt\/produktas\/influencer-the-power-to-change-anything\/#breadcrumb\",\"itemListElement\":[{\"@type\":\"ListItem\",\"position\":1,\"name\":\"Home\",\"item\":\"https:\/\/skaitytaknyga.lt\/\"},{\"@type\":\"ListItem\",\"position\":2,\"name\":\"Parduotuv\u0117\",\"item\":\"https:\/\/skaitytaknyga.lt\/knygu-parduotuve\/\"},{\"@type\":\"ListItem\",\"position\":3,\"name\":\"Influencer: The Power to Change Anything (d\u0117mel\u0117s knygos vir\u0161uje)\"}]},{\"@type\":\"WebSite\",\"@id\":\"https:\/\/skaitytaknyga.lt\/#website\",\"url\":\"https:\/\/skaitytaknyga.lt\/\",\"name\":\"skaitytaknyga.lt\",\"description\":\"Skaitytaknyga.lt \u2013 tai ma\u017eas \u0161eimos verslas, kuris prasid\u0117jo nuo meil\u0117s knygoms ir siekio i\u0161gelb\u0117ti knygas nuo likimo prie konteinerio. Kas vienam nereikalingas daiktas \u2013 kitam lobis, o mes esame tarpininkai, kurie padeda abiems tapti laimingesniems ???? \u017dinome kaip nelengva i\u0161gyventi ma\u017eiems verslams, tad nuo \u0161iol, \u010dia rasite ir kit\u0173, ma\u017e\u0173 \u0161eim\u0173 versl\u0173, rank\u0173 darbo, dovan\u0173 sau ir artimiesiems.\",\"publisher\":{\"@id\":\"https:\/\/skaitytaknyga.lt\/#organization\"},\"potentialAction\":[{\"@type\":\"SearchAction\",\"target\":{\"@type\":\"EntryPoint\",\"urlTemplate\":\"https:\/\/skaitytaknyga.lt\/?s={search_term_string}\"},\"query-input\":{\"@type\":\"PropertyValueSpecification\",\"valueRequired\":true,\"valueName\":\"search_term_string\"}}],\"inLanguage\":\"en-GB\"},{\"@type\":\"Organization\",\"@id\":\"https:\/\/skaitytaknyga.lt\/#organization\",\"name\":\"skaitytaknyga.lt\",\"url\":\"https:\/\/skaitytaknyga.lt\/\",\"logo\":{\"@type\":\"ImageObject\",\"inLanguage\":\"en-GB\",\"@id\":\"https:\/\/skaitytaknyga.lt\/#\/schema\/logo\/image\/\",\"url\":\"https:\/\/skaitytaknyga.lt\/wp-content\/uploads\/2024\/05\/cropped-cropped-cropped-02_00843_jt3bggkj1j3HLc7SyY6rEUpg.jpeg\",\"contentUrl\":\"https:\/\/skaitytaknyga.lt\/wp-content\/uploads\/2024\/05\/cropped-cropped-cropped-02_00843_jt3bggkj1j3HLc7SyY6rEUpg.jpeg\",\"width\":1600,\"height\":1600,\"caption\":\"skaitytaknyga.lt\"},\"image\":{\"@id\":\"https:\/\/skaitytaknyga.lt\/#\/schema\/logo\/image\/\"},\"sameAs\":[\"https:\/\/www.facebook.com\/skaitytaknyga\/\"]}]}<\/script>\n<!-- \/ Yoast SEO plugin. -->","yoast_head_json":{"title":"Influencer: The Power to Change Anything (d\u0117mel\u0117s knygos vir\u0161uje)","description":"An influencer motivates others to change. An influencer replaces bad behaviors with powerful new skills. An influencer makes things happen. This is what","robots":{"index":"index","follow":"follow","max-snippet":"max-snippet:-1","max-image-preview":"max-image-preview:large","max-video-preview":"max-video-preview:-1"},"canonical":"https:\/\/skaitytaknyga.lt\/en\/produktas\/influencer-the-power-to-change-anything\/","og_locale":"en_GB","og_type":"article","og_title":"[:lt]Influencer: The Power to Change Anything (d\u0117mel\u0117s knygos vir\u0161uje)[:] - Skaitytaknyga","og_description":"An influencer motivates others to change. An influencer replaces bad behaviors with powerful new skills. An influencer makes things happen. This is what","og_url":"https:\/\/skaitytaknyga.lt\/en\/produktas\/influencer-the-power-to-change-anything\/","og_site_name":"Skaitytaknyga","article_publisher":"https:\/\/www.facebook.com\/skaitytaknyga\/","article_modified_time":"2026-04-10T17:45:36+00:00","og_image":[{"width":1000,"height":1000,"url":"https:\/\/skaitytaknyga.lt\/wp-content\/uploads\/2026\/04\/Influencer-The-Power-to-Change-Anything.jpg","type":"image\/jpeg"}],"twitter_card":"summary_large_image","twitter_misc":{"Estimated reading time":"2 minutes"},"schema":{"@context":"https:\/\/schema.org","@graph":[{"@type":"WebPage","@id":"https:\/\/skaitytaknyga.lt\/produktas\/influencer-the-power-to-change-anything\/","url":"https:\/\/skaitytaknyga.lt\/produktas\/influencer-the-power-to-change-anything\/","name":"Influencer: The Power to Change Anything (d\u0117mel\u0117s knygos vir\u0161uje)","isPartOf":{"@id":"https:\/\/skaitytaknyga.lt\/#website"},"primaryImageOfPage":{"@id":"https:\/\/skaitytaknyga.lt\/produktas\/influencer-the-power-to-change-anything\/#primaryimage"},"image":{"@id":"https:\/\/skaitytaknyga.lt\/produktas\/influencer-the-power-to-change-anything\/#primaryimage"},"thumbnailUrl":"https:\/\/skaitytaknyga.lt\/wp-content\/uploads\/2026\/04\/Influencer-The-Power-to-Change-Anything.jpg","datePublished":"2026-04-10T16:07:15+00:00","dateModified":"2026-04-10T17:45:36+00:00","description":"An influencer motivates others to change. An influencer replaces bad behaviors with powerful new skills. An influencer makes things happen. This is what","breadcrumb":{"@id":"https:\/\/skaitytaknyga.lt\/produktas\/influencer-the-power-to-change-anything\/#breadcrumb"},"inLanguage":"en-GB","potentialAction":[{"@type":"ReadAction","target":["https:\/\/skaitytaknyga.lt\/produktas\/influencer-the-power-to-change-anything\/"]}]},{"@type":"ImageObject","inLanguage":"en-GB","@id":"https:\/\/skaitytaknyga.lt\/produktas\/influencer-the-power-to-change-anything\/#primaryimage","url":"https:\/\/skaitytaknyga.lt\/wp-content\/uploads\/2026\/04\/Influencer-The-Power-to-Change-Anything.jpg","contentUrl":"https:\/\/skaitytaknyga.lt\/wp-content\/uploads\/2026\/04\/Influencer-The-Power-to-Change-Anything.jpg","width":1000,"height":1000,"caption":"Influencer The Power to Change Anything"},{"@type":"BreadcrumbList","@id":"https:\/\/skaitytaknyga.lt\/produktas\/influencer-the-power-to-change-anything\/#breadcrumb","itemListElement":[{"@type":"ListItem","position":1,"name":"Home","item":"https:\/\/skaitytaknyga.lt\/"},{"@type":"ListItem","position":2,"name":"Parduotuv\u0117","item":"https:\/\/skaitytaknyga.lt\/knygu-parduotuve\/"},{"@type":"ListItem","position":3,"name":"Influencer: The Power to Change Anything (d\u0117mel\u0117s knygos vir\u0161uje)"}]},{"@type":"WebSite","@id":"https:\/\/skaitytaknyga.lt\/#website","url":"https:\/\/skaitytaknyga.lt\/","name":"skaitytaknyga.lt","description":"Skaitytaknyga.lt \u2013 tai ma\u017eas \u0161eimos verslas, kuris prasid\u0117jo nuo meil\u0117s knygoms ir siekio i\u0161gelb\u0117ti knygas nuo likimo prie konteinerio. Kas vienam nereikalingas daiktas \u2013 kitam lobis, o mes esame tarpininkai, kurie padeda abiems tapti laimingesniems ???? \u017dinome kaip nelengva i\u0161gyventi ma\u017eiems verslams, tad nuo \u0161iol, \u010dia rasite ir kit\u0173, ma\u017e\u0173 \u0161eim\u0173 versl\u0173, rank\u0173 darbo, dovan\u0173 sau ir artimiesiems.","publisher":{"@id":"https:\/\/skaitytaknyga.lt\/#organization"},"potentialAction":[{"@type":"SearchAction","target":{"@type":"EntryPoint","urlTemplate":"https:\/\/skaitytaknyga.lt\/?s={search_term_string}"},"query-input":{"@type":"PropertyValueSpecification","valueRequired":true,"valueName":"search_term_string"}}],"inLanguage":"en-GB"},{"@type":"Organization","@id":"https:\/\/skaitytaknyga.lt\/#organization","name":"skaitytaknyga.lt","url":"https:\/\/skaitytaknyga.lt\/","logo":{"@type":"ImageObject","inLanguage":"en-GB","@id":"https:\/\/skaitytaknyga.lt\/#\/schema\/logo\/image\/","url":"https:\/\/skaitytaknyga.lt\/wp-content\/uploads\/2024\/05\/cropped-cropped-cropped-02_00843_jt3bggkj1j3HLc7SyY6rEUpg.jpeg","contentUrl":"https:\/\/skaitytaknyga.lt\/wp-content\/uploads\/2024\/05\/cropped-cropped-cropped-02_00843_jt3bggkj1j3HLc7SyY6rEUpg.jpeg","width":1600,"height":1600,"caption":"skaitytaknyga.lt"},"image":{"@id":"https:\/\/skaitytaknyga.lt\/#\/schema\/logo\/image\/"},"sameAs":["https:\/\/www.facebook.com\/skaitytaknyga\/"]}]}},"_links":{"self":[{"href":"https:\/\/skaitytaknyga.lt\/en\/wp-json\/wp\/v2\/product\/25671","targetHints":{"allow":["GET"]}}],"collection":[{"href":"https:\/\/skaitytaknyga.lt\/en\/wp-json\/wp\/v2\/product"}],"about":[{"href":"https:\/\/skaitytaknyga.lt\/en\/wp-json\/wp\/v2\/types\/product"}],"replies":[{"embeddable":true,"href":"https:\/\/skaitytaknyga.lt\/en\/wp-json\/wp\/v2\/comments?post=25671"}],"wp:featuredmedia":[{"embeddable":true,"href":"https:\/\/skaitytaknyga.lt\/en\/wp-json\/wp\/v2\/media\/25675"}],"wp:attachment":[{"href":"https:\/\/skaitytaknyga.lt\/en\/wp-json\/wp\/v2\/media?parent=25671"}],"wp:term":[{"taxonomy":"product_brand","embeddable":true,"href":"https:\/\/skaitytaknyga.lt\/en\/wp-json\/wp\/v2\/product_brand?post=25671"},{"taxonomy":"product_cat","embeddable":true,"href":"https:\/\/skaitytaknyga.lt\/en\/wp-json\/wp\/v2\/product_cat?post=25671"},{"taxonomy":"product_tag","embeddable":true,"href":"https:\/\/skaitytaknyga.lt\/en\/wp-json\/wp\/v2\/product_tag?post=25671"}],"curies":[{"name":"wp","href":"https:\/\/api.w.org\/{rel}","templated":true}]}}