{"id":25670,"date":"2026-04-10T19:07:15","date_gmt":"2026-04-10T16:07:15","guid":{"rendered":"https:\/\/skaitytaknyga.lt\/?post_type=product&#038;p=25670"},"modified":"2026-04-10T20:45:36","modified_gmt":"2026-04-10T17:45:36","slug":"jack-welch-and-the-4-es-of-leadership","status":"publish","type":"product","link":"https:\/\/skaitytaknyga.lt\/en\/produktas\/jack-welch-and-the-4-es-of-leadership\/","title":{"rendered":"Jack Welch and the 4 E&#8217;s of Leadership"},"content":{"rendered":"<p>Proven leadership lessons from the author of the international bestseller The Welch Way<\/p>\n<p>Techniques Jack Welch used to create great leaders and drive unprecedented financial performance<\/p>\n<p>Jack Welch and GE used the celebrated 4e model to measure leadership potential and enhance profitability at every level of the organization. Jack Welch and the 4 E&#8217;s of Leadership delivers a thought-provoking and in-depth analysis of this signature model. Pragmatic and handson, it explains how the model helped Welch to consistently spot 4e leaders&#8211;individuals with energy, the ability to inspire others, and the talent to consistently make the difficult decisions and meet financial goals.<\/p>\n<p>Jack Welch and the 4 E&#8217;s of Leadership reveals how the 4e model helped GE&#8217;s best and brightest eliminate bureaucracy, hire and promote energetic people, find new ways to increase the organization&#8217;s customer-centricity, and more. Beyond the nuts and bolts of the 4e model, however, it outlines a step-by-step blueprint anyone can follow to stock an organization with performance-ready leaders and leaders-in-training.<\/p>\n<p>Examples include:<\/p>\n<p>How to recognize and encourage each of the 4e&#8217;s&#8211;Energy, Energizers, Edge, and Execute<br \/>\nLeadership theories of Drucker, Senge, and others, and how they support and validate Welch&#8217;s 4e model<br \/>\nSeven rules for successfully driving change, and leveraging it to gain long-term competitive advantage<br \/>\nLeadership lessons of the 4e all-star executive team<br \/>\nValuable implementation insights on virtually every page, along with a &#8220;4e leader to-do&#8221; list<br \/>\nJack Welch is universally recognized as the greatest CEO of his era. In Jack Welch and the 4 E&#8217;s of Leadership, bestselling author Jeffrey A. Krames examines Welch&#8217;s seminal 4e leadership model and provides a penetrating and uncompromising look at how to recognize and develop authentic leaders.<\/p>\n","protected":false},"excerpt":{"rendered":"<p>Proven leadership lessons from the author of the international bestseller The Welch Way Techniques Jack Welch used to create great leaders and drive unprecedented financial performance Jack Welch and GE used the celebrated 4e model to measure leadership potential and enhance profitability at every level of the organization. Jack Welch and the 4 E&#8217;s of Leadership delivers a thought-provoking and in-depth analysis of this signature model. Pragmatic and handson, it explains how the model helped Welch to consistently spot 4e leaders&#8211;individuals with energy, the ability to inspire others, and the talent to consistently make the difficult decisions and meet financial goals. Jack Welch and the 4 E&#8217;s of Leadership reveals how the 4e model helped GE&#8217;s best and brightest eliminate bureaucracy, hire and promote energetic people, find new ways to increase the organization&#8217;s customer-centricity, and more. Beyond the nuts and bolts of the 4e model, however, it outlines a step-by-step blueprint anyone can follow to stock an organization with performance-ready leaders and leaders-in-training. Examples include: How to recognize and encourage each of the 4e&#8217;s&#8211;Energy, Energizers, Edge, and Execute Leadership theories of Drucker, Senge, and others, and how they support and validate Welch&#8217;s 4e model Seven rules for successfully driving change, and leveraging it to gain long-term competitive advantage Leadership lessons of the 4e all-star executive team Valuable implementation insights on virtually every page, along with a &#8220;4e leader to-do&#8221; list Jack Welch is universally recognized as the greatest CEO of his era. In Jack Welch and the 4 E&#8217;s of Leadership, bestselling author Jeffrey A. Krames examines Welch&#8217;s seminal 4e leadership model and provides a penetrating and uncompromising look at how to recognize and develop authentic leaders.<\/p>\n","protected":false},"featured_media":25684,"comment_status":"open","ping_status":"closed","template":"","meta":{"_acf_changed":false,"site-sidebar-layout":"default","site-content-layout":"","ast-site-content-layout":"default","site-content-style":"default","site-sidebar-style":"default","ast-global-header-display":"","ast-banner-title-visibility":"","ast-main-header-display":"","ast-hfb-above-header-display":"","ast-hfb-below-header-display":"","ast-hfb-mobile-header-display":"","site-post-title":"","ast-breadcrumbs-content":"","ast-featured-img":"","footer-sml-layout":"","ast-disable-related-posts":"","theme-transparent-header-meta":"","adv-header-id-meta":"","stick-header-meta":"","header-above-stick-meta":"","header-main-stick-meta":"","header-below-stick-meta":"","astra-migrate-meta-layouts":"default","ast-page-background-enabled":"default","ast-page-background-meta":{"desktop":{"background-color":"","background-image":"","background-repeat":"repeat","background-position":"center center","background-size":"auto","background-attachment":"scroll","background-type":"","background-media":"","overlay-type":"","overlay-color":"","overlay-opacity":"","overlay-gradient":""},"tablet":{"background-color":"","background-image":"","background-repeat":"repeat","background-position":"center center","background-size":"auto","background-attachment":"scroll","background-type":"","background-media":"","overlay-type":"","overlay-color":"","overlay-opacity":"","overlay-gradient":""},"mobile":{"background-color":"","background-image":"","background-repeat":"repeat","background-position":"center center","background-size":"auto","background-attachment":"scroll","background-type":"","background-media":"","overlay-type":"","overlay-color":"","overlay-opacity":"","overlay-gradient":""}},"ast-content-background-meta":{"desktop":{"background-color":"var(--ast-global-color-4)","background-image":"","background-repeat":"repeat","background-position":"center center","background-size":"auto","background-attachment":"scroll","background-type":"","background-media":"","overlay-type":"","overlay-color":"","overlay-opacity":"","overlay-gradient":""},"tablet":{"background-color":"var(--ast-global-color-4)","background-image":"","background-repeat":"repeat","background-position":"center center","background-size":"auto","background-attachment":"scroll","background-type":"","background-media":"","overlay-type":"","overlay-color":"","overlay-opacity":"","overlay-gradient":""},"mobile":{"background-color":"var(--ast-global-color-4)","background-image":"","background-repeat":"repeat","background-position":"center center","background-size":"auto","background-attachment":"scroll","background-type":"","background-media":"","overlay-type":"","overlay-color":"","overlay-opacity":"","overlay-gradient":""}}},"product_brand":[],"product_cat":[9813,9888,9887],"product_tag":[],"class_list":{"0":"post-25670","1":"product","2":"type-product","3":"status-publish","4":"has-post-thumbnail","6":"product_cat-knygos-anglu-kalba-knygos-kitomis-kalbomis-2","7":"product_cat-vadyba-ir-finansai","8":"product_cat-verslas","9":"desktop-align-left","10":"tablet-align-left","11":"mobile-align-left","13":"first","14":"instock","15":"shipping-taxable","16":"purchasable","17":"product-type-simple"},"acf":[],"yoast_head":"<!-- This site is optimized with the Yoast SEO plugin v27.0 - https:\/\/yoast.com\/product\/yoast-seo-wordpress\/ -->\n<title>Jack Welch and the 4 E&#039;s of Leadership<\/title>\n<meta name=\"description\" content=\"Proven leadership lessons from the author of the international bestseller The Welch Way Techniques Jack Welch used to create great leaders and drive\" \/>\n<meta name=\"robots\" content=\"index, follow, max-snippet:-1, max-image-preview:large, max-video-preview:-1\" \/>\n<link rel=\"canonical\" href=\"https:\/\/skaitytaknyga.lt\/en\/produktas\/jack-welch-and-the-4-es-of-leadership\/\" \/>\n<meta property=\"og:locale\" content=\"en_GB\" \/>\n<meta property=\"og:locale:alternate\" content=\"lt_LT\" \/>\n<meta property=\"og:type\" content=\"article\" \/>\n<meta property=\"og:title\" content=\"Jack Welch and the 4 E&#039;s of Leadership\" \/>\n<meta property=\"og:description\" content=\"Proven leadership lessons from the author of the international bestseller The Welch Way Techniques Jack Welch used to create great leaders and drive\" \/>\n<meta property=\"og:url\" content=\"https:\/\/skaitytaknyga.lt\/en\/produktas\/jack-welch-and-the-4-es-of-leadership\/\" \/>\n<meta property=\"og:site_name\" content=\"Skaitytaknyga\" \/>\n<meta property=\"article:publisher\" content=\"https:\/\/www.facebook.com\/skaitytaknyga\/\" \/>\n<meta property=\"article:modified_time\" content=\"2026-04-10T17:45:36+00:00\" \/>\n<meta property=\"og:image\" content=\"https:\/\/skaitytaknyga.lt\/wp-content\/uploads\/2024\/07\/skaitytaknyga.png\" \/>\n\t<meta property=\"og:image:width\" content=\"747\" \/>\n\t<meta property=\"og:image:height\" content=\"496\" \/>\n\t<meta property=\"og:image:type\" content=\"image\/png\" \/>\n<meta name=\"twitter:card\" content=\"summary_large_image\" \/>\n<meta name=\"twitter:label1\" content=\"Estimated reading time\" \/>\n\t<meta name=\"twitter:data1\" content=\"1 minute\" \/>\n<script type=\"application\/ld+json\" class=\"yoast-schema-graph\">{\"@context\":\"https:\/\/schema.org\",\"@graph\":[{\"@type\":\"WebPage\",\"@id\":\"https:\/\/skaitytaknyga.lt\/produktas\/jack-welch-and-the-4-es-of-leadership\/\",\"url\":\"https:\/\/skaitytaknyga.lt\/produktas\/jack-welch-and-the-4-es-of-leadership\/\",\"name\":\"Jack Welch and the 4 E's of Leadership\",\"isPartOf\":{\"@id\":\"https:\/\/skaitytaknyga.lt\/#website\"},\"primaryImageOfPage\":{\"@id\":\"https:\/\/skaitytaknyga.lt\/produktas\/jack-welch-and-the-4-es-of-leadership\/#primaryimage\"},\"image\":{\"@id\":\"https:\/\/skaitytaknyga.lt\/produktas\/jack-welch-and-the-4-es-of-leadership\/#primaryimage\"},\"thumbnailUrl\":\"https:\/\/skaitytaknyga.lt\/wp-content\/uploads\/2026\/04\/welsh.jpg\",\"datePublished\":\"2026-04-10T16:07:15+00:00\",\"dateModified\":\"2026-04-10T17:45:36+00:00\",\"description\":\"Proven leadership lessons from the author of the international bestseller The Welch Way Techniques Jack Welch used to create great leaders and drive\",\"breadcrumb\":{\"@id\":\"https:\/\/skaitytaknyga.lt\/produktas\/jack-welch-and-the-4-es-of-leadership\/#breadcrumb\"},\"inLanguage\":\"en-GB\",\"potentialAction\":[{\"@type\":\"ReadAction\",\"target\":[\"https:\/\/skaitytaknyga.lt\/produktas\/jack-welch-and-the-4-es-of-leadership\/\"]}]},{\"@type\":\"ImageObject\",\"inLanguage\":\"en-GB\",\"@id\":\"https:\/\/skaitytaknyga.lt\/produktas\/jack-welch-and-the-4-es-of-leadership\/#primaryimage\",\"url\":\"https:\/\/skaitytaknyga.lt\/wp-content\/uploads\/2026\/04\/welsh.jpg\",\"contentUrl\":\"https:\/\/skaitytaknyga.lt\/wp-content\/uploads\/2026\/04\/welsh.jpg\",\"width\":651,\"height\":1000,\"caption\":\"Jack Welch and the 4 E's of Leadership\"},{\"@type\":\"BreadcrumbList\",\"@id\":\"https:\/\/skaitytaknyga.lt\/produktas\/jack-welch-and-the-4-es-of-leadership\/#breadcrumb\",\"itemListElement\":[{\"@type\":\"ListItem\",\"position\":1,\"name\":\"Home\",\"item\":\"https:\/\/skaitytaknyga.lt\/\"},{\"@type\":\"ListItem\",\"position\":2,\"name\":\"Parduotuv\u0117\",\"item\":\"https:\/\/skaitytaknyga.lt\/knygu-parduotuve\/\"},{\"@type\":\"ListItem\",\"position\":3,\"name\":\"Jack Welch and the 4 E&#8217;s of Leadership\"}]},{\"@type\":\"WebSite\",\"@id\":\"https:\/\/skaitytaknyga.lt\/#website\",\"url\":\"https:\/\/skaitytaknyga.lt\/\",\"name\":\"skaitytaknyga.lt\",\"description\":\"Skaitytaknyga.lt \u2013 tai ma\u017eas \u0161eimos verslas, kuris prasid\u0117jo nuo meil\u0117s knygoms ir siekio i\u0161gelb\u0117ti knygas nuo likimo prie konteinerio. Kas vienam nereikalingas daiktas \u2013 kitam lobis, o mes esame tarpininkai, kurie padeda abiems tapti laimingesniems ???? \u017dinome kaip nelengva i\u0161gyventi ma\u017eiems verslams, tad nuo \u0161iol, \u010dia rasite ir kit\u0173, ma\u017e\u0173 \u0161eim\u0173 versl\u0173, rank\u0173 darbo, dovan\u0173 sau ir artimiesiems.\",\"publisher\":{\"@id\":\"https:\/\/skaitytaknyga.lt\/#organization\"},\"potentialAction\":[{\"@type\":\"SearchAction\",\"target\":{\"@type\":\"EntryPoint\",\"urlTemplate\":\"https:\/\/skaitytaknyga.lt\/?s={search_term_string}\"},\"query-input\":{\"@type\":\"PropertyValueSpecification\",\"valueRequired\":true,\"valueName\":\"search_term_string\"}}],\"inLanguage\":\"en-GB\"},{\"@type\":\"Organization\",\"@id\":\"https:\/\/skaitytaknyga.lt\/#organization\",\"name\":\"skaitytaknyga.lt\",\"url\":\"https:\/\/skaitytaknyga.lt\/\",\"logo\":{\"@type\":\"ImageObject\",\"inLanguage\":\"en-GB\",\"@id\":\"https:\/\/skaitytaknyga.lt\/#\/schema\/logo\/image\/\",\"url\":\"https:\/\/skaitytaknyga.lt\/wp-content\/uploads\/2024\/05\/cropped-cropped-cropped-02_00843_jt3bggkj1j3HLc7SyY6rEUpg.jpeg\",\"contentUrl\":\"https:\/\/skaitytaknyga.lt\/wp-content\/uploads\/2024\/05\/cropped-cropped-cropped-02_00843_jt3bggkj1j3HLc7SyY6rEUpg.jpeg\",\"width\":1600,\"height\":1600,\"caption\":\"skaitytaknyga.lt\"},\"image\":{\"@id\":\"https:\/\/skaitytaknyga.lt\/#\/schema\/logo\/image\/\"},\"sameAs\":[\"https:\/\/www.facebook.com\/skaitytaknyga\/\"]}]}<\/script>\n<!-- \/ Yoast SEO plugin. -->","yoast_head_json":{"title":"Jack Welch and the 4 E's of Leadership","description":"Proven leadership lessons from the author of the international bestseller The Welch Way Techniques Jack Welch used to create great leaders and drive","robots":{"index":"index","follow":"follow","max-snippet":"max-snippet:-1","max-image-preview":"max-image-preview:large","max-video-preview":"max-video-preview:-1"},"canonical":"https:\/\/skaitytaknyga.lt\/en\/produktas\/jack-welch-and-the-4-es-of-leadership\/","og_locale":"en_GB","og_type":"article","og_title":"[:lt]Jack Welch and the 4 E's of Leadership[:] - Skaitytaknyga","og_description":"Proven leadership lessons from the author of the international bestseller The Welch Way Techniques Jack Welch used to create great leaders and drive","og_url":"https:\/\/skaitytaknyga.lt\/en\/produktas\/jack-welch-and-the-4-es-of-leadership\/","og_site_name":"Skaitytaknyga","article_publisher":"https:\/\/www.facebook.com\/skaitytaknyga\/","article_modified_time":"2026-04-10T17:45:36+00:00","og_image":[{"width":747,"height":496,"url":"https:\/\/skaitytaknyga.lt\/wp-content\/uploads\/2024\/07\/skaitytaknyga.png","type":"image\/png"}],"twitter_card":"summary_large_image","twitter_misc":{"Estimated reading time":"1 minute"},"schema":{"@context":"https:\/\/schema.org","@graph":[{"@type":"WebPage","@id":"https:\/\/skaitytaknyga.lt\/produktas\/jack-welch-and-the-4-es-of-leadership\/","url":"https:\/\/skaitytaknyga.lt\/produktas\/jack-welch-and-the-4-es-of-leadership\/","name":"Jack Welch and the 4 E's of Leadership","isPartOf":{"@id":"https:\/\/skaitytaknyga.lt\/#website"},"primaryImageOfPage":{"@id":"https:\/\/skaitytaknyga.lt\/produktas\/jack-welch-and-the-4-es-of-leadership\/#primaryimage"},"image":{"@id":"https:\/\/skaitytaknyga.lt\/produktas\/jack-welch-and-the-4-es-of-leadership\/#primaryimage"},"thumbnailUrl":"https:\/\/skaitytaknyga.lt\/wp-content\/uploads\/2026\/04\/welsh.jpg","datePublished":"2026-04-10T16:07:15+00:00","dateModified":"2026-04-10T17:45:36+00:00","description":"Proven leadership lessons from the author of the international bestseller The Welch Way Techniques Jack Welch used to create great leaders and drive","breadcrumb":{"@id":"https:\/\/skaitytaknyga.lt\/produktas\/jack-welch-and-the-4-es-of-leadership\/#breadcrumb"},"inLanguage":"en-GB","potentialAction":[{"@type":"ReadAction","target":["https:\/\/skaitytaknyga.lt\/produktas\/jack-welch-and-the-4-es-of-leadership\/"]}]},{"@type":"ImageObject","inLanguage":"en-GB","@id":"https:\/\/skaitytaknyga.lt\/produktas\/jack-welch-and-the-4-es-of-leadership\/#primaryimage","url":"https:\/\/skaitytaknyga.lt\/wp-content\/uploads\/2026\/04\/welsh.jpg","contentUrl":"https:\/\/skaitytaknyga.lt\/wp-content\/uploads\/2026\/04\/welsh.jpg","width":651,"height":1000,"caption":"Jack Welch and the 4 E's of Leadership"},{"@type":"BreadcrumbList","@id":"https:\/\/skaitytaknyga.lt\/produktas\/jack-welch-and-the-4-es-of-leadership\/#breadcrumb","itemListElement":[{"@type":"ListItem","position":1,"name":"Home","item":"https:\/\/skaitytaknyga.lt\/"},{"@type":"ListItem","position":2,"name":"Parduotuv\u0117","item":"https:\/\/skaitytaknyga.lt\/knygu-parduotuve\/"},{"@type":"ListItem","position":3,"name":"Jack Welch and the 4 E&#8217;s of Leadership"}]},{"@type":"WebSite","@id":"https:\/\/skaitytaknyga.lt\/#website","url":"https:\/\/skaitytaknyga.lt\/","name":"skaitytaknyga.lt","description":"Skaitytaknyga.lt \u2013 tai ma\u017eas \u0161eimos verslas, kuris prasid\u0117jo nuo meil\u0117s knygoms ir siekio i\u0161gelb\u0117ti knygas nuo likimo prie konteinerio. Kas vienam nereikalingas daiktas \u2013 kitam lobis, o mes esame tarpininkai, kurie padeda abiems tapti laimingesniems ???? \u017dinome kaip nelengva i\u0161gyventi ma\u017eiems verslams, tad nuo \u0161iol, \u010dia rasite ir kit\u0173, ma\u017e\u0173 \u0161eim\u0173 versl\u0173, rank\u0173 darbo, dovan\u0173 sau ir artimiesiems.","publisher":{"@id":"https:\/\/skaitytaknyga.lt\/#organization"},"potentialAction":[{"@type":"SearchAction","target":{"@type":"EntryPoint","urlTemplate":"https:\/\/skaitytaknyga.lt\/?s={search_term_string}"},"query-input":{"@type":"PropertyValueSpecification","valueRequired":true,"valueName":"search_term_string"}}],"inLanguage":"en-GB"},{"@type":"Organization","@id":"https:\/\/skaitytaknyga.lt\/#organization","name":"skaitytaknyga.lt","url":"https:\/\/skaitytaknyga.lt\/","logo":{"@type":"ImageObject","inLanguage":"en-GB","@id":"https:\/\/skaitytaknyga.lt\/#\/schema\/logo\/image\/","url":"https:\/\/skaitytaknyga.lt\/wp-content\/uploads\/2024\/05\/cropped-cropped-cropped-02_00843_jt3bggkj1j3HLc7SyY6rEUpg.jpeg","contentUrl":"https:\/\/skaitytaknyga.lt\/wp-content\/uploads\/2024\/05\/cropped-cropped-cropped-02_00843_jt3bggkj1j3HLc7SyY6rEUpg.jpeg","width":1600,"height":1600,"caption":"skaitytaknyga.lt"},"image":{"@id":"https:\/\/skaitytaknyga.lt\/#\/schema\/logo\/image\/"},"sameAs":["https:\/\/www.facebook.com\/skaitytaknyga\/"]}]}},"_links":{"self":[{"href":"https:\/\/skaitytaknyga.lt\/en\/wp-json\/wp\/v2\/product\/25670","targetHints":{"allow":["GET"]}}],"collection":[{"href":"https:\/\/skaitytaknyga.lt\/en\/wp-json\/wp\/v2\/product"}],"about":[{"href":"https:\/\/skaitytaknyga.lt\/en\/wp-json\/wp\/v2\/types\/product"}],"replies":[{"embeddable":true,"href":"https:\/\/skaitytaknyga.lt\/en\/wp-json\/wp\/v2\/comments?post=25670"}],"wp:featuredmedia":[{"embeddable":true,"href":"https:\/\/skaitytaknyga.lt\/en\/wp-json\/wp\/v2\/media\/25684"}],"wp:attachment":[{"href":"https:\/\/skaitytaknyga.lt\/en\/wp-json\/wp\/v2\/media?parent=25670"}],"wp:term":[{"taxonomy":"product_brand","embeddable":true,"href":"https:\/\/skaitytaknyga.lt\/en\/wp-json\/wp\/v2\/product_brand?post=25670"},{"taxonomy":"product_cat","embeddable":true,"href":"https:\/\/skaitytaknyga.lt\/en\/wp-json\/wp\/v2\/product_cat?post=25670"},{"taxonomy":"product_tag","embeddable":true,"href":"https:\/\/skaitytaknyga.lt\/en\/wp-json\/wp\/v2\/product_tag?post=25670"}],"curies":[{"name":"wp","href":"https:\/\/api.w.org\/{rel}","templated":true}]}}