{"id":25663,"date":"2026-04-10T18:49:34","date_gmt":"2026-04-10T15:49:34","guid":{"rendered":"https:\/\/skaitytaknyga.lt\/?post_type=product&#038;p=25663"},"modified":"2026-04-10T18:52:26","modified_gmt":"2026-04-10T15:52:26","slug":"stephenie-meyer","status":"publish","type":"product","link":"https:\/\/skaitytaknyga.lt\/en\/produktas\/stephenie-meyer\/","title":{"rendered":"Br\u0117k\u0161tanti au\u0161ra. 4-oji knyga"},"content":{"rendered":"<p>Kai myli t\u0105, kuris tave \u017eudo, n\u0117ra ko rinktis. Kaip gal\u0117tum b\u0117gti, kaip gal\u0117tum kovoti, jei tuo \u012fskaudintum mylim\u0105j\u012f? Jei mylimajam tegal\u0117tum dovanoti savo gyvast\u012f, kaipgi jos nedovanotum?<\/p>\n<p>Jei i\u0161 tikr\u0173j\u0173 myli?<\/p>\n<p>Neat\u0161aukiamai \u012fsimyl\u0117ti vampyr\u0105 \u2013 tai ir svajon\u0117, ir ko\u0161maras, \u012faustas \u012f pavojing\u0105 Belos Svan realyb\u0119. Pl\u0117\u0161oma kar\u0161tos meil\u0117s Edvardui Kalenui ir stipraus ry\u0161io su vilkolakiu D\u017eeikobu Bleku, ji i\u0161tveria audringus pagund\u0173, netek\u010di\u0173 ir nesantaikos metus, kol prieina lemiam\u0105 akimirk\u0105. Jos nei\u0161vengiamas pasirinkimas &#8211; prisid\u0117ti prie kraupaus, bet viliojan\u010dio nemirting\u0173j\u0173 pasaulio ar gyventi paprast\u0105 \u017emogi\u0161k\u0105 gyvenim\u0105 &#8211; tampa lemiamu veiksniu, nuo kurio priklauso dviej\u0173 gen\u010di\u0173 likimas.<\/p>\n<p>Dabar, Belai apsisprendus, prasideda nereg\u0117ti dalykai, o j\u0173 padariniai gali b\u016bti pragai\u0161tingi. Vos tik plonyt\u0117s Belos gyvenimo gijos &#8211; pirmiausia atrastos \u201eSaul\u0117lydyje&#8221;, paskui nutrautos ir i\u0161barstytos \u201eJaunatyje&#8221; ir \u201eU\u017etemime&#8221; &#8211; regis, pradeda atgyti ir megztis, kyla gr\u0117sm\u0117, kad jos bus sunaikintos&#8230; am\u017eiams.<\/p>\n<p>Stulbinama \u201eSaul\u0117lyd\u017eio&#8221; sagos pabaiga, kurios lauk\u0117me u\u017egniau\u017e\u0119 kvap\u0105, nu\u0161vie\u010dia \u0161io kerin\u010dio epo, su\u017eav\u0117jusio milijonus skaitytoj\u0173, paslaptis.<\/p>\n","protected":false},"excerpt":{"rendered":"<p>Kai myli t\u0105, kuris tave \u017eudo, n\u0117ra ko rinktis. Kaip gal\u0117tum b\u0117gti, kaip gal\u0117tum kovoti, jei tuo \u012fskaudintum mylim\u0105j\u012f? Jei mylimajam tegal\u0117tum dovanoti savo gyvast\u012f, kaipgi jos nedovanotum? Jei i\u0161 tikr\u0173j\u0173 myli? Neat\u0161aukiamai \u012fsimyl\u0117ti vampyr\u0105 \u2013 tai ir svajon\u0117, ir ko\u0161maras, \u012faustas \u012f pavojing\u0105 Belos Svan realyb\u0119. Pl\u0117\u0161oma kar\u0161tos meil\u0117s Edvardui Kalenui ir stipraus ry\u0161io su vilkolakiu D\u017eeikobu Bleku, ji i\u0161tveria audringus pagund\u0173, netek\u010di\u0173 ir nesantaikos metus, kol prieina lemiam\u0105 akimirk\u0105. Jos nei\u0161vengiamas pasirinkimas &#8211; prisid\u0117ti prie kraupaus, bet viliojan\u010dio nemirting\u0173j\u0173 pasaulio ar gyventi paprast\u0105 \u017emogi\u0161k\u0105 gyvenim\u0105 &#8211; tampa lemiamu veiksniu, nuo kurio priklauso dviej\u0173 gen\u010di\u0173 likimas. Dabar, Belai apsisprendus, prasideda nereg\u0117ti dalykai, o j\u0173 padariniai gali b\u016bti pragai\u0161tingi. Vos tik plonyt\u0117s Belos gyvenimo gijos &#8211; pirmiausia atrastos \u201eSaul\u0117lydyje&#8221;, paskui nutrautos ir i\u0161barstytos \u201eJaunatyje&#8221; ir \u201eU\u017etemime&#8221; &#8211; regis, pradeda atgyti ir megztis, kyla gr\u0117sm\u0117, kad jos bus sunaikintos&#8230; am\u017eiams. Stulbinama \u201eSaul\u0117lyd\u017eio&#8221; sagos pabaiga, kurios lauk\u0117me u\u017egniau\u017e\u0119 kvap\u0105, nu\u0161vie\u010dia \u0161io kerin\u010dio epo, su\u017eav\u0117jusio milijonus skaitytoj\u0173, paslaptis.<\/p>\n","protected":false},"featured_media":25664,"comment_status":"open","ping_status":"closed","template":"","meta":{"_acf_changed":false,"site-sidebar-layout":"default","site-content-layout":"","ast-site-content-layout":"default","site-content-style":"default","site-sidebar-style":"default","ast-global-header-display":"","ast-banner-title-visibility":"","ast-main-header-display":"","ast-hfb-above-header-display":"","ast-hfb-below-header-display":"","ast-hfb-mobile-header-display":"","site-post-title":"","ast-breadcrumbs-content":"","ast-featured-img":"","footer-sml-layout":"","ast-disable-related-posts":"","theme-transparent-header-meta":"","adv-header-id-meta":"","stick-header-meta":"","header-above-stick-meta":"","header-main-stick-meta":"","header-below-stick-meta":"","astra-migrate-meta-layouts":"default","ast-page-background-enabled":"default","ast-page-background-meta":{"desktop":{"background-color":"","background-image":"","background-repeat":"repeat","background-position":"center center","background-size":"auto","background-attachment":"scroll","background-type":"","background-media":"","overlay-type":"","overlay-color":"","overlay-opacity":"","overlay-gradient":""},"tablet":{"background-color":"","background-image":"","background-repeat":"repeat","background-position":"center center","background-size":"auto","background-attachment":"scroll","background-type":"","background-media":"","overlay-type":"","overlay-color":"","overlay-opacity":"","overlay-gradient":""},"mobile":{"background-color":"","background-image":"","background-repeat":"repeat","background-position":"center center","background-size":"auto","background-attachment":"scroll","background-type":"","background-media":"","overlay-type":"","overlay-color":"","overlay-opacity":"","overlay-gradient":""}},"ast-content-background-meta":{"desktop":{"background-color":"var(--ast-global-color-4)","background-image":"","background-repeat":"repeat","background-position":"center center","background-size":"auto","background-attachment":"scroll","background-type":"","background-media":"","overlay-type":"","overlay-color":"","overlay-opacity":"","overlay-gradient":""},"tablet":{"background-color":"var(--ast-global-color-4)","background-image":"","background-repeat":"repeat","background-position":"center center","background-size":"auto","background-attachment":"scroll","background-type":"","background-media":"","overlay-type":"","overlay-color":"","overlay-opacity":"","overlay-gradient":""},"mobile":{"background-color":"var(--ast-global-color-4)","background-image":"","background-repeat":"repeat","background-position":"center center","background-size":"auto","background-attachment":"scroll","background-type":"","background-media":"","overlay-type":"","overlay-color":"","overlay-opacity":"","overlay-gradient":""}}},"product_brand":[],"product_cat":[9621,9676],"product_tag":[],"class_list":{"0":"post-25663","1":"product","2":"type-product","3":"status-publish","4":"has-post-thumbnail","6":"product_cat-fantastika-fantastika","7":"product_cat-paaugliams","8":"desktop-align-left","9":"tablet-align-left","10":"mobile-align-left","12":"first","13":"instock","14":"featured","15":"shipping-taxable","16":"purchasable","17":"product-type-simple"},"acf":[],"yoast_head":"<!-- This site is optimized with the Yoast SEO plugin v27.0 - https:\/\/yoast.com\/product\/yoast-seo-wordpress\/ -->\n<title>Br\u0117k\u0161tanti au\u0161ra. 4-oji knyga<\/title>\n<meta name=\"description\" content=\"Kai myli t\u0105, kuris tave \u017eudo, n\u0117ra ko rinktis. Kaip gal\u0117tum b\u0117gti, kaip gal\u0117tum kovoti, jei tuo \u012fskaudintum mylim\u0105j\u012f? Jei mylimajam tegal\u0117tum dovanoti\" \/>\n<meta name=\"robots\" content=\"index, follow, max-snippet:-1, max-image-preview:large, max-video-preview:-1\" \/>\n<link rel=\"canonical\" href=\"https:\/\/skaitytaknyga.lt\/en\/produktas\/stephenie-meyer\/\" \/>\n<meta property=\"og:locale\" content=\"en_GB\" \/>\n<meta property=\"og:locale:alternate\" content=\"lt_LT\" \/>\n<meta property=\"og:type\" content=\"article\" \/>\n<meta property=\"og:title\" content=\"Br\u0117k\u0161tanti au\u0161ra. 4-oji knyga\" \/>\n<meta property=\"og:description\" content=\"Kai myli t\u0105, kuris tave \u017eudo, n\u0117ra ko rinktis. Kaip gal\u0117tum b\u0117gti, kaip gal\u0117tum kovoti, jei tuo \u012fskaudintum mylim\u0105j\u012f? Jei mylimajam tegal\u0117tum dovanoti\" \/>\n<meta property=\"og:url\" content=\"https:\/\/skaitytaknyga.lt\/en\/produktas\/stephenie-meyer\/\" \/>\n<meta property=\"og:site_name\" content=\"Skaitytaknyga\" \/>\n<meta property=\"article:publisher\" content=\"https:\/\/www.facebook.com\/skaitytaknyga\/\" \/>\n<meta property=\"article:modified_time\" content=\"2026-04-10T15:52:26+00:00\" \/>\n<meta property=\"og:image\" content=\"https:\/\/skaitytaknyga.lt\/wp-content\/uploads\/2026\/04\/Brekstanti-ausra.-4-oji-knyga.webp\" \/>\n\t<meta property=\"og:image:width\" content=\"544\" \/>\n\t<meta property=\"og:image:height\" content=\"800\" \/>\n\t<meta property=\"og:image:type\" content=\"image\/webp\" \/>\n<meta name=\"twitter:card\" content=\"summary_large_image\" \/>\n<meta name=\"twitter:label1\" content=\"Estimated reading time\" \/>\n\t<meta name=\"twitter:data1\" content=\"1 minute\" \/>\n<script type=\"application\/ld+json\" class=\"yoast-schema-graph\">{\"@context\":\"https:\/\/schema.org\",\"@graph\":[{\"@type\":\"WebPage\",\"@id\":\"https:\/\/skaitytaknyga.lt\/produktas\/stephenie-meyer\/\",\"url\":\"https:\/\/skaitytaknyga.lt\/produktas\/stephenie-meyer\/\",\"name\":\"Br\u0117k\u0161tanti au\u0161ra. 4-oji knyga\",\"isPartOf\":{\"@id\":\"https:\/\/skaitytaknyga.lt\/#website\"},\"primaryImageOfPage\":{\"@id\":\"https:\/\/skaitytaknyga.lt\/produktas\/stephenie-meyer\/#primaryimage\"},\"image\":{\"@id\":\"https:\/\/skaitytaknyga.lt\/produktas\/stephenie-meyer\/#primaryimage\"},\"thumbnailUrl\":\"https:\/\/skaitytaknyga.lt\/wp-content\/uploads\/2026\/04\/Brekstanti-ausra.-4-oji-knyga.webp\",\"datePublished\":\"2026-04-10T15:49:34+00:00\",\"dateModified\":\"2026-04-10T15:52:26+00:00\",\"description\":\"Kai myli t\u0105, kuris tave \u017eudo, n\u0117ra ko rinktis. Kaip gal\u0117tum b\u0117gti, kaip gal\u0117tum kovoti, jei tuo \u012fskaudintum mylim\u0105j\u012f? Jei mylimajam tegal\u0117tum dovanoti\",\"breadcrumb\":{\"@id\":\"https:\/\/skaitytaknyga.lt\/produktas\/stephenie-meyer\/#breadcrumb\"},\"inLanguage\":\"en-GB\",\"potentialAction\":[{\"@type\":\"ReadAction\",\"target\":[\"https:\/\/skaitytaknyga.lt\/produktas\/stephenie-meyer\/\"]}]},{\"@type\":\"ImageObject\",\"inLanguage\":\"en-GB\",\"@id\":\"https:\/\/skaitytaknyga.lt\/produktas\/stephenie-meyer\/#primaryimage\",\"url\":\"https:\/\/skaitytaknyga.lt\/wp-content\/uploads\/2026\/04\/Brekstanti-ausra.-4-oji-knyga.webp\",\"contentUrl\":\"https:\/\/skaitytaknyga.lt\/wp-content\/uploads\/2026\/04\/Brekstanti-ausra.-4-oji-knyga.webp\",\"width\":544,\"height\":800,\"caption\":\"Br\u0117k\u0161tanti au\u0161ra. 4 oji knyga\"},{\"@type\":\"BreadcrumbList\",\"@id\":\"https:\/\/skaitytaknyga.lt\/produktas\/stephenie-meyer\/#breadcrumb\",\"itemListElement\":[{\"@type\":\"ListItem\",\"position\":1,\"name\":\"Home\",\"item\":\"https:\/\/skaitytaknyga.lt\/\"},{\"@type\":\"ListItem\",\"position\":2,\"name\":\"Parduotuv\u0117\",\"item\":\"https:\/\/skaitytaknyga.lt\/knygu-parduotuve\/\"},{\"@type\":\"ListItem\",\"position\":3,\"name\":\"Br\u0117k\u0161tanti au\u0161ra. 4-oji knyga\"}]},{\"@type\":\"WebSite\",\"@id\":\"https:\/\/skaitytaknyga.lt\/#website\",\"url\":\"https:\/\/skaitytaknyga.lt\/\",\"name\":\"skaitytaknyga.lt\",\"description\":\"Skaitytaknyga.lt \u2013 tai ma\u017eas \u0161eimos verslas, kuris prasid\u0117jo nuo meil\u0117s knygoms ir siekio i\u0161gelb\u0117ti knygas nuo likimo prie konteinerio. Kas vienam nereikalingas daiktas \u2013 kitam lobis, o mes esame tarpininkai, kurie padeda abiems tapti laimingesniems ???? \u017dinome kaip nelengva i\u0161gyventi ma\u017eiems verslams, tad nuo \u0161iol, \u010dia rasite ir kit\u0173, ma\u017e\u0173 \u0161eim\u0173 versl\u0173, rank\u0173 darbo, dovan\u0173 sau ir artimiesiems.\",\"publisher\":{\"@id\":\"https:\/\/skaitytaknyga.lt\/#organization\"},\"potentialAction\":[{\"@type\":\"SearchAction\",\"target\":{\"@type\":\"EntryPoint\",\"urlTemplate\":\"https:\/\/skaitytaknyga.lt\/?s={search_term_string}\"},\"query-input\":{\"@type\":\"PropertyValueSpecification\",\"valueRequired\":true,\"valueName\":\"search_term_string\"}}],\"inLanguage\":\"en-GB\"},{\"@type\":\"Organization\",\"@id\":\"https:\/\/skaitytaknyga.lt\/#organization\",\"name\":\"skaitytaknyga.lt\",\"url\":\"https:\/\/skaitytaknyga.lt\/\",\"logo\":{\"@type\":\"ImageObject\",\"inLanguage\":\"en-GB\",\"@id\":\"https:\/\/skaitytaknyga.lt\/#\/schema\/logo\/image\/\",\"url\":\"https:\/\/skaitytaknyga.lt\/wp-content\/uploads\/2024\/05\/cropped-cropped-cropped-02_00843_jt3bggkj1j3HLc7SyY6rEUpg.jpeg\",\"contentUrl\":\"https:\/\/skaitytaknyga.lt\/wp-content\/uploads\/2024\/05\/cropped-cropped-cropped-02_00843_jt3bggkj1j3HLc7SyY6rEUpg.jpeg\",\"width\":1600,\"height\":1600,\"caption\":\"skaitytaknyga.lt\"},\"image\":{\"@id\":\"https:\/\/skaitytaknyga.lt\/#\/schema\/logo\/image\/\"},\"sameAs\":[\"https:\/\/www.facebook.com\/skaitytaknyga\/\"]}]}<\/script>\n<!-- \/ Yoast SEO plugin. -->","yoast_head_json":{"title":"Br\u0117k\u0161tanti au\u0161ra. 4-oji knyga","description":"Kai myli t\u0105, kuris tave \u017eudo, n\u0117ra ko rinktis. Kaip gal\u0117tum b\u0117gti, kaip gal\u0117tum kovoti, jei tuo \u012fskaudintum mylim\u0105j\u012f? Jei mylimajam tegal\u0117tum dovanoti","robots":{"index":"index","follow":"follow","max-snippet":"max-snippet:-1","max-image-preview":"max-image-preview:large","max-video-preview":"max-video-preview:-1"},"canonical":"https:\/\/skaitytaknyga.lt\/en\/produktas\/stephenie-meyer\/","og_locale":"en_GB","og_type":"article","og_title":"[:lt]Br\u0117k\u0161tanti au\u0161ra. 4-oji knyga[:] - Skaitytaknyga","og_description":"Kai myli t\u0105, kuris tave \u017eudo, n\u0117ra ko rinktis. Kaip gal\u0117tum b\u0117gti, kaip gal\u0117tum kovoti, jei tuo \u012fskaudintum mylim\u0105j\u012f? Jei mylimajam tegal\u0117tum dovanoti","og_url":"https:\/\/skaitytaknyga.lt\/en\/produktas\/stephenie-meyer\/","og_site_name":"Skaitytaknyga","article_publisher":"https:\/\/www.facebook.com\/skaitytaknyga\/","article_modified_time":"2026-04-10T15:52:26+00:00","og_image":[{"width":544,"height":800,"url":"https:\/\/skaitytaknyga.lt\/wp-content\/uploads\/2026\/04\/Brekstanti-ausra.-4-oji-knyga.webp","type":"image\/webp"}],"twitter_card":"summary_large_image","twitter_misc":{"Estimated reading time":"1 minute"},"schema":{"@context":"https:\/\/schema.org","@graph":[{"@type":"WebPage","@id":"https:\/\/skaitytaknyga.lt\/produktas\/stephenie-meyer\/","url":"https:\/\/skaitytaknyga.lt\/produktas\/stephenie-meyer\/","name":"Br\u0117k\u0161tanti au\u0161ra. 4-oji knyga","isPartOf":{"@id":"https:\/\/skaitytaknyga.lt\/#website"},"primaryImageOfPage":{"@id":"https:\/\/skaitytaknyga.lt\/produktas\/stephenie-meyer\/#primaryimage"},"image":{"@id":"https:\/\/skaitytaknyga.lt\/produktas\/stephenie-meyer\/#primaryimage"},"thumbnailUrl":"https:\/\/skaitytaknyga.lt\/wp-content\/uploads\/2026\/04\/Brekstanti-ausra.-4-oji-knyga.webp","datePublished":"2026-04-10T15:49:34+00:00","dateModified":"2026-04-10T15:52:26+00:00","description":"Kai myli t\u0105, kuris tave \u017eudo, n\u0117ra ko rinktis. Kaip gal\u0117tum b\u0117gti, kaip gal\u0117tum kovoti, jei tuo \u012fskaudintum mylim\u0105j\u012f? Jei mylimajam tegal\u0117tum dovanoti","breadcrumb":{"@id":"https:\/\/skaitytaknyga.lt\/produktas\/stephenie-meyer\/#breadcrumb"},"inLanguage":"en-GB","potentialAction":[{"@type":"ReadAction","target":["https:\/\/skaitytaknyga.lt\/produktas\/stephenie-meyer\/"]}]},{"@type":"ImageObject","inLanguage":"en-GB","@id":"https:\/\/skaitytaknyga.lt\/produktas\/stephenie-meyer\/#primaryimage","url":"https:\/\/skaitytaknyga.lt\/wp-content\/uploads\/2026\/04\/Brekstanti-ausra.-4-oji-knyga.webp","contentUrl":"https:\/\/skaitytaknyga.lt\/wp-content\/uploads\/2026\/04\/Brekstanti-ausra.-4-oji-knyga.webp","width":544,"height":800,"caption":"Br\u0117k\u0161tanti au\u0161ra. 4 oji knyga"},{"@type":"BreadcrumbList","@id":"https:\/\/skaitytaknyga.lt\/produktas\/stephenie-meyer\/#breadcrumb","itemListElement":[{"@type":"ListItem","position":1,"name":"Home","item":"https:\/\/skaitytaknyga.lt\/"},{"@type":"ListItem","position":2,"name":"Parduotuv\u0117","item":"https:\/\/skaitytaknyga.lt\/knygu-parduotuve\/"},{"@type":"ListItem","position":3,"name":"Br\u0117k\u0161tanti au\u0161ra. 4-oji knyga"}]},{"@type":"WebSite","@id":"https:\/\/skaitytaknyga.lt\/#website","url":"https:\/\/skaitytaknyga.lt\/","name":"skaitytaknyga.lt","description":"Skaitytaknyga.lt \u2013 tai ma\u017eas \u0161eimos verslas, kuris prasid\u0117jo nuo meil\u0117s knygoms ir siekio i\u0161gelb\u0117ti knygas nuo likimo prie konteinerio. Kas vienam nereikalingas daiktas \u2013 kitam lobis, o mes esame tarpininkai, kurie padeda abiems tapti laimingesniems ???? \u017dinome kaip nelengva i\u0161gyventi ma\u017eiems verslams, tad nuo \u0161iol, \u010dia rasite ir kit\u0173, ma\u017e\u0173 \u0161eim\u0173 versl\u0173, rank\u0173 darbo, dovan\u0173 sau ir artimiesiems.","publisher":{"@id":"https:\/\/skaitytaknyga.lt\/#organization"},"potentialAction":[{"@type":"SearchAction","target":{"@type":"EntryPoint","urlTemplate":"https:\/\/skaitytaknyga.lt\/?s={search_term_string}"},"query-input":{"@type":"PropertyValueSpecification","valueRequired":true,"valueName":"search_term_string"}}],"inLanguage":"en-GB"},{"@type":"Organization","@id":"https:\/\/skaitytaknyga.lt\/#organization","name":"skaitytaknyga.lt","url":"https:\/\/skaitytaknyga.lt\/","logo":{"@type":"ImageObject","inLanguage":"en-GB","@id":"https:\/\/skaitytaknyga.lt\/#\/schema\/logo\/image\/","url":"https:\/\/skaitytaknyga.lt\/wp-content\/uploads\/2024\/05\/cropped-cropped-cropped-02_00843_jt3bggkj1j3HLc7SyY6rEUpg.jpeg","contentUrl":"https:\/\/skaitytaknyga.lt\/wp-content\/uploads\/2024\/05\/cropped-cropped-cropped-02_00843_jt3bggkj1j3HLc7SyY6rEUpg.jpeg","width":1600,"height":1600,"caption":"skaitytaknyga.lt"},"image":{"@id":"https:\/\/skaitytaknyga.lt\/#\/schema\/logo\/image\/"},"sameAs":["https:\/\/www.facebook.com\/skaitytaknyga\/"]}]}},"_links":{"self":[{"href":"https:\/\/skaitytaknyga.lt\/en\/wp-json\/wp\/v2\/product\/25663","targetHints":{"allow":["GET"]}}],"collection":[{"href":"https:\/\/skaitytaknyga.lt\/en\/wp-json\/wp\/v2\/product"}],"about":[{"href":"https:\/\/skaitytaknyga.lt\/en\/wp-json\/wp\/v2\/types\/product"}],"replies":[{"embeddable":true,"href":"https:\/\/skaitytaknyga.lt\/en\/wp-json\/wp\/v2\/comments?post=25663"}],"wp:featuredmedia":[{"embeddable":true,"href":"https:\/\/skaitytaknyga.lt\/en\/wp-json\/wp\/v2\/media\/25664"}],"wp:attachment":[{"href":"https:\/\/skaitytaknyga.lt\/en\/wp-json\/wp\/v2\/media?parent=25663"}],"wp:term":[{"taxonomy":"product_brand","embeddable":true,"href":"https:\/\/skaitytaknyga.lt\/en\/wp-json\/wp\/v2\/product_brand?post=25663"},{"taxonomy":"product_cat","embeddable":true,"href":"https:\/\/skaitytaknyga.lt\/en\/wp-json\/wp\/v2\/product_cat?post=25663"},{"taxonomy":"product_tag","embeddable":true,"href":"https:\/\/skaitytaknyga.lt\/en\/wp-json\/wp\/v2\/product_tag?post=25663"}],"curies":[{"name":"wp","href":"https:\/\/api.w.org\/{rel}","templated":true}]}}