{"id":2565,"date":"2024-04-17T13:15:30","date_gmt":"2024-04-17T13:15:30","guid":{"rendered":"https:\/\/skaitytaknyga.lt\/?post_type=product&#038;p=2565"},"modified":"2025-04-16T09:44:58","modified_gmt":"2025-04-16T06:44:58","slug":"moters-ismintis","status":"publish","type":"product","link":"https:\/\/skaitytaknyga.lt\/en\/produktas\/moters-ismintis\/","title":{"rendered":"V.  Lapukauskas \u201eMoters i\u0161mintis\u201c"},"content":{"rendered":"<p>Knyga\u00a0\u201eMoters i\u0161mintis&#8221;\u00a0\u2013 tai trumpi \u017evilgtel\u0117jimai \u012f moters vaidmenis \u0161eimoje ir visuomen\u0117je, \u012f jos psichologij\u0105, santykius su vyrais, profesin\u0119 karjer\u0105 ir kitus dalykus, kokie jie buvo prie\u0161 kelis t\u016bkstan\u010dius met\u0173 ir kokie yra dabar. \u0160iuo metu ir vyrai, ir moterys ie\u0161ko atsakym\u0173 \u012f klausim\u0105, kas yra vyri\u0161kumas ir kas yra moteri\u0161kumas. \u0160i\u0173 s\u0105vok\u0173 prasm\u0117s, ilg\u0105 laik\u0105 buvusios ai\u0161kios, dabar ima netekti savo apibr\u0117\u017etumo, ir smalsiems \u017emon\u0117ms darosi vis \u012fdomiau, koks ly\u010di\u0173 spektaklis vyksta did\u017eiojoje gyvenimo scenoje.<\/p>\n<p>Kita knyga\u00a0\u201eVyro i\u0161mintis&#8221;, kuri, tikim\u0117s, irgi atkreips j\u016bs\u0173 d\u0117mes\u012f, kalba apie vyr\u0105 \u2013 kokie jo vaidmenys, pareigos, kas lemia vaisingus santykius su moterimi ir kas trukdo tokius santykius u\u017emegzti.<\/p>\n<p>Abi knygos labai pana\u0161ios \u2013 i\u0161 prad\u017ei\u0173 m\u016bs\u0173 \u017evilgsnis nukrypsta \u012f Ryt\u0173 tradicijas, paskui atsigr\u0119\u017eiame \u012f \u0161iuolaikin\u0119 visuomen\u0119, pa\u017ei\u016brime, kaip \u010dia atrodo vyro ir moters santykiai ir kod\u0117l jie da\u017enai netenkina nei vyr\u0173, nei moter\u0173.<\/p>\n<p>Mitologin\u0117s deiv\u0117s labai \u017eemi\u0161kos. Jos myli, pavydi, kovoja, d\u017eiaugiasi, li\u016bdi, patenka \u012f visokias painias situacijas, ken\u010dia, v\u0117l d\u017eiaugiasi ir gyvena toliau. Deiv\u0117s yra netobulos. Ta\u010diau kad ir kas vykt\u0173, jos lieka deiv\u0117s ir savo dievi\u0161kos prigimties nepamir\u0161ta nei laim\u0117je, nei skausme. Deiv\u0117s nebijo b\u016bti tokios, kokios yra. Nebijo b\u016bti pa\u017eeid\u017eiamos, silpnos, o kartais \u2013 ir pralaim\u0117jusios. Jos gyvena pagal savo vidin\u0119 ties\u0105, yra pa\u017einusios savo vidin\u0119 j\u0117g\u0105 ir atskleidusios savo unikalius talentus. Jos myli save ir vertina. Auk\u0161ta savivert\u0117 ir meil\u0117 sau \u2013 i\u0161skirtinis deivi\u0173 po\u017eymis. Toks deivi\u0173 gyvenimas \u2013 visai kaip \u017eemi\u0161k\u0173 moter\u0173.<\/p>\n<p>\u0160iandienin\u0117s moterys yra pasiekusios didel\u0119 i\u0161orin\u0119 laisv\u0119 \u2013 jos renkasi vyr\u0105 ar partner\u012f, renkasi profesij\u0105, renkasi, kiek vaik\u0173 gimdyti ir kaip juos auginti. J\u0173 ind\u0117lis \u012f \u0161iuolaikinio pasaulio gerov\u0119 yra ne ma\u017eesnis negu vyr\u0173. Ta\u010diau tokios pat vidin\u0117s laisv\u0117s dauguma moter\u0173 neturi. Jos da\u017enai nepasitiki savimi, abejoja savo pasirinkimais ir sprendimais, jau\u010diasi nepatenkintos ar nelaimingos. \u201eNe apie tok\u012f gyvenim\u0105 svajojau, ne tuo keliu pasukau, \u2013 sako jos. \u2013 Gyvenimas pa\u0161yk\u0161t\u0117jo man laim\u0117s.&#8221; Jos bijo pripa\u017einti savo netobulum\u0105. Jos save u\u017e tai smerkia ir kritikuoja. Bijo jaustis kaip deiv\u0117s.<\/p>\n<p>Ta\u010diau kiekvienoje moteryje snaud\u017eia deiv\u0117s energija. Kiekviena moteris yra tarsi deiv\u0117 \u2013 netobula, su pergal\u0117mis ir pralaim\u0117jimais, su s\u0117km\u0117 ir nes\u0117km\u0117mis, su i\u0161sipild\u017eiusiais ir nei\u0161sipild\u017eiusiais tro\u0161kimais. Tokios buvo antikin\u0117s deiv\u0117s, apie kurias mums pasakoja mitai.<br \/>\n\u0160iuolaikin\u0117 dvasin\u0117 mokytoja Mariana Viliamson sako: \u201eDeiv\u0117 \u012f moter\u012f ateina ne i\u0161 i\u0161orinio pasaulio.<\/p>\n<p>Deiv\u0117 kyla i\u0161 moters esyb\u0117s gelmi\u0173 \u2013 ji prasideda s\u0105mon\u0117je, gimsta meil\u0117je, j\u0105 i\u0161puosel\u0117ja ir i\u0161augina taurios mintys.&#8221; Kiekviena moteris gali jaustis kaip deiv\u0117. Kiekviena moteris gali pa\u017eadinti vidin\u0119 deiv\u0117s energij\u0105. Kiekviena moteris gali skleisti pasauliui deives spindes\u012f. Apie kiekvien\u0105 j\u0173 galima sukurti gra\u017e\u0173 pasakojim\u0105 \u2013 tok\u012f, kokius \u0161iandien\u0105 skaitome apie antikos laik\u0173 deives.<\/p>\n<ul class=\"about-product d-none d-xl-block mt-4\">\n<li><strong>Autorius:<\/strong>\u00a0Vytautas Lapukauskas<\/li>\n<li><strong>Leid\u0117jas<\/strong>\u00a0Luceo<\/li>\n<li><strong>Metai:<\/strong>\u00a02018<\/li>\n<li><strong>Puslapiai:<\/strong>\u00a0271<\/li>\n<li class=\"toggleable type-new-formats \"><strong>ISBN :\u00a0<\/strong>9786098112771<\/li>\n<li><strong>Versijos kodas:<\/strong>\u00a0PT.10<\/li>\n<li class=\"toggleable type-new-formats \"><strong>Formatas:<\/strong>\u00a014 x 20,8 x 2,5 cm, kieti vir\u0161eliai<\/li>\n<li><strong>Kalba:<\/strong>\u00a0Lietuvi\u0173<\/li>\n<\/ul>\n","protected":false},"excerpt":{"rendered":"<p>Knyga\u00a0\u201eMoters i\u0161mintis&#8221;\u00a0\u2013 tai trumpi \u017evilgtel\u0117jimai \u012f moters vaidmenis \u0161eimoje ir visuomen\u0117je, \u012f jos psichologij\u0105, santykius su vyrais, profesin\u0119 karjer\u0105 ir kitus dalykus, kokie jie buvo prie\u0161 kelis t\u016bkstan\u010dius met\u0173 ir kokie yra dabar. \u0160iuo metu ir vyrai, ir moterys ie\u0161ko atsakym\u0173 \u012f klausim\u0105, kas yra vyri\u0161kumas ir kas yra moteri\u0161kumas. \u0160i\u0173 s\u0105vok\u0173 prasm\u0117s, ilg\u0105 laik\u0105 buvusios ai\u0161kios, dabar ima netekti savo apibr\u0117\u017etumo, ir smalsiems \u017emon\u0117ms darosi vis \u012fdomiau, koks ly\u010di\u0173 spektaklis vyksta did\u017eiojoje gyvenimo scenoje. Kita knyga\u00a0\u201eVyro i\u0161mintis&#8221;, kuri, tikim\u0117s, irgi atkreips j\u016bs\u0173 d\u0117mes\u012f, kalba apie vyr\u0105 \u2013 kokie jo vaidmenys, pareigos, kas lemia vaisingus santykius su moterimi ir kas trukdo tokius santykius u\u017emegzti. Abi knygos labai pana\u0161ios \u2013 i\u0161 prad\u017ei\u0173 m\u016bs\u0173 \u017evilgsnis nukrypsta \u012f Ryt\u0173 tradicijas, paskui atsigr\u0119\u017eiame \u012f \u0161iuolaikin\u0119 visuomen\u0119, pa\u017ei\u016brime, kaip \u010dia atrodo vyro ir moters santykiai ir kod\u0117l jie da\u017enai netenkina nei vyr\u0173, nei moter\u0173. Mitologin\u0117s deiv\u0117s labai \u017eemi\u0161kos. Jos myli, pavydi, kovoja, d\u017eiaugiasi, li\u016bdi, patenka \u012f visokias painias situacijas, ken\u010dia, v\u0117l d\u017eiaugiasi ir gyvena toliau. Deiv\u0117s yra netobulos. Ta\u010diau kad ir kas vykt\u0173, jos lieka deiv\u0117s ir savo dievi\u0161kos prigimties nepamir\u0161ta nei laim\u0117je, nei skausme. Deiv\u0117s nebijo b\u016bti tokios, kokios yra. Nebijo b\u016bti pa\u017eeid\u017eiamos, silpnos, o kartais \u2013 ir pralaim\u0117jusios. Jos gyvena pagal savo vidin\u0119 ties\u0105, yra pa\u017einusios savo vidin\u0119 j\u0117g\u0105 ir atskleidusios savo unikalius talentus. Jos myli save ir vertina. Auk\u0161ta savivert\u0117 ir meil\u0117 sau \u2013 i\u0161skirtinis deivi\u0173 po\u017eymis. Toks deivi\u0173 gyvenimas \u2013 visai kaip \u017eemi\u0161k\u0173 moter\u0173. \u0160iandienin\u0117s moterys yra pasiekusios didel\u0119 i\u0161orin\u0119 laisv\u0119 \u2013 jos renkasi vyr\u0105 ar partner\u012f, renkasi profesij\u0105, renkasi, kiek vaik\u0173 gimdyti ir kaip juos auginti. J\u0173 ind\u0117lis \u012f \u0161iuolaikinio pasaulio gerov\u0119 yra ne ma\u017eesnis negu vyr\u0173. Ta\u010diau tokios pat vidin\u0117s laisv\u0117s dauguma moter\u0173 neturi. Jos da\u017enai nepasitiki savimi, abejoja savo pasirinkimais ir sprendimais, jau\u010diasi nepatenkintos ar nelaimingos. \u201eNe apie tok\u012f gyvenim\u0105 svajojau, ne tuo keliu pasukau, \u2013 sako jos. \u2013 Gyvenimas pa\u0161yk\u0161t\u0117jo man laim\u0117s.&#8221; Jos bijo pripa\u017einti savo netobulum\u0105. Jos save u\u017e tai smerkia ir kritikuoja. Bijo jaustis kaip deiv\u0117s. Ta\u010diau kiekvienoje moteryje snaud\u017eia deiv\u0117s energija. Kiekviena moteris yra tarsi deiv\u0117 \u2013 netobula, su pergal\u0117mis ir pralaim\u0117jimais, su s\u0117km\u0117 ir nes\u0117km\u0117mis, su i\u0161sipild\u017eiusiais ir nei\u0161sipild\u017eiusiais tro\u0161kimais. Tokios buvo antikin\u0117s deiv\u0117s, apie kurias mums pasakoja mitai. \u0160iuolaikin\u0117 dvasin\u0117 mokytoja Mariana Viliamson sako: \u201eDeiv\u0117 \u012f moter\u012f ateina ne i\u0161 i\u0161orinio pasaulio. Deiv\u0117 kyla i\u0161 moters esyb\u0117s gelmi\u0173 \u2013 ji prasideda s\u0105mon\u0117je, gimsta meil\u0117je, j\u0105 i\u0161puosel\u0117ja ir i\u0161augina taurios mintys.&#8221; Kiekviena moteris gali jaustis kaip deiv\u0117. Kiekviena moteris gali pa\u017eadinti vidin\u0119 deiv\u0117s energij\u0105. Kiekviena moteris gali skleisti pasauliui deives spindes\u012f. Apie kiekvien\u0105 j\u0173 galima sukurti gra\u017e\u0173 pasakojim\u0105 \u2013 tok\u012f, kokius \u0161iandien\u0105 skaitome apie antikos laik\u0173 deives. Autorius:\u00a0Vytautas Lapukauskas Leid\u0117jas\u00a0Luceo Metai:\u00a02018 Puslapiai:\u00a0271 ISBN :\u00a09786098112771 Versijos kodas:\u00a0PT.10 Formatas:\u00a014 x 20,8 x 2,5 cm, kieti vir\u0161eliai Kalba:\u00a0Lietuvi\u0173<\/p>\n","protected":false},"featured_media":2617,"comment_status":"closed","ping_status":"closed","template":"","meta":{"_acf_changed":false,"site-sidebar-layout":"default","site-content-layout":"","ast-site-content-layout":"default","site-content-style":"default","site-sidebar-style":"default","ast-global-header-display":"","ast-banner-title-visibility":"","ast-main-header-display":"","ast-hfb-above-header-display":"","ast-hfb-below-header-display":"","ast-hfb-mobile-header-display":"","site-post-title":"","ast-breadcrumbs-content":"","ast-featured-img":"","footer-sml-layout":"","ast-disable-related-posts":"","theme-transparent-header-meta":"default","adv-header-id-meta":"","stick-header-meta":"","header-above-stick-meta":"","header-main-stick-meta":"","header-below-stick-meta":"","astra-migrate-meta-layouts":"set","ast-page-background-enabled":"default","ast-page-background-meta":{"desktop":{"background-color":"","background-image":"","background-repeat":"repeat","background-position":"center center","background-size":"auto","background-attachment":"scroll","background-type":"","background-media":"","overlay-type":"","overlay-color":"","overlay-opacity":"","overlay-gradient":""},"tablet":{"background-color":"","background-image":"","background-repeat":"repeat","background-position":"center center","background-size":"auto","background-attachment":"scroll","background-type":"","background-media":"","overlay-type":"","overlay-color":"","overlay-opacity":"","overlay-gradient":""},"mobile":{"background-color":"","background-image":"","background-repeat":"repeat","background-position":"center center","background-size":"auto","background-attachment":"scroll","background-type":"","background-media":"","overlay-type":"","overlay-color":"","overlay-opacity":"","overlay-gradient":""}},"ast-content-background-meta":{"desktop":{"background-color":"var(--ast-global-color-4)","background-image":"","background-repeat":"repeat","background-position":"center center","background-size":"auto","background-attachment":"scroll","background-type":"","background-media":"","overlay-type":"","overlay-color":"","overlay-opacity":"","overlay-gradient":""},"tablet":{"background-color":"var(--ast-global-color-4)","background-image":"","background-repeat":"repeat","background-position":"center center","background-size":"auto","background-attachment":"scroll","background-type":"","background-media":"","overlay-type":"","overlay-color":"","overlay-opacity":"","overlay-gradient":""},"mobile":{"background-color":"var(--ast-global-color-4)","background-image":"","background-repeat":"repeat","background-position":"center center","background-size":"auto","background-attachment":"scroll","background-type":"","background-media":"","overlay-type":"","overlay-color":"","overlay-opacity":"","overlay-gradient":""}}},"product_brand":[],"product_cat":[30],"product_tag":[],"class_list":{"0":"post-2565","1":"product","2":"type-product","3":"status-publish","4":"has-post-thumbnail","6":"product_cat-psichologija-ir-saviugda","7":"desktop-align-left","8":"tablet-align-left","9":"mobile-align-left","11":"first","12":"instock","13":"shipping-taxable","14":"purchasable","15":"product-type-simple"},"acf":[],"yoast_head":"<!-- This site is optimized with the Yoast SEO plugin v27.0 - https:\/\/yoast.com\/product\/yoast-seo-wordpress\/ -->\n<title>V. Lapukauskas \u201eMoters i\u0161mintis\u201c<\/title>\n<meta name=\"description\" content=\"Knyga\u00a0\u201eMoters i\u0161mintis&quot;\u00a0\u2013 tai trumpi \u017evilgtel\u0117jimai \u012f moters vaidmenis \u0161eimoje ir visuomen\u0117je, \u012f jos psichologij\u0105, santykius su vyrais, profesin\u0119 karjer\u0105\" \/>\n<meta name=\"robots\" content=\"index, follow, max-snippet:-1, max-image-preview:large, max-video-preview:-1\" \/>\n<link rel=\"canonical\" href=\"https:\/\/skaitytaknyga.lt\/en\/produktas\/moters-ismintis\/\" \/>\n<meta property=\"og:locale\" content=\"en_GB\" \/>\n<meta property=\"og:locale:alternate\" content=\"lt_LT\" \/>\n<meta property=\"og:type\" content=\"article\" \/>\n<meta property=\"og:title\" content=\"V. Lapukauskas \u201eMoters i\u0161mintis\u201c\" \/>\n<meta property=\"og:description\" content=\"Knyga\u00a0\u201eMoters i\u0161mintis&quot;\u00a0\u2013 tai trumpi \u017evilgtel\u0117jimai \u012f moters vaidmenis \u0161eimoje ir visuomen\u0117je, \u012f jos psichologij\u0105, santykius su vyrais, profesin\u0119 karjer\u0105\" \/>\n<meta property=\"og:url\" content=\"https:\/\/skaitytaknyga.lt\/en\/produktas\/moters-ismintis\/\" \/>\n<meta property=\"og:site_name\" content=\"Skaitytaknyga\" \/>\n<meta property=\"article:publisher\" content=\"https:\/\/www.facebook.com\/skaitytaknyga\/\" \/>\n<meta property=\"article:modified_time\" content=\"2025-04-16T06:44:58+00:00\" \/>\n<meta property=\"og:image\" content=\"https:\/\/skaitytaknyga.lt\/wp-content\/uploads\/2024\/04\/1587046124_moters_ismintis.jpg\" \/>\n\t<meta property=\"og:image:width\" content=\"291\" \/>\n\t<meta property=\"og:image:height\" content=\"430\" \/>\n\t<meta property=\"og:image:type\" content=\"image\/jpeg\" \/>\n<meta name=\"twitter:card\" content=\"summary_large_image\" \/>\n<meta name=\"twitter:label1\" content=\"Estimated reading time\" \/>\n\t<meta name=\"twitter:data1\" content=\"3 minutes\" \/>\n<script type=\"application\/ld+json\" class=\"yoast-schema-graph\">{\"@context\":\"https:\/\/schema.org\",\"@graph\":[{\"@type\":\"WebPage\",\"@id\":\"https:\/\/skaitytaknyga.lt\/produktas\/moters-ismintis\/\",\"url\":\"https:\/\/skaitytaknyga.lt\/produktas\/moters-ismintis\/\",\"name\":\"V. Lapukauskas \u201eMoters i\u0161mintis\u201c\",\"isPartOf\":{\"@id\":\"https:\/\/skaitytaknyga.lt\/#website\"},\"primaryImageOfPage\":{\"@id\":\"https:\/\/skaitytaknyga.lt\/produktas\/moters-ismintis\/#primaryimage\"},\"image\":{\"@id\":\"https:\/\/skaitytaknyga.lt\/produktas\/moters-ismintis\/#primaryimage\"},\"thumbnailUrl\":\"https:\/\/skaitytaknyga.lt\/wp-content\/uploads\/2024\/04\/1587046124_moters_ismintis.jpg\",\"datePublished\":\"2024-04-17T13:15:30+00:00\",\"dateModified\":\"2025-04-16T06:44:58+00:00\",\"description\":\"Knyga\u00a0\u201eMoters i\u0161mintis\\\"\u00a0\u2013 tai trumpi \u017evilgtel\u0117jimai \u012f moters vaidmenis \u0161eimoje ir visuomen\u0117je, \u012f jos psichologij\u0105, santykius su vyrais, profesin\u0119 karjer\u0105\",\"breadcrumb\":{\"@id\":\"https:\/\/skaitytaknyga.lt\/produktas\/moters-ismintis\/#breadcrumb\"},\"inLanguage\":\"en-GB\",\"potentialAction\":[{\"@type\":\"ReadAction\",\"target\":[\"https:\/\/skaitytaknyga.lt\/produktas\/moters-ismintis\/\"]}]},{\"@type\":\"ImageObject\",\"inLanguage\":\"en-GB\",\"@id\":\"https:\/\/skaitytaknyga.lt\/produktas\/moters-ismintis\/#primaryimage\",\"url\":\"https:\/\/skaitytaknyga.lt\/wp-content\/uploads\/2024\/04\/1587046124_moters_ismintis.jpg\",\"contentUrl\":\"https:\/\/skaitytaknyga.lt\/wp-content\/uploads\/2024\/04\/1587046124_moters_ismintis.jpg\",\"width\":291,\"height\":430,\"caption\":\"1587046124 moters ismintis\"},{\"@type\":\"BreadcrumbList\",\"@id\":\"https:\/\/skaitytaknyga.lt\/produktas\/moters-ismintis\/#breadcrumb\",\"itemListElement\":[{\"@type\":\"ListItem\",\"position\":1,\"name\":\"Home\",\"item\":\"https:\/\/skaitytaknyga.lt\/\"},{\"@type\":\"ListItem\",\"position\":2,\"name\":\"Parduotuv\u0117\",\"item\":\"https:\/\/skaitytaknyga.lt\/knygu-parduotuve\/\"},{\"@type\":\"ListItem\",\"position\":3,\"name\":\"V. Lapukauskas \u201eMoters i\u0161mintis\u201c\"}]},{\"@type\":\"WebSite\",\"@id\":\"https:\/\/skaitytaknyga.lt\/#website\",\"url\":\"https:\/\/skaitytaknyga.lt\/\",\"name\":\"skaitytaknyga.lt\",\"description\":\"Skaitytaknyga.lt \u2013 tai ma\u017eas \u0161eimos verslas, kuris prasid\u0117jo nuo meil\u0117s knygoms ir siekio i\u0161gelb\u0117ti knygas nuo likimo prie konteinerio. Kas vienam nereikalingas daiktas \u2013 kitam lobis, o mes esame tarpininkai, kurie padeda abiems tapti laimingesniems ???? \u017dinome kaip nelengva i\u0161gyventi ma\u017eiems verslams, tad nuo \u0161iol, \u010dia rasite ir kit\u0173, ma\u017e\u0173 \u0161eim\u0173 versl\u0173, rank\u0173 darbo, dovan\u0173 sau ir artimiesiems.\",\"publisher\":{\"@id\":\"https:\/\/skaitytaknyga.lt\/#organization\"},\"potentialAction\":[{\"@type\":\"SearchAction\",\"target\":{\"@type\":\"EntryPoint\",\"urlTemplate\":\"https:\/\/skaitytaknyga.lt\/?s={search_term_string}\"},\"query-input\":{\"@type\":\"PropertyValueSpecification\",\"valueRequired\":true,\"valueName\":\"search_term_string\"}}],\"inLanguage\":\"en-GB\"},{\"@type\":\"Organization\",\"@id\":\"https:\/\/skaitytaknyga.lt\/#organization\",\"name\":\"skaitytaknyga.lt\",\"url\":\"https:\/\/skaitytaknyga.lt\/\",\"logo\":{\"@type\":\"ImageObject\",\"inLanguage\":\"en-GB\",\"@id\":\"https:\/\/skaitytaknyga.lt\/#\/schema\/logo\/image\/\",\"url\":\"https:\/\/skaitytaknyga.lt\/wp-content\/uploads\/2024\/05\/cropped-cropped-cropped-02_00843_jt3bggkj1j3HLc7SyY6rEUpg.jpeg\",\"contentUrl\":\"https:\/\/skaitytaknyga.lt\/wp-content\/uploads\/2024\/05\/cropped-cropped-cropped-02_00843_jt3bggkj1j3HLc7SyY6rEUpg.jpeg\",\"width\":1600,\"height\":1600,\"caption\":\"skaitytaknyga.lt\"},\"image\":{\"@id\":\"https:\/\/skaitytaknyga.lt\/#\/schema\/logo\/image\/\"},\"sameAs\":[\"https:\/\/www.facebook.com\/skaitytaknyga\/\"]}]}<\/script>\n<!-- \/ Yoast SEO plugin. -->","yoast_head_json":{"title":"V. Lapukauskas \u201eMoters i\u0161mintis\u201c","description":"Knyga\u00a0\u201eMoters i\u0161mintis\"\u00a0\u2013 tai trumpi \u017evilgtel\u0117jimai \u012f moters vaidmenis \u0161eimoje ir visuomen\u0117je, \u012f jos psichologij\u0105, santykius su vyrais, profesin\u0119 karjer\u0105","robots":{"index":"index","follow":"follow","max-snippet":"max-snippet:-1","max-image-preview":"max-image-preview:large","max-video-preview":"max-video-preview:-1"},"canonical":"https:\/\/skaitytaknyga.lt\/en\/produktas\/moters-ismintis\/","og_locale":"en_GB","og_type":"article","og_title":"[:lt]V. Lapukauskas \u201eMoters i\u0161mintis\u201c[:] - Skaitytaknyga","og_description":"Knyga\u00a0\u201eMoters i\u0161mintis\"\u00a0\u2013 tai trumpi \u017evilgtel\u0117jimai \u012f moters vaidmenis \u0161eimoje ir visuomen\u0117je, \u012f jos psichologij\u0105, santykius su vyrais, profesin\u0119 karjer\u0105","og_url":"https:\/\/skaitytaknyga.lt\/en\/produktas\/moters-ismintis\/","og_site_name":"Skaitytaknyga","article_publisher":"https:\/\/www.facebook.com\/skaitytaknyga\/","article_modified_time":"2025-04-16T06:44:58+00:00","og_image":[{"width":291,"height":430,"url":"https:\/\/skaitytaknyga.lt\/wp-content\/uploads\/2024\/04\/1587046124_moters_ismintis.jpg","type":"image\/jpeg"}],"twitter_card":"summary_large_image","twitter_misc":{"Estimated reading time":"3 minutes"},"schema":{"@context":"https:\/\/schema.org","@graph":[{"@type":"WebPage","@id":"https:\/\/skaitytaknyga.lt\/produktas\/moters-ismintis\/","url":"https:\/\/skaitytaknyga.lt\/produktas\/moters-ismintis\/","name":"V. Lapukauskas \u201eMoters i\u0161mintis\u201c","isPartOf":{"@id":"https:\/\/skaitytaknyga.lt\/#website"},"primaryImageOfPage":{"@id":"https:\/\/skaitytaknyga.lt\/produktas\/moters-ismintis\/#primaryimage"},"image":{"@id":"https:\/\/skaitytaknyga.lt\/produktas\/moters-ismintis\/#primaryimage"},"thumbnailUrl":"https:\/\/skaitytaknyga.lt\/wp-content\/uploads\/2024\/04\/1587046124_moters_ismintis.jpg","datePublished":"2024-04-17T13:15:30+00:00","dateModified":"2025-04-16T06:44:58+00:00","description":"Knyga\u00a0\u201eMoters i\u0161mintis\"\u00a0\u2013 tai trumpi \u017evilgtel\u0117jimai \u012f moters vaidmenis \u0161eimoje ir visuomen\u0117je, \u012f jos psichologij\u0105, santykius su vyrais, profesin\u0119 karjer\u0105","breadcrumb":{"@id":"https:\/\/skaitytaknyga.lt\/produktas\/moters-ismintis\/#breadcrumb"},"inLanguage":"en-GB","potentialAction":[{"@type":"ReadAction","target":["https:\/\/skaitytaknyga.lt\/produktas\/moters-ismintis\/"]}]},{"@type":"ImageObject","inLanguage":"en-GB","@id":"https:\/\/skaitytaknyga.lt\/produktas\/moters-ismintis\/#primaryimage","url":"https:\/\/skaitytaknyga.lt\/wp-content\/uploads\/2024\/04\/1587046124_moters_ismintis.jpg","contentUrl":"https:\/\/skaitytaknyga.lt\/wp-content\/uploads\/2024\/04\/1587046124_moters_ismintis.jpg","width":291,"height":430,"caption":"1587046124 moters ismintis"},{"@type":"BreadcrumbList","@id":"https:\/\/skaitytaknyga.lt\/produktas\/moters-ismintis\/#breadcrumb","itemListElement":[{"@type":"ListItem","position":1,"name":"Home","item":"https:\/\/skaitytaknyga.lt\/"},{"@type":"ListItem","position":2,"name":"Parduotuv\u0117","item":"https:\/\/skaitytaknyga.lt\/knygu-parduotuve\/"},{"@type":"ListItem","position":3,"name":"V. Lapukauskas \u201eMoters i\u0161mintis\u201c"}]},{"@type":"WebSite","@id":"https:\/\/skaitytaknyga.lt\/#website","url":"https:\/\/skaitytaknyga.lt\/","name":"skaitytaknyga.lt","description":"Skaitytaknyga.lt \u2013 tai ma\u017eas \u0161eimos verslas, kuris prasid\u0117jo nuo meil\u0117s knygoms ir siekio i\u0161gelb\u0117ti knygas nuo likimo prie konteinerio. Kas vienam nereikalingas daiktas \u2013 kitam lobis, o mes esame tarpininkai, kurie padeda abiems tapti laimingesniems ???? \u017dinome kaip nelengva i\u0161gyventi ma\u017eiems verslams, tad nuo \u0161iol, \u010dia rasite ir kit\u0173, ma\u017e\u0173 \u0161eim\u0173 versl\u0173, rank\u0173 darbo, dovan\u0173 sau ir artimiesiems.","publisher":{"@id":"https:\/\/skaitytaknyga.lt\/#organization"},"potentialAction":[{"@type":"SearchAction","target":{"@type":"EntryPoint","urlTemplate":"https:\/\/skaitytaknyga.lt\/?s={search_term_string}"},"query-input":{"@type":"PropertyValueSpecification","valueRequired":true,"valueName":"search_term_string"}}],"inLanguage":"en-GB"},{"@type":"Organization","@id":"https:\/\/skaitytaknyga.lt\/#organization","name":"skaitytaknyga.lt","url":"https:\/\/skaitytaknyga.lt\/","logo":{"@type":"ImageObject","inLanguage":"en-GB","@id":"https:\/\/skaitytaknyga.lt\/#\/schema\/logo\/image\/","url":"https:\/\/skaitytaknyga.lt\/wp-content\/uploads\/2024\/05\/cropped-cropped-cropped-02_00843_jt3bggkj1j3HLc7SyY6rEUpg.jpeg","contentUrl":"https:\/\/skaitytaknyga.lt\/wp-content\/uploads\/2024\/05\/cropped-cropped-cropped-02_00843_jt3bggkj1j3HLc7SyY6rEUpg.jpeg","width":1600,"height":1600,"caption":"skaitytaknyga.lt"},"image":{"@id":"https:\/\/skaitytaknyga.lt\/#\/schema\/logo\/image\/"},"sameAs":["https:\/\/www.facebook.com\/skaitytaknyga\/"]}]}},"_links":{"self":[{"href":"https:\/\/skaitytaknyga.lt\/en\/wp-json\/wp\/v2\/product\/2565","targetHints":{"allow":["GET"]}}],"collection":[{"href":"https:\/\/skaitytaknyga.lt\/en\/wp-json\/wp\/v2\/product"}],"about":[{"href":"https:\/\/skaitytaknyga.lt\/en\/wp-json\/wp\/v2\/types\/product"}],"replies":[{"embeddable":true,"href":"https:\/\/skaitytaknyga.lt\/en\/wp-json\/wp\/v2\/comments?post=2565"}],"wp:featuredmedia":[{"embeddable":true,"href":"https:\/\/skaitytaknyga.lt\/en\/wp-json\/wp\/v2\/media\/2617"}],"wp:attachment":[{"href":"https:\/\/skaitytaknyga.lt\/en\/wp-json\/wp\/v2\/media?parent=2565"}],"wp:term":[{"taxonomy":"product_brand","embeddable":true,"href":"https:\/\/skaitytaknyga.lt\/en\/wp-json\/wp\/v2\/product_brand?post=2565"},{"taxonomy":"product_cat","embeddable":true,"href":"https:\/\/skaitytaknyga.lt\/en\/wp-json\/wp\/v2\/product_cat?post=2565"},{"taxonomy":"product_tag","embeddable":true,"href":"https:\/\/skaitytaknyga.lt\/en\/wp-json\/wp\/v2\/product_tag?post=2565"}],"curies":[{"name":"wp","href":"https:\/\/api.w.org\/{rel}","templated":true}]}}