{"id":2557,"date":"2024-04-17T13:15:30","date_gmt":"2024-04-17T13:15:30","guid":{"rendered":"https:\/\/skaitytaknyga.lt\/?post_type=product&#038;p=2557"},"modified":"2024-05-03T07:15:22","modified_gmt":"2024-05-03T07:15:22","slug":"s-veronesi-praeities-galia","status":"publish","type":"product","link":"https:\/\/skaitytaknyga.lt\/en\/produktas\/s-veronesi-praeities-galia\/","title":{"rendered":"S. Veronesi \u201ePraeities galia\u201c"},"content":{"rendered":"<p>K\u0105 mes i\u0161 ties\u0173 \u017einome apie savo t\u0117vus? Ar gal\u0117tume pasakyti, kokie buvo j\u0173 idealai, k\u0105 t\u0117vai myl\u0117jo, kuo tik\u0117jo, ko neapkent\u0117? Gali atrodyti, kad t\u0117v\u0173 gyvenimai mums atviri, kad juose negl\u016bdi jokia paslaptis; kad kaip tik d\u0117l skaidri\u0173 ir nusp\u0117jam\u0173 gyvenim\u0173, kuriuos gyveno m\u016bs\u0173 t\u0117vai, \u0161iandien saug\u016bs ir ram\u016bs galime jaustis mes patys. Ta\u010diau kas nutinka tuomet, kai pasirodo, kad t\u0117v\u0173 praeitis \u2013 visai kitokia, nei vis\u0105 gyvenim\u0105 \u017einojome?<\/p>\n<p>Ramaus vaiki\u0161k\u0173 knygu\u010di\u0173 ra\u0161ytojo D\u017eianio Ordzano gyvenimo pamatai susvyruoja, i\u0161girdus ne\u012ftik\u0117tin\u0105 \u017eini\u0105: neseniai mir\u0119s jo t\u0117vas buvo visai ne tas, kuo d\u0117josi. \u017dinia apie t\u0117vo praeit\u012f, griaunanti \u012fprast\u0105 autoriaus gyvenimo t\u0117km\u0119 \u2013 tik vienas i\u0161 daugelio likimo sm\u016bgi\u0173, i\u0161tinkan\u010di\u0173 D\u017eian\u012f. K\u0105 daryti, kai praeities galia griauna m\u016bs\u0173 dabart\u012f?<\/p>\n","protected":false},"excerpt":{"rendered":"<p>K\u0105 mes i\u0161 ties\u0173 \u017einome apie savo t\u0117vus? Ar gal\u0117tume pasakyti, kokie buvo j\u0173 idealai, k\u0105 t\u0117vai myl\u0117jo, kuo tik\u0117jo, ko neapkent\u0117? Gali atrodyti, kad t\u0117v\u0173 gyvenimai mums atviri, kad juose negl\u016bdi jokia paslaptis; kad kaip tik d\u0117l skaidri\u0173 ir nusp\u0117jam\u0173 gyvenim\u0173, kuriuos gyveno m\u016bs\u0173 t\u0117vai, \u0161iandien saug\u016bs ir ram\u016bs galime jaustis mes patys. Ta\u010diau kas nutinka tuomet, kai pasirodo, kad t\u0117v\u0173 praeitis \u2013 visai kitokia, nei vis\u0105 gyvenim\u0105 \u017einojome? Ramaus vaiki\u0161k\u0173 knygu\u010di\u0173 ra\u0161ytojo D\u017eianio Ordzano gyvenimo pamatai susvyruoja, i\u0161girdus ne\u012ftik\u0117tin\u0105 \u017eini\u0105: neseniai mir\u0119s jo t\u0117vas buvo visai ne tas, kuo d\u0117josi. \u017dinia apie t\u0117vo praeit\u012f, griaunanti \u012fprast\u0105 autoriaus gyvenimo t\u0117km\u0119 \u2013 tik vienas i\u0161 daugelio likimo sm\u016bgi\u0173, i\u0161tinkan\u010di\u0173 D\u017eian\u012f. K\u0105 daryti, kai praeities galia griauna m\u016bs\u0173 dabart\u012f?<\/p>\n","protected":false},"featured_media":2588,"comment_status":"closed","ping_status":"closed","template":"","meta":{"_acf_changed":false,"site-sidebar-layout":"default","site-content-layout":"","ast-site-content-layout":"default","site-content-style":"default","site-sidebar-style":"default","ast-global-header-display":"","ast-banner-title-visibility":"","ast-main-header-display":"","ast-hfb-above-header-display":"","ast-hfb-below-header-display":"","ast-hfb-mobile-header-display":"","site-post-title":"","ast-breadcrumbs-content":"","ast-featured-img":"","footer-sml-layout":"","ast-disable-related-posts":"","theme-transparent-header-meta":"","adv-header-id-meta":"","stick-header-meta":"","header-above-stick-meta":"","header-main-stick-meta":"","header-below-stick-meta":"","astra-migrate-meta-layouts":"default","ast-page-background-enabled":"default","ast-page-background-meta":{"desktop":{"background-color":"","background-image":"","background-repeat":"repeat","background-position":"center center","background-size":"auto","background-attachment":"scroll","background-type":"","background-media":"","overlay-type":"","overlay-color":"","overlay-opacity":"","overlay-gradient":""},"tablet":{"background-color":"","background-image":"","background-repeat":"repeat","background-position":"center center","background-size":"auto","background-attachment":"scroll","background-type":"","background-media":"","overlay-type":"","overlay-color":"","overlay-opacity":"","overlay-gradient":""},"mobile":{"background-color":"","background-image":"","background-repeat":"repeat","background-position":"center center","background-size":"auto","background-attachment":"scroll","background-type":"","background-media":"","overlay-type":"","overlay-color":"","overlay-opacity":"","overlay-gradient":""}},"ast-content-background-meta":{"desktop":{"background-color":"var(--ast-global-color-4)","background-image":"","background-repeat":"repeat","background-position":"center center","background-size":"auto","background-attachment":"scroll","background-type":"","background-media":"","overlay-type":"","overlay-color":"","overlay-opacity":"","overlay-gradient":""},"tablet":{"background-color":"var(--ast-global-color-4)","background-image":"","background-repeat":"repeat","background-position":"center center","background-size":"auto","background-attachment":"scroll","background-type":"","background-media":"","overlay-type":"","overlay-color":"","overlay-opacity":"","overlay-gradient":""},"mobile":{"background-color":"var(--ast-global-color-4)","background-image":"","background-repeat":"repeat","background-position":"center center","background-size":"auto","background-attachment":"scroll","background-type":"","background-media":"","overlay-type":"","overlay-color":"","overlay-opacity":"","overlay-gradient":""}}},"product_brand":[],"product_cat":[30],"product_tag":[],"class_list":{"0":"post-2557","1":"product","2":"type-product","3":"status-publish","4":"has-post-thumbnail","6":"product_cat-psichologija-ir-saviugda","7":"desktop-align-left","8":"tablet-align-left","9":"mobile-align-left","11":"first","12":"instock","13":"shipping-taxable","14":"purchasable","15":"product-type-simple"},"acf":[],"yoast_head":"<!-- This site is optimized with the Yoast SEO plugin v27.0 - https:\/\/yoast.com\/product\/yoast-seo-wordpress\/ -->\n<title>S. Veronesi \u201ePraeities galia\u201c - Skaitytaknyga<\/title>\n<meta name=\"description\" content=\"K\u0105 mes i\u0161 ties\u0173 \u017einome apie savo t\u0117vus? Ar gal\u0117tume pasakyti, kokie buvo j\u0173 idealai, k\u0105 t\u0117vai myl\u0117jo, kuo tik\u0117jo, ko neapkent\u0117? Gali atrodyti, kad t\u0117v\u0173\" \/>\n<meta name=\"robots\" content=\"index, follow, max-snippet:-1, max-image-preview:large, max-video-preview:-1\" \/>\n<link rel=\"canonical\" href=\"https:\/\/skaitytaknyga.lt\/en\/produktas\/s-veronesi-praeities-galia\/\" \/>\n<meta property=\"og:locale\" content=\"en_GB\" \/>\n<meta property=\"og:locale:alternate\" content=\"lt_LT\" \/>\n<meta property=\"og:type\" content=\"article\" \/>\n<meta property=\"og:title\" content=\"S. Veronesi \u201ePraeities galia\u201c - Skaitytaknyga\" \/>\n<meta property=\"og:description\" content=\"K\u0105 mes i\u0161 ties\u0173 \u017einome apie savo t\u0117vus? Ar gal\u0117tume pasakyti, kokie buvo j\u0173 idealai, k\u0105 t\u0117vai myl\u0117jo, kuo tik\u0117jo, ko neapkent\u0117? Gali atrodyti, kad t\u0117v\u0173\" \/>\n<meta property=\"og:url\" content=\"https:\/\/skaitytaknyga.lt\/en\/produktas\/s-veronesi-praeities-galia\/\" \/>\n<meta property=\"og:site_name\" content=\"Skaitytaknyga\" \/>\n<meta property=\"article:publisher\" content=\"https:\/\/www.facebook.com\/skaitytaknyga\/\" \/>\n<meta property=\"article:modified_time\" content=\"2024-05-03T07:15:22+00:00\" \/>\n<meta property=\"og:image\" content=\"https:\/\/skaitytaknyga.lt\/wp-content\/uploads\/2024\/04\/1462877696_praeit.jpg\" \/>\n\t<meta property=\"og:image:width\" content=\"297\" \/>\n\t<meta property=\"og:image:height\" content=\"430\" \/>\n\t<meta property=\"og:image:type\" content=\"image\/jpeg\" \/>\n<meta name=\"twitter:card\" content=\"summary_large_image\" \/>\n<meta name=\"twitter:label1\" content=\"Estimated reading time\" \/>\n\t<meta name=\"twitter:data1\" content=\"1 minute\" \/>\n<script type=\"application\/ld+json\" class=\"yoast-schema-graph\">{\"@context\":\"https:\/\/schema.org\",\"@graph\":[{\"@type\":\"WebPage\",\"@id\":\"https:\/\/skaitytaknyga.lt\/produktas\/s-veronesi-praeities-galia\/\",\"url\":\"https:\/\/skaitytaknyga.lt\/produktas\/s-veronesi-praeities-galia\/\",\"name\":\"S. Veronesi \u201ePraeities galia\u201c - Skaitytaknyga\",\"isPartOf\":{\"@id\":\"https:\/\/skaitytaknyga.lt\/#website\"},\"primaryImageOfPage\":{\"@id\":\"https:\/\/skaitytaknyga.lt\/produktas\/s-veronesi-praeities-galia\/#primaryimage\"},\"image\":{\"@id\":\"https:\/\/skaitytaknyga.lt\/produktas\/s-veronesi-praeities-galia\/#primaryimage\"},\"thumbnailUrl\":\"https:\/\/skaitytaknyga.lt\/wp-content\/uploads\/2024\/04\/1462877696_praeit.jpg\",\"datePublished\":\"2024-04-17T13:15:30+00:00\",\"dateModified\":\"2024-05-03T07:15:22+00:00\",\"description\":\"K\u0105 mes i\u0161 ties\u0173 \u017einome apie savo t\u0117vus? Ar gal\u0117tume pasakyti, kokie buvo j\u0173 idealai, k\u0105 t\u0117vai myl\u0117jo, kuo tik\u0117jo, ko neapkent\u0117? Gali atrodyti, kad t\u0117v\u0173\",\"breadcrumb\":{\"@id\":\"https:\/\/skaitytaknyga.lt\/produktas\/s-veronesi-praeities-galia\/#breadcrumb\"},\"inLanguage\":\"en-GB\",\"potentialAction\":[{\"@type\":\"ReadAction\",\"target\":[\"https:\/\/skaitytaknyga.lt\/produktas\/s-veronesi-praeities-galia\/\"]}]},{\"@type\":\"ImageObject\",\"inLanguage\":\"en-GB\",\"@id\":\"https:\/\/skaitytaknyga.lt\/produktas\/s-veronesi-praeities-galia\/#primaryimage\",\"url\":\"https:\/\/skaitytaknyga.lt\/wp-content\/uploads\/2024\/04\/1462877696_praeit.jpg\",\"contentUrl\":\"https:\/\/skaitytaknyga.lt\/wp-content\/uploads\/2024\/04\/1462877696_praeit.jpg\",\"width\":297,\"height\":430,\"caption\":\"1462877696 praeit\"},{\"@type\":\"BreadcrumbList\",\"@id\":\"https:\/\/skaitytaknyga.lt\/produktas\/s-veronesi-praeities-galia\/#breadcrumb\",\"itemListElement\":[{\"@type\":\"ListItem\",\"position\":1,\"name\":\"Home\",\"item\":\"https:\/\/skaitytaknyga.lt\/\"},{\"@type\":\"ListItem\",\"position\":2,\"name\":\"Parduotuv\u0117\",\"item\":\"https:\/\/skaitytaknyga.lt\/knygu-parduotuve\/\"},{\"@type\":\"ListItem\",\"position\":3,\"name\":\"S. Veronesi \u201ePraeities galia\u201c\"}]},{\"@type\":\"WebSite\",\"@id\":\"https:\/\/skaitytaknyga.lt\/#website\",\"url\":\"https:\/\/skaitytaknyga.lt\/\",\"name\":\"skaitytaknyga.lt\",\"description\":\"Skaitytaknyga.lt \u2013 tai ma\u017eas \u0161eimos verslas, kuris prasid\u0117jo nuo meil\u0117s knygoms ir siekio i\u0161gelb\u0117ti knygas nuo likimo prie konteinerio. Kas vienam nereikalingas daiktas \u2013 kitam lobis, o mes esame tarpininkai, kurie padeda abiems tapti laimingesniems ???? \u017dinome kaip nelengva i\u0161gyventi ma\u017eiems verslams, tad nuo \u0161iol, \u010dia rasite ir kit\u0173, ma\u017e\u0173 \u0161eim\u0173 versl\u0173, rank\u0173 darbo, dovan\u0173 sau ir artimiesiems.\",\"publisher\":{\"@id\":\"https:\/\/skaitytaknyga.lt\/#organization\"},\"potentialAction\":[{\"@type\":\"SearchAction\",\"target\":{\"@type\":\"EntryPoint\",\"urlTemplate\":\"https:\/\/skaitytaknyga.lt\/?s={search_term_string}\"},\"query-input\":{\"@type\":\"PropertyValueSpecification\",\"valueRequired\":true,\"valueName\":\"search_term_string\"}}],\"inLanguage\":\"en-GB\"},{\"@type\":\"Organization\",\"@id\":\"https:\/\/skaitytaknyga.lt\/#organization\",\"name\":\"skaitytaknyga.lt\",\"url\":\"https:\/\/skaitytaknyga.lt\/\",\"logo\":{\"@type\":\"ImageObject\",\"inLanguage\":\"en-GB\",\"@id\":\"https:\/\/skaitytaknyga.lt\/#\/schema\/logo\/image\/\",\"url\":\"https:\/\/skaitytaknyga.lt\/wp-content\/uploads\/2024\/05\/cropped-cropped-cropped-02_00843_jt3bggkj1j3HLc7SyY6rEUpg.jpeg\",\"contentUrl\":\"https:\/\/skaitytaknyga.lt\/wp-content\/uploads\/2024\/05\/cropped-cropped-cropped-02_00843_jt3bggkj1j3HLc7SyY6rEUpg.jpeg\",\"width\":1600,\"height\":1600,\"caption\":\"skaitytaknyga.lt\"},\"image\":{\"@id\":\"https:\/\/skaitytaknyga.lt\/#\/schema\/logo\/image\/\"},\"sameAs\":[\"https:\/\/www.facebook.com\/skaitytaknyga\/\"]}]}<\/script>\n<!-- \/ Yoast SEO plugin. -->","yoast_head_json":{"title":"S. Veronesi \u201ePraeities galia\u201c - Skaitytaknyga","description":"K\u0105 mes i\u0161 ties\u0173 \u017einome apie savo t\u0117vus? Ar gal\u0117tume pasakyti, kokie buvo j\u0173 idealai, k\u0105 t\u0117vai myl\u0117jo, kuo tik\u0117jo, ko neapkent\u0117? Gali atrodyti, kad t\u0117v\u0173","robots":{"index":"index","follow":"follow","max-snippet":"max-snippet:-1","max-image-preview":"max-image-preview:large","max-video-preview":"max-video-preview:-1"},"canonical":"https:\/\/skaitytaknyga.lt\/en\/produktas\/s-veronesi-praeities-galia\/","og_locale":"en_GB","og_type":"article","og_title":"S. Veronesi \u201ePraeities galia\u201c - Skaitytaknyga","og_description":"K\u0105 mes i\u0161 ties\u0173 \u017einome apie savo t\u0117vus? Ar gal\u0117tume pasakyti, kokie buvo j\u0173 idealai, k\u0105 t\u0117vai myl\u0117jo, kuo tik\u0117jo, ko neapkent\u0117? Gali atrodyti, kad t\u0117v\u0173","og_url":"https:\/\/skaitytaknyga.lt\/en\/produktas\/s-veronesi-praeities-galia\/","og_site_name":"Skaitytaknyga","article_publisher":"https:\/\/www.facebook.com\/skaitytaknyga\/","article_modified_time":"2024-05-03T07:15:22+00:00","og_image":[{"width":297,"height":430,"url":"https:\/\/skaitytaknyga.lt\/wp-content\/uploads\/2024\/04\/1462877696_praeit.jpg","type":"image\/jpeg"}],"twitter_card":"summary_large_image","twitter_misc":{"Estimated reading time":"1 minute"},"schema":{"@context":"https:\/\/schema.org","@graph":[{"@type":"WebPage","@id":"https:\/\/skaitytaknyga.lt\/produktas\/s-veronesi-praeities-galia\/","url":"https:\/\/skaitytaknyga.lt\/produktas\/s-veronesi-praeities-galia\/","name":"S. Veronesi \u201ePraeities galia\u201c - Skaitytaknyga","isPartOf":{"@id":"https:\/\/skaitytaknyga.lt\/#website"},"primaryImageOfPage":{"@id":"https:\/\/skaitytaknyga.lt\/produktas\/s-veronesi-praeities-galia\/#primaryimage"},"image":{"@id":"https:\/\/skaitytaknyga.lt\/produktas\/s-veronesi-praeities-galia\/#primaryimage"},"thumbnailUrl":"https:\/\/skaitytaknyga.lt\/wp-content\/uploads\/2024\/04\/1462877696_praeit.jpg","datePublished":"2024-04-17T13:15:30+00:00","dateModified":"2024-05-03T07:15:22+00:00","description":"K\u0105 mes i\u0161 ties\u0173 \u017einome apie savo t\u0117vus? Ar gal\u0117tume pasakyti, kokie buvo j\u0173 idealai, k\u0105 t\u0117vai myl\u0117jo, kuo tik\u0117jo, ko neapkent\u0117? Gali atrodyti, kad t\u0117v\u0173","breadcrumb":{"@id":"https:\/\/skaitytaknyga.lt\/produktas\/s-veronesi-praeities-galia\/#breadcrumb"},"inLanguage":"en-GB","potentialAction":[{"@type":"ReadAction","target":["https:\/\/skaitytaknyga.lt\/produktas\/s-veronesi-praeities-galia\/"]}]},{"@type":"ImageObject","inLanguage":"en-GB","@id":"https:\/\/skaitytaknyga.lt\/produktas\/s-veronesi-praeities-galia\/#primaryimage","url":"https:\/\/skaitytaknyga.lt\/wp-content\/uploads\/2024\/04\/1462877696_praeit.jpg","contentUrl":"https:\/\/skaitytaknyga.lt\/wp-content\/uploads\/2024\/04\/1462877696_praeit.jpg","width":297,"height":430,"caption":"1462877696 praeit"},{"@type":"BreadcrumbList","@id":"https:\/\/skaitytaknyga.lt\/produktas\/s-veronesi-praeities-galia\/#breadcrumb","itemListElement":[{"@type":"ListItem","position":1,"name":"Home","item":"https:\/\/skaitytaknyga.lt\/"},{"@type":"ListItem","position":2,"name":"Parduotuv\u0117","item":"https:\/\/skaitytaknyga.lt\/knygu-parduotuve\/"},{"@type":"ListItem","position":3,"name":"S. Veronesi \u201ePraeities galia\u201c"}]},{"@type":"WebSite","@id":"https:\/\/skaitytaknyga.lt\/#website","url":"https:\/\/skaitytaknyga.lt\/","name":"skaitytaknyga.lt","description":"Skaitytaknyga.lt \u2013 tai ma\u017eas \u0161eimos verslas, kuris prasid\u0117jo nuo meil\u0117s knygoms ir siekio i\u0161gelb\u0117ti knygas nuo likimo prie konteinerio. Kas vienam nereikalingas daiktas \u2013 kitam lobis, o mes esame tarpininkai, kurie padeda abiems tapti laimingesniems ???? \u017dinome kaip nelengva i\u0161gyventi ma\u017eiems verslams, tad nuo \u0161iol, \u010dia rasite ir kit\u0173, ma\u017e\u0173 \u0161eim\u0173 versl\u0173, rank\u0173 darbo, dovan\u0173 sau ir artimiesiems.","publisher":{"@id":"https:\/\/skaitytaknyga.lt\/#organization"},"potentialAction":[{"@type":"SearchAction","target":{"@type":"EntryPoint","urlTemplate":"https:\/\/skaitytaknyga.lt\/?s={search_term_string}"},"query-input":{"@type":"PropertyValueSpecification","valueRequired":true,"valueName":"search_term_string"}}],"inLanguage":"en-GB"},{"@type":"Organization","@id":"https:\/\/skaitytaknyga.lt\/#organization","name":"skaitytaknyga.lt","url":"https:\/\/skaitytaknyga.lt\/","logo":{"@type":"ImageObject","inLanguage":"en-GB","@id":"https:\/\/skaitytaknyga.lt\/#\/schema\/logo\/image\/","url":"https:\/\/skaitytaknyga.lt\/wp-content\/uploads\/2024\/05\/cropped-cropped-cropped-02_00843_jt3bggkj1j3HLc7SyY6rEUpg.jpeg","contentUrl":"https:\/\/skaitytaknyga.lt\/wp-content\/uploads\/2024\/05\/cropped-cropped-cropped-02_00843_jt3bggkj1j3HLc7SyY6rEUpg.jpeg","width":1600,"height":1600,"caption":"skaitytaknyga.lt"},"image":{"@id":"https:\/\/skaitytaknyga.lt\/#\/schema\/logo\/image\/"},"sameAs":["https:\/\/www.facebook.com\/skaitytaknyga\/"]}]}},"_links":{"self":[{"href":"https:\/\/skaitytaknyga.lt\/en\/wp-json\/wp\/v2\/product\/2557","targetHints":{"allow":["GET"]}}],"collection":[{"href":"https:\/\/skaitytaknyga.lt\/en\/wp-json\/wp\/v2\/product"}],"about":[{"href":"https:\/\/skaitytaknyga.lt\/en\/wp-json\/wp\/v2\/types\/product"}],"replies":[{"embeddable":true,"href":"https:\/\/skaitytaknyga.lt\/en\/wp-json\/wp\/v2\/comments?post=2557"}],"wp:featuredmedia":[{"embeddable":true,"href":"https:\/\/skaitytaknyga.lt\/en\/wp-json\/wp\/v2\/media\/2588"}],"wp:attachment":[{"href":"https:\/\/skaitytaknyga.lt\/en\/wp-json\/wp\/v2\/media?parent=2557"}],"wp:term":[{"taxonomy":"product_brand","embeddable":true,"href":"https:\/\/skaitytaknyga.lt\/en\/wp-json\/wp\/v2\/product_brand?post=2557"},{"taxonomy":"product_cat","embeddable":true,"href":"https:\/\/skaitytaknyga.lt\/en\/wp-json\/wp\/v2\/product_cat?post=2557"},{"taxonomy":"product_tag","embeddable":true,"href":"https:\/\/skaitytaknyga.lt\/en\/wp-json\/wp\/v2\/product_tag?post=2557"}],"curies":[{"name":"wp","href":"https:\/\/api.w.org\/{rel}","templated":true}]}}