{"id":2554,"date":"2024-04-17T13:15:29","date_gmt":"2024-04-17T13:15:29","guid":{"rendered":"https:\/\/skaitytaknyga.lt\/?post_type=product&#038;p=2554"},"modified":"2024-05-03T07:15:21","modified_gmt":"2024-05-03T07:15:21","slug":"karen-casey-martha-vancenburg-ka-zada-ateinanti-diena-kasdienes-meditacijos","status":"publish","type":"product","link":"https:\/\/skaitytaknyga.lt\/en\/produktas\/karen-casey-martha-vancenburg-ka-zada-ateinanti-diena-kasdienes-meditacijos\/","title":{"rendered":"Karen Casey, Martha Vancenburg \u201eK\u0105 \u017eada ateinanti diena. Kasdien\u0117s meditacijos\u201c"},"content":{"rendered":"<p>Kiekviena diena, nepaisant to, ar laiminga ar li\u016bdna, ka\u017ekuo netik\u0117ta ar pilna rutinos, daug ko i\u0161 m\u016bs\u0173 reikalauja. Kasdien\u0117s meditacijos knygoje\u00a0&#8220;K\u0105 \u017eada ateinanti diena&#8221;\u00a0rasite i\u0161minties ir \u012fkv\u0117pimo kiekvienam gyvenimo momentui ir tai pad\u0117s visiems mums kuo geriau praleisti dien\u0105.<\/p>\n<p>\u0160iame nuostabiame rinkinyje &#8220;K\u0105 \u017eada ateinanti diena. Kasdien\u0117s meditacijos&#8221; \u012f\u017evalg\u016bs pam\u0105stymai ir taikl\u016bs teiginiai prat\u0119si\u0105 citatas toki\u0173 \u017einom\u0173 \u017emoni\u0173 kaip Virginija Woolf, Robert Bly, Richard Wright, Johan Lennon, Isak Dinesen, Platonas, Colette, Carlos Castaneda ir Zora Neale Hurson. Kiekvienas puslapis suteiks \u0161viesos \u017eybsn\u012f, padr\u0105sinan\u010dia mint\u012f, nauj\u0105 perspektyv\u0105 ar ramyb\u0117s oaz\u0119 j\u016bs\u0173 dienai.<\/p>\n<p>I\u0161mintingi posakiai, surinkti i\u0161 \u012fvairi\u0173 laikotarpi\u0173 viso pasaulio istorijos, kiekvienam besidomin\u010diam asmenyb\u0117s ir dvasios tobul\u0117jimu suteikia kasdien\u012f nusiraminimo, supratimo ir padr\u0105sinimo \u0161altin\u012f.<\/p>\n<p>Negalime atitr\u016bkti nuo savo praeities. Ji mus visada lydi ir veikia dabart\u012f. \u0160iandienos i\u0161gyvenimai atspindi vakaryk\u0161t\u0119 patirt\u012f. Taip su kiekviena diena tolyn \u012f praeit\u012f driekiasi m\u016bs\u0173 gyvenimo \u0161aknys.<\/p>\n<p>Kiekviena diena mus ruo\u0161ia ateities i\u0161bandymams, kurie padeda tobul\u0117ti. M\u016bs\u0173 patyrimai, praeitis ir dabartis n\u0117ra atsitiktiniai. \u012evairi patirtis patikrina m\u016bs\u0173 sugeb\u0117jimus, o nelengvi i\u0161bandymai padeda atrasti tikr\u0105j\u012f savo gyvenimo keli\u0105. Atminkite, kad jums neskirta susidurti su tokiomis problemomis, kuri\u0173 negal\u0117tum\u0117te i\u0161spr\u0119sti.<\/p>\n","protected":false},"excerpt":{"rendered":"<p>Kiekviena diena, nepaisant to, ar laiminga ar li\u016bdna, ka\u017ekuo netik\u0117ta ar pilna rutinos, daug ko i\u0161 m\u016bs\u0173 reikalauja. Kasdien\u0117s meditacijos knygoje\u00a0&#8220;K\u0105 \u017eada ateinanti diena&#8221;\u00a0rasite i\u0161minties ir \u012fkv\u0117pimo kiekvienam gyvenimo momentui ir tai pad\u0117s visiems mums kuo geriau praleisti dien\u0105. \u0160iame nuostabiame rinkinyje &#8220;K\u0105 \u017eada ateinanti diena. Kasdien\u0117s meditacijos&#8221; \u012f\u017evalg\u016bs pam\u0105stymai ir taikl\u016bs teiginiai prat\u0119si\u0105 citatas toki\u0173 \u017einom\u0173 \u017emoni\u0173 kaip Virginija Woolf, Robert Bly, Richard Wright, Johan Lennon, Isak Dinesen, Platonas, Colette, Carlos Castaneda ir Zora Neale Hurson. Kiekvienas puslapis suteiks \u0161viesos \u017eybsn\u012f, padr\u0105sinan\u010dia mint\u012f, nauj\u0105 perspektyv\u0105 ar ramyb\u0117s oaz\u0119 j\u016bs\u0173 dienai. I\u0161mintingi posakiai, surinkti i\u0161 \u012fvairi\u0173 laikotarpi\u0173 viso pasaulio istorijos, kiekvienam besidomin\u010diam asmenyb\u0117s ir dvasios tobul\u0117jimu suteikia kasdien\u012f nusiraminimo, supratimo ir padr\u0105sinimo \u0161altin\u012f. Negalime atitr\u016bkti nuo savo praeities. Ji mus visada lydi ir veikia dabart\u012f. \u0160iandienos i\u0161gyvenimai atspindi vakaryk\u0161t\u0119 patirt\u012f. Taip su kiekviena diena tolyn \u012f praeit\u012f driekiasi m\u016bs\u0173 gyvenimo \u0161aknys. Kiekviena diena mus ruo\u0161ia ateities i\u0161bandymams, kurie padeda tobul\u0117ti. M\u016bs\u0173 patyrimai, praeitis ir dabartis n\u0117ra atsitiktiniai. \u012evairi patirtis patikrina m\u016bs\u0173 sugeb\u0117jimus, o nelengvi i\u0161bandymai padeda atrasti tikr\u0105j\u012f savo gyvenimo keli\u0105. Atminkite, kad jums neskirta susidurti su tokiomis problemomis, kuri\u0173 negal\u0117tum\u0117te i\u0161spr\u0119sti.<\/p>\n","protected":false},"featured_media":2585,"comment_status":"closed","ping_status":"closed","template":"","meta":{"_acf_changed":false,"site-sidebar-layout":"default","site-content-layout":"","ast-site-content-layout":"default","site-content-style":"default","site-sidebar-style":"default","ast-global-header-display":"","ast-banner-title-visibility":"","ast-main-header-display":"","ast-hfb-above-header-display":"","ast-hfb-below-header-display":"","ast-hfb-mobile-header-display":"","site-post-title":"","ast-breadcrumbs-content":"","ast-featured-img":"","footer-sml-layout":"","ast-disable-related-posts":"","theme-transparent-header-meta":"","adv-header-id-meta":"","stick-header-meta":"","header-above-stick-meta":"","header-main-stick-meta":"","header-below-stick-meta":"","astra-migrate-meta-layouts":"default","ast-page-background-enabled":"default","ast-page-background-meta":{"desktop":{"background-color":"","background-image":"","background-repeat":"repeat","background-position":"center center","background-size":"auto","background-attachment":"scroll","background-type":"","background-media":"","overlay-type":"","overlay-color":"","overlay-opacity":"","overlay-gradient":""},"tablet":{"background-color":"","background-image":"","background-repeat":"repeat","background-position":"center center","background-size":"auto","background-attachment":"scroll","background-type":"","background-media":"","overlay-type":"","overlay-color":"","overlay-opacity":"","overlay-gradient":""},"mobile":{"background-color":"","background-image":"","background-repeat":"repeat","background-position":"center center","background-size":"auto","background-attachment":"scroll","background-type":"","background-media":"","overlay-type":"","overlay-color":"","overlay-opacity":"","overlay-gradient":""}},"ast-content-background-meta":{"desktop":{"background-color":"var(--ast-global-color-4)","background-image":"","background-repeat":"repeat","background-position":"center center","background-size":"auto","background-attachment":"scroll","background-type":"","background-media":"","overlay-type":"","overlay-color":"","overlay-opacity":"","overlay-gradient":""},"tablet":{"background-color":"var(--ast-global-color-4)","background-image":"","background-repeat":"repeat","background-position":"center center","background-size":"auto","background-attachment":"scroll","background-type":"","background-media":"","overlay-type":"","overlay-color":"","overlay-opacity":"","overlay-gradient":""},"mobile":{"background-color":"var(--ast-global-color-4)","background-image":"","background-repeat":"repeat","background-position":"center center","background-size":"auto","background-attachment":"scroll","background-type":"","background-media":"","overlay-type":"","overlay-color":"","overlay-opacity":"","overlay-gradient":""}}},"product_brand":[],"product_cat":[30],"product_tag":[],"class_list":{"0":"post-2554","1":"product","2":"type-product","3":"status-publish","4":"has-post-thumbnail","6":"product_cat-psichologija-ir-saviugda","7":"desktop-align-left","8":"tablet-align-left","9":"mobile-align-left","11":"first","12":"outofstock","13":"shipping-taxable","14":"purchasable","15":"product-type-simple"},"acf":[],"yoast_head":"<!-- This site is optimized with the Yoast SEO plugin v27.0 - https:\/\/yoast.com\/product\/yoast-seo-wordpress\/ -->\n<title>Karen Casey, Martha Vancenburg \u201eK\u0105 \u017eada ateinanti diena. Kasdien\u0117s meditacijos\u201c - Skaitytaknyga<\/title>\n<meta name=\"description\" content=\"Kiekviena diena, nepaisant to, ar laiminga ar li\u016bdna, ka\u017ekuo netik\u0117ta ar pilna rutinos, daug ko i\u0161 m\u016bs\u0173 reikalauja. Kasdien\u0117s meditacijos knygoje\u00a0&quot;K\u0105 \u017eada\" \/>\n<meta name=\"robots\" content=\"index, follow, max-snippet:-1, max-image-preview:large, max-video-preview:-1\" \/>\n<link rel=\"canonical\" href=\"https:\/\/skaitytaknyga.lt\/en\/produktas\/karen-casey-martha-vancenburg-ka-zada-ateinanti-diena-kasdienes-meditacijos\/\" \/>\n<meta property=\"og:locale\" content=\"en_GB\" \/>\n<meta property=\"og:locale:alternate\" content=\"lt_LT\" \/>\n<meta property=\"og:type\" content=\"article\" \/>\n<meta property=\"og:title\" content=\"Karen Casey, Martha Vancenburg \u201eK\u0105 \u017eada ateinanti diena. Kasdien\u0117s meditacijos\u201c - Skaitytaknyga\" \/>\n<meta property=\"og:description\" content=\"Kiekviena diena, nepaisant to, ar laiminga ar li\u016bdna, ka\u017ekuo netik\u0117ta ar pilna rutinos, daug ko i\u0161 m\u016bs\u0173 reikalauja. Kasdien\u0117s meditacijos knygoje\u00a0&quot;K\u0105 \u017eada\" \/>\n<meta property=\"og:url\" content=\"https:\/\/skaitytaknyga.lt\/en\/produktas\/karen-casey-martha-vancenburg-ka-zada-ateinanti-diena-kasdienes-meditacijos\/\" \/>\n<meta property=\"og:site_name\" content=\"Skaitytaknyga\" \/>\n<meta property=\"article:publisher\" content=\"https:\/\/www.facebook.com\/skaitytaknyga\/\" \/>\n<meta property=\"article:modified_time\" content=\"2024-05-03T07:15:21+00:00\" \/>\n<meta property=\"og:image\" content=\"https:\/\/skaitytaknyga.lt\/wp-content\/uploads\/2024\/04\/ka-zada-ateinanti-diena143.jpg\" \/>\n\t<meta property=\"og:image:width\" content=\"600\" \/>\n\t<meta property=\"og:image:height\" content=\"898\" \/>\n\t<meta property=\"og:image:type\" content=\"image\/jpeg\" \/>\n<meta name=\"twitter:card\" content=\"summary_large_image\" \/>\n<meta name=\"twitter:label1\" content=\"Estimated reading time\" \/>\n\t<meta name=\"twitter:data1\" content=\"1 minute\" \/>\n<script type=\"application\/ld+json\" class=\"yoast-schema-graph\">{\"@context\":\"https:\/\/schema.org\",\"@graph\":[{\"@type\":\"WebPage\",\"@id\":\"https:\/\/skaitytaknyga.lt\/produktas\/karen-casey-martha-vancenburg-ka-zada-ateinanti-diena-kasdienes-meditacijos\/\",\"url\":\"https:\/\/skaitytaknyga.lt\/produktas\/karen-casey-martha-vancenburg-ka-zada-ateinanti-diena-kasdienes-meditacijos\/\",\"name\":\"Karen Casey, Martha Vancenburg \u201eK\u0105 \u017eada ateinanti diena. Kasdien\u0117s meditacijos\u201c - Skaitytaknyga\",\"isPartOf\":{\"@id\":\"https:\/\/skaitytaknyga.lt\/#website\"},\"primaryImageOfPage\":{\"@id\":\"https:\/\/skaitytaknyga.lt\/produktas\/karen-casey-martha-vancenburg-ka-zada-ateinanti-diena-kasdienes-meditacijos\/#primaryimage\"},\"image\":{\"@id\":\"https:\/\/skaitytaknyga.lt\/produktas\/karen-casey-martha-vancenburg-ka-zada-ateinanti-diena-kasdienes-meditacijos\/#primaryimage\"},\"thumbnailUrl\":\"https:\/\/skaitytaknyga.lt\/wp-content\/uploads\/2024\/04\/ka-zada-ateinanti-diena143.jpg\",\"datePublished\":\"2024-04-17T13:15:29+00:00\",\"dateModified\":\"2024-05-03T07:15:21+00:00\",\"description\":\"Kiekviena diena, nepaisant to, ar laiminga ar li\u016bdna, ka\u017ekuo netik\u0117ta ar pilna rutinos, daug ko i\u0161 m\u016bs\u0173 reikalauja. Kasdien\u0117s meditacijos knygoje\u00a0\\\"K\u0105 \u017eada\",\"breadcrumb\":{\"@id\":\"https:\/\/skaitytaknyga.lt\/produktas\/karen-casey-martha-vancenburg-ka-zada-ateinanti-diena-kasdienes-meditacijos\/#breadcrumb\"},\"inLanguage\":\"en-GB\",\"potentialAction\":[{\"@type\":\"ReadAction\",\"target\":[\"https:\/\/skaitytaknyga.lt\/produktas\/karen-casey-martha-vancenburg-ka-zada-ateinanti-diena-kasdienes-meditacijos\/\"]}]},{\"@type\":\"ImageObject\",\"inLanguage\":\"en-GB\",\"@id\":\"https:\/\/skaitytaknyga.lt\/produktas\/karen-casey-martha-vancenburg-ka-zada-ateinanti-diena-kasdienes-meditacijos\/#primaryimage\",\"url\":\"https:\/\/skaitytaknyga.lt\/wp-content\/uploads\/2024\/04\/ka-zada-ateinanti-diena143.jpg\",\"contentUrl\":\"https:\/\/skaitytaknyga.lt\/wp-content\/uploads\/2024\/04\/ka-zada-ateinanti-diena143.jpg\",\"width\":600,\"height\":898,\"caption\":\"ka zada ateinanti diena143\"},{\"@type\":\"BreadcrumbList\",\"@id\":\"https:\/\/skaitytaknyga.lt\/produktas\/karen-casey-martha-vancenburg-ka-zada-ateinanti-diena-kasdienes-meditacijos\/#breadcrumb\",\"itemListElement\":[{\"@type\":\"ListItem\",\"position\":1,\"name\":\"Home\",\"item\":\"https:\/\/skaitytaknyga.lt\/\"},{\"@type\":\"ListItem\",\"position\":2,\"name\":\"Parduotuv\u0117\",\"item\":\"https:\/\/skaitytaknyga.lt\/knygu-parduotuve\/\"},{\"@type\":\"ListItem\",\"position\":3,\"name\":\"Karen Casey, Martha Vancenburg \u201eK\u0105 \u017eada ateinanti diena. Kasdien\u0117s meditacijos\u201c\"}]},{\"@type\":\"WebSite\",\"@id\":\"https:\/\/skaitytaknyga.lt\/#website\",\"url\":\"https:\/\/skaitytaknyga.lt\/\",\"name\":\"skaitytaknyga.lt\",\"description\":\"Skaitytaknyga.lt \u2013 tai ma\u017eas \u0161eimos verslas, kuris prasid\u0117jo nuo meil\u0117s knygoms ir siekio i\u0161gelb\u0117ti knygas nuo likimo prie konteinerio. Kas vienam nereikalingas daiktas \u2013 kitam lobis, o mes esame tarpininkai, kurie padeda abiems tapti laimingesniems ???? \u017dinome kaip nelengva i\u0161gyventi ma\u017eiems verslams, tad nuo \u0161iol, \u010dia rasite ir kit\u0173, ma\u017e\u0173 \u0161eim\u0173 versl\u0173, rank\u0173 darbo, dovan\u0173 sau ir artimiesiems.\",\"publisher\":{\"@id\":\"https:\/\/skaitytaknyga.lt\/#organization\"},\"potentialAction\":[{\"@type\":\"SearchAction\",\"target\":{\"@type\":\"EntryPoint\",\"urlTemplate\":\"https:\/\/skaitytaknyga.lt\/?s={search_term_string}\"},\"query-input\":{\"@type\":\"PropertyValueSpecification\",\"valueRequired\":true,\"valueName\":\"search_term_string\"}}],\"inLanguage\":\"en-GB\"},{\"@type\":\"Organization\",\"@id\":\"https:\/\/skaitytaknyga.lt\/#organization\",\"name\":\"skaitytaknyga.lt\",\"url\":\"https:\/\/skaitytaknyga.lt\/\",\"logo\":{\"@type\":\"ImageObject\",\"inLanguage\":\"en-GB\",\"@id\":\"https:\/\/skaitytaknyga.lt\/#\/schema\/logo\/image\/\",\"url\":\"https:\/\/skaitytaknyga.lt\/wp-content\/uploads\/2024\/05\/cropped-cropped-cropped-02_00843_jt3bggkj1j3HLc7SyY6rEUpg.jpeg\",\"contentUrl\":\"https:\/\/skaitytaknyga.lt\/wp-content\/uploads\/2024\/05\/cropped-cropped-cropped-02_00843_jt3bggkj1j3HLc7SyY6rEUpg.jpeg\",\"width\":1600,\"height\":1600,\"caption\":\"skaitytaknyga.lt\"},\"image\":{\"@id\":\"https:\/\/skaitytaknyga.lt\/#\/schema\/logo\/image\/\"},\"sameAs\":[\"https:\/\/www.facebook.com\/skaitytaknyga\/\"]}]}<\/script>\n<!-- \/ Yoast SEO plugin. -->","yoast_head_json":{"title":"Karen Casey, Martha Vancenburg \u201eK\u0105 \u017eada ateinanti diena. Kasdien\u0117s meditacijos\u201c - Skaitytaknyga","description":"Kiekviena diena, nepaisant to, ar laiminga ar li\u016bdna, ka\u017ekuo netik\u0117ta ar pilna rutinos, daug ko i\u0161 m\u016bs\u0173 reikalauja. Kasdien\u0117s meditacijos knygoje\u00a0\"K\u0105 \u017eada","robots":{"index":"index","follow":"follow","max-snippet":"max-snippet:-1","max-image-preview":"max-image-preview:large","max-video-preview":"max-video-preview:-1"},"canonical":"https:\/\/skaitytaknyga.lt\/en\/produktas\/karen-casey-martha-vancenburg-ka-zada-ateinanti-diena-kasdienes-meditacijos\/","og_locale":"en_GB","og_type":"article","og_title":"Karen Casey, Martha Vancenburg \u201eK\u0105 \u017eada ateinanti diena. Kasdien\u0117s meditacijos\u201c - Skaitytaknyga","og_description":"Kiekviena diena, nepaisant to, ar laiminga ar li\u016bdna, ka\u017ekuo netik\u0117ta ar pilna rutinos, daug ko i\u0161 m\u016bs\u0173 reikalauja. Kasdien\u0117s meditacijos knygoje\u00a0\"K\u0105 \u017eada","og_url":"https:\/\/skaitytaknyga.lt\/en\/produktas\/karen-casey-martha-vancenburg-ka-zada-ateinanti-diena-kasdienes-meditacijos\/","og_site_name":"Skaitytaknyga","article_publisher":"https:\/\/www.facebook.com\/skaitytaknyga\/","article_modified_time":"2024-05-03T07:15:21+00:00","og_image":[{"width":600,"height":898,"url":"https:\/\/skaitytaknyga.lt\/wp-content\/uploads\/2024\/04\/ka-zada-ateinanti-diena143.jpg","type":"image\/jpeg"}],"twitter_card":"summary_large_image","twitter_misc":{"Estimated reading time":"1 minute"},"schema":{"@context":"https:\/\/schema.org","@graph":[{"@type":"WebPage","@id":"https:\/\/skaitytaknyga.lt\/produktas\/karen-casey-martha-vancenburg-ka-zada-ateinanti-diena-kasdienes-meditacijos\/","url":"https:\/\/skaitytaknyga.lt\/produktas\/karen-casey-martha-vancenburg-ka-zada-ateinanti-diena-kasdienes-meditacijos\/","name":"Karen Casey, Martha Vancenburg \u201eK\u0105 \u017eada ateinanti diena. Kasdien\u0117s meditacijos\u201c - Skaitytaknyga","isPartOf":{"@id":"https:\/\/skaitytaknyga.lt\/#website"},"primaryImageOfPage":{"@id":"https:\/\/skaitytaknyga.lt\/produktas\/karen-casey-martha-vancenburg-ka-zada-ateinanti-diena-kasdienes-meditacijos\/#primaryimage"},"image":{"@id":"https:\/\/skaitytaknyga.lt\/produktas\/karen-casey-martha-vancenburg-ka-zada-ateinanti-diena-kasdienes-meditacijos\/#primaryimage"},"thumbnailUrl":"https:\/\/skaitytaknyga.lt\/wp-content\/uploads\/2024\/04\/ka-zada-ateinanti-diena143.jpg","datePublished":"2024-04-17T13:15:29+00:00","dateModified":"2024-05-03T07:15:21+00:00","description":"Kiekviena diena, nepaisant to, ar laiminga ar li\u016bdna, ka\u017ekuo netik\u0117ta ar pilna rutinos, daug ko i\u0161 m\u016bs\u0173 reikalauja. Kasdien\u0117s meditacijos knygoje\u00a0\"K\u0105 \u017eada","breadcrumb":{"@id":"https:\/\/skaitytaknyga.lt\/produktas\/karen-casey-martha-vancenburg-ka-zada-ateinanti-diena-kasdienes-meditacijos\/#breadcrumb"},"inLanguage":"en-GB","potentialAction":[{"@type":"ReadAction","target":["https:\/\/skaitytaknyga.lt\/produktas\/karen-casey-martha-vancenburg-ka-zada-ateinanti-diena-kasdienes-meditacijos\/"]}]},{"@type":"ImageObject","inLanguage":"en-GB","@id":"https:\/\/skaitytaknyga.lt\/produktas\/karen-casey-martha-vancenburg-ka-zada-ateinanti-diena-kasdienes-meditacijos\/#primaryimage","url":"https:\/\/skaitytaknyga.lt\/wp-content\/uploads\/2024\/04\/ka-zada-ateinanti-diena143.jpg","contentUrl":"https:\/\/skaitytaknyga.lt\/wp-content\/uploads\/2024\/04\/ka-zada-ateinanti-diena143.jpg","width":600,"height":898,"caption":"ka zada ateinanti diena143"},{"@type":"BreadcrumbList","@id":"https:\/\/skaitytaknyga.lt\/produktas\/karen-casey-martha-vancenburg-ka-zada-ateinanti-diena-kasdienes-meditacijos\/#breadcrumb","itemListElement":[{"@type":"ListItem","position":1,"name":"Home","item":"https:\/\/skaitytaknyga.lt\/"},{"@type":"ListItem","position":2,"name":"Parduotuv\u0117","item":"https:\/\/skaitytaknyga.lt\/knygu-parduotuve\/"},{"@type":"ListItem","position":3,"name":"Karen Casey, Martha Vancenburg \u201eK\u0105 \u017eada ateinanti diena. Kasdien\u0117s meditacijos\u201c"}]},{"@type":"WebSite","@id":"https:\/\/skaitytaknyga.lt\/#website","url":"https:\/\/skaitytaknyga.lt\/","name":"skaitytaknyga.lt","description":"Skaitytaknyga.lt \u2013 tai ma\u017eas \u0161eimos verslas, kuris prasid\u0117jo nuo meil\u0117s knygoms ir siekio i\u0161gelb\u0117ti knygas nuo likimo prie konteinerio. Kas vienam nereikalingas daiktas \u2013 kitam lobis, o mes esame tarpininkai, kurie padeda abiems tapti laimingesniems ???? \u017dinome kaip nelengva i\u0161gyventi ma\u017eiems verslams, tad nuo \u0161iol, \u010dia rasite ir kit\u0173, ma\u017e\u0173 \u0161eim\u0173 versl\u0173, rank\u0173 darbo, dovan\u0173 sau ir artimiesiems.","publisher":{"@id":"https:\/\/skaitytaknyga.lt\/#organization"},"potentialAction":[{"@type":"SearchAction","target":{"@type":"EntryPoint","urlTemplate":"https:\/\/skaitytaknyga.lt\/?s={search_term_string}"},"query-input":{"@type":"PropertyValueSpecification","valueRequired":true,"valueName":"search_term_string"}}],"inLanguage":"en-GB"},{"@type":"Organization","@id":"https:\/\/skaitytaknyga.lt\/#organization","name":"skaitytaknyga.lt","url":"https:\/\/skaitytaknyga.lt\/","logo":{"@type":"ImageObject","inLanguage":"en-GB","@id":"https:\/\/skaitytaknyga.lt\/#\/schema\/logo\/image\/","url":"https:\/\/skaitytaknyga.lt\/wp-content\/uploads\/2024\/05\/cropped-cropped-cropped-02_00843_jt3bggkj1j3HLc7SyY6rEUpg.jpeg","contentUrl":"https:\/\/skaitytaknyga.lt\/wp-content\/uploads\/2024\/05\/cropped-cropped-cropped-02_00843_jt3bggkj1j3HLc7SyY6rEUpg.jpeg","width":1600,"height":1600,"caption":"skaitytaknyga.lt"},"image":{"@id":"https:\/\/skaitytaknyga.lt\/#\/schema\/logo\/image\/"},"sameAs":["https:\/\/www.facebook.com\/skaitytaknyga\/"]}]}},"_links":{"self":[{"href":"https:\/\/skaitytaknyga.lt\/en\/wp-json\/wp\/v2\/product\/2554","targetHints":{"allow":["GET"]}}],"collection":[{"href":"https:\/\/skaitytaknyga.lt\/en\/wp-json\/wp\/v2\/product"}],"about":[{"href":"https:\/\/skaitytaknyga.lt\/en\/wp-json\/wp\/v2\/types\/product"}],"replies":[{"embeddable":true,"href":"https:\/\/skaitytaknyga.lt\/en\/wp-json\/wp\/v2\/comments?post=2554"}],"wp:featuredmedia":[{"embeddable":true,"href":"https:\/\/skaitytaknyga.lt\/en\/wp-json\/wp\/v2\/media\/2585"}],"wp:attachment":[{"href":"https:\/\/skaitytaknyga.lt\/en\/wp-json\/wp\/v2\/media?parent=2554"}],"wp:term":[{"taxonomy":"product_brand","embeddable":true,"href":"https:\/\/skaitytaknyga.lt\/en\/wp-json\/wp\/v2\/product_brand?post=2554"},{"taxonomy":"product_cat","embeddable":true,"href":"https:\/\/skaitytaknyga.lt\/en\/wp-json\/wp\/v2\/product_cat?post=2554"},{"taxonomy":"product_tag","embeddable":true,"href":"https:\/\/skaitytaknyga.lt\/en\/wp-json\/wp\/v2\/product_tag?post=2554"}],"curies":[{"name":"wp","href":"https:\/\/api.w.org\/{rel}","templated":true}]}}