{"id":2551,"date":"2024-04-17T13:15:29","date_gmt":"2024-04-17T13:15:29","guid":{"rendered":"https:\/\/skaitytaknyga.lt\/?post_type=product&#038;p=2551"},"modified":"2024-05-03T07:15:20","modified_gmt":"2024-05-03T07:15:20","slug":"j-gray-marsas-ir-venera-amzinai-kartu","status":"publish","type":"product","link":"https:\/\/skaitytaknyga.lt\/en\/produktas\/j-gray-marsas-ir-venera-amzinai-kartu\/","title":{"rendered":"J. Gray \u201eMarsas ir Venera am\u017einai kartu\u201c"},"content":{"rendered":"<p>Santyki\u0173 anatomija kaip ant delno!<\/p>\n<p>\u0160iandien mes \u012f gyvenim\u0105 \u017ei\u016brime kitomis akimis, pasaul\u012f pie\u0161iame kitomis spalvomis nei m\u016bs\u0173 t\u0117vai. J\u0173 taisykl\u0117s ir strategijos moderniajam pasauliui nebereikalingos, nepriimtinos. Dabar mes ie\u0161kome vieni kit\u0173 trok\u0161dami ne tik saugumo ir i\u0161likimo, bet ir meil\u0117s, romantikos, nebl\u0117stan\u010dios aistros ir intymumo.<\/p>\n<p>&#8211; Ko jums negal\u0117jo pasakyti motina ir ko ne\u017einojo j\u016bs\u0173 t\u0117vas;<\/p>\n<p>&#8211; Ko labiausiai reikia moterims ir ko i\u0161 tikr\u0173j\u0173 nori vyrai;<\/p>\n<p>&#8211; Kod\u0117l vyrai tyli \u012fsitais\u0119 kr\u0117sle arba \u017ei\u016bri TV;<\/p>\n<p>&#8211; Kod\u0117l vyrai m\u0105sto ir jau\u010dia kitaip negu moterys;<\/p>\n<p>&#8211; Ar vyrai sugeba ramiai i\u0161klausyti moters&#8230;<\/p>\n<p>&#8230;o moteris kalb\u0117ti taip, kad vyras neatsisakyt\u0173 i\u0161klausyti;<\/p>\n<p>&#8211; Koks tas slaptas moter\u0173 ir vyr\u0173 pa\u0161nekesys skirtingomis kalbomis;<\/p>\n<p>&#8211; Vyrai vis dar teb\u0117ra kil\u0119 i\u0161 Marso, moterys\u00a0&#8211; i\u0161 Veneros;<\/p>\n<p>&#8211; Septynios am\u017einos aistros paslaptys<\/p>\n<p>Negalime kaltinti savo t\u0117v\u0173, kad jie m\u016bs\u0173 nei\u0161mok\u0117 dalyk\u0173, apie kuriuos patys nieko ne\u017einojo.<\/p>\n","protected":false},"excerpt":{"rendered":"<p>Santyki\u0173 anatomija kaip ant delno! \u0160iandien mes \u012f gyvenim\u0105 \u017ei\u016brime kitomis akimis, pasaul\u012f pie\u0161iame kitomis spalvomis nei m\u016bs\u0173 t\u0117vai. J\u0173 taisykl\u0117s ir strategijos moderniajam pasauliui nebereikalingos, nepriimtinos. Dabar mes ie\u0161kome vieni kit\u0173 trok\u0161dami ne tik saugumo ir i\u0161likimo, bet ir meil\u0117s, romantikos, nebl\u0117stan\u010dios aistros ir intymumo. &#8211; Ko jums negal\u0117jo pasakyti motina ir ko ne\u017einojo j\u016bs\u0173 t\u0117vas; &#8211; Ko labiausiai reikia moterims ir ko i\u0161 tikr\u0173j\u0173 nori vyrai; &#8211; Kod\u0117l vyrai tyli \u012fsitais\u0119 kr\u0117sle arba \u017ei\u016bri TV; &#8211; Kod\u0117l vyrai m\u0105sto ir jau\u010dia kitaip negu moterys; &#8211; Ar vyrai sugeba ramiai i\u0161klausyti moters&#8230; &#8230;o moteris kalb\u0117ti taip, kad vyras neatsisakyt\u0173 i\u0161klausyti; &#8211; Koks tas slaptas moter\u0173 ir vyr\u0173 pa\u0161nekesys skirtingomis kalbomis; &#8211; Vyrai vis dar teb\u0117ra kil\u0119 i\u0161 Marso, moterys\u00a0&#8211; i\u0161 Veneros; &#8211; Septynios am\u017einos aistros paslaptys Negalime kaltinti savo t\u0117v\u0173, kad jie m\u016bs\u0173 nei\u0161mok\u0117 dalyk\u0173, apie kuriuos patys nieko ne\u017einojo.<\/p>\n","protected":false},"featured_media":2582,"comment_status":"closed","ping_status":"closed","template":"","meta":{"_acf_changed":false,"site-sidebar-layout":"default","site-content-layout":"","ast-site-content-layout":"default","site-content-style":"default","site-sidebar-style":"default","ast-global-header-display":"","ast-banner-title-visibility":"","ast-main-header-display":"","ast-hfb-above-header-display":"","ast-hfb-below-header-display":"","ast-hfb-mobile-header-display":"","site-post-title":"","ast-breadcrumbs-content":"","ast-featured-img":"","footer-sml-layout":"","ast-disable-related-posts":"","theme-transparent-header-meta":"","adv-header-id-meta":"","stick-header-meta":"","header-above-stick-meta":"","header-main-stick-meta":"","header-below-stick-meta":"","astra-migrate-meta-layouts":"default","ast-page-background-enabled":"default","ast-page-background-meta":{"desktop":{"background-color":"","background-image":"","background-repeat":"repeat","background-position":"center center","background-size":"auto","background-attachment":"scroll","background-type":"","background-media":"","overlay-type":"","overlay-color":"","overlay-opacity":"","overlay-gradient":""},"tablet":{"background-color":"","background-image":"","background-repeat":"repeat","background-position":"center center","background-size":"auto","background-attachment":"scroll","background-type":"","background-media":"","overlay-type":"","overlay-color":"","overlay-opacity":"","overlay-gradient":""},"mobile":{"background-color":"","background-image":"","background-repeat":"repeat","background-position":"center center","background-size":"auto","background-attachment":"scroll","background-type":"","background-media":"","overlay-type":"","overlay-color":"","overlay-opacity":"","overlay-gradient":""}},"ast-content-background-meta":{"desktop":{"background-color":"var(--ast-global-color-4)","background-image":"","background-repeat":"repeat","background-position":"center center","background-size":"auto","background-attachment":"scroll","background-type":"","background-media":"","overlay-type":"","overlay-color":"","overlay-opacity":"","overlay-gradient":""},"tablet":{"background-color":"var(--ast-global-color-4)","background-image":"","background-repeat":"repeat","background-position":"center center","background-size":"auto","background-attachment":"scroll","background-type":"","background-media":"","overlay-type":"","overlay-color":"","overlay-opacity":"","overlay-gradient":""},"mobile":{"background-color":"var(--ast-global-color-4)","background-image":"","background-repeat":"repeat","background-position":"center center","background-size":"auto","background-attachment":"scroll","background-type":"","background-media":"","overlay-type":"","overlay-color":"","overlay-opacity":"","overlay-gradient":""}}},"product_brand":[],"product_cat":[30],"product_tag":[],"class_list":{"0":"post-2551","1":"product","2":"type-product","3":"status-publish","4":"has-post-thumbnail","6":"product_cat-psichologija-ir-saviugda","7":"desktop-align-left","8":"tablet-align-left","9":"mobile-align-left","11":"first","12":"instock","13":"shipping-taxable","14":"purchasable","15":"product-type-simple"},"acf":[],"yoast_head":"<!-- This site is optimized with the Yoast SEO plugin v27.0 - https:\/\/yoast.com\/product\/yoast-seo-wordpress\/ -->\n<title>J. Gray \u201eMarsas ir Venera am\u017einai kartu\u201c - Skaitytaknyga<\/title>\n<meta name=\"description\" content=\"Santyki\u0173 anatomija kaip ant delno! \u0160iandien mes \u012f gyvenim\u0105 \u017ei\u016brime kitomis akimis, pasaul\u012f pie\u0161iame kitomis spalvomis nei m\u016bs\u0173 t\u0117vai. J\u0173 taisykl\u0117s ir\" \/>\n<meta name=\"robots\" content=\"index, follow, max-snippet:-1, max-image-preview:large, max-video-preview:-1\" \/>\n<link rel=\"canonical\" href=\"https:\/\/skaitytaknyga.lt\/en\/produktas\/j-gray-marsas-ir-venera-amzinai-kartu\/\" \/>\n<meta property=\"og:locale\" content=\"en_GB\" \/>\n<meta property=\"og:locale:alternate\" content=\"lt_LT\" \/>\n<meta property=\"og:type\" content=\"article\" \/>\n<meta property=\"og:title\" content=\"J. Gray \u201eMarsas ir Venera am\u017einai kartu\u201c - Skaitytaknyga\" \/>\n<meta property=\"og:description\" content=\"Santyki\u0173 anatomija kaip ant delno! \u0160iandien mes \u012f gyvenim\u0105 \u017ei\u016brime kitomis akimis, pasaul\u012f pie\u0161iame kitomis spalvomis nei m\u016bs\u0173 t\u0117vai. J\u0173 taisykl\u0117s ir\" \/>\n<meta property=\"og:url\" content=\"https:\/\/skaitytaknyga.lt\/en\/produktas\/j-gray-marsas-ir-venera-amzinai-kartu\/\" \/>\n<meta property=\"og:site_name\" content=\"Skaitytaknyga\" \/>\n<meta property=\"article:publisher\" content=\"https:\/\/www.facebook.com\/skaitytaknyga\/\" \/>\n<meta property=\"article:modified_time\" content=\"2024-05-03T07:15:20+00:00\" \/>\n<meta property=\"og:image\" content=\"https:\/\/skaitytaknyga.lt\/wp-content\/uploads\/2024\/04\/1462884459_img0009-001.jpg\" \/>\n\t<meta property=\"og:image:width\" content=\"274\" \/>\n\t<meta property=\"og:image:height\" content=\"430\" \/>\n\t<meta property=\"og:image:type\" content=\"image\/jpeg\" \/>\n<meta name=\"twitter:card\" content=\"summary_large_image\" \/>\n<meta name=\"twitter:label1\" content=\"Estimated reading time\" \/>\n\t<meta name=\"twitter:data1\" content=\"1 minute\" \/>\n<script type=\"application\/ld+json\" class=\"yoast-schema-graph\">{\"@context\":\"https:\/\/schema.org\",\"@graph\":[{\"@type\":\"WebPage\",\"@id\":\"https:\/\/skaitytaknyga.lt\/produktas\/j-gray-marsas-ir-venera-amzinai-kartu\/\",\"url\":\"https:\/\/skaitytaknyga.lt\/produktas\/j-gray-marsas-ir-venera-amzinai-kartu\/\",\"name\":\"J. Gray \u201eMarsas ir Venera am\u017einai kartu\u201c - Skaitytaknyga\",\"isPartOf\":{\"@id\":\"https:\/\/skaitytaknyga.lt\/#website\"},\"primaryImageOfPage\":{\"@id\":\"https:\/\/skaitytaknyga.lt\/produktas\/j-gray-marsas-ir-venera-amzinai-kartu\/#primaryimage\"},\"image\":{\"@id\":\"https:\/\/skaitytaknyga.lt\/produktas\/j-gray-marsas-ir-venera-amzinai-kartu\/#primaryimage\"},\"thumbnailUrl\":\"https:\/\/skaitytaknyga.lt\/wp-content\/uploads\/2024\/04\/1462884459_img0009-001.jpg\",\"datePublished\":\"2024-04-17T13:15:29+00:00\",\"dateModified\":\"2024-05-03T07:15:20+00:00\",\"description\":\"Santyki\u0173 anatomija kaip ant delno! \u0160iandien mes \u012f gyvenim\u0105 \u017ei\u016brime kitomis akimis, pasaul\u012f pie\u0161iame kitomis spalvomis nei m\u016bs\u0173 t\u0117vai. J\u0173 taisykl\u0117s ir\",\"breadcrumb\":{\"@id\":\"https:\/\/skaitytaknyga.lt\/produktas\/j-gray-marsas-ir-venera-amzinai-kartu\/#breadcrumb\"},\"inLanguage\":\"en-GB\",\"potentialAction\":[{\"@type\":\"ReadAction\",\"target\":[\"https:\/\/skaitytaknyga.lt\/produktas\/j-gray-marsas-ir-venera-amzinai-kartu\/\"]}]},{\"@type\":\"ImageObject\",\"inLanguage\":\"en-GB\",\"@id\":\"https:\/\/skaitytaknyga.lt\/produktas\/j-gray-marsas-ir-venera-amzinai-kartu\/#primaryimage\",\"url\":\"https:\/\/skaitytaknyga.lt\/wp-content\/uploads\/2024\/04\/1462884459_img0009-001.jpg\",\"contentUrl\":\"https:\/\/skaitytaknyga.lt\/wp-content\/uploads\/2024\/04\/1462884459_img0009-001.jpg\",\"width\":274,\"height\":430,\"caption\":\"1462884459 img0009 001\"},{\"@type\":\"BreadcrumbList\",\"@id\":\"https:\/\/skaitytaknyga.lt\/produktas\/j-gray-marsas-ir-venera-amzinai-kartu\/#breadcrumb\",\"itemListElement\":[{\"@type\":\"ListItem\",\"position\":1,\"name\":\"Home\",\"item\":\"https:\/\/skaitytaknyga.lt\/\"},{\"@type\":\"ListItem\",\"position\":2,\"name\":\"Parduotuv\u0117\",\"item\":\"https:\/\/skaitytaknyga.lt\/knygu-parduotuve\/\"},{\"@type\":\"ListItem\",\"position\":3,\"name\":\"J. Gray \u201eMarsas ir Venera am\u017einai kartu\u201c\"}]},{\"@type\":\"WebSite\",\"@id\":\"https:\/\/skaitytaknyga.lt\/#website\",\"url\":\"https:\/\/skaitytaknyga.lt\/\",\"name\":\"skaitytaknyga.lt\",\"description\":\"Skaitytaknyga.lt \u2013 tai ma\u017eas \u0161eimos verslas, kuris prasid\u0117jo nuo meil\u0117s knygoms ir siekio i\u0161gelb\u0117ti knygas nuo likimo prie konteinerio. Kas vienam nereikalingas daiktas \u2013 kitam lobis, o mes esame tarpininkai, kurie padeda abiems tapti laimingesniems ???? \u017dinome kaip nelengva i\u0161gyventi ma\u017eiems verslams, tad nuo \u0161iol, \u010dia rasite ir kit\u0173, ma\u017e\u0173 \u0161eim\u0173 versl\u0173, rank\u0173 darbo, dovan\u0173 sau ir artimiesiems.\",\"publisher\":{\"@id\":\"https:\/\/skaitytaknyga.lt\/#organization\"},\"potentialAction\":[{\"@type\":\"SearchAction\",\"target\":{\"@type\":\"EntryPoint\",\"urlTemplate\":\"https:\/\/skaitytaknyga.lt\/?s={search_term_string}\"},\"query-input\":{\"@type\":\"PropertyValueSpecification\",\"valueRequired\":true,\"valueName\":\"search_term_string\"}}],\"inLanguage\":\"en-GB\"},{\"@type\":\"Organization\",\"@id\":\"https:\/\/skaitytaknyga.lt\/#organization\",\"name\":\"skaitytaknyga.lt\",\"url\":\"https:\/\/skaitytaknyga.lt\/\",\"logo\":{\"@type\":\"ImageObject\",\"inLanguage\":\"en-GB\",\"@id\":\"https:\/\/skaitytaknyga.lt\/#\/schema\/logo\/image\/\",\"url\":\"https:\/\/skaitytaknyga.lt\/wp-content\/uploads\/2024\/05\/cropped-cropped-cropped-02_00843_jt3bggkj1j3HLc7SyY6rEUpg.jpeg\",\"contentUrl\":\"https:\/\/skaitytaknyga.lt\/wp-content\/uploads\/2024\/05\/cropped-cropped-cropped-02_00843_jt3bggkj1j3HLc7SyY6rEUpg.jpeg\",\"width\":1600,\"height\":1600,\"caption\":\"skaitytaknyga.lt\"},\"image\":{\"@id\":\"https:\/\/skaitytaknyga.lt\/#\/schema\/logo\/image\/\"},\"sameAs\":[\"https:\/\/www.facebook.com\/skaitytaknyga\/\"]}]}<\/script>\n<!-- \/ Yoast SEO plugin. -->","yoast_head_json":{"title":"J. Gray \u201eMarsas ir Venera am\u017einai kartu\u201c - Skaitytaknyga","description":"Santyki\u0173 anatomija kaip ant delno! \u0160iandien mes \u012f gyvenim\u0105 \u017ei\u016brime kitomis akimis, pasaul\u012f pie\u0161iame kitomis spalvomis nei m\u016bs\u0173 t\u0117vai. J\u0173 taisykl\u0117s ir","robots":{"index":"index","follow":"follow","max-snippet":"max-snippet:-1","max-image-preview":"max-image-preview:large","max-video-preview":"max-video-preview:-1"},"canonical":"https:\/\/skaitytaknyga.lt\/en\/produktas\/j-gray-marsas-ir-venera-amzinai-kartu\/","og_locale":"en_GB","og_type":"article","og_title":"J. Gray \u201eMarsas ir Venera am\u017einai kartu\u201c - Skaitytaknyga","og_description":"Santyki\u0173 anatomija kaip ant delno! \u0160iandien mes \u012f gyvenim\u0105 \u017ei\u016brime kitomis akimis, pasaul\u012f pie\u0161iame kitomis spalvomis nei m\u016bs\u0173 t\u0117vai. J\u0173 taisykl\u0117s ir","og_url":"https:\/\/skaitytaknyga.lt\/en\/produktas\/j-gray-marsas-ir-venera-amzinai-kartu\/","og_site_name":"Skaitytaknyga","article_publisher":"https:\/\/www.facebook.com\/skaitytaknyga\/","article_modified_time":"2024-05-03T07:15:20+00:00","og_image":[{"width":274,"height":430,"url":"https:\/\/skaitytaknyga.lt\/wp-content\/uploads\/2024\/04\/1462884459_img0009-001.jpg","type":"image\/jpeg"}],"twitter_card":"summary_large_image","twitter_misc":{"Estimated reading time":"1 minute"},"schema":{"@context":"https:\/\/schema.org","@graph":[{"@type":"WebPage","@id":"https:\/\/skaitytaknyga.lt\/produktas\/j-gray-marsas-ir-venera-amzinai-kartu\/","url":"https:\/\/skaitytaknyga.lt\/produktas\/j-gray-marsas-ir-venera-amzinai-kartu\/","name":"J. Gray \u201eMarsas ir Venera am\u017einai kartu\u201c - Skaitytaknyga","isPartOf":{"@id":"https:\/\/skaitytaknyga.lt\/#website"},"primaryImageOfPage":{"@id":"https:\/\/skaitytaknyga.lt\/produktas\/j-gray-marsas-ir-venera-amzinai-kartu\/#primaryimage"},"image":{"@id":"https:\/\/skaitytaknyga.lt\/produktas\/j-gray-marsas-ir-venera-amzinai-kartu\/#primaryimage"},"thumbnailUrl":"https:\/\/skaitytaknyga.lt\/wp-content\/uploads\/2024\/04\/1462884459_img0009-001.jpg","datePublished":"2024-04-17T13:15:29+00:00","dateModified":"2024-05-03T07:15:20+00:00","description":"Santyki\u0173 anatomija kaip ant delno! \u0160iandien mes \u012f gyvenim\u0105 \u017ei\u016brime kitomis akimis, pasaul\u012f pie\u0161iame kitomis spalvomis nei m\u016bs\u0173 t\u0117vai. J\u0173 taisykl\u0117s ir","breadcrumb":{"@id":"https:\/\/skaitytaknyga.lt\/produktas\/j-gray-marsas-ir-venera-amzinai-kartu\/#breadcrumb"},"inLanguage":"en-GB","potentialAction":[{"@type":"ReadAction","target":["https:\/\/skaitytaknyga.lt\/produktas\/j-gray-marsas-ir-venera-amzinai-kartu\/"]}]},{"@type":"ImageObject","inLanguage":"en-GB","@id":"https:\/\/skaitytaknyga.lt\/produktas\/j-gray-marsas-ir-venera-amzinai-kartu\/#primaryimage","url":"https:\/\/skaitytaknyga.lt\/wp-content\/uploads\/2024\/04\/1462884459_img0009-001.jpg","contentUrl":"https:\/\/skaitytaknyga.lt\/wp-content\/uploads\/2024\/04\/1462884459_img0009-001.jpg","width":274,"height":430,"caption":"1462884459 img0009 001"},{"@type":"BreadcrumbList","@id":"https:\/\/skaitytaknyga.lt\/produktas\/j-gray-marsas-ir-venera-amzinai-kartu\/#breadcrumb","itemListElement":[{"@type":"ListItem","position":1,"name":"Home","item":"https:\/\/skaitytaknyga.lt\/"},{"@type":"ListItem","position":2,"name":"Parduotuv\u0117","item":"https:\/\/skaitytaknyga.lt\/knygu-parduotuve\/"},{"@type":"ListItem","position":3,"name":"J. Gray \u201eMarsas ir Venera am\u017einai kartu\u201c"}]},{"@type":"WebSite","@id":"https:\/\/skaitytaknyga.lt\/#website","url":"https:\/\/skaitytaknyga.lt\/","name":"skaitytaknyga.lt","description":"Skaitytaknyga.lt \u2013 tai ma\u017eas \u0161eimos verslas, kuris prasid\u0117jo nuo meil\u0117s knygoms ir siekio i\u0161gelb\u0117ti knygas nuo likimo prie konteinerio. Kas vienam nereikalingas daiktas \u2013 kitam lobis, o mes esame tarpininkai, kurie padeda abiems tapti laimingesniems ???? \u017dinome kaip nelengva i\u0161gyventi ma\u017eiems verslams, tad nuo \u0161iol, \u010dia rasite ir kit\u0173, ma\u017e\u0173 \u0161eim\u0173 versl\u0173, rank\u0173 darbo, dovan\u0173 sau ir artimiesiems.","publisher":{"@id":"https:\/\/skaitytaknyga.lt\/#organization"},"potentialAction":[{"@type":"SearchAction","target":{"@type":"EntryPoint","urlTemplate":"https:\/\/skaitytaknyga.lt\/?s={search_term_string}"},"query-input":{"@type":"PropertyValueSpecification","valueRequired":true,"valueName":"search_term_string"}}],"inLanguage":"en-GB"},{"@type":"Organization","@id":"https:\/\/skaitytaknyga.lt\/#organization","name":"skaitytaknyga.lt","url":"https:\/\/skaitytaknyga.lt\/","logo":{"@type":"ImageObject","inLanguage":"en-GB","@id":"https:\/\/skaitytaknyga.lt\/#\/schema\/logo\/image\/","url":"https:\/\/skaitytaknyga.lt\/wp-content\/uploads\/2024\/05\/cropped-cropped-cropped-02_00843_jt3bggkj1j3HLc7SyY6rEUpg.jpeg","contentUrl":"https:\/\/skaitytaknyga.lt\/wp-content\/uploads\/2024\/05\/cropped-cropped-cropped-02_00843_jt3bggkj1j3HLc7SyY6rEUpg.jpeg","width":1600,"height":1600,"caption":"skaitytaknyga.lt"},"image":{"@id":"https:\/\/skaitytaknyga.lt\/#\/schema\/logo\/image\/"},"sameAs":["https:\/\/www.facebook.com\/skaitytaknyga\/"]}]}},"_links":{"self":[{"href":"https:\/\/skaitytaknyga.lt\/en\/wp-json\/wp\/v2\/product\/2551","targetHints":{"allow":["GET"]}}],"collection":[{"href":"https:\/\/skaitytaknyga.lt\/en\/wp-json\/wp\/v2\/product"}],"about":[{"href":"https:\/\/skaitytaknyga.lt\/en\/wp-json\/wp\/v2\/types\/product"}],"replies":[{"embeddable":true,"href":"https:\/\/skaitytaknyga.lt\/en\/wp-json\/wp\/v2\/comments?post=2551"}],"wp:featuredmedia":[{"embeddable":true,"href":"https:\/\/skaitytaknyga.lt\/en\/wp-json\/wp\/v2\/media\/2582"}],"wp:attachment":[{"href":"https:\/\/skaitytaknyga.lt\/en\/wp-json\/wp\/v2\/media?parent=2551"}],"wp:term":[{"taxonomy":"product_brand","embeddable":true,"href":"https:\/\/skaitytaknyga.lt\/en\/wp-json\/wp\/v2\/product_brand?post=2551"},{"taxonomy":"product_cat","embeddable":true,"href":"https:\/\/skaitytaknyga.lt\/en\/wp-json\/wp\/v2\/product_cat?post=2551"},{"taxonomy":"product_tag","embeddable":true,"href":"https:\/\/skaitytaknyga.lt\/en\/wp-json\/wp\/v2\/product_tag?post=2551"}],"curies":[{"name":"wp","href":"https:\/\/api.w.org\/{rel}","templated":true}]}}