{"id":2549,"date":"2024-04-17T13:15:29","date_gmt":"2024-04-17T13:15:29","guid":{"rendered":"https:\/\/skaitytaknyga.lt\/?post_type=product&#038;p=2549"},"modified":"2025-06-11T07:51:38","modified_gmt":"2025-06-11T04:51:38","slug":"aleksandras-vasiljevas-etiudai-apie-mada","status":"publish","type":"product","link":"https:\/\/skaitytaknyga.lt\/en\/produktas\/aleksandras-vasiljevas-etiudai-apie-mada\/","title":{"rendered":"Etiudai apie mad\u0105"},"content":{"rendered":"<p>Kiekviena Aleksandro Vasiljevo knyga tokia patraukli, nes j\u0173 autorius \u2013 ypatinga asmenyb\u0117. Jis nepaprastai talentingas, \u017eavus ir artisti\u0161kas mados pasaulio senbuvis, sukaup\u0119s begal\u0119 \u017eini\u0173 apie mad\u0105, kostiumus ir aksesuarus, laik\u0105 ir \u017emones.<\/p>\n<p>\u201eEtiudai apie mad\u0105\u201c \u2013 tai daugyb\u0117 istorij\u0173: A. Vasiljevo prisiminimai apie t\u0117vus, dvar\u0105 Lietuvoje, taip pat \u017eymiausi\u0173 mados k\u016br\u0117j\u0173 gyvenimo smulkmenos, pasvarstymai apie drabu\u017ei\u0173, aksesuar\u0173 raid\u0105 ir kait\u0105.<\/p>\n<p>Pasakojimai jus paker\u0117s nepakartojama ypatingos epochos nuotaika, kvies \u012f nepaprastas keliones nuo Pary\u017eiaus iki pat Sibiro. Grak\u0161tus ir \u017eaismingas ra\u0161ymo b\u016bdas, intriguojantys mados genij\u0173 gyvenimo faktai, suteiks unikali\u0105 galimyb\u0119 pa\u017evelgti \u012f meno pasaulio u\u017ekulisius. Tai \u2013 puiki dovana kiekvienam, besidomin\u010diam mada, istorija, kult\u016bra ir menu.<\/p>\n","protected":false},"excerpt":{"rendered":"<p>Kiekviena Aleksandro Vasiljevo knyga tokia patraukli, nes j\u0173 autorius \u2013 ypatinga asmenyb\u0117. Jis nepaprastai talentingas, \u017eavus ir artisti\u0161kas mados pasaulio senbuvis, sukaup\u0119s begal\u0119 \u017eini\u0173 apie mad\u0105, kostiumus ir aksesuarus, laik\u0105 ir \u017emones. \u201eEtiudai apie mad\u0105\u201c \u2013 tai daugyb\u0117 istorij\u0173: A. Vasiljevo prisiminimai apie t\u0117vus, dvar\u0105 Lietuvoje, taip pat \u017eymiausi\u0173 mados k\u016br\u0117j\u0173 gyvenimo smulkmenos, pasvarstymai apie drabu\u017ei\u0173, aksesuar\u0173 raid\u0105 ir kait\u0105. Pasakojimai jus paker\u0117s nepakartojama ypatingos epochos nuotaika, kvies \u012f nepaprastas keliones nuo Pary\u017eiaus iki pat Sibiro. Grak\u0161tus ir \u017eaismingas ra\u0161ymo b\u016bdas, intriguojantys mados genij\u0173 gyvenimo faktai, suteiks unikali\u0105 galimyb\u0119 pa\u017evelgti \u012f meno pasaulio u\u017ekulisius. Tai \u2013 puiki dovana kiekvienam, besidomin\u010diam mada, istorija, kult\u016bra ir menu.<\/p>\n","protected":false},"featured_media":2580,"comment_status":"closed","ping_status":"closed","template":"","meta":{"_acf_changed":false,"site-sidebar-layout":"default","site-content-layout":"","ast-site-content-layout":"default","site-content-style":"default","site-sidebar-style":"default","ast-global-header-display":"","ast-banner-title-visibility":"","ast-main-header-display":"","ast-hfb-above-header-display":"","ast-hfb-below-header-display":"","ast-hfb-mobile-header-display":"","site-post-title":"","ast-breadcrumbs-content":"","ast-featured-img":"","footer-sml-layout":"","ast-disable-related-posts":"","theme-transparent-header-meta":"","adv-header-id-meta":"","stick-header-meta":"","header-above-stick-meta":"","header-main-stick-meta":"","header-below-stick-meta":"","astra-migrate-meta-layouts":"default","ast-page-background-enabled":"default","ast-page-background-meta":{"desktop":{"background-color":"","background-image":"","background-repeat":"repeat","background-position":"center center","background-size":"auto","background-attachment":"scroll","background-type":"","background-media":"","overlay-type":"","overlay-color":"","overlay-opacity":"","overlay-gradient":""},"tablet":{"background-color":"","background-image":"","background-repeat":"repeat","background-position":"center center","background-size":"auto","background-attachment":"scroll","background-type":"","background-media":"","overlay-type":"","overlay-color":"","overlay-opacity":"","overlay-gradient":""},"mobile":{"background-color":"","background-image":"","background-repeat":"repeat","background-position":"center center","background-size":"auto","background-attachment":"scroll","background-type":"","background-media":"","overlay-type":"","overlay-color":"","overlay-opacity":"","overlay-gradient":""}},"ast-content-background-meta":{"desktop":{"background-color":"var(--ast-global-color-4)","background-image":"","background-repeat":"repeat","background-position":"center center","background-size":"auto","background-attachment":"scroll","background-type":"","background-media":"","overlay-type":"","overlay-color":"","overlay-opacity":"","overlay-gradient":""},"tablet":{"background-color":"var(--ast-global-color-4)","background-image":"","background-repeat":"repeat","background-position":"center center","background-size":"auto","background-attachment":"scroll","background-type":"","background-media":"","overlay-type":"","overlay-color":"","overlay-opacity":"","overlay-gradient":""},"mobile":{"background-color":"var(--ast-global-color-4)","background-image":"","background-repeat":"repeat","background-position":"center center","background-size":"auto","background-attachment":"scroll","background-type":"","background-media":"","overlay-type":"","overlay-color":"","overlay-opacity":"","overlay-gradient":""}}},"product_brand":[],"product_cat":[33,174,36],"product_tag":[4775,4774,2224,4773,2376,4772,1227],"class_list":{"0":"post-2549","1":"product","2":"type-product","3":"status-publish","4":"has-post-thumbnail","6":"product_cat-biografijos","7":"product_cat-istorija-ir-politologija","8":"product_cat-makiazas-ir-apranga","9":"product_tag-a-vasiljevas","10":"product_tag-aksesuarai","11":"product_tag-istorija","12":"product_tag-kostiumai","13":"product_tag-kultura","14":"product_tag-mada","15":"product_tag-memuarai","16":"desktop-align-left","17":"tablet-align-left","18":"mobile-align-left","20":"first","21":"outofstock","22":"shipping-taxable","23":"purchasable","24":"product-type-simple"},"acf":[],"yoast_head":"<!-- This site is optimized with the Yoast SEO plugin v27.0 - https:\/\/yoast.com\/product\/yoast-seo-wordpress\/ -->\n<title>Etiudai apie mad\u0105<\/title>\n<meta name=\"description\" content=\"Kiekviena Aleksandro Vasiljevo knyga tokia patraukli, nes j\u0173 autorius \u2013 ypatinga asmenyb\u0117. Jis nepaprastai talentingas, \u017eavus ir artisti\u0161kas mados\" \/>\n<meta name=\"robots\" content=\"index, follow, max-snippet:-1, max-image-preview:large, max-video-preview:-1\" \/>\n<link rel=\"canonical\" href=\"https:\/\/skaitytaknyga.lt\/en\/produktas\/aleksandras-vasiljevas-etiudai-apie-mada\/\" \/>\n<meta property=\"og:locale\" content=\"en_GB\" \/>\n<meta property=\"og:locale:alternate\" content=\"lt_LT\" \/>\n<meta property=\"og:type\" content=\"article\" \/>\n<meta property=\"og:title\" content=\"Etiudai apie mad\u0105\" \/>\n<meta property=\"og:description\" content=\"Kiekviena Aleksandro Vasiljevo knyga tokia patraukli, nes j\u0173 autorius \u2013 ypatinga asmenyb\u0117. Jis nepaprastai talentingas, \u017eavus ir artisti\u0161kas mados\" \/>\n<meta property=\"og:url\" content=\"https:\/\/skaitytaknyga.lt\/en\/produktas\/aleksandras-vasiljevas-etiudai-apie-mada\/\" \/>\n<meta property=\"og:site_name\" content=\"Skaitytaknyga\" \/>\n<meta property=\"article:publisher\" content=\"https:\/\/www.facebook.com\/skaitytaknyga\/\" \/>\n<meta property=\"article:modified_time\" content=\"2025-06-11T04:51:38+00:00\" \/>\n<meta property=\"og:image\" content=\"https:\/\/skaitytaknyga.lt\/wp-content\/uploads\/2024\/04\/1462885725_etiudai-apie-mada-1.jpg\" \/>\n\t<meta property=\"og:image:width\" content=\"287\" \/>\n\t<meta property=\"og:image:height\" content=\"430\" \/>\n\t<meta property=\"og:image:type\" content=\"image\/jpeg\" \/>\n<meta name=\"twitter:card\" content=\"summary_large_image\" \/>\n<meta name=\"twitter:label1\" content=\"Estimated reading time\" \/>\n\t<meta name=\"twitter:data1\" content=\"1 minute\" \/>\n<script type=\"application\/ld+json\" class=\"yoast-schema-graph\">{\"@context\":\"https:\/\/schema.org\",\"@graph\":[{\"@type\":\"WebPage\",\"@id\":\"https:\/\/skaitytaknyga.lt\/produktas\/aleksandras-vasiljevas-etiudai-apie-mada\/\",\"url\":\"https:\/\/skaitytaknyga.lt\/produktas\/aleksandras-vasiljevas-etiudai-apie-mada\/\",\"name\":\"Etiudai apie mad\u0105\",\"isPartOf\":{\"@id\":\"https:\/\/skaitytaknyga.lt\/#website\"},\"primaryImageOfPage\":{\"@id\":\"https:\/\/skaitytaknyga.lt\/produktas\/aleksandras-vasiljevas-etiudai-apie-mada\/#primaryimage\"},\"image\":{\"@id\":\"https:\/\/skaitytaknyga.lt\/produktas\/aleksandras-vasiljevas-etiudai-apie-mada\/#primaryimage\"},\"thumbnailUrl\":\"https:\/\/skaitytaknyga.lt\/wp-content\/uploads\/2024\/04\/1462885725_etiudai-apie-mada-1.jpg\",\"datePublished\":\"2024-04-17T13:15:29+00:00\",\"dateModified\":\"2025-06-11T04:51:38+00:00\",\"description\":\"Kiekviena Aleksandro Vasiljevo knyga tokia patraukli, nes j\u0173 autorius \u2013 ypatinga asmenyb\u0117. Jis nepaprastai talentingas, \u017eavus ir artisti\u0161kas mados\",\"breadcrumb\":{\"@id\":\"https:\/\/skaitytaknyga.lt\/produktas\/aleksandras-vasiljevas-etiudai-apie-mada\/#breadcrumb\"},\"inLanguage\":\"en-GB\",\"potentialAction\":[{\"@type\":\"ReadAction\",\"target\":[\"https:\/\/skaitytaknyga.lt\/produktas\/aleksandras-vasiljevas-etiudai-apie-mada\/\"]}]},{\"@type\":\"ImageObject\",\"inLanguage\":\"en-GB\",\"@id\":\"https:\/\/skaitytaknyga.lt\/produktas\/aleksandras-vasiljevas-etiudai-apie-mada\/#primaryimage\",\"url\":\"https:\/\/skaitytaknyga.lt\/wp-content\/uploads\/2024\/04\/1462885725_etiudai-apie-mada-1.jpg\",\"contentUrl\":\"https:\/\/skaitytaknyga.lt\/wp-content\/uploads\/2024\/04\/1462885725_etiudai-apie-mada-1.jpg\",\"width\":287,\"height\":430,\"caption\":\"1462885725 etiudai apie mada 1\"},{\"@type\":\"BreadcrumbList\",\"@id\":\"https:\/\/skaitytaknyga.lt\/produktas\/aleksandras-vasiljevas-etiudai-apie-mada\/#breadcrumb\",\"itemListElement\":[{\"@type\":\"ListItem\",\"position\":1,\"name\":\"Home\",\"item\":\"https:\/\/skaitytaknyga.lt\/\"},{\"@type\":\"ListItem\",\"position\":2,\"name\":\"Parduotuv\u0117\",\"item\":\"https:\/\/skaitytaknyga.lt\/knygu-parduotuve\/\"},{\"@type\":\"ListItem\",\"position\":3,\"name\":\"Etiudai apie mad\u0105\"}]},{\"@type\":\"WebSite\",\"@id\":\"https:\/\/skaitytaknyga.lt\/#website\",\"url\":\"https:\/\/skaitytaknyga.lt\/\",\"name\":\"skaitytaknyga.lt\",\"description\":\"Skaitytaknyga.lt \u2013 tai ma\u017eas \u0161eimos verslas, kuris prasid\u0117jo nuo meil\u0117s knygoms ir siekio i\u0161gelb\u0117ti knygas nuo likimo prie konteinerio. Kas vienam nereikalingas daiktas \u2013 kitam lobis, o mes esame tarpininkai, kurie padeda abiems tapti laimingesniems ???? \u017dinome kaip nelengva i\u0161gyventi ma\u017eiems verslams, tad nuo \u0161iol, \u010dia rasite ir kit\u0173, ma\u017e\u0173 \u0161eim\u0173 versl\u0173, rank\u0173 darbo, dovan\u0173 sau ir artimiesiems.\",\"publisher\":{\"@id\":\"https:\/\/skaitytaknyga.lt\/#organization\"},\"potentialAction\":[{\"@type\":\"SearchAction\",\"target\":{\"@type\":\"EntryPoint\",\"urlTemplate\":\"https:\/\/skaitytaknyga.lt\/?s={search_term_string}\"},\"query-input\":{\"@type\":\"PropertyValueSpecification\",\"valueRequired\":true,\"valueName\":\"search_term_string\"}}],\"inLanguage\":\"en-GB\"},{\"@type\":\"Organization\",\"@id\":\"https:\/\/skaitytaknyga.lt\/#organization\",\"name\":\"skaitytaknyga.lt\",\"url\":\"https:\/\/skaitytaknyga.lt\/\",\"logo\":{\"@type\":\"ImageObject\",\"inLanguage\":\"en-GB\",\"@id\":\"https:\/\/skaitytaknyga.lt\/#\/schema\/logo\/image\/\",\"url\":\"https:\/\/skaitytaknyga.lt\/wp-content\/uploads\/2024\/05\/cropped-cropped-cropped-02_00843_jt3bggkj1j3HLc7SyY6rEUpg.jpeg\",\"contentUrl\":\"https:\/\/skaitytaknyga.lt\/wp-content\/uploads\/2024\/05\/cropped-cropped-cropped-02_00843_jt3bggkj1j3HLc7SyY6rEUpg.jpeg\",\"width\":1600,\"height\":1600,\"caption\":\"skaitytaknyga.lt\"},\"image\":{\"@id\":\"https:\/\/skaitytaknyga.lt\/#\/schema\/logo\/image\/\"},\"sameAs\":[\"https:\/\/www.facebook.com\/skaitytaknyga\/\"]}]}<\/script>\n<!-- \/ Yoast SEO plugin. -->","yoast_head_json":{"title":"Etiudai apie mad\u0105","description":"Kiekviena Aleksandro Vasiljevo knyga tokia patraukli, nes j\u0173 autorius \u2013 ypatinga asmenyb\u0117. Jis nepaprastai talentingas, \u017eavus ir artisti\u0161kas mados","robots":{"index":"index","follow":"follow","max-snippet":"max-snippet:-1","max-image-preview":"max-image-preview:large","max-video-preview":"max-video-preview:-1"},"canonical":"https:\/\/skaitytaknyga.lt\/en\/produktas\/aleksandras-vasiljevas-etiudai-apie-mada\/","og_locale":"en_GB","og_type":"article","og_title":"[:lt]Etiudai apie mad\u0105[:] - Skaitytaknyga","og_description":"Kiekviena Aleksandro Vasiljevo knyga tokia patraukli, nes j\u0173 autorius \u2013 ypatinga asmenyb\u0117. Jis nepaprastai talentingas, \u017eavus ir artisti\u0161kas mados","og_url":"https:\/\/skaitytaknyga.lt\/en\/produktas\/aleksandras-vasiljevas-etiudai-apie-mada\/","og_site_name":"Skaitytaknyga","article_publisher":"https:\/\/www.facebook.com\/skaitytaknyga\/","article_modified_time":"2025-06-11T04:51:38+00:00","og_image":[{"width":287,"height":430,"url":"https:\/\/skaitytaknyga.lt\/wp-content\/uploads\/2024\/04\/1462885725_etiudai-apie-mada-1.jpg","type":"image\/jpeg"}],"twitter_card":"summary_large_image","twitter_misc":{"Estimated reading time":"1 minute"},"schema":{"@context":"https:\/\/schema.org","@graph":[{"@type":"WebPage","@id":"https:\/\/skaitytaknyga.lt\/produktas\/aleksandras-vasiljevas-etiudai-apie-mada\/","url":"https:\/\/skaitytaknyga.lt\/produktas\/aleksandras-vasiljevas-etiudai-apie-mada\/","name":"Etiudai apie mad\u0105","isPartOf":{"@id":"https:\/\/skaitytaknyga.lt\/#website"},"primaryImageOfPage":{"@id":"https:\/\/skaitytaknyga.lt\/produktas\/aleksandras-vasiljevas-etiudai-apie-mada\/#primaryimage"},"image":{"@id":"https:\/\/skaitytaknyga.lt\/produktas\/aleksandras-vasiljevas-etiudai-apie-mada\/#primaryimage"},"thumbnailUrl":"https:\/\/skaitytaknyga.lt\/wp-content\/uploads\/2024\/04\/1462885725_etiudai-apie-mada-1.jpg","datePublished":"2024-04-17T13:15:29+00:00","dateModified":"2025-06-11T04:51:38+00:00","description":"Kiekviena Aleksandro Vasiljevo knyga tokia patraukli, nes j\u0173 autorius \u2013 ypatinga asmenyb\u0117. Jis nepaprastai talentingas, \u017eavus ir artisti\u0161kas mados","breadcrumb":{"@id":"https:\/\/skaitytaknyga.lt\/produktas\/aleksandras-vasiljevas-etiudai-apie-mada\/#breadcrumb"},"inLanguage":"en-GB","potentialAction":[{"@type":"ReadAction","target":["https:\/\/skaitytaknyga.lt\/produktas\/aleksandras-vasiljevas-etiudai-apie-mada\/"]}]},{"@type":"ImageObject","inLanguage":"en-GB","@id":"https:\/\/skaitytaknyga.lt\/produktas\/aleksandras-vasiljevas-etiudai-apie-mada\/#primaryimage","url":"https:\/\/skaitytaknyga.lt\/wp-content\/uploads\/2024\/04\/1462885725_etiudai-apie-mada-1.jpg","contentUrl":"https:\/\/skaitytaknyga.lt\/wp-content\/uploads\/2024\/04\/1462885725_etiudai-apie-mada-1.jpg","width":287,"height":430,"caption":"1462885725 etiudai apie mada 1"},{"@type":"BreadcrumbList","@id":"https:\/\/skaitytaknyga.lt\/produktas\/aleksandras-vasiljevas-etiudai-apie-mada\/#breadcrumb","itemListElement":[{"@type":"ListItem","position":1,"name":"Home","item":"https:\/\/skaitytaknyga.lt\/"},{"@type":"ListItem","position":2,"name":"Parduotuv\u0117","item":"https:\/\/skaitytaknyga.lt\/knygu-parduotuve\/"},{"@type":"ListItem","position":3,"name":"Etiudai apie mad\u0105"}]},{"@type":"WebSite","@id":"https:\/\/skaitytaknyga.lt\/#website","url":"https:\/\/skaitytaknyga.lt\/","name":"skaitytaknyga.lt","description":"Skaitytaknyga.lt \u2013 tai ma\u017eas \u0161eimos verslas, kuris prasid\u0117jo nuo meil\u0117s knygoms ir siekio i\u0161gelb\u0117ti knygas nuo likimo prie konteinerio. Kas vienam nereikalingas daiktas \u2013 kitam lobis, o mes esame tarpininkai, kurie padeda abiems tapti laimingesniems ???? \u017dinome kaip nelengva i\u0161gyventi ma\u017eiems verslams, tad nuo \u0161iol, \u010dia rasite ir kit\u0173, ma\u017e\u0173 \u0161eim\u0173 versl\u0173, rank\u0173 darbo, dovan\u0173 sau ir artimiesiems.","publisher":{"@id":"https:\/\/skaitytaknyga.lt\/#organization"},"potentialAction":[{"@type":"SearchAction","target":{"@type":"EntryPoint","urlTemplate":"https:\/\/skaitytaknyga.lt\/?s={search_term_string}"},"query-input":{"@type":"PropertyValueSpecification","valueRequired":true,"valueName":"search_term_string"}}],"inLanguage":"en-GB"},{"@type":"Organization","@id":"https:\/\/skaitytaknyga.lt\/#organization","name":"skaitytaknyga.lt","url":"https:\/\/skaitytaknyga.lt\/","logo":{"@type":"ImageObject","inLanguage":"en-GB","@id":"https:\/\/skaitytaknyga.lt\/#\/schema\/logo\/image\/","url":"https:\/\/skaitytaknyga.lt\/wp-content\/uploads\/2024\/05\/cropped-cropped-cropped-02_00843_jt3bggkj1j3HLc7SyY6rEUpg.jpeg","contentUrl":"https:\/\/skaitytaknyga.lt\/wp-content\/uploads\/2024\/05\/cropped-cropped-cropped-02_00843_jt3bggkj1j3HLc7SyY6rEUpg.jpeg","width":1600,"height":1600,"caption":"skaitytaknyga.lt"},"image":{"@id":"https:\/\/skaitytaknyga.lt\/#\/schema\/logo\/image\/"},"sameAs":["https:\/\/www.facebook.com\/skaitytaknyga\/"]}]}},"_links":{"self":[{"href":"https:\/\/skaitytaknyga.lt\/en\/wp-json\/wp\/v2\/product\/2549","targetHints":{"allow":["GET"]}}],"collection":[{"href":"https:\/\/skaitytaknyga.lt\/en\/wp-json\/wp\/v2\/product"}],"about":[{"href":"https:\/\/skaitytaknyga.lt\/en\/wp-json\/wp\/v2\/types\/product"}],"replies":[{"embeddable":true,"href":"https:\/\/skaitytaknyga.lt\/en\/wp-json\/wp\/v2\/comments?post=2549"}],"wp:featuredmedia":[{"embeddable":true,"href":"https:\/\/skaitytaknyga.lt\/en\/wp-json\/wp\/v2\/media\/2580"}],"wp:attachment":[{"href":"https:\/\/skaitytaknyga.lt\/en\/wp-json\/wp\/v2\/media?parent=2549"}],"wp:term":[{"taxonomy":"product_brand","embeddable":true,"href":"https:\/\/skaitytaknyga.lt\/en\/wp-json\/wp\/v2\/product_brand?post=2549"},{"taxonomy":"product_cat","embeddable":true,"href":"https:\/\/skaitytaknyga.lt\/en\/wp-json\/wp\/v2\/product_cat?post=2549"},{"taxonomy":"product_tag","embeddable":true,"href":"https:\/\/skaitytaknyga.lt\/en\/wp-json\/wp\/v2\/product_tag?post=2549"}],"curies":[{"name":"wp","href":"https:\/\/api.w.org\/{rel}","templated":true}]}}