{"id":25422,"date":"2026-04-02T12:38:43","date_gmt":"2026-04-02T09:38:43","guid":{"rendered":"https:\/\/skaitytaknyga.lt\/?post_type=product&#038;p=25422"},"modified":"2026-04-10T19:06:13","modified_gmt":"2026-04-10T16:06:13","slug":"airile-veju-ragana","status":"publish","type":"product","link":"https:\/\/skaitytaknyga.lt\/en\/produktas\/airile-veju-ragana\/","title":{"rendered":"Airil\u0117, v\u0117j\u0173 ragana"},"content":{"rendered":"<p>1234 metai, Jotva<\/p>\n<p>Dovin\u0117s kunigaik\u0161tyt\u0117 Airil\u0117 augo apsupta meil\u0117s ir globos. Gra\u017ei, i\u0161lepinta, v\u0117javaik\u0117 mergina yra \u012fpratusi visk\u0105 gauti lengvai, vos u\u017esigeidusi. Kod\u0117l tur\u0117t\u0173 b\u016bti kitaip, kai tavo t\u0117vas \u2013 galingas kunigaik\u0161tis, o motina turi ragani\u0161k\u0173 gali\u0173? Airilei n\u0117 \u012f galv\u0105 ne\u0161ov\u0117, kad renkantis jaunik\u012f gal\u0117t\u0173 b\u016bti kitaip, ji tek\u0117s tik u\u017e to, kuris tikrai patiks.<\/p>\n<p>Ta\u010diau tikra meil\u0117 retai b\u016bna paprasta ir lengva.<\/p>\n<p>Vienas neapgalvotas poelgis, ir Airilei tenka susidurti su savo elgesio pasekm\u0117mis. U\u017etraukusi \u0161eimai g\u0117d\u0105 ji atsiduria toli nuo artim\u0173j\u0173 globos, kur jos negina t\u0117vo kalavijas ar motinos ir seser\u0173 magi\u0161kosios galios. Tikras pasaulis pasirodo visai kitoks nei t\u0117v\u0173 namai. \u010cia \u017emon\u0117s elgiasi \u0161iurk\u0161\u010diai, kasdien gresia pavojus, persekioja mirtinas prakeiksmas. U\u017egriuvus i\u0161bandymams Airil\u0117 pagaliau tur\u0117s prog\u0105 sau ir visiems \u012frodyti, i\u0161 kokio molio yra nulipdyta.<\/p>\n<p>\u012erodyti likimo dievams, kad yra verta meil\u0117s.<\/p>\n","protected":false},"excerpt":{"rendered":"<p>1234 metai, Jotva Dovin\u0117s kunigaik\u0161tyt\u0117 Airil\u0117 augo apsupta meil\u0117s ir globos. Gra\u017ei, i\u0161lepinta, v\u0117javaik\u0117 mergina yra \u012fpratusi visk\u0105 gauti lengvai, vos u\u017esigeidusi. Kod\u0117l tur\u0117t\u0173 b\u016bti kitaip, kai tavo t\u0117vas \u2013 galingas kunigaik\u0161tis, o motina turi ragani\u0161k\u0173 gali\u0173? Airilei n\u0117 \u012f galv\u0105 ne\u0161ov\u0117, kad renkantis jaunik\u012f gal\u0117t\u0173 b\u016bti kitaip, ji tek\u0117s tik u\u017e to, kuris tikrai patiks. Ta\u010diau tikra meil\u0117 retai b\u016bna paprasta ir lengva. Vienas neapgalvotas poelgis, ir Airilei tenka susidurti su savo elgesio pasekm\u0117mis. U\u017etraukusi \u0161eimai g\u0117d\u0105 ji atsiduria toli nuo artim\u0173j\u0173 globos, kur jos negina t\u0117vo kalavijas ar motinos ir seser\u0173 magi\u0161kosios galios. Tikras pasaulis pasirodo visai kitoks nei t\u0117v\u0173 namai. \u010cia \u017emon\u0117s elgiasi \u0161iurk\u0161\u010diai, kasdien gresia pavojus, persekioja mirtinas prakeiksmas. U\u017egriuvus i\u0161bandymams Airil\u0117 pagaliau tur\u0117s prog\u0105 sau ir visiems \u012frodyti, i\u0161 kokio molio yra nulipdyta. \u012erodyti likimo dievams, kad yra verta meil\u0117s.<\/p>\n","protected":false},"featured_media":25667,"comment_status":"open","ping_status":"closed","template":"","meta":{"_acf_changed":false,"site-sidebar-layout":"default","site-content-layout":"","ast-site-content-layout":"default","site-content-style":"default","site-sidebar-style":"default","ast-global-header-display":"","ast-banner-title-visibility":"","ast-main-header-display":"","ast-hfb-above-header-display":"","ast-hfb-below-header-display":"","ast-hfb-mobile-header-display":"","site-post-title":"","ast-breadcrumbs-content":"","ast-featured-img":"","footer-sml-layout":"","ast-disable-related-posts":"","theme-transparent-header-meta":"","adv-header-id-meta":"","stick-header-meta":"","header-above-stick-meta":"","header-main-stick-meta":"","header-below-stick-meta":"","astra-migrate-meta-layouts":"default","ast-page-background-enabled":"default","ast-page-background-meta":{"desktop":{"background-color":"","background-image":"","background-repeat":"repeat","background-position":"center center","background-size":"auto","background-attachment":"scroll","background-type":"","background-media":"","overlay-type":"","overlay-color":"","overlay-opacity":"","overlay-gradient":""},"tablet":{"background-color":"","background-image":"","background-repeat":"repeat","background-position":"center center","background-size":"auto","background-attachment":"scroll","background-type":"","background-media":"","overlay-type":"","overlay-color":"","overlay-opacity":"","overlay-gradient":""},"mobile":{"background-color":"","background-image":"","background-repeat":"repeat","background-position":"center center","background-size":"auto","background-attachment":"scroll","background-type":"","background-media":"","overlay-type":"","overlay-color":"","overlay-opacity":"","overlay-gradient":""}},"ast-content-background-meta":{"desktop":{"background-color":"var(--ast-global-color-4)","background-image":"","background-repeat":"repeat","background-position":"center center","background-size":"auto","background-attachment":"scroll","background-type":"","background-media":"","overlay-type":"","overlay-color":"","overlay-opacity":"","overlay-gradient":""},"tablet":{"background-color":"var(--ast-global-color-4)","background-image":"","background-repeat":"repeat","background-position":"center center","background-size":"auto","background-attachment":"scroll","background-type":"","background-media":"","overlay-type":"","overlay-color":"","overlay-opacity":"","overlay-gradient":""},"mobile":{"background-color":"var(--ast-global-color-4)","background-image":"","background-repeat":"repeat","background-position":"center center","background-size":"auto","background-attachment":"scroll","background-type":"","background-media":"","overlay-type":"","overlay-color":"","overlay-opacity":"","overlay-gradient":""}}},"product_brand":[],"product_cat":[9734],"product_tag":[],"class_list":{"0":"post-25422","1":"product","2":"type-product","3":"status-publish","4":"has-post-thumbnail","6":"product_cat-romanai","7":"desktop-align-left","8":"tablet-align-left","9":"mobile-align-left","11":"first","12":"instock","13":"shipping-taxable","14":"purchasable","15":"product-type-simple"},"acf":[],"yoast_head":"<!-- This site is optimized with the Yoast SEO plugin v27.0 - https:\/\/yoast.com\/product\/yoast-seo-wordpress\/ -->\n<title>Airil\u0117, v\u0117j\u0173 ragana<\/title>\n<meta name=\"description\" content=\"1234 metai, Jotva Dovin\u0117s kunigaik\u0161tyt\u0117 Airil\u0117 augo apsupta meil\u0117s ir globos. Gra\u017ei, i\u0161lepinta, v\u0117javaik\u0117 mergina yra \u012fpratusi visk\u0105 gauti lengvai, vos\" \/>\n<meta name=\"robots\" content=\"index, follow, max-snippet:-1, max-image-preview:large, max-video-preview:-1\" \/>\n<link rel=\"canonical\" href=\"https:\/\/skaitytaknyga.lt\/en\/produktas\/airile-veju-ragana\/\" \/>\n<meta property=\"og:locale\" content=\"en_GB\" \/>\n<meta property=\"og:locale:alternate\" content=\"lt_LT\" \/>\n<meta property=\"og:type\" content=\"article\" \/>\n<meta property=\"og:title\" content=\"Airil\u0117, v\u0117j\u0173 ragana\" \/>\n<meta property=\"og:description\" content=\"1234 metai, Jotva Dovin\u0117s kunigaik\u0161tyt\u0117 Airil\u0117 augo apsupta meil\u0117s ir globos. Gra\u017ei, i\u0161lepinta, v\u0117javaik\u0117 mergina yra \u012fpratusi visk\u0105 gauti lengvai, vos\" \/>\n<meta property=\"og:url\" content=\"https:\/\/skaitytaknyga.lt\/en\/produktas\/airile-veju-ragana\/\" \/>\n<meta property=\"og:site_name\" content=\"Skaitytaknyga\" \/>\n<meta property=\"article:publisher\" content=\"https:\/\/www.facebook.com\/skaitytaknyga\/\" \/>\n<meta property=\"article:modified_time\" content=\"2026-04-10T16:06:13+00:00\" \/>\n<meta property=\"og:image\" content=\"https:\/\/skaitytaknyga.lt\/wp-content\/uploads\/2026\/04\/Airile-veju-ragana.webp\" \/>\n\t<meta property=\"og:image:width\" content=\"541\" \/>\n\t<meta property=\"og:image:height\" content=\"801\" \/>\n\t<meta property=\"og:image:type\" content=\"image\/webp\" \/>\n<meta name=\"twitter:card\" content=\"summary_large_image\" \/>\n<meta name=\"twitter:label1\" content=\"Estimated reading time\" \/>\n\t<meta name=\"twitter:data1\" content=\"1 minute\" \/>\n<script type=\"application\/ld+json\" class=\"yoast-schema-graph\">{\"@context\":\"https:\/\/schema.org\",\"@graph\":[{\"@type\":\"WebPage\",\"@id\":\"https:\/\/skaitytaknyga.lt\/produktas\/airile-veju-ragana\/\",\"url\":\"https:\/\/skaitytaknyga.lt\/produktas\/airile-veju-ragana\/\",\"name\":\"Airil\u0117, v\u0117j\u0173 ragana\",\"isPartOf\":{\"@id\":\"https:\/\/skaitytaknyga.lt\/#website\"},\"primaryImageOfPage\":{\"@id\":\"https:\/\/skaitytaknyga.lt\/produktas\/airile-veju-ragana\/#primaryimage\"},\"image\":{\"@id\":\"https:\/\/skaitytaknyga.lt\/produktas\/airile-veju-ragana\/#primaryimage\"},\"thumbnailUrl\":\"https:\/\/skaitytaknyga.lt\/wp-content\/uploads\/2026\/04\/Airile-veju-ragana.webp\",\"datePublished\":\"2026-04-02T09:38:43+00:00\",\"dateModified\":\"2026-04-10T16:06:13+00:00\",\"description\":\"1234 metai, Jotva Dovin\u0117s kunigaik\u0161tyt\u0117 Airil\u0117 augo apsupta meil\u0117s ir globos. Gra\u017ei, i\u0161lepinta, v\u0117javaik\u0117 mergina yra \u012fpratusi visk\u0105 gauti lengvai, vos\",\"breadcrumb\":{\"@id\":\"https:\/\/skaitytaknyga.lt\/produktas\/airile-veju-ragana\/#breadcrumb\"},\"inLanguage\":\"en-GB\",\"potentialAction\":[{\"@type\":\"ReadAction\",\"target\":[\"https:\/\/skaitytaknyga.lt\/produktas\/airile-veju-ragana\/\"]}]},{\"@type\":\"ImageObject\",\"inLanguage\":\"en-GB\",\"@id\":\"https:\/\/skaitytaknyga.lt\/produktas\/airile-veju-ragana\/#primaryimage\",\"url\":\"https:\/\/skaitytaknyga.lt\/wp-content\/uploads\/2026\/04\/Airile-veju-ragana.webp\",\"contentUrl\":\"https:\/\/skaitytaknyga.lt\/wp-content\/uploads\/2026\/04\/Airile-veju-ragana.webp\",\"width\":541,\"height\":801,\"caption\":\"Airil\u0117, v\u0117j\u0173 ragana\"},{\"@type\":\"BreadcrumbList\",\"@id\":\"https:\/\/skaitytaknyga.lt\/produktas\/airile-veju-ragana\/#breadcrumb\",\"itemListElement\":[{\"@type\":\"ListItem\",\"position\":1,\"name\":\"Home\",\"item\":\"https:\/\/skaitytaknyga.lt\/\"},{\"@type\":\"ListItem\",\"position\":2,\"name\":\"Parduotuv\u0117\",\"item\":\"https:\/\/skaitytaknyga.lt\/knygu-parduotuve\/\"},{\"@type\":\"ListItem\",\"position\":3,\"name\":\"Airil\u0117, v\u0117j\u0173 ragana\"}]},{\"@type\":\"WebSite\",\"@id\":\"https:\/\/skaitytaknyga.lt\/#website\",\"url\":\"https:\/\/skaitytaknyga.lt\/\",\"name\":\"skaitytaknyga.lt\",\"description\":\"Skaitytaknyga.lt \u2013 tai ma\u017eas \u0161eimos verslas, kuris prasid\u0117jo nuo meil\u0117s knygoms ir siekio i\u0161gelb\u0117ti knygas nuo likimo prie konteinerio. Kas vienam nereikalingas daiktas \u2013 kitam lobis, o mes esame tarpininkai, kurie padeda abiems tapti laimingesniems ???? \u017dinome kaip nelengva i\u0161gyventi ma\u017eiems verslams, tad nuo \u0161iol, \u010dia rasite ir kit\u0173, ma\u017e\u0173 \u0161eim\u0173 versl\u0173, rank\u0173 darbo, dovan\u0173 sau ir artimiesiems.\",\"publisher\":{\"@id\":\"https:\/\/skaitytaknyga.lt\/#organization\"},\"potentialAction\":[{\"@type\":\"SearchAction\",\"target\":{\"@type\":\"EntryPoint\",\"urlTemplate\":\"https:\/\/skaitytaknyga.lt\/?s={search_term_string}\"},\"query-input\":{\"@type\":\"PropertyValueSpecification\",\"valueRequired\":true,\"valueName\":\"search_term_string\"}}],\"inLanguage\":\"en-GB\"},{\"@type\":\"Organization\",\"@id\":\"https:\/\/skaitytaknyga.lt\/#organization\",\"name\":\"skaitytaknyga.lt\",\"url\":\"https:\/\/skaitytaknyga.lt\/\",\"logo\":{\"@type\":\"ImageObject\",\"inLanguage\":\"en-GB\",\"@id\":\"https:\/\/skaitytaknyga.lt\/#\/schema\/logo\/image\/\",\"url\":\"https:\/\/skaitytaknyga.lt\/wp-content\/uploads\/2024\/05\/cropped-cropped-cropped-02_00843_jt3bggkj1j3HLc7SyY6rEUpg.jpeg\",\"contentUrl\":\"https:\/\/skaitytaknyga.lt\/wp-content\/uploads\/2024\/05\/cropped-cropped-cropped-02_00843_jt3bggkj1j3HLc7SyY6rEUpg.jpeg\",\"width\":1600,\"height\":1600,\"caption\":\"skaitytaknyga.lt\"},\"image\":{\"@id\":\"https:\/\/skaitytaknyga.lt\/#\/schema\/logo\/image\/\"},\"sameAs\":[\"https:\/\/www.facebook.com\/skaitytaknyga\/\"]}]}<\/script>\n<!-- \/ Yoast SEO plugin. -->","yoast_head_json":{"title":"Airil\u0117, v\u0117j\u0173 ragana","description":"1234 metai, Jotva Dovin\u0117s kunigaik\u0161tyt\u0117 Airil\u0117 augo apsupta meil\u0117s ir globos. Gra\u017ei, i\u0161lepinta, v\u0117javaik\u0117 mergina yra \u012fpratusi visk\u0105 gauti lengvai, vos","robots":{"index":"index","follow":"follow","max-snippet":"max-snippet:-1","max-image-preview":"max-image-preview:large","max-video-preview":"max-video-preview:-1"},"canonical":"https:\/\/skaitytaknyga.lt\/en\/produktas\/airile-veju-ragana\/","og_locale":"en_GB","og_type":"article","og_title":"[:lt]Airil\u0117, v\u0117j\u0173 ragana[:] - Skaitytaknyga","og_description":"1234 metai, Jotva Dovin\u0117s kunigaik\u0161tyt\u0117 Airil\u0117 augo apsupta meil\u0117s ir globos. Gra\u017ei, i\u0161lepinta, v\u0117javaik\u0117 mergina yra \u012fpratusi visk\u0105 gauti lengvai, vos","og_url":"https:\/\/skaitytaknyga.lt\/en\/produktas\/airile-veju-ragana\/","og_site_name":"Skaitytaknyga","article_publisher":"https:\/\/www.facebook.com\/skaitytaknyga\/","article_modified_time":"2026-04-10T16:06:13+00:00","og_image":[{"width":541,"height":801,"url":"https:\/\/skaitytaknyga.lt\/wp-content\/uploads\/2026\/04\/Airile-veju-ragana.webp","type":"image\/webp"}],"twitter_card":"summary_large_image","twitter_misc":{"Estimated reading time":"1 minute"},"schema":{"@context":"https:\/\/schema.org","@graph":[{"@type":"WebPage","@id":"https:\/\/skaitytaknyga.lt\/produktas\/airile-veju-ragana\/","url":"https:\/\/skaitytaknyga.lt\/produktas\/airile-veju-ragana\/","name":"Airil\u0117, v\u0117j\u0173 ragana","isPartOf":{"@id":"https:\/\/skaitytaknyga.lt\/#website"},"primaryImageOfPage":{"@id":"https:\/\/skaitytaknyga.lt\/produktas\/airile-veju-ragana\/#primaryimage"},"image":{"@id":"https:\/\/skaitytaknyga.lt\/produktas\/airile-veju-ragana\/#primaryimage"},"thumbnailUrl":"https:\/\/skaitytaknyga.lt\/wp-content\/uploads\/2026\/04\/Airile-veju-ragana.webp","datePublished":"2026-04-02T09:38:43+00:00","dateModified":"2026-04-10T16:06:13+00:00","description":"1234 metai, Jotva Dovin\u0117s kunigaik\u0161tyt\u0117 Airil\u0117 augo apsupta meil\u0117s ir globos. Gra\u017ei, i\u0161lepinta, v\u0117javaik\u0117 mergina yra \u012fpratusi visk\u0105 gauti lengvai, vos","breadcrumb":{"@id":"https:\/\/skaitytaknyga.lt\/produktas\/airile-veju-ragana\/#breadcrumb"},"inLanguage":"en-GB","potentialAction":[{"@type":"ReadAction","target":["https:\/\/skaitytaknyga.lt\/produktas\/airile-veju-ragana\/"]}]},{"@type":"ImageObject","inLanguage":"en-GB","@id":"https:\/\/skaitytaknyga.lt\/produktas\/airile-veju-ragana\/#primaryimage","url":"https:\/\/skaitytaknyga.lt\/wp-content\/uploads\/2026\/04\/Airile-veju-ragana.webp","contentUrl":"https:\/\/skaitytaknyga.lt\/wp-content\/uploads\/2026\/04\/Airile-veju-ragana.webp","width":541,"height":801,"caption":"Airil\u0117, v\u0117j\u0173 ragana"},{"@type":"BreadcrumbList","@id":"https:\/\/skaitytaknyga.lt\/produktas\/airile-veju-ragana\/#breadcrumb","itemListElement":[{"@type":"ListItem","position":1,"name":"Home","item":"https:\/\/skaitytaknyga.lt\/"},{"@type":"ListItem","position":2,"name":"Parduotuv\u0117","item":"https:\/\/skaitytaknyga.lt\/knygu-parduotuve\/"},{"@type":"ListItem","position":3,"name":"Airil\u0117, v\u0117j\u0173 ragana"}]},{"@type":"WebSite","@id":"https:\/\/skaitytaknyga.lt\/#website","url":"https:\/\/skaitytaknyga.lt\/","name":"skaitytaknyga.lt","description":"Skaitytaknyga.lt \u2013 tai ma\u017eas \u0161eimos verslas, kuris prasid\u0117jo nuo meil\u0117s knygoms ir siekio i\u0161gelb\u0117ti knygas nuo likimo prie konteinerio. Kas vienam nereikalingas daiktas \u2013 kitam lobis, o mes esame tarpininkai, kurie padeda abiems tapti laimingesniems ???? \u017dinome kaip nelengva i\u0161gyventi ma\u017eiems verslams, tad nuo \u0161iol, \u010dia rasite ir kit\u0173, ma\u017e\u0173 \u0161eim\u0173 versl\u0173, rank\u0173 darbo, dovan\u0173 sau ir artimiesiems.","publisher":{"@id":"https:\/\/skaitytaknyga.lt\/#organization"},"potentialAction":[{"@type":"SearchAction","target":{"@type":"EntryPoint","urlTemplate":"https:\/\/skaitytaknyga.lt\/?s={search_term_string}"},"query-input":{"@type":"PropertyValueSpecification","valueRequired":true,"valueName":"search_term_string"}}],"inLanguage":"en-GB"},{"@type":"Organization","@id":"https:\/\/skaitytaknyga.lt\/#organization","name":"skaitytaknyga.lt","url":"https:\/\/skaitytaknyga.lt\/","logo":{"@type":"ImageObject","inLanguage":"en-GB","@id":"https:\/\/skaitytaknyga.lt\/#\/schema\/logo\/image\/","url":"https:\/\/skaitytaknyga.lt\/wp-content\/uploads\/2024\/05\/cropped-cropped-cropped-02_00843_jt3bggkj1j3HLc7SyY6rEUpg.jpeg","contentUrl":"https:\/\/skaitytaknyga.lt\/wp-content\/uploads\/2024\/05\/cropped-cropped-cropped-02_00843_jt3bggkj1j3HLc7SyY6rEUpg.jpeg","width":1600,"height":1600,"caption":"skaitytaknyga.lt"},"image":{"@id":"https:\/\/skaitytaknyga.lt\/#\/schema\/logo\/image\/"},"sameAs":["https:\/\/www.facebook.com\/skaitytaknyga\/"]}]}},"_links":{"self":[{"href":"https:\/\/skaitytaknyga.lt\/en\/wp-json\/wp\/v2\/product\/25422","targetHints":{"allow":["GET"]}}],"collection":[{"href":"https:\/\/skaitytaknyga.lt\/en\/wp-json\/wp\/v2\/product"}],"about":[{"href":"https:\/\/skaitytaknyga.lt\/en\/wp-json\/wp\/v2\/types\/product"}],"replies":[{"embeddable":true,"href":"https:\/\/skaitytaknyga.lt\/en\/wp-json\/wp\/v2\/comments?post=25422"}],"wp:featuredmedia":[{"embeddable":true,"href":"https:\/\/skaitytaknyga.lt\/en\/wp-json\/wp\/v2\/media\/25667"}],"wp:attachment":[{"href":"https:\/\/skaitytaknyga.lt\/en\/wp-json\/wp\/v2\/media?parent=25422"}],"wp:term":[{"taxonomy":"product_brand","embeddable":true,"href":"https:\/\/skaitytaknyga.lt\/en\/wp-json\/wp\/v2\/product_brand?post=25422"},{"taxonomy":"product_cat","embeddable":true,"href":"https:\/\/skaitytaknyga.lt\/en\/wp-json\/wp\/v2\/product_cat?post=25422"},{"taxonomy":"product_tag","embeddable":true,"href":"https:\/\/skaitytaknyga.lt\/en\/wp-json\/wp\/v2\/product_tag?post=25422"}],"curies":[{"name":"wp","href":"https:\/\/api.w.org\/{rel}","templated":true}]}}