{"id":25420,"date":"2026-04-02T12:38:43","date_gmt":"2026-04-02T09:38:43","guid":{"rendered":"https:\/\/skaitytaknyga.lt\/?post_type=product&#038;p=25420"},"modified":"2026-04-10T20:53:41","modified_gmt":"2026-04-10T17:53:41","slug":"diana-tikroji-istorija-jos-pacios-zodziais","status":"publish","type":"product","link":"https:\/\/skaitytaknyga.lt\/en\/produktas\/diana-tikroji-istorija-jos-pacios-zodziais\/","title":{"rendered":"Diana. Tikroji istorija jos pa\u010dios \u017eod\u017eiais (apa\u010dioje ma\u017ea d\u0117mel\u0117)"},"content":{"rendered":"<p>Niekas tikriausiai neabejoja Dianos fenomenu, bet retas \u017eino, kokia kaina trapi, jautri mergina tapo viena i\u0161 \u017eymiausi\u0173 pasaulio moter\u0173.<\/p>\n<p>Andrius Mortonas, apie karali\u0161k\u0105j\u0105 \u0161eim\u0105 ra\u0161antis \u017eurnalistas bei ra\u0161ytojas, remdamasis pa\u010dios Dianos ir jos draug\u0173 \u017eod\u017eiais, ne tik pasakojo visam pasauliui Velso princes\u0117s istorij\u0105, bet ir sudrebino karali\u0161kosios \u0161eimos pamatus.<\/p>\n<p>\u0160i knyga &#8211; tikrasis Dianos testamentas, autenti\u0161kiausia jos biografija.<\/p>\n","protected":false},"excerpt":{"rendered":"<p>Niekas tikriausiai neabejoja Dianos fenomenu, bet retas \u017eino, kokia kaina trapi, jautri mergina tapo viena i\u0161 \u017eymiausi\u0173 pasaulio moter\u0173. Andrius Mortonas, apie karali\u0161k\u0105j\u0105 \u0161eim\u0105 ra\u0161antis \u017eurnalistas bei ra\u0161ytojas, remdamasis pa\u010dios Dianos ir jos draug\u0173 \u017eod\u017eiais, ne tik pasakojo visam pasauliui Velso princes\u0117s istorij\u0105, bet ir sudrebino karali\u0161kosios \u0161eimos pamatus. \u0160i knyga &#8211; tikrasis Dianos testamentas, autenti\u0161kiausia jos biografija.<\/p>\n","protected":false},"featured_media":25665,"comment_status":"open","ping_status":"closed","template":"","meta":{"_acf_changed":false,"site-sidebar-layout":"default","site-content-layout":"","ast-site-content-layout":"default","site-content-style":"default","site-sidebar-style":"default","ast-global-header-display":"","ast-banner-title-visibility":"","ast-main-header-display":"","ast-hfb-above-header-display":"","ast-hfb-below-header-display":"","ast-hfb-mobile-header-display":"","site-post-title":"","ast-breadcrumbs-content":"","ast-featured-img":"","footer-sml-layout":"","ast-disable-related-posts":"","theme-transparent-header-meta":"","adv-header-id-meta":"","stick-header-meta":"","header-above-stick-meta":"","header-main-stick-meta":"","header-below-stick-meta":"","astra-migrate-meta-layouts":"default","ast-page-background-enabled":"default","ast-page-background-meta":{"desktop":{"background-color":"","background-image":"","background-repeat":"repeat","background-position":"center center","background-size":"auto","background-attachment":"scroll","background-type":"","background-media":"","overlay-type":"","overlay-color":"","overlay-opacity":"","overlay-gradient":""},"tablet":{"background-color":"","background-image":"","background-repeat":"repeat","background-position":"center center","background-size":"auto","background-attachment":"scroll","background-type":"","background-media":"","overlay-type":"","overlay-color":"","overlay-opacity":"","overlay-gradient":""},"mobile":{"background-color":"","background-image":"","background-repeat":"repeat","background-position":"center center","background-size":"auto","background-attachment":"scroll","background-type":"","background-media":"","overlay-type":"","overlay-color":"","overlay-opacity":"","overlay-gradient":""}},"ast-content-background-meta":{"desktop":{"background-color":"var(--ast-global-color-4)","background-image":"","background-repeat":"repeat","background-position":"center center","background-size":"auto","background-attachment":"scroll","background-type":"","background-media":"","overlay-type":"","overlay-color":"","overlay-opacity":"","overlay-gradient":""},"tablet":{"background-color":"var(--ast-global-color-4)","background-image":"","background-repeat":"repeat","background-position":"center center","background-size":"auto","background-attachment":"scroll","background-type":"","background-media":"","overlay-type":"","overlay-color":"","overlay-opacity":"","overlay-gradient":""},"mobile":{"background-color":"var(--ast-global-color-4)","background-image":"","background-repeat":"repeat","background-position":"center center","background-size":"auto","background-attachment":"scroll","background-type":"","background-media":"","overlay-type":"","overlay-color":"","overlay-opacity":"","overlay-gradient":""}}},"product_brand":[],"product_cat":[33],"product_tag":[],"class_list":{"0":"post-25420","1":"product","2":"type-product","3":"status-publish","4":"has-post-thumbnail","6":"product_cat-biografijos","7":"desktop-align-left","8":"tablet-align-left","9":"mobile-align-left","11":"first","12":"instock","13":"shipping-taxable","14":"purchasable","15":"product-type-simple"},"acf":[],"yoast_head":"<!-- This site is optimized with the Yoast SEO plugin v27.0 - https:\/\/yoast.com\/product\/yoast-seo-wordpress\/ -->\n<title>Diana. Tikroji istorija jos pa\u010dios \u017eod\u017eiais (apa\u010dioje ma\u017ea d\u0117mel\u0117)<\/title>\n<meta name=\"description\" content=\"Niekas tikriausiai neabejoja Dianos fenomenu, bet retas \u017eino, kokia kaina trapi, jautri mergina tapo viena i\u0161 \u017eymiausi\u0173 pasaulio moter\u0173. Andrius Mortonas,\" \/>\n<meta name=\"robots\" content=\"index, follow, max-snippet:-1, max-image-preview:large, max-video-preview:-1\" \/>\n<link rel=\"canonical\" href=\"https:\/\/skaitytaknyga.lt\/en\/produktas\/diana-tikroji-istorija-jos-pacios-zodziais\/\" \/>\n<meta property=\"og:locale\" content=\"en_GB\" \/>\n<meta property=\"og:locale:alternate\" content=\"lt_LT\" \/>\n<meta property=\"og:type\" content=\"article\" \/>\n<meta property=\"og:title\" content=\"Diana. Tikroji istorija jos pa\u010dios \u017eod\u017eiais (apa\u010dioje ma\u017ea d\u0117mel\u0117)\" \/>\n<meta property=\"og:description\" content=\"Niekas tikriausiai neabejoja Dianos fenomenu, bet retas \u017eino, kokia kaina trapi, jautri mergina tapo viena i\u0161 \u017eymiausi\u0173 pasaulio moter\u0173. Andrius Mortonas,\" \/>\n<meta property=\"og:url\" content=\"https:\/\/skaitytaknyga.lt\/en\/produktas\/diana-tikroji-istorija-jos-pacios-zodziais\/\" \/>\n<meta property=\"og:site_name\" content=\"Skaitytaknyga\" \/>\n<meta property=\"article:publisher\" content=\"https:\/\/www.facebook.com\/skaitytaknyga\/\" \/>\n<meta property=\"article:modified_time\" content=\"2026-04-10T17:53:41+00:00\" \/>\n<meta property=\"og:image\" content=\"https:\/\/skaitytaknyga.lt\/wp-content\/uploads\/2026\/04\/Diana.-Tikroji-istorija-jos-pacios-zodziais-e1775836589803.webp\" \/>\n\t<meta property=\"og:image:width\" content=\"300\" \/>\n\t<meta property=\"og:image:height\" content=\"487\" \/>\n\t<meta property=\"og:image:type\" content=\"image\/webp\" \/>\n<meta name=\"twitter:card\" content=\"summary_large_image\" \/>\n<script type=\"application\/ld+json\" class=\"yoast-schema-graph\">{\"@context\":\"https:\/\/schema.org\",\"@graph\":[{\"@type\":\"WebPage\",\"@id\":\"https:\/\/skaitytaknyga.lt\/produktas\/diana-tikroji-istorija-jos-pacios-zodziais\/\",\"url\":\"https:\/\/skaitytaknyga.lt\/produktas\/diana-tikroji-istorija-jos-pacios-zodziais\/\",\"name\":\"Diana. Tikroji istorija jos pa\u010dios \u017eod\u017eiais (apa\u010dioje ma\u017ea d\u0117mel\u0117)\",\"isPartOf\":{\"@id\":\"https:\/\/skaitytaknyga.lt\/#website\"},\"primaryImageOfPage\":{\"@id\":\"https:\/\/skaitytaknyga.lt\/produktas\/diana-tikroji-istorija-jos-pacios-zodziais\/#primaryimage\"},\"image\":{\"@id\":\"https:\/\/skaitytaknyga.lt\/produktas\/diana-tikroji-istorija-jos-pacios-zodziais\/#primaryimage\"},\"thumbnailUrl\":\"https:\/\/skaitytaknyga.lt\/wp-content\/uploads\/2026\/04\/Diana.-Tikroji-istorija-jos-pacios-zodziais-e1775836589803.webp\",\"datePublished\":\"2026-04-02T09:38:43+00:00\",\"dateModified\":\"2026-04-10T17:53:41+00:00\",\"description\":\"Niekas tikriausiai neabejoja Dianos fenomenu, bet retas \u017eino, kokia kaina trapi, jautri mergina tapo viena i\u0161 \u017eymiausi\u0173 pasaulio moter\u0173. Andrius Mortonas,\",\"breadcrumb\":{\"@id\":\"https:\/\/skaitytaknyga.lt\/produktas\/diana-tikroji-istorija-jos-pacios-zodziais\/#breadcrumb\"},\"inLanguage\":\"en-GB\",\"potentialAction\":[{\"@type\":\"ReadAction\",\"target\":[\"https:\/\/skaitytaknyga.lt\/produktas\/diana-tikroji-istorija-jos-pacios-zodziais\/\"]}]},{\"@type\":\"ImageObject\",\"inLanguage\":\"en-GB\",\"@id\":\"https:\/\/skaitytaknyga.lt\/produktas\/diana-tikroji-istorija-jos-pacios-zodziais\/#primaryimage\",\"url\":\"https:\/\/skaitytaknyga.lt\/wp-content\/uploads\/2026\/04\/Diana.-Tikroji-istorija-jos-pacios-zodziais-e1775836589803.webp\",\"contentUrl\":\"https:\/\/skaitytaknyga.lt\/wp-content\/uploads\/2026\/04\/Diana.-Tikroji-istorija-jos-pacios-zodziais-e1775836589803.webp\",\"width\":300,\"height\":487,\"caption\":\"Diana. Tikroji istorija jos pa\u010dios \u017eod\u017eiais\"},{\"@type\":\"BreadcrumbList\",\"@id\":\"https:\/\/skaitytaknyga.lt\/produktas\/diana-tikroji-istorija-jos-pacios-zodziais\/#breadcrumb\",\"itemListElement\":[{\"@type\":\"ListItem\",\"position\":1,\"name\":\"Home\",\"item\":\"https:\/\/skaitytaknyga.lt\/\"},{\"@type\":\"ListItem\",\"position\":2,\"name\":\"Parduotuv\u0117\",\"item\":\"https:\/\/skaitytaknyga.lt\/knygu-parduotuve\/\"},{\"@type\":\"ListItem\",\"position\":3,\"name\":\"Diana. Tikroji istorija jos pa\u010dios \u017eod\u017eiais (apa\u010dioje ma\u017ea d\u0117mel\u0117)\"}]},{\"@type\":\"WebSite\",\"@id\":\"https:\/\/skaitytaknyga.lt\/#website\",\"url\":\"https:\/\/skaitytaknyga.lt\/\",\"name\":\"skaitytaknyga.lt\",\"description\":\"Skaitytaknyga.lt \u2013 tai ma\u017eas \u0161eimos verslas, kuris prasid\u0117jo nuo meil\u0117s knygoms ir siekio i\u0161gelb\u0117ti knygas nuo likimo prie konteinerio. Kas vienam nereikalingas daiktas \u2013 kitam lobis, o mes esame tarpininkai, kurie padeda abiems tapti laimingesniems ???? \u017dinome kaip nelengva i\u0161gyventi ma\u017eiems verslams, tad nuo \u0161iol, \u010dia rasite ir kit\u0173, ma\u017e\u0173 \u0161eim\u0173 versl\u0173, rank\u0173 darbo, dovan\u0173 sau ir artimiesiems.\",\"publisher\":{\"@id\":\"https:\/\/skaitytaknyga.lt\/#organization\"},\"potentialAction\":[{\"@type\":\"SearchAction\",\"target\":{\"@type\":\"EntryPoint\",\"urlTemplate\":\"https:\/\/skaitytaknyga.lt\/?s={search_term_string}\"},\"query-input\":{\"@type\":\"PropertyValueSpecification\",\"valueRequired\":true,\"valueName\":\"search_term_string\"}}],\"inLanguage\":\"en-GB\"},{\"@type\":\"Organization\",\"@id\":\"https:\/\/skaitytaknyga.lt\/#organization\",\"name\":\"skaitytaknyga.lt\",\"url\":\"https:\/\/skaitytaknyga.lt\/\",\"logo\":{\"@type\":\"ImageObject\",\"inLanguage\":\"en-GB\",\"@id\":\"https:\/\/skaitytaknyga.lt\/#\/schema\/logo\/image\/\",\"url\":\"https:\/\/skaitytaknyga.lt\/wp-content\/uploads\/2024\/05\/cropped-cropped-cropped-02_00843_jt3bggkj1j3HLc7SyY6rEUpg.jpeg\",\"contentUrl\":\"https:\/\/skaitytaknyga.lt\/wp-content\/uploads\/2024\/05\/cropped-cropped-cropped-02_00843_jt3bggkj1j3HLc7SyY6rEUpg.jpeg\",\"width\":1600,\"height\":1600,\"caption\":\"skaitytaknyga.lt\"},\"image\":{\"@id\":\"https:\/\/skaitytaknyga.lt\/#\/schema\/logo\/image\/\"},\"sameAs\":[\"https:\/\/www.facebook.com\/skaitytaknyga\/\"]}]}<\/script>\n<!-- \/ Yoast SEO plugin. -->","yoast_head_json":{"title":"Diana. Tikroji istorija jos pa\u010dios \u017eod\u017eiais (apa\u010dioje ma\u017ea d\u0117mel\u0117)","description":"Niekas tikriausiai neabejoja Dianos fenomenu, bet retas \u017eino, kokia kaina trapi, jautri mergina tapo viena i\u0161 \u017eymiausi\u0173 pasaulio moter\u0173. Andrius Mortonas,","robots":{"index":"index","follow":"follow","max-snippet":"max-snippet:-1","max-image-preview":"max-image-preview:large","max-video-preview":"max-video-preview:-1"},"canonical":"https:\/\/skaitytaknyga.lt\/en\/produktas\/diana-tikroji-istorija-jos-pacios-zodziais\/","og_locale":"en_GB","og_type":"article","og_title":"[:lt]Diana. Tikroji istorija jos pa\u010dios \u017eod\u017eiais (apa\u010dioje ma\u017ea d\u0117mel\u0117)[:] - Skaitytaknyga","og_description":"Niekas tikriausiai neabejoja Dianos fenomenu, bet retas \u017eino, kokia kaina trapi, jautri mergina tapo viena i\u0161 \u017eymiausi\u0173 pasaulio moter\u0173. Andrius Mortonas,","og_url":"https:\/\/skaitytaknyga.lt\/en\/produktas\/diana-tikroji-istorija-jos-pacios-zodziais\/","og_site_name":"Skaitytaknyga","article_publisher":"https:\/\/www.facebook.com\/skaitytaknyga\/","article_modified_time":"2026-04-10T17:53:41+00:00","og_image":[{"width":300,"height":487,"url":"https:\/\/skaitytaknyga.lt\/wp-content\/uploads\/2026\/04\/Diana.-Tikroji-istorija-jos-pacios-zodziais-e1775836589803.webp","type":"image\/webp"}],"twitter_card":"summary_large_image","schema":{"@context":"https:\/\/schema.org","@graph":[{"@type":"WebPage","@id":"https:\/\/skaitytaknyga.lt\/produktas\/diana-tikroji-istorija-jos-pacios-zodziais\/","url":"https:\/\/skaitytaknyga.lt\/produktas\/diana-tikroji-istorija-jos-pacios-zodziais\/","name":"Diana. Tikroji istorija jos pa\u010dios \u017eod\u017eiais (apa\u010dioje ma\u017ea d\u0117mel\u0117)","isPartOf":{"@id":"https:\/\/skaitytaknyga.lt\/#website"},"primaryImageOfPage":{"@id":"https:\/\/skaitytaknyga.lt\/produktas\/diana-tikroji-istorija-jos-pacios-zodziais\/#primaryimage"},"image":{"@id":"https:\/\/skaitytaknyga.lt\/produktas\/diana-tikroji-istorija-jos-pacios-zodziais\/#primaryimage"},"thumbnailUrl":"https:\/\/skaitytaknyga.lt\/wp-content\/uploads\/2026\/04\/Diana.-Tikroji-istorija-jos-pacios-zodziais-e1775836589803.webp","datePublished":"2026-04-02T09:38:43+00:00","dateModified":"2026-04-10T17:53:41+00:00","description":"Niekas tikriausiai neabejoja Dianos fenomenu, bet retas \u017eino, kokia kaina trapi, jautri mergina tapo viena i\u0161 \u017eymiausi\u0173 pasaulio moter\u0173. Andrius Mortonas,","breadcrumb":{"@id":"https:\/\/skaitytaknyga.lt\/produktas\/diana-tikroji-istorija-jos-pacios-zodziais\/#breadcrumb"},"inLanguage":"en-GB","potentialAction":[{"@type":"ReadAction","target":["https:\/\/skaitytaknyga.lt\/produktas\/diana-tikroji-istorija-jos-pacios-zodziais\/"]}]},{"@type":"ImageObject","inLanguage":"en-GB","@id":"https:\/\/skaitytaknyga.lt\/produktas\/diana-tikroji-istorija-jos-pacios-zodziais\/#primaryimage","url":"https:\/\/skaitytaknyga.lt\/wp-content\/uploads\/2026\/04\/Diana.-Tikroji-istorija-jos-pacios-zodziais-e1775836589803.webp","contentUrl":"https:\/\/skaitytaknyga.lt\/wp-content\/uploads\/2026\/04\/Diana.-Tikroji-istorija-jos-pacios-zodziais-e1775836589803.webp","width":300,"height":487,"caption":"Diana. Tikroji istorija jos pa\u010dios \u017eod\u017eiais"},{"@type":"BreadcrumbList","@id":"https:\/\/skaitytaknyga.lt\/produktas\/diana-tikroji-istorija-jos-pacios-zodziais\/#breadcrumb","itemListElement":[{"@type":"ListItem","position":1,"name":"Home","item":"https:\/\/skaitytaknyga.lt\/"},{"@type":"ListItem","position":2,"name":"Parduotuv\u0117","item":"https:\/\/skaitytaknyga.lt\/knygu-parduotuve\/"},{"@type":"ListItem","position":3,"name":"Diana. Tikroji istorija jos pa\u010dios \u017eod\u017eiais (apa\u010dioje ma\u017ea d\u0117mel\u0117)"}]},{"@type":"WebSite","@id":"https:\/\/skaitytaknyga.lt\/#website","url":"https:\/\/skaitytaknyga.lt\/","name":"skaitytaknyga.lt","description":"Skaitytaknyga.lt \u2013 tai ma\u017eas \u0161eimos verslas, kuris prasid\u0117jo nuo meil\u0117s knygoms ir siekio i\u0161gelb\u0117ti knygas nuo likimo prie konteinerio. Kas vienam nereikalingas daiktas \u2013 kitam lobis, o mes esame tarpininkai, kurie padeda abiems tapti laimingesniems ???? \u017dinome kaip nelengva i\u0161gyventi ma\u017eiems verslams, tad nuo \u0161iol, \u010dia rasite ir kit\u0173, ma\u017e\u0173 \u0161eim\u0173 versl\u0173, rank\u0173 darbo, dovan\u0173 sau ir artimiesiems.","publisher":{"@id":"https:\/\/skaitytaknyga.lt\/#organization"},"potentialAction":[{"@type":"SearchAction","target":{"@type":"EntryPoint","urlTemplate":"https:\/\/skaitytaknyga.lt\/?s={search_term_string}"},"query-input":{"@type":"PropertyValueSpecification","valueRequired":true,"valueName":"search_term_string"}}],"inLanguage":"en-GB"},{"@type":"Organization","@id":"https:\/\/skaitytaknyga.lt\/#organization","name":"skaitytaknyga.lt","url":"https:\/\/skaitytaknyga.lt\/","logo":{"@type":"ImageObject","inLanguage":"en-GB","@id":"https:\/\/skaitytaknyga.lt\/#\/schema\/logo\/image\/","url":"https:\/\/skaitytaknyga.lt\/wp-content\/uploads\/2024\/05\/cropped-cropped-cropped-02_00843_jt3bggkj1j3HLc7SyY6rEUpg.jpeg","contentUrl":"https:\/\/skaitytaknyga.lt\/wp-content\/uploads\/2024\/05\/cropped-cropped-cropped-02_00843_jt3bggkj1j3HLc7SyY6rEUpg.jpeg","width":1600,"height":1600,"caption":"skaitytaknyga.lt"},"image":{"@id":"https:\/\/skaitytaknyga.lt\/#\/schema\/logo\/image\/"},"sameAs":["https:\/\/www.facebook.com\/skaitytaknyga\/"]}]}},"_links":{"self":[{"href":"https:\/\/skaitytaknyga.lt\/en\/wp-json\/wp\/v2\/product\/25420","targetHints":{"allow":["GET"]}}],"collection":[{"href":"https:\/\/skaitytaknyga.lt\/en\/wp-json\/wp\/v2\/product"}],"about":[{"href":"https:\/\/skaitytaknyga.lt\/en\/wp-json\/wp\/v2\/types\/product"}],"replies":[{"embeddable":true,"href":"https:\/\/skaitytaknyga.lt\/en\/wp-json\/wp\/v2\/comments?post=25420"}],"wp:featuredmedia":[{"embeddable":true,"href":"https:\/\/skaitytaknyga.lt\/en\/wp-json\/wp\/v2\/media\/25665"}],"wp:attachment":[{"href":"https:\/\/skaitytaknyga.lt\/en\/wp-json\/wp\/v2\/media?parent=25420"}],"wp:term":[{"taxonomy":"product_brand","embeddable":true,"href":"https:\/\/skaitytaknyga.lt\/en\/wp-json\/wp\/v2\/product_brand?post=25420"},{"taxonomy":"product_cat","embeddable":true,"href":"https:\/\/skaitytaknyga.lt\/en\/wp-json\/wp\/v2\/product_cat?post=25420"},{"taxonomy":"product_tag","embeddable":true,"href":"https:\/\/skaitytaknyga.lt\/en\/wp-json\/wp\/v2\/product_tag?post=25420"}],"curies":[{"name":"wp","href":"https:\/\/api.w.org\/{rel}","templated":true}]}}