{"id":25412,"date":"2026-04-02T12:02:48","date_gmt":"2026-04-02T09:02:48","guid":{"rendered":"https:\/\/skaitytaknyga.lt\/?post_type=product&#038;p=25412"},"modified":"2026-04-02T12:41:06","modified_gmt":"2026-04-02T09:41:06","slug":"intuicija-galima-lavinti","status":"publish","type":"product","link":"https:\/\/skaitytaknyga.lt\/en\/produktas\/intuicija-galima-lavinti\/","title":{"rendered":"Intuicij\u0105 galima lavinti"},"content":{"rendered":"<p>Gyvenime toli gra\u017eu ne visk\u0105 galima matemati\u0161kai paskai\u010diuoti, moksli\u0161kai pagr\u012fsti, i\u0161matuoti centimetrais, pasverti kilogramais ar sud\u0117lioti kompiuterin\u0117se diagramose&#8230; Yra dalyk\u0173, kurie nepasiduoda logikos r\u0117mams, yra sunkiai ap\u010diuopiami ir paai\u0161kinami.<\/p>\n<p>Vienas vertingiausi\u0173  \u017emogaus geb\u0117jim\u0173 yra intuicija \u2013 mok\u0117jimas \u012fsivaizduoti, apibendrinti, \u012fvertinti problem\u0105, tiesiogiai suvokti esm\u0119 ir priimti tuo pagr\u012fstus sprendimus. Intuityvius sprendimus priimame kone kasdien ir jie labai da\u017enai pasiteisina, ta\u010diau visgi intuicija yra laikoma nepatikima.  <\/p>\n<p>Garsi intuicijos ir suvokimo ugdymo specialist\u0117, pedagog\u0117, Ciuricho TRILOGOS instituto gyvenimo patar\u0117ja Linda Roethlisberger praktiniame intuicijos ugdymo vadove \u201eIntuicij\u0105 galima lavinti\u201c moko, kaip atgaivinti \u0161\u012f geb\u0117jim\u0105, pl\u0117sti savo suvokimo ribas ir pasiekti vidin\u0119 brand\u0105.<\/p>\n<p>Knygoje gausu praktini\u0173 u\u017eduo\u010di\u0173 \u2013 vaizduot\u0117s kelioni\u0173 ir meditacij\u0173, kurios pad\u0117s intuicijai atsiskleisti: i\u0161mokys \u012fsiklausyti \u012f vidin\u012f bals\u0105, pozityviai naudotis pas\u0105mon\u0117je gl\u016bdin\u010diomis j\u0117gomis ir s\u0105moningai pakreipti gyvenimo \u012fvykius.<\/p>\n","protected":false},"excerpt":{"rendered":"<p>Gyvenime toli gra\u017eu ne visk\u0105 galima matemati\u0161kai paskai\u010diuoti, moksli\u0161kai pagr\u012fsti, i\u0161matuoti centimetrais, pasverti kilogramais ar sud\u0117lioti kompiuterin\u0117se diagramose&#8230; Yra dalyk\u0173, kurie nepasiduoda logikos r\u0117mams, yra sunkiai ap\u010diuopiami ir paai\u0161kinami. Vienas vertingiausi\u0173 \u017emogaus geb\u0117jim\u0173 yra intuicija \u2013 mok\u0117jimas \u012fsivaizduoti, apibendrinti, \u012fvertinti problem\u0105, tiesiogiai suvokti esm\u0119 ir priimti tuo pagr\u012fstus sprendimus. Intuityvius sprendimus priimame kone kasdien ir jie labai da\u017enai pasiteisina, ta\u010diau visgi intuicija yra laikoma nepatikima. Garsi intuicijos ir suvokimo ugdymo specialist\u0117, pedagog\u0117, Ciuricho TRILOGOS instituto gyvenimo patar\u0117ja Linda Roethlisberger praktiniame intuicijos ugdymo vadove \u201eIntuicij\u0105 galima lavinti\u201c moko, kaip atgaivinti \u0161\u012f geb\u0117jim\u0105, pl\u0117sti savo suvokimo ribas ir pasiekti vidin\u0119 brand\u0105. Knygoje gausu praktini\u0173 u\u017eduo\u010di\u0173 \u2013 vaizduot\u0117s kelioni\u0173 ir meditacij\u0173, kurios pad\u0117s intuicijai atsiskleisti: i\u0161mokys \u012fsiklausyti \u012f vidin\u012f bals\u0105, pozityviai naudotis pas\u0105mon\u0117je gl\u016bdin\u010diomis j\u0117gomis ir s\u0105moningai pakreipti gyvenimo \u012fvykius.<\/p>\n","protected":false},"featured_media":25417,"comment_status":"open","ping_status":"closed","template":"","meta":{"_acf_changed":false,"site-sidebar-layout":"default","site-content-layout":"","ast-site-content-layout":"default","site-content-style":"default","site-sidebar-style":"default","ast-global-header-display":"","ast-banner-title-visibility":"","ast-main-header-display":"","ast-hfb-above-header-display":"","ast-hfb-below-header-display":"","ast-hfb-mobile-header-display":"","site-post-title":"","ast-breadcrumbs-content":"","ast-featured-img":"","footer-sml-layout":"","ast-disable-related-posts":"","theme-transparent-header-meta":"","adv-header-id-meta":"","stick-header-meta":"","header-above-stick-meta":"","header-main-stick-meta":"","header-below-stick-meta":"","astra-migrate-meta-layouts":"default","ast-page-background-enabled":"default","ast-page-background-meta":{"desktop":{"background-color":"","background-image":"","background-repeat":"repeat","background-position":"center center","background-size":"auto","background-attachment":"scroll","background-type":"","background-media":"","overlay-type":"","overlay-color":"","overlay-opacity":"","overlay-gradient":""},"tablet":{"background-color":"","background-image":"","background-repeat":"repeat","background-position":"center center","background-size":"auto","background-attachment":"scroll","background-type":"","background-media":"","overlay-type":"","overlay-color":"","overlay-opacity":"","overlay-gradient":""},"mobile":{"background-color":"","background-image":"","background-repeat":"repeat","background-position":"center center","background-size":"auto","background-attachment":"scroll","background-type":"","background-media":"","overlay-type":"","overlay-color":"","overlay-opacity":"","overlay-gradient":""}},"ast-content-background-meta":{"desktop":{"background-color":"var(--ast-global-color-4)","background-image":"","background-repeat":"repeat","background-position":"center center","background-size":"auto","background-attachment":"scroll","background-type":"","background-media":"","overlay-type":"","overlay-color":"","overlay-opacity":"","overlay-gradient":""},"tablet":{"background-color":"var(--ast-global-color-4)","background-image":"","background-repeat":"repeat","background-position":"center center","background-size":"auto","background-attachment":"scroll","background-type":"","background-media":"","overlay-type":"","overlay-color":"","overlay-opacity":"","overlay-gradient":""},"mobile":{"background-color":"var(--ast-global-color-4)","background-image":"","background-repeat":"repeat","background-position":"center center","background-size":"auto","background-attachment":"scroll","background-type":"","background-media":"","overlay-type":"","overlay-color":"","overlay-opacity":"","overlay-gradient":""}}},"product_brand":[],"product_cat":[30],"product_tag":[],"class_list":{"0":"post-25412","1":"product","2":"type-product","3":"status-publish","4":"has-post-thumbnail","6":"product_cat-psichologija-ir-saviugda","7":"desktop-align-left","8":"tablet-align-left","9":"mobile-align-left","11":"first","12":"instock","13":"shipping-taxable","14":"purchasable","15":"product-type-simple"},"acf":[],"yoast_head":"<!-- This site is optimized with the Yoast SEO plugin v27.0 - https:\/\/yoast.com\/product\/yoast-seo-wordpress\/ -->\n<title>Intuicij\u0105 galima lavinti<\/title>\n<meta name=\"description\" content=\"Gyvenime toli gra\u017eu ne visk\u0105 galima matemati\u0161kai paskai\u010diuoti, moksli\u0161kai pagr\u012fsti, i\u0161matuoti centimetrais, pasverti kilogramais ar sud\u0117lioti\" \/>\n<meta name=\"robots\" content=\"index, follow, max-snippet:-1, max-image-preview:large, max-video-preview:-1\" \/>\n<link rel=\"canonical\" href=\"https:\/\/skaitytaknyga.lt\/en\/produktas\/intuicija-galima-lavinti\/\" \/>\n<meta property=\"og:locale\" content=\"en_GB\" \/>\n<meta property=\"og:locale:alternate\" content=\"lt_LT\" \/>\n<meta property=\"og:type\" content=\"article\" \/>\n<meta property=\"og:title\" content=\"Intuicij\u0105 galima lavinti\" \/>\n<meta property=\"og:description\" content=\"Gyvenime toli gra\u017eu ne visk\u0105 galima matemati\u0161kai paskai\u010diuoti, moksli\u0161kai pagr\u012fsti, i\u0161matuoti centimetrais, pasverti kilogramais ar sud\u0117lioti\" \/>\n<meta property=\"og:url\" content=\"https:\/\/skaitytaknyga.lt\/en\/produktas\/intuicija-galima-lavinti\/\" \/>\n<meta property=\"og:site_name\" content=\"Skaitytaknyga\" \/>\n<meta property=\"article:publisher\" content=\"https:\/\/www.facebook.com\/skaitytaknyga\/\" \/>\n<meta property=\"article:modified_time\" content=\"2026-04-02T09:41:06+00:00\" \/>\n<meta property=\"og:image\" content=\"https:\/\/skaitytaknyga.lt\/wp-content\/uploads\/2026\/04\/Intuicija-galima-lavinti-e1775122464476.webp\" \/>\n\t<meta property=\"og:image:width\" content=\"300\" \/>\n\t<meta property=\"og:image:height\" content=\"426\" \/>\n\t<meta property=\"og:image:type\" content=\"image\/webp\" \/>\n<meta name=\"twitter:card\" content=\"summary_large_image\" \/>\n<meta name=\"twitter:label1\" content=\"Estimated reading time\" \/>\n\t<meta name=\"twitter:data1\" content=\"1 minute\" \/>\n<script type=\"application\/ld+json\" class=\"yoast-schema-graph\">{\"@context\":\"https:\/\/schema.org\",\"@graph\":[{\"@type\":\"WebPage\",\"@id\":\"https:\/\/skaitytaknyga.lt\/produktas\/intuicija-galima-lavinti\/\",\"url\":\"https:\/\/skaitytaknyga.lt\/produktas\/intuicija-galima-lavinti\/\",\"name\":\"Intuicij\u0105 galima lavinti\",\"isPartOf\":{\"@id\":\"https:\/\/skaitytaknyga.lt\/#website\"},\"primaryImageOfPage\":{\"@id\":\"https:\/\/skaitytaknyga.lt\/produktas\/intuicija-galima-lavinti\/#primaryimage\"},\"image\":{\"@id\":\"https:\/\/skaitytaknyga.lt\/produktas\/intuicija-galima-lavinti\/#primaryimage\"},\"thumbnailUrl\":\"https:\/\/skaitytaknyga.lt\/wp-content\/uploads\/2026\/04\/Intuicija-galima-lavinti-e1775122464476.webp\",\"datePublished\":\"2026-04-02T09:02:48+00:00\",\"dateModified\":\"2026-04-02T09:41:06+00:00\",\"description\":\"Gyvenime toli gra\u017eu ne visk\u0105 galima matemati\u0161kai paskai\u010diuoti, moksli\u0161kai pagr\u012fsti, i\u0161matuoti centimetrais, pasverti kilogramais ar sud\u0117lioti\",\"breadcrumb\":{\"@id\":\"https:\/\/skaitytaknyga.lt\/produktas\/intuicija-galima-lavinti\/#breadcrumb\"},\"inLanguage\":\"en-GB\",\"potentialAction\":[{\"@type\":\"ReadAction\",\"target\":[\"https:\/\/skaitytaknyga.lt\/produktas\/intuicija-galima-lavinti\/\"]}]},{\"@type\":\"ImageObject\",\"inLanguage\":\"en-GB\",\"@id\":\"https:\/\/skaitytaknyga.lt\/produktas\/intuicija-galima-lavinti\/#primaryimage\",\"url\":\"https:\/\/skaitytaknyga.lt\/wp-content\/uploads\/2026\/04\/Intuicija-galima-lavinti-e1775122464476.webp\",\"contentUrl\":\"https:\/\/skaitytaknyga.lt\/wp-content\/uploads\/2026\/04\/Intuicija-galima-lavinti-e1775122464476.webp\",\"width\":300,\"height\":426,\"caption\":\"Intuicij\u0105 galima lavinti\"},{\"@type\":\"BreadcrumbList\",\"@id\":\"https:\/\/skaitytaknyga.lt\/produktas\/intuicija-galima-lavinti\/#breadcrumb\",\"itemListElement\":[{\"@type\":\"ListItem\",\"position\":1,\"name\":\"Home\",\"item\":\"https:\/\/skaitytaknyga.lt\/\"},{\"@type\":\"ListItem\",\"position\":2,\"name\":\"Parduotuv\u0117\",\"item\":\"https:\/\/skaitytaknyga.lt\/knygu-parduotuve\/\"},{\"@type\":\"ListItem\",\"position\":3,\"name\":\"Intuicij\u0105 galima lavinti\"}]},{\"@type\":\"WebSite\",\"@id\":\"https:\/\/skaitytaknyga.lt\/#website\",\"url\":\"https:\/\/skaitytaknyga.lt\/\",\"name\":\"skaitytaknyga.lt\",\"description\":\"Skaitytaknyga.lt \u2013 tai ma\u017eas \u0161eimos verslas, kuris prasid\u0117jo nuo meil\u0117s knygoms ir siekio i\u0161gelb\u0117ti knygas nuo likimo prie konteinerio. Kas vienam nereikalingas daiktas \u2013 kitam lobis, o mes esame tarpininkai, kurie padeda abiems tapti laimingesniems ???? \u017dinome kaip nelengva i\u0161gyventi ma\u017eiems verslams, tad nuo \u0161iol, \u010dia rasite ir kit\u0173, ma\u017e\u0173 \u0161eim\u0173 versl\u0173, rank\u0173 darbo, dovan\u0173 sau ir artimiesiems.\",\"publisher\":{\"@id\":\"https:\/\/skaitytaknyga.lt\/#organization\"},\"potentialAction\":[{\"@type\":\"SearchAction\",\"target\":{\"@type\":\"EntryPoint\",\"urlTemplate\":\"https:\/\/skaitytaknyga.lt\/?s={search_term_string}\"},\"query-input\":{\"@type\":\"PropertyValueSpecification\",\"valueRequired\":true,\"valueName\":\"search_term_string\"}}],\"inLanguage\":\"en-GB\"},{\"@type\":\"Organization\",\"@id\":\"https:\/\/skaitytaknyga.lt\/#organization\",\"name\":\"skaitytaknyga.lt\",\"url\":\"https:\/\/skaitytaknyga.lt\/\",\"logo\":{\"@type\":\"ImageObject\",\"inLanguage\":\"en-GB\",\"@id\":\"https:\/\/skaitytaknyga.lt\/#\/schema\/logo\/image\/\",\"url\":\"https:\/\/skaitytaknyga.lt\/wp-content\/uploads\/2024\/05\/cropped-cropped-cropped-02_00843_jt3bggkj1j3HLc7SyY6rEUpg.jpeg\",\"contentUrl\":\"https:\/\/skaitytaknyga.lt\/wp-content\/uploads\/2024\/05\/cropped-cropped-cropped-02_00843_jt3bggkj1j3HLc7SyY6rEUpg.jpeg\",\"width\":1600,\"height\":1600,\"caption\":\"skaitytaknyga.lt\"},\"image\":{\"@id\":\"https:\/\/skaitytaknyga.lt\/#\/schema\/logo\/image\/\"},\"sameAs\":[\"https:\/\/www.facebook.com\/skaitytaknyga\/\"]}]}<\/script>\n<!-- \/ Yoast SEO plugin. -->","yoast_head_json":{"title":"Intuicij\u0105 galima lavinti","description":"Gyvenime toli gra\u017eu ne visk\u0105 galima matemati\u0161kai paskai\u010diuoti, moksli\u0161kai pagr\u012fsti, i\u0161matuoti centimetrais, pasverti kilogramais ar sud\u0117lioti","robots":{"index":"index","follow":"follow","max-snippet":"max-snippet:-1","max-image-preview":"max-image-preview:large","max-video-preview":"max-video-preview:-1"},"canonical":"https:\/\/skaitytaknyga.lt\/en\/produktas\/intuicija-galima-lavinti\/","og_locale":"en_GB","og_type":"article","og_title":"[:lt]Intuicij\u0105 galima lavinti[:] - Skaitytaknyga","og_description":"Gyvenime toli gra\u017eu ne visk\u0105 galima matemati\u0161kai paskai\u010diuoti, moksli\u0161kai pagr\u012fsti, i\u0161matuoti centimetrais, pasverti kilogramais ar sud\u0117lioti","og_url":"https:\/\/skaitytaknyga.lt\/en\/produktas\/intuicija-galima-lavinti\/","og_site_name":"Skaitytaknyga","article_publisher":"https:\/\/www.facebook.com\/skaitytaknyga\/","article_modified_time":"2026-04-02T09:41:06+00:00","og_image":[{"width":300,"height":426,"url":"https:\/\/skaitytaknyga.lt\/wp-content\/uploads\/2026\/04\/Intuicija-galima-lavinti-e1775122464476.webp","type":"image\/webp"}],"twitter_card":"summary_large_image","twitter_misc":{"Estimated reading time":"1 minute"},"schema":{"@context":"https:\/\/schema.org","@graph":[{"@type":"WebPage","@id":"https:\/\/skaitytaknyga.lt\/produktas\/intuicija-galima-lavinti\/","url":"https:\/\/skaitytaknyga.lt\/produktas\/intuicija-galima-lavinti\/","name":"Intuicij\u0105 galima lavinti","isPartOf":{"@id":"https:\/\/skaitytaknyga.lt\/#website"},"primaryImageOfPage":{"@id":"https:\/\/skaitytaknyga.lt\/produktas\/intuicija-galima-lavinti\/#primaryimage"},"image":{"@id":"https:\/\/skaitytaknyga.lt\/produktas\/intuicija-galima-lavinti\/#primaryimage"},"thumbnailUrl":"https:\/\/skaitytaknyga.lt\/wp-content\/uploads\/2026\/04\/Intuicija-galima-lavinti-e1775122464476.webp","datePublished":"2026-04-02T09:02:48+00:00","dateModified":"2026-04-02T09:41:06+00:00","description":"Gyvenime toli gra\u017eu ne visk\u0105 galima matemati\u0161kai paskai\u010diuoti, moksli\u0161kai pagr\u012fsti, i\u0161matuoti centimetrais, pasverti kilogramais ar sud\u0117lioti","breadcrumb":{"@id":"https:\/\/skaitytaknyga.lt\/produktas\/intuicija-galima-lavinti\/#breadcrumb"},"inLanguage":"en-GB","potentialAction":[{"@type":"ReadAction","target":["https:\/\/skaitytaknyga.lt\/produktas\/intuicija-galima-lavinti\/"]}]},{"@type":"ImageObject","inLanguage":"en-GB","@id":"https:\/\/skaitytaknyga.lt\/produktas\/intuicija-galima-lavinti\/#primaryimage","url":"https:\/\/skaitytaknyga.lt\/wp-content\/uploads\/2026\/04\/Intuicija-galima-lavinti-e1775122464476.webp","contentUrl":"https:\/\/skaitytaknyga.lt\/wp-content\/uploads\/2026\/04\/Intuicija-galima-lavinti-e1775122464476.webp","width":300,"height":426,"caption":"Intuicij\u0105 galima lavinti"},{"@type":"BreadcrumbList","@id":"https:\/\/skaitytaknyga.lt\/produktas\/intuicija-galima-lavinti\/#breadcrumb","itemListElement":[{"@type":"ListItem","position":1,"name":"Home","item":"https:\/\/skaitytaknyga.lt\/"},{"@type":"ListItem","position":2,"name":"Parduotuv\u0117","item":"https:\/\/skaitytaknyga.lt\/knygu-parduotuve\/"},{"@type":"ListItem","position":3,"name":"Intuicij\u0105 galima lavinti"}]},{"@type":"WebSite","@id":"https:\/\/skaitytaknyga.lt\/#website","url":"https:\/\/skaitytaknyga.lt\/","name":"skaitytaknyga.lt","description":"Skaitytaknyga.lt \u2013 tai ma\u017eas \u0161eimos verslas, kuris prasid\u0117jo nuo meil\u0117s knygoms ir siekio i\u0161gelb\u0117ti knygas nuo likimo prie konteinerio. Kas vienam nereikalingas daiktas \u2013 kitam lobis, o mes esame tarpininkai, kurie padeda abiems tapti laimingesniems ???? \u017dinome kaip nelengva i\u0161gyventi ma\u017eiems verslams, tad nuo \u0161iol, \u010dia rasite ir kit\u0173, ma\u017e\u0173 \u0161eim\u0173 versl\u0173, rank\u0173 darbo, dovan\u0173 sau ir artimiesiems.","publisher":{"@id":"https:\/\/skaitytaknyga.lt\/#organization"},"potentialAction":[{"@type":"SearchAction","target":{"@type":"EntryPoint","urlTemplate":"https:\/\/skaitytaknyga.lt\/?s={search_term_string}"},"query-input":{"@type":"PropertyValueSpecification","valueRequired":true,"valueName":"search_term_string"}}],"inLanguage":"en-GB"},{"@type":"Organization","@id":"https:\/\/skaitytaknyga.lt\/#organization","name":"skaitytaknyga.lt","url":"https:\/\/skaitytaknyga.lt\/","logo":{"@type":"ImageObject","inLanguage":"en-GB","@id":"https:\/\/skaitytaknyga.lt\/#\/schema\/logo\/image\/","url":"https:\/\/skaitytaknyga.lt\/wp-content\/uploads\/2024\/05\/cropped-cropped-cropped-02_00843_jt3bggkj1j3HLc7SyY6rEUpg.jpeg","contentUrl":"https:\/\/skaitytaknyga.lt\/wp-content\/uploads\/2024\/05\/cropped-cropped-cropped-02_00843_jt3bggkj1j3HLc7SyY6rEUpg.jpeg","width":1600,"height":1600,"caption":"skaitytaknyga.lt"},"image":{"@id":"https:\/\/skaitytaknyga.lt\/#\/schema\/logo\/image\/"},"sameAs":["https:\/\/www.facebook.com\/skaitytaknyga\/"]}]}},"_links":{"self":[{"href":"https:\/\/skaitytaknyga.lt\/en\/wp-json\/wp\/v2\/product\/25412","targetHints":{"allow":["GET"]}}],"collection":[{"href":"https:\/\/skaitytaknyga.lt\/en\/wp-json\/wp\/v2\/product"}],"about":[{"href":"https:\/\/skaitytaknyga.lt\/en\/wp-json\/wp\/v2\/types\/product"}],"replies":[{"embeddable":true,"href":"https:\/\/skaitytaknyga.lt\/en\/wp-json\/wp\/v2\/comments?post=25412"}],"wp:featuredmedia":[{"embeddable":true,"href":"https:\/\/skaitytaknyga.lt\/en\/wp-json\/wp\/v2\/media\/25417"}],"wp:attachment":[{"href":"https:\/\/skaitytaknyga.lt\/en\/wp-json\/wp\/v2\/media?parent=25412"}],"wp:term":[{"taxonomy":"product_brand","embeddable":true,"href":"https:\/\/skaitytaknyga.lt\/en\/wp-json\/wp\/v2\/product_brand?post=25412"},{"taxonomy":"product_cat","embeddable":true,"href":"https:\/\/skaitytaknyga.lt\/en\/wp-json\/wp\/v2\/product_cat?post=25412"},{"taxonomy":"product_tag","embeddable":true,"href":"https:\/\/skaitytaknyga.lt\/en\/wp-json\/wp\/v2\/product_tag?post=25412"}],"curies":[{"name":"wp","href":"https:\/\/api.w.org\/{rel}","templated":true}]}}