{"id":25411,"date":"2026-04-02T12:02:47","date_gmt":"2026-04-02T09:02:47","guid":{"rendered":"https:\/\/skaitytaknyga.lt\/?post_type=product&#038;p=25411"},"modified":"2026-04-02T12:41:06","modified_gmt":"2026-04-02T09:41:06","slug":"apie-sielos-ramybe-sulieta-apacia-bet-lapai-lygus","status":"publish","type":"product","link":"https:\/\/skaitytaknyga.lt\/en\/produktas\/apie-sielos-ramybe-sulieta-apacia-bet-lapai-lygus\/","title":{"rendered":"Apie sielos ramyb\u0119 (sulieta apa\u010dia, bet lapai lyg\u016bs)"},"content":{"rendered":"<p>Buv\u0119s Nerono aukl\u0117toju, o jam tapus imperatorium \u2013 ir jo patar\u0117ju, 65 m. po Kr. \u012ftartas dalyvavus s\u0105moksle ir Nerono priverstas nusi\u017eudyti, Seneka i\u0161liko stoikas tiek gyvendamas, tiek ir mirdamas.<\/p>\n<p>Pavojingais, intrig\u0173 kupinais laikais, kai niekas nebuvo tikras d\u0117l savo gyvyb\u0117s ar turto, stoicizmo filosofija mok\u0117 \u017emones neprisiri\u0161ti prie \u017eemi\u0161k\u0173 turt\u0173, kantriai pakelti gyvenimo negandas, susitelkti \u012f vienintel\u0117s tikros vertyb\u0117s \u2013 sielos \u2013 tobulinim\u0105.<\/p>\n<p>Remdamasis savo gyvenimo patirtimi ir kit\u0173 i\u0161min\u010di\u0173 teiginiais, Seneka mok\u0117 am\u017eininkus ir ainius gyventi ir mirti; savo tekstus jis pats apib\u016bdino kaip \u201enauding\u0173 vaist\u0173 rinkinius\u201c. Seneka teig\u0117, kad nereikia bijoti mirties, nes k\u016bnas \u2013 tik laikinas b\u016bstas ir po mirties siela pateks \u012f am\u017ein\u0105 rami\u0105 ir giedr\u0105 dievi\u0161k\u0105 erdv\u0119.<\/p>\n<p>Jis ragino ne pataikauti k\u016bno geismams ir norams, bet tobulinti siel\u0105. Filosofas \u017einojo, kad \u017emogus yra be galo silpnas, kad jam be paliovos reikia priminti, kas dora, o kas ne, kas teisinga, kas ne. \u012esakmiais teiginiais be paliovos belsdamasis \u012f skaitytoj\u0173 sielas, jis iki \u0161iol padeda nuo j\u0173 valyti vis atsigaunan\u010di\u0173 yd\u0173 purv\u0105.<\/p>\n","protected":false},"excerpt":{"rendered":"<p>Buv\u0119s Nerono aukl\u0117toju, o jam tapus imperatorium \u2013 ir jo patar\u0117ju, 65 m. po Kr. \u012ftartas dalyvavus s\u0105moksle ir Nerono priverstas nusi\u017eudyti, Seneka i\u0161liko stoikas tiek gyvendamas, tiek ir mirdamas. Pavojingais, intrig\u0173 kupinais laikais, kai niekas nebuvo tikras d\u0117l savo gyvyb\u0117s ar turto, stoicizmo filosofija mok\u0117 \u017emones neprisiri\u0161ti prie \u017eemi\u0161k\u0173 turt\u0173, kantriai pakelti gyvenimo negandas, susitelkti \u012f vienintel\u0117s tikros vertyb\u0117s \u2013 sielos \u2013 tobulinim\u0105. Remdamasis savo gyvenimo patirtimi ir kit\u0173 i\u0161min\u010di\u0173 teiginiais, Seneka mok\u0117 am\u017eininkus ir ainius gyventi ir mirti; savo tekstus jis pats apib\u016bdino kaip \u201enauding\u0173 vaist\u0173 rinkinius\u201c. Seneka teig\u0117, kad nereikia bijoti mirties, nes k\u016bnas \u2013 tik laikinas b\u016bstas ir po mirties siela pateks \u012f am\u017ein\u0105 rami\u0105 ir giedr\u0105 dievi\u0161k\u0105 erdv\u0119. Jis ragino ne pataikauti k\u016bno geismams ir norams, bet tobulinti siel\u0105. Filosofas \u017einojo, kad \u017emogus yra be galo silpnas, kad jam be paliovos reikia priminti, kas dora, o kas ne, kas teisinga, kas ne. \u012esakmiais teiginiais be paliovos belsdamasis \u012f skaitytoj\u0173 sielas, jis iki \u0161iol padeda nuo j\u0173 valyti vis atsigaunan\u010di\u0173 yd\u0173 purv\u0105.<\/p>\n","protected":false},"featured_media":25416,"comment_status":"open","ping_status":"closed","template":"","meta":{"_acf_changed":false,"site-sidebar-layout":"default","site-content-layout":"","ast-site-content-layout":"default","site-content-style":"default","site-sidebar-style":"default","ast-global-header-display":"","ast-banner-title-visibility":"","ast-main-header-display":"","ast-hfb-above-header-display":"","ast-hfb-below-header-display":"","ast-hfb-mobile-header-display":"","site-post-title":"","ast-breadcrumbs-content":"","ast-featured-img":"","footer-sml-layout":"","ast-disable-related-posts":"","theme-transparent-header-meta":"","adv-header-id-meta":"","stick-header-meta":"","header-above-stick-meta":"","header-main-stick-meta":"","header-below-stick-meta":"","astra-migrate-meta-layouts":"default","ast-page-background-enabled":"default","ast-page-background-meta":{"desktop":{"background-color":"","background-image":"","background-repeat":"repeat","background-position":"center center","background-size":"auto","background-attachment":"scroll","background-type":"","background-media":"","overlay-type":"","overlay-color":"","overlay-opacity":"","overlay-gradient":""},"tablet":{"background-color":"","background-image":"","background-repeat":"repeat","background-position":"center center","background-size":"auto","background-attachment":"scroll","background-type":"","background-media":"","overlay-type":"","overlay-color":"","overlay-opacity":"","overlay-gradient":""},"mobile":{"background-color":"","background-image":"","background-repeat":"repeat","background-position":"center center","background-size":"auto","background-attachment":"scroll","background-type":"","background-media":"","overlay-type":"","overlay-color":"","overlay-opacity":"","overlay-gradient":""}},"ast-content-background-meta":{"desktop":{"background-color":"var(--ast-global-color-4)","background-image":"","background-repeat":"repeat","background-position":"center center","background-size":"auto","background-attachment":"scroll","background-type":"","background-media":"","overlay-type":"","overlay-color":"","overlay-opacity":"","overlay-gradient":""},"tablet":{"background-color":"var(--ast-global-color-4)","background-image":"","background-repeat":"repeat","background-position":"center center","background-size":"auto","background-attachment":"scroll","background-type":"","background-media":"","overlay-type":"","overlay-color":"","overlay-opacity":"","overlay-gradient":""},"mobile":{"background-color":"var(--ast-global-color-4)","background-image":"","background-repeat":"repeat","background-position":"center center","background-size":"auto","background-attachment":"scroll","background-type":"","background-media":"","overlay-type":"","overlay-color":"","overlay-opacity":"","overlay-gradient":""}}},"product_brand":[],"product_cat":[9737],"product_tag":[],"class_list":{"0":"post-25411","1":"product","2":"type-product","3":"status-publish","4":"has-post-thumbnail","6":"product_cat-filosofija","7":"desktop-align-left","8":"tablet-align-left","9":"mobile-align-left","11":"first","12":"instock","13":"shipping-taxable","14":"purchasable","15":"product-type-simple"},"acf":[],"yoast_head":"<!-- This site is optimized with the Yoast SEO plugin v27.0 - https:\/\/yoast.com\/product\/yoast-seo-wordpress\/ -->\n<title>Apie sielos ramyb\u0119 (sulieta apa\u010dia, bet lapai lyg\u016bs)<\/title>\n<meta name=\"description\" content=\"Buv\u0119s Nerono aukl\u0117toju, o jam tapus imperatorium \u2013 ir jo patar\u0117ju, 65 m. po Kr. \u012ftartas dalyvavus s\u0105moksle ir Nerono priverstas nusi\u017eudyti, Seneka i\u0161liko\" \/>\n<meta name=\"robots\" content=\"index, follow, max-snippet:-1, max-image-preview:large, max-video-preview:-1\" \/>\n<link rel=\"canonical\" href=\"https:\/\/skaitytaknyga.lt\/en\/produktas\/apie-sielos-ramybe-sulieta-apacia-bet-lapai-lygus\/\" \/>\n<meta property=\"og:locale\" content=\"en_GB\" \/>\n<meta property=\"og:locale:alternate\" content=\"lt_LT\" \/>\n<meta property=\"og:type\" content=\"article\" \/>\n<meta property=\"og:title\" content=\"Apie sielos ramyb\u0119 (sulieta apa\u010dia, bet lapai lyg\u016bs)\" \/>\n<meta property=\"og:description\" content=\"Buv\u0119s Nerono aukl\u0117toju, o jam tapus imperatorium \u2013 ir jo patar\u0117ju, 65 m. po Kr. \u012ftartas dalyvavus s\u0105moksle ir Nerono priverstas nusi\u017eudyti, Seneka i\u0161liko\" \/>\n<meta property=\"og:url\" content=\"https:\/\/skaitytaknyga.lt\/en\/produktas\/apie-sielos-ramybe-sulieta-apacia-bet-lapai-lygus\/\" \/>\n<meta property=\"og:site_name\" content=\"Skaitytaknyga\" \/>\n<meta property=\"article:publisher\" content=\"https:\/\/www.facebook.com\/skaitytaknyga\/\" \/>\n<meta property=\"article:modified_time\" content=\"2026-04-02T09:41:06+00:00\" \/>\n<meta property=\"og:image\" content=\"https:\/\/skaitytaknyga.lt\/wp-content\/uploads\/2026\/04\/Apie-sielos-ramybe-e1775122307123.webp\" \/>\n\t<meta property=\"og:image:width\" content=\"300\" \/>\n\t<meta property=\"og:image:height\" content=\"460\" \/>\n\t<meta property=\"og:image:type\" content=\"image\/webp\" \/>\n<meta name=\"twitter:card\" content=\"summary_large_image\" \/>\n<meta name=\"twitter:label1\" content=\"Estimated reading time\" \/>\n\t<meta name=\"twitter:data1\" content=\"1 minute\" \/>\n<script type=\"application\/ld+json\" class=\"yoast-schema-graph\">{\"@context\":\"https:\/\/schema.org\",\"@graph\":[{\"@type\":\"WebPage\",\"@id\":\"https:\/\/skaitytaknyga.lt\/produktas\/apie-sielos-ramybe-sulieta-apacia-bet-lapai-lygus\/\",\"url\":\"https:\/\/skaitytaknyga.lt\/produktas\/apie-sielos-ramybe-sulieta-apacia-bet-lapai-lygus\/\",\"name\":\"Apie sielos ramyb\u0119 (sulieta apa\u010dia, bet lapai lyg\u016bs)\",\"isPartOf\":{\"@id\":\"https:\/\/skaitytaknyga.lt\/#website\"},\"primaryImageOfPage\":{\"@id\":\"https:\/\/skaitytaknyga.lt\/produktas\/apie-sielos-ramybe-sulieta-apacia-bet-lapai-lygus\/#primaryimage\"},\"image\":{\"@id\":\"https:\/\/skaitytaknyga.lt\/produktas\/apie-sielos-ramybe-sulieta-apacia-bet-lapai-lygus\/#primaryimage\"},\"thumbnailUrl\":\"https:\/\/skaitytaknyga.lt\/wp-content\/uploads\/2026\/04\/Apie-sielos-ramybe-e1775122307123.webp\",\"datePublished\":\"2026-04-02T09:02:47+00:00\",\"dateModified\":\"2026-04-02T09:41:06+00:00\",\"description\":\"Buv\u0119s Nerono aukl\u0117toju, o jam tapus imperatorium \u2013 ir jo patar\u0117ju, 65 m. po Kr. \u012ftartas dalyvavus s\u0105moksle ir Nerono priverstas nusi\u017eudyti, Seneka i\u0161liko\",\"breadcrumb\":{\"@id\":\"https:\/\/skaitytaknyga.lt\/produktas\/apie-sielos-ramybe-sulieta-apacia-bet-lapai-lygus\/#breadcrumb\"},\"inLanguage\":\"en-GB\",\"potentialAction\":[{\"@type\":\"ReadAction\",\"target\":[\"https:\/\/skaitytaknyga.lt\/produktas\/apie-sielos-ramybe-sulieta-apacia-bet-lapai-lygus\/\"]}]},{\"@type\":\"ImageObject\",\"inLanguage\":\"en-GB\",\"@id\":\"https:\/\/skaitytaknyga.lt\/produktas\/apie-sielos-ramybe-sulieta-apacia-bet-lapai-lygus\/#primaryimage\",\"url\":\"https:\/\/skaitytaknyga.lt\/wp-content\/uploads\/2026\/04\/Apie-sielos-ramybe-e1775122307123.webp\",\"contentUrl\":\"https:\/\/skaitytaknyga.lt\/wp-content\/uploads\/2026\/04\/Apie-sielos-ramybe-e1775122307123.webp\",\"width\":300,\"height\":460,\"caption\":\"Apie sielos ramyb\u0119\"},{\"@type\":\"BreadcrumbList\",\"@id\":\"https:\/\/skaitytaknyga.lt\/produktas\/apie-sielos-ramybe-sulieta-apacia-bet-lapai-lygus\/#breadcrumb\",\"itemListElement\":[{\"@type\":\"ListItem\",\"position\":1,\"name\":\"Home\",\"item\":\"https:\/\/skaitytaknyga.lt\/\"},{\"@type\":\"ListItem\",\"position\":2,\"name\":\"Parduotuv\u0117\",\"item\":\"https:\/\/skaitytaknyga.lt\/knygu-parduotuve\/\"},{\"@type\":\"ListItem\",\"position\":3,\"name\":\"Apie sielos ramyb\u0119 (sulieta apa\u010dia, bet lapai lyg\u016bs)\"}]},{\"@type\":\"WebSite\",\"@id\":\"https:\/\/skaitytaknyga.lt\/#website\",\"url\":\"https:\/\/skaitytaknyga.lt\/\",\"name\":\"skaitytaknyga.lt\",\"description\":\"Skaitytaknyga.lt \u2013 tai ma\u017eas \u0161eimos verslas, kuris prasid\u0117jo nuo meil\u0117s knygoms ir siekio i\u0161gelb\u0117ti knygas nuo likimo prie konteinerio. Kas vienam nereikalingas daiktas \u2013 kitam lobis, o mes esame tarpininkai, kurie padeda abiems tapti laimingesniems ???? \u017dinome kaip nelengva i\u0161gyventi ma\u017eiems verslams, tad nuo \u0161iol, \u010dia rasite ir kit\u0173, ma\u017e\u0173 \u0161eim\u0173 versl\u0173, rank\u0173 darbo, dovan\u0173 sau ir artimiesiems.\",\"publisher\":{\"@id\":\"https:\/\/skaitytaknyga.lt\/#organization\"},\"potentialAction\":[{\"@type\":\"SearchAction\",\"target\":{\"@type\":\"EntryPoint\",\"urlTemplate\":\"https:\/\/skaitytaknyga.lt\/?s={search_term_string}\"},\"query-input\":{\"@type\":\"PropertyValueSpecification\",\"valueRequired\":true,\"valueName\":\"search_term_string\"}}],\"inLanguage\":\"en-GB\"},{\"@type\":\"Organization\",\"@id\":\"https:\/\/skaitytaknyga.lt\/#organization\",\"name\":\"skaitytaknyga.lt\",\"url\":\"https:\/\/skaitytaknyga.lt\/\",\"logo\":{\"@type\":\"ImageObject\",\"inLanguage\":\"en-GB\",\"@id\":\"https:\/\/skaitytaknyga.lt\/#\/schema\/logo\/image\/\",\"url\":\"https:\/\/skaitytaknyga.lt\/wp-content\/uploads\/2024\/05\/cropped-cropped-cropped-02_00843_jt3bggkj1j3HLc7SyY6rEUpg.jpeg\",\"contentUrl\":\"https:\/\/skaitytaknyga.lt\/wp-content\/uploads\/2024\/05\/cropped-cropped-cropped-02_00843_jt3bggkj1j3HLc7SyY6rEUpg.jpeg\",\"width\":1600,\"height\":1600,\"caption\":\"skaitytaknyga.lt\"},\"image\":{\"@id\":\"https:\/\/skaitytaknyga.lt\/#\/schema\/logo\/image\/\"},\"sameAs\":[\"https:\/\/www.facebook.com\/skaitytaknyga\/\"]}]}<\/script>\n<!-- \/ Yoast SEO plugin. -->","yoast_head_json":{"title":"Apie sielos ramyb\u0119 (sulieta apa\u010dia, bet lapai lyg\u016bs)","description":"Buv\u0119s Nerono aukl\u0117toju, o jam tapus imperatorium \u2013 ir jo patar\u0117ju, 65 m. po Kr. \u012ftartas dalyvavus s\u0105moksle ir Nerono priverstas nusi\u017eudyti, Seneka i\u0161liko","robots":{"index":"index","follow":"follow","max-snippet":"max-snippet:-1","max-image-preview":"max-image-preview:large","max-video-preview":"max-video-preview:-1"},"canonical":"https:\/\/skaitytaknyga.lt\/en\/produktas\/apie-sielos-ramybe-sulieta-apacia-bet-lapai-lygus\/","og_locale":"en_GB","og_type":"article","og_title":"[:lt]Apie sielos ramyb\u0119 (sulieta apa\u010dia, bet lapai lyg\u016bs)[:] - Skaitytaknyga","og_description":"Buv\u0119s Nerono aukl\u0117toju, o jam tapus imperatorium \u2013 ir jo patar\u0117ju, 65 m. po Kr. \u012ftartas dalyvavus s\u0105moksle ir Nerono priverstas nusi\u017eudyti, Seneka i\u0161liko","og_url":"https:\/\/skaitytaknyga.lt\/en\/produktas\/apie-sielos-ramybe-sulieta-apacia-bet-lapai-lygus\/","og_site_name":"Skaitytaknyga","article_publisher":"https:\/\/www.facebook.com\/skaitytaknyga\/","article_modified_time":"2026-04-02T09:41:06+00:00","og_image":[{"width":300,"height":460,"url":"https:\/\/skaitytaknyga.lt\/wp-content\/uploads\/2026\/04\/Apie-sielos-ramybe-e1775122307123.webp","type":"image\/webp"}],"twitter_card":"summary_large_image","twitter_misc":{"Estimated reading time":"1 minute"},"schema":{"@context":"https:\/\/schema.org","@graph":[{"@type":"WebPage","@id":"https:\/\/skaitytaknyga.lt\/produktas\/apie-sielos-ramybe-sulieta-apacia-bet-lapai-lygus\/","url":"https:\/\/skaitytaknyga.lt\/produktas\/apie-sielos-ramybe-sulieta-apacia-bet-lapai-lygus\/","name":"Apie sielos ramyb\u0119 (sulieta apa\u010dia, bet lapai lyg\u016bs)","isPartOf":{"@id":"https:\/\/skaitytaknyga.lt\/#website"},"primaryImageOfPage":{"@id":"https:\/\/skaitytaknyga.lt\/produktas\/apie-sielos-ramybe-sulieta-apacia-bet-lapai-lygus\/#primaryimage"},"image":{"@id":"https:\/\/skaitytaknyga.lt\/produktas\/apie-sielos-ramybe-sulieta-apacia-bet-lapai-lygus\/#primaryimage"},"thumbnailUrl":"https:\/\/skaitytaknyga.lt\/wp-content\/uploads\/2026\/04\/Apie-sielos-ramybe-e1775122307123.webp","datePublished":"2026-04-02T09:02:47+00:00","dateModified":"2026-04-02T09:41:06+00:00","description":"Buv\u0119s Nerono aukl\u0117toju, o jam tapus imperatorium \u2013 ir jo patar\u0117ju, 65 m. po Kr. \u012ftartas dalyvavus s\u0105moksle ir Nerono priverstas nusi\u017eudyti, Seneka i\u0161liko","breadcrumb":{"@id":"https:\/\/skaitytaknyga.lt\/produktas\/apie-sielos-ramybe-sulieta-apacia-bet-lapai-lygus\/#breadcrumb"},"inLanguage":"en-GB","potentialAction":[{"@type":"ReadAction","target":["https:\/\/skaitytaknyga.lt\/produktas\/apie-sielos-ramybe-sulieta-apacia-bet-lapai-lygus\/"]}]},{"@type":"ImageObject","inLanguage":"en-GB","@id":"https:\/\/skaitytaknyga.lt\/produktas\/apie-sielos-ramybe-sulieta-apacia-bet-lapai-lygus\/#primaryimage","url":"https:\/\/skaitytaknyga.lt\/wp-content\/uploads\/2026\/04\/Apie-sielos-ramybe-e1775122307123.webp","contentUrl":"https:\/\/skaitytaknyga.lt\/wp-content\/uploads\/2026\/04\/Apie-sielos-ramybe-e1775122307123.webp","width":300,"height":460,"caption":"Apie sielos ramyb\u0119"},{"@type":"BreadcrumbList","@id":"https:\/\/skaitytaknyga.lt\/produktas\/apie-sielos-ramybe-sulieta-apacia-bet-lapai-lygus\/#breadcrumb","itemListElement":[{"@type":"ListItem","position":1,"name":"Home","item":"https:\/\/skaitytaknyga.lt\/"},{"@type":"ListItem","position":2,"name":"Parduotuv\u0117","item":"https:\/\/skaitytaknyga.lt\/knygu-parduotuve\/"},{"@type":"ListItem","position":3,"name":"Apie sielos ramyb\u0119 (sulieta apa\u010dia, bet lapai lyg\u016bs)"}]},{"@type":"WebSite","@id":"https:\/\/skaitytaknyga.lt\/#website","url":"https:\/\/skaitytaknyga.lt\/","name":"skaitytaknyga.lt","description":"Skaitytaknyga.lt \u2013 tai ma\u017eas \u0161eimos verslas, kuris prasid\u0117jo nuo meil\u0117s knygoms ir siekio i\u0161gelb\u0117ti knygas nuo likimo prie konteinerio. Kas vienam nereikalingas daiktas \u2013 kitam lobis, o mes esame tarpininkai, kurie padeda abiems tapti laimingesniems ???? \u017dinome kaip nelengva i\u0161gyventi ma\u017eiems verslams, tad nuo \u0161iol, \u010dia rasite ir kit\u0173, ma\u017e\u0173 \u0161eim\u0173 versl\u0173, rank\u0173 darbo, dovan\u0173 sau ir artimiesiems.","publisher":{"@id":"https:\/\/skaitytaknyga.lt\/#organization"},"potentialAction":[{"@type":"SearchAction","target":{"@type":"EntryPoint","urlTemplate":"https:\/\/skaitytaknyga.lt\/?s={search_term_string}"},"query-input":{"@type":"PropertyValueSpecification","valueRequired":true,"valueName":"search_term_string"}}],"inLanguage":"en-GB"},{"@type":"Organization","@id":"https:\/\/skaitytaknyga.lt\/#organization","name":"skaitytaknyga.lt","url":"https:\/\/skaitytaknyga.lt\/","logo":{"@type":"ImageObject","inLanguage":"en-GB","@id":"https:\/\/skaitytaknyga.lt\/#\/schema\/logo\/image\/","url":"https:\/\/skaitytaknyga.lt\/wp-content\/uploads\/2024\/05\/cropped-cropped-cropped-02_00843_jt3bggkj1j3HLc7SyY6rEUpg.jpeg","contentUrl":"https:\/\/skaitytaknyga.lt\/wp-content\/uploads\/2024\/05\/cropped-cropped-cropped-02_00843_jt3bggkj1j3HLc7SyY6rEUpg.jpeg","width":1600,"height":1600,"caption":"skaitytaknyga.lt"},"image":{"@id":"https:\/\/skaitytaknyga.lt\/#\/schema\/logo\/image\/"},"sameAs":["https:\/\/www.facebook.com\/skaitytaknyga\/"]}]}},"_links":{"self":[{"href":"https:\/\/skaitytaknyga.lt\/en\/wp-json\/wp\/v2\/product\/25411","targetHints":{"allow":["GET"]}}],"collection":[{"href":"https:\/\/skaitytaknyga.lt\/en\/wp-json\/wp\/v2\/product"}],"about":[{"href":"https:\/\/skaitytaknyga.lt\/en\/wp-json\/wp\/v2\/types\/product"}],"replies":[{"embeddable":true,"href":"https:\/\/skaitytaknyga.lt\/en\/wp-json\/wp\/v2\/comments?post=25411"}],"wp:featuredmedia":[{"embeddable":true,"href":"https:\/\/skaitytaknyga.lt\/en\/wp-json\/wp\/v2\/media\/25416"}],"wp:attachment":[{"href":"https:\/\/skaitytaknyga.lt\/en\/wp-json\/wp\/v2\/media?parent=25411"}],"wp:term":[{"taxonomy":"product_brand","embeddable":true,"href":"https:\/\/skaitytaknyga.lt\/en\/wp-json\/wp\/v2\/product_brand?post=25411"},{"taxonomy":"product_cat","embeddable":true,"href":"https:\/\/skaitytaknyga.lt\/en\/wp-json\/wp\/v2\/product_cat?post=25411"},{"taxonomy":"product_tag","embeddable":true,"href":"https:\/\/skaitytaknyga.lt\/en\/wp-json\/wp\/v2\/product_tag?post=25411"}],"curies":[{"name":"wp","href":"https:\/\/api.w.org\/{rel}","templated":true}]}}