{"id":25410,"date":"2026-04-02T12:02:47","date_gmt":"2026-04-02T09:02:47","guid":{"rendered":"https:\/\/skaitytaknyga.lt\/?post_type=product&#038;p=25410"},"modified":"2026-04-02T12:34:57","modified_gmt":"2026-04-02T09:34:57","slug":"bernardinu-dienorasciai","status":"publish","type":"product","link":"https:\/\/skaitytaknyga.lt\/en\/produktas\/bernardinu-dienorasciai\/","title":{"rendered":"Bernardin\u0173 dienora\u0161\u010diai"},"content":{"rendered":"<p>\u201eNe taip seniai, prie\u0161 trejet\u0105 met\u0173, pasirod\u0117 pirma kun. Juliaus Sasnausko OFM sakym\u0173 ir postili\u0173 knyga \u201eDar kart\u0105 \u2014 \u017dmogaus S\u016bnus\u201c, o \u0161tai dabar \u2014 \u201eBernardin\u0173 dienora\u0161\u010diai&#8221;. Kiti liturginiai metai, kiti \u0160ventojo Ra\u0161to skaitiniai, bet juk tas pats postili\u0173 sakytojas \u2014 ar vert\u0117jo?<br \/>\nSkirtumas vis d\u0117lto ne tik toks. Sakym\u0173, sud\u0117t\u0173 \u012f. \u0161i\u0105 knyg\u0105, kunigas Julius niekada nera\u0161\u0117. Juos jis nuo 2000-\u0173j\u0173 Gav\u0117nios iki 2001-\u0173j\u0173 Gav\u0117nios ankstyvais rytme\u010diais kalb\u0117jo Vilniaus Bernardin\u0173 ba\u017eny\u010dios koply\u010dioje, sekmadieni\u0173 pavakariais \u2014 centrin\u0117je navoje. \u017dod\u017ei\u0173 negludino, minties nedailino, apimties nematavo. Net ne\u017einau, ar visada sp\u0117davo apgalvoti tai, k\u0105 sakys. Manau, kad ne. Tod\u0117l \u0161ie pamokslai yra labiau \u201epasi\u0161iau\u0161\u0119&#8221;, labiau atmie\u0161ti Dievo braid\u017eiojimais po kasdienyb\u0119, intymesni ir skvarbesni. \u017dod\u017eiai laisvai kv\u0117pavo ir tod\u0117l labiau erzino, \u012fgij\u0119 daugiau galios i\u0161mu\u0161ti mus i\u0161 \u012fprast\u0173 v\u0117\u017ei\u0173, jie jaudino, guod\u0117, k\u0117l\u0117 mai\u0161t\u0105, stiprino, akino gin\u010dytis, atverdavo vis naujas Dievo \u017eod\u017eio prasmes&#8230; Klausant visada buvo gaila, kad per ma\u017eai aus\u0173 juos girdi&#8230; Tod\u0117l ir pakliuvo pirma \u012f magnetofono juostel\u0119, paskui \u2014 ant popieriaus, nelabai daug k\u0105 kei\u010diant ar atimant. I\u0161 daugiau nei poros \u0161imt\u0173 \u012f knyg\u0105 pateko ne tie, kurie \u201egra\u017eiausi&#8221; literat\u016brine prasme, bet tie, kurie atrod\u0117 tiesiausi, netik\u0117\u010diausi ir \u012f\u017evalgiausi.&#8221; &#8211; Sudarytoja<\/p>\n","protected":false},"excerpt":{"rendered":"<p>\u201eNe taip seniai, prie\u0161 trejet\u0105 met\u0173, pasirod\u0117 pirma kun. Juliaus Sasnausko OFM sakym\u0173 ir postili\u0173 knyga \u201eDar kart\u0105 \u2014 \u017dmogaus S\u016bnus\u201c, o \u0161tai dabar \u2014 \u201eBernardin\u0173 dienora\u0161\u010diai&#8221;. Kiti liturginiai metai, kiti \u0160ventojo Ra\u0161to skaitiniai, bet juk tas pats postili\u0173 sakytojas \u2014 ar vert\u0117jo? Skirtumas vis d\u0117lto ne tik toks. Sakym\u0173, sud\u0117t\u0173 \u012f. \u0161i\u0105 knyg\u0105, kunigas Julius niekada nera\u0161\u0117. Juos jis nuo 2000-\u0173j\u0173 Gav\u0117nios iki 2001-\u0173j\u0173 Gav\u0117nios ankstyvais rytme\u010diais kalb\u0117jo Vilniaus Bernardin\u0173 ba\u017eny\u010dios koply\u010dioje, sekmadieni\u0173 pavakariais \u2014 centrin\u0117je navoje. \u017dod\u017ei\u0173 negludino, minties nedailino, apimties nematavo. Net ne\u017einau, ar visada sp\u0117davo apgalvoti tai, k\u0105 sakys. Manau, kad ne. Tod\u0117l \u0161ie pamokslai yra labiau \u201epasi\u0161iau\u0161\u0119&#8221;, labiau atmie\u0161ti Dievo braid\u017eiojimais po kasdienyb\u0119, intymesni ir skvarbesni. \u017dod\u017eiai laisvai kv\u0117pavo ir tod\u0117l labiau erzino, \u012fgij\u0119 daugiau galios i\u0161mu\u0161ti mus i\u0161 \u012fprast\u0173 v\u0117\u017ei\u0173, jie jaudino, guod\u0117, k\u0117l\u0117 mai\u0161t\u0105, stiprino, akino gin\u010dytis, atverdavo vis naujas Dievo \u017eod\u017eio prasmes&#8230; Klausant visada buvo gaila, kad per ma\u017eai aus\u0173 juos girdi&#8230; Tod\u0117l ir pakliuvo pirma \u012f magnetofono juostel\u0119, paskui \u2014 ant popieriaus, nelabai daug k\u0105 kei\u010diant ar atimant. I\u0161 daugiau nei poros \u0161imt\u0173 \u012f knyg\u0105 pateko ne tie, kurie \u201egra\u017eiausi&#8221; literat\u016brine prasme, bet tie, kurie atrod\u0117 tiesiausi, netik\u0117\u010diausi ir \u012f\u017evalgiausi.&#8221; &#8211; Sudarytoja<\/p>\n","protected":false},"featured_media":25415,"comment_status":"open","ping_status":"closed","template":"","meta":{"_acf_changed":false,"site-sidebar-layout":"default","site-content-layout":"","ast-site-content-layout":"default","site-content-style":"default","site-sidebar-style":"default","ast-global-header-display":"","ast-banner-title-visibility":"","ast-main-header-display":"","ast-hfb-above-header-display":"","ast-hfb-below-header-display":"","ast-hfb-mobile-header-display":"","site-post-title":"","ast-breadcrumbs-content":"","ast-featured-img":"","footer-sml-layout":"","ast-disable-related-posts":"","theme-transparent-header-meta":"","adv-header-id-meta":"","stick-header-meta":"","header-above-stick-meta":"","header-main-stick-meta":"","header-below-stick-meta":"","astra-migrate-meta-layouts":"default","ast-page-background-enabled":"default","ast-page-background-meta":{"desktop":{"background-color":"","background-image":"","background-repeat":"repeat","background-position":"center center","background-size":"auto","background-attachment":"scroll","background-type":"","background-media":"","overlay-type":"","overlay-color":"","overlay-opacity":"","overlay-gradient":""},"tablet":{"background-color":"","background-image":"","background-repeat":"repeat","background-position":"center center","background-size":"auto","background-attachment":"scroll","background-type":"","background-media":"","overlay-type":"","overlay-color":"","overlay-opacity":"","overlay-gradient":""},"mobile":{"background-color":"","background-image":"","background-repeat":"repeat","background-position":"center center","background-size":"auto","background-attachment":"scroll","background-type":"","background-media":"","overlay-type":"","overlay-color":"","overlay-opacity":"","overlay-gradient":""}},"ast-content-background-meta":{"desktop":{"background-color":"var(--ast-global-color-4)","background-image":"","background-repeat":"repeat","background-position":"center center","background-size":"auto","background-attachment":"scroll","background-type":"","background-media":"","overlay-type":"","overlay-color":"","overlay-opacity":"","overlay-gradient":""},"tablet":{"background-color":"var(--ast-global-color-4)","background-image":"","background-repeat":"repeat","background-position":"center center","background-size":"auto","background-attachment":"scroll","background-type":"","background-media":"","overlay-type":"","overlay-color":"","overlay-opacity":"","overlay-gradient":""},"mobile":{"background-color":"var(--ast-global-color-4)","background-image":"","background-repeat":"repeat","background-position":"center center","background-size":"auto","background-attachment":"scroll","background-type":"","background-media":"","overlay-type":"","overlay-color":"","overlay-opacity":"","overlay-gradient":""}}},"product_brand":[],"product_cat":[9753],"product_tag":[],"class_list":{"0":"post-25410","1":"product","2":"type-product","3":"status-publish","4":"has-post-thumbnail","6":"product_cat-religija","7":"desktop-align-left","8":"tablet-align-left","9":"mobile-align-left","11":"first","12":"instock","13":"shipping-taxable","14":"purchasable","15":"product-type-simple"},"acf":[],"yoast_head":"<!-- This site is optimized with the Yoast SEO plugin v27.0 - https:\/\/yoast.com\/product\/yoast-seo-wordpress\/ -->\n<title>Bernardin\u0173 dienora\u0161\u010diai<\/title>\n<meta name=\"description\" content=\"\u201eNe taip seniai, prie\u0161 trejet\u0105 met\u0173, pasirod\u0117 pirma kun. Juliaus Sasnausko OFM sakym\u0173 ir postili\u0173 knyga \u201eDar kart\u0105 \u2014 \u017dmogaus S\u016bnus\u201c, o \u0161tai dabar \u2014\" \/>\n<meta name=\"robots\" content=\"index, follow, max-snippet:-1, max-image-preview:large, max-video-preview:-1\" \/>\n<link rel=\"canonical\" href=\"https:\/\/skaitytaknyga.lt\/en\/produktas\/bernardinu-dienorasciai\/\" \/>\n<meta property=\"og:locale\" content=\"en_GB\" \/>\n<meta property=\"og:locale:alternate\" content=\"lt_LT\" \/>\n<meta property=\"og:type\" content=\"article\" \/>\n<meta property=\"og:title\" content=\"Bernardin\u0173 dienora\u0161\u010diai\" \/>\n<meta property=\"og:description\" content=\"\u201eNe taip seniai, prie\u0161 trejet\u0105 met\u0173, pasirod\u0117 pirma kun. Juliaus Sasnausko OFM sakym\u0173 ir postili\u0173 knyga \u201eDar kart\u0105 \u2014 \u017dmogaus S\u016bnus\u201c, o \u0161tai dabar \u2014\" \/>\n<meta property=\"og:url\" content=\"https:\/\/skaitytaknyga.lt\/en\/produktas\/bernardinu-dienorasciai\/\" \/>\n<meta property=\"og:site_name\" content=\"Skaitytaknyga\" \/>\n<meta property=\"article:publisher\" content=\"https:\/\/www.facebook.com\/skaitytaknyga\/\" \/>\n<meta property=\"article:modified_time\" content=\"2026-04-02T09:34:57+00:00\" \/>\n<meta property=\"og:image\" content=\"https:\/\/skaitytaknyga.lt\/wp-content\/uploads\/2026\/04\/Bernardinu-dienorasciai.webp\" \/>\n\t<meta property=\"og:image:width\" content=\"495\" \/>\n\t<meta property=\"og:image:height\" content=\"801\" \/>\n\t<meta property=\"og:image:type\" content=\"image\/webp\" \/>\n<meta name=\"twitter:card\" content=\"summary_large_image\" \/>\n<meta name=\"twitter:label1\" content=\"Estimated reading time\" \/>\n\t<meta name=\"twitter:data1\" content=\"1 minute\" \/>\n<script type=\"application\/ld+json\" class=\"yoast-schema-graph\">{\"@context\":\"https:\/\/schema.org\",\"@graph\":[{\"@type\":\"WebPage\",\"@id\":\"https:\/\/skaitytaknyga.lt\/produktas\/bernardinu-dienorasciai\/\",\"url\":\"https:\/\/skaitytaknyga.lt\/produktas\/bernardinu-dienorasciai\/\",\"name\":\"Bernardin\u0173 dienora\u0161\u010diai\",\"isPartOf\":{\"@id\":\"https:\/\/skaitytaknyga.lt\/#website\"},\"primaryImageOfPage\":{\"@id\":\"https:\/\/skaitytaknyga.lt\/produktas\/bernardinu-dienorasciai\/#primaryimage\"},\"image\":{\"@id\":\"https:\/\/skaitytaknyga.lt\/produktas\/bernardinu-dienorasciai\/#primaryimage\"},\"thumbnailUrl\":\"https:\/\/skaitytaknyga.lt\/wp-content\/uploads\/2026\/04\/Bernardinu-dienorasciai.webp\",\"datePublished\":\"2026-04-02T09:02:47+00:00\",\"dateModified\":\"2026-04-02T09:34:57+00:00\",\"description\":\"\u201eNe taip seniai, prie\u0161 trejet\u0105 met\u0173, pasirod\u0117 pirma kun. Juliaus Sasnausko OFM sakym\u0173 ir postili\u0173 knyga \u201eDar kart\u0105 \u2014 \u017dmogaus S\u016bnus\u201c, o \u0161tai dabar \u2014\",\"breadcrumb\":{\"@id\":\"https:\/\/skaitytaknyga.lt\/produktas\/bernardinu-dienorasciai\/#breadcrumb\"},\"inLanguage\":\"en-GB\",\"potentialAction\":[{\"@type\":\"ReadAction\",\"target\":[\"https:\/\/skaitytaknyga.lt\/produktas\/bernardinu-dienorasciai\/\"]}]},{\"@type\":\"ImageObject\",\"inLanguage\":\"en-GB\",\"@id\":\"https:\/\/skaitytaknyga.lt\/produktas\/bernardinu-dienorasciai\/#primaryimage\",\"url\":\"https:\/\/skaitytaknyga.lt\/wp-content\/uploads\/2026\/04\/Bernardinu-dienorasciai.webp\",\"contentUrl\":\"https:\/\/skaitytaknyga.lt\/wp-content\/uploads\/2026\/04\/Bernardinu-dienorasciai.webp\",\"width\":495,\"height\":801,\"caption\":\"Bernardin\u0173 dienora\u0161\u010diai\"},{\"@type\":\"BreadcrumbList\",\"@id\":\"https:\/\/skaitytaknyga.lt\/produktas\/bernardinu-dienorasciai\/#breadcrumb\",\"itemListElement\":[{\"@type\":\"ListItem\",\"position\":1,\"name\":\"Home\",\"item\":\"https:\/\/skaitytaknyga.lt\/\"},{\"@type\":\"ListItem\",\"position\":2,\"name\":\"Parduotuv\u0117\",\"item\":\"https:\/\/skaitytaknyga.lt\/knygu-parduotuve\/\"},{\"@type\":\"ListItem\",\"position\":3,\"name\":\"Bernardin\u0173 dienora\u0161\u010diai\"}]},{\"@type\":\"WebSite\",\"@id\":\"https:\/\/skaitytaknyga.lt\/#website\",\"url\":\"https:\/\/skaitytaknyga.lt\/\",\"name\":\"skaitytaknyga.lt\",\"description\":\"Skaitytaknyga.lt \u2013 tai ma\u017eas \u0161eimos verslas, kuris prasid\u0117jo nuo meil\u0117s knygoms ir siekio i\u0161gelb\u0117ti knygas nuo likimo prie konteinerio. Kas vienam nereikalingas daiktas \u2013 kitam lobis, o mes esame tarpininkai, kurie padeda abiems tapti laimingesniems ???? \u017dinome kaip nelengva i\u0161gyventi ma\u017eiems verslams, tad nuo \u0161iol, \u010dia rasite ir kit\u0173, ma\u017e\u0173 \u0161eim\u0173 versl\u0173, rank\u0173 darbo, dovan\u0173 sau ir artimiesiems.\",\"publisher\":{\"@id\":\"https:\/\/skaitytaknyga.lt\/#organization\"},\"potentialAction\":[{\"@type\":\"SearchAction\",\"target\":{\"@type\":\"EntryPoint\",\"urlTemplate\":\"https:\/\/skaitytaknyga.lt\/?s={search_term_string}\"},\"query-input\":{\"@type\":\"PropertyValueSpecification\",\"valueRequired\":true,\"valueName\":\"search_term_string\"}}],\"inLanguage\":\"en-GB\"},{\"@type\":\"Organization\",\"@id\":\"https:\/\/skaitytaknyga.lt\/#organization\",\"name\":\"skaitytaknyga.lt\",\"url\":\"https:\/\/skaitytaknyga.lt\/\",\"logo\":{\"@type\":\"ImageObject\",\"inLanguage\":\"en-GB\",\"@id\":\"https:\/\/skaitytaknyga.lt\/#\/schema\/logo\/image\/\",\"url\":\"https:\/\/skaitytaknyga.lt\/wp-content\/uploads\/2024\/05\/cropped-cropped-cropped-02_00843_jt3bggkj1j3HLc7SyY6rEUpg.jpeg\",\"contentUrl\":\"https:\/\/skaitytaknyga.lt\/wp-content\/uploads\/2024\/05\/cropped-cropped-cropped-02_00843_jt3bggkj1j3HLc7SyY6rEUpg.jpeg\",\"width\":1600,\"height\":1600,\"caption\":\"skaitytaknyga.lt\"},\"image\":{\"@id\":\"https:\/\/skaitytaknyga.lt\/#\/schema\/logo\/image\/\"},\"sameAs\":[\"https:\/\/www.facebook.com\/skaitytaknyga\/\"]}]}<\/script>\n<!-- \/ Yoast SEO plugin. -->","yoast_head_json":{"title":"Bernardin\u0173 dienora\u0161\u010diai","description":"\u201eNe taip seniai, prie\u0161 trejet\u0105 met\u0173, pasirod\u0117 pirma kun. Juliaus Sasnausko OFM sakym\u0173 ir postili\u0173 knyga \u201eDar kart\u0105 \u2014 \u017dmogaus S\u016bnus\u201c, o \u0161tai dabar \u2014","robots":{"index":"index","follow":"follow","max-snippet":"max-snippet:-1","max-image-preview":"max-image-preview:large","max-video-preview":"max-video-preview:-1"},"canonical":"https:\/\/skaitytaknyga.lt\/en\/produktas\/bernardinu-dienorasciai\/","og_locale":"en_GB","og_type":"article","og_title":"[:lt]Bernardin\u0173 dienora\u0161\u010diai[:] - Skaitytaknyga","og_description":"\u201eNe taip seniai, prie\u0161 trejet\u0105 met\u0173, pasirod\u0117 pirma kun. Juliaus Sasnausko OFM sakym\u0173 ir postili\u0173 knyga \u201eDar kart\u0105 \u2014 \u017dmogaus S\u016bnus\u201c, o \u0161tai dabar \u2014","og_url":"https:\/\/skaitytaknyga.lt\/en\/produktas\/bernardinu-dienorasciai\/","og_site_name":"Skaitytaknyga","article_publisher":"https:\/\/www.facebook.com\/skaitytaknyga\/","article_modified_time":"2026-04-02T09:34:57+00:00","og_image":[{"width":495,"height":801,"url":"https:\/\/skaitytaknyga.lt\/wp-content\/uploads\/2026\/04\/Bernardinu-dienorasciai.webp","type":"image\/webp"}],"twitter_card":"summary_large_image","twitter_misc":{"Estimated reading time":"1 minute"},"schema":{"@context":"https:\/\/schema.org","@graph":[{"@type":"WebPage","@id":"https:\/\/skaitytaknyga.lt\/produktas\/bernardinu-dienorasciai\/","url":"https:\/\/skaitytaknyga.lt\/produktas\/bernardinu-dienorasciai\/","name":"Bernardin\u0173 dienora\u0161\u010diai","isPartOf":{"@id":"https:\/\/skaitytaknyga.lt\/#website"},"primaryImageOfPage":{"@id":"https:\/\/skaitytaknyga.lt\/produktas\/bernardinu-dienorasciai\/#primaryimage"},"image":{"@id":"https:\/\/skaitytaknyga.lt\/produktas\/bernardinu-dienorasciai\/#primaryimage"},"thumbnailUrl":"https:\/\/skaitytaknyga.lt\/wp-content\/uploads\/2026\/04\/Bernardinu-dienorasciai.webp","datePublished":"2026-04-02T09:02:47+00:00","dateModified":"2026-04-02T09:34:57+00:00","description":"\u201eNe taip seniai, prie\u0161 trejet\u0105 met\u0173, pasirod\u0117 pirma kun. Juliaus Sasnausko OFM sakym\u0173 ir postili\u0173 knyga \u201eDar kart\u0105 \u2014 \u017dmogaus S\u016bnus\u201c, o \u0161tai dabar \u2014","breadcrumb":{"@id":"https:\/\/skaitytaknyga.lt\/produktas\/bernardinu-dienorasciai\/#breadcrumb"},"inLanguage":"en-GB","potentialAction":[{"@type":"ReadAction","target":["https:\/\/skaitytaknyga.lt\/produktas\/bernardinu-dienorasciai\/"]}]},{"@type":"ImageObject","inLanguage":"en-GB","@id":"https:\/\/skaitytaknyga.lt\/produktas\/bernardinu-dienorasciai\/#primaryimage","url":"https:\/\/skaitytaknyga.lt\/wp-content\/uploads\/2026\/04\/Bernardinu-dienorasciai.webp","contentUrl":"https:\/\/skaitytaknyga.lt\/wp-content\/uploads\/2026\/04\/Bernardinu-dienorasciai.webp","width":495,"height":801,"caption":"Bernardin\u0173 dienora\u0161\u010diai"},{"@type":"BreadcrumbList","@id":"https:\/\/skaitytaknyga.lt\/produktas\/bernardinu-dienorasciai\/#breadcrumb","itemListElement":[{"@type":"ListItem","position":1,"name":"Home","item":"https:\/\/skaitytaknyga.lt\/"},{"@type":"ListItem","position":2,"name":"Parduotuv\u0117","item":"https:\/\/skaitytaknyga.lt\/knygu-parduotuve\/"},{"@type":"ListItem","position":3,"name":"Bernardin\u0173 dienora\u0161\u010diai"}]},{"@type":"WebSite","@id":"https:\/\/skaitytaknyga.lt\/#website","url":"https:\/\/skaitytaknyga.lt\/","name":"skaitytaknyga.lt","description":"Skaitytaknyga.lt \u2013 tai ma\u017eas \u0161eimos verslas, kuris prasid\u0117jo nuo meil\u0117s knygoms ir siekio i\u0161gelb\u0117ti knygas nuo likimo prie konteinerio. Kas vienam nereikalingas daiktas \u2013 kitam lobis, o mes esame tarpininkai, kurie padeda abiems tapti laimingesniems ???? \u017dinome kaip nelengva i\u0161gyventi ma\u017eiems verslams, tad nuo \u0161iol, \u010dia rasite ir kit\u0173, ma\u017e\u0173 \u0161eim\u0173 versl\u0173, rank\u0173 darbo, dovan\u0173 sau ir artimiesiems.","publisher":{"@id":"https:\/\/skaitytaknyga.lt\/#organization"},"potentialAction":[{"@type":"SearchAction","target":{"@type":"EntryPoint","urlTemplate":"https:\/\/skaitytaknyga.lt\/?s={search_term_string}"},"query-input":{"@type":"PropertyValueSpecification","valueRequired":true,"valueName":"search_term_string"}}],"inLanguage":"en-GB"},{"@type":"Organization","@id":"https:\/\/skaitytaknyga.lt\/#organization","name":"skaitytaknyga.lt","url":"https:\/\/skaitytaknyga.lt\/","logo":{"@type":"ImageObject","inLanguage":"en-GB","@id":"https:\/\/skaitytaknyga.lt\/#\/schema\/logo\/image\/","url":"https:\/\/skaitytaknyga.lt\/wp-content\/uploads\/2024\/05\/cropped-cropped-cropped-02_00843_jt3bggkj1j3HLc7SyY6rEUpg.jpeg","contentUrl":"https:\/\/skaitytaknyga.lt\/wp-content\/uploads\/2024\/05\/cropped-cropped-cropped-02_00843_jt3bggkj1j3HLc7SyY6rEUpg.jpeg","width":1600,"height":1600,"caption":"skaitytaknyga.lt"},"image":{"@id":"https:\/\/skaitytaknyga.lt\/#\/schema\/logo\/image\/"},"sameAs":["https:\/\/www.facebook.com\/skaitytaknyga\/"]}]}},"_links":{"self":[{"href":"https:\/\/skaitytaknyga.lt\/en\/wp-json\/wp\/v2\/product\/25410","targetHints":{"allow":["GET"]}}],"collection":[{"href":"https:\/\/skaitytaknyga.lt\/en\/wp-json\/wp\/v2\/product"}],"about":[{"href":"https:\/\/skaitytaknyga.lt\/en\/wp-json\/wp\/v2\/types\/product"}],"replies":[{"embeddable":true,"href":"https:\/\/skaitytaknyga.lt\/en\/wp-json\/wp\/v2\/comments?post=25410"}],"wp:featuredmedia":[{"embeddable":true,"href":"https:\/\/skaitytaknyga.lt\/en\/wp-json\/wp\/v2\/media\/25415"}],"wp:attachment":[{"href":"https:\/\/skaitytaknyga.lt\/en\/wp-json\/wp\/v2\/media?parent=25410"}],"wp:term":[{"taxonomy":"product_brand","embeddable":true,"href":"https:\/\/skaitytaknyga.lt\/en\/wp-json\/wp\/v2\/product_brand?post=25410"},{"taxonomy":"product_cat","embeddable":true,"href":"https:\/\/skaitytaknyga.lt\/en\/wp-json\/wp\/v2\/product_cat?post=25410"},{"taxonomy":"product_tag","embeddable":true,"href":"https:\/\/skaitytaknyga.lt\/en\/wp-json\/wp\/v2\/product_tag?post=25410"}],"curies":[{"name":"wp","href":"https:\/\/api.w.org\/{rel}","templated":true}]}}