{"id":25400,"date":"2026-04-02T11:27:57","date_gmt":"2026-04-02T08:27:57","guid":{"rendered":"https:\/\/skaitytaknyga.lt\/?post_type=product&#038;p=25400"},"modified":"2026-04-03T11:46:54","modified_gmt":"2026-04-03T08:46:54","slug":"meileje-kaip-kare","status":"publish","type":"product","link":"https:\/\/skaitytaknyga.lt\/en\/produktas\/meileje-kaip-kare\/","title":{"rendered":"Meil\u0117je kaip kare"},"content":{"rendered":"<p>Jie pajuto prie\u0161i\u0161kum\u0105 nuo pirmos akimirkos.<\/p>\n<p>Lilijana<\/p>\n<p>Karjera yra svarbiausia mano gyvenimo dalis, finansin\u0117 nepriklausomyb\u0117 \u2013 stipriausias merginos ginklas. Savo tikslo pasieksiu bet kokia kaina, man\u0119s nesustabdys niekingos apkalbos, kreivi bendradarbi\u0173 \u017evilgsniai. Nesukliudys ir Ar\u0117jas Baronas, mano naujas sur\u016bg\u0117lis vir\u0161ininkas. Gal jis ir turi patirties m\u016b\u0161io lauke, ta\u010diau esu tikra, kad tokio atkaklaus prie\u0161ininko, kaip a\u0161, dar nebuvo sutik\u0119s.<\/p>\n<p>Ar\u0117jas<\/p>\n<p>Vadovo k\u0117d\u0117, kuri anks\u010diau priklaus\u0117 mano t\u0117vui, man\u0119s n\u0117 kiek nevilioja, ta\u010diau kai kuri\u0173 \u012fsipareigojim\u0173 \u0161eimai negali atsisakyti. Sutikau vadovauti \u012fmonei ne\u017einodamas, kad postas man atiteks su priedu \u2013 \u0161viesiaplauke ilgakoje t\u0117vo prote\u017e\u0117, kuri\u0105 mielu noru i\u0161mes\u010diau \u012f gatv\u0119 ant jos riesto u\u017epakalio. Tik kad \u017ealiaak\u0117 asistent\u0117 slepia ne vien\u0105 kozir\u012f ir, atrodo, j\u0105 \u012fveikti nebus lengva. Juo labiau, kad pati kova teikia vis daugiau malonumo.<\/p>\n","protected":false},"excerpt":{"rendered":"<p>Jie pajuto prie\u0161i\u0161kum\u0105 nuo pirmos akimirkos. Lilijana Karjera yra svarbiausia mano gyvenimo dalis, finansin\u0117 nepriklausomyb\u0117 \u2013 stipriausias merginos ginklas. Savo tikslo pasieksiu bet kokia kaina, man\u0119s nesustabdys niekingos apkalbos, kreivi bendradarbi\u0173 \u017evilgsniai. Nesukliudys ir Ar\u0117jas Baronas, mano naujas sur\u016bg\u0117lis vir\u0161ininkas. Gal jis ir turi patirties m\u016b\u0161io lauke, ta\u010diau esu tikra, kad tokio atkaklaus prie\u0161ininko, kaip a\u0161, dar nebuvo sutik\u0119s. Ar\u0117jas Vadovo k\u0117d\u0117, kuri anks\u010diau priklaus\u0117 mano t\u0117vui, man\u0119s n\u0117 kiek nevilioja, ta\u010diau kai kuri\u0173 \u012fsipareigojim\u0173 \u0161eimai negali atsisakyti. Sutikau vadovauti \u012fmonei ne\u017einodamas, kad postas man atiteks su priedu \u2013 \u0161viesiaplauke ilgakoje t\u0117vo prote\u017e\u0117, kuri\u0105 mielu noru i\u0161mes\u010diau \u012f gatv\u0119 ant jos riesto u\u017epakalio. Tik kad \u017ealiaak\u0117 asistent\u0117 slepia ne vien\u0105 kozir\u012f ir, atrodo, j\u0105 \u012fveikti nebus lengva. Juo labiau, kad pati kova teikia vis daugiau malonumo.<\/p>\n","protected":false},"featured_media":25405,"comment_status":"open","ping_status":"closed","template":"","meta":{"_acf_changed":false,"site-sidebar-layout":"default","site-content-layout":"","ast-site-content-layout":"default","site-content-style":"default","site-sidebar-style":"default","ast-global-header-display":"","ast-banner-title-visibility":"","ast-main-header-display":"","ast-hfb-above-header-display":"","ast-hfb-below-header-display":"","ast-hfb-mobile-header-display":"","site-post-title":"","ast-breadcrumbs-content":"","ast-featured-img":"","footer-sml-layout":"","ast-disable-related-posts":"","theme-transparent-header-meta":"","adv-header-id-meta":"","stick-header-meta":"","header-above-stick-meta":"","header-main-stick-meta":"","header-below-stick-meta":"","astra-migrate-meta-layouts":"default","ast-page-background-enabled":"default","ast-page-background-meta":{"desktop":{"background-color":"","background-image":"","background-repeat":"repeat","background-position":"center center","background-size":"auto","background-attachment":"scroll","background-type":"","background-media":"","overlay-type":"","overlay-color":"","overlay-opacity":"","overlay-gradient":""},"tablet":{"background-color":"","background-image":"","background-repeat":"repeat","background-position":"center center","background-size":"auto","background-attachment":"scroll","background-type":"","background-media":"","overlay-type":"","overlay-color":"","overlay-opacity":"","overlay-gradient":""},"mobile":{"background-color":"","background-image":"","background-repeat":"repeat","background-position":"center center","background-size":"auto","background-attachment":"scroll","background-type":"","background-media":"","overlay-type":"","overlay-color":"","overlay-opacity":"","overlay-gradient":""}},"ast-content-background-meta":{"desktop":{"background-color":"var(--ast-global-color-4)","background-image":"","background-repeat":"repeat","background-position":"center center","background-size":"auto","background-attachment":"scroll","background-type":"","background-media":"","overlay-type":"","overlay-color":"","overlay-opacity":"","overlay-gradient":""},"tablet":{"background-color":"var(--ast-global-color-4)","background-image":"","background-repeat":"repeat","background-position":"center center","background-size":"auto","background-attachment":"scroll","background-type":"","background-media":"","overlay-type":"","overlay-color":"","overlay-opacity":"","overlay-gradient":""},"mobile":{"background-color":"var(--ast-global-color-4)","background-image":"","background-repeat":"repeat","background-position":"center center","background-size":"auto","background-attachment":"scroll","background-type":"","background-media":"","overlay-type":"","overlay-color":"","overlay-opacity":"","overlay-gradient":""}}},"product_brand":[],"product_cat":[9583],"product_tag":[],"class_list":{"0":"post-25400","1":"product","2":"type-product","3":"status-publish","4":"has-post-thumbnail","6":"product_cat-erotiniai-romanai","7":"desktop-align-left","8":"tablet-align-left","9":"mobile-align-left","11":"first","12":"outofstock","13":"shipping-taxable","14":"purchasable","15":"product-type-simple"},"acf":[],"yoast_head":"<!-- This site is optimized with the Yoast SEO plugin v27.0 - https:\/\/yoast.com\/product\/yoast-seo-wordpress\/ -->\n<title>Meil\u0117je kaip kare<\/title>\n<meta name=\"description\" content=\"Jie pajuto prie\u0161i\u0161kum\u0105 nuo pirmos akimirkos. Lilijana Karjera yra svarbiausia mano gyvenimo dalis, finansin\u0117 nepriklausomyb\u0117 \u2013 stipriausias merginos\" \/>\n<meta name=\"robots\" content=\"index, follow, max-snippet:-1, max-image-preview:large, max-video-preview:-1\" \/>\n<link rel=\"canonical\" href=\"https:\/\/skaitytaknyga.lt\/en\/produktas\/meileje-kaip-kare\/\" \/>\n<meta property=\"og:locale\" content=\"en_GB\" \/>\n<meta property=\"og:locale:alternate\" content=\"lt_LT\" \/>\n<meta property=\"og:type\" content=\"article\" \/>\n<meta property=\"og:title\" content=\"Meil\u0117je kaip kare\" \/>\n<meta property=\"og:description\" content=\"Jie pajuto prie\u0161i\u0161kum\u0105 nuo pirmos akimirkos. Lilijana Karjera yra svarbiausia mano gyvenimo dalis, finansin\u0117 nepriklausomyb\u0117 \u2013 stipriausias merginos\" \/>\n<meta property=\"og:url\" content=\"https:\/\/skaitytaknyga.lt\/en\/produktas\/meileje-kaip-kare\/\" \/>\n<meta property=\"og:site_name\" content=\"Skaitytaknyga\" \/>\n<meta property=\"article:publisher\" content=\"https:\/\/www.facebook.com\/skaitytaknyga\/\" \/>\n<meta property=\"article:modified_time\" content=\"2026-04-03T08:46:54+00:00\" \/>\n<meta property=\"og:image\" content=\"https:\/\/skaitytaknyga.lt\/wp-content\/uploads\/2026\/04\/Meileje-kaip-kare.webp\" \/>\n\t<meta property=\"og:image:width\" content=\"533\" \/>\n\t<meta property=\"og:image:height\" content=\"801\" \/>\n\t<meta property=\"og:image:type\" content=\"image\/webp\" \/>\n<meta name=\"twitter:card\" content=\"summary_large_image\" \/>\n<meta name=\"twitter:label1\" content=\"Estimated reading time\" \/>\n\t<meta name=\"twitter:data1\" content=\"1 minute\" \/>\n<script type=\"application\/ld+json\" class=\"yoast-schema-graph\">{\"@context\":\"https:\/\/schema.org\",\"@graph\":[{\"@type\":\"WebPage\",\"@id\":\"https:\/\/skaitytaknyga.lt\/produktas\/meileje-kaip-kare\/\",\"url\":\"https:\/\/skaitytaknyga.lt\/produktas\/meileje-kaip-kare\/\",\"name\":\"Meil\u0117je kaip kare\",\"isPartOf\":{\"@id\":\"https:\/\/skaitytaknyga.lt\/#website\"},\"primaryImageOfPage\":{\"@id\":\"https:\/\/skaitytaknyga.lt\/produktas\/meileje-kaip-kare\/#primaryimage\"},\"image\":{\"@id\":\"https:\/\/skaitytaknyga.lt\/produktas\/meileje-kaip-kare\/#primaryimage\"},\"thumbnailUrl\":\"https:\/\/skaitytaknyga.lt\/wp-content\/uploads\/2026\/04\/Meileje-kaip-kare.webp\",\"datePublished\":\"2026-04-02T08:27:57+00:00\",\"dateModified\":\"2026-04-03T08:46:54+00:00\",\"description\":\"Jie pajuto prie\u0161i\u0161kum\u0105 nuo pirmos akimirkos. Lilijana Karjera yra svarbiausia mano gyvenimo dalis, finansin\u0117 nepriklausomyb\u0117 \u2013 stipriausias merginos\",\"breadcrumb\":{\"@id\":\"https:\/\/skaitytaknyga.lt\/produktas\/meileje-kaip-kare\/#breadcrumb\"},\"inLanguage\":\"en-GB\",\"potentialAction\":[{\"@type\":\"ReadAction\",\"target\":[\"https:\/\/skaitytaknyga.lt\/produktas\/meileje-kaip-kare\/\"]}]},{\"@type\":\"ImageObject\",\"inLanguage\":\"en-GB\",\"@id\":\"https:\/\/skaitytaknyga.lt\/produktas\/meileje-kaip-kare\/#primaryimage\",\"url\":\"https:\/\/skaitytaknyga.lt\/wp-content\/uploads\/2026\/04\/Meileje-kaip-kare.webp\",\"contentUrl\":\"https:\/\/skaitytaknyga.lt\/wp-content\/uploads\/2026\/04\/Meileje-kaip-kare.webp\",\"width\":533,\"height\":801,\"caption\":\"Meil\u0117je kaip kare\"},{\"@type\":\"BreadcrumbList\",\"@id\":\"https:\/\/skaitytaknyga.lt\/produktas\/meileje-kaip-kare\/#breadcrumb\",\"itemListElement\":[{\"@type\":\"ListItem\",\"position\":1,\"name\":\"Home\",\"item\":\"https:\/\/skaitytaknyga.lt\/\"},{\"@type\":\"ListItem\",\"position\":2,\"name\":\"Parduotuv\u0117\",\"item\":\"https:\/\/skaitytaknyga.lt\/knygu-parduotuve\/\"},{\"@type\":\"ListItem\",\"position\":3,\"name\":\"Meil\u0117je kaip kare\"}]},{\"@type\":\"WebSite\",\"@id\":\"https:\/\/skaitytaknyga.lt\/#website\",\"url\":\"https:\/\/skaitytaknyga.lt\/\",\"name\":\"skaitytaknyga.lt\",\"description\":\"Skaitytaknyga.lt \u2013 tai ma\u017eas \u0161eimos verslas, kuris prasid\u0117jo nuo meil\u0117s knygoms ir siekio i\u0161gelb\u0117ti knygas nuo likimo prie konteinerio. Kas vienam nereikalingas daiktas \u2013 kitam lobis, o mes esame tarpininkai, kurie padeda abiems tapti laimingesniems ???? \u017dinome kaip nelengva i\u0161gyventi ma\u017eiems verslams, tad nuo \u0161iol, \u010dia rasite ir kit\u0173, ma\u017e\u0173 \u0161eim\u0173 versl\u0173, rank\u0173 darbo, dovan\u0173 sau ir artimiesiems.\",\"publisher\":{\"@id\":\"https:\/\/skaitytaknyga.lt\/#organization\"},\"potentialAction\":[{\"@type\":\"SearchAction\",\"target\":{\"@type\":\"EntryPoint\",\"urlTemplate\":\"https:\/\/skaitytaknyga.lt\/?s={search_term_string}\"},\"query-input\":{\"@type\":\"PropertyValueSpecification\",\"valueRequired\":true,\"valueName\":\"search_term_string\"}}],\"inLanguage\":\"en-GB\"},{\"@type\":\"Organization\",\"@id\":\"https:\/\/skaitytaknyga.lt\/#organization\",\"name\":\"skaitytaknyga.lt\",\"url\":\"https:\/\/skaitytaknyga.lt\/\",\"logo\":{\"@type\":\"ImageObject\",\"inLanguage\":\"en-GB\",\"@id\":\"https:\/\/skaitytaknyga.lt\/#\/schema\/logo\/image\/\",\"url\":\"https:\/\/skaitytaknyga.lt\/wp-content\/uploads\/2024\/05\/cropped-cropped-cropped-02_00843_jt3bggkj1j3HLc7SyY6rEUpg.jpeg\",\"contentUrl\":\"https:\/\/skaitytaknyga.lt\/wp-content\/uploads\/2024\/05\/cropped-cropped-cropped-02_00843_jt3bggkj1j3HLc7SyY6rEUpg.jpeg\",\"width\":1600,\"height\":1600,\"caption\":\"skaitytaknyga.lt\"},\"image\":{\"@id\":\"https:\/\/skaitytaknyga.lt\/#\/schema\/logo\/image\/\"},\"sameAs\":[\"https:\/\/www.facebook.com\/skaitytaknyga\/\"]}]}<\/script>\n<!-- \/ Yoast SEO plugin. -->","yoast_head_json":{"title":"Meil\u0117je kaip kare","description":"Jie pajuto prie\u0161i\u0161kum\u0105 nuo pirmos akimirkos. Lilijana Karjera yra svarbiausia mano gyvenimo dalis, finansin\u0117 nepriklausomyb\u0117 \u2013 stipriausias merginos","robots":{"index":"index","follow":"follow","max-snippet":"max-snippet:-1","max-image-preview":"max-image-preview:large","max-video-preview":"max-video-preview:-1"},"canonical":"https:\/\/skaitytaknyga.lt\/en\/produktas\/meileje-kaip-kare\/","og_locale":"en_GB","og_type":"article","og_title":"[:lt]Meil\u0117je kaip kare[:] - Skaitytaknyga","og_description":"Jie pajuto prie\u0161i\u0161kum\u0105 nuo pirmos akimirkos. Lilijana Karjera yra svarbiausia mano gyvenimo dalis, finansin\u0117 nepriklausomyb\u0117 \u2013 stipriausias merginos","og_url":"https:\/\/skaitytaknyga.lt\/en\/produktas\/meileje-kaip-kare\/","og_site_name":"Skaitytaknyga","article_publisher":"https:\/\/www.facebook.com\/skaitytaknyga\/","article_modified_time":"2026-04-03T08:46:54+00:00","og_image":[{"width":533,"height":801,"url":"https:\/\/skaitytaknyga.lt\/wp-content\/uploads\/2026\/04\/Meileje-kaip-kare.webp","type":"image\/webp"}],"twitter_card":"summary_large_image","twitter_misc":{"Estimated reading time":"1 minute"},"schema":{"@context":"https:\/\/schema.org","@graph":[{"@type":"WebPage","@id":"https:\/\/skaitytaknyga.lt\/produktas\/meileje-kaip-kare\/","url":"https:\/\/skaitytaknyga.lt\/produktas\/meileje-kaip-kare\/","name":"Meil\u0117je kaip kare","isPartOf":{"@id":"https:\/\/skaitytaknyga.lt\/#website"},"primaryImageOfPage":{"@id":"https:\/\/skaitytaknyga.lt\/produktas\/meileje-kaip-kare\/#primaryimage"},"image":{"@id":"https:\/\/skaitytaknyga.lt\/produktas\/meileje-kaip-kare\/#primaryimage"},"thumbnailUrl":"https:\/\/skaitytaknyga.lt\/wp-content\/uploads\/2026\/04\/Meileje-kaip-kare.webp","datePublished":"2026-04-02T08:27:57+00:00","dateModified":"2026-04-03T08:46:54+00:00","description":"Jie pajuto prie\u0161i\u0161kum\u0105 nuo pirmos akimirkos. Lilijana Karjera yra svarbiausia mano gyvenimo dalis, finansin\u0117 nepriklausomyb\u0117 \u2013 stipriausias merginos","breadcrumb":{"@id":"https:\/\/skaitytaknyga.lt\/produktas\/meileje-kaip-kare\/#breadcrumb"},"inLanguage":"en-GB","potentialAction":[{"@type":"ReadAction","target":["https:\/\/skaitytaknyga.lt\/produktas\/meileje-kaip-kare\/"]}]},{"@type":"ImageObject","inLanguage":"en-GB","@id":"https:\/\/skaitytaknyga.lt\/produktas\/meileje-kaip-kare\/#primaryimage","url":"https:\/\/skaitytaknyga.lt\/wp-content\/uploads\/2026\/04\/Meileje-kaip-kare.webp","contentUrl":"https:\/\/skaitytaknyga.lt\/wp-content\/uploads\/2026\/04\/Meileje-kaip-kare.webp","width":533,"height":801,"caption":"Meil\u0117je kaip kare"},{"@type":"BreadcrumbList","@id":"https:\/\/skaitytaknyga.lt\/produktas\/meileje-kaip-kare\/#breadcrumb","itemListElement":[{"@type":"ListItem","position":1,"name":"Home","item":"https:\/\/skaitytaknyga.lt\/"},{"@type":"ListItem","position":2,"name":"Parduotuv\u0117","item":"https:\/\/skaitytaknyga.lt\/knygu-parduotuve\/"},{"@type":"ListItem","position":3,"name":"Meil\u0117je kaip kare"}]},{"@type":"WebSite","@id":"https:\/\/skaitytaknyga.lt\/#website","url":"https:\/\/skaitytaknyga.lt\/","name":"skaitytaknyga.lt","description":"Skaitytaknyga.lt \u2013 tai ma\u017eas \u0161eimos verslas, kuris prasid\u0117jo nuo meil\u0117s knygoms ir siekio i\u0161gelb\u0117ti knygas nuo likimo prie konteinerio. Kas vienam nereikalingas daiktas \u2013 kitam lobis, o mes esame tarpininkai, kurie padeda abiems tapti laimingesniems ???? \u017dinome kaip nelengva i\u0161gyventi ma\u017eiems verslams, tad nuo \u0161iol, \u010dia rasite ir kit\u0173, ma\u017e\u0173 \u0161eim\u0173 versl\u0173, rank\u0173 darbo, dovan\u0173 sau ir artimiesiems.","publisher":{"@id":"https:\/\/skaitytaknyga.lt\/#organization"},"potentialAction":[{"@type":"SearchAction","target":{"@type":"EntryPoint","urlTemplate":"https:\/\/skaitytaknyga.lt\/?s={search_term_string}"},"query-input":{"@type":"PropertyValueSpecification","valueRequired":true,"valueName":"search_term_string"}}],"inLanguage":"en-GB"},{"@type":"Organization","@id":"https:\/\/skaitytaknyga.lt\/#organization","name":"skaitytaknyga.lt","url":"https:\/\/skaitytaknyga.lt\/","logo":{"@type":"ImageObject","inLanguage":"en-GB","@id":"https:\/\/skaitytaknyga.lt\/#\/schema\/logo\/image\/","url":"https:\/\/skaitytaknyga.lt\/wp-content\/uploads\/2024\/05\/cropped-cropped-cropped-02_00843_jt3bggkj1j3HLc7SyY6rEUpg.jpeg","contentUrl":"https:\/\/skaitytaknyga.lt\/wp-content\/uploads\/2024\/05\/cropped-cropped-cropped-02_00843_jt3bggkj1j3HLc7SyY6rEUpg.jpeg","width":1600,"height":1600,"caption":"skaitytaknyga.lt"},"image":{"@id":"https:\/\/skaitytaknyga.lt\/#\/schema\/logo\/image\/"},"sameAs":["https:\/\/www.facebook.com\/skaitytaknyga\/"]}]}},"_links":{"self":[{"href":"https:\/\/skaitytaknyga.lt\/en\/wp-json\/wp\/v2\/product\/25400","targetHints":{"allow":["GET"]}}],"collection":[{"href":"https:\/\/skaitytaknyga.lt\/en\/wp-json\/wp\/v2\/product"}],"about":[{"href":"https:\/\/skaitytaknyga.lt\/en\/wp-json\/wp\/v2\/types\/product"}],"replies":[{"embeddable":true,"href":"https:\/\/skaitytaknyga.lt\/en\/wp-json\/wp\/v2\/comments?post=25400"}],"wp:featuredmedia":[{"embeddable":true,"href":"https:\/\/skaitytaknyga.lt\/en\/wp-json\/wp\/v2\/media\/25405"}],"wp:attachment":[{"href":"https:\/\/skaitytaknyga.lt\/en\/wp-json\/wp\/v2\/media?parent=25400"}],"wp:term":[{"taxonomy":"product_brand","embeddable":true,"href":"https:\/\/skaitytaknyga.lt\/en\/wp-json\/wp\/v2\/product_brand?post=25400"},{"taxonomy":"product_cat","embeddable":true,"href":"https:\/\/skaitytaknyga.lt\/en\/wp-json\/wp\/v2\/product_cat?post=25400"},{"taxonomy":"product_tag","embeddable":true,"href":"https:\/\/skaitytaknyga.lt\/en\/wp-json\/wp\/v2\/product_tag?post=25400"}],"curies":[{"name":"wp","href":"https:\/\/api.w.org\/{rel}","templated":true}]}}