{"id":25399,"date":"2026-04-02T11:27:57","date_gmt":"2026-04-02T08:27:57","guid":{"rendered":"https:\/\/skaitytaknyga.lt\/?post_type=product&#038;p=25399"},"modified":"2026-04-03T11:46:43","modified_gmt":"2026-04-03T08:46:43","slug":"meile-devyniarage","status":"publish","type":"product","link":"https:\/\/skaitytaknyga.lt\/en\/produktas\/meile-devyniarage\/","title":{"rendered":"Meil\u0117 devyniarag\u0117"},"content":{"rendered":"<p>Ar atpa\u017eintum\u0117te stebukl\u0105, jei jis pasibelst\u0173 \u012f j\u016bs\u0173 duris?<\/p>\n<p>Populiari\u0173, mistikos ir aistros kupin\u0173 roman\u0173 autor\u0117 Lavisa Spell pristato kal\u0117din\u0119 meil\u0117s istorij\u0105 \u201eMeil\u0117 devyniarag\u0117 arba Trylika dien\u0173 iki Kal\u0117d\u0173\u201c.<\/p>\n<p>Benediktas visada pasiruo\u0161\u0119s nuotykiams penktadienio vakar\u0105. Ta\u010diau tokio, koks j\u012f \u012ftrauk\u0117 gruod\u017eio 13-\u0105j\u0105 \u012f\u017eengus \u012f Runos parduotuv\u0117l\u0119, tikrai nesitik\u0117jo. Jam svetimi burtai, magija ir prana\u0161yst\u0117s, ta\u010diau netrukus bus priverstas pripa\u017einti, jog Runa, juodaplauk\u0117 raganait\u0117, j\u012f visi\u0161kai paker\u0117jo. \u017dodis po \u017eod\u017eio, ir atmosfera nesustabdomai kaista.<\/p>\n<p>Ta\u010diau Runa turi kur kas daugiau paslap\u010di\u0173, nei Benediktas gal\u0117t\u0173 \u012fsivaizduoti net dr\u0105siausiose fantazijose. Ar prie\u0161kal\u0117din\u0117s magijos u\u017eteks visiems i\u0161\u0161\u016bkiams ir sunkumams \u012fveikti?<\/p>\n","protected":false},"excerpt":{"rendered":"<p>Ar atpa\u017eintum\u0117te stebukl\u0105, jei jis pasibelst\u0173 \u012f j\u016bs\u0173 duris? Populiari\u0173, mistikos ir aistros kupin\u0173 roman\u0173 autor\u0117 Lavisa Spell pristato kal\u0117din\u0119 meil\u0117s istorij\u0105 \u201eMeil\u0117 devyniarag\u0117 arba Trylika dien\u0173 iki Kal\u0117d\u0173\u201c. Benediktas visada pasiruo\u0161\u0119s nuotykiams penktadienio vakar\u0105. Ta\u010diau tokio, koks j\u012f \u012ftrauk\u0117 gruod\u017eio 13-\u0105j\u0105 \u012f\u017eengus \u012f Runos parduotuv\u0117l\u0119, tikrai nesitik\u0117jo. Jam svetimi burtai, magija ir prana\u0161yst\u0117s, ta\u010diau netrukus bus priverstas pripa\u017einti, jog Runa, juodaplauk\u0117 raganait\u0117, j\u012f visi\u0161kai paker\u0117jo. \u017dodis po \u017eod\u017eio, ir atmosfera nesustabdomai kaista. Ta\u010diau Runa turi kur kas daugiau paslap\u010di\u0173, nei Benediktas gal\u0117t\u0173 \u012fsivaizduoti net dr\u0105siausiose fantazijose. Ar prie\u0161kal\u0117din\u0117s magijos u\u017eteks visiems i\u0161\u0161\u016bkiams ir sunkumams \u012fveikti?<\/p>\n","protected":false},"featured_media":25404,"comment_status":"open","ping_status":"closed","template":"","meta":{"_acf_changed":false,"site-sidebar-layout":"default","site-content-layout":"","ast-site-content-layout":"default","site-content-style":"default","site-sidebar-style":"default","ast-global-header-display":"","ast-banner-title-visibility":"","ast-main-header-display":"","ast-hfb-above-header-display":"","ast-hfb-below-header-display":"","ast-hfb-mobile-header-display":"","site-post-title":"","ast-breadcrumbs-content":"","ast-featured-img":"","footer-sml-layout":"","ast-disable-related-posts":"","theme-transparent-header-meta":"","adv-header-id-meta":"","stick-header-meta":"","header-above-stick-meta":"","header-main-stick-meta":"","header-below-stick-meta":"","astra-migrate-meta-layouts":"default","ast-page-background-enabled":"default","ast-page-background-meta":{"desktop":{"background-color":"","background-image":"","background-repeat":"repeat","background-position":"center center","background-size":"auto","background-attachment":"scroll","background-type":"","background-media":"","overlay-type":"","overlay-color":"","overlay-opacity":"","overlay-gradient":""},"tablet":{"background-color":"","background-image":"","background-repeat":"repeat","background-position":"center center","background-size":"auto","background-attachment":"scroll","background-type":"","background-media":"","overlay-type":"","overlay-color":"","overlay-opacity":"","overlay-gradient":""},"mobile":{"background-color":"","background-image":"","background-repeat":"repeat","background-position":"center center","background-size":"auto","background-attachment":"scroll","background-type":"","background-media":"","overlay-type":"","overlay-color":"","overlay-opacity":"","overlay-gradient":""}},"ast-content-background-meta":{"desktop":{"background-color":"var(--ast-global-color-4)","background-image":"","background-repeat":"repeat","background-position":"center center","background-size":"auto","background-attachment":"scroll","background-type":"","background-media":"","overlay-type":"","overlay-color":"","overlay-opacity":"","overlay-gradient":""},"tablet":{"background-color":"var(--ast-global-color-4)","background-image":"","background-repeat":"repeat","background-position":"center center","background-size":"auto","background-attachment":"scroll","background-type":"","background-media":"","overlay-type":"","overlay-color":"","overlay-opacity":"","overlay-gradient":""},"mobile":{"background-color":"var(--ast-global-color-4)","background-image":"","background-repeat":"repeat","background-position":"center center","background-size":"auto","background-attachment":"scroll","background-type":"","background-media":"","overlay-type":"","overlay-color":"","overlay-opacity":"","overlay-gradient":""}}},"product_brand":[],"product_cat":[9583],"product_tag":[],"class_list":{"0":"post-25399","1":"product","2":"type-product","3":"status-publish","4":"has-post-thumbnail","6":"product_cat-erotiniai-romanai","7":"desktop-align-left","8":"tablet-align-left","9":"mobile-align-left","11":"first","12":"outofstock","13":"shipping-taxable","14":"purchasable","15":"product-type-simple"},"acf":[],"yoast_head":"<!-- This site is optimized with the Yoast SEO plugin v27.0 - https:\/\/yoast.com\/product\/yoast-seo-wordpress\/ -->\n<title>Meil\u0117 devyniarag\u0117<\/title>\n<meta name=\"description\" content=\"Ar atpa\u017eintum\u0117te stebukl\u0105, jei jis pasibelst\u0173 \u012f j\u016bs\u0173 duris? Populiari\u0173, mistikos ir aistros kupin\u0173 roman\u0173 autor\u0117 Lavisa Spell pristato kal\u0117din\u0119 meil\u0117s\" \/>\n<meta name=\"robots\" content=\"index, follow, max-snippet:-1, max-image-preview:large, max-video-preview:-1\" \/>\n<link rel=\"canonical\" href=\"https:\/\/skaitytaknyga.lt\/en\/produktas\/meile-devyniarage\/\" \/>\n<meta property=\"og:locale\" content=\"en_GB\" \/>\n<meta property=\"og:locale:alternate\" content=\"lt_LT\" \/>\n<meta property=\"og:type\" content=\"article\" \/>\n<meta property=\"og:title\" content=\"Meil\u0117 devyniarag\u0117\" \/>\n<meta property=\"og:description\" content=\"Ar atpa\u017eintum\u0117te stebukl\u0105, jei jis pasibelst\u0173 \u012f j\u016bs\u0173 duris? Populiari\u0173, mistikos ir aistros kupin\u0173 roman\u0173 autor\u0117 Lavisa Spell pristato kal\u0117din\u0119 meil\u0117s\" \/>\n<meta property=\"og:url\" content=\"https:\/\/skaitytaknyga.lt\/en\/produktas\/meile-devyniarage\/\" \/>\n<meta property=\"og:site_name\" content=\"Skaitytaknyga\" \/>\n<meta property=\"article:publisher\" content=\"https:\/\/www.facebook.com\/skaitytaknyga\/\" \/>\n<meta property=\"article:modified_time\" content=\"2026-04-03T08:46:43+00:00\" \/>\n<meta property=\"og:image\" content=\"https:\/\/skaitytaknyga.lt\/wp-content\/uploads\/2026\/04\/Meile-devyniarage.webp\" \/>\n\t<meta property=\"og:image:width\" content=\"549\" \/>\n\t<meta property=\"og:image:height\" content=\"801\" \/>\n\t<meta property=\"og:image:type\" content=\"image\/webp\" \/>\n<meta name=\"twitter:card\" content=\"summary_large_image\" \/>\n<meta name=\"twitter:label1\" content=\"Estimated reading time\" \/>\n\t<meta name=\"twitter:data1\" content=\"1 minute\" \/>\n<script type=\"application\/ld+json\" class=\"yoast-schema-graph\">{\"@context\":\"https:\/\/schema.org\",\"@graph\":[{\"@type\":\"WebPage\",\"@id\":\"https:\/\/skaitytaknyga.lt\/produktas\/meile-devyniarage\/\",\"url\":\"https:\/\/skaitytaknyga.lt\/produktas\/meile-devyniarage\/\",\"name\":\"Meil\u0117 devyniarag\u0117\",\"isPartOf\":{\"@id\":\"https:\/\/skaitytaknyga.lt\/#website\"},\"primaryImageOfPage\":{\"@id\":\"https:\/\/skaitytaknyga.lt\/produktas\/meile-devyniarage\/#primaryimage\"},\"image\":{\"@id\":\"https:\/\/skaitytaknyga.lt\/produktas\/meile-devyniarage\/#primaryimage\"},\"thumbnailUrl\":\"https:\/\/skaitytaknyga.lt\/wp-content\/uploads\/2026\/04\/Meile-devyniarage.webp\",\"datePublished\":\"2026-04-02T08:27:57+00:00\",\"dateModified\":\"2026-04-03T08:46:43+00:00\",\"description\":\"Ar atpa\u017eintum\u0117te stebukl\u0105, jei jis pasibelst\u0173 \u012f j\u016bs\u0173 duris? Populiari\u0173, mistikos ir aistros kupin\u0173 roman\u0173 autor\u0117 Lavisa Spell pristato kal\u0117din\u0119 meil\u0117s\",\"breadcrumb\":{\"@id\":\"https:\/\/skaitytaknyga.lt\/produktas\/meile-devyniarage\/#breadcrumb\"},\"inLanguage\":\"en-GB\",\"potentialAction\":[{\"@type\":\"ReadAction\",\"target\":[\"https:\/\/skaitytaknyga.lt\/produktas\/meile-devyniarage\/\"]}]},{\"@type\":\"ImageObject\",\"inLanguage\":\"en-GB\",\"@id\":\"https:\/\/skaitytaknyga.lt\/produktas\/meile-devyniarage\/#primaryimage\",\"url\":\"https:\/\/skaitytaknyga.lt\/wp-content\/uploads\/2026\/04\/Meile-devyniarage.webp\",\"contentUrl\":\"https:\/\/skaitytaknyga.lt\/wp-content\/uploads\/2026\/04\/Meile-devyniarage.webp\",\"width\":549,\"height\":801,\"caption\":\"Meil\u0117 devyniarag\u0117\"},{\"@type\":\"BreadcrumbList\",\"@id\":\"https:\/\/skaitytaknyga.lt\/produktas\/meile-devyniarage\/#breadcrumb\",\"itemListElement\":[{\"@type\":\"ListItem\",\"position\":1,\"name\":\"Home\",\"item\":\"https:\/\/skaitytaknyga.lt\/\"},{\"@type\":\"ListItem\",\"position\":2,\"name\":\"Parduotuv\u0117\",\"item\":\"https:\/\/skaitytaknyga.lt\/knygu-parduotuve\/\"},{\"@type\":\"ListItem\",\"position\":3,\"name\":\"Meil\u0117 devyniarag\u0117\"}]},{\"@type\":\"WebSite\",\"@id\":\"https:\/\/skaitytaknyga.lt\/#website\",\"url\":\"https:\/\/skaitytaknyga.lt\/\",\"name\":\"skaitytaknyga.lt\",\"description\":\"Skaitytaknyga.lt \u2013 tai ma\u017eas \u0161eimos verslas, kuris prasid\u0117jo nuo meil\u0117s knygoms ir siekio i\u0161gelb\u0117ti knygas nuo likimo prie konteinerio. Kas vienam nereikalingas daiktas \u2013 kitam lobis, o mes esame tarpininkai, kurie padeda abiems tapti laimingesniems ???? \u017dinome kaip nelengva i\u0161gyventi ma\u017eiems verslams, tad nuo \u0161iol, \u010dia rasite ir kit\u0173, ma\u017e\u0173 \u0161eim\u0173 versl\u0173, rank\u0173 darbo, dovan\u0173 sau ir artimiesiems.\",\"publisher\":{\"@id\":\"https:\/\/skaitytaknyga.lt\/#organization\"},\"potentialAction\":[{\"@type\":\"SearchAction\",\"target\":{\"@type\":\"EntryPoint\",\"urlTemplate\":\"https:\/\/skaitytaknyga.lt\/?s={search_term_string}\"},\"query-input\":{\"@type\":\"PropertyValueSpecification\",\"valueRequired\":true,\"valueName\":\"search_term_string\"}}],\"inLanguage\":\"en-GB\"},{\"@type\":\"Organization\",\"@id\":\"https:\/\/skaitytaknyga.lt\/#organization\",\"name\":\"skaitytaknyga.lt\",\"url\":\"https:\/\/skaitytaknyga.lt\/\",\"logo\":{\"@type\":\"ImageObject\",\"inLanguage\":\"en-GB\",\"@id\":\"https:\/\/skaitytaknyga.lt\/#\/schema\/logo\/image\/\",\"url\":\"https:\/\/skaitytaknyga.lt\/wp-content\/uploads\/2024\/05\/cropped-cropped-cropped-02_00843_jt3bggkj1j3HLc7SyY6rEUpg.jpeg\",\"contentUrl\":\"https:\/\/skaitytaknyga.lt\/wp-content\/uploads\/2024\/05\/cropped-cropped-cropped-02_00843_jt3bggkj1j3HLc7SyY6rEUpg.jpeg\",\"width\":1600,\"height\":1600,\"caption\":\"skaitytaknyga.lt\"},\"image\":{\"@id\":\"https:\/\/skaitytaknyga.lt\/#\/schema\/logo\/image\/\"},\"sameAs\":[\"https:\/\/www.facebook.com\/skaitytaknyga\/\"]}]}<\/script>\n<!-- \/ Yoast SEO plugin. -->","yoast_head_json":{"title":"Meil\u0117 devyniarag\u0117","description":"Ar atpa\u017eintum\u0117te stebukl\u0105, jei jis pasibelst\u0173 \u012f j\u016bs\u0173 duris? Populiari\u0173, mistikos ir aistros kupin\u0173 roman\u0173 autor\u0117 Lavisa Spell pristato kal\u0117din\u0119 meil\u0117s","robots":{"index":"index","follow":"follow","max-snippet":"max-snippet:-1","max-image-preview":"max-image-preview:large","max-video-preview":"max-video-preview:-1"},"canonical":"https:\/\/skaitytaknyga.lt\/en\/produktas\/meile-devyniarage\/","og_locale":"en_GB","og_type":"article","og_title":"[:lt]Meil\u0117 devyniarag\u0117[:] - Skaitytaknyga","og_description":"Ar atpa\u017eintum\u0117te stebukl\u0105, jei jis pasibelst\u0173 \u012f j\u016bs\u0173 duris? Populiari\u0173, mistikos ir aistros kupin\u0173 roman\u0173 autor\u0117 Lavisa Spell pristato kal\u0117din\u0119 meil\u0117s","og_url":"https:\/\/skaitytaknyga.lt\/en\/produktas\/meile-devyniarage\/","og_site_name":"Skaitytaknyga","article_publisher":"https:\/\/www.facebook.com\/skaitytaknyga\/","article_modified_time":"2026-04-03T08:46:43+00:00","og_image":[{"width":549,"height":801,"url":"https:\/\/skaitytaknyga.lt\/wp-content\/uploads\/2026\/04\/Meile-devyniarage.webp","type":"image\/webp"}],"twitter_card":"summary_large_image","twitter_misc":{"Estimated reading time":"1 minute"},"schema":{"@context":"https:\/\/schema.org","@graph":[{"@type":"WebPage","@id":"https:\/\/skaitytaknyga.lt\/produktas\/meile-devyniarage\/","url":"https:\/\/skaitytaknyga.lt\/produktas\/meile-devyniarage\/","name":"Meil\u0117 devyniarag\u0117","isPartOf":{"@id":"https:\/\/skaitytaknyga.lt\/#website"},"primaryImageOfPage":{"@id":"https:\/\/skaitytaknyga.lt\/produktas\/meile-devyniarage\/#primaryimage"},"image":{"@id":"https:\/\/skaitytaknyga.lt\/produktas\/meile-devyniarage\/#primaryimage"},"thumbnailUrl":"https:\/\/skaitytaknyga.lt\/wp-content\/uploads\/2026\/04\/Meile-devyniarage.webp","datePublished":"2026-04-02T08:27:57+00:00","dateModified":"2026-04-03T08:46:43+00:00","description":"Ar atpa\u017eintum\u0117te stebukl\u0105, jei jis pasibelst\u0173 \u012f j\u016bs\u0173 duris? Populiari\u0173, mistikos ir aistros kupin\u0173 roman\u0173 autor\u0117 Lavisa Spell pristato kal\u0117din\u0119 meil\u0117s","breadcrumb":{"@id":"https:\/\/skaitytaknyga.lt\/produktas\/meile-devyniarage\/#breadcrumb"},"inLanguage":"en-GB","potentialAction":[{"@type":"ReadAction","target":["https:\/\/skaitytaknyga.lt\/produktas\/meile-devyniarage\/"]}]},{"@type":"ImageObject","inLanguage":"en-GB","@id":"https:\/\/skaitytaknyga.lt\/produktas\/meile-devyniarage\/#primaryimage","url":"https:\/\/skaitytaknyga.lt\/wp-content\/uploads\/2026\/04\/Meile-devyniarage.webp","contentUrl":"https:\/\/skaitytaknyga.lt\/wp-content\/uploads\/2026\/04\/Meile-devyniarage.webp","width":549,"height":801,"caption":"Meil\u0117 devyniarag\u0117"},{"@type":"BreadcrumbList","@id":"https:\/\/skaitytaknyga.lt\/produktas\/meile-devyniarage\/#breadcrumb","itemListElement":[{"@type":"ListItem","position":1,"name":"Home","item":"https:\/\/skaitytaknyga.lt\/"},{"@type":"ListItem","position":2,"name":"Parduotuv\u0117","item":"https:\/\/skaitytaknyga.lt\/knygu-parduotuve\/"},{"@type":"ListItem","position":3,"name":"Meil\u0117 devyniarag\u0117"}]},{"@type":"WebSite","@id":"https:\/\/skaitytaknyga.lt\/#website","url":"https:\/\/skaitytaknyga.lt\/","name":"skaitytaknyga.lt","description":"Skaitytaknyga.lt \u2013 tai ma\u017eas \u0161eimos verslas, kuris prasid\u0117jo nuo meil\u0117s knygoms ir siekio i\u0161gelb\u0117ti knygas nuo likimo prie konteinerio. Kas vienam nereikalingas daiktas \u2013 kitam lobis, o mes esame tarpininkai, kurie padeda abiems tapti laimingesniems ???? \u017dinome kaip nelengva i\u0161gyventi ma\u017eiems verslams, tad nuo \u0161iol, \u010dia rasite ir kit\u0173, ma\u017e\u0173 \u0161eim\u0173 versl\u0173, rank\u0173 darbo, dovan\u0173 sau ir artimiesiems.","publisher":{"@id":"https:\/\/skaitytaknyga.lt\/#organization"},"potentialAction":[{"@type":"SearchAction","target":{"@type":"EntryPoint","urlTemplate":"https:\/\/skaitytaknyga.lt\/?s={search_term_string}"},"query-input":{"@type":"PropertyValueSpecification","valueRequired":true,"valueName":"search_term_string"}}],"inLanguage":"en-GB"},{"@type":"Organization","@id":"https:\/\/skaitytaknyga.lt\/#organization","name":"skaitytaknyga.lt","url":"https:\/\/skaitytaknyga.lt\/","logo":{"@type":"ImageObject","inLanguage":"en-GB","@id":"https:\/\/skaitytaknyga.lt\/#\/schema\/logo\/image\/","url":"https:\/\/skaitytaknyga.lt\/wp-content\/uploads\/2024\/05\/cropped-cropped-cropped-02_00843_jt3bggkj1j3HLc7SyY6rEUpg.jpeg","contentUrl":"https:\/\/skaitytaknyga.lt\/wp-content\/uploads\/2024\/05\/cropped-cropped-cropped-02_00843_jt3bggkj1j3HLc7SyY6rEUpg.jpeg","width":1600,"height":1600,"caption":"skaitytaknyga.lt"},"image":{"@id":"https:\/\/skaitytaknyga.lt\/#\/schema\/logo\/image\/"},"sameAs":["https:\/\/www.facebook.com\/skaitytaknyga\/"]}]}},"_links":{"self":[{"href":"https:\/\/skaitytaknyga.lt\/en\/wp-json\/wp\/v2\/product\/25399","targetHints":{"allow":["GET"]}}],"collection":[{"href":"https:\/\/skaitytaknyga.lt\/en\/wp-json\/wp\/v2\/product"}],"about":[{"href":"https:\/\/skaitytaknyga.lt\/en\/wp-json\/wp\/v2\/types\/product"}],"replies":[{"embeddable":true,"href":"https:\/\/skaitytaknyga.lt\/en\/wp-json\/wp\/v2\/comments?post=25399"}],"wp:featuredmedia":[{"embeddable":true,"href":"https:\/\/skaitytaknyga.lt\/en\/wp-json\/wp\/v2\/media\/25404"}],"wp:attachment":[{"href":"https:\/\/skaitytaknyga.lt\/en\/wp-json\/wp\/v2\/media?parent=25399"}],"wp:term":[{"taxonomy":"product_brand","embeddable":true,"href":"https:\/\/skaitytaknyga.lt\/en\/wp-json\/wp\/v2\/product_brand?post=25399"},{"taxonomy":"product_cat","embeddable":true,"href":"https:\/\/skaitytaknyga.lt\/en\/wp-json\/wp\/v2\/product_cat?post=25399"},{"taxonomy":"product_tag","embeddable":true,"href":"https:\/\/skaitytaknyga.lt\/en\/wp-json\/wp\/v2\/product_tag?post=25399"}],"curies":[{"name":"wp","href":"https:\/\/api.w.org\/{rel}","templated":true}]}}