{"id":25389,"date":"2026-04-01T16:58:19","date_gmt":"2026-04-01T13:58:19","guid":{"rendered":"https:\/\/skaitytaknyga.lt\/?post_type=product&#038;p=25389"},"modified":"2026-04-02T12:09:47","modified_gmt":"2026-04-02T09:09:47","slug":"seseliuose","status":"publish","type":"product","link":"https:\/\/skaitytaknyga.lt\/en\/produktas\/seseliuose\/","title":{"rendered":"\u0160e\u0161\u0117liuose"},"content":{"rendered":"<p>Kad j\u0105 apsaugot\u0173, jis turi likti nematomas&#8230;<\/p>\n<p>D\u017eekas Makenas jau paauglyst\u0117je \u012fsimyl\u0117jo \u0160el\u0119. Juodu susituok\u0117 vos baig\u0119 koled\u017e\u0105, prie\u0161 pat jam pradedant dirbti FTB slaptuoju agentu. Rad\u0119s prog\u0105 jis atitr\u016bksta nuo savo darb\u0173 ir skuba pasimatyti su ja.<\/p>\n<p>D\u017eekas jau kelet\u0105 m\u0117nesi\u0173 slapta dirbo prie savo naujausios bylos, tyr\u0117 ginkl\u0173 kontrabandos versl\u0105. Bet FTB kilo sumai\u0161tis ir D\u017eeko priedanga subliu\u0161ko. Paskutinis dalykas, kur\u012f pajuto \u0161okdamas pro sand\u0117lio lang\u0105 \u012f vanden\u012f, buvo kulka, skrod\u017eianti jam nugar\u0105. Paskutiniai i\u0161girsti \u017eod\u017eiai buvo Adamo Ito pa\u017eadas sunaikinti visus D\u017eeko mylimus \u017emones.<\/p>\n<p>\u0160el\u0117s did\u017eiausi ko\u0161marai prasid\u0117jo, kai FTB pasibeld\u0117 \u012f jos nam\u0173 duris su bloga \u017einia. Ta\u010diau ji ne\u017einojo tiesos: D\u017eekas per \u0161audym\u0105 i\u0161gyveno ir padarys visk\u0105, kad jo mylima \u017emona b\u016bt\u0173 saugi, net jei d\u0117l to jam tekt\u0173 gyventi \u0161e\u0161\u0117liuose&#8230;<\/p>\n","protected":false},"excerpt":{"rendered":"<p>Kad j\u0105 apsaugot\u0173, jis turi likti nematomas&#8230; D\u017eekas Makenas jau paauglyst\u0117je \u012fsimyl\u0117jo \u0160el\u0119. Juodu susituok\u0117 vos baig\u0119 koled\u017e\u0105, prie\u0161 pat jam pradedant dirbti FTB slaptuoju agentu. Rad\u0119s prog\u0105 jis atitr\u016bksta nuo savo darb\u0173 ir skuba pasimatyti su ja. D\u017eekas jau kelet\u0105 m\u0117nesi\u0173 slapta dirbo prie savo naujausios bylos, tyr\u0117 ginkl\u0173 kontrabandos versl\u0105. Bet FTB kilo sumai\u0161tis ir D\u017eeko priedanga subliu\u0161ko. Paskutinis dalykas, kur\u012f pajuto \u0161okdamas pro sand\u0117lio lang\u0105 \u012f vanden\u012f, buvo kulka, skrod\u017eianti jam nugar\u0105. Paskutiniai i\u0161girsti \u017eod\u017eiai buvo Adamo Ito pa\u017eadas sunaikinti visus D\u017eeko mylimus \u017emones. \u0160el\u0117s did\u017eiausi ko\u0161marai prasid\u0117jo, kai FTB pasibeld\u0117 \u012f jos nam\u0173 duris su bloga \u017einia. Ta\u010diau ji ne\u017einojo tiesos: D\u017eekas per \u0161audym\u0105 i\u0161gyveno ir padarys visk\u0105, kad jo mylima \u017emona b\u016bt\u0173 saugi, net jei d\u0117l to jam tekt\u0173 gyventi \u0161e\u0161\u0117liuose&#8230;<\/p>\n","protected":false},"featured_media":25396,"comment_status":"open","ping_status":"closed","template":"","meta":{"_acf_changed":false,"site-sidebar-layout":"default","site-content-layout":"","ast-site-content-layout":"default","site-content-style":"default","site-sidebar-style":"default","ast-global-header-display":"","ast-banner-title-visibility":"","ast-main-header-display":"","ast-hfb-above-header-display":"","ast-hfb-below-header-display":"","ast-hfb-mobile-header-display":"","site-post-title":"","ast-breadcrumbs-content":"","ast-featured-img":"","footer-sml-layout":"","ast-disable-related-posts":"","theme-transparent-header-meta":"","adv-header-id-meta":"","stick-header-meta":"","header-above-stick-meta":"","header-main-stick-meta":"","header-below-stick-meta":"","astra-migrate-meta-layouts":"default","ast-page-background-enabled":"default","ast-page-background-meta":{"desktop":{"background-color":"","background-image":"","background-repeat":"repeat","background-position":"center center","background-size":"auto","background-attachment":"scroll","background-type":"","background-media":"","overlay-type":"","overlay-color":"","overlay-opacity":"","overlay-gradient":""},"tablet":{"background-color":"","background-image":"","background-repeat":"repeat","background-position":"center center","background-size":"auto","background-attachment":"scroll","background-type":"","background-media":"","overlay-type":"","overlay-color":"","overlay-opacity":"","overlay-gradient":""},"mobile":{"background-color":"","background-image":"","background-repeat":"repeat","background-position":"center center","background-size":"auto","background-attachment":"scroll","background-type":"","background-media":"","overlay-type":"","overlay-color":"","overlay-opacity":"","overlay-gradient":""}},"ast-content-background-meta":{"desktop":{"background-color":"var(--ast-global-color-4)","background-image":"","background-repeat":"repeat","background-position":"center center","background-size":"auto","background-attachment":"scroll","background-type":"","background-media":"","overlay-type":"","overlay-color":"","overlay-opacity":"","overlay-gradient":""},"tablet":{"background-color":"var(--ast-global-color-4)","background-image":"","background-repeat":"repeat","background-position":"center center","background-size":"auto","background-attachment":"scroll","background-type":"","background-media":"","overlay-type":"","overlay-color":"","overlay-opacity":"","overlay-gradient":""},"mobile":{"background-color":"var(--ast-global-color-4)","background-image":"","background-repeat":"repeat","background-position":"center center","background-size":"auto","background-attachment":"scroll","background-type":"","background-media":"","overlay-type":"","overlay-color":"","overlay-opacity":"","overlay-gradient":""}}},"product_brand":[],"product_cat":[9579,9580],"product_tag":[],"class_list":{"0":"post-25389","1":"product","2":"type-product","3":"status-publish","4":"has-post-thumbnail","6":"product_cat-meiles-romanai","7":"product_cat-psichologiniai-detektyvai","8":"desktop-align-left","9":"tablet-align-left","10":"mobile-align-left","12":"first","13":"instock","14":"shipping-taxable","15":"purchasable","16":"product-type-simple"},"acf":[],"yoast_head":"<!-- This site is optimized with the Yoast SEO plugin v27.0 - https:\/\/yoast.com\/product\/yoast-seo-wordpress\/ -->\n<title>\u0160e\u0161\u0117liuose<\/title>\n<meta name=\"description\" content=\"Kad j\u0105 apsaugot\u0173, jis turi likti nematomas... D\u017eekas Makenas jau paauglyst\u0117je \u012fsimyl\u0117jo \u0160el\u0119. Juodu susituok\u0117 vos baig\u0119 koled\u017e\u0105, prie\u0161 pat jam pradedant\" \/>\n<meta name=\"robots\" content=\"index, follow, max-snippet:-1, max-image-preview:large, max-video-preview:-1\" \/>\n<link rel=\"canonical\" href=\"https:\/\/skaitytaknyga.lt\/en\/produktas\/seseliuose\/\" \/>\n<meta property=\"og:locale\" content=\"en_GB\" \/>\n<meta property=\"og:locale:alternate\" content=\"lt_LT\" \/>\n<meta property=\"og:type\" content=\"article\" \/>\n<meta property=\"og:title\" content=\"\u0160e\u0161\u0117liuose\" \/>\n<meta property=\"og:description\" content=\"Kad j\u0105 apsaugot\u0173, jis turi likti nematomas... D\u017eekas Makenas jau paauglyst\u0117je \u012fsimyl\u0117jo \u0160el\u0119. Juodu susituok\u0117 vos baig\u0119 koled\u017e\u0105, prie\u0161 pat jam pradedant\" \/>\n<meta property=\"og:url\" content=\"https:\/\/skaitytaknyga.lt\/en\/produktas\/seseliuose\/\" \/>\n<meta property=\"og:site_name\" content=\"Skaitytaknyga\" \/>\n<meta property=\"article:publisher\" content=\"https:\/\/www.facebook.com\/skaitytaknyga\/\" \/>\n<meta property=\"article:modified_time\" content=\"2026-04-02T09:09:47+00:00\" \/>\n<meta property=\"og:image\" content=\"https:\/\/skaitytaknyga.lt\/wp-content\/uploads\/2026\/04\/Seseliuose.webp\" \/>\n\t<meta property=\"og:image:width\" content=\"517\" \/>\n\t<meta property=\"og:image:height\" content=\"716\" \/>\n\t<meta property=\"og:image:type\" content=\"image\/webp\" \/>\n<meta name=\"twitter:card\" content=\"summary_large_image\" \/>\n<meta name=\"twitter:label1\" content=\"Estimated reading time\" \/>\n\t<meta name=\"twitter:data1\" content=\"1 minute\" \/>\n<script type=\"application\/ld+json\" class=\"yoast-schema-graph\">{\"@context\":\"https:\/\/schema.org\",\"@graph\":[{\"@type\":\"WebPage\",\"@id\":\"https:\/\/skaitytaknyga.lt\/produktas\/seseliuose\/\",\"url\":\"https:\/\/skaitytaknyga.lt\/produktas\/seseliuose\/\",\"name\":\"\u0160e\u0161\u0117liuose\",\"isPartOf\":{\"@id\":\"https:\/\/skaitytaknyga.lt\/#website\"},\"primaryImageOfPage\":{\"@id\":\"https:\/\/skaitytaknyga.lt\/produktas\/seseliuose\/#primaryimage\"},\"image\":{\"@id\":\"https:\/\/skaitytaknyga.lt\/produktas\/seseliuose\/#primaryimage\"},\"thumbnailUrl\":\"https:\/\/skaitytaknyga.lt\/wp-content\/uploads\/2026\/04\/Seseliuose.webp\",\"datePublished\":\"2026-04-01T13:58:19+00:00\",\"dateModified\":\"2026-04-02T09:09:47+00:00\",\"description\":\"Kad j\u0105 apsaugot\u0173, jis turi likti nematomas... D\u017eekas Makenas jau paauglyst\u0117je \u012fsimyl\u0117jo \u0160el\u0119. Juodu susituok\u0117 vos baig\u0119 koled\u017e\u0105, prie\u0161 pat jam pradedant\",\"breadcrumb\":{\"@id\":\"https:\/\/skaitytaknyga.lt\/produktas\/seseliuose\/#breadcrumb\"},\"inLanguage\":\"en-GB\",\"potentialAction\":[{\"@type\":\"ReadAction\",\"target\":[\"https:\/\/skaitytaknyga.lt\/produktas\/seseliuose\/\"]}]},{\"@type\":\"ImageObject\",\"inLanguage\":\"en-GB\",\"@id\":\"https:\/\/skaitytaknyga.lt\/produktas\/seseliuose\/#primaryimage\",\"url\":\"https:\/\/skaitytaknyga.lt\/wp-content\/uploads\/2026\/04\/Seseliuose.webp\",\"contentUrl\":\"https:\/\/skaitytaknyga.lt\/wp-content\/uploads\/2026\/04\/Seseliuose.webp\",\"width\":517,\"height\":716,\"caption\":\"\u0160e\u0161\u0117liuose\"},{\"@type\":\"BreadcrumbList\",\"@id\":\"https:\/\/skaitytaknyga.lt\/produktas\/seseliuose\/#breadcrumb\",\"itemListElement\":[{\"@type\":\"ListItem\",\"position\":1,\"name\":\"Home\",\"item\":\"https:\/\/skaitytaknyga.lt\/\"},{\"@type\":\"ListItem\",\"position\":2,\"name\":\"Parduotuv\u0117\",\"item\":\"https:\/\/skaitytaknyga.lt\/knygu-parduotuve\/\"},{\"@type\":\"ListItem\",\"position\":3,\"name\":\"\u0160e\u0161\u0117liuose\"}]},{\"@type\":\"WebSite\",\"@id\":\"https:\/\/skaitytaknyga.lt\/#website\",\"url\":\"https:\/\/skaitytaknyga.lt\/\",\"name\":\"skaitytaknyga.lt\",\"description\":\"Skaitytaknyga.lt \u2013 tai ma\u017eas \u0161eimos verslas, kuris prasid\u0117jo nuo meil\u0117s knygoms ir siekio i\u0161gelb\u0117ti knygas nuo likimo prie konteinerio. Kas vienam nereikalingas daiktas \u2013 kitam lobis, o mes esame tarpininkai, kurie padeda abiems tapti laimingesniems ???? \u017dinome kaip nelengva i\u0161gyventi ma\u017eiems verslams, tad nuo \u0161iol, \u010dia rasite ir kit\u0173, ma\u017e\u0173 \u0161eim\u0173 versl\u0173, rank\u0173 darbo, dovan\u0173 sau ir artimiesiems.\",\"publisher\":{\"@id\":\"https:\/\/skaitytaknyga.lt\/#organization\"},\"potentialAction\":[{\"@type\":\"SearchAction\",\"target\":{\"@type\":\"EntryPoint\",\"urlTemplate\":\"https:\/\/skaitytaknyga.lt\/?s={search_term_string}\"},\"query-input\":{\"@type\":\"PropertyValueSpecification\",\"valueRequired\":true,\"valueName\":\"search_term_string\"}}],\"inLanguage\":\"en-GB\"},{\"@type\":\"Organization\",\"@id\":\"https:\/\/skaitytaknyga.lt\/#organization\",\"name\":\"skaitytaknyga.lt\",\"url\":\"https:\/\/skaitytaknyga.lt\/\",\"logo\":{\"@type\":\"ImageObject\",\"inLanguage\":\"en-GB\",\"@id\":\"https:\/\/skaitytaknyga.lt\/#\/schema\/logo\/image\/\",\"url\":\"https:\/\/skaitytaknyga.lt\/wp-content\/uploads\/2024\/05\/cropped-cropped-cropped-02_00843_jt3bggkj1j3HLc7SyY6rEUpg.jpeg\",\"contentUrl\":\"https:\/\/skaitytaknyga.lt\/wp-content\/uploads\/2024\/05\/cropped-cropped-cropped-02_00843_jt3bggkj1j3HLc7SyY6rEUpg.jpeg\",\"width\":1600,\"height\":1600,\"caption\":\"skaitytaknyga.lt\"},\"image\":{\"@id\":\"https:\/\/skaitytaknyga.lt\/#\/schema\/logo\/image\/\"},\"sameAs\":[\"https:\/\/www.facebook.com\/skaitytaknyga\/\"]}]}<\/script>\n<!-- \/ Yoast SEO plugin. -->","yoast_head_json":{"title":"\u0160e\u0161\u0117liuose","description":"Kad j\u0105 apsaugot\u0173, jis turi likti nematomas... D\u017eekas Makenas jau paauglyst\u0117je \u012fsimyl\u0117jo \u0160el\u0119. Juodu susituok\u0117 vos baig\u0119 koled\u017e\u0105, prie\u0161 pat jam pradedant","robots":{"index":"index","follow":"follow","max-snippet":"max-snippet:-1","max-image-preview":"max-image-preview:large","max-video-preview":"max-video-preview:-1"},"canonical":"https:\/\/skaitytaknyga.lt\/en\/produktas\/seseliuose\/","og_locale":"en_GB","og_type":"article","og_title":"[:lt]\u0160e\u0161\u0117liuose[:] - Skaitytaknyga","og_description":"Kad j\u0105 apsaugot\u0173, jis turi likti nematomas... D\u017eekas Makenas jau paauglyst\u0117je \u012fsimyl\u0117jo \u0160el\u0119. Juodu susituok\u0117 vos baig\u0119 koled\u017e\u0105, prie\u0161 pat jam pradedant","og_url":"https:\/\/skaitytaknyga.lt\/en\/produktas\/seseliuose\/","og_site_name":"Skaitytaknyga","article_publisher":"https:\/\/www.facebook.com\/skaitytaknyga\/","article_modified_time":"2026-04-02T09:09:47+00:00","og_image":[{"width":517,"height":716,"url":"https:\/\/skaitytaknyga.lt\/wp-content\/uploads\/2026\/04\/Seseliuose.webp","type":"image\/webp"}],"twitter_card":"summary_large_image","twitter_misc":{"Estimated reading time":"1 minute"},"schema":{"@context":"https:\/\/schema.org","@graph":[{"@type":"WebPage","@id":"https:\/\/skaitytaknyga.lt\/produktas\/seseliuose\/","url":"https:\/\/skaitytaknyga.lt\/produktas\/seseliuose\/","name":"\u0160e\u0161\u0117liuose","isPartOf":{"@id":"https:\/\/skaitytaknyga.lt\/#website"},"primaryImageOfPage":{"@id":"https:\/\/skaitytaknyga.lt\/produktas\/seseliuose\/#primaryimage"},"image":{"@id":"https:\/\/skaitytaknyga.lt\/produktas\/seseliuose\/#primaryimage"},"thumbnailUrl":"https:\/\/skaitytaknyga.lt\/wp-content\/uploads\/2026\/04\/Seseliuose.webp","datePublished":"2026-04-01T13:58:19+00:00","dateModified":"2026-04-02T09:09:47+00:00","description":"Kad j\u0105 apsaugot\u0173, jis turi likti nematomas... D\u017eekas Makenas jau paauglyst\u0117je \u012fsimyl\u0117jo \u0160el\u0119. Juodu susituok\u0117 vos baig\u0119 koled\u017e\u0105, prie\u0161 pat jam pradedant","breadcrumb":{"@id":"https:\/\/skaitytaknyga.lt\/produktas\/seseliuose\/#breadcrumb"},"inLanguage":"en-GB","potentialAction":[{"@type":"ReadAction","target":["https:\/\/skaitytaknyga.lt\/produktas\/seseliuose\/"]}]},{"@type":"ImageObject","inLanguage":"en-GB","@id":"https:\/\/skaitytaknyga.lt\/produktas\/seseliuose\/#primaryimage","url":"https:\/\/skaitytaknyga.lt\/wp-content\/uploads\/2026\/04\/Seseliuose.webp","contentUrl":"https:\/\/skaitytaknyga.lt\/wp-content\/uploads\/2026\/04\/Seseliuose.webp","width":517,"height":716,"caption":"\u0160e\u0161\u0117liuose"},{"@type":"BreadcrumbList","@id":"https:\/\/skaitytaknyga.lt\/produktas\/seseliuose\/#breadcrumb","itemListElement":[{"@type":"ListItem","position":1,"name":"Home","item":"https:\/\/skaitytaknyga.lt\/"},{"@type":"ListItem","position":2,"name":"Parduotuv\u0117","item":"https:\/\/skaitytaknyga.lt\/knygu-parduotuve\/"},{"@type":"ListItem","position":3,"name":"\u0160e\u0161\u0117liuose"}]},{"@type":"WebSite","@id":"https:\/\/skaitytaknyga.lt\/#website","url":"https:\/\/skaitytaknyga.lt\/","name":"skaitytaknyga.lt","description":"Skaitytaknyga.lt \u2013 tai ma\u017eas \u0161eimos verslas, kuris prasid\u0117jo nuo meil\u0117s knygoms ir siekio i\u0161gelb\u0117ti knygas nuo likimo prie konteinerio. Kas vienam nereikalingas daiktas \u2013 kitam lobis, o mes esame tarpininkai, kurie padeda abiems tapti laimingesniems ???? \u017dinome kaip nelengva i\u0161gyventi ma\u017eiems verslams, tad nuo \u0161iol, \u010dia rasite ir kit\u0173, ma\u017e\u0173 \u0161eim\u0173 versl\u0173, rank\u0173 darbo, dovan\u0173 sau ir artimiesiems.","publisher":{"@id":"https:\/\/skaitytaknyga.lt\/#organization"},"potentialAction":[{"@type":"SearchAction","target":{"@type":"EntryPoint","urlTemplate":"https:\/\/skaitytaknyga.lt\/?s={search_term_string}"},"query-input":{"@type":"PropertyValueSpecification","valueRequired":true,"valueName":"search_term_string"}}],"inLanguage":"en-GB"},{"@type":"Organization","@id":"https:\/\/skaitytaknyga.lt\/#organization","name":"skaitytaknyga.lt","url":"https:\/\/skaitytaknyga.lt\/","logo":{"@type":"ImageObject","inLanguage":"en-GB","@id":"https:\/\/skaitytaknyga.lt\/#\/schema\/logo\/image\/","url":"https:\/\/skaitytaknyga.lt\/wp-content\/uploads\/2024\/05\/cropped-cropped-cropped-02_00843_jt3bggkj1j3HLc7SyY6rEUpg.jpeg","contentUrl":"https:\/\/skaitytaknyga.lt\/wp-content\/uploads\/2024\/05\/cropped-cropped-cropped-02_00843_jt3bggkj1j3HLc7SyY6rEUpg.jpeg","width":1600,"height":1600,"caption":"skaitytaknyga.lt"},"image":{"@id":"https:\/\/skaitytaknyga.lt\/#\/schema\/logo\/image\/"},"sameAs":["https:\/\/www.facebook.com\/skaitytaknyga\/"]}]}},"_links":{"self":[{"href":"https:\/\/skaitytaknyga.lt\/en\/wp-json\/wp\/v2\/product\/25389","targetHints":{"allow":["GET"]}}],"collection":[{"href":"https:\/\/skaitytaknyga.lt\/en\/wp-json\/wp\/v2\/product"}],"about":[{"href":"https:\/\/skaitytaknyga.lt\/en\/wp-json\/wp\/v2\/types\/product"}],"replies":[{"embeddable":true,"href":"https:\/\/skaitytaknyga.lt\/en\/wp-json\/wp\/v2\/comments?post=25389"}],"wp:featuredmedia":[{"embeddable":true,"href":"https:\/\/skaitytaknyga.lt\/en\/wp-json\/wp\/v2\/media\/25396"}],"wp:attachment":[{"href":"https:\/\/skaitytaknyga.lt\/en\/wp-json\/wp\/v2\/media?parent=25389"}],"wp:term":[{"taxonomy":"product_brand","embeddable":true,"href":"https:\/\/skaitytaknyga.lt\/en\/wp-json\/wp\/v2\/product_brand?post=25389"},{"taxonomy":"product_cat","embeddable":true,"href":"https:\/\/skaitytaknyga.lt\/en\/wp-json\/wp\/v2\/product_cat?post=25389"},{"taxonomy":"product_tag","embeddable":true,"href":"https:\/\/skaitytaknyga.lt\/en\/wp-json\/wp\/v2\/product_tag?post=25389"}],"curies":[{"name":"wp","href":"https:\/\/api.w.org\/{rel}","templated":true}]}}