{"id":25388,"date":"2026-04-01T16:58:18","date_gmt":"2026-04-01T13:58:18","guid":{"rendered":"https:\/\/skaitytaknyga.lt\/?post_type=product&#038;p=25388"},"modified":"2026-04-02T12:09:47","modified_gmt":"2026-04-02T09:09:47","slug":"pralauztas-ledas","status":"publish","type":"product","link":"https:\/\/skaitytaknyga.lt\/en\/produktas\/pralauztas-ledas\/","title":{"rendered":"Pralau\u017etas ledas"},"content":{"rendered":"<p>Skirta 18+<\/p>\n<p>Tiktoko sensacija! \u017die\u017eirbos lekia, kai dailiojo \u010diuo\u017eimo sportininkei bei ledo ritulio komandos kapitonui tenka dalytis arena.<\/p>\n<p>Jis vienintelis dalykas, kurio ji neplanavo.<\/p>\n<p>Anastasija Alen vis\u0105 gyvenim\u0105 steng\u0117si \u012fsilieti tarp geriausi\u0173 JAV \u010diuo\u017e\u0117j\u0173. Regis, svajon\u0117 pradeda pildytis, kai merginai suteikiama solidi stipendija Kalifornijos universitete, Meipl Hilso koled\u017ee, bei vieta universiteto dailiojo \u010diuo\u017eimo komandoje.<\/p>\n<p>Anastasijai niekas nesutrukdys, net ledo ritulio komandos kapitonas Natas Hokinsas!<\/p>\n<p>Kadangi yra kapitonas, Natui svarbiausia, kad komanda \u017eaist\u0173 ritul\u012f, ta\u010diau tam atsiranda kli\u016b\u010di\u0173. Sugedus \u012frengimams, tenka dalytis ledo arena su dailiojo \u010diuo\u017eimo komanda, kuriai priklauso ir akivaizd\u017eiai Nato neapken\u010dianti Anastasija.<\/p>\n<p>Visgi, Anastasijos \u010diuo\u017eimo partnerio perspektyvoms panirus \u012f migl\u0105, ar tik neteks jai kreiptis pagalbos \u012f Nat\u0105?<\/p>\n<p>\u017die\u017eirbos lekia, tik Anastasijai tai n\u0117 motais&#8230; Juk ne\u012fmanoma susi\u017eav\u0117ti ledo ritulininku, tiesa?<\/p>\n","protected":false},"excerpt":{"rendered":"<p>Skirta 18+ Tiktoko sensacija! \u017die\u017eirbos lekia, kai dailiojo \u010diuo\u017eimo sportininkei bei ledo ritulio komandos kapitonui tenka dalytis arena. Jis vienintelis dalykas, kurio ji neplanavo. Anastasija Alen vis\u0105 gyvenim\u0105 steng\u0117si \u012fsilieti tarp geriausi\u0173 JAV \u010diuo\u017e\u0117j\u0173. Regis, svajon\u0117 pradeda pildytis, kai merginai suteikiama solidi stipendija Kalifornijos universitete, Meipl Hilso koled\u017ee, bei vieta universiteto dailiojo \u010diuo\u017eimo komandoje. Anastasijai niekas nesutrukdys, net ledo ritulio komandos kapitonas Natas Hokinsas! Kadangi yra kapitonas, Natui svarbiausia, kad komanda \u017eaist\u0173 ritul\u012f, ta\u010diau tam atsiranda kli\u016b\u010di\u0173. Sugedus \u012frengimams, tenka dalytis ledo arena su dailiojo \u010diuo\u017eimo komanda, kuriai priklauso ir akivaizd\u017eiai Nato neapken\u010dianti Anastasija. Visgi, Anastasijos \u010diuo\u017eimo partnerio perspektyvoms panirus \u012f migl\u0105, ar tik neteks jai kreiptis pagalbos \u012f Nat\u0105? \u017die\u017eirbos lekia, tik Anastasijai tai n\u0117 motais&#8230; Juk ne\u012fmanoma susi\u017eav\u0117ti ledo ritulininku, tiesa?<\/p>\n","protected":false},"featured_media":25395,"comment_status":"open","ping_status":"closed","template":"","meta":{"_acf_changed":false,"site-sidebar-layout":"default","site-content-layout":"","ast-site-content-layout":"default","site-content-style":"default","site-sidebar-style":"default","ast-global-header-display":"","ast-banner-title-visibility":"","ast-main-header-display":"","ast-hfb-above-header-display":"","ast-hfb-below-header-display":"","ast-hfb-mobile-header-display":"","site-post-title":"","ast-breadcrumbs-content":"","ast-featured-img":"","footer-sml-layout":"","ast-disable-related-posts":"","theme-transparent-header-meta":"","adv-header-id-meta":"","stick-header-meta":"","header-above-stick-meta":"","header-main-stick-meta":"","header-below-stick-meta":"","astra-migrate-meta-layouts":"default","ast-page-background-enabled":"default","ast-page-background-meta":{"desktop":{"background-color":"","background-image":"","background-repeat":"repeat","background-position":"center center","background-size":"auto","background-attachment":"scroll","background-type":"","background-media":"","overlay-type":"","overlay-color":"","overlay-opacity":"","overlay-gradient":""},"tablet":{"background-color":"","background-image":"","background-repeat":"repeat","background-position":"center center","background-size":"auto","background-attachment":"scroll","background-type":"","background-media":"","overlay-type":"","overlay-color":"","overlay-opacity":"","overlay-gradient":""},"mobile":{"background-color":"","background-image":"","background-repeat":"repeat","background-position":"center center","background-size":"auto","background-attachment":"scroll","background-type":"","background-media":"","overlay-type":"","overlay-color":"","overlay-opacity":"","overlay-gradient":""}},"ast-content-background-meta":{"desktop":{"background-color":"var(--ast-global-color-4)","background-image":"","background-repeat":"repeat","background-position":"center center","background-size":"auto","background-attachment":"scroll","background-type":"","background-media":"","overlay-type":"","overlay-color":"","overlay-opacity":"","overlay-gradient":""},"tablet":{"background-color":"var(--ast-global-color-4)","background-image":"","background-repeat":"repeat","background-position":"center center","background-size":"auto","background-attachment":"scroll","background-type":"","background-media":"","overlay-type":"","overlay-color":"","overlay-opacity":"","overlay-gradient":""},"mobile":{"background-color":"var(--ast-global-color-4)","background-image":"","background-repeat":"repeat","background-position":"center center","background-size":"auto","background-attachment":"scroll","background-type":"","background-media":"","overlay-type":"","overlay-color":"","overlay-opacity":"","overlay-gradient":""}}},"product_brand":[],"product_cat":[9583],"product_tag":[],"class_list":{"0":"post-25388","1":"product","2":"type-product","3":"status-publish","4":"has-post-thumbnail","6":"product_cat-erotiniai-romanai","7":"desktop-align-left","8":"tablet-align-left","9":"mobile-align-left","11":"first","12":"instock","13":"shipping-taxable","14":"purchasable","15":"product-type-simple"},"acf":[],"yoast_head":"<!-- This site is optimized with the Yoast SEO plugin v27.0 - https:\/\/yoast.com\/product\/yoast-seo-wordpress\/ -->\n<title>Pralau\u017etas ledas<\/title>\n<meta name=\"description\" content=\"Skirta 18+ Tiktoko sensacija! \u017die\u017eirbos lekia, kai dailiojo \u010diuo\u017eimo sportininkei bei ledo ritulio komandos kapitonui tenka dalytis arena. Jis vienintelis\" \/>\n<meta name=\"robots\" content=\"index, follow, max-snippet:-1, max-image-preview:large, max-video-preview:-1\" \/>\n<link rel=\"canonical\" href=\"https:\/\/skaitytaknyga.lt\/en\/produktas\/pralauztas-ledas\/\" \/>\n<meta property=\"og:locale\" content=\"en_GB\" \/>\n<meta property=\"og:locale:alternate\" content=\"lt_LT\" \/>\n<meta property=\"og:type\" content=\"article\" \/>\n<meta property=\"og:title\" content=\"Pralau\u017etas ledas\" \/>\n<meta property=\"og:description\" content=\"Skirta 18+ Tiktoko sensacija! \u017die\u017eirbos lekia, kai dailiojo \u010diuo\u017eimo sportininkei bei ledo ritulio komandos kapitonui tenka dalytis arena. Jis vienintelis\" \/>\n<meta property=\"og:url\" content=\"https:\/\/skaitytaknyga.lt\/en\/produktas\/pralauztas-ledas\/\" \/>\n<meta property=\"og:site_name\" content=\"Skaitytaknyga\" \/>\n<meta property=\"article:publisher\" content=\"https:\/\/www.facebook.com\/skaitytaknyga\/\" \/>\n<meta property=\"article:modified_time\" content=\"2026-04-02T09:09:47+00:00\" \/>\n<meta property=\"og:image\" content=\"https:\/\/skaitytaknyga.lt\/wp-content\/uploads\/2026\/04\/Pralauztas-ledas.webp\" \/>\n\t<meta property=\"og:image:width\" content=\"525\" \/>\n\t<meta property=\"og:image:height\" content=\"801\" \/>\n\t<meta property=\"og:image:type\" content=\"image\/webp\" \/>\n<meta name=\"twitter:card\" content=\"summary_large_image\" \/>\n<meta name=\"twitter:label1\" content=\"Estimated reading time\" \/>\n\t<meta name=\"twitter:data1\" content=\"1 minute\" \/>\n<script type=\"application\/ld+json\" class=\"yoast-schema-graph\">{\"@context\":\"https:\/\/schema.org\",\"@graph\":[{\"@type\":\"WebPage\",\"@id\":\"https:\/\/skaitytaknyga.lt\/produktas\/pralauztas-ledas\/\",\"url\":\"https:\/\/skaitytaknyga.lt\/produktas\/pralauztas-ledas\/\",\"name\":\"Pralau\u017etas ledas\",\"isPartOf\":{\"@id\":\"https:\/\/skaitytaknyga.lt\/#website\"},\"primaryImageOfPage\":{\"@id\":\"https:\/\/skaitytaknyga.lt\/produktas\/pralauztas-ledas\/#primaryimage\"},\"image\":{\"@id\":\"https:\/\/skaitytaknyga.lt\/produktas\/pralauztas-ledas\/#primaryimage\"},\"thumbnailUrl\":\"https:\/\/skaitytaknyga.lt\/wp-content\/uploads\/2026\/04\/Pralauztas-ledas.webp\",\"datePublished\":\"2026-04-01T13:58:18+00:00\",\"dateModified\":\"2026-04-02T09:09:47+00:00\",\"description\":\"Skirta 18+ Tiktoko sensacija! \u017die\u017eirbos lekia, kai dailiojo \u010diuo\u017eimo sportininkei bei ledo ritulio komandos kapitonui tenka dalytis arena. Jis vienintelis\",\"breadcrumb\":{\"@id\":\"https:\/\/skaitytaknyga.lt\/produktas\/pralauztas-ledas\/#breadcrumb\"},\"inLanguage\":\"en-GB\",\"potentialAction\":[{\"@type\":\"ReadAction\",\"target\":[\"https:\/\/skaitytaknyga.lt\/produktas\/pralauztas-ledas\/\"]}]},{\"@type\":\"ImageObject\",\"inLanguage\":\"en-GB\",\"@id\":\"https:\/\/skaitytaknyga.lt\/produktas\/pralauztas-ledas\/#primaryimage\",\"url\":\"https:\/\/skaitytaknyga.lt\/wp-content\/uploads\/2026\/04\/Pralauztas-ledas.webp\",\"contentUrl\":\"https:\/\/skaitytaknyga.lt\/wp-content\/uploads\/2026\/04\/Pralauztas-ledas.webp\",\"width\":525,\"height\":801,\"caption\":\"Pralau\u017etas ledas\"},{\"@type\":\"BreadcrumbList\",\"@id\":\"https:\/\/skaitytaknyga.lt\/produktas\/pralauztas-ledas\/#breadcrumb\",\"itemListElement\":[{\"@type\":\"ListItem\",\"position\":1,\"name\":\"Home\",\"item\":\"https:\/\/skaitytaknyga.lt\/\"},{\"@type\":\"ListItem\",\"position\":2,\"name\":\"Parduotuv\u0117\",\"item\":\"https:\/\/skaitytaknyga.lt\/knygu-parduotuve\/\"},{\"@type\":\"ListItem\",\"position\":3,\"name\":\"Pralau\u017etas ledas\"}]},{\"@type\":\"WebSite\",\"@id\":\"https:\/\/skaitytaknyga.lt\/#website\",\"url\":\"https:\/\/skaitytaknyga.lt\/\",\"name\":\"skaitytaknyga.lt\",\"description\":\"Skaitytaknyga.lt \u2013 tai ma\u017eas \u0161eimos verslas, kuris prasid\u0117jo nuo meil\u0117s knygoms ir siekio i\u0161gelb\u0117ti knygas nuo likimo prie konteinerio. Kas vienam nereikalingas daiktas \u2013 kitam lobis, o mes esame tarpininkai, kurie padeda abiems tapti laimingesniems ???? \u017dinome kaip nelengva i\u0161gyventi ma\u017eiems verslams, tad nuo \u0161iol, \u010dia rasite ir kit\u0173, ma\u017e\u0173 \u0161eim\u0173 versl\u0173, rank\u0173 darbo, dovan\u0173 sau ir artimiesiems.\",\"publisher\":{\"@id\":\"https:\/\/skaitytaknyga.lt\/#organization\"},\"potentialAction\":[{\"@type\":\"SearchAction\",\"target\":{\"@type\":\"EntryPoint\",\"urlTemplate\":\"https:\/\/skaitytaknyga.lt\/?s={search_term_string}\"},\"query-input\":{\"@type\":\"PropertyValueSpecification\",\"valueRequired\":true,\"valueName\":\"search_term_string\"}}],\"inLanguage\":\"en-GB\"},{\"@type\":\"Organization\",\"@id\":\"https:\/\/skaitytaknyga.lt\/#organization\",\"name\":\"skaitytaknyga.lt\",\"url\":\"https:\/\/skaitytaknyga.lt\/\",\"logo\":{\"@type\":\"ImageObject\",\"inLanguage\":\"en-GB\",\"@id\":\"https:\/\/skaitytaknyga.lt\/#\/schema\/logo\/image\/\",\"url\":\"https:\/\/skaitytaknyga.lt\/wp-content\/uploads\/2024\/05\/cropped-cropped-cropped-02_00843_jt3bggkj1j3HLc7SyY6rEUpg.jpeg\",\"contentUrl\":\"https:\/\/skaitytaknyga.lt\/wp-content\/uploads\/2024\/05\/cropped-cropped-cropped-02_00843_jt3bggkj1j3HLc7SyY6rEUpg.jpeg\",\"width\":1600,\"height\":1600,\"caption\":\"skaitytaknyga.lt\"},\"image\":{\"@id\":\"https:\/\/skaitytaknyga.lt\/#\/schema\/logo\/image\/\"},\"sameAs\":[\"https:\/\/www.facebook.com\/skaitytaknyga\/\"]}]}<\/script>\n<!-- \/ Yoast SEO plugin. -->","yoast_head_json":{"title":"Pralau\u017etas ledas","description":"Skirta 18+ Tiktoko sensacija! \u017die\u017eirbos lekia, kai dailiojo \u010diuo\u017eimo sportininkei bei ledo ritulio komandos kapitonui tenka dalytis arena. Jis vienintelis","robots":{"index":"index","follow":"follow","max-snippet":"max-snippet:-1","max-image-preview":"max-image-preview:large","max-video-preview":"max-video-preview:-1"},"canonical":"https:\/\/skaitytaknyga.lt\/en\/produktas\/pralauztas-ledas\/","og_locale":"en_GB","og_type":"article","og_title":"[:lt]Pralau\u017etas ledas[:] - Skaitytaknyga","og_description":"Skirta 18+ Tiktoko sensacija! \u017die\u017eirbos lekia, kai dailiojo \u010diuo\u017eimo sportininkei bei ledo ritulio komandos kapitonui tenka dalytis arena. Jis vienintelis","og_url":"https:\/\/skaitytaknyga.lt\/en\/produktas\/pralauztas-ledas\/","og_site_name":"Skaitytaknyga","article_publisher":"https:\/\/www.facebook.com\/skaitytaknyga\/","article_modified_time":"2026-04-02T09:09:47+00:00","og_image":[{"width":525,"height":801,"url":"https:\/\/skaitytaknyga.lt\/wp-content\/uploads\/2026\/04\/Pralauztas-ledas.webp","type":"image\/webp"}],"twitter_card":"summary_large_image","twitter_misc":{"Estimated reading time":"1 minute"},"schema":{"@context":"https:\/\/schema.org","@graph":[{"@type":"WebPage","@id":"https:\/\/skaitytaknyga.lt\/produktas\/pralauztas-ledas\/","url":"https:\/\/skaitytaknyga.lt\/produktas\/pralauztas-ledas\/","name":"Pralau\u017etas ledas","isPartOf":{"@id":"https:\/\/skaitytaknyga.lt\/#website"},"primaryImageOfPage":{"@id":"https:\/\/skaitytaknyga.lt\/produktas\/pralauztas-ledas\/#primaryimage"},"image":{"@id":"https:\/\/skaitytaknyga.lt\/produktas\/pralauztas-ledas\/#primaryimage"},"thumbnailUrl":"https:\/\/skaitytaknyga.lt\/wp-content\/uploads\/2026\/04\/Pralauztas-ledas.webp","datePublished":"2026-04-01T13:58:18+00:00","dateModified":"2026-04-02T09:09:47+00:00","description":"Skirta 18+ Tiktoko sensacija! \u017die\u017eirbos lekia, kai dailiojo \u010diuo\u017eimo sportininkei bei ledo ritulio komandos kapitonui tenka dalytis arena. Jis vienintelis","breadcrumb":{"@id":"https:\/\/skaitytaknyga.lt\/produktas\/pralauztas-ledas\/#breadcrumb"},"inLanguage":"en-GB","potentialAction":[{"@type":"ReadAction","target":["https:\/\/skaitytaknyga.lt\/produktas\/pralauztas-ledas\/"]}]},{"@type":"ImageObject","inLanguage":"en-GB","@id":"https:\/\/skaitytaknyga.lt\/produktas\/pralauztas-ledas\/#primaryimage","url":"https:\/\/skaitytaknyga.lt\/wp-content\/uploads\/2026\/04\/Pralauztas-ledas.webp","contentUrl":"https:\/\/skaitytaknyga.lt\/wp-content\/uploads\/2026\/04\/Pralauztas-ledas.webp","width":525,"height":801,"caption":"Pralau\u017etas ledas"},{"@type":"BreadcrumbList","@id":"https:\/\/skaitytaknyga.lt\/produktas\/pralauztas-ledas\/#breadcrumb","itemListElement":[{"@type":"ListItem","position":1,"name":"Home","item":"https:\/\/skaitytaknyga.lt\/"},{"@type":"ListItem","position":2,"name":"Parduotuv\u0117","item":"https:\/\/skaitytaknyga.lt\/knygu-parduotuve\/"},{"@type":"ListItem","position":3,"name":"Pralau\u017etas ledas"}]},{"@type":"WebSite","@id":"https:\/\/skaitytaknyga.lt\/#website","url":"https:\/\/skaitytaknyga.lt\/","name":"skaitytaknyga.lt","description":"Skaitytaknyga.lt \u2013 tai ma\u017eas \u0161eimos verslas, kuris prasid\u0117jo nuo meil\u0117s knygoms ir siekio i\u0161gelb\u0117ti knygas nuo likimo prie konteinerio. Kas vienam nereikalingas daiktas \u2013 kitam lobis, o mes esame tarpininkai, kurie padeda abiems tapti laimingesniems ???? \u017dinome kaip nelengva i\u0161gyventi ma\u017eiems verslams, tad nuo \u0161iol, \u010dia rasite ir kit\u0173, ma\u017e\u0173 \u0161eim\u0173 versl\u0173, rank\u0173 darbo, dovan\u0173 sau ir artimiesiems.","publisher":{"@id":"https:\/\/skaitytaknyga.lt\/#organization"},"potentialAction":[{"@type":"SearchAction","target":{"@type":"EntryPoint","urlTemplate":"https:\/\/skaitytaknyga.lt\/?s={search_term_string}"},"query-input":{"@type":"PropertyValueSpecification","valueRequired":true,"valueName":"search_term_string"}}],"inLanguage":"en-GB"},{"@type":"Organization","@id":"https:\/\/skaitytaknyga.lt\/#organization","name":"skaitytaknyga.lt","url":"https:\/\/skaitytaknyga.lt\/","logo":{"@type":"ImageObject","inLanguage":"en-GB","@id":"https:\/\/skaitytaknyga.lt\/#\/schema\/logo\/image\/","url":"https:\/\/skaitytaknyga.lt\/wp-content\/uploads\/2024\/05\/cropped-cropped-cropped-02_00843_jt3bggkj1j3HLc7SyY6rEUpg.jpeg","contentUrl":"https:\/\/skaitytaknyga.lt\/wp-content\/uploads\/2024\/05\/cropped-cropped-cropped-02_00843_jt3bggkj1j3HLc7SyY6rEUpg.jpeg","width":1600,"height":1600,"caption":"skaitytaknyga.lt"},"image":{"@id":"https:\/\/skaitytaknyga.lt\/#\/schema\/logo\/image\/"},"sameAs":["https:\/\/www.facebook.com\/skaitytaknyga\/"]}]}},"_links":{"self":[{"href":"https:\/\/skaitytaknyga.lt\/en\/wp-json\/wp\/v2\/product\/25388","targetHints":{"allow":["GET"]}}],"collection":[{"href":"https:\/\/skaitytaknyga.lt\/en\/wp-json\/wp\/v2\/product"}],"about":[{"href":"https:\/\/skaitytaknyga.lt\/en\/wp-json\/wp\/v2\/types\/product"}],"replies":[{"embeddable":true,"href":"https:\/\/skaitytaknyga.lt\/en\/wp-json\/wp\/v2\/comments?post=25388"}],"wp:featuredmedia":[{"embeddable":true,"href":"https:\/\/skaitytaknyga.lt\/en\/wp-json\/wp\/v2\/media\/25395"}],"wp:attachment":[{"href":"https:\/\/skaitytaknyga.lt\/en\/wp-json\/wp\/v2\/media?parent=25388"}],"wp:term":[{"taxonomy":"product_brand","embeddable":true,"href":"https:\/\/skaitytaknyga.lt\/en\/wp-json\/wp\/v2\/product_brand?post=25388"},{"taxonomy":"product_cat","embeddable":true,"href":"https:\/\/skaitytaknyga.lt\/en\/wp-json\/wp\/v2\/product_cat?post=25388"},{"taxonomy":"product_tag","embeddable":true,"href":"https:\/\/skaitytaknyga.lt\/en\/wp-json\/wp\/v2\/product_tag?post=25388"}],"curies":[{"name":"wp","href":"https:\/\/api.w.org\/{rel}","templated":true}]}}