{"id":25387,"date":"2026-04-01T16:58:18","date_gmt":"2026-04-01T13:58:18","guid":{"rendered":"https:\/\/skaitytaknyga.lt\/?post_type=product&#038;p=25387"},"modified":"2026-04-02T12:09:47","modified_gmt":"2026-04-02T09:09:47","slug":"zmogus-kuris-norejo-buti-laimingas","status":"publish","type":"product","link":"https:\/\/skaitytaknyga.lt\/en\/produktas\/zmogus-kuris-norejo-buti-laimingas\/","title":{"rendered":"\u017dmogus, kuris nor\u0117jo b\u016bti laimingas"},"content":{"rendered":"<p>Tikra patirtimi pagr\u012fsta istorija, kuri u\u017ekr\u0117s gyvenimo d\u017eiaugsmu ir pad\u0117s surasti nei\u0161senkant\u012f laim\u0117s ir s\u0117km\u0117s \u0161altin\u012f.<\/p>\n<p>\u012esivaizduokite, kad baigiantis atostogoms Balio saloje nusprend\u017eiate aplankyti sen\u0105 i\u0161min\u010di\u0173. Be jokios ypatingos prie\u017easties &#8211; tiesiog \u0161iaip, nes apie j\u012f sklinda garsas, o be to, k\u0105 gali \u017einoti&#8230; Senuko \u017eod\u017eiai priblo\u0161kia: j\u016bs\u0173 sveikata gera, bet nesate&#8230; laimingas. I\u0161min\u010dius spinduliuoja begaline i\u0161mintimi ir, atrodo, pa\u017e\u012fsta jus geriau nei j\u016bs pats save. J\u016bs\u0173 patirt\u012f ir \u012fsitikinimus jis nu\u0161vie\u010dia ypatinga \u0161viesa ir past\u016bm\u0117ja \u012f pat\u012f nuostabiausi\u0105 nuotyk\u012f &#8211; sav\u0119s paie\u0161kas.<\/p>\n<p>I\u0161min\u010dius ima vesti jus pa\u017einimo keliu link gyvenimo, apie kok\u012f svajojate&#8230;<\/p>\n","protected":false},"excerpt":{"rendered":"<p>Tikra patirtimi pagr\u012fsta istorija, kuri u\u017ekr\u0117s gyvenimo d\u017eiaugsmu ir pad\u0117s surasti nei\u0161senkant\u012f laim\u0117s ir s\u0117km\u0117s \u0161altin\u012f. \u012esivaizduokite, kad baigiantis atostogoms Balio saloje nusprend\u017eiate aplankyti sen\u0105 i\u0161min\u010di\u0173. Be jokios ypatingos prie\u017easties &#8211; tiesiog \u0161iaip, nes apie j\u012f sklinda garsas, o be to, k\u0105 gali \u017einoti&#8230; Senuko \u017eod\u017eiai priblo\u0161kia: j\u016bs\u0173 sveikata gera, bet nesate&#8230; laimingas. I\u0161min\u010dius spinduliuoja begaline i\u0161mintimi ir, atrodo, pa\u017e\u012fsta jus geriau nei j\u016bs pats save. J\u016bs\u0173 patirt\u012f ir \u012fsitikinimus jis nu\u0161vie\u010dia ypatinga \u0161viesa ir past\u016bm\u0117ja \u012f pat\u012f nuostabiausi\u0105 nuotyk\u012f &#8211; sav\u0119s paie\u0161kas. I\u0161min\u010dius ima vesti jus pa\u017einimo keliu link gyvenimo, apie kok\u012f svajojate&#8230;<\/p>\n","protected":false},"featured_media":25394,"comment_status":"open","ping_status":"closed","template":"","meta":{"_acf_changed":false,"site-sidebar-layout":"default","site-content-layout":"","ast-site-content-layout":"default","site-content-style":"default","site-sidebar-style":"default","ast-global-header-display":"","ast-banner-title-visibility":"","ast-main-header-display":"","ast-hfb-above-header-display":"","ast-hfb-below-header-display":"","ast-hfb-mobile-header-display":"","site-post-title":"","ast-breadcrumbs-content":"","ast-featured-img":"","footer-sml-layout":"","ast-disable-related-posts":"","theme-transparent-header-meta":"","adv-header-id-meta":"","stick-header-meta":"","header-above-stick-meta":"","header-main-stick-meta":"","header-below-stick-meta":"","astra-migrate-meta-layouts":"default","ast-page-background-enabled":"default","ast-page-background-meta":{"desktop":{"background-color":"","background-image":"","background-repeat":"repeat","background-position":"center center","background-size":"auto","background-attachment":"scroll","background-type":"","background-media":"","overlay-type":"","overlay-color":"","overlay-opacity":"","overlay-gradient":""},"tablet":{"background-color":"","background-image":"","background-repeat":"repeat","background-position":"center center","background-size":"auto","background-attachment":"scroll","background-type":"","background-media":"","overlay-type":"","overlay-color":"","overlay-opacity":"","overlay-gradient":""},"mobile":{"background-color":"","background-image":"","background-repeat":"repeat","background-position":"center center","background-size":"auto","background-attachment":"scroll","background-type":"","background-media":"","overlay-type":"","overlay-color":"","overlay-opacity":"","overlay-gradient":""}},"ast-content-background-meta":{"desktop":{"background-color":"var(--ast-global-color-4)","background-image":"","background-repeat":"repeat","background-position":"center center","background-size":"auto","background-attachment":"scroll","background-type":"","background-media":"","overlay-type":"","overlay-color":"","overlay-opacity":"","overlay-gradient":""},"tablet":{"background-color":"var(--ast-global-color-4)","background-image":"","background-repeat":"repeat","background-position":"center center","background-size":"auto","background-attachment":"scroll","background-type":"","background-media":"","overlay-type":"","overlay-color":"","overlay-opacity":"","overlay-gradient":""},"mobile":{"background-color":"var(--ast-global-color-4)","background-image":"","background-repeat":"repeat","background-position":"center center","background-size":"auto","background-attachment":"scroll","background-type":"","background-media":"","overlay-type":"","overlay-color":"","overlay-opacity":"","overlay-gradient":""}}},"product_brand":[],"product_cat":[9734],"product_tag":[],"class_list":{"0":"post-25387","1":"product","2":"type-product","3":"status-publish","4":"has-post-thumbnail","6":"product_cat-romanai","7":"desktop-align-left","8":"tablet-align-left","9":"mobile-align-left","11":"first","12":"instock","13":"shipping-taxable","14":"purchasable","15":"product-type-simple"},"acf":[],"yoast_head":"<!-- This site is optimized with the Yoast SEO plugin v27.0 - https:\/\/yoast.com\/product\/yoast-seo-wordpress\/ -->\n<title>\u017dmogus, kuris nor\u0117jo b\u016bti laimingas<\/title>\n<meta name=\"description\" content=\"Tikra patirtimi pagr\u012fsta istorija, kuri u\u017ekr\u0117s gyvenimo d\u017eiaugsmu ir pad\u0117s surasti nei\u0161senkant\u012f laim\u0117s ir s\u0117km\u0117s \u0161altin\u012f. \u012esivaizduokite, kad baigiantis\" \/>\n<meta name=\"robots\" content=\"index, follow, max-snippet:-1, max-image-preview:large, max-video-preview:-1\" \/>\n<link rel=\"canonical\" href=\"https:\/\/skaitytaknyga.lt\/en\/produktas\/zmogus-kuris-norejo-buti-laimingas\/\" \/>\n<meta property=\"og:locale\" content=\"en_GB\" \/>\n<meta property=\"og:locale:alternate\" content=\"lt_LT\" \/>\n<meta property=\"og:type\" content=\"article\" \/>\n<meta property=\"og:title\" content=\"\u017dmogus, kuris nor\u0117jo b\u016bti laimingas\" \/>\n<meta property=\"og:description\" content=\"Tikra patirtimi pagr\u012fsta istorija, kuri u\u017ekr\u0117s gyvenimo d\u017eiaugsmu ir pad\u0117s surasti nei\u0161senkant\u012f laim\u0117s ir s\u0117km\u0117s \u0161altin\u012f. \u012esivaizduokite, kad baigiantis\" \/>\n<meta property=\"og:url\" content=\"https:\/\/skaitytaknyga.lt\/en\/produktas\/zmogus-kuris-norejo-buti-laimingas\/\" \/>\n<meta property=\"og:site_name\" content=\"Skaitytaknyga\" \/>\n<meta property=\"article:publisher\" content=\"https:\/\/www.facebook.com\/skaitytaknyga\/\" \/>\n<meta property=\"article:modified_time\" content=\"2026-04-02T09:09:47+00:00\" \/>\n<meta property=\"og:image\" content=\"https:\/\/skaitytaknyga.lt\/wp-content\/uploads\/2026\/04\/Zmogus-kuris-norejo-buti-laimingas.webp\" \/>\n\t<meta property=\"og:image:width\" content=\"458\" \/>\n\t<meta property=\"og:image:height\" content=\"750\" \/>\n\t<meta property=\"og:image:type\" content=\"image\/webp\" \/>\n<meta name=\"twitter:card\" content=\"summary_large_image\" \/>\n<meta name=\"twitter:label1\" content=\"Estimated reading time\" \/>\n\t<meta name=\"twitter:data1\" content=\"1 minute\" \/>\n<script type=\"application\/ld+json\" class=\"yoast-schema-graph\">{\"@context\":\"https:\/\/schema.org\",\"@graph\":[{\"@type\":\"WebPage\",\"@id\":\"https:\/\/skaitytaknyga.lt\/produktas\/zmogus-kuris-norejo-buti-laimingas\/\",\"url\":\"https:\/\/skaitytaknyga.lt\/produktas\/zmogus-kuris-norejo-buti-laimingas\/\",\"name\":\"\u017dmogus, kuris nor\u0117jo b\u016bti laimingas\",\"isPartOf\":{\"@id\":\"https:\/\/skaitytaknyga.lt\/#website\"},\"primaryImageOfPage\":{\"@id\":\"https:\/\/skaitytaknyga.lt\/produktas\/zmogus-kuris-norejo-buti-laimingas\/#primaryimage\"},\"image\":{\"@id\":\"https:\/\/skaitytaknyga.lt\/produktas\/zmogus-kuris-norejo-buti-laimingas\/#primaryimage\"},\"thumbnailUrl\":\"https:\/\/skaitytaknyga.lt\/wp-content\/uploads\/2026\/04\/Zmogus-kuris-norejo-buti-laimingas.webp\",\"datePublished\":\"2026-04-01T13:58:18+00:00\",\"dateModified\":\"2026-04-02T09:09:47+00:00\",\"description\":\"Tikra patirtimi pagr\u012fsta istorija, kuri u\u017ekr\u0117s gyvenimo d\u017eiaugsmu ir pad\u0117s surasti nei\u0161senkant\u012f laim\u0117s ir s\u0117km\u0117s \u0161altin\u012f. \u012esivaizduokite, kad baigiantis\",\"breadcrumb\":{\"@id\":\"https:\/\/skaitytaknyga.lt\/produktas\/zmogus-kuris-norejo-buti-laimingas\/#breadcrumb\"},\"inLanguage\":\"en-GB\",\"potentialAction\":[{\"@type\":\"ReadAction\",\"target\":[\"https:\/\/skaitytaknyga.lt\/produktas\/zmogus-kuris-norejo-buti-laimingas\/\"]}]},{\"@type\":\"ImageObject\",\"inLanguage\":\"en-GB\",\"@id\":\"https:\/\/skaitytaknyga.lt\/produktas\/zmogus-kuris-norejo-buti-laimingas\/#primaryimage\",\"url\":\"https:\/\/skaitytaknyga.lt\/wp-content\/uploads\/2026\/04\/Zmogus-kuris-norejo-buti-laimingas.webp\",\"contentUrl\":\"https:\/\/skaitytaknyga.lt\/wp-content\/uploads\/2026\/04\/Zmogus-kuris-norejo-buti-laimingas.webp\",\"width\":458,\"height\":750,\"caption\":\"\u017dmogus, kuris nor\u0117jo b\u016bti laimingas\"},{\"@type\":\"BreadcrumbList\",\"@id\":\"https:\/\/skaitytaknyga.lt\/produktas\/zmogus-kuris-norejo-buti-laimingas\/#breadcrumb\",\"itemListElement\":[{\"@type\":\"ListItem\",\"position\":1,\"name\":\"Home\",\"item\":\"https:\/\/skaitytaknyga.lt\/\"},{\"@type\":\"ListItem\",\"position\":2,\"name\":\"Parduotuv\u0117\",\"item\":\"https:\/\/skaitytaknyga.lt\/knygu-parduotuve\/\"},{\"@type\":\"ListItem\",\"position\":3,\"name\":\"\u017dmogus, kuris nor\u0117jo b\u016bti laimingas\"}]},{\"@type\":\"WebSite\",\"@id\":\"https:\/\/skaitytaknyga.lt\/#website\",\"url\":\"https:\/\/skaitytaknyga.lt\/\",\"name\":\"skaitytaknyga.lt\",\"description\":\"Skaitytaknyga.lt \u2013 tai ma\u017eas \u0161eimos verslas, kuris prasid\u0117jo nuo meil\u0117s knygoms ir siekio i\u0161gelb\u0117ti knygas nuo likimo prie konteinerio. Kas vienam nereikalingas daiktas \u2013 kitam lobis, o mes esame tarpininkai, kurie padeda abiems tapti laimingesniems ???? \u017dinome kaip nelengva i\u0161gyventi ma\u017eiems verslams, tad nuo \u0161iol, \u010dia rasite ir kit\u0173, ma\u017e\u0173 \u0161eim\u0173 versl\u0173, rank\u0173 darbo, dovan\u0173 sau ir artimiesiems.\",\"publisher\":{\"@id\":\"https:\/\/skaitytaknyga.lt\/#organization\"},\"potentialAction\":[{\"@type\":\"SearchAction\",\"target\":{\"@type\":\"EntryPoint\",\"urlTemplate\":\"https:\/\/skaitytaknyga.lt\/?s={search_term_string}\"},\"query-input\":{\"@type\":\"PropertyValueSpecification\",\"valueRequired\":true,\"valueName\":\"search_term_string\"}}],\"inLanguage\":\"en-GB\"},{\"@type\":\"Organization\",\"@id\":\"https:\/\/skaitytaknyga.lt\/#organization\",\"name\":\"skaitytaknyga.lt\",\"url\":\"https:\/\/skaitytaknyga.lt\/\",\"logo\":{\"@type\":\"ImageObject\",\"inLanguage\":\"en-GB\",\"@id\":\"https:\/\/skaitytaknyga.lt\/#\/schema\/logo\/image\/\",\"url\":\"https:\/\/skaitytaknyga.lt\/wp-content\/uploads\/2024\/05\/cropped-cropped-cropped-02_00843_jt3bggkj1j3HLc7SyY6rEUpg.jpeg\",\"contentUrl\":\"https:\/\/skaitytaknyga.lt\/wp-content\/uploads\/2024\/05\/cropped-cropped-cropped-02_00843_jt3bggkj1j3HLc7SyY6rEUpg.jpeg\",\"width\":1600,\"height\":1600,\"caption\":\"skaitytaknyga.lt\"},\"image\":{\"@id\":\"https:\/\/skaitytaknyga.lt\/#\/schema\/logo\/image\/\"},\"sameAs\":[\"https:\/\/www.facebook.com\/skaitytaknyga\/\"]}]}<\/script>\n<!-- \/ Yoast SEO plugin. -->","yoast_head_json":{"title":"\u017dmogus, kuris nor\u0117jo b\u016bti laimingas","description":"Tikra patirtimi pagr\u012fsta istorija, kuri u\u017ekr\u0117s gyvenimo d\u017eiaugsmu ir pad\u0117s surasti nei\u0161senkant\u012f laim\u0117s ir s\u0117km\u0117s \u0161altin\u012f. \u012esivaizduokite, kad baigiantis","robots":{"index":"index","follow":"follow","max-snippet":"max-snippet:-1","max-image-preview":"max-image-preview:large","max-video-preview":"max-video-preview:-1"},"canonical":"https:\/\/skaitytaknyga.lt\/en\/produktas\/zmogus-kuris-norejo-buti-laimingas\/","og_locale":"en_GB","og_type":"article","og_title":"[:lt]\u017dmogus, kuris nor\u0117jo b\u016bti laimingas[:] - Skaitytaknyga","og_description":"Tikra patirtimi pagr\u012fsta istorija, kuri u\u017ekr\u0117s gyvenimo d\u017eiaugsmu ir pad\u0117s surasti nei\u0161senkant\u012f laim\u0117s ir s\u0117km\u0117s \u0161altin\u012f. \u012esivaizduokite, kad baigiantis","og_url":"https:\/\/skaitytaknyga.lt\/en\/produktas\/zmogus-kuris-norejo-buti-laimingas\/","og_site_name":"Skaitytaknyga","article_publisher":"https:\/\/www.facebook.com\/skaitytaknyga\/","article_modified_time":"2026-04-02T09:09:47+00:00","og_image":[{"width":458,"height":750,"url":"https:\/\/skaitytaknyga.lt\/wp-content\/uploads\/2026\/04\/Zmogus-kuris-norejo-buti-laimingas.webp","type":"image\/webp"}],"twitter_card":"summary_large_image","twitter_misc":{"Estimated reading time":"1 minute"},"schema":{"@context":"https:\/\/schema.org","@graph":[{"@type":"WebPage","@id":"https:\/\/skaitytaknyga.lt\/produktas\/zmogus-kuris-norejo-buti-laimingas\/","url":"https:\/\/skaitytaknyga.lt\/produktas\/zmogus-kuris-norejo-buti-laimingas\/","name":"\u017dmogus, kuris nor\u0117jo b\u016bti laimingas","isPartOf":{"@id":"https:\/\/skaitytaknyga.lt\/#website"},"primaryImageOfPage":{"@id":"https:\/\/skaitytaknyga.lt\/produktas\/zmogus-kuris-norejo-buti-laimingas\/#primaryimage"},"image":{"@id":"https:\/\/skaitytaknyga.lt\/produktas\/zmogus-kuris-norejo-buti-laimingas\/#primaryimage"},"thumbnailUrl":"https:\/\/skaitytaknyga.lt\/wp-content\/uploads\/2026\/04\/Zmogus-kuris-norejo-buti-laimingas.webp","datePublished":"2026-04-01T13:58:18+00:00","dateModified":"2026-04-02T09:09:47+00:00","description":"Tikra patirtimi pagr\u012fsta istorija, kuri u\u017ekr\u0117s gyvenimo d\u017eiaugsmu ir pad\u0117s surasti nei\u0161senkant\u012f laim\u0117s ir s\u0117km\u0117s \u0161altin\u012f. \u012esivaizduokite, kad baigiantis","breadcrumb":{"@id":"https:\/\/skaitytaknyga.lt\/produktas\/zmogus-kuris-norejo-buti-laimingas\/#breadcrumb"},"inLanguage":"en-GB","potentialAction":[{"@type":"ReadAction","target":["https:\/\/skaitytaknyga.lt\/produktas\/zmogus-kuris-norejo-buti-laimingas\/"]}]},{"@type":"ImageObject","inLanguage":"en-GB","@id":"https:\/\/skaitytaknyga.lt\/produktas\/zmogus-kuris-norejo-buti-laimingas\/#primaryimage","url":"https:\/\/skaitytaknyga.lt\/wp-content\/uploads\/2026\/04\/Zmogus-kuris-norejo-buti-laimingas.webp","contentUrl":"https:\/\/skaitytaknyga.lt\/wp-content\/uploads\/2026\/04\/Zmogus-kuris-norejo-buti-laimingas.webp","width":458,"height":750,"caption":"\u017dmogus, kuris nor\u0117jo b\u016bti laimingas"},{"@type":"BreadcrumbList","@id":"https:\/\/skaitytaknyga.lt\/produktas\/zmogus-kuris-norejo-buti-laimingas\/#breadcrumb","itemListElement":[{"@type":"ListItem","position":1,"name":"Home","item":"https:\/\/skaitytaknyga.lt\/"},{"@type":"ListItem","position":2,"name":"Parduotuv\u0117","item":"https:\/\/skaitytaknyga.lt\/knygu-parduotuve\/"},{"@type":"ListItem","position":3,"name":"\u017dmogus, kuris nor\u0117jo b\u016bti laimingas"}]},{"@type":"WebSite","@id":"https:\/\/skaitytaknyga.lt\/#website","url":"https:\/\/skaitytaknyga.lt\/","name":"skaitytaknyga.lt","description":"Skaitytaknyga.lt \u2013 tai ma\u017eas \u0161eimos verslas, kuris prasid\u0117jo nuo meil\u0117s knygoms ir siekio i\u0161gelb\u0117ti knygas nuo likimo prie konteinerio. Kas vienam nereikalingas daiktas \u2013 kitam lobis, o mes esame tarpininkai, kurie padeda abiems tapti laimingesniems ???? \u017dinome kaip nelengva i\u0161gyventi ma\u017eiems verslams, tad nuo \u0161iol, \u010dia rasite ir kit\u0173, ma\u017e\u0173 \u0161eim\u0173 versl\u0173, rank\u0173 darbo, dovan\u0173 sau ir artimiesiems.","publisher":{"@id":"https:\/\/skaitytaknyga.lt\/#organization"},"potentialAction":[{"@type":"SearchAction","target":{"@type":"EntryPoint","urlTemplate":"https:\/\/skaitytaknyga.lt\/?s={search_term_string}"},"query-input":{"@type":"PropertyValueSpecification","valueRequired":true,"valueName":"search_term_string"}}],"inLanguage":"en-GB"},{"@type":"Organization","@id":"https:\/\/skaitytaknyga.lt\/#organization","name":"skaitytaknyga.lt","url":"https:\/\/skaitytaknyga.lt\/","logo":{"@type":"ImageObject","inLanguage":"en-GB","@id":"https:\/\/skaitytaknyga.lt\/#\/schema\/logo\/image\/","url":"https:\/\/skaitytaknyga.lt\/wp-content\/uploads\/2024\/05\/cropped-cropped-cropped-02_00843_jt3bggkj1j3HLc7SyY6rEUpg.jpeg","contentUrl":"https:\/\/skaitytaknyga.lt\/wp-content\/uploads\/2024\/05\/cropped-cropped-cropped-02_00843_jt3bggkj1j3HLc7SyY6rEUpg.jpeg","width":1600,"height":1600,"caption":"skaitytaknyga.lt"},"image":{"@id":"https:\/\/skaitytaknyga.lt\/#\/schema\/logo\/image\/"},"sameAs":["https:\/\/www.facebook.com\/skaitytaknyga\/"]}]}},"_links":{"self":[{"href":"https:\/\/skaitytaknyga.lt\/en\/wp-json\/wp\/v2\/product\/25387","targetHints":{"allow":["GET"]}}],"collection":[{"href":"https:\/\/skaitytaknyga.lt\/en\/wp-json\/wp\/v2\/product"}],"about":[{"href":"https:\/\/skaitytaknyga.lt\/en\/wp-json\/wp\/v2\/types\/product"}],"replies":[{"embeddable":true,"href":"https:\/\/skaitytaknyga.lt\/en\/wp-json\/wp\/v2\/comments?post=25387"}],"wp:featuredmedia":[{"embeddable":true,"href":"https:\/\/skaitytaknyga.lt\/en\/wp-json\/wp\/v2\/media\/25394"}],"wp:attachment":[{"href":"https:\/\/skaitytaknyga.lt\/en\/wp-json\/wp\/v2\/media?parent=25387"}],"wp:term":[{"taxonomy":"product_brand","embeddable":true,"href":"https:\/\/skaitytaknyga.lt\/en\/wp-json\/wp\/v2\/product_brand?post=25387"},{"taxonomy":"product_cat","embeddable":true,"href":"https:\/\/skaitytaknyga.lt\/en\/wp-json\/wp\/v2\/product_cat?post=25387"},{"taxonomy":"product_tag","embeddable":true,"href":"https:\/\/skaitytaknyga.lt\/en\/wp-json\/wp\/v2\/product_tag?post=25387"}],"curies":[{"name":"wp","href":"https:\/\/api.w.org\/{rel}","templated":true}]}}