{"id":25386,"date":"2026-04-01T16:58:17","date_gmt":"2026-04-01T13:58:17","guid":{"rendered":"https:\/\/skaitytaknyga.lt\/?post_type=product&#038;p=25386"},"modified":"2026-04-02T12:09:47","modified_gmt":"2026-04-02T09:09:47","slug":"dvasios-mokytojo-sodas","status":"publish","type":"product","link":"https:\/\/skaitytaknyga.lt\/en\/produktas\/dvasios-mokytojo-sodas\/","title":{"rendered":"DVASIOS MOKYTOJO SODAS"},"content":{"rendered":"<p>Nuostabi knyga \u201eDu gyvenimai\u201c atskleid\u0117, kaip vyksta pakyl\u0117ti pokalbiai su Mokytoju. Priesakai, perduodami per tuos pokalbius, padeda \u017emon\u0117ms b\u016bti s\u0105moningiems savo gyvenimo k\u016br\u0117jams, siekti savo auk\u0161tesnio A\u0161, suvokti savo paskirt\u012f \u017eem\u0117je ir ne\u0161ti pasauliui d\u017eiaugsm\u0105 bei gerov\u0119. Jie moko proporcingai derinti \u0161irdies ir proto j\u0117gas kasdieniuose reikaluose, be ko ne\u012fmanoma pasiekti vidin\u0117s harmonijos.<\/p>\n<p>Olga Obnorskaja (1892\u20131957 m.) \u2013 i\u0161skirtini\u0173 dvasini\u0173 savybi\u0173 \u017emogus, poet\u0117, dailinink\u0117 ir nepaprastai stipri medium\u0117. \u201eDvasios Mokytojo sod\u0105\u201c u\u017era\u0161\u0117 nuo 1936 met\u0173 iki pat mirties telepati\u0161kai bendraudama su Mokytojais i\u0161 Ryt\u0173, tarp j\u0173 ir Did\u017eiaisiais Mokytojais. M. ir K. Ch. Obnorskiai priklaus\u0117 slaptam teosof\u0173 b\u016breliui, kuris burdavosi j\u0173 namuose Leningrade. 1953 metais Olg\u0105 su vyru su\u0117m\u0117, surinko ra\u0161tus ir knygas, apkaltino antivyriausybine veikla. Kadangi tyrimas vyko jau po Stalino mirties ir Berijos su\u0117mimo, karininkui Obnorskiui savo erudicijos ir atminties pavyko apsiginti, bet visi\u0161kai i\u0161teisinti jie buvo tik 1957 metais. Olga tuo metu jau buvo pakirstos sveikatos ir i\u0161 anksto \u017einojo tiksli\u0105 savo mirties dat\u0105.<\/p>\n","protected":false},"excerpt":{"rendered":"<p>Nuostabi knyga \u201eDu gyvenimai\u201c atskleid\u0117, kaip vyksta pakyl\u0117ti pokalbiai su Mokytoju. Priesakai, perduodami per tuos pokalbius, padeda \u017emon\u0117ms b\u016bti s\u0105moningiems savo gyvenimo k\u016br\u0117jams, siekti savo auk\u0161tesnio A\u0161, suvokti savo paskirt\u012f \u017eem\u0117je ir ne\u0161ti pasauliui d\u017eiaugsm\u0105 bei gerov\u0119. Jie moko proporcingai derinti \u0161irdies ir proto j\u0117gas kasdieniuose reikaluose, be ko ne\u012fmanoma pasiekti vidin\u0117s harmonijos. Olga Obnorskaja (1892\u20131957 m.) \u2013 i\u0161skirtini\u0173 dvasini\u0173 savybi\u0173 \u017emogus, poet\u0117, dailinink\u0117 ir nepaprastai stipri medium\u0117. \u201eDvasios Mokytojo sod\u0105\u201c u\u017era\u0161\u0117 nuo 1936 met\u0173 iki pat mirties telepati\u0161kai bendraudama su Mokytojais i\u0161 Ryt\u0173, tarp j\u0173 ir Did\u017eiaisiais Mokytojais. M. ir K. Ch. Obnorskiai priklaus\u0117 slaptam teosof\u0173 b\u016breliui, kuris burdavosi j\u0173 namuose Leningrade. 1953 metais Olg\u0105 su vyru su\u0117m\u0117, surinko ra\u0161tus ir knygas, apkaltino antivyriausybine veikla. Kadangi tyrimas vyko jau po Stalino mirties ir Berijos su\u0117mimo, karininkui Obnorskiui savo erudicijos ir atminties pavyko apsiginti, bet visi\u0161kai i\u0161teisinti jie buvo tik 1957 metais. Olga tuo metu jau buvo pakirstos sveikatos ir i\u0161 anksto \u017einojo tiksli\u0105 savo mirties dat\u0105.<\/p>\n","protected":false},"featured_media":25393,"comment_status":"open","ping_status":"closed","template":"","meta":{"_acf_changed":false,"site-sidebar-layout":"default","site-content-layout":"","ast-site-content-layout":"default","site-content-style":"default","site-sidebar-style":"default","ast-global-header-display":"","ast-banner-title-visibility":"","ast-main-header-display":"","ast-hfb-above-header-display":"","ast-hfb-below-header-display":"","ast-hfb-mobile-header-display":"","site-post-title":"","ast-breadcrumbs-content":"","ast-featured-img":"","footer-sml-layout":"","ast-disable-related-posts":"","theme-transparent-header-meta":"","adv-header-id-meta":"","stick-header-meta":"","header-above-stick-meta":"","header-main-stick-meta":"","header-below-stick-meta":"","astra-migrate-meta-layouts":"default","ast-page-background-enabled":"default","ast-page-background-meta":{"desktop":{"background-color":"","background-image":"","background-repeat":"repeat","background-position":"center center","background-size":"auto","background-attachment":"scroll","background-type":"","background-media":"","overlay-type":"","overlay-color":"","overlay-opacity":"","overlay-gradient":""},"tablet":{"background-color":"","background-image":"","background-repeat":"repeat","background-position":"center center","background-size":"auto","background-attachment":"scroll","background-type":"","background-media":"","overlay-type":"","overlay-color":"","overlay-opacity":"","overlay-gradient":""},"mobile":{"background-color":"","background-image":"","background-repeat":"repeat","background-position":"center center","background-size":"auto","background-attachment":"scroll","background-type":"","background-media":"","overlay-type":"","overlay-color":"","overlay-opacity":"","overlay-gradient":""}},"ast-content-background-meta":{"desktop":{"background-color":"var(--ast-global-color-4)","background-image":"","background-repeat":"repeat","background-position":"center center","background-size":"auto","background-attachment":"scroll","background-type":"","background-media":"","overlay-type":"","overlay-color":"","overlay-opacity":"","overlay-gradient":""},"tablet":{"background-color":"var(--ast-global-color-4)","background-image":"","background-repeat":"repeat","background-position":"center center","background-size":"auto","background-attachment":"scroll","background-type":"","background-media":"","overlay-type":"","overlay-color":"","overlay-opacity":"","overlay-gradient":""},"mobile":{"background-color":"var(--ast-global-color-4)","background-image":"","background-repeat":"repeat","background-position":"center center","background-size":"auto","background-attachment":"scroll","background-type":"","background-media":"","overlay-type":"","overlay-color":"","overlay-opacity":"","overlay-gradient":""}}},"product_brand":[],"product_cat":[9869],"product_tag":[],"class_list":{"0":"post-25386","1":"product","2":"type-product","3":"status-publish","4":"has-post-thumbnail","6":"product_cat-ezoterika-filosofija-ir-ezoterika","7":"desktop-align-left","8":"tablet-align-left","9":"mobile-align-left","11":"first","12":"instock","13":"shipping-taxable","14":"purchasable","15":"product-type-simple"},"acf":[],"yoast_head":"<!-- This site is optimized with the Yoast SEO plugin v27.0 - https:\/\/yoast.com\/product\/yoast-seo-wordpress\/ -->\n<title>DVASIOS MOKYTOJO SODAS<\/title>\n<meta name=\"description\" content=\"Nuostabi knyga \u201eDu gyvenimai\u201c atskleid\u0117, kaip vyksta pakyl\u0117ti pokalbiai su Mokytoju. Priesakai, perduodami per tuos pokalbius, padeda \u017emon\u0117ms b\u016bti\" \/>\n<meta name=\"robots\" content=\"index, follow, max-snippet:-1, max-image-preview:large, max-video-preview:-1\" \/>\n<link rel=\"canonical\" href=\"https:\/\/skaitytaknyga.lt\/en\/produktas\/dvasios-mokytojo-sodas\/\" \/>\n<meta property=\"og:locale\" content=\"en_GB\" \/>\n<meta property=\"og:locale:alternate\" content=\"lt_LT\" \/>\n<meta property=\"og:type\" content=\"article\" \/>\n<meta property=\"og:title\" content=\"DVASIOS MOKYTOJO SODAS\" \/>\n<meta property=\"og:description\" content=\"Nuostabi knyga \u201eDu gyvenimai\u201c atskleid\u0117, kaip vyksta pakyl\u0117ti pokalbiai su Mokytoju. Priesakai, perduodami per tuos pokalbius, padeda \u017emon\u0117ms b\u016bti\" \/>\n<meta property=\"og:url\" content=\"https:\/\/skaitytaknyga.lt\/en\/produktas\/dvasios-mokytojo-sodas\/\" \/>\n<meta property=\"og:site_name\" content=\"Skaitytaknyga\" \/>\n<meta property=\"article:publisher\" content=\"https:\/\/www.facebook.com\/skaitytaknyga\/\" \/>\n<meta property=\"article:modified_time\" content=\"2026-04-02T09:09:47+00:00\" \/>\n<meta property=\"og:image\" content=\"https:\/\/skaitytaknyga.lt\/wp-content\/uploads\/2026\/04\/DVASIOS-MOKYTOJO-SODAS-e1775052129924.webp\" \/>\n\t<meta property=\"og:image:width\" content=\"300\" \/>\n\t<meta property=\"og:image:height\" content=\"444\" \/>\n\t<meta property=\"og:image:type\" content=\"image\/webp\" \/>\n<meta name=\"twitter:card\" content=\"summary_large_image\" \/>\n<meta name=\"twitter:label1\" content=\"Estimated reading time\" \/>\n\t<meta name=\"twitter:data1\" content=\"1 minute\" \/>\n<script type=\"application\/ld+json\" class=\"yoast-schema-graph\">{\"@context\":\"https:\/\/schema.org\",\"@graph\":[{\"@type\":\"WebPage\",\"@id\":\"https:\/\/skaitytaknyga.lt\/produktas\/dvasios-mokytojo-sodas\/\",\"url\":\"https:\/\/skaitytaknyga.lt\/produktas\/dvasios-mokytojo-sodas\/\",\"name\":\"DVASIOS MOKYTOJO SODAS\",\"isPartOf\":{\"@id\":\"https:\/\/skaitytaknyga.lt\/#website\"},\"primaryImageOfPage\":{\"@id\":\"https:\/\/skaitytaknyga.lt\/produktas\/dvasios-mokytojo-sodas\/#primaryimage\"},\"image\":{\"@id\":\"https:\/\/skaitytaknyga.lt\/produktas\/dvasios-mokytojo-sodas\/#primaryimage\"},\"thumbnailUrl\":\"https:\/\/skaitytaknyga.lt\/wp-content\/uploads\/2026\/04\/DVASIOS-MOKYTOJO-SODAS-e1775052129924.webp\",\"datePublished\":\"2026-04-01T13:58:17+00:00\",\"dateModified\":\"2026-04-02T09:09:47+00:00\",\"description\":\"Nuostabi knyga \u201eDu gyvenimai\u201c atskleid\u0117, kaip vyksta pakyl\u0117ti pokalbiai su Mokytoju. Priesakai, perduodami per tuos pokalbius, padeda \u017emon\u0117ms b\u016bti\",\"breadcrumb\":{\"@id\":\"https:\/\/skaitytaknyga.lt\/produktas\/dvasios-mokytojo-sodas\/#breadcrumb\"},\"inLanguage\":\"en-GB\",\"potentialAction\":[{\"@type\":\"ReadAction\",\"target\":[\"https:\/\/skaitytaknyga.lt\/produktas\/dvasios-mokytojo-sodas\/\"]}]},{\"@type\":\"ImageObject\",\"inLanguage\":\"en-GB\",\"@id\":\"https:\/\/skaitytaknyga.lt\/produktas\/dvasios-mokytojo-sodas\/#primaryimage\",\"url\":\"https:\/\/skaitytaknyga.lt\/wp-content\/uploads\/2026\/04\/DVASIOS-MOKYTOJO-SODAS-e1775052129924.webp\",\"contentUrl\":\"https:\/\/skaitytaknyga.lt\/wp-content\/uploads\/2026\/04\/DVASIOS-MOKYTOJO-SODAS-e1775052129924.webp\",\"width\":300,\"height\":444,\"caption\":\"DVASIOS MOKYTOJO SODAS\"},{\"@type\":\"BreadcrumbList\",\"@id\":\"https:\/\/skaitytaknyga.lt\/produktas\/dvasios-mokytojo-sodas\/#breadcrumb\",\"itemListElement\":[{\"@type\":\"ListItem\",\"position\":1,\"name\":\"Home\",\"item\":\"https:\/\/skaitytaknyga.lt\/\"},{\"@type\":\"ListItem\",\"position\":2,\"name\":\"Parduotuv\u0117\",\"item\":\"https:\/\/skaitytaknyga.lt\/knygu-parduotuve\/\"},{\"@type\":\"ListItem\",\"position\":3,\"name\":\"DVASIOS MOKYTOJO SODAS\"}]},{\"@type\":\"WebSite\",\"@id\":\"https:\/\/skaitytaknyga.lt\/#website\",\"url\":\"https:\/\/skaitytaknyga.lt\/\",\"name\":\"skaitytaknyga.lt\",\"description\":\"Skaitytaknyga.lt \u2013 tai ma\u017eas \u0161eimos verslas, kuris prasid\u0117jo nuo meil\u0117s knygoms ir siekio i\u0161gelb\u0117ti knygas nuo likimo prie konteinerio. Kas vienam nereikalingas daiktas \u2013 kitam lobis, o mes esame tarpininkai, kurie padeda abiems tapti laimingesniems ???? \u017dinome kaip nelengva i\u0161gyventi ma\u017eiems verslams, tad nuo \u0161iol, \u010dia rasite ir kit\u0173, ma\u017e\u0173 \u0161eim\u0173 versl\u0173, rank\u0173 darbo, dovan\u0173 sau ir artimiesiems.\",\"publisher\":{\"@id\":\"https:\/\/skaitytaknyga.lt\/#organization\"},\"potentialAction\":[{\"@type\":\"SearchAction\",\"target\":{\"@type\":\"EntryPoint\",\"urlTemplate\":\"https:\/\/skaitytaknyga.lt\/?s={search_term_string}\"},\"query-input\":{\"@type\":\"PropertyValueSpecification\",\"valueRequired\":true,\"valueName\":\"search_term_string\"}}],\"inLanguage\":\"en-GB\"},{\"@type\":\"Organization\",\"@id\":\"https:\/\/skaitytaknyga.lt\/#organization\",\"name\":\"skaitytaknyga.lt\",\"url\":\"https:\/\/skaitytaknyga.lt\/\",\"logo\":{\"@type\":\"ImageObject\",\"inLanguage\":\"en-GB\",\"@id\":\"https:\/\/skaitytaknyga.lt\/#\/schema\/logo\/image\/\",\"url\":\"https:\/\/skaitytaknyga.lt\/wp-content\/uploads\/2024\/05\/cropped-cropped-cropped-02_00843_jt3bggkj1j3HLc7SyY6rEUpg.jpeg\",\"contentUrl\":\"https:\/\/skaitytaknyga.lt\/wp-content\/uploads\/2024\/05\/cropped-cropped-cropped-02_00843_jt3bggkj1j3HLc7SyY6rEUpg.jpeg\",\"width\":1600,\"height\":1600,\"caption\":\"skaitytaknyga.lt\"},\"image\":{\"@id\":\"https:\/\/skaitytaknyga.lt\/#\/schema\/logo\/image\/\"},\"sameAs\":[\"https:\/\/www.facebook.com\/skaitytaknyga\/\"]}]}<\/script>\n<!-- \/ Yoast SEO plugin. -->","yoast_head_json":{"title":"DVASIOS MOKYTOJO SODAS","description":"Nuostabi knyga \u201eDu gyvenimai\u201c atskleid\u0117, kaip vyksta pakyl\u0117ti pokalbiai su Mokytoju. Priesakai, perduodami per tuos pokalbius, padeda \u017emon\u0117ms b\u016bti","robots":{"index":"index","follow":"follow","max-snippet":"max-snippet:-1","max-image-preview":"max-image-preview:large","max-video-preview":"max-video-preview:-1"},"canonical":"https:\/\/skaitytaknyga.lt\/en\/produktas\/dvasios-mokytojo-sodas\/","og_locale":"en_GB","og_type":"article","og_title":"[:lt]DVASIOS MOKYTOJO SODAS[:] - Skaitytaknyga","og_description":"Nuostabi knyga \u201eDu gyvenimai\u201c atskleid\u0117, kaip vyksta pakyl\u0117ti pokalbiai su Mokytoju. Priesakai, perduodami per tuos pokalbius, padeda \u017emon\u0117ms b\u016bti","og_url":"https:\/\/skaitytaknyga.lt\/en\/produktas\/dvasios-mokytojo-sodas\/","og_site_name":"Skaitytaknyga","article_publisher":"https:\/\/www.facebook.com\/skaitytaknyga\/","article_modified_time":"2026-04-02T09:09:47+00:00","og_image":[{"width":300,"height":444,"url":"https:\/\/skaitytaknyga.lt\/wp-content\/uploads\/2026\/04\/DVASIOS-MOKYTOJO-SODAS-e1775052129924.webp","type":"image\/webp"}],"twitter_card":"summary_large_image","twitter_misc":{"Estimated reading time":"1 minute"},"schema":{"@context":"https:\/\/schema.org","@graph":[{"@type":"WebPage","@id":"https:\/\/skaitytaknyga.lt\/produktas\/dvasios-mokytojo-sodas\/","url":"https:\/\/skaitytaknyga.lt\/produktas\/dvasios-mokytojo-sodas\/","name":"DVASIOS MOKYTOJO SODAS","isPartOf":{"@id":"https:\/\/skaitytaknyga.lt\/#website"},"primaryImageOfPage":{"@id":"https:\/\/skaitytaknyga.lt\/produktas\/dvasios-mokytojo-sodas\/#primaryimage"},"image":{"@id":"https:\/\/skaitytaknyga.lt\/produktas\/dvasios-mokytojo-sodas\/#primaryimage"},"thumbnailUrl":"https:\/\/skaitytaknyga.lt\/wp-content\/uploads\/2026\/04\/DVASIOS-MOKYTOJO-SODAS-e1775052129924.webp","datePublished":"2026-04-01T13:58:17+00:00","dateModified":"2026-04-02T09:09:47+00:00","description":"Nuostabi knyga \u201eDu gyvenimai\u201c atskleid\u0117, kaip vyksta pakyl\u0117ti pokalbiai su Mokytoju. Priesakai, perduodami per tuos pokalbius, padeda \u017emon\u0117ms b\u016bti","breadcrumb":{"@id":"https:\/\/skaitytaknyga.lt\/produktas\/dvasios-mokytojo-sodas\/#breadcrumb"},"inLanguage":"en-GB","potentialAction":[{"@type":"ReadAction","target":["https:\/\/skaitytaknyga.lt\/produktas\/dvasios-mokytojo-sodas\/"]}]},{"@type":"ImageObject","inLanguage":"en-GB","@id":"https:\/\/skaitytaknyga.lt\/produktas\/dvasios-mokytojo-sodas\/#primaryimage","url":"https:\/\/skaitytaknyga.lt\/wp-content\/uploads\/2026\/04\/DVASIOS-MOKYTOJO-SODAS-e1775052129924.webp","contentUrl":"https:\/\/skaitytaknyga.lt\/wp-content\/uploads\/2026\/04\/DVASIOS-MOKYTOJO-SODAS-e1775052129924.webp","width":300,"height":444,"caption":"DVASIOS MOKYTOJO SODAS"},{"@type":"BreadcrumbList","@id":"https:\/\/skaitytaknyga.lt\/produktas\/dvasios-mokytojo-sodas\/#breadcrumb","itemListElement":[{"@type":"ListItem","position":1,"name":"Home","item":"https:\/\/skaitytaknyga.lt\/"},{"@type":"ListItem","position":2,"name":"Parduotuv\u0117","item":"https:\/\/skaitytaknyga.lt\/knygu-parduotuve\/"},{"@type":"ListItem","position":3,"name":"DVASIOS MOKYTOJO SODAS"}]},{"@type":"WebSite","@id":"https:\/\/skaitytaknyga.lt\/#website","url":"https:\/\/skaitytaknyga.lt\/","name":"skaitytaknyga.lt","description":"Skaitytaknyga.lt \u2013 tai ma\u017eas \u0161eimos verslas, kuris prasid\u0117jo nuo meil\u0117s knygoms ir siekio i\u0161gelb\u0117ti knygas nuo likimo prie konteinerio. Kas vienam nereikalingas daiktas \u2013 kitam lobis, o mes esame tarpininkai, kurie padeda abiems tapti laimingesniems ???? \u017dinome kaip nelengva i\u0161gyventi ma\u017eiems verslams, tad nuo \u0161iol, \u010dia rasite ir kit\u0173, ma\u017e\u0173 \u0161eim\u0173 versl\u0173, rank\u0173 darbo, dovan\u0173 sau ir artimiesiems.","publisher":{"@id":"https:\/\/skaitytaknyga.lt\/#organization"},"potentialAction":[{"@type":"SearchAction","target":{"@type":"EntryPoint","urlTemplate":"https:\/\/skaitytaknyga.lt\/?s={search_term_string}"},"query-input":{"@type":"PropertyValueSpecification","valueRequired":true,"valueName":"search_term_string"}}],"inLanguage":"en-GB"},{"@type":"Organization","@id":"https:\/\/skaitytaknyga.lt\/#organization","name":"skaitytaknyga.lt","url":"https:\/\/skaitytaknyga.lt\/","logo":{"@type":"ImageObject","inLanguage":"en-GB","@id":"https:\/\/skaitytaknyga.lt\/#\/schema\/logo\/image\/","url":"https:\/\/skaitytaknyga.lt\/wp-content\/uploads\/2024\/05\/cropped-cropped-cropped-02_00843_jt3bggkj1j3HLc7SyY6rEUpg.jpeg","contentUrl":"https:\/\/skaitytaknyga.lt\/wp-content\/uploads\/2024\/05\/cropped-cropped-cropped-02_00843_jt3bggkj1j3HLc7SyY6rEUpg.jpeg","width":1600,"height":1600,"caption":"skaitytaknyga.lt"},"image":{"@id":"https:\/\/skaitytaknyga.lt\/#\/schema\/logo\/image\/"},"sameAs":["https:\/\/www.facebook.com\/skaitytaknyga\/"]}]}},"_links":{"self":[{"href":"https:\/\/skaitytaknyga.lt\/en\/wp-json\/wp\/v2\/product\/25386","targetHints":{"allow":["GET"]}}],"collection":[{"href":"https:\/\/skaitytaknyga.lt\/en\/wp-json\/wp\/v2\/product"}],"about":[{"href":"https:\/\/skaitytaknyga.lt\/en\/wp-json\/wp\/v2\/types\/product"}],"replies":[{"embeddable":true,"href":"https:\/\/skaitytaknyga.lt\/en\/wp-json\/wp\/v2\/comments?post=25386"}],"wp:featuredmedia":[{"embeddable":true,"href":"https:\/\/skaitytaknyga.lt\/en\/wp-json\/wp\/v2\/media\/25393"}],"wp:attachment":[{"href":"https:\/\/skaitytaknyga.lt\/en\/wp-json\/wp\/v2\/media?parent=25386"}],"wp:term":[{"taxonomy":"product_brand","embeddable":true,"href":"https:\/\/skaitytaknyga.lt\/en\/wp-json\/wp\/v2\/product_brand?post=25386"},{"taxonomy":"product_cat","embeddable":true,"href":"https:\/\/skaitytaknyga.lt\/en\/wp-json\/wp\/v2\/product_cat?post=25386"},{"taxonomy":"product_tag","embeddable":true,"href":"https:\/\/skaitytaknyga.lt\/en\/wp-json\/wp\/v2\/product_tag?post=25386"}],"curies":[{"name":"wp","href":"https:\/\/api.w.org\/{rel}","templated":true}]}}