{"id":25385,"date":"2026-04-01T16:58:17","date_gmt":"2026-04-01T13:58:17","guid":{"rendered":"https:\/\/skaitytaknyga.lt\/?post_type=product&#038;p=25385"},"modified":"2026-04-02T12:09:47","modified_gmt":"2026-04-02T09:09:47","slug":"mylek-save-lyg-nuo-to-priklausytu-tavo-gyvybe","status":"publish","type":"product","link":"https:\/\/skaitytaknyga.lt\/en\/produktas\/mylek-save-lyg-nuo-to-priklausytu-tavo-gyvybe\/","title":{"rendered":"Myl\u0117k save, lyg nuo to priklausyt\u0173 tavo gyvyb\u0117"},"content":{"rendered":"<p>Tiesa ta, jog turite myl\u0117ti save taip stipriai, tarsi kabintum\u0117t\u0117s \u012f gyvenim\u0105 vos pir\u0161t\u0173 galiukais laikydamiesi u\u017e skard\u017eio kra\u0161to. Lyg nuo to priklausyt\u0173 j\u016bs\u0173 gyvyb\u0117. Tereikia prad\u0117ti ir viskas eisis kaip per sviest\u0105. Papasakosiu, kaip man tai pavyko, o jums teliks pasiry\u017eti.<\/p>\n<p>Mano gyvenimas apsivert\u0117 auk\u0161tyn kojomis. Tikiu \u2013 apsivers ir j\u016bs\u0173.<\/p>\n<p>Kamal Ravikant (Kamalas Ravikantas) meditavo su vienuoliais Himalajuose, tarnavo p\u0117stininku JAV armijoje, yra keli\u0173 kompanij\u0173 \u012fk\u016br\u0117jas ir turi rizikos kapitalo \u012fmon\u0119 Silicio sl\u0117nyje.<\/p>\n<p>Autorius sako: gyvenime man pasisek\u0117 patirti nuostabi\u0173 dalyk\u0173. A\u0161 meditavau su Tibeto vienuoliais Dalai Lamos vienuolyne, gyvenau Pary\u017eiuje, buvau vienintelis baltasis vyras juodaod\u017ei\u0173 moter\u0173 ra\u0161ytoj\u0173 grup\u0117je, para\u0161iau roman\u0105, laikiau mir\u0161tan\u010diuosius u\u017e rank\u0173 ir dirbau su geriausiais Silicio sl\u0117nio \u017emon\u0117mis. Ta\u010diau labiausiai pasikei\u010diau tiesiog prad\u0117j\u0119s myl\u0117ti save.<\/p>\n<p>Sunki liga, kompanijos bankrotas, mylimos draug\u0117s mirtis \u2013 visi \u0161ie sm\u016bgiai Kamal\u0105 Ravikant\u0105 nublo\u0161k\u0117 \u012f duob\u0119. Ta\u010diau kart\u0105, nebegal\u0117damas i\u0161tverti li\u016bdesio, jis dav\u0117 sau vien\u0105 pa\u017ead\u0105. Nuo tos akimirkos viskas pasikeit\u0117. Jis \u0117m\u0117 jaustis geriau \u2013 tiek fizi\u0161kai, tiek emoci\u0161kai. Buvo ne\u012fmanoma patik\u0117ti, kad gyvenimas pager\u0117jo savaime, ta\u010diau jau po m\u0117nesio savijauta ir situacija pasikeit\u0117 kardinaliai. Taip \u012fvyko vien d\u0117l to pa\u017eado ir valios jo laikytis.<\/p>\n<p>Koks tai pa\u017eadas? Ne\u012ftik\u0117tinai paprastas: myl\u0117ti save. Ta\u010diau kod\u0117l tai pakeit\u0117 gyvenim\u0105? Ar tikrai tai veikia?<br \/>\n\u0160i knyga \u2013 meil\u0117s sau vadovas. Lengvas, efektyvus ir tinkamas naudoti ilg\u0105 laik\u0105.<br \/>\nTaigi \u010dia perskaitysite, kaip \u017eingsnis po \u017eingsnio pamilti save. Viskas papildyta gyvenimi\u0161ka patirtimi. Baig\u0119 skaityti suprasite, jog myl\u0117ti save ne tik \u012fmanoma, bet juokingai paprasta.<br \/>\nTa\u010diau svarbiausia \u2013 su\u017einosite, k\u0105 tiksliai turite daryti.<\/p>\n<p>Tai \u012fprotis, pakeit\u0119s autoriaus gyvenim\u0105. Jis gali pakeisti ir j\u016bsi\u0161k\u012f.<\/p>\n","protected":false},"excerpt":{"rendered":"<p>Tiesa ta, jog turite myl\u0117ti save taip stipriai, tarsi kabintum\u0117t\u0117s \u012f gyvenim\u0105 vos pir\u0161t\u0173 galiukais laikydamiesi u\u017e skard\u017eio kra\u0161to. Lyg nuo to priklausyt\u0173 j\u016bs\u0173 gyvyb\u0117. Tereikia prad\u0117ti ir viskas eisis kaip per sviest\u0105. Papasakosiu, kaip man tai pavyko, o jums teliks pasiry\u017eti. Mano gyvenimas apsivert\u0117 auk\u0161tyn kojomis. Tikiu \u2013 apsivers ir j\u016bs\u0173. Kamal Ravikant (Kamalas Ravikantas) meditavo su vienuoliais Himalajuose, tarnavo p\u0117stininku JAV armijoje, yra keli\u0173 kompanij\u0173 \u012fk\u016br\u0117jas ir turi rizikos kapitalo \u012fmon\u0119 Silicio sl\u0117nyje. Autorius sako: gyvenime man pasisek\u0117 patirti nuostabi\u0173 dalyk\u0173. A\u0161 meditavau su Tibeto vienuoliais Dalai Lamos vienuolyne, gyvenau Pary\u017eiuje, buvau vienintelis baltasis vyras juodaod\u017ei\u0173 moter\u0173 ra\u0161ytoj\u0173 grup\u0117je, para\u0161iau roman\u0105, laikiau mir\u0161tan\u010diuosius u\u017e rank\u0173 ir dirbau su geriausiais Silicio sl\u0117nio \u017emon\u0117mis. Ta\u010diau labiausiai pasikei\u010diau tiesiog prad\u0117j\u0119s myl\u0117ti save. Sunki liga, kompanijos bankrotas, mylimos draug\u0117s mirtis \u2013 visi \u0161ie sm\u016bgiai Kamal\u0105 Ravikant\u0105 nublo\u0161k\u0117 \u012f duob\u0119. Ta\u010diau kart\u0105, nebegal\u0117damas i\u0161tverti li\u016bdesio, jis dav\u0117 sau vien\u0105 pa\u017ead\u0105. Nuo tos akimirkos viskas pasikeit\u0117. Jis \u0117m\u0117 jaustis geriau \u2013 tiek fizi\u0161kai, tiek emoci\u0161kai. Buvo ne\u012fmanoma patik\u0117ti, kad gyvenimas pager\u0117jo savaime, ta\u010diau jau po m\u0117nesio savijauta ir situacija pasikeit\u0117 kardinaliai. Taip \u012fvyko vien d\u0117l to pa\u017eado ir valios jo laikytis. Koks tai pa\u017eadas? Ne\u012ftik\u0117tinai paprastas: myl\u0117ti save. Ta\u010diau kod\u0117l tai pakeit\u0117 gyvenim\u0105? Ar tikrai tai veikia? \u0160i knyga \u2013 meil\u0117s sau vadovas. Lengvas, efektyvus ir tinkamas naudoti ilg\u0105 laik\u0105. Taigi \u010dia perskaitysite, kaip \u017eingsnis po \u017eingsnio pamilti save. Viskas papildyta gyvenimi\u0161ka patirtimi. Baig\u0119 skaityti suprasite, jog myl\u0117ti save ne tik \u012fmanoma, bet juokingai paprasta. Ta\u010diau svarbiausia \u2013 su\u017einosite, k\u0105 tiksliai turite daryti. Tai \u012fprotis, pakeit\u0119s autoriaus gyvenim\u0105. Jis gali pakeisti ir j\u016bsi\u0161k\u012f.<\/p>\n","protected":false},"featured_media":25392,"comment_status":"open","ping_status":"closed","template":"","meta":{"_acf_changed":false,"site-sidebar-layout":"default","site-content-layout":"","ast-site-content-layout":"default","site-content-style":"default","site-sidebar-style":"default","ast-global-header-display":"","ast-banner-title-visibility":"","ast-main-header-display":"","ast-hfb-above-header-display":"","ast-hfb-below-header-display":"","ast-hfb-mobile-header-display":"","site-post-title":"","ast-breadcrumbs-content":"","ast-featured-img":"","footer-sml-layout":"","ast-disable-related-posts":"","theme-transparent-header-meta":"","adv-header-id-meta":"","stick-header-meta":"","header-above-stick-meta":"","header-main-stick-meta":"","header-below-stick-meta":"","astra-migrate-meta-layouts":"default","ast-page-background-enabled":"default","ast-page-background-meta":{"desktop":{"background-color":"","background-image":"","background-repeat":"repeat","background-position":"center center","background-size":"auto","background-attachment":"scroll","background-type":"","background-media":"","overlay-type":"","overlay-color":"","overlay-opacity":"","overlay-gradient":""},"tablet":{"background-color":"","background-image":"","background-repeat":"repeat","background-position":"center center","background-size":"auto","background-attachment":"scroll","background-type":"","background-media":"","overlay-type":"","overlay-color":"","overlay-opacity":"","overlay-gradient":""},"mobile":{"background-color":"","background-image":"","background-repeat":"repeat","background-position":"center center","background-size":"auto","background-attachment":"scroll","background-type":"","background-media":"","overlay-type":"","overlay-color":"","overlay-opacity":"","overlay-gradient":""}},"ast-content-background-meta":{"desktop":{"background-color":"var(--ast-global-color-4)","background-image":"","background-repeat":"repeat","background-position":"center center","background-size":"auto","background-attachment":"scroll","background-type":"","background-media":"","overlay-type":"","overlay-color":"","overlay-opacity":"","overlay-gradient":""},"tablet":{"background-color":"var(--ast-global-color-4)","background-image":"","background-repeat":"repeat","background-position":"center center","background-size":"auto","background-attachment":"scroll","background-type":"","background-media":"","overlay-type":"","overlay-color":"","overlay-opacity":"","overlay-gradient":""},"mobile":{"background-color":"var(--ast-global-color-4)","background-image":"","background-repeat":"repeat","background-position":"center center","background-size":"auto","background-attachment":"scroll","background-type":"","background-media":"","overlay-type":"","overlay-color":"","overlay-opacity":"","overlay-gradient":""}}},"product_brand":[],"product_cat":[30],"product_tag":[],"class_list":{"0":"post-25385","1":"product","2":"type-product","3":"status-publish","4":"has-post-thumbnail","6":"product_cat-psichologija-ir-saviugda","7":"desktop-align-left","8":"tablet-align-left","9":"mobile-align-left","11":"first","12":"instock","13":"shipping-taxable","14":"purchasable","15":"product-type-simple"},"acf":[],"yoast_head":"<!-- This site is optimized with the Yoast SEO plugin v27.0 - https:\/\/yoast.com\/product\/yoast-seo-wordpress\/ -->\n<title>Myl\u0117k save, lyg nuo to priklausyt\u0173 tavo gyvyb\u0117<\/title>\n<meta name=\"description\" content=\"Tiesa ta, jog turite myl\u0117ti save taip stipriai, tarsi kabintum\u0117t\u0117s \u012f gyvenim\u0105 vos pir\u0161t\u0173 galiukais laikydamiesi u\u017e skard\u017eio kra\u0161to. Lyg nuo to priklausyt\u0173\" \/>\n<meta name=\"robots\" content=\"index, follow, max-snippet:-1, max-image-preview:large, max-video-preview:-1\" \/>\n<link rel=\"canonical\" href=\"https:\/\/skaitytaknyga.lt\/en\/produktas\/mylek-save-lyg-nuo-to-priklausytu-tavo-gyvybe\/\" \/>\n<meta property=\"og:locale\" content=\"en_GB\" \/>\n<meta property=\"og:locale:alternate\" content=\"lt_LT\" \/>\n<meta property=\"og:type\" content=\"article\" \/>\n<meta property=\"og:title\" content=\"Myl\u0117k save, lyg nuo to priklausyt\u0173 tavo gyvyb\u0117\" \/>\n<meta property=\"og:description\" content=\"Tiesa ta, jog turite myl\u0117ti save taip stipriai, tarsi kabintum\u0117t\u0117s \u012f gyvenim\u0105 vos pir\u0161t\u0173 galiukais laikydamiesi u\u017e skard\u017eio kra\u0161to. Lyg nuo to priklausyt\u0173\" \/>\n<meta property=\"og:url\" content=\"https:\/\/skaitytaknyga.lt\/en\/produktas\/mylek-save-lyg-nuo-to-priklausytu-tavo-gyvybe\/\" \/>\n<meta property=\"og:site_name\" content=\"Skaitytaknyga\" \/>\n<meta property=\"article:publisher\" content=\"https:\/\/www.facebook.com\/skaitytaknyga\/\" \/>\n<meta property=\"article:modified_time\" content=\"2026-04-02T09:09:47+00:00\" \/>\n<meta property=\"og:image\" content=\"https:\/\/skaitytaknyga.lt\/wp-content\/uploads\/2026\/04\/Mylek-save-lyg-nuo-to-priklausytu-tavo-gyvybe.webp\" \/>\n\t<meta property=\"og:image:width\" content=\"422\" \/>\n\t<meta property=\"og:image:height\" content=\"633\" \/>\n\t<meta property=\"og:image:type\" content=\"image\/webp\" \/>\n<meta name=\"twitter:card\" content=\"summary_large_image\" \/>\n<meta name=\"twitter:label1\" content=\"Estimated reading time\" \/>\n\t<meta name=\"twitter:data1\" content=\"2 minutes\" \/>\n<script type=\"application\/ld+json\" class=\"yoast-schema-graph\">{\"@context\":\"https:\/\/schema.org\",\"@graph\":[{\"@type\":\"WebPage\",\"@id\":\"https:\/\/skaitytaknyga.lt\/produktas\/mylek-save-lyg-nuo-to-priklausytu-tavo-gyvybe\/\",\"url\":\"https:\/\/skaitytaknyga.lt\/produktas\/mylek-save-lyg-nuo-to-priklausytu-tavo-gyvybe\/\",\"name\":\"Myl\u0117k save, lyg nuo to priklausyt\u0173 tavo gyvyb\u0117\",\"isPartOf\":{\"@id\":\"https:\/\/skaitytaknyga.lt\/#website\"},\"primaryImageOfPage\":{\"@id\":\"https:\/\/skaitytaknyga.lt\/produktas\/mylek-save-lyg-nuo-to-priklausytu-tavo-gyvybe\/#primaryimage\"},\"image\":{\"@id\":\"https:\/\/skaitytaknyga.lt\/produktas\/mylek-save-lyg-nuo-to-priklausytu-tavo-gyvybe\/#primaryimage\"},\"thumbnailUrl\":\"https:\/\/skaitytaknyga.lt\/wp-content\/uploads\/2026\/04\/Mylek-save-lyg-nuo-to-priklausytu-tavo-gyvybe.webp\",\"datePublished\":\"2026-04-01T13:58:17+00:00\",\"dateModified\":\"2026-04-02T09:09:47+00:00\",\"description\":\"Tiesa ta, jog turite myl\u0117ti save taip stipriai, tarsi kabintum\u0117t\u0117s \u012f gyvenim\u0105 vos pir\u0161t\u0173 galiukais laikydamiesi u\u017e skard\u017eio kra\u0161to. Lyg nuo to priklausyt\u0173\",\"breadcrumb\":{\"@id\":\"https:\/\/skaitytaknyga.lt\/produktas\/mylek-save-lyg-nuo-to-priklausytu-tavo-gyvybe\/#breadcrumb\"},\"inLanguage\":\"en-GB\",\"potentialAction\":[{\"@type\":\"ReadAction\",\"target\":[\"https:\/\/skaitytaknyga.lt\/produktas\/mylek-save-lyg-nuo-to-priklausytu-tavo-gyvybe\/\"]}]},{\"@type\":\"ImageObject\",\"inLanguage\":\"en-GB\",\"@id\":\"https:\/\/skaitytaknyga.lt\/produktas\/mylek-save-lyg-nuo-to-priklausytu-tavo-gyvybe\/#primaryimage\",\"url\":\"https:\/\/skaitytaknyga.lt\/wp-content\/uploads\/2026\/04\/Mylek-save-lyg-nuo-to-priklausytu-tavo-gyvybe.webp\",\"contentUrl\":\"https:\/\/skaitytaknyga.lt\/wp-content\/uploads\/2026\/04\/Mylek-save-lyg-nuo-to-priklausytu-tavo-gyvybe.webp\",\"width\":422,\"height\":633,\"caption\":\"Myl\u0117k save, lyg nuo to priklausyt\u0173 tavo gyvyb\u0117\"},{\"@type\":\"BreadcrumbList\",\"@id\":\"https:\/\/skaitytaknyga.lt\/produktas\/mylek-save-lyg-nuo-to-priklausytu-tavo-gyvybe\/#breadcrumb\",\"itemListElement\":[{\"@type\":\"ListItem\",\"position\":1,\"name\":\"Home\",\"item\":\"https:\/\/skaitytaknyga.lt\/\"},{\"@type\":\"ListItem\",\"position\":2,\"name\":\"Parduotuv\u0117\",\"item\":\"https:\/\/skaitytaknyga.lt\/knygu-parduotuve\/\"},{\"@type\":\"ListItem\",\"position\":3,\"name\":\"Myl\u0117k save, lyg nuo to priklausyt\u0173 tavo gyvyb\u0117\"}]},{\"@type\":\"WebSite\",\"@id\":\"https:\/\/skaitytaknyga.lt\/#website\",\"url\":\"https:\/\/skaitytaknyga.lt\/\",\"name\":\"skaitytaknyga.lt\",\"description\":\"Skaitytaknyga.lt \u2013 tai ma\u017eas \u0161eimos verslas, kuris prasid\u0117jo nuo meil\u0117s knygoms ir siekio i\u0161gelb\u0117ti knygas nuo likimo prie konteinerio. Kas vienam nereikalingas daiktas \u2013 kitam lobis, o mes esame tarpininkai, kurie padeda abiems tapti laimingesniems ???? \u017dinome kaip nelengva i\u0161gyventi ma\u017eiems verslams, tad nuo \u0161iol, \u010dia rasite ir kit\u0173, ma\u017e\u0173 \u0161eim\u0173 versl\u0173, rank\u0173 darbo, dovan\u0173 sau ir artimiesiems.\",\"publisher\":{\"@id\":\"https:\/\/skaitytaknyga.lt\/#organization\"},\"potentialAction\":[{\"@type\":\"SearchAction\",\"target\":{\"@type\":\"EntryPoint\",\"urlTemplate\":\"https:\/\/skaitytaknyga.lt\/?s={search_term_string}\"},\"query-input\":{\"@type\":\"PropertyValueSpecification\",\"valueRequired\":true,\"valueName\":\"search_term_string\"}}],\"inLanguage\":\"en-GB\"},{\"@type\":\"Organization\",\"@id\":\"https:\/\/skaitytaknyga.lt\/#organization\",\"name\":\"skaitytaknyga.lt\",\"url\":\"https:\/\/skaitytaknyga.lt\/\",\"logo\":{\"@type\":\"ImageObject\",\"inLanguage\":\"en-GB\",\"@id\":\"https:\/\/skaitytaknyga.lt\/#\/schema\/logo\/image\/\",\"url\":\"https:\/\/skaitytaknyga.lt\/wp-content\/uploads\/2024\/05\/cropped-cropped-cropped-02_00843_jt3bggkj1j3HLc7SyY6rEUpg.jpeg\",\"contentUrl\":\"https:\/\/skaitytaknyga.lt\/wp-content\/uploads\/2024\/05\/cropped-cropped-cropped-02_00843_jt3bggkj1j3HLc7SyY6rEUpg.jpeg\",\"width\":1600,\"height\":1600,\"caption\":\"skaitytaknyga.lt\"},\"image\":{\"@id\":\"https:\/\/skaitytaknyga.lt\/#\/schema\/logo\/image\/\"},\"sameAs\":[\"https:\/\/www.facebook.com\/skaitytaknyga\/\"]}]}<\/script>\n<!-- \/ Yoast SEO plugin. -->","yoast_head_json":{"title":"Myl\u0117k save, lyg nuo to priklausyt\u0173 tavo gyvyb\u0117","description":"Tiesa ta, jog turite myl\u0117ti save taip stipriai, tarsi kabintum\u0117t\u0117s \u012f gyvenim\u0105 vos pir\u0161t\u0173 galiukais laikydamiesi u\u017e skard\u017eio kra\u0161to. Lyg nuo to priklausyt\u0173","robots":{"index":"index","follow":"follow","max-snippet":"max-snippet:-1","max-image-preview":"max-image-preview:large","max-video-preview":"max-video-preview:-1"},"canonical":"https:\/\/skaitytaknyga.lt\/en\/produktas\/mylek-save-lyg-nuo-to-priklausytu-tavo-gyvybe\/","og_locale":"en_GB","og_type":"article","og_title":"[:lt]Myl\u0117k save, lyg nuo to priklausyt\u0173 tavo gyvyb\u0117[:] - Skaitytaknyga","og_description":"Tiesa ta, jog turite myl\u0117ti save taip stipriai, tarsi kabintum\u0117t\u0117s \u012f gyvenim\u0105 vos pir\u0161t\u0173 galiukais laikydamiesi u\u017e skard\u017eio kra\u0161to. Lyg nuo to priklausyt\u0173","og_url":"https:\/\/skaitytaknyga.lt\/en\/produktas\/mylek-save-lyg-nuo-to-priklausytu-tavo-gyvybe\/","og_site_name":"Skaitytaknyga","article_publisher":"https:\/\/www.facebook.com\/skaitytaknyga\/","article_modified_time":"2026-04-02T09:09:47+00:00","og_image":[{"width":422,"height":633,"url":"https:\/\/skaitytaknyga.lt\/wp-content\/uploads\/2026\/04\/Mylek-save-lyg-nuo-to-priklausytu-tavo-gyvybe.webp","type":"image\/webp"}],"twitter_card":"summary_large_image","twitter_misc":{"Estimated reading time":"2 minutes"},"schema":{"@context":"https:\/\/schema.org","@graph":[{"@type":"WebPage","@id":"https:\/\/skaitytaknyga.lt\/produktas\/mylek-save-lyg-nuo-to-priklausytu-tavo-gyvybe\/","url":"https:\/\/skaitytaknyga.lt\/produktas\/mylek-save-lyg-nuo-to-priklausytu-tavo-gyvybe\/","name":"Myl\u0117k save, lyg nuo to priklausyt\u0173 tavo gyvyb\u0117","isPartOf":{"@id":"https:\/\/skaitytaknyga.lt\/#website"},"primaryImageOfPage":{"@id":"https:\/\/skaitytaknyga.lt\/produktas\/mylek-save-lyg-nuo-to-priklausytu-tavo-gyvybe\/#primaryimage"},"image":{"@id":"https:\/\/skaitytaknyga.lt\/produktas\/mylek-save-lyg-nuo-to-priklausytu-tavo-gyvybe\/#primaryimage"},"thumbnailUrl":"https:\/\/skaitytaknyga.lt\/wp-content\/uploads\/2026\/04\/Mylek-save-lyg-nuo-to-priklausytu-tavo-gyvybe.webp","datePublished":"2026-04-01T13:58:17+00:00","dateModified":"2026-04-02T09:09:47+00:00","description":"Tiesa ta, jog turite myl\u0117ti save taip stipriai, tarsi kabintum\u0117t\u0117s \u012f gyvenim\u0105 vos pir\u0161t\u0173 galiukais laikydamiesi u\u017e skard\u017eio kra\u0161to. Lyg nuo to priklausyt\u0173","breadcrumb":{"@id":"https:\/\/skaitytaknyga.lt\/produktas\/mylek-save-lyg-nuo-to-priklausytu-tavo-gyvybe\/#breadcrumb"},"inLanguage":"en-GB","potentialAction":[{"@type":"ReadAction","target":["https:\/\/skaitytaknyga.lt\/produktas\/mylek-save-lyg-nuo-to-priklausytu-tavo-gyvybe\/"]}]},{"@type":"ImageObject","inLanguage":"en-GB","@id":"https:\/\/skaitytaknyga.lt\/produktas\/mylek-save-lyg-nuo-to-priklausytu-tavo-gyvybe\/#primaryimage","url":"https:\/\/skaitytaknyga.lt\/wp-content\/uploads\/2026\/04\/Mylek-save-lyg-nuo-to-priklausytu-tavo-gyvybe.webp","contentUrl":"https:\/\/skaitytaknyga.lt\/wp-content\/uploads\/2026\/04\/Mylek-save-lyg-nuo-to-priklausytu-tavo-gyvybe.webp","width":422,"height":633,"caption":"Myl\u0117k save, lyg nuo to priklausyt\u0173 tavo gyvyb\u0117"},{"@type":"BreadcrumbList","@id":"https:\/\/skaitytaknyga.lt\/produktas\/mylek-save-lyg-nuo-to-priklausytu-tavo-gyvybe\/#breadcrumb","itemListElement":[{"@type":"ListItem","position":1,"name":"Home","item":"https:\/\/skaitytaknyga.lt\/"},{"@type":"ListItem","position":2,"name":"Parduotuv\u0117","item":"https:\/\/skaitytaknyga.lt\/knygu-parduotuve\/"},{"@type":"ListItem","position":3,"name":"Myl\u0117k save, lyg nuo to priklausyt\u0173 tavo gyvyb\u0117"}]},{"@type":"WebSite","@id":"https:\/\/skaitytaknyga.lt\/#website","url":"https:\/\/skaitytaknyga.lt\/","name":"skaitytaknyga.lt","description":"Skaitytaknyga.lt \u2013 tai ma\u017eas \u0161eimos verslas, kuris prasid\u0117jo nuo meil\u0117s knygoms ir siekio i\u0161gelb\u0117ti knygas nuo likimo prie konteinerio. Kas vienam nereikalingas daiktas \u2013 kitam lobis, o mes esame tarpininkai, kurie padeda abiems tapti laimingesniems ???? \u017dinome kaip nelengva i\u0161gyventi ma\u017eiems verslams, tad nuo \u0161iol, \u010dia rasite ir kit\u0173, ma\u017e\u0173 \u0161eim\u0173 versl\u0173, rank\u0173 darbo, dovan\u0173 sau ir artimiesiems.","publisher":{"@id":"https:\/\/skaitytaknyga.lt\/#organization"},"potentialAction":[{"@type":"SearchAction","target":{"@type":"EntryPoint","urlTemplate":"https:\/\/skaitytaknyga.lt\/?s={search_term_string}"},"query-input":{"@type":"PropertyValueSpecification","valueRequired":true,"valueName":"search_term_string"}}],"inLanguage":"en-GB"},{"@type":"Organization","@id":"https:\/\/skaitytaknyga.lt\/#organization","name":"skaitytaknyga.lt","url":"https:\/\/skaitytaknyga.lt\/","logo":{"@type":"ImageObject","inLanguage":"en-GB","@id":"https:\/\/skaitytaknyga.lt\/#\/schema\/logo\/image\/","url":"https:\/\/skaitytaknyga.lt\/wp-content\/uploads\/2024\/05\/cropped-cropped-cropped-02_00843_jt3bggkj1j3HLc7SyY6rEUpg.jpeg","contentUrl":"https:\/\/skaitytaknyga.lt\/wp-content\/uploads\/2024\/05\/cropped-cropped-cropped-02_00843_jt3bggkj1j3HLc7SyY6rEUpg.jpeg","width":1600,"height":1600,"caption":"skaitytaknyga.lt"},"image":{"@id":"https:\/\/skaitytaknyga.lt\/#\/schema\/logo\/image\/"},"sameAs":["https:\/\/www.facebook.com\/skaitytaknyga\/"]}]}},"_links":{"self":[{"href":"https:\/\/skaitytaknyga.lt\/en\/wp-json\/wp\/v2\/product\/25385","targetHints":{"allow":["GET"]}}],"collection":[{"href":"https:\/\/skaitytaknyga.lt\/en\/wp-json\/wp\/v2\/product"}],"about":[{"href":"https:\/\/skaitytaknyga.lt\/en\/wp-json\/wp\/v2\/types\/product"}],"replies":[{"embeddable":true,"href":"https:\/\/skaitytaknyga.lt\/en\/wp-json\/wp\/v2\/comments?post=25385"}],"wp:featuredmedia":[{"embeddable":true,"href":"https:\/\/skaitytaknyga.lt\/en\/wp-json\/wp\/v2\/media\/25392"}],"wp:attachment":[{"href":"https:\/\/skaitytaknyga.lt\/en\/wp-json\/wp\/v2\/media?parent=25385"}],"wp:term":[{"taxonomy":"product_brand","embeddable":true,"href":"https:\/\/skaitytaknyga.lt\/en\/wp-json\/wp\/v2\/product_brand?post=25385"},{"taxonomy":"product_cat","embeddable":true,"href":"https:\/\/skaitytaknyga.lt\/en\/wp-json\/wp\/v2\/product_cat?post=25385"},{"taxonomy":"product_tag","embeddable":true,"href":"https:\/\/skaitytaknyga.lt\/en\/wp-json\/wp\/v2\/product_tag?post=25385"}],"curies":[{"name":"wp","href":"https:\/\/api.w.org\/{rel}","templated":true}]}}