{"id":25373,"date":"2026-04-01T13:04:13","date_gmt":"2026-04-01T10:04:13","guid":{"rendered":"https:\/\/skaitytaknyga.lt\/?post_type=product&#038;p=25373"},"modified":"2026-04-01T16:56:31","modified_gmt":"2026-04-01T13:56:31","slug":"zmogus-mires-du-kartus","status":"publish","type":"product","link":"https:\/\/skaitytaknyga.lt\/en\/produktas\/zmogus-mires-du-kartus\/","title":{"rendered":"\u017dmogus, mir\u0119s du kartus"},"content":{"rendered":"<p>Antrasis Richardo Osmano romanas i\u0161 visus rekordus vir\u0161ijusio, milijonais egzempliori\u0173 parduoto \u201eKetvirtadienio \u017emog\u017eudys\u010di\u0173 klubo&#8221; serijos.<\/p>\n<p>Kitas ketvirtadienis&#8230;<\/p>\n<p>Elizabet\u0117 gauna lai\u0161k\u0105 i\u0161 seno kolegos, su kuriuo j\u0105 sieja ilga istorija. Vyras padar\u0117 did\u017eiul\u0119 klaid\u0105 ir dabar jam reikia pagalbos. Jis papasakoja apie pavogtus deimantus, nuo\u017em\u0173 gangster\u012f ir i\u0161kilus\u012f labai real\u0173 pavoj\u0173 savo gyvybei.<\/p>\n<p>Lavon\u0173 kr\u016bvai augant, Elizabet\u0117 \u012f negailestingo \u017eudiko med\u017eiokl\u0119 \u012ftraukia D\u017eois\u0119, Ibrahim\u0105 ir Ron\u0105. O jei jie ras ir deimantus, k\u0105 gi, tai b\u016bt\u0173 nebloga premija.<\/p>\n<p>Ta\u010diau \u0161\u012fkart jie susiduria su prie\u0161u, kuris n\u0117 nemirktel\u0117j\u0119s nugalabyt\u0173 keturis senukus. Ar Ketvirtadienio \u017emog\u017eudys\u010di\u0173 klubas ras \u017eudik\u0105 (ir deimantus) anks\u010diau, nei \u017eudikas ras juos?<\/p>\n","protected":false},"excerpt":{"rendered":"<p>Antrasis Richardo Osmano romanas i\u0161 visus rekordus vir\u0161ijusio, milijonais egzempliori\u0173 parduoto \u201eKetvirtadienio \u017emog\u017eudys\u010di\u0173 klubo&#8221; serijos. Kitas ketvirtadienis&#8230; Elizabet\u0117 gauna lai\u0161k\u0105 i\u0161 seno kolegos, su kuriuo j\u0105 sieja ilga istorija. Vyras padar\u0117 did\u017eiul\u0119 klaid\u0105 ir dabar jam reikia pagalbos. Jis papasakoja apie pavogtus deimantus, nuo\u017em\u0173 gangster\u012f ir i\u0161kilus\u012f labai real\u0173 pavoj\u0173 savo gyvybei. Lavon\u0173 kr\u016bvai augant, Elizabet\u0117 \u012f negailestingo \u017eudiko med\u017eiokl\u0119 \u012ftraukia D\u017eois\u0119, Ibrahim\u0105 ir Ron\u0105. O jei jie ras ir deimantus, k\u0105 gi, tai b\u016bt\u0173 nebloga premija. Ta\u010diau \u0161\u012fkart jie susiduria su prie\u0161u, kuris n\u0117 nemirktel\u0117j\u0119s nugalabyt\u0173 keturis senukus. Ar Ketvirtadienio \u017emog\u017eudys\u010di\u0173 klubas ras \u017eudik\u0105 (ir deimantus) anks\u010diau, nei \u017eudikas ras juos?<\/p>\n","protected":false},"featured_media":25375,"comment_status":"open","ping_status":"closed","template":"","meta":{"_acf_changed":false,"site-sidebar-layout":"default","site-content-layout":"","ast-site-content-layout":"default","site-content-style":"default","site-sidebar-style":"default","ast-global-header-display":"","ast-banner-title-visibility":"","ast-main-header-display":"","ast-hfb-above-header-display":"","ast-hfb-below-header-display":"","ast-hfb-mobile-header-display":"","site-post-title":"","ast-breadcrumbs-content":"","ast-featured-img":"","footer-sml-layout":"","ast-disable-related-posts":"","theme-transparent-header-meta":"","adv-header-id-meta":"","stick-header-meta":"","header-above-stick-meta":"","header-main-stick-meta":"","header-below-stick-meta":"","astra-migrate-meta-layouts":"default","ast-page-background-enabled":"default","ast-page-background-meta":{"desktop":{"background-color":"","background-image":"","background-repeat":"repeat","background-position":"center center","background-size":"auto","background-attachment":"scroll","background-type":"","background-media":"","overlay-type":"","overlay-color":"","overlay-opacity":"","overlay-gradient":""},"tablet":{"background-color":"","background-image":"","background-repeat":"repeat","background-position":"center center","background-size":"auto","background-attachment":"scroll","background-type":"","background-media":"","overlay-type":"","overlay-color":"","overlay-opacity":"","overlay-gradient":""},"mobile":{"background-color":"","background-image":"","background-repeat":"repeat","background-position":"center center","background-size":"auto","background-attachment":"scroll","background-type":"","background-media":"","overlay-type":"","overlay-color":"","overlay-opacity":"","overlay-gradient":""}},"ast-content-background-meta":{"desktop":{"background-color":"var(--ast-global-color-4)","background-image":"","background-repeat":"repeat","background-position":"center center","background-size":"auto","background-attachment":"scroll","background-type":"","background-media":"","overlay-type":"","overlay-color":"","overlay-opacity":"","overlay-gradient":""},"tablet":{"background-color":"var(--ast-global-color-4)","background-image":"","background-repeat":"repeat","background-position":"center center","background-size":"auto","background-attachment":"scroll","background-type":"","background-media":"","overlay-type":"","overlay-color":"","overlay-opacity":"","overlay-gradient":""},"mobile":{"background-color":"var(--ast-global-color-4)","background-image":"","background-repeat":"repeat","background-position":"center center","background-size":"auto","background-attachment":"scroll","background-type":"","background-media":"","overlay-type":"","overlay-color":"","overlay-opacity":"","overlay-gradient":""}}},"product_brand":[],"product_cat":[9734,9693],"product_tag":[],"class_list":{"0":"post-25373","1":"product","2":"type-product","3":"status-publish","4":"has-post-thumbnail","6":"product_cat-romanai","7":"product_cat-visos-prekes","8":"desktop-align-left","9":"tablet-align-left","10":"mobile-align-left","12":"first","13":"instock","14":"shipping-taxable","15":"purchasable","16":"product-type-simple"},"acf":[],"yoast_head":"<!-- This site is optimized with the Yoast SEO plugin v27.0 - https:\/\/yoast.com\/product\/yoast-seo-wordpress\/ -->\n<title>\u017dmogus, mir\u0119s du kartus<\/title>\n<meta name=\"description\" content=\"Antrasis Richardo Osmano romanas i\u0161 visus rekordus vir\u0161ijusio, milijonais egzempliori\u0173 parduoto \u201eKetvirtadienio \u017emog\u017eudys\u010di\u0173 klubo&quot; serijos. Kitas\" \/>\n<meta name=\"robots\" content=\"index, follow, max-snippet:-1, max-image-preview:large, max-video-preview:-1\" \/>\n<link rel=\"canonical\" href=\"https:\/\/skaitytaknyga.lt\/en\/produktas\/zmogus-mires-du-kartus\/\" \/>\n<meta property=\"og:locale\" content=\"en_GB\" \/>\n<meta property=\"og:locale:alternate\" content=\"lt_LT\" \/>\n<meta property=\"og:type\" content=\"article\" \/>\n<meta property=\"og:title\" content=\"\u017dmogus, mir\u0119s du kartus\" \/>\n<meta property=\"og:description\" content=\"Antrasis Richardo Osmano romanas i\u0161 visus rekordus vir\u0161ijusio, milijonais egzempliori\u0173 parduoto \u201eKetvirtadienio \u017emog\u017eudys\u010di\u0173 klubo&quot; serijos. Kitas\" \/>\n<meta property=\"og:url\" content=\"https:\/\/skaitytaknyga.lt\/en\/produktas\/zmogus-mires-du-kartus\/\" \/>\n<meta property=\"og:site_name\" content=\"Skaitytaknyga\" \/>\n<meta property=\"article:publisher\" content=\"https:\/\/www.facebook.com\/skaitytaknyga\/\" \/>\n<meta property=\"article:modified_time\" content=\"2026-04-01T13:56:31+00:00\" \/>\n<meta property=\"og:image\" content=\"https:\/\/skaitytaknyga.lt\/wp-content\/uploads\/2026\/04\/Zmogus-mires-du-kartus.webp\" \/>\n\t<meta property=\"og:image:width\" content=\"528\" \/>\n\t<meta property=\"og:image:height\" content=\"801\" \/>\n\t<meta property=\"og:image:type\" content=\"image\/webp\" \/>\n<meta name=\"twitter:card\" content=\"summary_large_image\" \/>\n<meta name=\"twitter:label1\" content=\"Estimated reading time\" \/>\n\t<meta name=\"twitter:data1\" content=\"1 minute\" \/>\n<script type=\"application\/ld+json\" class=\"yoast-schema-graph\">{\"@context\":\"https:\/\/schema.org\",\"@graph\":[{\"@type\":\"WebPage\",\"@id\":\"https:\/\/skaitytaknyga.lt\/produktas\/zmogus-mires-du-kartus\/\",\"url\":\"https:\/\/skaitytaknyga.lt\/produktas\/zmogus-mires-du-kartus\/\",\"name\":\"\u017dmogus, mir\u0119s du kartus\",\"isPartOf\":{\"@id\":\"https:\/\/skaitytaknyga.lt\/#website\"},\"primaryImageOfPage\":{\"@id\":\"https:\/\/skaitytaknyga.lt\/produktas\/zmogus-mires-du-kartus\/#primaryimage\"},\"image\":{\"@id\":\"https:\/\/skaitytaknyga.lt\/produktas\/zmogus-mires-du-kartus\/#primaryimage\"},\"thumbnailUrl\":\"https:\/\/skaitytaknyga.lt\/wp-content\/uploads\/2026\/04\/Zmogus-mires-du-kartus.webp\",\"datePublished\":\"2026-04-01T10:04:13+00:00\",\"dateModified\":\"2026-04-01T13:56:31+00:00\",\"description\":\"Antrasis Richardo Osmano romanas i\u0161 visus rekordus vir\u0161ijusio, milijonais egzempliori\u0173 parduoto \u201eKetvirtadienio \u017emog\u017eudys\u010di\u0173 klubo\\\" serijos. Kitas\",\"breadcrumb\":{\"@id\":\"https:\/\/skaitytaknyga.lt\/produktas\/zmogus-mires-du-kartus\/#breadcrumb\"},\"inLanguage\":\"en-GB\",\"potentialAction\":[{\"@type\":\"ReadAction\",\"target\":[\"https:\/\/skaitytaknyga.lt\/produktas\/zmogus-mires-du-kartus\/\"]}]},{\"@type\":\"ImageObject\",\"inLanguage\":\"en-GB\",\"@id\":\"https:\/\/skaitytaknyga.lt\/produktas\/zmogus-mires-du-kartus\/#primaryimage\",\"url\":\"https:\/\/skaitytaknyga.lt\/wp-content\/uploads\/2026\/04\/Zmogus-mires-du-kartus.webp\",\"contentUrl\":\"https:\/\/skaitytaknyga.lt\/wp-content\/uploads\/2026\/04\/Zmogus-mires-du-kartus.webp\",\"width\":528,\"height\":801,\"caption\":\"\u017dmogus, mir\u0119s du kartus\"},{\"@type\":\"BreadcrumbList\",\"@id\":\"https:\/\/skaitytaknyga.lt\/produktas\/zmogus-mires-du-kartus\/#breadcrumb\",\"itemListElement\":[{\"@type\":\"ListItem\",\"position\":1,\"name\":\"Home\",\"item\":\"https:\/\/skaitytaknyga.lt\/\"},{\"@type\":\"ListItem\",\"position\":2,\"name\":\"Parduotuv\u0117\",\"item\":\"https:\/\/skaitytaknyga.lt\/knygu-parduotuve\/\"},{\"@type\":\"ListItem\",\"position\":3,\"name\":\"\u017dmogus, mir\u0119s du kartus\"}]},{\"@type\":\"WebSite\",\"@id\":\"https:\/\/skaitytaknyga.lt\/#website\",\"url\":\"https:\/\/skaitytaknyga.lt\/\",\"name\":\"skaitytaknyga.lt\",\"description\":\"Skaitytaknyga.lt \u2013 tai ma\u017eas \u0161eimos verslas, kuris prasid\u0117jo nuo meil\u0117s knygoms ir siekio i\u0161gelb\u0117ti knygas nuo likimo prie konteinerio. Kas vienam nereikalingas daiktas \u2013 kitam lobis, o mes esame tarpininkai, kurie padeda abiems tapti laimingesniems ???? \u017dinome kaip nelengva i\u0161gyventi ma\u017eiems verslams, tad nuo \u0161iol, \u010dia rasite ir kit\u0173, ma\u017e\u0173 \u0161eim\u0173 versl\u0173, rank\u0173 darbo, dovan\u0173 sau ir artimiesiems.\",\"publisher\":{\"@id\":\"https:\/\/skaitytaknyga.lt\/#organization\"},\"potentialAction\":[{\"@type\":\"SearchAction\",\"target\":{\"@type\":\"EntryPoint\",\"urlTemplate\":\"https:\/\/skaitytaknyga.lt\/?s={search_term_string}\"},\"query-input\":{\"@type\":\"PropertyValueSpecification\",\"valueRequired\":true,\"valueName\":\"search_term_string\"}}],\"inLanguage\":\"en-GB\"},{\"@type\":\"Organization\",\"@id\":\"https:\/\/skaitytaknyga.lt\/#organization\",\"name\":\"skaitytaknyga.lt\",\"url\":\"https:\/\/skaitytaknyga.lt\/\",\"logo\":{\"@type\":\"ImageObject\",\"inLanguage\":\"en-GB\",\"@id\":\"https:\/\/skaitytaknyga.lt\/#\/schema\/logo\/image\/\",\"url\":\"https:\/\/skaitytaknyga.lt\/wp-content\/uploads\/2024\/05\/cropped-cropped-cropped-02_00843_jt3bggkj1j3HLc7SyY6rEUpg.jpeg\",\"contentUrl\":\"https:\/\/skaitytaknyga.lt\/wp-content\/uploads\/2024\/05\/cropped-cropped-cropped-02_00843_jt3bggkj1j3HLc7SyY6rEUpg.jpeg\",\"width\":1600,\"height\":1600,\"caption\":\"skaitytaknyga.lt\"},\"image\":{\"@id\":\"https:\/\/skaitytaknyga.lt\/#\/schema\/logo\/image\/\"},\"sameAs\":[\"https:\/\/www.facebook.com\/skaitytaknyga\/\"]}]}<\/script>\n<!-- \/ Yoast SEO plugin. -->","yoast_head_json":{"title":"\u017dmogus, mir\u0119s du kartus","description":"Antrasis Richardo Osmano romanas i\u0161 visus rekordus vir\u0161ijusio, milijonais egzempliori\u0173 parduoto \u201eKetvirtadienio \u017emog\u017eudys\u010di\u0173 klubo\" serijos. Kitas","robots":{"index":"index","follow":"follow","max-snippet":"max-snippet:-1","max-image-preview":"max-image-preview:large","max-video-preview":"max-video-preview:-1"},"canonical":"https:\/\/skaitytaknyga.lt\/en\/produktas\/zmogus-mires-du-kartus\/","og_locale":"en_GB","og_type":"article","og_title":"[:lt]\u017dmogus, mir\u0119s du kartus[:] - Skaitytaknyga","og_description":"Antrasis Richardo Osmano romanas i\u0161 visus rekordus vir\u0161ijusio, milijonais egzempliori\u0173 parduoto \u201eKetvirtadienio \u017emog\u017eudys\u010di\u0173 klubo\" serijos. Kitas","og_url":"https:\/\/skaitytaknyga.lt\/en\/produktas\/zmogus-mires-du-kartus\/","og_site_name":"Skaitytaknyga","article_publisher":"https:\/\/www.facebook.com\/skaitytaknyga\/","article_modified_time":"2026-04-01T13:56:31+00:00","og_image":[{"width":528,"height":801,"url":"https:\/\/skaitytaknyga.lt\/wp-content\/uploads\/2026\/04\/Zmogus-mires-du-kartus.webp","type":"image\/webp"}],"twitter_card":"summary_large_image","twitter_misc":{"Estimated reading time":"1 minute"},"schema":{"@context":"https:\/\/schema.org","@graph":[{"@type":"WebPage","@id":"https:\/\/skaitytaknyga.lt\/produktas\/zmogus-mires-du-kartus\/","url":"https:\/\/skaitytaknyga.lt\/produktas\/zmogus-mires-du-kartus\/","name":"\u017dmogus, mir\u0119s du kartus","isPartOf":{"@id":"https:\/\/skaitytaknyga.lt\/#website"},"primaryImageOfPage":{"@id":"https:\/\/skaitytaknyga.lt\/produktas\/zmogus-mires-du-kartus\/#primaryimage"},"image":{"@id":"https:\/\/skaitytaknyga.lt\/produktas\/zmogus-mires-du-kartus\/#primaryimage"},"thumbnailUrl":"https:\/\/skaitytaknyga.lt\/wp-content\/uploads\/2026\/04\/Zmogus-mires-du-kartus.webp","datePublished":"2026-04-01T10:04:13+00:00","dateModified":"2026-04-01T13:56:31+00:00","description":"Antrasis Richardo Osmano romanas i\u0161 visus rekordus vir\u0161ijusio, milijonais egzempliori\u0173 parduoto \u201eKetvirtadienio \u017emog\u017eudys\u010di\u0173 klubo\" serijos. Kitas","breadcrumb":{"@id":"https:\/\/skaitytaknyga.lt\/produktas\/zmogus-mires-du-kartus\/#breadcrumb"},"inLanguage":"en-GB","potentialAction":[{"@type":"ReadAction","target":["https:\/\/skaitytaknyga.lt\/produktas\/zmogus-mires-du-kartus\/"]}]},{"@type":"ImageObject","inLanguage":"en-GB","@id":"https:\/\/skaitytaknyga.lt\/produktas\/zmogus-mires-du-kartus\/#primaryimage","url":"https:\/\/skaitytaknyga.lt\/wp-content\/uploads\/2026\/04\/Zmogus-mires-du-kartus.webp","contentUrl":"https:\/\/skaitytaknyga.lt\/wp-content\/uploads\/2026\/04\/Zmogus-mires-du-kartus.webp","width":528,"height":801,"caption":"\u017dmogus, mir\u0119s du kartus"},{"@type":"BreadcrumbList","@id":"https:\/\/skaitytaknyga.lt\/produktas\/zmogus-mires-du-kartus\/#breadcrumb","itemListElement":[{"@type":"ListItem","position":1,"name":"Home","item":"https:\/\/skaitytaknyga.lt\/"},{"@type":"ListItem","position":2,"name":"Parduotuv\u0117","item":"https:\/\/skaitytaknyga.lt\/knygu-parduotuve\/"},{"@type":"ListItem","position":3,"name":"\u017dmogus, mir\u0119s du kartus"}]},{"@type":"WebSite","@id":"https:\/\/skaitytaknyga.lt\/#website","url":"https:\/\/skaitytaknyga.lt\/","name":"skaitytaknyga.lt","description":"Skaitytaknyga.lt \u2013 tai ma\u017eas \u0161eimos verslas, kuris prasid\u0117jo nuo meil\u0117s knygoms ir siekio i\u0161gelb\u0117ti knygas nuo likimo prie konteinerio. Kas vienam nereikalingas daiktas \u2013 kitam lobis, o mes esame tarpininkai, kurie padeda abiems tapti laimingesniems ???? \u017dinome kaip nelengva i\u0161gyventi ma\u017eiems verslams, tad nuo \u0161iol, \u010dia rasite ir kit\u0173, ma\u017e\u0173 \u0161eim\u0173 versl\u0173, rank\u0173 darbo, dovan\u0173 sau ir artimiesiems.","publisher":{"@id":"https:\/\/skaitytaknyga.lt\/#organization"},"potentialAction":[{"@type":"SearchAction","target":{"@type":"EntryPoint","urlTemplate":"https:\/\/skaitytaknyga.lt\/?s={search_term_string}"},"query-input":{"@type":"PropertyValueSpecification","valueRequired":true,"valueName":"search_term_string"}}],"inLanguage":"en-GB"},{"@type":"Organization","@id":"https:\/\/skaitytaknyga.lt\/#organization","name":"skaitytaknyga.lt","url":"https:\/\/skaitytaknyga.lt\/","logo":{"@type":"ImageObject","inLanguage":"en-GB","@id":"https:\/\/skaitytaknyga.lt\/#\/schema\/logo\/image\/","url":"https:\/\/skaitytaknyga.lt\/wp-content\/uploads\/2024\/05\/cropped-cropped-cropped-02_00843_jt3bggkj1j3HLc7SyY6rEUpg.jpeg","contentUrl":"https:\/\/skaitytaknyga.lt\/wp-content\/uploads\/2024\/05\/cropped-cropped-cropped-02_00843_jt3bggkj1j3HLc7SyY6rEUpg.jpeg","width":1600,"height":1600,"caption":"skaitytaknyga.lt"},"image":{"@id":"https:\/\/skaitytaknyga.lt\/#\/schema\/logo\/image\/"},"sameAs":["https:\/\/www.facebook.com\/skaitytaknyga\/"]}]}},"_links":{"self":[{"href":"https:\/\/skaitytaknyga.lt\/en\/wp-json\/wp\/v2\/product\/25373","targetHints":{"allow":["GET"]}}],"collection":[{"href":"https:\/\/skaitytaknyga.lt\/en\/wp-json\/wp\/v2\/product"}],"about":[{"href":"https:\/\/skaitytaknyga.lt\/en\/wp-json\/wp\/v2\/types\/product"}],"replies":[{"embeddable":true,"href":"https:\/\/skaitytaknyga.lt\/en\/wp-json\/wp\/v2\/comments?post=25373"}],"wp:featuredmedia":[{"embeddable":true,"href":"https:\/\/skaitytaknyga.lt\/en\/wp-json\/wp\/v2\/media\/25375"}],"wp:attachment":[{"href":"https:\/\/skaitytaknyga.lt\/en\/wp-json\/wp\/v2\/media?parent=25373"}],"wp:term":[{"taxonomy":"product_brand","embeddable":true,"href":"https:\/\/skaitytaknyga.lt\/en\/wp-json\/wp\/v2\/product_brand?post=25373"},{"taxonomy":"product_cat","embeddable":true,"href":"https:\/\/skaitytaknyga.lt\/en\/wp-json\/wp\/v2\/product_cat?post=25373"},{"taxonomy":"product_tag","embeddable":true,"href":"https:\/\/skaitytaknyga.lt\/en\/wp-json\/wp\/v2\/product_tag?post=25373"}],"curies":[{"name":"wp","href":"https:\/\/api.w.org\/{rel}","templated":true}]}}