{"id":25372,"date":"2026-04-01T13:04:11","date_gmt":"2026-04-01T10:04:11","guid":{"rendered":"https:\/\/skaitytaknyga.lt\/?post_type=product&#038;p=25372"},"modified":"2026-04-01T16:56:14","modified_gmt":"2026-04-01T13:56:14","slug":"stebuklu-cirkas","status":"publish","type":"product","link":"https:\/\/skaitytaknyga.lt\/en\/produktas\/stebuklu-cirkas\/","title":{"rendered":"Stebukl\u0173 cirkas"},"content":{"rendered":"<p>Sodrus, jausmus \u017eadinantis ir puikiai epochos atmosfer\u0105 perteikiantis gotikinis romanas, kuriame vienos moters gyvenim\u0105 i\u0161 pagrind\u0173 pakei\u010dia karalien\u0117s Viktorijos laikais taip m\u0117gtas keistenybi\u0173 cirkas&#8230;<\/p>\n<p>1866 metai. Viename piet\u0173 Anglijos paj\u016brio kaime Nel\u0117 u\u017esidirba pragyvenimui skindama na\u0161laites. Nelei, kurios kaimie\u010diai vengia d\u0117l jos od\u0105 i\u0161marginusi\u0173 apgam\u0173, vis\u0105 pasaul\u012f sudaro mylimas brolis ir j\u016bra.<br \/>\nTa\u010diau kaime pasirod\u017eius Jaspero Jupiterio stebukl\u0173 cirkui, kuriame pasirodymus rengia ne\u012fprast\u0173 savybi\u0173 atlik\u0117jai, Nel\u0117 pagrobiama. J\u0105 pardav\u0117 t\u0117vas, pa\u017ead\u0117j\u0119s Jasperui, kad \u0161is tur\u0117s savo mergait\u0119-leopard\u0105. Tai did\u017eiausia Nel\u0117s gyvenime patirta i\u0161davyst\u0117. Vis d\u0117lto, augant jos \u0161lovei, susidraugavusi su kitais atlik\u0117jais bei \u0161velnaus b\u016bdo Jaspero broliu Tobiu, ji ima svarstyti, ar tai n\u0117ra geriausia, kas jai kada nors gal\u0117jo nutikti.<br \/>\nLondono laikra\u0161\u010diai ra\u0161o apie Nel\u0119 kaip apie a\u0161tunt\u0105j\u012f pasaulio stebukl\u0105. Gaminamos jos statul\u0117l\u0117s, minios pl\u016bsta \u017ei\u016br\u0117ti, kaip ji sklend\u017eia ore. Bet kas nutinka, kai jos \u0161lov\u0117 grasina u\u017etemdyti j\u0105 nusipirkusio cirko savininko \u0161lov\u0119? O jos pamiltas Tobis ar \u012fstengs atsiriboti nuo savo praeities ir baisios paslapties, ri\u0161an\u010dios j\u012f su broliu?<\/p>\n<p>\u201eStebukl\u0173 cirkas\u201c, kurio veiksmas vyksta karalien\u0117s Viktorijos laik\u0173 Londono pramog\u0173 parke ir m\u016b\u0161i\u0173 sudarkytose Krymo lygumose, yra stulbinantis pasakojimas apie gali\u0105, \u0161lov\u0119 ir gr\u0117sm\u0119 tapti nematomam. \u0160is istorinis romanas nepana\u0161us \u012f jok\u012f kit\u0105, o jo pagrindin\u0117 veik\u0117ja nepamir\u0161tama.<\/p>\n","protected":false},"excerpt":{"rendered":"<p>Sodrus, jausmus \u017eadinantis ir puikiai epochos atmosfer\u0105 perteikiantis gotikinis romanas, kuriame vienos moters gyvenim\u0105 i\u0161 pagrind\u0173 pakei\u010dia karalien\u0117s Viktorijos laikais taip m\u0117gtas keistenybi\u0173 cirkas&#8230; 1866 metai. Viename piet\u0173 Anglijos paj\u016brio kaime Nel\u0117 u\u017esidirba pragyvenimui skindama na\u0161laites. Nelei, kurios kaimie\u010diai vengia d\u0117l jos od\u0105 i\u0161marginusi\u0173 apgam\u0173, vis\u0105 pasaul\u012f sudaro mylimas brolis ir j\u016bra. Ta\u010diau kaime pasirod\u017eius Jaspero Jupiterio stebukl\u0173 cirkui, kuriame pasirodymus rengia ne\u012fprast\u0173 savybi\u0173 atlik\u0117jai, Nel\u0117 pagrobiama. J\u0105 pardav\u0117 t\u0117vas, pa\u017ead\u0117j\u0119s Jasperui, kad \u0161is tur\u0117s savo mergait\u0119-leopard\u0105. Tai did\u017eiausia Nel\u0117s gyvenime patirta i\u0161davyst\u0117. Vis d\u0117lto, augant jos \u0161lovei, susidraugavusi su kitais atlik\u0117jais bei \u0161velnaus b\u016bdo Jaspero broliu Tobiu, ji ima svarstyti, ar tai n\u0117ra geriausia, kas jai kada nors gal\u0117jo nutikti. Londono laikra\u0161\u010diai ra\u0161o apie Nel\u0119 kaip apie a\u0161tunt\u0105j\u012f pasaulio stebukl\u0105. Gaminamos jos statul\u0117l\u0117s, minios pl\u016bsta \u017ei\u016br\u0117ti, kaip ji sklend\u017eia ore. Bet kas nutinka, kai jos \u0161lov\u0117 grasina u\u017etemdyti j\u0105 nusipirkusio cirko savininko \u0161lov\u0119? O jos pamiltas Tobis ar \u012fstengs atsiriboti nuo savo praeities ir baisios paslapties, ri\u0161an\u010dios j\u012f su broliu? \u201eStebukl\u0173 cirkas\u201c, kurio veiksmas vyksta karalien\u0117s Viktorijos laik\u0173 Londono pramog\u0173 parke ir m\u016b\u0161i\u0173 sudarkytose Krymo lygumose, yra stulbinantis pasakojimas apie gali\u0105, \u0161lov\u0119 ir gr\u0117sm\u0119 tapti nematomam. \u0160is istorinis romanas nepana\u0161us \u012f jok\u012f kit\u0105, o jo pagrindin\u0117 veik\u0117ja nepamir\u0161tama.<\/p>\n","protected":false},"featured_media":25374,"comment_status":"open","ping_status":"closed","template":"","meta":{"_acf_changed":false,"site-sidebar-layout":"default","site-content-layout":"","ast-site-content-layout":"default","site-content-style":"default","site-sidebar-style":"default","ast-global-header-display":"","ast-banner-title-visibility":"","ast-main-header-display":"","ast-hfb-above-header-display":"","ast-hfb-below-header-display":"","ast-hfb-mobile-header-display":"","site-post-title":"","ast-breadcrumbs-content":"","ast-featured-img":"","footer-sml-layout":"","ast-disable-related-posts":"","theme-transparent-header-meta":"","adv-header-id-meta":"","stick-header-meta":"","header-above-stick-meta":"","header-main-stick-meta":"","header-below-stick-meta":"","astra-migrate-meta-layouts":"default","ast-page-background-enabled":"default","ast-page-background-meta":{"desktop":{"background-color":"","background-image":"","background-repeat":"repeat","background-position":"center center","background-size":"auto","background-attachment":"scroll","background-type":"","background-media":"","overlay-type":"","overlay-color":"","overlay-opacity":"","overlay-gradient":""},"tablet":{"background-color":"","background-image":"","background-repeat":"repeat","background-position":"center center","background-size":"auto","background-attachment":"scroll","background-type":"","background-media":"","overlay-type":"","overlay-color":"","overlay-opacity":"","overlay-gradient":""},"mobile":{"background-color":"","background-image":"","background-repeat":"repeat","background-position":"center center","background-size":"auto","background-attachment":"scroll","background-type":"","background-media":"","overlay-type":"","overlay-color":"","overlay-opacity":"","overlay-gradient":""}},"ast-content-background-meta":{"desktop":{"background-color":"var(--ast-global-color-4)","background-image":"","background-repeat":"repeat","background-position":"center center","background-size":"auto","background-attachment":"scroll","background-type":"","background-media":"","overlay-type":"","overlay-color":"","overlay-opacity":"","overlay-gradient":""},"tablet":{"background-color":"var(--ast-global-color-4)","background-image":"","background-repeat":"repeat","background-position":"center center","background-size":"auto","background-attachment":"scroll","background-type":"","background-media":"","overlay-type":"","overlay-color":"","overlay-opacity":"","overlay-gradient":""},"mobile":{"background-color":"var(--ast-global-color-4)","background-image":"","background-repeat":"repeat","background-position":"center center","background-size":"auto","background-attachment":"scroll","background-type":"","background-media":"","overlay-type":"","overlay-color":"","overlay-opacity":"","overlay-gradient":""}}},"product_brand":[],"product_cat":[9618],"product_tag":[],"class_list":{"0":"post-25372","1":"product","2":"type-product","3":"status-publish","4":"has-post-thumbnail","6":"product_cat-istoriniai-romanai","7":"desktop-align-left","8":"tablet-align-left","9":"mobile-align-left","11":"first","12":"instock","13":"shipping-taxable","14":"purchasable","15":"product-type-simple"},"acf":[],"yoast_head":"<!-- This site is optimized with the Yoast SEO plugin v27.4 - https:\/\/yoast.com\/product\/yoast-seo-wordpress\/ -->\n<title>Stebukl\u0173 cirkas<\/title>\n<meta name=\"description\" content=\"Sodrus, jausmus \u017eadinantis ir puikiai epochos atmosfer\u0105 perteikiantis gotikinis romanas, kuriame vienos moters gyvenim\u0105 i\u0161 pagrind\u0173 pakei\u010dia karalien\u0117s\" \/>\n<meta name=\"robots\" content=\"index, follow, max-snippet:-1, max-image-preview:large, max-video-preview:-1\" \/>\n<link rel=\"canonical\" href=\"https:\/\/skaitytaknyga.lt\/en\/produktas\/stebuklu-cirkas\/\" \/>\n<meta property=\"og:locale\" content=\"en_GB\" \/>\n<meta property=\"og:locale:alternate\" content=\"lt_LT\" \/>\n<meta property=\"og:type\" content=\"article\" \/>\n<meta property=\"og:title\" content=\"Stebukl\u0173 cirkas\" \/>\n<meta property=\"og:description\" content=\"Sodrus, jausmus \u017eadinantis ir puikiai epochos atmosfer\u0105 perteikiantis gotikinis romanas, kuriame vienos moters gyvenim\u0105 i\u0161 pagrind\u0173 pakei\u010dia karalien\u0117s\" \/>\n<meta property=\"og:url\" content=\"https:\/\/skaitytaknyga.lt\/en\/produktas\/stebuklu-cirkas\/\" \/>\n<meta property=\"og:site_name\" content=\"Skaitytaknyga\" \/>\n<meta property=\"article:publisher\" content=\"https:\/\/www.facebook.com\/skaitytaknyga\/\" \/>\n<meta property=\"article:modified_time\" content=\"2026-04-01T13:56:14+00:00\" \/>\n<meta property=\"og:image\" content=\"https:\/\/skaitytaknyga.lt\/wp-content\/uploads\/2026\/04\/Stebuklu-cirkas.webp\" \/>\n\t<meta property=\"og:image:width\" content=\"402\" \/>\n\t<meta property=\"og:image:height\" content=\"600\" \/>\n\t<meta property=\"og:image:type\" content=\"image\/webp\" \/>\n<meta name=\"twitter:card\" content=\"summary_large_image\" \/>\n<meta name=\"twitter:label1\" content=\"Estimated reading time\" \/>\n\t<meta name=\"twitter:data1\" content=\"1 minute\" \/>\n<script type=\"application\/ld+json\" class=\"yoast-schema-graph\">{\"@context\":\"https:\\\/\\\/schema.org\",\"@graph\":[{\"@type\":\"WebPage\",\"@id\":\"https:\\\/\\\/skaitytaknyga.lt\\\/produktas\\\/stebuklu-cirkas\\\/\",\"url\":\"https:\\\/\\\/skaitytaknyga.lt\\\/produktas\\\/stebuklu-cirkas\\\/\",\"name\":\"Stebukl\u0173 cirkas\",\"isPartOf\":{\"@id\":\"https:\\\/\\\/skaitytaknyga.lt\\\/#website\"},\"primaryImageOfPage\":{\"@id\":\"https:\\\/\\\/skaitytaknyga.lt\\\/produktas\\\/stebuklu-cirkas\\\/#primaryimage\"},\"image\":{\"@id\":\"https:\\\/\\\/skaitytaknyga.lt\\\/produktas\\\/stebuklu-cirkas\\\/#primaryimage\"},\"thumbnailUrl\":\"https:\\\/\\\/skaitytaknyga.lt\\\/wp-content\\\/uploads\\\/2026\\\/04\\\/Stebuklu-cirkas.webp\",\"datePublished\":\"2026-04-01T10:04:11+00:00\",\"dateModified\":\"2026-04-01T13:56:14+00:00\",\"description\":\"Sodrus, jausmus \u017eadinantis ir puikiai epochos atmosfer\u0105 perteikiantis gotikinis romanas, kuriame vienos moters gyvenim\u0105 i\u0161 pagrind\u0173 pakei\u010dia karalien\u0117s\",\"breadcrumb\":{\"@id\":\"https:\\\/\\\/skaitytaknyga.lt\\\/produktas\\\/stebuklu-cirkas\\\/#breadcrumb\"},\"inLanguage\":\"en-GB\",\"potentialAction\":[{\"@type\":\"ReadAction\",\"target\":[\"https:\\\/\\\/skaitytaknyga.lt\\\/produktas\\\/stebuklu-cirkas\\\/\"]}]},{\"@type\":\"ImageObject\",\"inLanguage\":\"en-GB\",\"@id\":\"https:\\\/\\\/skaitytaknyga.lt\\\/produktas\\\/stebuklu-cirkas\\\/#primaryimage\",\"url\":\"https:\\\/\\\/skaitytaknyga.lt\\\/wp-content\\\/uploads\\\/2026\\\/04\\\/Stebuklu-cirkas.webp\",\"contentUrl\":\"https:\\\/\\\/skaitytaknyga.lt\\\/wp-content\\\/uploads\\\/2026\\\/04\\\/Stebuklu-cirkas.webp\",\"width\":402,\"height\":600,\"caption\":\"Stebukl\u0173 cirkas\"},{\"@type\":\"BreadcrumbList\",\"@id\":\"https:\\\/\\\/skaitytaknyga.lt\\\/produktas\\\/stebuklu-cirkas\\\/#breadcrumb\",\"itemListElement\":[{\"@type\":\"ListItem\",\"position\":1,\"name\":\"Home\",\"item\":\"https:\\\/\\\/skaitytaknyga.lt\\\/\"},{\"@type\":\"ListItem\",\"position\":2,\"name\":\"Parduotuv\u0117\",\"item\":\"https:\\\/\\\/skaitytaknyga.lt\\\/knygu-parduotuve\\\/\"},{\"@type\":\"ListItem\",\"position\":3,\"name\":\"Stebukl\u0173 cirkas\"}]},{\"@type\":\"WebSite\",\"@id\":\"https:\\\/\\\/skaitytaknyga.lt\\\/#website\",\"url\":\"https:\\\/\\\/skaitytaknyga.lt\\\/\",\"name\":\"skaitytaknyga.lt\",\"description\":\"Skaitytaknyga.lt \u2013 tai ma\u017eas \u0161eimos verslas, kuris prasid\u0117jo nuo meil\u0117s knygoms ir siekio i\u0161gelb\u0117ti knygas nuo likimo prie konteinerio. Kas vienam nereikalingas daiktas \u2013 kitam lobis, o mes esame tarpininkai, kurie padeda abiems tapti laimingesniems ???? \u017dinome kaip nelengva i\u0161gyventi ma\u017eiems verslams, tad nuo \u0161iol, \u010dia rasite ir kit\u0173, ma\u017e\u0173 \u0161eim\u0173 versl\u0173, rank\u0173 darbo, dovan\u0173 sau ir artimiesiems.\",\"publisher\":{\"@id\":\"https:\\\/\\\/skaitytaknyga.lt\\\/#organization\"},\"potentialAction\":[{\"@type\":\"SearchAction\",\"target\":{\"@type\":\"EntryPoint\",\"urlTemplate\":\"https:\\\/\\\/skaitytaknyga.lt\\\/?s={search_term_string}\"},\"query-input\":{\"@type\":\"PropertyValueSpecification\",\"valueRequired\":true,\"valueName\":\"search_term_string\"}}],\"inLanguage\":\"en-GB\"},{\"@type\":\"Organization\",\"@id\":\"https:\\\/\\\/skaitytaknyga.lt\\\/#organization\",\"name\":\"skaitytaknyga.lt\",\"url\":\"https:\\\/\\\/skaitytaknyga.lt\\\/\",\"logo\":{\"@type\":\"ImageObject\",\"inLanguage\":\"en-GB\",\"@id\":\"https:\\\/\\\/skaitytaknyga.lt\\\/#\\\/schema\\\/logo\\\/image\\\/\",\"url\":\"https:\\\/\\\/skaitytaknyga.lt\\\/wp-content\\\/uploads\\\/2024\\\/05\\\/cropped-cropped-cropped-02_00843_jt3bggkj1j3HLc7SyY6rEUpg.jpeg\",\"contentUrl\":\"https:\\\/\\\/skaitytaknyga.lt\\\/wp-content\\\/uploads\\\/2024\\\/05\\\/cropped-cropped-cropped-02_00843_jt3bggkj1j3HLc7SyY6rEUpg.jpeg\",\"width\":1600,\"height\":1600,\"caption\":\"skaitytaknyga.lt\"},\"image\":{\"@id\":\"https:\\\/\\\/skaitytaknyga.lt\\\/#\\\/schema\\\/logo\\\/image\\\/\"},\"sameAs\":[\"https:\\\/\\\/www.facebook.com\\\/skaitytaknyga\\\/\"]}]}<\/script>\n<!-- \/ Yoast SEO plugin. -->","yoast_head_json":{"title":"Stebukl\u0173 cirkas","description":"Sodrus, jausmus \u017eadinantis ir puikiai epochos atmosfer\u0105 perteikiantis gotikinis romanas, kuriame vienos moters gyvenim\u0105 i\u0161 pagrind\u0173 pakei\u010dia karalien\u0117s","robots":{"index":"index","follow":"follow","max-snippet":"max-snippet:-1","max-image-preview":"max-image-preview:large","max-video-preview":"max-video-preview:-1"},"canonical":"https:\/\/skaitytaknyga.lt\/en\/produktas\/stebuklu-cirkas\/","og_locale":"en_GB","og_type":"article","og_title":"[:lt]Stebukl\u0173 cirkas[:] - Skaitytaknyga","og_description":"Sodrus, jausmus \u017eadinantis ir puikiai epochos atmosfer\u0105 perteikiantis gotikinis romanas, kuriame vienos moters gyvenim\u0105 i\u0161 pagrind\u0173 pakei\u010dia karalien\u0117s","og_url":"https:\/\/skaitytaknyga.lt\/en\/produktas\/stebuklu-cirkas\/","og_site_name":"Skaitytaknyga","article_publisher":"https:\/\/www.facebook.com\/skaitytaknyga\/","article_modified_time":"2026-04-01T13:56:14+00:00","og_image":[{"width":402,"height":600,"url":"https:\/\/skaitytaknyga.lt\/wp-content\/uploads\/2026\/04\/Stebuklu-cirkas.webp","type":"image\/webp"}],"twitter_card":"summary_large_image","twitter_misc":{"Estimated reading time":"1 minute"},"schema":{"@context":"https:\/\/schema.org","@graph":[{"@type":"WebPage","@id":"https:\/\/skaitytaknyga.lt\/produktas\/stebuklu-cirkas\/","url":"https:\/\/skaitytaknyga.lt\/produktas\/stebuklu-cirkas\/","name":"Stebukl\u0173 cirkas","isPartOf":{"@id":"https:\/\/skaitytaknyga.lt\/#website"},"primaryImageOfPage":{"@id":"https:\/\/skaitytaknyga.lt\/produktas\/stebuklu-cirkas\/#primaryimage"},"image":{"@id":"https:\/\/skaitytaknyga.lt\/produktas\/stebuklu-cirkas\/#primaryimage"},"thumbnailUrl":"https:\/\/skaitytaknyga.lt\/wp-content\/uploads\/2026\/04\/Stebuklu-cirkas.webp","datePublished":"2026-04-01T10:04:11+00:00","dateModified":"2026-04-01T13:56:14+00:00","description":"Sodrus, jausmus \u017eadinantis ir puikiai epochos atmosfer\u0105 perteikiantis gotikinis romanas, kuriame vienos moters gyvenim\u0105 i\u0161 pagrind\u0173 pakei\u010dia karalien\u0117s","breadcrumb":{"@id":"https:\/\/skaitytaknyga.lt\/produktas\/stebuklu-cirkas\/#breadcrumb"},"inLanguage":"en-GB","potentialAction":[{"@type":"ReadAction","target":["https:\/\/skaitytaknyga.lt\/produktas\/stebuklu-cirkas\/"]}]},{"@type":"ImageObject","inLanguage":"en-GB","@id":"https:\/\/skaitytaknyga.lt\/produktas\/stebuklu-cirkas\/#primaryimage","url":"https:\/\/skaitytaknyga.lt\/wp-content\/uploads\/2026\/04\/Stebuklu-cirkas.webp","contentUrl":"https:\/\/skaitytaknyga.lt\/wp-content\/uploads\/2026\/04\/Stebuklu-cirkas.webp","width":402,"height":600,"caption":"Stebukl\u0173 cirkas"},{"@type":"BreadcrumbList","@id":"https:\/\/skaitytaknyga.lt\/produktas\/stebuklu-cirkas\/#breadcrumb","itemListElement":[{"@type":"ListItem","position":1,"name":"Home","item":"https:\/\/skaitytaknyga.lt\/"},{"@type":"ListItem","position":2,"name":"Parduotuv\u0117","item":"https:\/\/skaitytaknyga.lt\/knygu-parduotuve\/"},{"@type":"ListItem","position":3,"name":"Stebukl\u0173 cirkas"}]},{"@type":"WebSite","@id":"https:\/\/skaitytaknyga.lt\/#website","url":"https:\/\/skaitytaknyga.lt\/","name":"skaitytaknyga.lt","description":"Skaitytaknyga.lt \u2013 tai ma\u017eas \u0161eimos verslas, kuris prasid\u0117jo nuo meil\u0117s knygoms ir siekio i\u0161gelb\u0117ti knygas nuo likimo prie konteinerio. Kas vienam nereikalingas daiktas \u2013 kitam lobis, o mes esame tarpininkai, kurie padeda abiems tapti laimingesniems ???? \u017dinome kaip nelengva i\u0161gyventi ma\u017eiems verslams, tad nuo \u0161iol, \u010dia rasite ir kit\u0173, ma\u017e\u0173 \u0161eim\u0173 versl\u0173, rank\u0173 darbo, dovan\u0173 sau ir artimiesiems.","publisher":{"@id":"https:\/\/skaitytaknyga.lt\/#organization"},"potentialAction":[{"@type":"SearchAction","target":{"@type":"EntryPoint","urlTemplate":"https:\/\/skaitytaknyga.lt\/?s={search_term_string}"},"query-input":{"@type":"PropertyValueSpecification","valueRequired":true,"valueName":"search_term_string"}}],"inLanguage":"en-GB"},{"@type":"Organization","@id":"https:\/\/skaitytaknyga.lt\/#organization","name":"skaitytaknyga.lt","url":"https:\/\/skaitytaknyga.lt\/","logo":{"@type":"ImageObject","inLanguage":"en-GB","@id":"https:\/\/skaitytaknyga.lt\/#\/schema\/logo\/image\/","url":"https:\/\/skaitytaknyga.lt\/wp-content\/uploads\/2024\/05\/cropped-cropped-cropped-02_00843_jt3bggkj1j3HLc7SyY6rEUpg.jpeg","contentUrl":"https:\/\/skaitytaknyga.lt\/wp-content\/uploads\/2024\/05\/cropped-cropped-cropped-02_00843_jt3bggkj1j3HLc7SyY6rEUpg.jpeg","width":1600,"height":1600,"caption":"skaitytaknyga.lt"},"image":{"@id":"https:\/\/skaitytaknyga.lt\/#\/schema\/logo\/image\/"},"sameAs":["https:\/\/www.facebook.com\/skaitytaknyga\/"]}]}},"_links":{"self":[{"href":"https:\/\/skaitytaknyga.lt\/en\/wp-json\/wp\/v2\/product\/25372","targetHints":{"allow":["GET"]}}],"collection":[{"href":"https:\/\/skaitytaknyga.lt\/en\/wp-json\/wp\/v2\/product"}],"about":[{"href":"https:\/\/skaitytaknyga.lt\/en\/wp-json\/wp\/v2\/types\/product"}],"replies":[{"embeddable":true,"href":"https:\/\/skaitytaknyga.lt\/en\/wp-json\/wp\/v2\/comments?post=25372"}],"wp:featuredmedia":[{"embeddable":true,"href":"https:\/\/skaitytaknyga.lt\/en\/wp-json\/wp\/v2\/media\/25374"}],"wp:attachment":[{"href":"https:\/\/skaitytaknyga.lt\/en\/wp-json\/wp\/v2\/media?parent=25372"}],"wp:term":[{"taxonomy":"product_brand","embeddable":true,"href":"https:\/\/skaitytaknyga.lt\/en\/wp-json\/wp\/v2\/product_brand?post=25372"},{"taxonomy":"product_cat","embeddable":true,"href":"https:\/\/skaitytaknyga.lt\/en\/wp-json\/wp\/v2\/product_cat?post=25372"},{"taxonomy":"product_tag","embeddable":true,"href":"https:\/\/skaitytaknyga.lt\/en\/wp-json\/wp\/v2\/product_tag?post=25372"}],"curies":[{"name":"wp","href":"https:\/\/api.w.org\/{rel}","templated":true}]}}