{"id":25369,"date":"2026-04-01T12:59:26","date_gmt":"2026-04-01T09:59:26","guid":{"rendered":"https:\/\/skaitytaknyga.lt\/?post_type=product&#038;p=25369"},"modified":"2026-04-01T16:56:14","modified_gmt":"2026-04-01T13:56:14","slug":"barakuda","status":"publish","type":"product","link":"https:\/\/skaitytaknyga.lt\/en\/produktas\/barakuda\/","title":{"rendered":"BARAKUDA"},"content":{"rendered":"<p>Viktorijos gyvenimas nelepino. Ji niekada nepatyr\u0117 t\u0117v\u0173 meil\u0117s ir nuo ma\u017e\u0173 dien\u0173 kovojo u\u017e i\u0161likim\u0105. Viskas apsivert\u0117 auk\u0161tyn kojomis, kai ji sutiko senstel\u0117jus\u012f, bet labai turting\u0105 verslinink\u0105, kuris pasteb\u0117jo gra\u017ei\u0105 mergin\u0105 ir apipyl\u0117 j\u0105 dovanomis ir d\u0117mesiu. Nors meile \u010dia nekvepia, mergina nenori gr\u012f\u017eti \u012f pasaul\u012f, i\u0161 kurio atkeliavo. Iki j\u0173 santyki\u0173 \u012ftvirtinimo Viktorijai tr\u016bksta tik vieno \u2013 vestuvinio \u017eiedo.<\/p>\n<p>Kai atrodo, kad pergal\u0117 nebetoli, jos kelyje pasipainioja asmens sargybinis. \u017danas \u2013 \u017eavingas, seksualus ir paslaptingas vyras, kur\u012f pasamd\u0117 beproti\u0161kai pavydus milijonierius, kad saugot\u0173 Viktorij\u0105 nuo paklydim\u0173. Nors asmens sargybinis nepaiso merginos kapriz\u0173 ir nuolat j\u0105 provokuoja, jis pama\u017eu ima u\u017evaldyti Viktorijos mintis ir jos \u0161irdyje pabunda dar nepatirti jausmai. Tik ar mergina pasirengusi atsisakyti u\u017etikrintos ateities ir i\u0161keisti pinigus \u012f meil\u0119?<\/p>\n<p>\u201eBarakuda\u201c \u2013 tre\u010diasis Donatos Kontenien\u0117s romanas. Pirmieji \u201eSeptynetas. Ar meil\u0117 gali i\u0161laisvinti i\u0161 praeities nuod\u0117mi\u0173?\u201c ir \u201eSeptynetas. Am\u017einai tavo\u201c sulauk\u0117 skaitytoj\u0173 susidom\u0117jimo bei daugyb\u0117s komentar\u0173 ir buvo lyginami su \u201ePenkiasde\u0161imt pilk\u0173 atspalvi\u0173\u201c. Nors \u201eBarakuda\u201c ne ma\u017eiau eroti\u0161kas k\u016brinys, ta\u010diau jame svarbiausi\u0105 viet\u0105 u\u017eima jausmai.<\/p>\n","protected":false},"excerpt":{"rendered":"<p>Viktorijos gyvenimas nelepino. Ji niekada nepatyr\u0117 t\u0117v\u0173 meil\u0117s ir nuo ma\u017e\u0173 dien\u0173 kovojo u\u017e i\u0161likim\u0105. Viskas apsivert\u0117 auk\u0161tyn kojomis, kai ji sutiko senstel\u0117jus\u012f, bet labai turting\u0105 verslinink\u0105, kuris pasteb\u0117jo gra\u017ei\u0105 mergin\u0105 ir apipyl\u0117 j\u0105 dovanomis ir d\u0117mesiu. Nors meile \u010dia nekvepia, mergina nenori gr\u012f\u017eti \u012f pasaul\u012f, i\u0161 kurio atkeliavo. Iki j\u0173 santyki\u0173 \u012ftvirtinimo Viktorijai tr\u016bksta tik vieno \u2013 vestuvinio \u017eiedo. Kai atrodo, kad pergal\u0117 nebetoli, jos kelyje pasipainioja asmens sargybinis. \u017danas \u2013 \u017eavingas, seksualus ir paslaptingas vyras, kur\u012f pasamd\u0117 beproti\u0161kai pavydus milijonierius, kad saugot\u0173 Viktorij\u0105 nuo paklydim\u0173. Nors asmens sargybinis nepaiso merginos kapriz\u0173 ir nuolat j\u0105 provokuoja, jis pama\u017eu ima u\u017evaldyti Viktorijos mintis ir jos \u0161irdyje pabunda dar nepatirti jausmai. Tik ar mergina pasirengusi atsisakyti u\u017etikrintos ateities ir i\u0161keisti pinigus \u012f meil\u0119? \u201eBarakuda\u201c \u2013 tre\u010diasis Donatos Kontenien\u0117s romanas. Pirmieji \u201eSeptynetas. Ar meil\u0117 gali i\u0161laisvinti i\u0161 praeities nuod\u0117mi\u0173?\u201c ir \u201eSeptynetas. Am\u017einai tavo\u201c sulauk\u0117 skaitytoj\u0173 susidom\u0117jimo bei daugyb\u0117s komentar\u0173 ir buvo lyginami su \u201ePenkiasde\u0161imt pilk\u0173 atspalvi\u0173\u201c. Nors \u201eBarakuda\u201c ne ma\u017eiau eroti\u0161kas k\u016brinys, ta\u010diau jame svarbiausi\u0105 viet\u0105 u\u017eima jausmai.<\/p>\n","protected":false},"featured_media":25371,"comment_status":"open","ping_status":"closed","template":"","meta":{"_acf_changed":false,"site-sidebar-layout":"default","site-content-layout":"","ast-site-content-layout":"default","site-content-style":"default","site-sidebar-style":"default","ast-global-header-display":"","ast-banner-title-visibility":"","ast-main-header-display":"","ast-hfb-above-header-display":"","ast-hfb-below-header-display":"","ast-hfb-mobile-header-display":"","site-post-title":"","ast-breadcrumbs-content":"","ast-featured-img":"","footer-sml-layout":"","ast-disable-related-posts":"","theme-transparent-header-meta":"","adv-header-id-meta":"","stick-header-meta":"","header-above-stick-meta":"","header-main-stick-meta":"","header-below-stick-meta":"","astra-migrate-meta-layouts":"default","ast-page-background-enabled":"default","ast-page-background-meta":{"desktop":{"background-color":"","background-image":"","background-repeat":"repeat","background-position":"center center","background-size":"auto","background-attachment":"scroll","background-type":"","background-media":"","overlay-type":"","overlay-color":"","overlay-opacity":"","overlay-gradient":""},"tablet":{"background-color":"","background-image":"","background-repeat":"repeat","background-position":"center center","background-size":"auto","background-attachment":"scroll","background-type":"","background-media":"","overlay-type":"","overlay-color":"","overlay-opacity":"","overlay-gradient":""},"mobile":{"background-color":"","background-image":"","background-repeat":"repeat","background-position":"center center","background-size":"auto","background-attachment":"scroll","background-type":"","background-media":"","overlay-type":"","overlay-color":"","overlay-opacity":"","overlay-gradient":""}},"ast-content-background-meta":{"desktop":{"background-color":"var(--ast-global-color-4)","background-image":"","background-repeat":"repeat","background-position":"center center","background-size":"auto","background-attachment":"scroll","background-type":"","background-media":"","overlay-type":"","overlay-color":"","overlay-opacity":"","overlay-gradient":""},"tablet":{"background-color":"var(--ast-global-color-4)","background-image":"","background-repeat":"repeat","background-position":"center center","background-size":"auto","background-attachment":"scroll","background-type":"","background-media":"","overlay-type":"","overlay-color":"","overlay-opacity":"","overlay-gradient":""},"mobile":{"background-color":"var(--ast-global-color-4)","background-image":"","background-repeat":"repeat","background-position":"center center","background-size":"auto","background-attachment":"scroll","background-type":"","background-media":"","overlay-type":"","overlay-color":"","overlay-opacity":"","overlay-gradient":""}}},"product_brand":[],"product_cat":[9579],"product_tag":[],"class_list":{"0":"post-25369","1":"product","2":"type-product","3":"status-publish","4":"has-post-thumbnail","6":"product_cat-meiles-romanai","7":"desktop-align-left","8":"tablet-align-left","9":"mobile-align-left","11":"first","12":"instock","13":"shipping-taxable","14":"purchasable","15":"product-type-simple"},"acf":[],"yoast_head":"<!-- This site is optimized with the Yoast SEO plugin v27.0 - https:\/\/yoast.com\/product\/yoast-seo-wordpress\/ -->\n<title>BARAKUDA<\/title>\n<meta name=\"description\" content=\"Viktorijos gyvenimas nelepino. Ji niekada nepatyr\u0117 t\u0117v\u0173 meil\u0117s ir nuo ma\u017e\u0173 dien\u0173 kovojo u\u017e i\u0161likim\u0105. Viskas apsivert\u0117 auk\u0161tyn kojomis, kai ji sutiko\" \/>\n<meta name=\"robots\" content=\"index, follow, max-snippet:-1, max-image-preview:large, max-video-preview:-1\" \/>\n<link rel=\"canonical\" href=\"https:\/\/skaitytaknyga.lt\/en\/produktas\/barakuda\/\" \/>\n<meta property=\"og:locale\" content=\"en_GB\" \/>\n<meta property=\"og:locale:alternate\" content=\"lt_LT\" \/>\n<meta property=\"og:type\" content=\"article\" \/>\n<meta property=\"og:title\" content=\"BARAKUDA\" \/>\n<meta property=\"og:description\" content=\"Viktorijos gyvenimas nelepino. Ji niekada nepatyr\u0117 t\u0117v\u0173 meil\u0117s ir nuo ma\u017e\u0173 dien\u0173 kovojo u\u017e i\u0161likim\u0105. Viskas apsivert\u0117 auk\u0161tyn kojomis, kai ji sutiko\" \/>\n<meta property=\"og:url\" content=\"https:\/\/skaitytaknyga.lt\/en\/produktas\/barakuda\/\" \/>\n<meta property=\"og:site_name\" content=\"Skaitytaknyga\" \/>\n<meta property=\"article:publisher\" content=\"https:\/\/www.facebook.com\/skaitytaknyga\/\" \/>\n<meta property=\"article:modified_time\" content=\"2026-04-01T13:56:14+00:00\" \/>\n<meta property=\"og:image\" content=\"https:\/\/skaitytaknyga.lt\/wp-content\/uploads\/2026\/04\/BARAKUDA.webp\" \/>\n\t<meta property=\"og:image:width\" content=\"534\" \/>\n\t<meta property=\"og:image:height\" content=\"801\" \/>\n\t<meta property=\"og:image:type\" content=\"image\/webp\" \/>\n<meta name=\"twitter:card\" content=\"summary_large_image\" \/>\n<meta name=\"twitter:label1\" content=\"Estimated reading time\" \/>\n\t<meta name=\"twitter:data1\" content=\"1 minute\" \/>\n<script type=\"application\/ld+json\" class=\"yoast-schema-graph\">{\"@context\":\"https:\/\/schema.org\",\"@graph\":[{\"@type\":\"WebPage\",\"@id\":\"https:\/\/skaitytaknyga.lt\/produktas\/barakuda\/\",\"url\":\"https:\/\/skaitytaknyga.lt\/produktas\/barakuda\/\",\"name\":\"BARAKUDA\",\"isPartOf\":{\"@id\":\"https:\/\/skaitytaknyga.lt\/#website\"},\"primaryImageOfPage\":{\"@id\":\"https:\/\/skaitytaknyga.lt\/produktas\/barakuda\/#primaryimage\"},\"image\":{\"@id\":\"https:\/\/skaitytaknyga.lt\/produktas\/barakuda\/#primaryimage\"},\"thumbnailUrl\":\"https:\/\/skaitytaknyga.lt\/wp-content\/uploads\/2026\/04\/BARAKUDA.webp\",\"datePublished\":\"2026-04-01T09:59:26+00:00\",\"dateModified\":\"2026-04-01T13:56:14+00:00\",\"description\":\"Viktorijos gyvenimas nelepino. Ji niekada nepatyr\u0117 t\u0117v\u0173 meil\u0117s ir nuo ma\u017e\u0173 dien\u0173 kovojo u\u017e i\u0161likim\u0105. Viskas apsivert\u0117 auk\u0161tyn kojomis, kai ji sutiko\",\"breadcrumb\":{\"@id\":\"https:\/\/skaitytaknyga.lt\/produktas\/barakuda\/#breadcrumb\"},\"inLanguage\":\"en-GB\",\"potentialAction\":[{\"@type\":\"ReadAction\",\"target\":[\"https:\/\/skaitytaknyga.lt\/produktas\/barakuda\/\"]}]},{\"@type\":\"ImageObject\",\"inLanguage\":\"en-GB\",\"@id\":\"https:\/\/skaitytaknyga.lt\/produktas\/barakuda\/#primaryimage\",\"url\":\"https:\/\/skaitytaknyga.lt\/wp-content\/uploads\/2026\/04\/BARAKUDA.webp\",\"contentUrl\":\"https:\/\/skaitytaknyga.lt\/wp-content\/uploads\/2026\/04\/BARAKUDA.webp\",\"width\":534,\"height\":801,\"caption\":\"BARAKUDA\"},{\"@type\":\"BreadcrumbList\",\"@id\":\"https:\/\/skaitytaknyga.lt\/produktas\/barakuda\/#breadcrumb\",\"itemListElement\":[{\"@type\":\"ListItem\",\"position\":1,\"name\":\"Home\",\"item\":\"https:\/\/skaitytaknyga.lt\/\"},{\"@type\":\"ListItem\",\"position\":2,\"name\":\"Parduotuv\u0117\",\"item\":\"https:\/\/skaitytaknyga.lt\/knygu-parduotuve\/\"},{\"@type\":\"ListItem\",\"position\":3,\"name\":\"BARAKUDA\"}]},{\"@type\":\"WebSite\",\"@id\":\"https:\/\/skaitytaknyga.lt\/#website\",\"url\":\"https:\/\/skaitytaknyga.lt\/\",\"name\":\"skaitytaknyga.lt\",\"description\":\"Skaitytaknyga.lt \u2013 tai ma\u017eas \u0161eimos verslas, kuris prasid\u0117jo nuo meil\u0117s knygoms ir siekio i\u0161gelb\u0117ti knygas nuo likimo prie konteinerio. Kas vienam nereikalingas daiktas \u2013 kitam lobis, o mes esame tarpininkai, kurie padeda abiems tapti laimingesniems ???? \u017dinome kaip nelengva i\u0161gyventi ma\u017eiems verslams, tad nuo \u0161iol, \u010dia rasite ir kit\u0173, ma\u017e\u0173 \u0161eim\u0173 versl\u0173, rank\u0173 darbo, dovan\u0173 sau ir artimiesiems.\",\"publisher\":{\"@id\":\"https:\/\/skaitytaknyga.lt\/#organization\"},\"potentialAction\":[{\"@type\":\"SearchAction\",\"target\":{\"@type\":\"EntryPoint\",\"urlTemplate\":\"https:\/\/skaitytaknyga.lt\/?s={search_term_string}\"},\"query-input\":{\"@type\":\"PropertyValueSpecification\",\"valueRequired\":true,\"valueName\":\"search_term_string\"}}],\"inLanguage\":\"en-GB\"},{\"@type\":\"Organization\",\"@id\":\"https:\/\/skaitytaknyga.lt\/#organization\",\"name\":\"skaitytaknyga.lt\",\"url\":\"https:\/\/skaitytaknyga.lt\/\",\"logo\":{\"@type\":\"ImageObject\",\"inLanguage\":\"en-GB\",\"@id\":\"https:\/\/skaitytaknyga.lt\/#\/schema\/logo\/image\/\",\"url\":\"https:\/\/skaitytaknyga.lt\/wp-content\/uploads\/2024\/05\/cropped-cropped-cropped-02_00843_jt3bggkj1j3HLc7SyY6rEUpg.jpeg\",\"contentUrl\":\"https:\/\/skaitytaknyga.lt\/wp-content\/uploads\/2024\/05\/cropped-cropped-cropped-02_00843_jt3bggkj1j3HLc7SyY6rEUpg.jpeg\",\"width\":1600,\"height\":1600,\"caption\":\"skaitytaknyga.lt\"},\"image\":{\"@id\":\"https:\/\/skaitytaknyga.lt\/#\/schema\/logo\/image\/\"},\"sameAs\":[\"https:\/\/www.facebook.com\/skaitytaknyga\/\"]}]}<\/script>\n<!-- \/ Yoast SEO plugin. -->","yoast_head_json":{"title":"BARAKUDA","description":"Viktorijos gyvenimas nelepino. Ji niekada nepatyr\u0117 t\u0117v\u0173 meil\u0117s ir nuo ma\u017e\u0173 dien\u0173 kovojo u\u017e i\u0161likim\u0105. Viskas apsivert\u0117 auk\u0161tyn kojomis, kai ji sutiko","robots":{"index":"index","follow":"follow","max-snippet":"max-snippet:-1","max-image-preview":"max-image-preview:large","max-video-preview":"max-video-preview:-1"},"canonical":"https:\/\/skaitytaknyga.lt\/en\/produktas\/barakuda\/","og_locale":"en_GB","og_type":"article","og_title":"[:lt]BARAKUDA[:] - Skaitytaknyga","og_description":"Viktorijos gyvenimas nelepino. Ji niekada nepatyr\u0117 t\u0117v\u0173 meil\u0117s ir nuo ma\u017e\u0173 dien\u0173 kovojo u\u017e i\u0161likim\u0105. Viskas apsivert\u0117 auk\u0161tyn kojomis, kai ji sutiko","og_url":"https:\/\/skaitytaknyga.lt\/en\/produktas\/barakuda\/","og_site_name":"Skaitytaknyga","article_publisher":"https:\/\/www.facebook.com\/skaitytaknyga\/","article_modified_time":"2026-04-01T13:56:14+00:00","og_image":[{"width":534,"height":801,"url":"https:\/\/skaitytaknyga.lt\/wp-content\/uploads\/2026\/04\/BARAKUDA.webp","type":"image\/webp"}],"twitter_card":"summary_large_image","twitter_misc":{"Estimated reading time":"1 minute"},"schema":{"@context":"https:\/\/schema.org","@graph":[{"@type":"WebPage","@id":"https:\/\/skaitytaknyga.lt\/produktas\/barakuda\/","url":"https:\/\/skaitytaknyga.lt\/produktas\/barakuda\/","name":"BARAKUDA","isPartOf":{"@id":"https:\/\/skaitytaknyga.lt\/#website"},"primaryImageOfPage":{"@id":"https:\/\/skaitytaknyga.lt\/produktas\/barakuda\/#primaryimage"},"image":{"@id":"https:\/\/skaitytaknyga.lt\/produktas\/barakuda\/#primaryimage"},"thumbnailUrl":"https:\/\/skaitytaknyga.lt\/wp-content\/uploads\/2026\/04\/BARAKUDA.webp","datePublished":"2026-04-01T09:59:26+00:00","dateModified":"2026-04-01T13:56:14+00:00","description":"Viktorijos gyvenimas nelepino. Ji niekada nepatyr\u0117 t\u0117v\u0173 meil\u0117s ir nuo ma\u017e\u0173 dien\u0173 kovojo u\u017e i\u0161likim\u0105. Viskas apsivert\u0117 auk\u0161tyn kojomis, kai ji sutiko","breadcrumb":{"@id":"https:\/\/skaitytaknyga.lt\/produktas\/barakuda\/#breadcrumb"},"inLanguage":"en-GB","potentialAction":[{"@type":"ReadAction","target":["https:\/\/skaitytaknyga.lt\/produktas\/barakuda\/"]}]},{"@type":"ImageObject","inLanguage":"en-GB","@id":"https:\/\/skaitytaknyga.lt\/produktas\/barakuda\/#primaryimage","url":"https:\/\/skaitytaknyga.lt\/wp-content\/uploads\/2026\/04\/BARAKUDA.webp","contentUrl":"https:\/\/skaitytaknyga.lt\/wp-content\/uploads\/2026\/04\/BARAKUDA.webp","width":534,"height":801,"caption":"BARAKUDA"},{"@type":"BreadcrumbList","@id":"https:\/\/skaitytaknyga.lt\/produktas\/barakuda\/#breadcrumb","itemListElement":[{"@type":"ListItem","position":1,"name":"Home","item":"https:\/\/skaitytaknyga.lt\/"},{"@type":"ListItem","position":2,"name":"Parduotuv\u0117","item":"https:\/\/skaitytaknyga.lt\/knygu-parduotuve\/"},{"@type":"ListItem","position":3,"name":"BARAKUDA"}]},{"@type":"WebSite","@id":"https:\/\/skaitytaknyga.lt\/#website","url":"https:\/\/skaitytaknyga.lt\/","name":"skaitytaknyga.lt","description":"Skaitytaknyga.lt \u2013 tai ma\u017eas \u0161eimos verslas, kuris prasid\u0117jo nuo meil\u0117s knygoms ir siekio i\u0161gelb\u0117ti knygas nuo likimo prie konteinerio. Kas vienam nereikalingas daiktas \u2013 kitam lobis, o mes esame tarpininkai, kurie padeda abiems tapti laimingesniems ???? \u017dinome kaip nelengva i\u0161gyventi ma\u017eiems verslams, tad nuo \u0161iol, \u010dia rasite ir kit\u0173, ma\u017e\u0173 \u0161eim\u0173 versl\u0173, rank\u0173 darbo, dovan\u0173 sau ir artimiesiems.","publisher":{"@id":"https:\/\/skaitytaknyga.lt\/#organization"},"potentialAction":[{"@type":"SearchAction","target":{"@type":"EntryPoint","urlTemplate":"https:\/\/skaitytaknyga.lt\/?s={search_term_string}"},"query-input":{"@type":"PropertyValueSpecification","valueRequired":true,"valueName":"search_term_string"}}],"inLanguage":"en-GB"},{"@type":"Organization","@id":"https:\/\/skaitytaknyga.lt\/#organization","name":"skaitytaknyga.lt","url":"https:\/\/skaitytaknyga.lt\/","logo":{"@type":"ImageObject","inLanguage":"en-GB","@id":"https:\/\/skaitytaknyga.lt\/#\/schema\/logo\/image\/","url":"https:\/\/skaitytaknyga.lt\/wp-content\/uploads\/2024\/05\/cropped-cropped-cropped-02_00843_jt3bggkj1j3HLc7SyY6rEUpg.jpeg","contentUrl":"https:\/\/skaitytaknyga.lt\/wp-content\/uploads\/2024\/05\/cropped-cropped-cropped-02_00843_jt3bggkj1j3HLc7SyY6rEUpg.jpeg","width":1600,"height":1600,"caption":"skaitytaknyga.lt"},"image":{"@id":"https:\/\/skaitytaknyga.lt\/#\/schema\/logo\/image\/"},"sameAs":["https:\/\/www.facebook.com\/skaitytaknyga\/"]}]}},"_links":{"self":[{"href":"https:\/\/skaitytaknyga.lt\/en\/wp-json\/wp\/v2\/product\/25369","targetHints":{"allow":["GET"]}}],"collection":[{"href":"https:\/\/skaitytaknyga.lt\/en\/wp-json\/wp\/v2\/product"}],"about":[{"href":"https:\/\/skaitytaknyga.lt\/en\/wp-json\/wp\/v2\/types\/product"}],"replies":[{"embeddable":true,"href":"https:\/\/skaitytaknyga.lt\/en\/wp-json\/wp\/v2\/comments?post=25369"}],"wp:featuredmedia":[{"embeddable":true,"href":"https:\/\/skaitytaknyga.lt\/en\/wp-json\/wp\/v2\/media\/25371"}],"wp:attachment":[{"href":"https:\/\/skaitytaknyga.lt\/en\/wp-json\/wp\/v2\/media?parent=25369"}],"wp:term":[{"taxonomy":"product_brand","embeddable":true,"href":"https:\/\/skaitytaknyga.lt\/en\/wp-json\/wp\/v2\/product_brand?post=25369"},{"taxonomy":"product_cat","embeddable":true,"href":"https:\/\/skaitytaknyga.lt\/en\/wp-json\/wp\/v2\/product_cat?post=25369"},{"taxonomy":"product_tag","embeddable":true,"href":"https:\/\/skaitytaknyga.lt\/en\/wp-json\/wp\/v2\/product_tag?post=25369"}],"curies":[{"name":"wp","href":"https:\/\/api.w.org\/{rel}","templated":true}]}}