{"id":25365,"date":"2026-04-01T12:36:53","date_gmt":"2026-04-01T09:36:53","guid":{"rendered":"https:\/\/skaitytaknyga.lt\/?post_type=product&#038;p=25365"},"modified":"2026-04-01T13:01:28","modified_gmt":"2026-04-01T10:01:28","slug":"prarastasis-princas-2","status":"publish","type":"product","link":"https:\/\/skaitytaknyga.lt\/en\/produktas\/prarastasis-princas-2\/","title":{"rendered":"Prarastasis princas"},"content":{"rendered":"<p>Ne\u017ei\u016br\u0117ti \u012f Juos.<br \/>\nNei\u0161siduoti,<br \/>\nkad Juos matai.<\/p>\n<p>Tai gele\u017ein\u0117 Itano \u010ceiso taisykl\u0117, kurios laikosi net aukodamas savo reputacij\u0105. Ta\u010diau tenka sulau\u017eyti j\u0105, nes f\u0117j\u016bnai, kuri\u0173 visomis i\u0161gal\u0117mis steng\u0117si vengti, vienas po kito dingsta, o pat\u012f Itan\u0105 u\u017epuola. Metas kurti naujas taisykles \u2013 tam, kad apsaugot\u0173 savo \u0161eim\u0105 ir i\u0161gelb\u0117t\u0173 mergin\u0105, apie kurios meil\u0119 nedr\u0105su net pasvajoti.<\/p>\n<p>Itanas man\u0117 atsiriboj\u0119s nuo vyresn\u0117s sesers pasaulio \u2013 f\u0117j\u016bn\u0173 \u0161alies. Prisiminimai apie Gele\u017eies karalyst\u0117je praleist\u0105 laik\u0105 pas\u0117jo baim\u0119 ir pasibjaur\u0117jim\u0105 vieta, kurioje namus rado Megana \u010ceis \u2013 pasak\u0173 ir kalban\u010di\u0173 katin\u0173, magijos ir viliojan\u010di\u0173 prie\u0161\u0173 pasauliu. Ta\u010diau pa\u0161auktas likimo Itanas stoja akis \u012f ak\u012f su pavoj\u0173 kelian\u010diais Pamir\u0161taisiais.<\/p>\n<p>Mano vardas Itanas \u010ceisas.<br \/>\nAbejoju, ar sulauksiu a\u0161tuonioliktojo gimtadienio.<\/p>\n","protected":false},"excerpt":{"rendered":"<p>Ne\u017ei\u016br\u0117ti \u012f Juos. Nei\u0161siduoti, kad Juos matai. Tai gele\u017ein\u0117 Itano \u010ceiso taisykl\u0117, kurios laikosi net aukodamas savo reputacij\u0105. Ta\u010diau tenka sulau\u017eyti j\u0105, nes f\u0117j\u016bnai, kuri\u0173 visomis i\u0161gal\u0117mis steng\u0117si vengti, vienas po kito dingsta, o pat\u012f Itan\u0105 u\u017epuola. Metas kurti naujas taisykles \u2013 tam, kad apsaugot\u0173 savo \u0161eim\u0105 ir i\u0161gelb\u0117t\u0173 mergin\u0105, apie kurios meil\u0119 nedr\u0105su net pasvajoti. Itanas man\u0117 atsiriboj\u0119s nuo vyresn\u0117s sesers pasaulio \u2013 f\u0117j\u016bn\u0173 \u0161alies. Prisiminimai apie Gele\u017eies karalyst\u0117je praleist\u0105 laik\u0105 pas\u0117jo baim\u0119 ir pasibjaur\u0117jim\u0105 vieta, kurioje namus rado Megana \u010ceis \u2013 pasak\u0173 ir kalban\u010di\u0173 katin\u0173, magijos ir viliojan\u010di\u0173 prie\u0161\u0173 pasauliu. Ta\u010diau pa\u0161auktas likimo Itanas stoja akis \u012f ak\u012f su pavoj\u0173 kelian\u010diais Pamir\u0161taisiais. Mano vardas Itanas \u010ceisas. Abejoju, ar sulauksiu a\u0161tuonioliktojo gimtadienio.<\/p>\n","protected":false},"featured_media":25364,"comment_status":"open","ping_status":"closed","template":"","meta":{"_acf_changed":false,"site-sidebar-layout":"default","site-content-layout":"","ast-site-content-layout":"default","site-content-style":"default","site-sidebar-style":"default","ast-global-header-display":"","ast-banner-title-visibility":"","ast-main-header-display":"","ast-hfb-above-header-display":"","ast-hfb-below-header-display":"","ast-hfb-mobile-header-display":"","site-post-title":"","ast-breadcrumbs-content":"","ast-featured-img":"","footer-sml-layout":"","ast-disable-related-posts":"","theme-transparent-header-meta":"","adv-header-id-meta":"","stick-header-meta":"","header-above-stick-meta":"","header-main-stick-meta":"","header-below-stick-meta":"","astra-migrate-meta-layouts":"default","ast-page-background-enabled":"default","ast-page-background-meta":{"desktop":{"background-color":"","background-image":"","background-repeat":"repeat","background-position":"center center","background-size":"auto","background-attachment":"scroll","background-type":"","background-media":"","overlay-type":"","overlay-color":"","overlay-opacity":"","overlay-gradient":""},"tablet":{"background-color":"","background-image":"","background-repeat":"repeat","background-position":"center center","background-size":"auto","background-attachment":"scroll","background-type":"","background-media":"","overlay-type":"","overlay-color":"","overlay-opacity":"","overlay-gradient":""},"mobile":{"background-color":"","background-image":"","background-repeat":"repeat","background-position":"center center","background-size":"auto","background-attachment":"scroll","background-type":"","background-media":"","overlay-type":"","overlay-color":"","overlay-opacity":"","overlay-gradient":""}},"ast-content-background-meta":{"desktop":{"background-color":"var(--ast-global-color-4)","background-image":"","background-repeat":"repeat","background-position":"center center","background-size":"auto","background-attachment":"scroll","background-type":"","background-media":"","overlay-type":"","overlay-color":"","overlay-opacity":"","overlay-gradient":""},"tablet":{"background-color":"var(--ast-global-color-4)","background-image":"","background-repeat":"repeat","background-position":"center center","background-size":"auto","background-attachment":"scroll","background-type":"","background-media":"","overlay-type":"","overlay-color":"","overlay-opacity":"","overlay-gradient":""},"mobile":{"background-color":"var(--ast-global-color-4)","background-image":"","background-repeat":"repeat","background-position":"center center","background-size":"auto","background-attachment":"scroll","background-type":"","background-media":"","overlay-type":"","overlay-color":"","overlay-opacity":"","overlay-gradient":""}}},"product_brand":[],"product_cat":[9621,9676],"product_tag":[],"class_list":{"0":"post-25365","1":"product","2":"type-product","3":"status-publish","4":"has-post-thumbnail","6":"product_cat-fantastika-fantastika","7":"product_cat-paaugliams","8":"desktop-align-left","9":"tablet-align-left","10":"mobile-align-left","12":"first","13":"instock","14":"shipping-taxable","15":"purchasable","16":"product-type-simple"},"acf":[],"yoast_head":"<!-- This site is optimized with the Yoast SEO plugin v27.4 - https:\/\/yoast.com\/product\/yoast-seo-wordpress\/ -->\n<title>Prarastasis princas<\/title>\n<meta name=\"description\" content=\"Ne\u017ei\u016br\u0117ti \u012f Juos. Nei\u0161siduoti, kad Juos matai. Tai gele\u017ein\u0117 Itano \u010ceiso taisykl\u0117, kurios laikosi net aukodamas savo reputacij\u0105. Ta\u010diau tenka sulau\u017eyti j\u0105,\" \/>\n<meta name=\"robots\" content=\"index, follow, max-snippet:-1, max-image-preview:large, max-video-preview:-1\" \/>\n<link rel=\"canonical\" href=\"https:\/\/skaitytaknyga.lt\/en\/produktas\/prarastasis-princas-2\/\" \/>\n<meta property=\"og:locale\" content=\"en_GB\" \/>\n<meta property=\"og:locale:alternate\" content=\"lt_LT\" \/>\n<meta property=\"og:type\" content=\"article\" \/>\n<meta property=\"og:title\" content=\"Prarastasis princas\" \/>\n<meta property=\"og:description\" content=\"Ne\u017ei\u016br\u0117ti \u012f Juos. Nei\u0161siduoti, kad Juos matai. Tai gele\u017ein\u0117 Itano \u010ceiso taisykl\u0117, kurios laikosi net aukodamas savo reputacij\u0105. Ta\u010diau tenka sulau\u017eyti j\u0105,\" \/>\n<meta property=\"og:url\" content=\"https:\/\/skaitytaknyga.lt\/en\/produktas\/prarastasis-princas-2\/\" \/>\n<meta property=\"og:site_name\" content=\"Skaitytaknyga\" \/>\n<meta property=\"article:publisher\" content=\"https:\/\/www.facebook.com\/skaitytaknyga\/\" \/>\n<meta property=\"article:modified_time\" content=\"2026-04-01T10:01:28+00:00\" \/>\n<meta property=\"og:image\" content=\"https:\/\/skaitytaknyga.lt\/wp-content\/uploads\/2026\/04\/Prarastasis-princas-e1775036255256.webp\" \/>\n\t<meta property=\"og:image:width\" content=\"278\" \/>\n\t<meta property=\"og:image:height\" content=\"435\" \/>\n\t<meta property=\"og:image:type\" content=\"image\/webp\" \/>\n<meta name=\"twitter:card\" content=\"summary_large_image\" \/>\n<meta name=\"twitter:label1\" content=\"Estimated reading time\" \/>\n\t<meta name=\"twitter:data1\" content=\"1 minute\" \/>\n<script type=\"application\/ld+json\" class=\"yoast-schema-graph\">{\"@context\":\"https:\\\/\\\/schema.org\",\"@graph\":[{\"@type\":\"WebPage\",\"@id\":\"https:\\\/\\\/skaitytaknyga.lt\\\/produktas\\\/prarastasis-princas-2\\\/\",\"url\":\"https:\\\/\\\/skaitytaknyga.lt\\\/produktas\\\/prarastasis-princas-2\\\/\",\"name\":\"Prarastasis princas\",\"isPartOf\":{\"@id\":\"https:\\\/\\\/skaitytaknyga.lt\\\/#website\"},\"primaryImageOfPage\":{\"@id\":\"https:\\\/\\\/skaitytaknyga.lt\\\/produktas\\\/prarastasis-princas-2\\\/#primaryimage\"},\"image\":{\"@id\":\"https:\\\/\\\/skaitytaknyga.lt\\\/produktas\\\/prarastasis-princas-2\\\/#primaryimage\"},\"thumbnailUrl\":\"https:\\\/\\\/skaitytaknyga.lt\\\/wp-content\\\/uploads\\\/2026\\\/04\\\/Prarastasis-princas-e1775036255256.webp\",\"datePublished\":\"2026-04-01T09:36:53+00:00\",\"dateModified\":\"2026-04-01T10:01:28+00:00\",\"description\":\"Ne\u017ei\u016br\u0117ti \u012f Juos. Nei\u0161siduoti, kad Juos matai. Tai gele\u017ein\u0117 Itano \u010ceiso taisykl\u0117, kurios laikosi net aukodamas savo reputacij\u0105. Ta\u010diau tenka sulau\u017eyti j\u0105,\",\"breadcrumb\":{\"@id\":\"https:\\\/\\\/skaitytaknyga.lt\\\/produktas\\\/prarastasis-princas-2\\\/#breadcrumb\"},\"inLanguage\":\"en-GB\",\"potentialAction\":[{\"@type\":\"ReadAction\",\"target\":[\"https:\\\/\\\/skaitytaknyga.lt\\\/produktas\\\/prarastasis-princas-2\\\/\"]}]},{\"@type\":\"ImageObject\",\"inLanguage\":\"en-GB\",\"@id\":\"https:\\\/\\\/skaitytaknyga.lt\\\/produktas\\\/prarastasis-princas-2\\\/#primaryimage\",\"url\":\"https:\\\/\\\/skaitytaknyga.lt\\\/wp-content\\\/uploads\\\/2026\\\/04\\\/Prarastasis-princas-e1775036255256.webp\",\"contentUrl\":\"https:\\\/\\\/skaitytaknyga.lt\\\/wp-content\\\/uploads\\\/2026\\\/04\\\/Prarastasis-princas-e1775036255256.webp\",\"width\":278,\"height\":435,\"caption\":\"Prarastasis princas\"},{\"@type\":\"BreadcrumbList\",\"@id\":\"https:\\\/\\\/skaitytaknyga.lt\\\/produktas\\\/prarastasis-princas-2\\\/#breadcrumb\",\"itemListElement\":[{\"@type\":\"ListItem\",\"position\":1,\"name\":\"Home\",\"item\":\"https:\\\/\\\/skaitytaknyga.lt\\\/\"},{\"@type\":\"ListItem\",\"position\":2,\"name\":\"Parduotuv\u0117\",\"item\":\"https:\\\/\\\/skaitytaknyga.lt\\\/knygu-parduotuve\\\/\"},{\"@type\":\"ListItem\",\"position\":3,\"name\":\"Prarastasis princas\"}]},{\"@type\":\"WebSite\",\"@id\":\"https:\\\/\\\/skaitytaknyga.lt\\\/#website\",\"url\":\"https:\\\/\\\/skaitytaknyga.lt\\\/\",\"name\":\"skaitytaknyga.lt\",\"description\":\"Skaitytaknyga.lt \u2013 tai ma\u017eas \u0161eimos verslas, kuris prasid\u0117jo nuo meil\u0117s knygoms ir siekio i\u0161gelb\u0117ti knygas nuo likimo prie konteinerio. Kas vienam nereikalingas daiktas \u2013 kitam lobis, o mes esame tarpininkai, kurie padeda abiems tapti laimingesniems ???? \u017dinome kaip nelengva i\u0161gyventi ma\u017eiems verslams, tad nuo \u0161iol, \u010dia rasite ir kit\u0173, ma\u017e\u0173 \u0161eim\u0173 versl\u0173, rank\u0173 darbo, dovan\u0173 sau ir artimiesiems.\",\"publisher\":{\"@id\":\"https:\\\/\\\/skaitytaknyga.lt\\\/#organization\"},\"potentialAction\":[{\"@type\":\"SearchAction\",\"target\":{\"@type\":\"EntryPoint\",\"urlTemplate\":\"https:\\\/\\\/skaitytaknyga.lt\\\/?s={search_term_string}\"},\"query-input\":{\"@type\":\"PropertyValueSpecification\",\"valueRequired\":true,\"valueName\":\"search_term_string\"}}],\"inLanguage\":\"en-GB\"},{\"@type\":\"Organization\",\"@id\":\"https:\\\/\\\/skaitytaknyga.lt\\\/#organization\",\"name\":\"skaitytaknyga.lt\",\"url\":\"https:\\\/\\\/skaitytaknyga.lt\\\/\",\"logo\":{\"@type\":\"ImageObject\",\"inLanguage\":\"en-GB\",\"@id\":\"https:\\\/\\\/skaitytaknyga.lt\\\/#\\\/schema\\\/logo\\\/image\\\/\",\"url\":\"https:\\\/\\\/skaitytaknyga.lt\\\/wp-content\\\/uploads\\\/2024\\\/05\\\/cropped-cropped-cropped-02_00843_jt3bggkj1j3HLc7SyY6rEUpg.jpeg\",\"contentUrl\":\"https:\\\/\\\/skaitytaknyga.lt\\\/wp-content\\\/uploads\\\/2024\\\/05\\\/cropped-cropped-cropped-02_00843_jt3bggkj1j3HLc7SyY6rEUpg.jpeg\",\"width\":1600,\"height\":1600,\"caption\":\"skaitytaknyga.lt\"},\"image\":{\"@id\":\"https:\\\/\\\/skaitytaknyga.lt\\\/#\\\/schema\\\/logo\\\/image\\\/\"},\"sameAs\":[\"https:\\\/\\\/www.facebook.com\\\/skaitytaknyga\\\/\"]}]}<\/script>\n<!-- \/ Yoast SEO plugin. -->","yoast_head_json":{"title":"Prarastasis princas","description":"Ne\u017ei\u016br\u0117ti \u012f Juos. Nei\u0161siduoti, kad Juos matai. Tai gele\u017ein\u0117 Itano \u010ceiso taisykl\u0117, kurios laikosi net aukodamas savo reputacij\u0105. Ta\u010diau tenka sulau\u017eyti j\u0105,","robots":{"index":"index","follow":"follow","max-snippet":"max-snippet:-1","max-image-preview":"max-image-preview:large","max-video-preview":"max-video-preview:-1"},"canonical":"https:\/\/skaitytaknyga.lt\/en\/produktas\/prarastasis-princas-2\/","og_locale":"en_GB","og_type":"article","og_title":"[:lt]Prarastasis princas[:] - Skaitytaknyga","og_description":"Ne\u017ei\u016br\u0117ti \u012f Juos. Nei\u0161siduoti, kad Juos matai. Tai gele\u017ein\u0117 Itano \u010ceiso taisykl\u0117, kurios laikosi net aukodamas savo reputacij\u0105. Ta\u010diau tenka sulau\u017eyti j\u0105,","og_url":"https:\/\/skaitytaknyga.lt\/en\/produktas\/prarastasis-princas-2\/","og_site_name":"Skaitytaknyga","article_publisher":"https:\/\/www.facebook.com\/skaitytaknyga\/","article_modified_time":"2026-04-01T10:01:28+00:00","og_image":[{"width":278,"height":435,"url":"https:\/\/skaitytaknyga.lt\/wp-content\/uploads\/2026\/04\/Prarastasis-princas-e1775036255256.webp","type":"image\/webp"}],"twitter_card":"summary_large_image","twitter_misc":{"Estimated reading time":"1 minute"},"schema":{"@context":"https:\/\/schema.org","@graph":[{"@type":"WebPage","@id":"https:\/\/skaitytaknyga.lt\/produktas\/prarastasis-princas-2\/","url":"https:\/\/skaitytaknyga.lt\/produktas\/prarastasis-princas-2\/","name":"Prarastasis princas","isPartOf":{"@id":"https:\/\/skaitytaknyga.lt\/#website"},"primaryImageOfPage":{"@id":"https:\/\/skaitytaknyga.lt\/produktas\/prarastasis-princas-2\/#primaryimage"},"image":{"@id":"https:\/\/skaitytaknyga.lt\/produktas\/prarastasis-princas-2\/#primaryimage"},"thumbnailUrl":"https:\/\/skaitytaknyga.lt\/wp-content\/uploads\/2026\/04\/Prarastasis-princas-e1775036255256.webp","datePublished":"2026-04-01T09:36:53+00:00","dateModified":"2026-04-01T10:01:28+00:00","description":"Ne\u017ei\u016br\u0117ti \u012f Juos. Nei\u0161siduoti, kad Juos matai. Tai gele\u017ein\u0117 Itano \u010ceiso taisykl\u0117, kurios laikosi net aukodamas savo reputacij\u0105. Ta\u010diau tenka sulau\u017eyti j\u0105,","breadcrumb":{"@id":"https:\/\/skaitytaknyga.lt\/produktas\/prarastasis-princas-2\/#breadcrumb"},"inLanguage":"en-GB","potentialAction":[{"@type":"ReadAction","target":["https:\/\/skaitytaknyga.lt\/produktas\/prarastasis-princas-2\/"]}]},{"@type":"ImageObject","inLanguage":"en-GB","@id":"https:\/\/skaitytaknyga.lt\/produktas\/prarastasis-princas-2\/#primaryimage","url":"https:\/\/skaitytaknyga.lt\/wp-content\/uploads\/2026\/04\/Prarastasis-princas-e1775036255256.webp","contentUrl":"https:\/\/skaitytaknyga.lt\/wp-content\/uploads\/2026\/04\/Prarastasis-princas-e1775036255256.webp","width":278,"height":435,"caption":"Prarastasis princas"},{"@type":"BreadcrumbList","@id":"https:\/\/skaitytaknyga.lt\/produktas\/prarastasis-princas-2\/#breadcrumb","itemListElement":[{"@type":"ListItem","position":1,"name":"Home","item":"https:\/\/skaitytaknyga.lt\/"},{"@type":"ListItem","position":2,"name":"Parduotuv\u0117","item":"https:\/\/skaitytaknyga.lt\/knygu-parduotuve\/"},{"@type":"ListItem","position":3,"name":"Prarastasis princas"}]},{"@type":"WebSite","@id":"https:\/\/skaitytaknyga.lt\/#website","url":"https:\/\/skaitytaknyga.lt\/","name":"skaitytaknyga.lt","description":"Skaitytaknyga.lt \u2013 tai ma\u017eas \u0161eimos verslas, kuris prasid\u0117jo nuo meil\u0117s knygoms ir siekio i\u0161gelb\u0117ti knygas nuo likimo prie konteinerio. Kas vienam nereikalingas daiktas \u2013 kitam lobis, o mes esame tarpininkai, kurie padeda abiems tapti laimingesniems ???? \u017dinome kaip nelengva i\u0161gyventi ma\u017eiems verslams, tad nuo \u0161iol, \u010dia rasite ir kit\u0173, ma\u017e\u0173 \u0161eim\u0173 versl\u0173, rank\u0173 darbo, dovan\u0173 sau ir artimiesiems.","publisher":{"@id":"https:\/\/skaitytaknyga.lt\/#organization"},"potentialAction":[{"@type":"SearchAction","target":{"@type":"EntryPoint","urlTemplate":"https:\/\/skaitytaknyga.lt\/?s={search_term_string}"},"query-input":{"@type":"PropertyValueSpecification","valueRequired":true,"valueName":"search_term_string"}}],"inLanguage":"en-GB"},{"@type":"Organization","@id":"https:\/\/skaitytaknyga.lt\/#organization","name":"skaitytaknyga.lt","url":"https:\/\/skaitytaknyga.lt\/","logo":{"@type":"ImageObject","inLanguage":"en-GB","@id":"https:\/\/skaitytaknyga.lt\/#\/schema\/logo\/image\/","url":"https:\/\/skaitytaknyga.lt\/wp-content\/uploads\/2024\/05\/cropped-cropped-cropped-02_00843_jt3bggkj1j3HLc7SyY6rEUpg.jpeg","contentUrl":"https:\/\/skaitytaknyga.lt\/wp-content\/uploads\/2024\/05\/cropped-cropped-cropped-02_00843_jt3bggkj1j3HLc7SyY6rEUpg.jpeg","width":1600,"height":1600,"caption":"skaitytaknyga.lt"},"image":{"@id":"https:\/\/skaitytaknyga.lt\/#\/schema\/logo\/image\/"},"sameAs":["https:\/\/www.facebook.com\/skaitytaknyga\/"]}]}},"_links":{"self":[{"href":"https:\/\/skaitytaknyga.lt\/en\/wp-json\/wp\/v2\/product\/25365","targetHints":{"allow":["GET"]}}],"collection":[{"href":"https:\/\/skaitytaknyga.lt\/en\/wp-json\/wp\/v2\/product"}],"about":[{"href":"https:\/\/skaitytaknyga.lt\/en\/wp-json\/wp\/v2\/types\/product"}],"replies":[{"embeddable":true,"href":"https:\/\/skaitytaknyga.lt\/en\/wp-json\/wp\/v2\/comments?post=25365"}],"wp:featuredmedia":[{"embeddable":true,"href":"https:\/\/skaitytaknyga.lt\/en\/wp-json\/wp\/v2\/media\/25364"}],"wp:attachment":[{"href":"https:\/\/skaitytaknyga.lt\/en\/wp-json\/wp\/v2\/media?parent=25365"}],"wp:term":[{"taxonomy":"product_brand","embeddable":true,"href":"https:\/\/skaitytaknyga.lt\/en\/wp-json\/wp\/v2\/product_brand?post=25365"},{"taxonomy":"product_cat","embeddable":true,"href":"https:\/\/skaitytaknyga.lt\/en\/wp-json\/wp\/v2\/product_cat?post=25365"},{"taxonomy":"product_tag","embeddable":true,"href":"https:\/\/skaitytaknyga.lt\/en\/wp-json\/wp\/v2\/product_tag?post=25365"}],"curies":[{"name":"wp","href":"https:\/\/api.w.org\/{rel}","templated":true}]}}