{"id":25363,"date":"2026-04-01T12:28:29","date_gmt":"2026-04-01T09:28:29","guid":{"rendered":"https:\/\/skaitytaknyga.lt\/?post_type=product&#038;p=25363"},"modified":"2026-04-09T13:13:55","modified_gmt":"2026-04-09T10:13:55","slug":"drakonai-griuvancioje-pilyje","status":"publish","type":"product","link":"https:\/\/skaitytaknyga.lt\/en\/produktas\/drakonai-griuvancioje-pilyje\/","title":{"rendered":"Drakonai Gri\u016bvan\u010dioje Pilyje (kampu\u010dio defektas)"},"content":{"rendered":"<p>Drakonai \u012fsiver\u017e\u0117 \u012f Gri\u016bvan\u010di\u0105 Pil\u012f, o visi karaliaus Art\u016bro riteriai arba atostogauja, arba lanko savo mo\u010diutes. <\/p>\n<p>Katastrofa! <\/p>\n<p>Laimei, atsiranda atliekami \u0161arvai ir ma\u017eas berniukas, trok\u0161tantis juos u\u017esid\u0117ti. Kartu su Penktadienio riteriu Pavakariu ir burtininku Akid\u016bmiu jis i\u0161keliauja susikauti su baisiais, ugnimi alsuojan\u010diais drakonais. <\/p>\n<p>Ta\u010diau j\u0173 laukia \u0161okia tokia staigmen\u0117l\u0117&#8230;<\/p>\n<p>Keturiolika nuostabi\u0173, meistri\u0161kai para\u0161yt\u0173 pasakininko sero Terry\u2018io Pratchetto istorij\u0173, kuriose autobusu keliausite \u012f praeit\u012f, susitiksite su v\u0117\u017eliais, pabaisomis bei Kal\u0117d\u0173 Seneliu, \u012fsidarbinusiu zoologijos sode, taip pat pateksite \u012f visokias netik\u0117tas kebeknes! Bus taip smagu ir juokinga, kad vos perskait\u0119 knyg\u0105 nor\u0117site tuoj pat j\u0105 imti skaityti i\u0161 naujo.<\/p>\n","protected":false},"excerpt":{"rendered":"<p>Drakonai \u012fsiver\u017e\u0117 \u012f Gri\u016bvan\u010di\u0105 Pil\u012f, o visi karaliaus Art\u016bro riteriai arba atostogauja, arba lanko savo mo\u010diutes. Katastrofa! Laimei, atsiranda atliekami \u0161arvai ir ma\u017eas berniukas, trok\u0161tantis juos u\u017esid\u0117ti. Kartu su Penktadienio riteriu Pavakariu ir burtininku Akid\u016bmiu jis i\u0161keliauja susikauti su baisiais, ugnimi alsuojan\u010diais drakonais. Ta\u010diau j\u0173 laukia \u0161okia tokia staigmen\u0117l\u0117&#8230; Keturiolika nuostabi\u0173, meistri\u0161kai para\u0161yt\u0173 pasakininko sero Terry\u2018io Pratchetto istorij\u0173, kuriose autobusu keliausite \u012f praeit\u012f, susitiksite su v\u0117\u017eliais, pabaisomis bei Kal\u0117d\u0173 Seneliu, \u012fsidarbinusiu zoologijos sode, taip pat pateksite \u012f visokias netik\u0117tas kebeknes! Bus taip smagu ir juokinga, kad vos perskait\u0119 knyg\u0105 nor\u0117site tuoj pat j\u0105 imti skaityti i\u0161 naujo.<\/p>\n","protected":false},"featured_media":25370,"comment_status":"open","ping_status":"closed","template":"","meta":{"_acf_changed":false,"site-sidebar-layout":"default","site-content-layout":"","ast-site-content-layout":"default","site-content-style":"default","site-sidebar-style":"default","ast-global-header-display":"","ast-banner-title-visibility":"","ast-main-header-display":"","ast-hfb-above-header-display":"","ast-hfb-below-header-display":"","ast-hfb-mobile-header-display":"","site-post-title":"","ast-breadcrumbs-content":"","ast-featured-img":"","footer-sml-layout":"","ast-disable-related-posts":"","theme-transparent-header-meta":"","adv-header-id-meta":"","stick-header-meta":"","header-above-stick-meta":"","header-main-stick-meta":"","header-below-stick-meta":"","astra-migrate-meta-layouts":"default","ast-page-background-enabled":"default","ast-page-background-meta":{"desktop":{"background-color":"","background-image":"","background-repeat":"repeat","background-position":"center center","background-size":"auto","background-attachment":"scroll","background-type":"","background-media":"","overlay-type":"","overlay-color":"","overlay-opacity":"","overlay-gradient":""},"tablet":{"background-color":"","background-image":"","background-repeat":"repeat","background-position":"center center","background-size":"auto","background-attachment":"scroll","background-type":"","background-media":"","overlay-type":"","overlay-color":"","overlay-opacity":"","overlay-gradient":""},"mobile":{"background-color":"","background-image":"","background-repeat":"repeat","background-position":"center center","background-size":"auto","background-attachment":"scroll","background-type":"","background-media":"","overlay-type":"","overlay-color":"","overlay-opacity":"","overlay-gradient":""}},"ast-content-background-meta":{"desktop":{"background-color":"var(--ast-global-color-4)","background-image":"","background-repeat":"repeat","background-position":"center center","background-size":"auto","background-attachment":"scroll","background-type":"","background-media":"","overlay-type":"","overlay-color":"","overlay-opacity":"","overlay-gradient":""},"tablet":{"background-color":"var(--ast-global-color-4)","background-image":"","background-repeat":"repeat","background-position":"center center","background-size":"auto","background-attachment":"scroll","background-type":"","background-media":"","overlay-type":"","overlay-color":"","overlay-opacity":"","overlay-gradient":""},"mobile":{"background-color":"var(--ast-global-color-4)","background-image":"","background-repeat":"repeat","background-position":"center center","background-size":"auto","background-attachment":"scroll","background-type":"","background-media":"","overlay-type":"","overlay-color":"","overlay-opacity":"","overlay-gradient":""}}},"product_brand":[],"product_cat":[9674],"product_tag":[],"class_list":{"0":"post-25363","1":"product","2":"type-product","3":"status-publish","4":"has-post-thumbnail","6":"product_cat-pradinukams","7":"desktop-align-left","8":"tablet-align-left","9":"mobile-align-left","11":"first","12":"outofstock","13":"shipping-taxable","14":"purchasable","15":"product-type-simple"},"acf":[],"yoast_head":"<!-- This site is optimized with the Yoast SEO plugin v27.4 - https:\/\/yoast.com\/product\/yoast-seo-wordpress\/ -->\n<title>Drakonai Gri\u016bvan\u010dioje Pilyje (kampu\u010dio defektas)<\/title>\n<meta name=\"description\" content=\"Drakonai \u012fsiver\u017e\u0117 \u012f Gri\u016bvan\u010di\u0105 Pil\u012f, o visi karaliaus Art\u016bro riteriai arba atostogauja, arba lanko savo mo\u010diutes. Katastrofa! Laimei, atsiranda atliekami\" \/>\n<meta name=\"robots\" content=\"index, follow, max-snippet:-1, max-image-preview:large, max-video-preview:-1\" \/>\n<link rel=\"canonical\" href=\"https:\/\/skaitytaknyga.lt\/en\/produktas\/drakonai-griuvancioje-pilyje\/\" \/>\n<meta property=\"og:locale\" content=\"en_GB\" \/>\n<meta property=\"og:locale:alternate\" content=\"lt_LT\" \/>\n<meta property=\"og:type\" content=\"article\" \/>\n<meta property=\"og:title\" content=\"Drakonai Gri\u016bvan\u010dioje Pilyje (kampu\u010dio defektas)\" \/>\n<meta property=\"og:description\" content=\"Drakonai \u012fsiver\u017e\u0117 \u012f Gri\u016bvan\u010di\u0105 Pil\u012f, o visi karaliaus Art\u016bro riteriai arba atostogauja, arba lanko savo mo\u010diutes. Katastrofa! Laimei, atsiranda atliekami\" \/>\n<meta property=\"og:url\" content=\"https:\/\/skaitytaknyga.lt\/en\/produktas\/drakonai-griuvancioje-pilyje\/\" \/>\n<meta property=\"og:site_name\" content=\"Skaitytaknyga\" \/>\n<meta property=\"article:publisher\" content=\"https:\/\/www.facebook.com\/skaitytaknyga\/\" \/>\n<meta property=\"article:modified_time\" content=\"2026-04-09T10:13:55+00:00\" \/>\n<meta property=\"og:image\" content=\"https:\/\/skaitytaknyga.lt\/wp-content\/uploads\/2026\/04\/Drakonai-Griuvancioje-Pilyje.webp\" \/>\n\t<meta property=\"og:image:width\" content=\"432\" \/>\n\t<meta property=\"og:image:height\" content=\"600\" \/>\n\t<meta property=\"og:image:type\" content=\"image\/webp\" \/>\n<meta name=\"twitter:card\" content=\"summary_large_image\" \/>\n<meta name=\"twitter:label1\" content=\"Estimated reading time\" \/>\n\t<meta name=\"twitter:data1\" content=\"1 minute\" \/>\n<script type=\"application\/ld+json\" class=\"yoast-schema-graph\">{\"@context\":\"https:\\\/\\\/schema.org\",\"@graph\":[{\"@type\":\"WebPage\",\"@id\":\"https:\\\/\\\/skaitytaknyga.lt\\\/produktas\\\/drakonai-griuvancioje-pilyje\\\/\",\"url\":\"https:\\\/\\\/skaitytaknyga.lt\\\/produktas\\\/drakonai-griuvancioje-pilyje\\\/\",\"name\":\"Drakonai Gri\u016bvan\u010dioje Pilyje (kampu\u010dio defektas)\",\"isPartOf\":{\"@id\":\"https:\\\/\\\/skaitytaknyga.lt\\\/#website\"},\"primaryImageOfPage\":{\"@id\":\"https:\\\/\\\/skaitytaknyga.lt\\\/produktas\\\/drakonai-griuvancioje-pilyje\\\/#primaryimage\"},\"image\":{\"@id\":\"https:\\\/\\\/skaitytaknyga.lt\\\/produktas\\\/drakonai-griuvancioje-pilyje\\\/#primaryimage\"},\"thumbnailUrl\":\"https:\\\/\\\/skaitytaknyga.lt\\\/wp-content\\\/uploads\\\/2026\\\/04\\\/Drakonai-Griuvancioje-Pilyje.webp\",\"datePublished\":\"2026-04-01T09:28:29+00:00\",\"dateModified\":\"2026-04-09T10:13:55+00:00\",\"description\":\"Drakonai \u012fsiver\u017e\u0117 \u012f Gri\u016bvan\u010di\u0105 Pil\u012f, o visi karaliaus Art\u016bro riteriai arba atostogauja, arba lanko savo mo\u010diutes. Katastrofa! Laimei, atsiranda atliekami\",\"breadcrumb\":{\"@id\":\"https:\\\/\\\/skaitytaknyga.lt\\\/produktas\\\/drakonai-griuvancioje-pilyje\\\/#breadcrumb\"},\"inLanguage\":\"en-GB\",\"potentialAction\":[{\"@type\":\"ReadAction\",\"target\":[\"https:\\\/\\\/skaitytaknyga.lt\\\/produktas\\\/drakonai-griuvancioje-pilyje\\\/\"]}]},{\"@type\":\"ImageObject\",\"inLanguage\":\"en-GB\",\"@id\":\"https:\\\/\\\/skaitytaknyga.lt\\\/produktas\\\/drakonai-griuvancioje-pilyje\\\/#primaryimage\",\"url\":\"https:\\\/\\\/skaitytaknyga.lt\\\/wp-content\\\/uploads\\\/2026\\\/04\\\/Drakonai-Griuvancioje-Pilyje.webp\",\"contentUrl\":\"https:\\\/\\\/skaitytaknyga.lt\\\/wp-content\\\/uploads\\\/2026\\\/04\\\/Drakonai-Griuvancioje-Pilyje.webp\",\"width\":432,\"height\":600,\"caption\":\"Drakonai Gri\u016bvan\u010dioje Pilyje\"},{\"@type\":\"BreadcrumbList\",\"@id\":\"https:\\\/\\\/skaitytaknyga.lt\\\/produktas\\\/drakonai-griuvancioje-pilyje\\\/#breadcrumb\",\"itemListElement\":[{\"@type\":\"ListItem\",\"position\":1,\"name\":\"Home\",\"item\":\"https:\\\/\\\/skaitytaknyga.lt\\\/\"},{\"@type\":\"ListItem\",\"position\":2,\"name\":\"Parduotuv\u0117\",\"item\":\"https:\\\/\\\/skaitytaknyga.lt\\\/knygu-parduotuve\\\/\"},{\"@type\":\"ListItem\",\"position\":3,\"name\":\"Drakonai Gri\u016bvan\u010dioje Pilyje (kampu\u010dio defektas)\"}]},{\"@type\":\"WebSite\",\"@id\":\"https:\\\/\\\/skaitytaknyga.lt\\\/#website\",\"url\":\"https:\\\/\\\/skaitytaknyga.lt\\\/\",\"name\":\"skaitytaknyga.lt\",\"description\":\"Skaitytaknyga.lt \u2013 tai ma\u017eas \u0161eimos verslas, kuris prasid\u0117jo nuo meil\u0117s knygoms ir siekio i\u0161gelb\u0117ti knygas nuo likimo prie konteinerio. Kas vienam nereikalingas daiktas \u2013 kitam lobis, o mes esame tarpininkai, kurie padeda abiems tapti laimingesniems ???? \u017dinome kaip nelengva i\u0161gyventi ma\u017eiems verslams, tad nuo \u0161iol, \u010dia rasite ir kit\u0173, ma\u017e\u0173 \u0161eim\u0173 versl\u0173, rank\u0173 darbo, dovan\u0173 sau ir artimiesiems.\",\"publisher\":{\"@id\":\"https:\\\/\\\/skaitytaknyga.lt\\\/#organization\"},\"potentialAction\":[{\"@type\":\"SearchAction\",\"target\":{\"@type\":\"EntryPoint\",\"urlTemplate\":\"https:\\\/\\\/skaitytaknyga.lt\\\/?s={search_term_string}\"},\"query-input\":{\"@type\":\"PropertyValueSpecification\",\"valueRequired\":true,\"valueName\":\"search_term_string\"}}],\"inLanguage\":\"en-GB\"},{\"@type\":\"Organization\",\"@id\":\"https:\\\/\\\/skaitytaknyga.lt\\\/#organization\",\"name\":\"skaitytaknyga.lt\",\"url\":\"https:\\\/\\\/skaitytaknyga.lt\\\/\",\"logo\":{\"@type\":\"ImageObject\",\"inLanguage\":\"en-GB\",\"@id\":\"https:\\\/\\\/skaitytaknyga.lt\\\/#\\\/schema\\\/logo\\\/image\\\/\",\"url\":\"https:\\\/\\\/skaitytaknyga.lt\\\/wp-content\\\/uploads\\\/2024\\\/05\\\/cropped-cropped-cropped-02_00843_jt3bggkj1j3HLc7SyY6rEUpg.jpeg\",\"contentUrl\":\"https:\\\/\\\/skaitytaknyga.lt\\\/wp-content\\\/uploads\\\/2024\\\/05\\\/cropped-cropped-cropped-02_00843_jt3bggkj1j3HLc7SyY6rEUpg.jpeg\",\"width\":1600,\"height\":1600,\"caption\":\"skaitytaknyga.lt\"},\"image\":{\"@id\":\"https:\\\/\\\/skaitytaknyga.lt\\\/#\\\/schema\\\/logo\\\/image\\\/\"},\"sameAs\":[\"https:\\\/\\\/www.facebook.com\\\/skaitytaknyga\\\/\"]}]}<\/script>\n<!-- \/ Yoast SEO plugin. -->","yoast_head_json":{"title":"Drakonai Gri\u016bvan\u010dioje Pilyje (kampu\u010dio defektas)","description":"Drakonai \u012fsiver\u017e\u0117 \u012f Gri\u016bvan\u010di\u0105 Pil\u012f, o visi karaliaus Art\u016bro riteriai arba atostogauja, arba lanko savo mo\u010diutes. Katastrofa! Laimei, atsiranda atliekami","robots":{"index":"index","follow":"follow","max-snippet":"max-snippet:-1","max-image-preview":"max-image-preview:large","max-video-preview":"max-video-preview:-1"},"canonical":"https:\/\/skaitytaknyga.lt\/en\/produktas\/drakonai-griuvancioje-pilyje\/","og_locale":"en_GB","og_type":"article","og_title":"[:lt]Drakonai Gri\u016bvan\u010dioje Pilyje (kampu\u010dio defektas)[:] - Skaitytaknyga","og_description":"Drakonai \u012fsiver\u017e\u0117 \u012f Gri\u016bvan\u010di\u0105 Pil\u012f, o visi karaliaus Art\u016bro riteriai arba atostogauja, arba lanko savo mo\u010diutes. Katastrofa! Laimei, atsiranda atliekami","og_url":"https:\/\/skaitytaknyga.lt\/en\/produktas\/drakonai-griuvancioje-pilyje\/","og_site_name":"Skaitytaknyga","article_publisher":"https:\/\/www.facebook.com\/skaitytaknyga\/","article_modified_time":"2026-04-09T10:13:55+00:00","og_image":[{"width":432,"height":600,"url":"https:\/\/skaitytaknyga.lt\/wp-content\/uploads\/2026\/04\/Drakonai-Griuvancioje-Pilyje.webp","type":"image\/webp"}],"twitter_card":"summary_large_image","twitter_misc":{"Estimated reading time":"1 minute"},"schema":{"@context":"https:\/\/schema.org","@graph":[{"@type":"WebPage","@id":"https:\/\/skaitytaknyga.lt\/produktas\/drakonai-griuvancioje-pilyje\/","url":"https:\/\/skaitytaknyga.lt\/produktas\/drakonai-griuvancioje-pilyje\/","name":"Drakonai Gri\u016bvan\u010dioje Pilyje (kampu\u010dio defektas)","isPartOf":{"@id":"https:\/\/skaitytaknyga.lt\/#website"},"primaryImageOfPage":{"@id":"https:\/\/skaitytaknyga.lt\/produktas\/drakonai-griuvancioje-pilyje\/#primaryimage"},"image":{"@id":"https:\/\/skaitytaknyga.lt\/produktas\/drakonai-griuvancioje-pilyje\/#primaryimage"},"thumbnailUrl":"https:\/\/skaitytaknyga.lt\/wp-content\/uploads\/2026\/04\/Drakonai-Griuvancioje-Pilyje.webp","datePublished":"2026-04-01T09:28:29+00:00","dateModified":"2026-04-09T10:13:55+00:00","description":"Drakonai \u012fsiver\u017e\u0117 \u012f Gri\u016bvan\u010di\u0105 Pil\u012f, o visi karaliaus Art\u016bro riteriai arba atostogauja, arba lanko savo mo\u010diutes. Katastrofa! Laimei, atsiranda atliekami","breadcrumb":{"@id":"https:\/\/skaitytaknyga.lt\/produktas\/drakonai-griuvancioje-pilyje\/#breadcrumb"},"inLanguage":"en-GB","potentialAction":[{"@type":"ReadAction","target":["https:\/\/skaitytaknyga.lt\/produktas\/drakonai-griuvancioje-pilyje\/"]}]},{"@type":"ImageObject","inLanguage":"en-GB","@id":"https:\/\/skaitytaknyga.lt\/produktas\/drakonai-griuvancioje-pilyje\/#primaryimage","url":"https:\/\/skaitytaknyga.lt\/wp-content\/uploads\/2026\/04\/Drakonai-Griuvancioje-Pilyje.webp","contentUrl":"https:\/\/skaitytaknyga.lt\/wp-content\/uploads\/2026\/04\/Drakonai-Griuvancioje-Pilyje.webp","width":432,"height":600,"caption":"Drakonai Gri\u016bvan\u010dioje Pilyje"},{"@type":"BreadcrumbList","@id":"https:\/\/skaitytaknyga.lt\/produktas\/drakonai-griuvancioje-pilyje\/#breadcrumb","itemListElement":[{"@type":"ListItem","position":1,"name":"Home","item":"https:\/\/skaitytaknyga.lt\/"},{"@type":"ListItem","position":2,"name":"Parduotuv\u0117","item":"https:\/\/skaitytaknyga.lt\/knygu-parduotuve\/"},{"@type":"ListItem","position":3,"name":"Drakonai Gri\u016bvan\u010dioje Pilyje (kampu\u010dio defektas)"}]},{"@type":"WebSite","@id":"https:\/\/skaitytaknyga.lt\/#website","url":"https:\/\/skaitytaknyga.lt\/","name":"skaitytaknyga.lt","description":"Skaitytaknyga.lt \u2013 tai ma\u017eas \u0161eimos verslas, kuris prasid\u0117jo nuo meil\u0117s knygoms ir siekio i\u0161gelb\u0117ti knygas nuo likimo prie konteinerio. Kas vienam nereikalingas daiktas \u2013 kitam lobis, o mes esame tarpininkai, kurie padeda abiems tapti laimingesniems ???? \u017dinome kaip nelengva i\u0161gyventi ma\u017eiems verslams, tad nuo \u0161iol, \u010dia rasite ir kit\u0173, ma\u017e\u0173 \u0161eim\u0173 versl\u0173, rank\u0173 darbo, dovan\u0173 sau ir artimiesiems.","publisher":{"@id":"https:\/\/skaitytaknyga.lt\/#organization"},"potentialAction":[{"@type":"SearchAction","target":{"@type":"EntryPoint","urlTemplate":"https:\/\/skaitytaknyga.lt\/?s={search_term_string}"},"query-input":{"@type":"PropertyValueSpecification","valueRequired":true,"valueName":"search_term_string"}}],"inLanguage":"en-GB"},{"@type":"Organization","@id":"https:\/\/skaitytaknyga.lt\/#organization","name":"skaitytaknyga.lt","url":"https:\/\/skaitytaknyga.lt\/","logo":{"@type":"ImageObject","inLanguage":"en-GB","@id":"https:\/\/skaitytaknyga.lt\/#\/schema\/logo\/image\/","url":"https:\/\/skaitytaknyga.lt\/wp-content\/uploads\/2024\/05\/cropped-cropped-cropped-02_00843_jt3bggkj1j3HLc7SyY6rEUpg.jpeg","contentUrl":"https:\/\/skaitytaknyga.lt\/wp-content\/uploads\/2024\/05\/cropped-cropped-cropped-02_00843_jt3bggkj1j3HLc7SyY6rEUpg.jpeg","width":1600,"height":1600,"caption":"skaitytaknyga.lt"},"image":{"@id":"https:\/\/skaitytaknyga.lt\/#\/schema\/logo\/image\/"},"sameAs":["https:\/\/www.facebook.com\/skaitytaknyga\/"]}]}},"_links":{"self":[{"href":"https:\/\/skaitytaknyga.lt\/en\/wp-json\/wp\/v2\/product\/25363","targetHints":{"allow":["GET"]}}],"collection":[{"href":"https:\/\/skaitytaknyga.lt\/en\/wp-json\/wp\/v2\/product"}],"about":[{"href":"https:\/\/skaitytaknyga.lt\/en\/wp-json\/wp\/v2\/types\/product"}],"replies":[{"embeddable":true,"href":"https:\/\/skaitytaknyga.lt\/en\/wp-json\/wp\/v2\/comments?post=25363"}],"wp:featuredmedia":[{"embeddable":true,"href":"https:\/\/skaitytaknyga.lt\/en\/wp-json\/wp\/v2\/media\/25370"}],"wp:attachment":[{"href":"https:\/\/skaitytaknyga.lt\/en\/wp-json\/wp\/v2\/media?parent=25363"}],"wp:term":[{"taxonomy":"product_brand","embeddable":true,"href":"https:\/\/skaitytaknyga.lt\/en\/wp-json\/wp\/v2\/product_brand?post=25363"},{"taxonomy":"product_cat","embeddable":true,"href":"https:\/\/skaitytaknyga.lt\/en\/wp-json\/wp\/v2\/product_cat?post=25363"},{"taxonomy":"product_tag","embeddable":true,"href":"https:\/\/skaitytaknyga.lt\/en\/wp-json\/wp\/v2\/product_tag?post=25363"}],"curies":[{"name":"wp","href":"https:\/\/api.w.org\/{rel}","templated":true}]}}