{"id":25361,"date":"2026-04-01T12:14:42","date_gmt":"2026-04-01T09:14:42","guid":{"rendered":"https:\/\/skaitytaknyga.lt\/?post_type=product&#038;p=25361"},"modified":"2026-04-01T13:01:40","modified_gmt":"2026-04-01T10:01:40","slug":"gelezies-karys-gelezies-fejunai-7-knyga","status":"publish","type":"product","link":"https:\/\/skaitytaknyga.lt\/en\/produktas\/gelezies-karys-gelezies-fejunai-7-knyga\/","title":{"rendered":"Gele\u017eies karys. Gele\u017eies f\u0117j\u016bnai. 7 knyga"},"content":{"rendered":"<p>Gele\u017eies princas, mano s\u016bn\u0117nas, mus visus i\u0161dav\u0117.<br \/>\nJis mane nu\u017eud\u0117.<br \/>\nBet a\u0161 i\u0161gyvenau.<\/p>\n<p>I\u0161 mirties gniau\u017et\u0173 i\u0161tr\u016bk\u0119s Itanas \u010ceisas po m\u0117nesio atgauna s\u0105mon\u0119 ir nustemba su\u017einoj\u0119s, kad \u0160ydas, sl\u0117p\u0119s f\u0117j\u016bnus nuo \u017emoni\u0173 aki\u0173, trumpam buvo ding\u0119s. Nors \u017emonija f\u0117j\u016bn\u0173 pasaul\u012f reg\u0117jo vos kelias minutes, mirting\u0173j\u0173 pasaulyje \u012fsivyravo chaosas, o baim\u0117s ir nuostabos sukelti kerai pad\u0117jo Pamir\u0161t\u0173j\u0173 karalienei atgauti nereg\u0117t\u0105 gali\u0105. Ji prie\u0161 Vasaros ir \u017diemos r\u016bmus rengia sukilim\u0105, kuris katastrofi\u0161kai paveiks Niekadaniekada.<\/p>\n<p>Pamir\u0161t\u0173j\u0173 kariuomen\u0119 veda pats Kieranas \u2013 Itano s\u016bn\u0117nas, Gele\u017eies karalien\u0117s Meganos \u010ceis s\u016bnus ir i\u0161davikas. Kad sustabdyt\u0173 Kieran\u0105, Itanas nepakl\u016bsta seseriai ir drauge su savo mergina Kenze i\u0161siruo\u0161ia ie\u0161koti seniai pamir\u0161t\u0173 atsakym\u0173. Susid\u016br\u0119s su nereg\u0117tu blogiu ir nei\u0161matuojama galia, Itanas privalo ie\u0161koti s\u0105junginink\u0173 tarp prie\u0161\u0173 ir susitaikyti su tuo, kad f\u0117j\u016bn\u0173 pasaulis negr\u012f\u017etamai pasikeis.<\/p>\n","protected":false},"excerpt":{"rendered":"<p>Gele\u017eies princas, mano s\u016bn\u0117nas, mus visus i\u0161dav\u0117. Jis mane nu\u017eud\u0117. Bet a\u0161 i\u0161gyvenau. I\u0161 mirties gniau\u017et\u0173 i\u0161tr\u016bk\u0119s Itanas \u010ceisas po m\u0117nesio atgauna s\u0105mon\u0119 ir nustemba su\u017einoj\u0119s, kad \u0160ydas, sl\u0117p\u0119s f\u0117j\u016bnus nuo \u017emoni\u0173 aki\u0173, trumpam buvo ding\u0119s. Nors \u017emonija f\u0117j\u016bn\u0173 pasaul\u012f reg\u0117jo vos kelias minutes, mirting\u0173j\u0173 pasaulyje \u012fsivyravo chaosas, o baim\u0117s ir nuostabos sukelti kerai pad\u0117jo Pamir\u0161t\u0173j\u0173 karalienei atgauti nereg\u0117t\u0105 gali\u0105. Ji prie\u0161 Vasaros ir \u017diemos r\u016bmus rengia sukilim\u0105, kuris katastrofi\u0161kai paveiks Niekadaniekada. Pamir\u0161t\u0173j\u0173 kariuomen\u0119 veda pats Kieranas \u2013 Itano s\u016bn\u0117nas, Gele\u017eies karalien\u0117s Meganos \u010ceis s\u016bnus ir i\u0161davikas. Kad sustabdyt\u0173 Kieran\u0105, Itanas nepakl\u016bsta seseriai ir drauge su savo mergina Kenze i\u0161siruo\u0161ia ie\u0161koti seniai pamir\u0161t\u0173 atsakym\u0173. Susid\u016br\u0119s su nereg\u0117tu blogiu ir nei\u0161matuojama galia, Itanas privalo ie\u0161koti s\u0105junginink\u0173 tarp prie\u0161\u0173 ir susitaikyti su tuo, kad f\u0117j\u016bn\u0173 pasaulis negr\u012f\u017etamai pasikeis.<\/p>\n","protected":false},"featured_media":25362,"comment_status":"open","ping_status":"closed","template":"","meta":{"_acf_changed":false,"site-sidebar-layout":"default","site-content-layout":"","ast-site-content-layout":"default","site-content-style":"default","site-sidebar-style":"default","ast-global-header-display":"","ast-banner-title-visibility":"","ast-main-header-display":"","ast-hfb-above-header-display":"","ast-hfb-below-header-display":"","ast-hfb-mobile-header-display":"","site-post-title":"","ast-breadcrumbs-content":"","ast-featured-img":"","footer-sml-layout":"","ast-disable-related-posts":"","theme-transparent-header-meta":"","adv-header-id-meta":"","stick-header-meta":"","header-above-stick-meta":"","header-main-stick-meta":"","header-below-stick-meta":"","astra-migrate-meta-layouts":"default","ast-page-background-enabled":"default","ast-page-background-meta":{"desktop":{"background-color":"","background-image":"","background-repeat":"repeat","background-position":"center center","background-size":"auto","background-attachment":"scroll","background-type":"","background-media":"","overlay-type":"","overlay-color":"","overlay-opacity":"","overlay-gradient":""},"tablet":{"background-color":"","background-image":"","background-repeat":"repeat","background-position":"center center","background-size":"auto","background-attachment":"scroll","background-type":"","background-media":"","overlay-type":"","overlay-color":"","overlay-opacity":"","overlay-gradient":""},"mobile":{"background-color":"","background-image":"","background-repeat":"repeat","background-position":"center center","background-size":"auto","background-attachment":"scroll","background-type":"","background-media":"","overlay-type":"","overlay-color":"","overlay-opacity":"","overlay-gradient":""}},"ast-content-background-meta":{"desktop":{"background-color":"var(--ast-global-color-4)","background-image":"","background-repeat":"repeat","background-position":"center center","background-size":"auto","background-attachment":"scroll","background-type":"","background-media":"","overlay-type":"","overlay-color":"","overlay-opacity":"","overlay-gradient":""},"tablet":{"background-color":"var(--ast-global-color-4)","background-image":"","background-repeat":"repeat","background-position":"center center","background-size":"auto","background-attachment":"scroll","background-type":"","background-media":"","overlay-type":"","overlay-color":"","overlay-opacity":"","overlay-gradient":""},"mobile":{"background-color":"var(--ast-global-color-4)","background-image":"","background-repeat":"repeat","background-position":"center center","background-size":"auto","background-attachment":"scroll","background-type":"","background-media":"","overlay-type":"","overlay-color":"","overlay-opacity":"","overlay-gradient":""}}},"product_brand":[],"product_cat":[9621,9676],"product_tag":[],"class_list":{"0":"post-25361","1":"product","2":"type-product","3":"status-publish","4":"has-post-thumbnail","6":"product_cat-fantastika-fantastika","7":"product_cat-paaugliams","8":"desktop-align-left","9":"tablet-align-left","10":"mobile-align-left","12":"first","13":"instock","14":"shipping-taxable","15":"purchasable","16":"product-type-simple"},"acf":[],"yoast_head":"<!-- This site is optimized with the Yoast SEO plugin v27.4 - https:\/\/yoast.com\/product\/yoast-seo-wordpress\/ -->\n<title>Gele\u017eies karys. Gele\u017eies f\u0117j\u016bnai. 7 knyga<\/title>\n<meta name=\"description\" content=\"Gele\u017eies princas, mano s\u016bn\u0117nas, mus visus i\u0161dav\u0117. Jis mane nu\u017eud\u0117. Bet a\u0161 i\u0161gyvenau. I\u0161 mirties gniau\u017et\u0173 i\u0161tr\u016bk\u0119s Itanas \u010ceisas po m\u0117nesio atgauna s\u0105mon\u0119\" \/>\n<meta name=\"robots\" content=\"index, follow, max-snippet:-1, max-image-preview:large, max-video-preview:-1\" \/>\n<link rel=\"canonical\" href=\"https:\/\/skaitytaknyga.lt\/en\/produktas\/gelezies-karys-gelezies-fejunai-7-knyga\/\" \/>\n<meta property=\"og:locale\" content=\"en_GB\" \/>\n<meta property=\"og:locale:alternate\" content=\"lt_LT\" \/>\n<meta property=\"og:type\" content=\"article\" \/>\n<meta property=\"og:title\" content=\"Gele\u017eies karys. Gele\u017eies f\u0117j\u016bnai. 7 knyga\" \/>\n<meta property=\"og:description\" content=\"Gele\u017eies princas, mano s\u016bn\u0117nas, mus visus i\u0161dav\u0117. Jis mane nu\u017eud\u0117. Bet a\u0161 i\u0161gyvenau. I\u0161 mirties gniau\u017et\u0173 i\u0161tr\u016bk\u0119s Itanas \u010ceisas po m\u0117nesio atgauna s\u0105mon\u0119\" \/>\n<meta property=\"og:url\" content=\"https:\/\/skaitytaknyga.lt\/en\/produktas\/gelezies-karys-gelezies-fejunai-7-knyga\/\" \/>\n<meta property=\"og:site_name\" content=\"Skaitytaknyga\" \/>\n<meta property=\"article:publisher\" content=\"https:\/\/www.facebook.com\/skaitytaknyga\/\" \/>\n<meta property=\"article:modified_time\" content=\"2026-04-01T10:01:40+00:00\" \/>\n<meta property=\"og:image\" content=\"https:\/\/skaitytaknyga.lt\/wp-content\/uploads\/2026\/04\/Gelezies-karys.-Gelezies-fejunai.-7-knyga-e1775034940329.webp\" \/>\n\t<meta property=\"og:image:width\" content=\"495\" \/>\n\t<meta property=\"og:image:height\" content=\"770\" \/>\n\t<meta property=\"og:image:type\" content=\"image\/webp\" \/>\n<meta name=\"twitter:card\" content=\"summary_large_image\" \/>\n<meta name=\"twitter:label1\" content=\"Estimated reading time\" \/>\n\t<meta name=\"twitter:data1\" content=\"1 minute\" \/>\n<script type=\"application\/ld+json\" class=\"yoast-schema-graph\">{\"@context\":\"https:\\\/\\\/schema.org\",\"@graph\":[{\"@type\":\"WebPage\",\"@id\":\"https:\\\/\\\/skaitytaknyga.lt\\\/produktas\\\/gelezies-karys-gelezies-fejunai-7-knyga\\\/\",\"url\":\"https:\\\/\\\/skaitytaknyga.lt\\\/produktas\\\/gelezies-karys-gelezies-fejunai-7-knyga\\\/\",\"name\":\"Gele\u017eies karys. Gele\u017eies f\u0117j\u016bnai. 7 knyga\",\"isPartOf\":{\"@id\":\"https:\\\/\\\/skaitytaknyga.lt\\\/#website\"},\"primaryImageOfPage\":{\"@id\":\"https:\\\/\\\/skaitytaknyga.lt\\\/produktas\\\/gelezies-karys-gelezies-fejunai-7-knyga\\\/#primaryimage\"},\"image\":{\"@id\":\"https:\\\/\\\/skaitytaknyga.lt\\\/produktas\\\/gelezies-karys-gelezies-fejunai-7-knyga\\\/#primaryimage\"},\"thumbnailUrl\":\"https:\\\/\\\/skaitytaknyga.lt\\\/wp-content\\\/uploads\\\/2026\\\/04\\\/Gelezies-karys.-Gelezies-fejunai.-7-knyga-e1775034940329.webp\",\"datePublished\":\"2026-04-01T09:14:42+00:00\",\"dateModified\":\"2026-04-01T10:01:40+00:00\",\"description\":\"Gele\u017eies princas, mano s\u016bn\u0117nas, mus visus i\u0161dav\u0117. Jis mane nu\u017eud\u0117. Bet a\u0161 i\u0161gyvenau. I\u0161 mirties gniau\u017et\u0173 i\u0161tr\u016bk\u0119s Itanas \u010ceisas po m\u0117nesio atgauna s\u0105mon\u0119\",\"breadcrumb\":{\"@id\":\"https:\\\/\\\/skaitytaknyga.lt\\\/produktas\\\/gelezies-karys-gelezies-fejunai-7-knyga\\\/#breadcrumb\"},\"inLanguage\":\"en-GB\",\"potentialAction\":[{\"@type\":\"ReadAction\",\"target\":[\"https:\\\/\\\/skaitytaknyga.lt\\\/produktas\\\/gelezies-karys-gelezies-fejunai-7-knyga\\\/\"]}]},{\"@type\":\"ImageObject\",\"inLanguage\":\"en-GB\",\"@id\":\"https:\\\/\\\/skaitytaknyga.lt\\\/produktas\\\/gelezies-karys-gelezies-fejunai-7-knyga\\\/#primaryimage\",\"url\":\"https:\\\/\\\/skaitytaknyga.lt\\\/wp-content\\\/uploads\\\/2026\\\/04\\\/Gelezies-karys.-Gelezies-fejunai.-7-knyga-e1775034940329.webp\",\"contentUrl\":\"https:\\\/\\\/skaitytaknyga.lt\\\/wp-content\\\/uploads\\\/2026\\\/04\\\/Gelezies-karys.-Gelezies-fejunai.-7-knyga-e1775034940329.webp\",\"width\":495,\"height\":770,\"caption\":\"Gele\u017eies karys. Gele\u017eies f\u0117j\u016bnai. 7 knyga\"},{\"@type\":\"BreadcrumbList\",\"@id\":\"https:\\\/\\\/skaitytaknyga.lt\\\/produktas\\\/gelezies-karys-gelezies-fejunai-7-knyga\\\/#breadcrumb\",\"itemListElement\":[{\"@type\":\"ListItem\",\"position\":1,\"name\":\"Home\",\"item\":\"https:\\\/\\\/skaitytaknyga.lt\\\/\"},{\"@type\":\"ListItem\",\"position\":2,\"name\":\"Parduotuv\u0117\",\"item\":\"https:\\\/\\\/skaitytaknyga.lt\\\/knygu-parduotuve\\\/\"},{\"@type\":\"ListItem\",\"position\":3,\"name\":\"Gele\u017eies karys. Gele\u017eies f\u0117j\u016bnai. 7 knyga\"}]},{\"@type\":\"WebSite\",\"@id\":\"https:\\\/\\\/skaitytaknyga.lt\\\/#website\",\"url\":\"https:\\\/\\\/skaitytaknyga.lt\\\/\",\"name\":\"skaitytaknyga.lt\",\"description\":\"Skaitytaknyga.lt \u2013 tai ma\u017eas \u0161eimos verslas, kuris prasid\u0117jo nuo meil\u0117s knygoms ir siekio i\u0161gelb\u0117ti knygas nuo likimo prie konteinerio. Kas vienam nereikalingas daiktas \u2013 kitam lobis, o mes esame tarpininkai, kurie padeda abiems tapti laimingesniems ???? \u017dinome kaip nelengva i\u0161gyventi ma\u017eiems verslams, tad nuo \u0161iol, \u010dia rasite ir kit\u0173, ma\u017e\u0173 \u0161eim\u0173 versl\u0173, rank\u0173 darbo, dovan\u0173 sau ir artimiesiems.\",\"publisher\":{\"@id\":\"https:\\\/\\\/skaitytaknyga.lt\\\/#organization\"},\"potentialAction\":[{\"@type\":\"SearchAction\",\"target\":{\"@type\":\"EntryPoint\",\"urlTemplate\":\"https:\\\/\\\/skaitytaknyga.lt\\\/?s={search_term_string}\"},\"query-input\":{\"@type\":\"PropertyValueSpecification\",\"valueRequired\":true,\"valueName\":\"search_term_string\"}}],\"inLanguage\":\"en-GB\"},{\"@type\":\"Organization\",\"@id\":\"https:\\\/\\\/skaitytaknyga.lt\\\/#organization\",\"name\":\"skaitytaknyga.lt\",\"url\":\"https:\\\/\\\/skaitytaknyga.lt\\\/\",\"logo\":{\"@type\":\"ImageObject\",\"inLanguage\":\"en-GB\",\"@id\":\"https:\\\/\\\/skaitytaknyga.lt\\\/#\\\/schema\\\/logo\\\/image\\\/\",\"url\":\"https:\\\/\\\/skaitytaknyga.lt\\\/wp-content\\\/uploads\\\/2024\\\/05\\\/cropped-cropped-cropped-02_00843_jt3bggkj1j3HLc7SyY6rEUpg.jpeg\",\"contentUrl\":\"https:\\\/\\\/skaitytaknyga.lt\\\/wp-content\\\/uploads\\\/2024\\\/05\\\/cropped-cropped-cropped-02_00843_jt3bggkj1j3HLc7SyY6rEUpg.jpeg\",\"width\":1600,\"height\":1600,\"caption\":\"skaitytaknyga.lt\"},\"image\":{\"@id\":\"https:\\\/\\\/skaitytaknyga.lt\\\/#\\\/schema\\\/logo\\\/image\\\/\"},\"sameAs\":[\"https:\\\/\\\/www.facebook.com\\\/skaitytaknyga\\\/\"]}]}<\/script>\n<!-- \/ Yoast SEO plugin. -->","yoast_head_json":{"title":"Gele\u017eies karys. Gele\u017eies f\u0117j\u016bnai. 7 knyga","description":"Gele\u017eies princas, mano s\u016bn\u0117nas, mus visus i\u0161dav\u0117. Jis mane nu\u017eud\u0117. Bet a\u0161 i\u0161gyvenau. I\u0161 mirties gniau\u017et\u0173 i\u0161tr\u016bk\u0119s Itanas \u010ceisas po m\u0117nesio atgauna s\u0105mon\u0119","robots":{"index":"index","follow":"follow","max-snippet":"max-snippet:-1","max-image-preview":"max-image-preview:large","max-video-preview":"max-video-preview:-1"},"canonical":"https:\/\/skaitytaknyga.lt\/en\/produktas\/gelezies-karys-gelezies-fejunai-7-knyga\/","og_locale":"en_GB","og_type":"article","og_title":"[:lt]Gele\u017eies karys. Gele\u017eies f\u0117j\u016bnai. 7 knyga[:] - Skaitytaknyga","og_description":"Gele\u017eies princas, mano s\u016bn\u0117nas, mus visus i\u0161dav\u0117. Jis mane nu\u017eud\u0117. Bet a\u0161 i\u0161gyvenau. I\u0161 mirties gniau\u017et\u0173 i\u0161tr\u016bk\u0119s Itanas \u010ceisas po m\u0117nesio atgauna s\u0105mon\u0119","og_url":"https:\/\/skaitytaknyga.lt\/en\/produktas\/gelezies-karys-gelezies-fejunai-7-knyga\/","og_site_name":"Skaitytaknyga","article_publisher":"https:\/\/www.facebook.com\/skaitytaknyga\/","article_modified_time":"2026-04-01T10:01:40+00:00","og_image":[{"width":495,"height":770,"url":"https:\/\/skaitytaknyga.lt\/wp-content\/uploads\/2026\/04\/Gelezies-karys.-Gelezies-fejunai.-7-knyga-e1775034940329.webp","type":"image\/webp"}],"twitter_card":"summary_large_image","twitter_misc":{"Estimated reading time":"1 minute"},"schema":{"@context":"https:\/\/schema.org","@graph":[{"@type":"WebPage","@id":"https:\/\/skaitytaknyga.lt\/produktas\/gelezies-karys-gelezies-fejunai-7-knyga\/","url":"https:\/\/skaitytaknyga.lt\/produktas\/gelezies-karys-gelezies-fejunai-7-knyga\/","name":"Gele\u017eies karys. Gele\u017eies f\u0117j\u016bnai. 7 knyga","isPartOf":{"@id":"https:\/\/skaitytaknyga.lt\/#website"},"primaryImageOfPage":{"@id":"https:\/\/skaitytaknyga.lt\/produktas\/gelezies-karys-gelezies-fejunai-7-knyga\/#primaryimage"},"image":{"@id":"https:\/\/skaitytaknyga.lt\/produktas\/gelezies-karys-gelezies-fejunai-7-knyga\/#primaryimage"},"thumbnailUrl":"https:\/\/skaitytaknyga.lt\/wp-content\/uploads\/2026\/04\/Gelezies-karys.-Gelezies-fejunai.-7-knyga-e1775034940329.webp","datePublished":"2026-04-01T09:14:42+00:00","dateModified":"2026-04-01T10:01:40+00:00","description":"Gele\u017eies princas, mano s\u016bn\u0117nas, mus visus i\u0161dav\u0117. Jis mane nu\u017eud\u0117. Bet a\u0161 i\u0161gyvenau. I\u0161 mirties gniau\u017et\u0173 i\u0161tr\u016bk\u0119s Itanas \u010ceisas po m\u0117nesio atgauna s\u0105mon\u0119","breadcrumb":{"@id":"https:\/\/skaitytaknyga.lt\/produktas\/gelezies-karys-gelezies-fejunai-7-knyga\/#breadcrumb"},"inLanguage":"en-GB","potentialAction":[{"@type":"ReadAction","target":["https:\/\/skaitytaknyga.lt\/produktas\/gelezies-karys-gelezies-fejunai-7-knyga\/"]}]},{"@type":"ImageObject","inLanguage":"en-GB","@id":"https:\/\/skaitytaknyga.lt\/produktas\/gelezies-karys-gelezies-fejunai-7-knyga\/#primaryimage","url":"https:\/\/skaitytaknyga.lt\/wp-content\/uploads\/2026\/04\/Gelezies-karys.-Gelezies-fejunai.-7-knyga-e1775034940329.webp","contentUrl":"https:\/\/skaitytaknyga.lt\/wp-content\/uploads\/2026\/04\/Gelezies-karys.-Gelezies-fejunai.-7-knyga-e1775034940329.webp","width":495,"height":770,"caption":"Gele\u017eies karys. Gele\u017eies f\u0117j\u016bnai. 7 knyga"},{"@type":"BreadcrumbList","@id":"https:\/\/skaitytaknyga.lt\/produktas\/gelezies-karys-gelezies-fejunai-7-knyga\/#breadcrumb","itemListElement":[{"@type":"ListItem","position":1,"name":"Home","item":"https:\/\/skaitytaknyga.lt\/"},{"@type":"ListItem","position":2,"name":"Parduotuv\u0117","item":"https:\/\/skaitytaknyga.lt\/knygu-parduotuve\/"},{"@type":"ListItem","position":3,"name":"Gele\u017eies karys. Gele\u017eies f\u0117j\u016bnai. 7 knyga"}]},{"@type":"WebSite","@id":"https:\/\/skaitytaknyga.lt\/#website","url":"https:\/\/skaitytaknyga.lt\/","name":"skaitytaknyga.lt","description":"Skaitytaknyga.lt \u2013 tai ma\u017eas \u0161eimos verslas, kuris prasid\u0117jo nuo meil\u0117s knygoms ir siekio i\u0161gelb\u0117ti knygas nuo likimo prie konteinerio. Kas vienam nereikalingas daiktas \u2013 kitam lobis, o mes esame tarpininkai, kurie padeda abiems tapti laimingesniems ???? \u017dinome kaip nelengva i\u0161gyventi ma\u017eiems verslams, tad nuo \u0161iol, \u010dia rasite ir kit\u0173, ma\u017e\u0173 \u0161eim\u0173 versl\u0173, rank\u0173 darbo, dovan\u0173 sau ir artimiesiems.","publisher":{"@id":"https:\/\/skaitytaknyga.lt\/#organization"},"potentialAction":[{"@type":"SearchAction","target":{"@type":"EntryPoint","urlTemplate":"https:\/\/skaitytaknyga.lt\/?s={search_term_string}"},"query-input":{"@type":"PropertyValueSpecification","valueRequired":true,"valueName":"search_term_string"}}],"inLanguage":"en-GB"},{"@type":"Organization","@id":"https:\/\/skaitytaknyga.lt\/#organization","name":"skaitytaknyga.lt","url":"https:\/\/skaitytaknyga.lt\/","logo":{"@type":"ImageObject","inLanguage":"en-GB","@id":"https:\/\/skaitytaknyga.lt\/#\/schema\/logo\/image\/","url":"https:\/\/skaitytaknyga.lt\/wp-content\/uploads\/2024\/05\/cropped-cropped-cropped-02_00843_jt3bggkj1j3HLc7SyY6rEUpg.jpeg","contentUrl":"https:\/\/skaitytaknyga.lt\/wp-content\/uploads\/2024\/05\/cropped-cropped-cropped-02_00843_jt3bggkj1j3HLc7SyY6rEUpg.jpeg","width":1600,"height":1600,"caption":"skaitytaknyga.lt"},"image":{"@id":"https:\/\/skaitytaknyga.lt\/#\/schema\/logo\/image\/"},"sameAs":["https:\/\/www.facebook.com\/skaitytaknyga\/"]}]}},"_links":{"self":[{"href":"https:\/\/skaitytaknyga.lt\/en\/wp-json\/wp\/v2\/product\/25361","targetHints":{"allow":["GET"]}}],"collection":[{"href":"https:\/\/skaitytaknyga.lt\/en\/wp-json\/wp\/v2\/product"}],"about":[{"href":"https:\/\/skaitytaknyga.lt\/en\/wp-json\/wp\/v2\/types\/product"}],"replies":[{"embeddable":true,"href":"https:\/\/skaitytaknyga.lt\/en\/wp-json\/wp\/v2\/comments?post=25361"}],"wp:featuredmedia":[{"embeddable":true,"href":"https:\/\/skaitytaknyga.lt\/en\/wp-json\/wp\/v2\/media\/25362"}],"wp:attachment":[{"href":"https:\/\/skaitytaknyga.lt\/en\/wp-json\/wp\/v2\/media?parent=25361"}],"wp:term":[{"taxonomy":"product_brand","embeddable":true,"href":"https:\/\/skaitytaknyga.lt\/en\/wp-json\/wp\/v2\/product_brand?post=25361"},{"taxonomy":"product_cat","embeddable":true,"href":"https:\/\/skaitytaknyga.lt\/en\/wp-json\/wp\/v2\/product_cat?post=25361"},{"taxonomy":"product_tag","embeddable":true,"href":"https:\/\/skaitytaknyga.lt\/en\/wp-json\/wp\/v2\/product_tag?post=25361"}],"curies":[{"name":"wp","href":"https:\/\/api.w.org\/{rel}","templated":true}]}}