{"id":25358,"date":"2026-04-01T11:51:59","date_gmt":"2026-04-01T08:51:59","guid":{"rendered":"https:\/\/skaitytaknyga.lt\/?post_type=product&#038;p=25358"},"modified":"2026-04-01T16:56:14","modified_gmt":"2026-04-01T13:56:14","slug":"ikalinta-tamsoje-antra-uzkereto-dvaro-knyga","status":"publish","type":"product","link":"https:\/\/skaitytaknyga.lt\/en\/produktas\/ikalinta-tamsoje-antra-uzkereto-dvaro-knyga\/","title":{"rendered":"\u012ekalinta tamsoje. Antra \u201eU\u017eker\u0117to dvaro\u201c knyga (ma\u017eas defektas)"},"content":{"rendered":"<p>Feir\u0117 ne\u017euvo Amarantos gniau\u017etuose ir gr\u012f\u017eo \u012f Pavasario Dvar\u0105, bet tai brangiai kainavo. Nors dabar ji apdovanota Did\u017ei\u0173j\u0173 F\u0117j\u0173 galiomis, \u0161irdis liko \u017emogaus, ir ji negali pamir\u0161ti siaubing\u0173 dalyk\u0173, kuriuos padar\u0117, kad i\u0161gelb\u0117t\u0173 Tamlino taut\u0105.<\/p>\n<p>Feir\u0117 nepamir\u0161o ir sandorio su Risandu, \u0161iurpiojo Nakties Dvaro Did\u017eiojo valdovo. Kol ji raizgo politikos, aistr\u0173 ir akinamos galios voratinkl\u012f, kyla didesnis blogis \u2013 ir galb\u016bt tik ji gali j\u012f sulaikyti. Bet prie\u0161 tai reikia pa\u017eaboti alinan\u010dias galias, i\u0161sigydyti pal\u016b\u017eusi\u0105 siel\u0105 ir nuspr\u0119sti, kokios ateities trok\u0161ta sau ir sudraskytam pasauliui.<\/p>\n<p>Nusikelk \u012f stebukling\u0105 pasaulio pakra\u0161t\u012f priblo\u0161kiamame U\u017eker\u0117to dvaro t\u0119sinyje.<\/p>\n","protected":false},"excerpt":{"rendered":"<p>Feir\u0117 ne\u017euvo Amarantos gniau\u017etuose ir gr\u012f\u017eo \u012f Pavasario Dvar\u0105, bet tai brangiai kainavo. Nors dabar ji apdovanota Did\u017ei\u0173j\u0173 F\u0117j\u0173 galiomis, \u0161irdis liko \u017emogaus, ir ji negali pamir\u0161ti siaubing\u0173 dalyk\u0173, kuriuos padar\u0117, kad i\u0161gelb\u0117t\u0173 Tamlino taut\u0105. Feir\u0117 nepamir\u0161o ir sandorio su Risandu, \u0161iurpiojo Nakties Dvaro Did\u017eiojo valdovo. Kol ji raizgo politikos, aistr\u0173 ir akinamos galios voratinkl\u012f, kyla didesnis blogis \u2013 ir galb\u016bt tik ji gali j\u012f sulaikyti. Bet prie\u0161 tai reikia pa\u017eaboti alinan\u010dias galias, i\u0161sigydyti pal\u016b\u017eusi\u0105 siel\u0105 ir nuspr\u0119sti, kokios ateities trok\u0161ta sau ir sudraskytam pasauliui. Nusikelk \u012f stebukling\u0105 pasaulio pakra\u0161t\u012f priblo\u0161kiamame U\u017eker\u0117to dvaro t\u0119sinyje.<\/p>\n","protected":false},"featured_media":25366,"comment_status":"open","ping_status":"closed","template":"","meta":{"_acf_changed":false,"site-sidebar-layout":"default","site-content-layout":"","ast-site-content-layout":"default","site-content-style":"default","site-sidebar-style":"default","ast-global-header-display":"","ast-banner-title-visibility":"","ast-main-header-display":"","ast-hfb-above-header-display":"","ast-hfb-below-header-display":"","ast-hfb-mobile-header-display":"","site-post-title":"","ast-breadcrumbs-content":"","ast-featured-img":"","footer-sml-layout":"","ast-disable-related-posts":"","theme-transparent-header-meta":"","adv-header-id-meta":"","stick-header-meta":"","header-above-stick-meta":"","header-main-stick-meta":"","header-below-stick-meta":"","astra-migrate-meta-layouts":"default","ast-page-background-enabled":"default","ast-page-background-meta":{"desktop":{"background-color":"","background-image":"","background-repeat":"repeat","background-position":"center center","background-size":"auto","background-attachment":"scroll","background-type":"","background-media":"","overlay-type":"","overlay-color":"","overlay-opacity":"","overlay-gradient":""},"tablet":{"background-color":"","background-image":"","background-repeat":"repeat","background-position":"center center","background-size":"auto","background-attachment":"scroll","background-type":"","background-media":"","overlay-type":"","overlay-color":"","overlay-opacity":"","overlay-gradient":""},"mobile":{"background-color":"","background-image":"","background-repeat":"repeat","background-position":"center center","background-size":"auto","background-attachment":"scroll","background-type":"","background-media":"","overlay-type":"","overlay-color":"","overlay-opacity":"","overlay-gradient":""}},"ast-content-background-meta":{"desktop":{"background-color":"var(--ast-global-color-4)","background-image":"","background-repeat":"repeat","background-position":"center center","background-size":"auto","background-attachment":"scroll","background-type":"","background-media":"","overlay-type":"","overlay-color":"","overlay-opacity":"","overlay-gradient":""},"tablet":{"background-color":"var(--ast-global-color-4)","background-image":"","background-repeat":"repeat","background-position":"center center","background-size":"auto","background-attachment":"scroll","background-type":"","background-media":"","overlay-type":"","overlay-color":"","overlay-opacity":"","overlay-gradient":""},"mobile":{"background-color":"var(--ast-global-color-4)","background-image":"","background-repeat":"repeat","background-position":"center center","background-size":"auto","background-attachment":"scroll","background-type":"","background-media":"","overlay-type":"","overlay-color":"","overlay-opacity":"","overlay-gradient":""}}},"product_brand":[],"product_cat":[9621],"product_tag":[],"class_list":{"0":"post-25358","1":"product","2":"type-product","3":"status-publish","4":"has-post-thumbnail","6":"product_cat-fantastika-fantastika","7":"desktop-align-left","8":"tablet-align-left","9":"mobile-align-left","11":"first","12":"instock","13":"shipping-taxable","14":"purchasable","15":"product-type-simple"},"acf":[],"yoast_head":"<!-- This site is optimized with the Yoast SEO plugin v27.4 - https:\/\/yoast.com\/product\/yoast-seo-wordpress\/ -->\n<title>\u012ekalinta tamsoje. Antra \u201eU\u017eker\u0117to dvaro\u201c knyga (ma\u017eas defektas)<\/title>\n<meta name=\"description\" content=\"Feir\u0117 ne\u017euvo Amarantos gniau\u017etuose ir gr\u012f\u017eo \u012f Pavasario Dvar\u0105, bet tai brangiai kainavo. Nors dabar ji apdovanota Did\u017ei\u0173j\u0173 F\u0117j\u0173 galiomis, \u0161irdis liko\" \/>\n<meta name=\"robots\" content=\"index, follow, max-snippet:-1, max-image-preview:large, max-video-preview:-1\" \/>\n<link rel=\"canonical\" href=\"https:\/\/skaitytaknyga.lt\/en\/produktas\/ikalinta-tamsoje-antra-uzkereto-dvaro-knyga\/\" \/>\n<meta property=\"og:locale\" content=\"en_GB\" \/>\n<meta property=\"og:locale:alternate\" content=\"lt_LT\" \/>\n<meta property=\"og:type\" content=\"article\" \/>\n<meta property=\"og:title\" content=\"\u012ekalinta tamsoje. Antra \u201eU\u017eker\u0117to dvaro\u201c knyga (ma\u017eas defektas)\" \/>\n<meta property=\"og:description\" content=\"Feir\u0117 ne\u017euvo Amarantos gniau\u017etuose ir gr\u012f\u017eo \u012f Pavasario Dvar\u0105, bet tai brangiai kainavo. Nors dabar ji apdovanota Did\u017ei\u0173j\u0173 F\u0117j\u0173 galiomis, \u0161irdis liko\" \/>\n<meta property=\"og:url\" content=\"https:\/\/skaitytaknyga.lt\/en\/produktas\/ikalinta-tamsoje-antra-uzkereto-dvaro-knyga\/\" \/>\n<meta property=\"og:site_name\" content=\"Skaitytaknyga\" \/>\n<meta property=\"article:publisher\" content=\"https:\/\/www.facebook.com\/skaitytaknyga\/\" \/>\n<meta property=\"article:modified_time\" content=\"2026-04-01T13:56:14+00:00\" \/>\n<meta property=\"og:image\" content=\"https:\/\/skaitytaknyga.lt\/wp-content\/uploads\/2026\/04\/Ikalinta-tamsoje.-Antra-\u201eUzkereto-dvaro-knyga.webp\" \/>\n\t<meta property=\"og:image:width\" content=\"403\" \/>\n\t<meta property=\"og:image:height\" content=\"600\" \/>\n\t<meta property=\"og:image:type\" content=\"image\/webp\" \/>\n<meta name=\"twitter:card\" content=\"summary_large_image\" \/>\n<meta name=\"twitter:label1\" content=\"Estimated reading time\" \/>\n\t<meta name=\"twitter:data1\" content=\"1 minute\" \/>\n<script type=\"application\/ld+json\" class=\"yoast-schema-graph\">{\"@context\":\"https:\\\/\\\/schema.org\",\"@graph\":[{\"@type\":\"WebPage\",\"@id\":\"https:\\\/\\\/skaitytaknyga.lt\\\/produktas\\\/ikalinta-tamsoje-antra-uzkereto-dvaro-knyga\\\/\",\"url\":\"https:\\\/\\\/skaitytaknyga.lt\\\/produktas\\\/ikalinta-tamsoje-antra-uzkereto-dvaro-knyga\\\/\",\"name\":\"\u012ekalinta tamsoje. Antra \u201eU\u017eker\u0117to dvaro\u201c knyga (ma\u017eas defektas)\",\"isPartOf\":{\"@id\":\"https:\\\/\\\/skaitytaknyga.lt\\\/#website\"},\"primaryImageOfPage\":{\"@id\":\"https:\\\/\\\/skaitytaknyga.lt\\\/produktas\\\/ikalinta-tamsoje-antra-uzkereto-dvaro-knyga\\\/#primaryimage\"},\"image\":{\"@id\":\"https:\\\/\\\/skaitytaknyga.lt\\\/produktas\\\/ikalinta-tamsoje-antra-uzkereto-dvaro-knyga\\\/#primaryimage\"},\"thumbnailUrl\":\"https:\\\/\\\/skaitytaknyga.lt\\\/wp-content\\\/uploads\\\/2026\\\/04\\\/Ikalinta-tamsoje.-Antra-\u201eUzkereto-dvaro-knyga.webp\",\"datePublished\":\"2026-04-01T08:51:59+00:00\",\"dateModified\":\"2026-04-01T13:56:14+00:00\",\"description\":\"Feir\u0117 ne\u017euvo Amarantos gniau\u017etuose ir gr\u012f\u017eo \u012f Pavasario Dvar\u0105, bet tai brangiai kainavo. Nors dabar ji apdovanota Did\u017ei\u0173j\u0173 F\u0117j\u0173 galiomis, \u0161irdis liko\",\"breadcrumb\":{\"@id\":\"https:\\\/\\\/skaitytaknyga.lt\\\/produktas\\\/ikalinta-tamsoje-antra-uzkereto-dvaro-knyga\\\/#breadcrumb\"},\"inLanguage\":\"en-GB\",\"potentialAction\":[{\"@type\":\"ReadAction\",\"target\":[\"https:\\\/\\\/skaitytaknyga.lt\\\/produktas\\\/ikalinta-tamsoje-antra-uzkereto-dvaro-knyga\\\/\"]}]},{\"@type\":\"ImageObject\",\"inLanguage\":\"en-GB\",\"@id\":\"https:\\\/\\\/skaitytaknyga.lt\\\/produktas\\\/ikalinta-tamsoje-antra-uzkereto-dvaro-knyga\\\/#primaryimage\",\"url\":\"https:\\\/\\\/skaitytaknyga.lt\\\/wp-content\\\/uploads\\\/2026\\\/04\\\/Ikalinta-tamsoje.-Antra-\u201eUzkereto-dvaro-knyga.webp\",\"contentUrl\":\"https:\\\/\\\/skaitytaknyga.lt\\\/wp-content\\\/uploads\\\/2026\\\/04\\\/Ikalinta-tamsoje.-Antra-\u201eUzkereto-dvaro-knyga.webp\",\"width\":403,\"height\":600,\"caption\":\"\u012ekalinta tamsoje. Antra \u201eU\u017eker\u0117to dvaro\u201c knyga\"},{\"@type\":\"BreadcrumbList\",\"@id\":\"https:\\\/\\\/skaitytaknyga.lt\\\/produktas\\\/ikalinta-tamsoje-antra-uzkereto-dvaro-knyga\\\/#breadcrumb\",\"itemListElement\":[{\"@type\":\"ListItem\",\"position\":1,\"name\":\"Home\",\"item\":\"https:\\\/\\\/skaitytaknyga.lt\\\/\"},{\"@type\":\"ListItem\",\"position\":2,\"name\":\"Parduotuv\u0117\",\"item\":\"https:\\\/\\\/skaitytaknyga.lt\\\/knygu-parduotuve\\\/\"},{\"@type\":\"ListItem\",\"position\":3,\"name\":\"\u012ekalinta tamsoje. Antra \u201eU\u017eker\u0117to dvaro\u201c knyga (ma\u017eas defektas)\"}]},{\"@type\":\"WebSite\",\"@id\":\"https:\\\/\\\/skaitytaknyga.lt\\\/#website\",\"url\":\"https:\\\/\\\/skaitytaknyga.lt\\\/\",\"name\":\"skaitytaknyga.lt\",\"description\":\"Skaitytaknyga.lt \u2013 tai ma\u017eas \u0161eimos verslas, kuris prasid\u0117jo nuo meil\u0117s knygoms ir siekio i\u0161gelb\u0117ti knygas nuo likimo prie konteinerio. Kas vienam nereikalingas daiktas \u2013 kitam lobis, o mes esame tarpininkai, kurie padeda abiems tapti laimingesniems ???? \u017dinome kaip nelengva i\u0161gyventi ma\u017eiems verslams, tad nuo \u0161iol, \u010dia rasite ir kit\u0173, ma\u017e\u0173 \u0161eim\u0173 versl\u0173, rank\u0173 darbo, dovan\u0173 sau ir artimiesiems.\",\"publisher\":{\"@id\":\"https:\\\/\\\/skaitytaknyga.lt\\\/#organization\"},\"potentialAction\":[{\"@type\":\"SearchAction\",\"target\":{\"@type\":\"EntryPoint\",\"urlTemplate\":\"https:\\\/\\\/skaitytaknyga.lt\\\/?s={search_term_string}\"},\"query-input\":{\"@type\":\"PropertyValueSpecification\",\"valueRequired\":true,\"valueName\":\"search_term_string\"}}],\"inLanguage\":\"en-GB\"},{\"@type\":\"Organization\",\"@id\":\"https:\\\/\\\/skaitytaknyga.lt\\\/#organization\",\"name\":\"skaitytaknyga.lt\",\"url\":\"https:\\\/\\\/skaitytaknyga.lt\\\/\",\"logo\":{\"@type\":\"ImageObject\",\"inLanguage\":\"en-GB\",\"@id\":\"https:\\\/\\\/skaitytaknyga.lt\\\/#\\\/schema\\\/logo\\\/image\\\/\",\"url\":\"https:\\\/\\\/skaitytaknyga.lt\\\/wp-content\\\/uploads\\\/2024\\\/05\\\/cropped-cropped-cropped-02_00843_jt3bggkj1j3HLc7SyY6rEUpg.jpeg\",\"contentUrl\":\"https:\\\/\\\/skaitytaknyga.lt\\\/wp-content\\\/uploads\\\/2024\\\/05\\\/cropped-cropped-cropped-02_00843_jt3bggkj1j3HLc7SyY6rEUpg.jpeg\",\"width\":1600,\"height\":1600,\"caption\":\"skaitytaknyga.lt\"},\"image\":{\"@id\":\"https:\\\/\\\/skaitytaknyga.lt\\\/#\\\/schema\\\/logo\\\/image\\\/\"},\"sameAs\":[\"https:\\\/\\\/www.facebook.com\\\/skaitytaknyga\\\/\"]}]}<\/script>\n<!-- \/ Yoast SEO plugin. -->","yoast_head_json":{"title":"\u012ekalinta tamsoje. Antra \u201eU\u017eker\u0117to dvaro\u201c knyga (ma\u017eas defektas)","description":"Feir\u0117 ne\u017euvo Amarantos gniau\u017etuose ir gr\u012f\u017eo \u012f Pavasario Dvar\u0105, bet tai brangiai kainavo. Nors dabar ji apdovanota Did\u017ei\u0173j\u0173 F\u0117j\u0173 galiomis, \u0161irdis liko","robots":{"index":"index","follow":"follow","max-snippet":"max-snippet:-1","max-image-preview":"max-image-preview:large","max-video-preview":"max-video-preview:-1"},"canonical":"https:\/\/skaitytaknyga.lt\/en\/produktas\/ikalinta-tamsoje-antra-uzkereto-dvaro-knyga\/","og_locale":"en_GB","og_type":"article","og_title":"[:lt]\u012ekalinta tamsoje. Antra \u201eU\u017eker\u0117to dvaro\u201c knyga (ma\u017eas defektas)[:] - Skaitytaknyga","og_description":"Feir\u0117 ne\u017euvo Amarantos gniau\u017etuose ir gr\u012f\u017eo \u012f Pavasario Dvar\u0105, bet tai brangiai kainavo. Nors dabar ji apdovanota Did\u017ei\u0173j\u0173 F\u0117j\u0173 galiomis, \u0161irdis liko","og_url":"https:\/\/skaitytaknyga.lt\/en\/produktas\/ikalinta-tamsoje-antra-uzkereto-dvaro-knyga\/","og_site_name":"Skaitytaknyga","article_publisher":"https:\/\/www.facebook.com\/skaitytaknyga\/","article_modified_time":"2026-04-01T13:56:14+00:00","og_image":[{"width":403,"height":600,"url":"https:\/\/skaitytaknyga.lt\/wp-content\/uploads\/2026\/04\/Ikalinta-tamsoje.-Antra-\u201eUzkereto-dvaro-knyga.webp","type":"image\/webp"}],"twitter_card":"summary_large_image","twitter_misc":{"Estimated reading time":"1 minute"},"schema":{"@context":"https:\/\/schema.org","@graph":[{"@type":"WebPage","@id":"https:\/\/skaitytaknyga.lt\/produktas\/ikalinta-tamsoje-antra-uzkereto-dvaro-knyga\/","url":"https:\/\/skaitytaknyga.lt\/produktas\/ikalinta-tamsoje-antra-uzkereto-dvaro-knyga\/","name":"\u012ekalinta tamsoje. Antra \u201eU\u017eker\u0117to dvaro\u201c knyga (ma\u017eas defektas)","isPartOf":{"@id":"https:\/\/skaitytaknyga.lt\/#website"},"primaryImageOfPage":{"@id":"https:\/\/skaitytaknyga.lt\/produktas\/ikalinta-tamsoje-antra-uzkereto-dvaro-knyga\/#primaryimage"},"image":{"@id":"https:\/\/skaitytaknyga.lt\/produktas\/ikalinta-tamsoje-antra-uzkereto-dvaro-knyga\/#primaryimage"},"thumbnailUrl":"https:\/\/skaitytaknyga.lt\/wp-content\/uploads\/2026\/04\/Ikalinta-tamsoje.-Antra-\u201eUzkereto-dvaro-knyga.webp","datePublished":"2026-04-01T08:51:59+00:00","dateModified":"2026-04-01T13:56:14+00:00","description":"Feir\u0117 ne\u017euvo Amarantos gniau\u017etuose ir gr\u012f\u017eo \u012f Pavasario Dvar\u0105, bet tai brangiai kainavo. Nors dabar ji apdovanota Did\u017ei\u0173j\u0173 F\u0117j\u0173 galiomis, \u0161irdis liko","breadcrumb":{"@id":"https:\/\/skaitytaknyga.lt\/produktas\/ikalinta-tamsoje-antra-uzkereto-dvaro-knyga\/#breadcrumb"},"inLanguage":"en-GB","potentialAction":[{"@type":"ReadAction","target":["https:\/\/skaitytaknyga.lt\/produktas\/ikalinta-tamsoje-antra-uzkereto-dvaro-knyga\/"]}]},{"@type":"ImageObject","inLanguage":"en-GB","@id":"https:\/\/skaitytaknyga.lt\/produktas\/ikalinta-tamsoje-antra-uzkereto-dvaro-knyga\/#primaryimage","url":"https:\/\/skaitytaknyga.lt\/wp-content\/uploads\/2026\/04\/Ikalinta-tamsoje.-Antra-\u201eUzkereto-dvaro-knyga.webp","contentUrl":"https:\/\/skaitytaknyga.lt\/wp-content\/uploads\/2026\/04\/Ikalinta-tamsoje.-Antra-\u201eUzkereto-dvaro-knyga.webp","width":403,"height":600,"caption":"\u012ekalinta tamsoje. Antra \u201eU\u017eker\u0117to dvaro\u201c knyga"},{"@type":"BreadcrumbList","@id":"https:\/\/skaitytaknyga.lt\/produktas\/ikalinta-tamsoje-antra-uzkereto-dvaro-knyga\/#breadcrumb","itemListElement":[{"@type":"ListItem","position":1,"name":"Home","item":"https:\/\/skaitytaknyga.lt\/"},{"@type":"ListItem","position":2,"name":"Parduotuv\u0117","item":"https:\/\/skaitytaknyga.lt\/knygu-parduotuve\/"},{"@type":"ListItem","position":3,"name":"\u012ekalinta tamsoje. Antra \u201eU\u017eker\u0117to dvaro\u201c knyga (ma\u017eas defektas)"}]},{"@type":"WebSite","@id":"https:\/\/skaitytaknyga.lt\/#website","url":"https:\/\/skaitytaknyga.lt\/","name":"skaitytaknyga.lt","description":"Skaitytaknyga.lt \u2013 tai ma\u017eas \u0161eimos verslas, kuris prasid\u0117jo nuo meil\u0117s knygoms ir siekio i\u0161gelb\u0117ti knygas nuo likimo prie konteinerio. Kas vienam nereikalingas daiktas \u2013 kitam lobis, o mes esame tarpininkai, kurie padeda abiems tapti laimingesniems ???? \u017dinome kaip nelengva i\u0161gyventi ma\u017eiems verslams, tad nuo \u0161iol, \u010dia rasite ir kit\u0173, ma\u017e\u0173 \u0161eim\u0173 versl\u0173, rank\u0173 darbo, dovan\u0173 sau ir artimiesiems.","publisher":{"@id":"https:\/\/skaitytaknyga.lt\/#organization"},"potentialAction":[{"@type":"SearchAction","target":{"@type":"EntryPoint","urlTemplate":"https:\/\/skaitytaknyga.lt\/?s={search_term_string}"},"query-input":{"@type":"PropertyValueSpecification","valueRequired":true,"valueName":"search_term_string"}}],"inLanguage":"en-GB"},{"@type":"Organization","@id":"https:\/\/skaitytaknyga.lt\/#organization","name":"skaitytaknyga.lt","url":"https:\/\/skaitytaknyga.lt\/","logo":{"@type":"ImageObject","inLanguage":"en-GB","@id":"https:\/\/skaitytaknyga.lt\/#\/schema\/logo\/image\/","url":"https:\/\/skaitytaknyga.lt\/wp-content\/uploads\/2024\/05\/cropped-cropped-cropped-02_00843_jt3bggkj1j3HLc7SyY6rEUpg.jpeg","contentUrl":"https:\/\/skaitytaknyga.lt\/wp-content\/uploads\/2024\/05\/cropped-cropped-cropped-02_00843_jt3bggkj1j3HLc7SyY6rEUpg.jpeg","width":1600,"height":1600,"caption":"skaitytaknyga.lt"},"image":{"@id":"https:\/\/skaitytaknyga.lt\/#\/schema\/logo\/image\/"},"sameAs":["https:\/\/www.facebook.com\/skaitytaknyga\/"]}]}},"_links":{"self":[{"href":"https:\/\/skaitytaknyga.lt\/en\/wp-json\/wp\/v2\/product\/25358","targetHints":{"allow":["GET"]}}],"collection":[{"href":"https:\/\/skaitytaknyga.lt\/en\/wp-json\/wp\/v2\/product"}],"about":[{"href":"https:\/\/skaitytaknyga.lt\/en\/wp-json\/wp\/v2\/types\/product"}],"replies":[{"embeddable":true,"href":"https:\/\/skaitytaknyga.lt\/en\/wp-json\/wp\/v2\/comments?post=25358"}],"wp:featuredmedia":[{"embeddable":true,"href":"https:\/\/skaitytaknyga.lt\/en\/wp-json\/wp\/v2\/media\/25366"}],"wp:attachment":[{"href":"https:\/\/skaitytaknyga.lt\/en\/wp-json\/wp\/v2\/media?parent=25358"}],"wp:term":[{"taxonomy":"product_brand","embeddable":true,"href":"https:\/\/skaitytaknyga.lt\/en\/wp-json\/wp\/v2\/product_brand?post=25358"},{"taxonomy":"product_cat","embeddable":true,"href":"https:\/\/skaitytaknyga.lt\/en\/wp-json\/wp\/v2\/product_cat?post=25358"},{"taxonomy":"product_tag","embeddable":true,"href":"https:\/\/skaitytaknyga.lt\/en\/wp-json\/wp\/v2\/product_tag?post=25358"}],"curies":[{"name":"wp","href":"https:\/\/api.w.org\/{rel}","templated":true}]}}