{"id":25357,"date":"2026-04-01T11:51:58","date_gmt":"2026-04-01T08:51:58","guid":{"rendered":"https:\/\/skaitytaknyga.lt\/?post_type=product&#038;p=25357"},"modified":"2026-04-01T16:56:14","modified_gmt":"2026-04-01T13:56:14","slug":"karaliai-myli-kitaip","status":"publish","type":"product","link":"https:\/\/skaitytaknyga.lt\/en\/produktas\/karaliai-myli-kitaip\/","title":{"rendered":"Karaliai myli kitaip"},"content":{"rendered":"<p>D\u0117l meil\u0117s, skirtingai nei d\u0117l kar\u016bnos, klasta nepakovosi.<\/p>\n<p>Princas Edvardas \u012fsimyli Adel\u0119, d\u0117l jo galv\u0105 pametusi\u0105 geriausio draugo nuotak\u0105. Jos t\u0117vas despoti\u0161kasis karalius Albrechtas neken\u010dia princo.<\/p>\n<p>Albrechto s\u016bnus Rikardas dega vieninteliu noru \u2013 kad at\u0161iaurus t\u0117vas \u012ftraukt\u0173 j\u012f \u012f kar\u016bnos paveld\u0117toj\u0173 s\u0105ra\u0161\u0105. T\u0117vas sutinka tai padaryti, jeigu intrigomis gars\u0117jantis s\u016bnus jo mirtino prie\u0161o Lyros karaliaus dukr\u0105 Lyj\u0105 supir\u0161 su Edvardu. Netik\u0117tai Rikardas supranta, kad pats geid\u017eia karalait\u0117s.<\/p>\n<p>Gra\u017euol\u0117 Lyja atstumia visus jaunikius, kuri\u0173 si\u016bloma kariuomen\u0117 ar turtai pad\u0117t\u0173 laim\u0117ti ilgame\u010dius karus. Ji tiki prana\u0161yste, jog pati yra Lyros gelb\u0117toja, o jai pad\u0117s \u017daibo \u017dmogus, u\u017e kurio ir i\u0161tek\u0117s. Ta\u010diau kas yra \u017daibo \u017dmogus? Tiksliau tariant, kuris i\u0161 j\u0173 yra tikrasis?<\/p>\n<p>Herojai nuolat priversti rinktis, paklusti \u0161altam protui ir pareigai ar visgi klausyti \u0161irdies. Juk jeigu karaliai negali tuoktis i\u0161 meil\u0117s, k\u0105 jie apskritai gali?<\/p>\n","protected":false},"excerpt":{"rendered":"<p>D\u0117l meil\u0117s, skirtingai nei d\u0117l kar\u016bnos, klasta nepakovosi. Princas Edvardas \u012fsimyli Adel\u0119, d\u0117l jo galv\u0105 pametusi\u0105 geriausio draugo nuotak\u0105. Jos t\u0117vas despoti\u0161kasis karalius Albrechtas neken\u010dia princo. Albrechto s\u016bnus Rikardas dega vieninteliu noru \u2013 kad at\u0161iaurus t\u0117vas \u012ftraukt\u0173 j\u012f \u012f kar\u016bnos paveld\u0117toj\u0173 s\u0105ra\u0161\u0105. T\u0117vas sutinka tai padaryti, jeigu intrigomis gars\u0117jantis s\u016bnus jo mirtino prie\u0161o Lyros karaliaus dukr\u0105 Lyj\u0105 supir\u0161 su Edvardu. Netik\u0117tai Rikardas supranta, kad pats geid\u017eia karalait\u0117s. Gra\u017euol\u0117 Lyja atstumia visus jaunikius, kuri\u0173 si\u016bloma kariuomen\u0117 ar turtai pad\u0117t\u0173 laim\u0117ti ilgame\u010dius karus. Ji tiki prana\u0161yste, jog pati yra Lyros gelb\u0117toja, o jai pad\u0117s \u017daibo \u017dmogus, u\u017e kurio ir i\u0161tek\u0117s. Ta\u010diau kas yra \u017daibo \u017dmogus? Tiksliau tariant, kuris i\u0161 j\u0173 yra tikrasis? Herojai nuolat priversti rinktis, paklusti \u0161altam protui ir pareigai ar visgi klausyti \u0161irdies. Juk jeigu karaliai negali tuoktis i\u0161 meil\u0117s, k\u0105 jie apskritai gali?<\/p>\n","protected":false},"featured_media":25367,"comment_status":"open","ping_status":"closed","template":"","meta":{"_acf_changed":false,"site-sidebar-layout":"default","site-content-layout":"","ast-site-content-layout":"default","site-content-style":"default","site-sidebar-style":"default","ast-global-header-display":"","ast-banner-title-visibility":"","ast-main-header-display":"","ast-hfb-above-header-display":"","ast-hfb-below-header-display":"","ast-hfb-mobile-header-display":"","site-post-title":"","ast-breadcrumbs-content":"","ast-featured-img":"","footer-sml-layout":"","ast-disable-related-posts":"","theme-transparent-header-meta":"","adv-header-id-meta":"","stick-header-meta":"","header-above-stick-meta":"","header-main-stick-meta":"","header-below-stick-meta":"","astra-migrate-meta-layouts":"default","ast-page-background-enabled":"default","ast-page-background-meta":{"desktop":{"background-color":"","background-image":"","background-repeat":"repeat","background-position":"center center","background-size":"auto","background-attachment":"scroll","background-type":"","background-media":"","overlay-type":"","overlay-color":"","overlay-opacity":"","overlay-gradient":""},"tablet":{"background-color":"","background-image":"","background-repeat":"repeat","background-position":"center center","background-size":"auto","background-attachment":"scroll","background-type":"","background-media":"","overlay-type":"","overlay-color":"","overlay-opacity":"","overlay-gradient":""},"mobile":{"background-color":"","background-image":"","background-repeat":"repeat","background-position":"center center","background-size":"auto","background-attachment":"scroll","background-type":"","background-media":"","overlay-type":"","overlay-color":"","overlay-opacity":"","overlay-gradient":""}},"ast-content-background-meta":{"desktop":{"background-color":"var(--ast-global-color-4)","background-image":"","background-repeat":"repeat","background-position":"center center","background-size":"auto","background-attachment":"scroll","background-type":"","background-media":"","overlay-type":"","overlay-color":"","overlay-opacity":"","overlay-gradient":""},"tablet":{"background-color":"var(--ast-global-color-4)","background-image":"","background-repeat":"repeat","background-position":"center center","background-size":"auto","background-attachment":"scroll","background-type":"","background-media":"","overlay-type":"","overlay-color":"","overlay-opacity":"","overlay-gradient":""},"mobile":{"background-color":"var(--ast-global-color-4)","background-image":"","background-repeat":"repeat","background-position":"center center","background-size":"auto","background-attachment":"scroll","background-type":"","background-media":"","overlay-type":"","overlay-color":"","overlay-opacity":"","overlay-gradient":""}}},"product_brand":[],"product_cat":[9618],"product_tag":[],"class_list":{"0":"post-25357","1":"product","2":"type-product","3":"status-publish","4":"has-post-thumbnail","6":"product_cat-istoriniai-romanai","7":"desktop-align-left","8":"tablet-align-left","9":"mobile-align-left","11":"first","12":"instock","13":"shipping-taxable","14":"purchasable","15":"product-type-simple"},"acf":[],"yoast_head":"<!-- This site is optimized with the Yoast SEO plugin v27.0 - https:\/\/yoast.com\/product\/yoast-seo-wordpress\/ -->\n<title>Karaliai myli kitaip<\/title>\n<meta name=\"description\" content=\"D\u0117l meil\u0117s, skirtingai nei d\u0117l kar\u016bnos, klasta nepakovosi. Princas Edvardas \u012fsimyli Adel\u0119, d\u0117l jo galv\u0105 pametusi\u0105 geriausio draugo nuotak\u0105. Jos t\u0117vas\" \/>\n<meta name=\"robots\" content=\"index, follow, max-snippet:-1, max-image-preview:large, max-video-preview:-1\" \/>\n<link rel=\"canonical\" href=\"https:\/\/skaitytaknyga.lt\/en\/produktas\/karaliai-myli-kitaip\/\" \/>\n<meta property=\"og:locale\" content=\"en_GB\" \/>\n<meta property=\"og:locale:alternate\" content=\"lt_LT\" \/>\n<meta property=\"og:type\" content=\"article\" \/>\n<meta property=\"og:title\" content=\"Karaliai myli kitaip\" \/>\n<meta property=\"og:description\" content=\"D\u0117l meil\u0117s, skirtingai nei d\u0117l kar\u016bnos, klasta nepakovosi. Princas Edvardas \u012fsimyli Adel\u0119, d\u0117l jo galv\u0105 pametusi\u0105 geriausio draugo nuotak\u0105. Jos t\u0117vas\" \/>\n<meta property=\"og:url\" content=\"https:\/\/skaitytaknyga.lt\/en\/produktas\/karaliai-myli-kitaip\/\" \/>\n<meta property=\"og:site_name\" content=\"Skaitytaknyga\" \/>\n<meta property=\"article:publisher\" content=\"https:\/\/www.facebook.com\/skaitytaknyga\/\" \/>\n<meta property=\"article:modified_time\" content=\"2026-04-01T13:56:14+00:00\" \/>\n<meta property=\"og:image\" content=\"https:\/\/skaitytaknyga.lt\/wp-content\/uploads\/2026\/04\/Karaliai-myli-kitaip-e1775036837962.webp\" \/>\n\t<meta property=\"og:image:width\" content=\"270\" \/>\n\t<meta property=\"og:image:height\" content=\"396\" \/>\n\t<meta property=\"og:image:type\" content=\"image\/webp\" \/>\n<meta name=\"twitter:card\" content=\"summary_large_image\" \/>\n<meta name=\"twitter:label1\" content=\"Estimated reading time\" \/>\n\t<meta name=\"twitter:data1\" content=\"1 minute\" \/>\n<script type=\"application\/ld+json\" class=\"yoast-schema-graph\">{\"@context\":\"https:\/\/schema.org\",\"@graph\":[{\"@type\":\"WebPage\",\"@id\":\"https:\/\/skaitytaknyga.lt\/produktas\/karaliai-myli-kitaip\/\",\"url\":\"https:\/\/skaitytaknyga.lt\/produktas\/karaliai-myli-kitaip\/\",\"name\":\"Karaliai myli kitaip\",\"isPartOf\":{\"@id\":\"https:\/\/skaitytaknyga.lt\/#website\"},\"primaryImageOfPage\":{\"@id\":\"https:\/\/skaitytaknyga.lt\/produktas\/karaliai-myli-kitaip\/#primaryimage\"},\"image\":{\"@id\":\"https:\/\/skaitytaknyga.lt\/produktas\/karaliai-myli-kitaip\/#primaryimage\"},\"thumbnailUrl\":\"https:\/\/skaitytaknyga.lt\/wp-content\/uploads\/2026\/04\/Karaliai-myli-kitaip-e1775036837962.webp\",\"datePublished\":\"2026-04-01T08:51:58+00:00\",\"dateModified\":\"2026-04-01T13:56:14+00:00\",\"description\":\"D\u0117l meil\u0117s, skirtingai nei d\u0117l kar\u016bnos, klasta nepakovosi. Princas Edvardas \u012fsimyli Adel\u0119, d\u0117l jo galv\u0105 pametusi\u0105 geriausio draugo nuotak\u0105. Jos t\u0117vas\",\"breadcrumb\":{\"@id\":\"https:\/\/skaitytaknyga.lt\/produktas\/karaliai-myli-kitaip\/#breadcrumb\"},\"inLanguage\":\"en-GB\",\"potentialAction\":[{\"@type\":\"ReadAction\",\"target\":[\"https:\/\/skaitytaknyga.lt\/produktas\/karaliai-myli-kitaip\/\"]}]},{\"@type\":\"ImageObject\",\"inLanguage\":\"en-GB\",\"@id\":\"https:\/\/skaitytaknyga.lt\/produktas\/karaliai-myli-kitaip\/#primaryimage\",\"url\":\"https:\/\/skaitytaknyga.lt\/wp-content\/uploads\/2026\/04\/Karaliai-myli-kitaip-e1775036837962.webp\",\"contentUrl\":\"https:\/\/skaitytaknyga.lt\/wp-content\/uploads\/2026\/04\/Karaliai-myli-kitaip-e1775036837962.webp\",\"width\":270,\"height\":396,\"caption\":\"Karaliai myli kitaip\"},{\"@type\":\"BreadcrumbList\",\"@id\":\"https:\/\/skaitytaknyga.lt\/produktas\/karaliai-myli-kitaip\/#breadcrumb\",\"itemListElement\":[{\"@type\":\"ListItem\",\"position\":1,\"name\":\"Home\",\"item\":\"https:\/\/skaitytaknyga.lt\/\"},{\"@type\":\"ListItem\",\"position\":2,\"name\":\"Parduotuv\u0117\",\"item\":\"https:\/\/skaitytaknyga.lt\/knygu-parduotuve\/\"},{\"@type\":\"ListItem\",\"position\":3,\"name\":\"Karaliai myli kitaip\"}]},{\"@type\":\"WebSite\",\"@id\":\"https:\/\/skaitytaknyga.lt\/#website\",\"url\":\"https:\/\/skaitytaknyga.lt\/\",\"name\":\"skaitytaknyga.lt\",\"description\":\"Skaitytaknyga.lt \u2013 tai ma\u017eas \u0161eimos verslas, kuris prasid\u0117jo nuo meil\u0117s knygoms ir siekio i\u0161gelb\u0117ti knygas nuo likimo prie konteinerio. Kas vienam nereikalingas daiktas \u2013 kitam lobis, o mes esame tarpininkai, kurie padeda abiems tapti laimingesniems ???? \u017dinome kaip nelengva i\u0161gyventi ma\u017eiems verslams, tad nuo \u0161iol, \u010dia rasite ir kit\u0173, ma\u017e\u0173 \u0161eim\u0173 versl\u0173, rank\u0173 darbo, dovan\u0173 sau ir artimiesiems.\",\"publisher\":{\"@id\":\"https:\/\/skaitytaknyga.lt\/#organization\"},\"potentialAction\":[{\"@type\":\"SearchAction\",\"target\":{\"@type\":\"EntryPoint\",\"urlTemplate\":\"https:\/\/skaitytaknyga.lt\/?s={search_term_string}\"},\"query-input\":{\"@type\":\"PropertyValueSpecification\",\"valueRequired\":true,\"valueName\":\"search_term_string\"}}],\"inLanguage\":\"en-GB\"},{\"@type\":\"Organization\",\"@id\":\"https:\/\/skaitytaknyga.lt\/#organization\",\"name\":\"skaitytaknyga.lt\",\"url\":\"https:\/\/skaitytaknyga.lt\/\",\"logo\":{\"@type\":\"ImageObject\",\"inLanguage\":\"en-GB\",\"@id\":\"https:\/\/skaitytaknyga.lt\/#\/schema\/logo\/image\/\",\"url\":\"https:\/\/skaitytaknyga.lt\/wp-content\/uploads\/2024\/05\/cropped-cropped-cropped-02_00843_jt3bggkj1j3HLc7SyY6rEUpg.jpeg\",\"contentUrl\":\"https:\/\/skaitytaknyga.lt\/wp-content\/uploads\/2024\/05\/cropped-cropped-cropped-02_00843_jt3bggkj1j3HLc7SyY6rEUpg.jpeg\",\"width\":1600,\"height\":1600,\"caption\":\"skaitytaknyga.lt\"},\"image\":{\"@id\":\"https:\/\/skaitytaknyga.lt\/#\/schema\/logo\/image\/\"},\"sameAs\":[\"https:\/\/www.facebook.com\/skaitytaknyga\/\"]}]}<\/script>\n<!-- \/ Yoast SEO plugin. -->","yoast_head_json":{"title":"Karaliai myli kitaip","description":"D\u0117l meil\u0117s, skirtingai nei d\u0117l kar\u016bnos, klasta nepakovosi. Princas Edvardas \u012fsimyli Adel\u0119, d\u0117l jo galv\u0105 pametusi\u0105 geriausio draugo nuotak\u0105. Jos t\u0117vas","robots":{"index":"index","follow":"follow","max-snippet":"max-snippet:-1","max-image-preview":"max-image-preview:large","max-video-preview":"max-video-preview:-1"},"canonical":"https:\/\/skaitytaknyga.lt\/en\/produktas\/karaliai-myli-kitaip\/","og_locale":"en_GB","og_type":"article","og_title":"[:lt]Karaliai myli kitaip[:] - Skaitytaknyga","og_description":"D\u0117l meil\u0117s, skirtingai nei d\u0117l kar\u016bnos, klasta nepakovosi. Princas Edvardas \u012fsimyli Adel\u0119, d\u0117l jo galv\u0105 pametusi\u0105 geriausio draugo nuotak\u0105. Jos t\u0117vas","og_url":"https:\/\/skaitytaknyga.lt\/en\/produktas\/karaliai-myli-kitaip\/","og_site_name":"Skaitytaknyga","article_publisher":"https:\/\/www.facebook.com\/skaitytaknyga\/","article_modified_time":"2026-04-01T13:56:14+00:00","og_image":[{"width":270,"height":396,"url":"https:\/\/skaitytaknyga.lt\/wp-content\/uploads\/2026\/04\/Karaliai-myli-kitaip-e1775036837962.webp","type":"image\/webp"}],"twitter_card":"summary_large_image","twitter_misc":{"Estimated reading time":"1 minute"},"schema":{"@context":"https:\/\/schema.org","@graph":[{"@type":"WebPage","@id":"https:\/\/skaitytaknyga.lt\/produktas\/karaliai-myli-kitaip\/","url":"https:\/\/skaitytaknyga.lt\/produktas\/karaliai-myli-kitaip\/","name":"Karaliai myli kitaip","isPartOf":{"@id":"https:\/\/skaitytaknyga.lt\/#website"},"primaryImageOfPage":{"@id":"https:\/\/skaitytaknyga.lt\/produktas\/karaliai-myli-kitaip\/#primaryimage"},"image":{"@id":"https:\/\/skaitytaknyga.lt\/produktas\/karaliai-myli-kitaip\/#primaryimage"},"thumbnailUrl":"https:\/\/skaitytaknyga.lt\/wp-content\/uploads\/2026\/04\/Karaliai-myli-kitaip-e1775036837962.webp","datePublished":"2026-04-01T08:51:58+00:00","dateModified":"2026-04-01T13:56:14+00:00","description":"D\u0117l meil\u0117s, skirtingai nei d\u0117l kar\u016bnos, klasta nepakovosi. Princas Edvardas \u012fsimyli Adel\u0119, d\u0117l jo galv\u0105 pametusi\u0105 geriausio draugo nuotak\u0105. Jos t\u0117vas","breadcrumb":{"@id":"https:\/\/skaitytaknyga.lt\/produktas\/karaliai-myli-kitaip\/#breadcrumb"},"inLanguage":"en-GB","potentialAction":[{"@type":"ReadAction","target":["https:\/\/skaitytaknyga.lt\/produktas\/karaliai-myli-kitaip\/"]}]},{"@type":"ImageObject","inLanguage":"en-GB","@id":"https:\/\/skaitytaknyga.lt\/produktas\/karaliai-myli-kitaip\/#primaryimage","url":"https:\/\/skaitytaknyga.lt\/wp-content\/uploads\/2026\/04\/Karaliai-myli-kitaip-e1775036837962.webp","contentUrl":"https:\/\/skaitytaknyga.lt\/wp-content\/uploads\/2026\/04\/Karaliai-myli-kitaip-e1775036837962.webp","width":270,"height":396,"caption":"Karaliai myli kitaip"},{"@type":"BreadcrumbList","@id":"https:\/\/skaitytaknyga.lt\/produktas\/karaliai-myli-kitaip\/#breadcrumb","itemListElement":[{"@type":"ListItem","position":1,"name":"Home","item":"https:\/\/skaitytaknyga.lt\/"},{"@type":"ListItem","position":2,"name":"Parduotuv\u0117","item":"https:\/\/skaitytaknyga.lt\/knygu-parduotuve\/"},{"@type":"ListItem","position":3,"name":"Karaliai myli kitaip"}]},{"@type":"WebSite","@id":"https:\/\/skaitytaknyga.lt\/#website","url":"https:\/\/skaitytaknyga.lt\/","name":"skaitytaknyga.lt","description":"Skaitytaknyga.lt \u2013 tai ma\u017eas \u0161eimos verslas, kuris prasid\u0117jo nuo meil\u0117s knygoms ir siekio i\u0161gelb\u0117ti knygas nuo likimo prie konteinerio. Kas vienam nereikalingas daiktas \u2013 kitam lobis, o mes esame tarpininkai, kurie padeda abiems tapti laimingesniems ???? \u017dinome kaip nelengva i\u0161gyventi ma\u017eiems verslams, tad nuo \u0161iol, \u010dia rasite ir kit\u0173, ma\u017e\u0173 \u0161eim\u0173 versl\u0173, rank\u0173 darbo, dovan\u0173 sau ir artimiesiems.","publisher":{"@id":"https:\/\/skaitytaknyga.lt\/#organization"},"potentialAction":[{"@type":"SearchAction","target":{"@type":"EntryPoint","urlTemplate":"https:\/\/skaitytaknyga.lt\/?s={search_term_string}"},"query-input":{"@type":"PropertyValueSpecification","valueRequired":true,"valueName":"search_term_string"}}],"inLanguage":"en-GB"},{"@type":"Organization","@id":"https:\/\/skaitytaknyga.lt\/#organization","name":"skaitytaknyga.lt","url":"https:\/\/skaitytaknyga.lt\/","logo":{"@type":"ImageObject","inLanguage":"en-GB","@id":"https:\/\/skaitytaknyga.lt\/#\/schema\/logo\/image\/","url":"https:\/\/skaitytaknyga.lt\/wp-content\/uploads\/2024\/05\/cropped-cropped-cropped-02_00843_jt3bggkj1j3HLc7SyY6rEUpg.jpeg","contentUrl":"https:\/\/skaitytaknyga.lt\/wp-content\/uploads\/2024\/05\/cropped-cropped-cropped-02_00843_jt3bggkj1j3HLc7SyY6rEUpg.jpeg","width":1600,"height":1600,"caption":"skaitytaknyga.lt"},"image":{"@id":"https:\/\/skaitytaknyga.lt\/#\/schema\/logo\/image\/"},"sameAs":["https:\/\/www.facebook.com\/skaitytaknyga\/"]}]}},"_links":{"self":[{"href":"https:\/\/skaitytaknyga.lt\/en\/wp-json\/wp\/v2\/product\/25357","targetHints":{"allow":["GET"]}}],"collection":[{"href":"https:\/\/skaitytaknyga.lt\/en\/wp-json\/wp\/v2\/product"}],"about":[{"href":"https:\/\/skaitytaknyga.lt\/en\/wp-json\/wp\/v2\/types\/product"}],"replies":[{"embeddable":true,"href":"https:\/\/skaitytaknyga.lt\/en\/wp-json\/wp\/v2\/comments?post=25357"}],"wp:featuredmedia":[{"embeddable":true,"href":"https:\/\/skaitytaknyga.lt\/en\/wp-json\/wp\/v2\/media\/25367"}],"wp:attachment":[{"href":"https:\/\/skaitytaknyga.lt\/en\/wp-json\/wp\/v2\/media?parent=25357"}],"wp:term":[{"taxonomy":"product_brand","embeddable":true,"href":"https:\/\/skaitytaknyga.lt\/en\/wp-json\/wp\/v2\/product_brand?post=25357"},{"taxonomy":"product_cat","embeddable":true,"href":"https:\/\/skaitytaknyga.lt\/en\/wp-json\/wp\/v2\/product_cat?post=25357"},{"taxonomy":"product_tag","embeddable":true,"href":"https:\/\/skaitytaknyga.lt\/en\/wp-json\/wp\/v2\/product_tag?post=25357"}],"curies":[{"name":"wp","href":"https:\/\/api.w.org\/{rel}","templated":true}]}}